{"id":78,"date":"2022-05-10T20:33:06","date_gmt":"2022-05-10T19:33:06","guid":{"rendered":"https:\/\/gp-inbound.wordifysites.com\/?page_id=78"},"modified":"2024-07-20T16:28:52","modified_gmt":"2024-07-20T16:28:52","slug":"about-us","status":"publish","type":"page","link":"https:\/\/aiartfree.online\/tr\/hakkimizda\/","title":{"rendered":"Hakk\u0131m\u0131zda"},"content":{"rendered":"<section class=\"gb-container gb-container-8cf8b04f\">\n<div class=\"gb-container gb-container-dfac1555\">\n\n<h2 class=\"gb-headline gb-headline-608020c5 gb-headline-text\">Son Teknoloji Yapay Zeka Sanat Ara\u00e7lar\u0131 ile Yarat\u0131c\u0131l\u0131\u011f\u0131 Ortaya \u00c7\u0131karmak<\/h2>\n\n\n\n<p class=\"gb-headline gb-headline-7330c428 gb-headline-text\">Yarat\u0131c\u0131l\u0131\u011f\u0131n en son teknolojiyle bulu\u015ftu\u011fu Free AI Art Generator'a ho\u015f geldiniz. Platformumuz, metin istemlerinizi \u00e7arp\u0131c\u0131, canl\u0131 sanat eserlerine d\u00f6n\u00fc\u015ft\u00fcrmek i\u00e7in son teknoloji yapay zeka algoritmalar\u0131n\u0131n ve \u00fcretken yapay zekan\u0131n g\u00fcc\u00fcnden yararlan\u0131r. <\/p>\n\n\n\n<p class=\"\">Misyonumuz, kullan\u0131c\u0131lar\u0131n zahmetsizce yapay zeka taraf\u0131ndan \u00fcretilen g\u00f6r\u00fcnt\u00fcler olu\u015fturmas\u0131na ve sanatta yapay zekan\u0131n potansiyelini ke\u015ffetmesine olanak tan\u0131yan \u00fccretsiz, yapay zeka destekli bir ara\u00e7 paketi sunarak sanat yarat\u0131m\u0131n\u0131 demokratikle\u015ftirmektir. \u0130ster deneyimli bir sanat\u00e7\u0131 ister merakl\u0131 bir acemi olun, ara\u00e7lar\u0131m\u0131z yarat\u0131c\u0131 s\u00fcrecinizi geli\u015ftirmek i\u00e7in tasarlanm\u0131\u015ft\u0131r ve sorunsuz bir kullan\u0131c\u0131 deneyimi ile y\u00fcksek kaliteli sonu\u00e7lar sunar. <\/p>\n\n\n\n<p class=\"\">Toplulu\u011fumuza kat\u0131l\u0131n ve hayal g\u00fcc\u00fc ile teknolojinin bir araya geldi\u011fi Free AI Art Generator ile sanat\u0131n gelece\u011fini ke\u015ffedin.<\/p>\n\n<\/div>\n\n<div class=\"gb-container gb-container-49e56edb\">\n\n<figure class=\"gb-block-image gb-block-image-ad6d2ba8\"><img data-recalc-dims=\"1\" decoding=\"async\" loading=\"lazy\" width=\"600\" height=\"430\" class=\"gb-image gb-image-ad6d2ba8\" src=\"https:\/\/i0.wp.com\/aiartfree.online\/wp-content\/uploads\/2024\/07\/work-stay-at-home-illustration-man-with-computer-6VFUTBK-1.png?resize=600%2C430&#038;ssl=1\" alt=\"\u00dccretsiz AI Sanat Olu\u015fturucu\" title=\"work-stay-at-home-illustration-man-with-computer-6VFUTBK-1.png\" srcset=\"https:\/\/i0.wp.com\/aiartfree.online\/wp-content\/uploads\/2024\/07\/work-stay-at-home-illustration-man-with-computer-6VFUTBK-1.png?w=600&amp;ssl=1 600w, https:\/\/i0.wp.com\/aiartfree.online\/wp-content\/uploads\/2024\/07\/work-stay-at-home-illustration-man-with-computer-6VFUTBK-1.png?resize=300%2C215&amp;ssl=1 300w, https:\/\/i0.wp.com\/aiartfree.online\/wp-content\/uploads\/2024\/07\/work-stay-at-home-illustration-man-with-computer-6VFUTBK-1.png?resize=18%2C12&amp;ssl=1 18w\" sizes=\"auto, (max-width: 600px) 100vw, 600px\" \/><\/figure>\n\n<\/div>\n<\/section>\n\n<section class=\"gb-container gb-container-e4cc5e2c\">\n<div class=\"gb-container gb-container-3ceba49d\">\n<div class=\"gb-container gb-container-c05d1bd2\">\n\n<p class=\"\"> <\/p>\n\n<\/div>\n\n<div class=\"gb-container gb-container-e687e67e\">\n\n<h2 class=\"gb-headline gb-headline-c10d1bd9 gb-headline-text\">Neden bizi se\u00e7melisiniz<\/h2>\n\n\n\n<p class=\"gb-headline gb-headline-3ace5b05 gb-headline-text\">Free AI Art Generator'da, y\u00fcksek kaliteli AI sanat eserleri olu\u015fturmak i\u00e7in ola\u011fan\u00fcst\u00fc bir yarat\u0131c\u0131 platform sa\u011fl\u0131yoruz. \u0130\u015fte hizmetimizin \u00f6ne \u00e7\u0131kmas\u0131n\u0131n nedeni:<\/p>\n\n\n<div class=\"gb-container gb-container-2d10fbab\">\n<div class=\"gb-container gb-container-e7e2767f\">\n\n<div class=\"gb-headline gb-headline-4a6740d2\"><span class=\"gb-icon\"><svg xmlns=\"http:\/\/www.w3.org\/2000\/svg\" viewbox=\"0 0 512 512\" width=\"1em\" height=\"1em\" aria-hidden=\"true\"><path d=\"M173.898 439.404l-166.4-166.4c-9.997-9.997-9.997-26.206 0-36.204l36.203-36.204c9.997-9.998 26.207-9.998 36.204 0L192 312.69 432.095 72.596c9.997-9.997 26.207-9.997 36.204 0l36.203 36.204c9.997 9.997 9.997 26.206 0 36.204l-294.4 294.401c-9.998 9.997-26.207 9.997-36.204-.001z\" fill=\"currentColor\"><\/path><\/svg><\/span><\/div>\n\n<\/div>\n\n<div class=\"gb-container gb-container-0304ef5f\">\n\n<p class=\"gb-headline gb-headline-624d17cc gb-headline-text\">Geli\u015fmi\u015f Yapay Zeka Teknolojisi<\/p>\n\n\n\n<p class=\"gb-headline gb-headline-6875360d gb-headline-text\">Ara\u00e7lar\u0131m\u0131z, metin komutlar\u0131n\u0131 canl\u0131, yapay zeka ile olu\u015fturulmu\u015f g\u00f6r\u00fcnt\u00fclere d\u00f6n\u00fc\u015ft\u00fcrmek i\u00e7in son teknoloji yapay zeka algoritmalar\u0131n\u0131 ve \u00fcretken yapay zekay\u0131 kullan\u0131r. \u0130nce ayar ve sabit dif\u00fczyon gibi \u00f6zelliklerle, kolayl\u0131kla \u00e7arp\u0131c\u0131, ayr\u0131nt\u0131l\u0131 \u00e7izimler olu\u015fturabilirsiniz.<\/p>\n\n<\/div>\n<\/div>\n\n<div class=\"gb-container gb-container-42092c04\">\n<div class=\"gb-container gb-container-71ee177a\">\n\n<div class=\"gb-headline gb-headline-36fc3e3e\"><span class=\"gb-icon\"><svg xmlns=\"http:\/\/www.w3.org\/2000\/svg\" viewbox=\"0 0 512 512\" width=\"1em\" height=\"1em\" aria-hidden=\"true\"><path d=\"M173.898 439.404l-166.4-166.4c-9.997-9.997-9.997-26.206 0-36.204l36.203-36.204c9.997-9.998 26.207-9.998 36.204 0L192 312.69 432.095 72.596c9.997-9.997 26.207-9.997 36.204 0l36.203 36.204c9.997 9.997 9.997 26.206 0 36.204l-294.4 294.401c-9.998 9.997-26.207 9.997-36.204-.001z\" fill=\"currentColor\"><\/path><\/svg><\/span><\/div>\n\n<\/div>\n\n<div class=\"gb-container gb-container-bb23dd8a\">\n\n<p class=\"gb-headline gb-headline-11e332ea gb-headline-text\">Kullan\u0131c\u0131 Dostu Deneyim<\/p>\n\n\n\n<p class=\"gb-headline gb-headline-1433451e gb-headline-text\">Kullan\u0131c\u0131 deneyimi g\u00f6z \u00f6n\u00fcnde bulundurularak tasarlanan platformumuz, girdiden son g\u00f6r\u00fcnt\u00fcye kadar sorunsuz bir s\u00fcre\u00e7 sa\u011flar. \u0130ster profesyonel bir sanat\u00e7\u0131 ister yeni ba\u015flayan biri olun, yapay zeka destekli sanat ara\u00e7lar\u0131m\u0131z\u0131 sezgisel ve eri\u015filebilir bulacaks\u0131n\u0131z.<\/p>\n\n<\/div>\n<\/div>\n\n<div class=\"gb-container gb-container-6a2056be\">\n<div class=\"gb-container gb-container-aade45e2\">\n\n<div class=\"gb-headline gb-headline-87d36e38\"><span class=\"gb-icon\"><svg xmlns=\"http:\/\/www.w3.org\/2000\/svg\" viewbox=\"0 0 512 512\" width=\"1em\" height=\"1em\" aria-hidden=\"true\"><path d=\"M173.898 439.404l-166.4-166.4c-9.997-9.997-9.997-26.206 0-36.204l36.203-36.204c9.997-9.998 26.207-9.998 36.204 0L192 312.69 432.095 72.596c9.997-9.997 26.207-9.997 36.204 0l36.203 36.204c9.997 9.997 9.997 26.206 0 36.204l-294.4 294.401c-9.998 9.997-26.207 9.997-36.204-.001z\" fill=\"currentColor\"><\/path><\/svg><\/span><\/div>\n\n<\/div>\n\n<div class=\"gb-container gb-container-07d4fbf6\">\n\n<p class=\"gb-headline gb-headline-d1c00e48 gb-headline-text\">\u00dccretsiz ve Eri\u015filebilir<\/p>\n\n\n\n<p class=\"gb-headline gb-headline-3a9ff30b gb-headline-text\">Son teknoloji sanat ara\u00e7lar\u0131m\u0131z\u0131 \u00fccretsiz olarak sunarak sanatta yapay zekan\u0131n potansiyelini hi\u00e7bir \u00fccret \u00f6demeden ke\u015ffetmenizi sa\u011fl\u0131yoruz. Yapay zeka ile olu\u015fturdu\u011funuz eserlerinizi sosyal medyada payla\u015f\u0131n ve y\u00fcksek kaliteli, \u00fccretsiz yapay zeka sanat\u0131n\u0131n avantajlar\u0131ndan yararlan\u0131n.<\/p>\n\n<\/div>\n<\/div>\n<\/div>\n<\/div>\n<\/section>","protected":false},"excerpt":{"rendered":"<p>Unleashing Creativity with Cutting-Edge AI Art Tools Welcome to Free AI Art Generator, where creativity meets cutting-edge technology. Our platform harnesses the power of state-of-the-art AI algorithms and generative AI to transform your text prompts into stunning, vibrant artworks. Our mission is to democratize art creation by offering a suite of free, AI-powered tools that &#8230; <a title=\"Hakk\u0131m\u0131zda\" class=\"read-more\" href=\"https:\/\/aiartfree.online\/tr\/hakkimizda\/\" aria-label=\"Read more about About Us\">Devam\u0131n\u0131 oku<\/a><\/p>","protected":false},"author":1,"featured_media":0,"parent":0,"menu_order":0,"comment_status":"open","ping_status":"closed","template":"","meta":{"nf_dc_page":"","footnotes":""},"class_list":["post-78","page","type-page","status-publish"],"jetpack_sharing_enabled":true,"_links":{"self":[{"href":"https:\/\/aiartfree.online\/tr\/wp-json\/wp\/v2\/pages\/78","targetHints":{"allow":["GET"]}}],"collection":[{"href":"https:\/\/aiartfree.online\/tr\/wp-json\/wp\/v2\/pages"}],"about":[{"href":"https:\/\/aiartfree.online\/tr\/wp-json\/wp\/v2\/types\/page"}],"author":[{"embeddable":true,"href":"https:\/\/aiartfree.online\/tr\/wp-json\/wp\/v2\/users\/1"}],"replies":[{"embeddable":true,"href":"https:\/\/aiartfree.online\/tr\/wp-json\/wp\/v2\/comments?post=78"}],"version-history":[{"count":0,"href":"https:\/\/aiartfree.online\/tr\/wp-json\/wp\/v2\/pages\/78\/revisions"}],"wp:attachment":[{"href":"https:\/\/aiartfree.online\/tr\/wp-json\/wp\/v2\/media?parent=78"}],"curies":[{"name":"wp","href":"https:\/\/api.w.org\/{rel}","templated":true}]}}