{"id":3558,"date":"2024-08-05T07:35:25","date_gmt":"2024-08-05T07:35:25","guid":{"rendered":"https:\/\/aiartfree.online\/?page_id=3558"},"modified":"2024-08-16T10:09:07","modified_gmt":"2024-08-16T10:09:07","slug":"flux-ai-image-generator-flux1","status":"publish","type":"page","link":"https:\/\/aiartfree.online\/tr\/flux-ai-goruntu-olusturucu-flux1\/","title":{"rendered":"Flux AI Image Generator | Flux taraf\u0131ndan desteklenmektedir.1"},"content":{"rendered":"<h2 class=\"wp-block-heading has-text-align-center\">Flux Galerisi.1<\/h2>\n\n\n\n<figure class=\"gb-block-image gb-block-image-1822da1f\"><img data-recalc-dims=\"1\" decoding=\"async\" loading=\"lazy\" width=\"1024\" height=\"725\" class=\"gb-image gb-image-1822da1f\" src=\"https:\/\/i0.wp.com\/aiartfree.online\/wp-content\/uploads\/2024\/08\/WX20240803-154751%402x-1024x725.webp?resize=1024%2C725&#038;ssl=1\" alt=\"Black Forest Labs taraf\u0131ndan Flux.1, Flux.1 Pro, Flux.1 Dev ve Flux.1 Schnell modellerini i\u00e7eren Flux AI Image Generator. S\u0131n\u0131rs\u0131z, y\u00fcksek kaliteli, \u00fccretsiz, kay\u0131t yok.\" title=\"WX20240803-154751@2x\" srcset=\"https:\/\/i0.wp.com\/aiartfree.online\/wp-content\/uploads\/2024\/08\/WX20240803-154751%402x.jpg?resize=1024%2C725&amp;ssl=1 1024w, https:\/\/i0.wp.com\/aiartfree.online\/wp-content\/uploads\/2024\/08\/WX20240803-154751%402x.jpg?resize=300%2C212&amp;ssl=1 300w, https:\/\/i0.wp.com\/aiartfree.online\/wp-content\/uploads\/2024\/08\/WX20240803-154751%402x.jpg?resize=768%2C544&amp;ssl=1 768w, https:\/\/i0.wp.com\/aiartfree.online\/wp-content\/uploads\/2024\/08\/WX20240803-154751%402x.jpg?resize=1536%2C1087&amp;ssl=1 1536w, https:\/\/i0.wp.com\/aiartfree.online\/wp-content\/uploads\/2024\/08\/WX20240803-154751%402x.jpg?resize=18%2C12&amp;ssl=1 18w, https:\/\/i0.wp.com\/aiartfree.online\/wp-content\/uploads\/2024\/08\/WX20240803-154751%402x.jpg?resize=600%2C425&amp;ssl=1 600w, https:\/\/i0.wp.com\/aiartfree.online\/wp-content\/uploads\/2024\/08\/WX20240803-154751%402x.jpg?w=2046&amp;ssl=1 2046w\" sizes=\"auto, (max-width: 1024px) 100vw, 1024px\" \/><\/figure>\n\n\n\n<h2 class=\"wp-block-heading\">Flux AI Image Generator nas\u0131l kullan\u0131l\u0131r?<\/h2>\n\n\n\n<ol class=\"wp-block-list\">\n<li class=\"\">\u0130steminizi girin<\/li>\n\n\n\n<li class=\"\">\"G\u00f6nder \"e t\u0131klay\u0131n<\/li>\n\n\n\n<li class=\"\">Bekle, i\u015fte bu!<\/li>\n<\/ol>\n\n\n\n<p class=\"\">* Akl\u0131n\u0131zda herhangi bir d\u00fc\u015f\u00fcnce yoksa a\u015fa\u011f\u0131daki \u0130pucu \u00d6rneklerimizi kontrol etmek i\u00e7in a\u015fa\u011f\u0131 kayd\u0131r\u0131n<\/p>\n\n\n\n<p class=\"\"><em>* Bu modeli k\u0131sa bir s\u00fcre boyunca yo\u011fun bir \u015fekilde kullan\u0131rsan\u0131z, GPU kaynak s\u0131k\u0131nt\u0131s\u0131na neden olabilir. L\u00fctfen kullan\u0131ma devam etmeden \u00f6nce birka\u00e7 dakika bekleyin.<\/em><br>* Kullan\u0131m zirvesi oldu\u011funda bir hata d\u00f6nd\u00fcrebilir.&nbsp;<em>L\u00fctfen kullan\u0131ma devam etmeden \u00f6nce birka\u00e7 dakika bekleyin.<\/em><\/p>\n\n\n\n<p class=\"\"><em>* \u0130nternet h\u0131z\u0131n\u0131za ba\u011fl\u0131 olarak, modelin y\u00fcklenmesi zaman alabilir&nbsp;<\/em>10 saniyeye kadar \u2193<\/p>\n\n\n\n<div class=\"iframe-wrapper\" style=\"position: relative; width: 100%; height: 700px;\">\n  <div class=\"loading\" style=\"position: absolute; top: 50px; left: 50%; transform: translate(-50%, -50%); width: 40px; height: 40px; border: 3px solid #f0f0f0; border-top: 3px solid #db7093; border-radius: 50%; animation: spin 1s linear infinite;\"><\/div>\n  <iframe loading=\"lazy\" src=\"https:\/\/rooc-flux-1-dev.hf.space\" frameborder=\"0\" width=\"100%\" height=\"100%\" style=\"position: absolute; top: 0; left: 0; opacity: 0; transition: opacity 0.3s;\" onload=\"this.style.opacity=1;this.previousElementSibling.style.display='none';\"><\/iframe>\n<\/div>\n\n<style>\n@keyframes spin {\n  0% { transform: translate(-50%, -50%) rotate(0deg); }\n  100% { transform: translate(-50%, -50%) rotate(360deg); }\n}\n<\/style>\n\n\n\n<h2 class=\"wp-block-heading\" id=\"maodian\">Ak\u0131\u015f \u00d6rnekleri \u0130stemi.1<\/h2>\n\n\n\n<p class=\"\">Kopyalay\u0131n ve Yap\u0131\u015ft\u0131r\u0131n!<\/p>\n\n\n\n<ol style=\"font-size:15px\" class=\"wp-block-list\">\n<li class=\"\">k\u00fc\u00e7\u00fck da\u011f\u0131n\u0131k yatak odam\u0131n duvar\u0131nda efsanevi bir ormana a\u00e7\u0131lan bir portal<\/li>\n\n\n\n<li class=\"\">Lo\u015f bir odada ah\u015fap bir masa \u00fczerinde eski, tozlu, detayl\u0131 bir CRT monit\u00f6r\u00fcn detayl\u0131 sinematik dof render\u0131, etrafta e\u015fyalar, da\u011f\u0131n\u0131k kirli bir oda. Ekranda \"FLUX\" harfleri yumu\u015fak bir \u015fekilde parl\u0131yor. Y\u00fcksek detayl\u0131 sert y\u00fczey render\u0131<\/li>\n\n\n\n<li class=\"\">Ortas\u0131nda yanan bir mum bulunan \u015f\u0131k bir yemek masas\u0131nda oturan iki bayku\u015fun su alt\u0131 sahnesi, iki bayku\u015f birlikte g\u00fczel bir ak\u015fam yeme\u011fi yiyor. Soldaki bayku\u015f smokin, sa\u011fdaki bayku\u015f ise g\u00fczel bir elbise giymi\u015f. Arka planda, yan taraf\u0131nda \"What a Hoot\" yazan bir denizalt\u0131 ge\u00e7iyor. Resmin alt k\u0131sm\u0131nda masan\u0131n alt\u0131nda y\u00fczen k\u00fc\u00e7\u00fck denizanalar\u0131 var, sinematik g\u00fczel dijital sanat \u00e7al\u0131\u015fmas\u0131<\/li>\n\n\n\n<li class=\"\">Sonsuz say\u0131da polaroid g\u00f6r\u00fcnt\u00fc \u00fcreten ve bunlar\u0131 havaya u\u00e7uran bir makine. Ger\u00e7ek\u00e7i National geographic foto\u011fraf\u0131<\/li>\n\n\n\n<li class=\"\">Tipografi, f\u00fct\u00fcristik ince lazerler izleme, f\u00fct\u00fcristik Japonya k\u0131rsal do\u011fa turu ve seramikler, steven meisel, kaws, rolf armstrong, mondrian, kandinsky, m\u00fckemmel geometri soyut akrilik, oktan hiperrealizm fotoger\u00e7ek\u00e7i airbrush kolaj boyama, koyu monokrom, floresan renkler, minimalist \u00fc\u00e7te bir kural\u0131, seksenler eros<\/li>\n\n\n\n<li class=\"\">oturma odamda eski bir piyano<\/li>\n\n\n\n<li class=\"\">Tarla i\u00e7inde bir ah\u0131r foto\u011fraf\u0131<\/li>\n\n\n\n<li class=\"\">g\u00fczel anime sanat eseri, a\u011fz\u0131n\u0131n \u00fczerine bir g\u00fcl\u00fcmseme \u00e7izilmi\u015f bir ka\u011f\u0131t par\u00e7as\u0131 tutan depresif g\u00f6r\u00fcnen sevimli bir anime kedi k\u0131z, a\u011flamak \u00fczere<\/li>\n\n\n\n<li class=\"\">g\u00fczel anime sanat eseri, sevimli bir anime k\u0131z silueti, \u00e7ift pozlama, yanard\u00f6ner nebula galaksisi, siyah arka plan, ruhani par\u0131lt\u0131, \u00e7i\u00e7eklenme, hdr<\/li>\n\n\n\n<li class=\"\">soyut krom 80'ler scifi otomat hajime sorayama airbrush strage object, tek verital \u00e7izgi, jeneratif sanat, p5js, dithering<\/li>\n\n\n\n<li class=\"\">Freiburg'da g\u00fczel bir kafenin foto\u011fraf\u0131<\/li>\n\n\n\n<li class=\"\">\u00e7\u0131lg\u0131n bir bilim adam\u0131, ofis masas\u0131ndan uzaya kadar uzanan ve aya de\u011fen devasa, inan\u0131lmaz bir kuyruk in\u015fa ediyor<\/li>\n\n\n\n<li class=\"\">\u015eehir merkezinde bir sokakta \u00fc\u00e7 kad\u0131ndan olu\u015fan bir grubun filmik foto\u011fraf\u0131, ellerini kameraya do\u011fru tutuyorlar<\/li>\n\n\n\n<li class=\"\">Yemye\u015fil bir orman\u0131n kalbindeki gizli bir ma\u011fara, kristalize turkuaz sular\u0131yla \u00e7a\u011f\u0131r\u0131yor. Canl\u0131 z\u00fcmr\u00fct sarma\u015f\u0131klar, dallar\u0131 su y\u00fczeyini zar zor \u00f6pen y\u0131pranm\u0131\u015f kire\u00e7ta\u015f\u0131 duvarlardan a\u015fa\u011f\u0131ya do\u011fru ak\u0131yor. Alt\u0131n rengi g\u00fcne\u015f \u0131\u015f\u0131\u011f\u0131 \u015faftlar\u0131 yukar\u0131daki do\u011fal bir tavan penceresinden i\u00e7eri girerek ma\u011fara duvarlar\u0131nda mistik bir \u0131\u015f\u0131k ve g\u00f6lge etkile\u015fimi yarat\u0131yor. Kayal\u0131k \u00e7\u0131k\u0131nt\u0131lara tutunmu\u015f egzotik orkidelerin aras\u0131nda yanard\u00f6ner kelebekler u\u00e7u\u015fuyor. K\u0131smen su alt\u0131nda kalm\u0131\u015f, karma\u015f\u0131k oymalar\u0131 zamanla yumu\u015fam\u0131\u015f bir Maya harabesi, suyun kenar\u0131nda sessiz bir n\u00f6bet\u00e7i gibi duruyor. Kristal berrakl\u0131\u011f\u0131ndaki derinliklerde, pullar\u0131 sualt\u0131 y\u0131ld\u0131zlar\u0131 gibi parlayan k\u00fc\u00e7\u00fck g\u00fcm\u00fc\u015f bal\u0131k s\u00fcr\u00fcleri dalgalan\u0131yor. Cenote'nin uzak ucunda, k\u00fc\u00e7\u00fck bir \u015felale melodik bir \u015fekilde havuza d\u00f6k\u00fclmekte ve bu\u011fusu benekli \u0131\u015f\u0131kta ge\u00e7ici g\u00f6kku\u015faklar\u0131 yaratmaktad\u0131r.<\/li>\n\n\n\n<li class=\"\">Ay'daki bir yumurtadan \u00e7\u0131kan minik bir astronot.<\/li>\n\n\n\n<li class=\"\">g\u00f6zl\u00fckl\u00fc ya\u015fl\u0131 adam portresi, foto\u011fraf, 50mm, f1.4, do\u011fal \u0131\u015f\u0131k, Path\u00e9chrome<\/li>\n\n\n\n<li class=\"\">g\u00fczel anime sanat eseri, gece karanl\u0131\u011f\u0131nda tek ba\u015f\u0131na duran sevimli bir anime k\u0131z, k\u00fc\u00e7\u00fck bir \u00e7anta ile b\u00fcy\u00fck boy siyah bir ya\u011fmurluk giyiyor. siyah bir \u015femsiye tutuyor, \u015femsiyenin i\u00e7inde ona parlayan \u00e7ok renkli LED var, k\u00fc\u00e7\u00fck g\u00fcl yapraklar\u0131 etraf\u0131nda havada dalgalan\u0131yor, anime screencap tarz\u0131, k\u0131rm\u0131z\u0131 g\u00f6zler, orta sa\u00e7lar<\/li>\n\n\n\n<li class=\"\">sonsuz galakti\u0307k ali\u015fveri\u0307\u015f merkezi\u0307ni\u0307n si\u0307nemati\u0307k epi\u0307k sanat eseri\u0307<\/li>\n\n\n\n<li class=\"\">soyut krom 80'ler scifi otomat, airbrush<\/li>\n\n\n\n<li class=\"\">Bir \u015fehrin \u00fczerinde gece g\u00f6ky\u00fcz\u00fcnde nazik\u00e7e s\u00fcz\u00fclen b\u00fcy\u00fck bir balinan\u0131n f\u0131r\u00e7a darbeleri ile kal\u0131n lekeli ya\u011fl\u0131 boya tablosu<\/li>\n<\/ol>\n\n\n\n<div style=\"height:100px\" aria-hidden=\"true\" class=\"wp-block-spacer\"><\/div>\n\n\n\n<h2 class=\"wp-block-heading\">Flux AI G\u00f6r\u00fcnt\u00fc Olu\u015fturucu: Nihai K\u0131lavuz<\/h2>\n\n\n\n<p class=\"\">Flux AI Image Generator, metinsel a\u00e7\u0131klamalardan y\u00fcksek kaliteli g\u00f6r\u00fcnt\u00fcler olu\u015fturmak i\u00e7in tasarlanm\u0131\u015f yenilik\u00e7i bir a\u00e7\u0131k kaynakl\u0131 metinden g\u00f6r\u00fcnt\u00fcye \u00fcretim modelidir. Bu geli\u015fmi\u015f AI arac\u0131, esnekli\u011fi ve destekledi\u011fi \u00e7\u0131kt\u0131 stillerinin \u00e7e\u015fitlili\u011fi ile \u00fcnl\u00fcd\u00fcr.<\/p>\n\n\n\n<h3 class=\"wp-block-heading\">Giri\u015f<\/h3>\n\n\n\n<h4 class=\"wp-block-heading\">Flux AI Image Generator nedir?<\/h4>\n\n\n\n<p class=\"\">Flux AI Image Generator, metni g\u00f6r\u00fcnt\u00fclere d\u00f6n\u00fc\u015ft\u00fcrmek i\u00e7in tasarlanm\u0131\u015f a\u00e7\u0131k kaynakl\u0131 bir modeldir. Bu ara\u00e7 son derece \u00e7ok y\u00f6nl\u00fcd\u00fcr ve \u00e7e\u015fitli stillerde y\u00fcksek kaliteli g\u00f6r\u00fcnt\u00fcler \u00fcretebilir. A\u00e7\u0131k kaynakl\u0131 bir proje olarak, kullan\u0131c\u0131lar\u0131n kodu ihtiya\u00e7lar\u0131na g\u00f6re de\u011fi\u015ftirmelerine ve uyarlamalar\u0131na olanak tan\u0131r, bu da onu hem geli\u015ftiriciler hem de sanat\u00e7\u0131lar i\u00e7in g\u00fc\u00e7l\u00fc bir kaynak haline getirir.<\/p>\n\n\n\n<h4 class=\"wp-block-heading\">Arka Plan ve Geli\u015ftiriciler<\/h4>\n\n\n\n<p class=\"\">Flux AI Image Generator, yapay zeka ve makine \u00f6\u011frenimine yapt\u0131\u011f\u0131 katk\u0131larla bilinen yapay zeka alan\u0131nda lider bir kurulu\u015f olan Black Forest Labs taraf\u0131ndan geli\u015ftirilmi\u015ftir. Flux AI Image Generator'\u0131n geli\u015ftirilmesi, Stable Diffusion gibi di\u011fer \u00f6nemli projelerle yak\u0131ndan ba\u011flant\u0131l\u0131d\u0131r ve g\u00fcvenilirli\u011fini ve yeteneklerini daha da art\u0131rmaktad\u0131r.<\/p>\n\n\n\n<h3 class=\"wp-block-heading\">\u00d6zellikler ve Spesifikasyonlar<\/h3>\n\n\n\n<h4 class=\"wp-block-heading\">Teknik \u00d6zellikler<\/h4>\n\n\n\n<p class=\"\">Flux modeli etkileyici 1,2 milyar parametreye sahiptir, bu da onu g\u00f6r\u00fcnt\u00fc \u00fcretimi i\u00e7in sa\u011flam bir ara\u00e7 haline getirir. \u00dc\u00e7 versiyonu mevcuttur: Flux Dev, Flux Schnell ve Flux Pro, her biri farkl\u0131 kullan\u0131c\u0131 ihtiya\u00e7lar\u0131n\u0131 ve performans gereksinimlerini kar\u015f\u0131lar.<\/p>\n\n\n\n<h4 class=\"wp-block-heading\">Temel \u00d6zellikler<\/h4>\n\n\n\n<ul class=\"wp-block-list\">\n<li class=\"\"><strong>Y\u00fcksek Kaliteli G\u00f6r\u00fcnt\u00fc \u00dcretimi<\/strong>: Flux AI Image Generator, ayr\u0131nt\u0131l\u0131 ve estetik a\u00e7\u0131dan ho\u015f g\u00f6r\u00fcnt\u00fcler \u00fcretmede m\u00fckemmeldir.<\/li>\n\n\n\n<li class=\"\"><strong>\u00c7\u0131k\u0131\u015f Stillerinde \u00c7ok Y\u00f6nl\u00fcl\u00fck<\/strong>: Kullan\u0131c\u0131lar \u00e7ok \u00e7e\u015fitli stiller aras\u0131ndan se\u00e7im yaparak yarat\u0131c\u0131 projelerde esneklik sa\u011flayabilir.<\/li>\n\n\n\n<li class=\"\"><strong>Rakiplerle Kar\u015f\u0131la\u015ft\u0131rma<\/strong>: Midjourney ve DALL-E 3 gibi di\u011fer g\u00f6r\u00fcnt\u00fc olu\u015fturucularla kar\u015f\u0131la\u015ft\u0131r\u0131ld\u0131\u011f\u0131nda Flux \u00fcst\u00fcn esneklik ve kalite sunar.<\/li>\n<\/ul>\n\n\n\n<h4 class=\"wp-block-heading\">Performans ve Optimizasyon<\/h4>\n\n\n\n<ul class=\"wp-block-list\">\n<li class=\"\"><strong>H\u0131zl\u0131 G\u00f6r\u00fcnt\u00fc \u00dcretimi<\/strong>: Flux h\u0131z i\u00e7in optimize edilmi\u015ftir, kaliteden \u00f6d\u00fcn vermeden h\u0131zl\u0131 bir \u015fekilde g\u00f6r\u00fcnt\u00fc \u00fcretebilir.<\/li>\n\n\n\n<li class=\"\"><strong>Donan\u0131m Uyumlulu\u011fu<\/strong>: Farkl\u0131 donan\u0131m ortamlar\u0131na iyi uyum sa\u011flayarak \u00e7e\u015fitli platformlarda sorunsuz \u00e7al\u0131\u015fma sa\u011flar.<\/li>\n\n\n\n<li class=\"\"><strong>Platform Entegrasyonu<\/strong>: Flux \u00e7ok say\u0131da platformla entegre edilebilir, bu da onu geli\u015ftiriciler i\u00e7in \u00e7ok y\u00f6nl\u00fc bir ara\u00e7 haline getirir.<\/li>\n<\/ul>\n\n\n\n<h3 class=\"wp-block-heading\">Flux AI Image Generator Nas\u0131l Kullan\u0131l\u0131r<\/h3>\n\n\n\n<h4 class=\"wp-block-heading\">Ba\u015flarken<\/h4>\n\n\n\n<ul class=\"wp-block-list\">\n<li class=\"\"><strong>Kurulum ve Yap\u0131land\u0131rma<\/strong>: Flux AI Image Generator'\u0131n kurulumu basit kurulum ad\u0131mlar\u0131n\u0131 ve yap\u0131land\u0131rma i\u015flemlerini i\u00e7erir.<\/li>\n\n\n\n<li class=\"\"><strong>Temel Kullan\u0131m E\u011fitimi<\/strong>: Kullan\u0131c\u0131lar h\u0131zl\u0131 bir \u015fekilde g\u00f6r\u00fcnt\u00fc olu\u015fturmaya ba\u015flamak i\u00e7in basit e\u011fitimleri takip edebilirler.<\/li>\n<\/ul>\n\n\n\n<h4 class=\"wp-block-heading\">Geli\u015fmi\u015f \u00d6zellikler<\/h4>\n\n\n\n<ul class=\"wp-block-list\">\n<li class=\"\"><strong>\u0130leri Teknikler<\/strong>: Daha deneyimli kullan\u0131c\u0131lar i\u00e7in Flux, potansiyelini en \u00fcst d\u00fczeye \u00e7\u0131karmak i\u00e7in geli\u015fmi\u015f i\u015flevler ve en iyi uygulamalar\u0131 sunar.<\/li>\n\n\n\n<li class=\"\"><strong>Di\u011fer Ara\u00e7larla Entegrasyon<\/strong>: Flux, yeteneklerini geli\u015ftirmek i\u00e7in ComfyUI gibi di\u011fer ara\u00e7lar ve platformlarla birle\u015ftirilebilir.<\/li>\n<\/ul>\n\n\n\n<h3 class=\"wp-block-heading\">Pratik Uygulamalar<\/h3>\n\n\n\n<h4 class=\"wp-block-heading\">Kullan\u0131m \u00d6rnekleri<\/h4>\n\n\n\n<ul class=\"wp-block-list\">\n<li class=\"\"><strong>Tasar\u0131m ve Reklamc\u0131l\u0131k<\/strong>: Flux, tasar\u0131m ve reklamc\u0131l\u0131kta yayg\u0131n olarak kullan\u0131l\u0131r ve profesyonellerin \u00e7arp\u0131c\u0131 g\u00f6rseller olu\u015fturmas\u0131na yard\u0131mc\u0131 olur.<\/li>\n\n\n\n<li class=\"\"><strong>Sanatsal Yarat\u0131m<\/strong>: Sanat\u00e7\u0131lar, yarat\u0131c\u0131 konseptlerini hayata ge\u00e7irmek i\u00e7in Flux'tan yararlan\u0131yor.<\/li>\n\n\n\n<li class=\"\"><strong>Ba\u015far\u0131 Hikayeleri<\/strong>: Bir\u00e7ok kullan\u0131c\u0131, Flux AI Image Generator'\u0131n \u00e7e\u015fitli uygulamalar\u0131n\u0131 g\u00f6steren ba\u015far\u0131 hikayelerini payla\u015ft\u0131.<\/li>\n<\/ul>\n\n\n\n<h4 class=\"wp-block-heading\">Topluluk ve Destek<\/h4>\n\n\n\n<ul class=\"wp-block-list\">\n<li class=\"\"><strong>Kullan\u0131c\u0131 Toplulu\u011fu<\/strong>: Canl\u0131 bir kullan\u0131c\u0131 toplulu\u011fu Flux'un s\u00fcrekli geli\u015fimine ve desteklenmesine katk\u0131da bulunur.<\/li>\n\n\n\n<li class=\"\"><strong>Teknik Destek Kaynaklar\u0131<\/strong>: Kullan\u0131c\u0131lar\u0131n sorun gidermelerine ve arac\u0131 kullan\u0131mlar\u0131n\u0131 optimize etmelerine yard\u0131mc\u0131 olmak i\u00e7in kapsaml\u0131 kaynaklar mevcuttur.<\/li>\n<\/ul>\n\n\n\n<h3 class=\"wp-block-heading\">Gelecekteki Geli\u015fim<\/h3>\n\n\n\n<h4 class=\"wp-block-heading\">G\u00fcncellemeler ve Planlar<\/h4>\n\n\n\n<ul class=\"wp-block-list\">\n<li class=\"\"><strong>Yeni \u00d6zellikler<\/strong>: Flux'un gelecek s\u00fcr\u00fcmleri yeni i\u015flevler ve iyile\u015ftirmeler sunacakt\u0131r.<\/li>\n\n\n\n<li class=\"\"><strong>Uzun Vadeli Vizyon<\/strong>: Geli\u015ftiriciler, arac\u0131n uzun vadeli geli\u015fimi i\u00e7in net bir yol haritas\u0131na sahiptir.<\/li>\n<\/ul>\n\n\n\n<h4 class=\"wp-block-heading\">Ekosistem Geni\u015flemesi<\/h4>\n\n\n\n<ul class=\"wp-block-list\">\n<li class=\"\"><strong>Di\u011fer Yapay Zeka Ara\u00e7lar\u0131 ile Entegrasyon<\/strong>: Flux'u di\u011fer yapay zeka ara\u00e7lar\u0131 ve platformlar\u0131yla entegre etmek i\u00e7in planlar yap\u0131l\u0131yor.<\/li>\n\n\n\n<li class=\"\"><strong>Potansiyel \u0130\u015fbirlikleri<\/strong>: Ticari uygulamalar ve i\u015fbirlikleri i\u00e7in f\u0131rsatlar ara\u015ft\u0131r\u0131lmaktad\u0131r.<\/li>\n<\/ul>\n\n\n\n<h3 class=\"wp-block-heading\">Flux AI Image Generator i\u00e7in 10 Temel Ara\u00e7 ve Kaynak<\/h3>\n\n\n\n<figure class=\"wp-block-table\"><table class=\"has-fixed-layout\"><thead><tr><th>Ara\u00e7\/Kaynak<\/th><th>A\u00e7\u0131klama<\/th><th>Avantajlar<\/th><th>Dezavantajlar<\/th><\/tr><\/thead><tbody><tr><td><a href=\"https:\/\/flux-ai.online\/\" target=\"_blank\" data-type=\"link\" data-id=\"https:\/\/flux-ai.online\/\" rel=\"noreferrer noopener\">Flux AI Sitesi<\/a><\/td><td>Flux AI i\u00e7in en iyi site.<\/td><td>Kapsaml\u0131 kaynaklar.<\/td><td>Yok.<\/td><\/tr><tr><td>Flux GitHub<\/td><td>Kod ve g\u00fcncellemeleri i\u00e7eren depo.<\/td><td>Kaynak koda eri\u015fim.<\/td><td>Teknik bilgi gerektirir.<\/td><\/tr><tr><td><a href=\"https:\/\/aiartfree.online\/tr\/flux-ai-goruntu-olusturucu-flux1\/\" target=\"_blank\" data-type=\"link\" data-id=\"https:\/\/aiartfree.online\/flux-ai-image-generator-flux1\" rel=\"noreferrer noopener\">AI Art \u00dccretsiz<\/a><\/td><td>Flux AI i\u00e7in kullan\u0131m\u0131 kolay aray\u00fcz.<\/td><td>Kullan\u0131c\u0131 dostu, kay\u0131t gerekmiyor.<\/td><td>S\u0131n\u0131rl\u0131 geli\u015fmi\u015f \u00f6zellikler.<\/td><\/tr><tr><td>ComfyUI<\/td><td>Flux i\u00e7in entegrasyon arac\u0131.<\/td><td>\u0130\u015flevselli\u011fi art\u0131r\u0131r.<\/td><td>Karma\u015f\u0131k kurulum.<\/td><\/tr><tr><td>Kararl\u0131 Dif\u00fczyon<\/td><td>G\u00f6r\u00fcnt\u00fc \u00fcretimi i\u00e7in ilgili proje.<\/td><td>Y\u00fcksek kaliteli \u00e7\u0131kt\u0131lar.<\/td><td>G\u00fc\u00e7l\u00fc donan\u0131m gerektirir.<\/td><\/tr><tr><td>Flux E\u011fitimleri<\/td><td>Ad\u0131m ad\u0131m k\u0131lavuzlar ve \u00f6\u011freticiler.<\/td><td>Kolay \u00f6\u011frenme e\u011frisi.<\/td><td>Her zaman g\u00fcncel de\u011fil.<\/td><\/tr><tr><td>\u015eifre \u00e7\u00f6zme<\/td><td>Yapay zeka teknolojileriyle ilgili haberler ve g\u00fcncellemeler.<\/td><td>G\u00fcncel bilgiler.<\/td><td>Derinli\u011fi de\u011fi\u015fir.<\/td><\/tr><tr><td>Yapay Zeka Haberleri<\/td><td>Yapay zeka geli\u015fmeleriyle ilgili son haberler.<\/td><td>Geni\u015f kapsama alan\u0131.<\/td><td>Genelle\u015ftirilmi\u015f bilgi.<\/td><\/tr><tr><td>Tech Crunch<\/td><td>Teknoloji haberleri ve g\u00fcncellemeleri.<\/td><td>Derinlemesine makaleler.<\/td><td>Teknik olabilir.<\/td><\/tr><tr><td>AI Weekly<\/td><td>Yapay zeka geli\u015fmeleri hakk\u0131nda haftal\u0131k g\u00fcncellemeler.<\/td><td>D\u00fczenli g\u00fcncellemeler.<\/td><td>Tam eri\u015fim i\u00e7in abonelik gereklidir.<\/td><\/tr><\/tbody><\/table><\/figure>\n\n\n\n<h3 class=\"wp-block-heading\">Flux AI Image Generator hakk\u0131nda 10 SSS<\/h3>\n\n\n\n<ol class=\"wp-block-list\">\n<li class=\"\"><strong>Flux AI Image Generator nedir?<\/strong>\n<ul class=\"wp-block-list\">\n<li class=\"\">Flux AI Image Generator, Black Forest Labs taraf\u0131ndan geli\u015ftirilen a\u00e7\u0131k kaynakl\u0131 bir metinden g\u00f6r\u00fcnt\u00fcye modelidir.<\/li>\n<\/ul>\n<\/li>\n\n\n\n<li class=\"\"><strong>Flux AI Image Generator'\u0131 nas\u0131l y\u00fcklerim?<\/strong>\n<ul class=\"wp-block-list\">\n<li class=\"\">Kurulum k\u0131lavuzlar\u0131 resmi GitHub deposunda mevcuttur.<\/li>\n<\/ul>\n<\/li>\n\n\n\n<li class=\"\"><strong>Flux'un farkl\u0131 versiyonlar\u0131 nelerdir?<\/strong>\n<ul class=\"wp-block-list\">\n<li class=\"\">Flux Dev, Flux Schnell ve Flux Pro.<\/li>\n<\/ul>\n<\/li>\n\n\n\n<li class=\"\"><strong>Flux'u ticari projeler i\u00e7in kullanabilir miyim?<\/strong>\n<ul class=\"wp-block-list\">\n<li class=\"\">Evet, Flux ticari ama\u00e7lar i\u00e7in kullan\u0131labilir.<\/li>\n<\/ul>\n<\/li>\n\n\n\n<li class=\"\"><strong>Flux i\u00e7in hangi donan\u0131m gereklidir?<\/strong>\n<ul class=\"wp-block-list\">\n<li class=\"\">Flux \u00e7e\u015fitli donan\u0131m kurulumlar\u0131yla uyumludur, ancak optimum performans i\u00e7in g\u00fc\u00e7l\u00fc GPU'lar \u00f6nerilir.<\/li>\n<\/ul>\n<\/li>\n\n\n\n<li class=\"\"><strong>Flux di\u011fer g\u00f6r\u00fcnt\u00fc olu\u015fturucularla kar\u015f\u0131la\u015ft\u0131r\u0131ld\u0131\u011f\u0131nda nas\u0131ld\u0131r?<\/strong>\n<ul class=\"wp-block-list\">\n<li class=\"\">Flux, Midjourney ve DALL-E 3 gibi rakiplerine k\u0131yasla \u00fcst\u00fcn esneklik ve kalite sunar.<\/li>\n<\/ul>\n<\/li>\n\n\n\n<li class=\"\"><strong>Flux i\u00e7in e\u011fitimleri nerede bulabilirim?<\/strong>\n<ul class=\"wp-block-list\">\n<li class=\"\">\u00d6\u011freticiler resmi Flux AI Tutorials sitesinde mevcuttur.<\/li>\n<\/ul>\n<\/li>\n\n\n\n<li class=\"\"><strong>Flux kullan\u0131c\u0131lar\u0131 i\u00e7in ne t\u00fcr bir destek mevcut?<\/strong>\n<ul class=\"wp-block-list\">\n<li class=\"\">Bir kullan\u0131c\u0131 toplulu\u011fu ve teknik destek kaynaklar\u0131 mevcuttur.<\/li>\n<\/ul>\n<\/li>\n\n\n\n<li class=\"\"><strong>Flux projesine nas\u0131l katk\u0131da bulunabilirim?<\/strong>\n<ul class=\"wp-block-list\">\n<li class=\"\">Katk\u0131lar GitHub deposu \u00fczerinden yap\u0131labilir.<\/li>\n<\/ul>\n<\/li>\n\n\n\n<li class=\"\"><strong>Flux i\u00e7in gelecek planlar\u0131 nelerdir?<\/strong>\n<ul class=\"wp-block-list\">\n<li class=\"\">Geli\u015ftiriciler yeni \u00f6zellikler ve ekosistem geni\u015fletmeleri i\u00e7in bir yol haritas\u0131 belirledi.<\/li>\n<\/ul>\n<\/li>\n<\/ol>\n\n\n\n<h3 class=\"wp-block-heading\">Sonu\u00e7<\/h3>\n\n\n\n<h4 class=\"wp-block-heading\">Temel Avantajlar<\/h4>\n\n\n\n<p class=\"\">Flux AI Image Generator, y\u00fcksek kaliteli g\u00f6r\u00fcnt\u00fc \u00fcretimi, \u00e7\u0131kt\u0131 stillerinde \u00e7ok y\u00f6nl\u00fcl\u00fck ve sa\u011flam performans\u0131 ile \u00f6ne \u00e7\u0131k\u0131yor. Rakiplerine g\u00f6re benzersiz avantajlar sunan AI g\u00f6r\u00fcnt\u00fc olu\u015fturma alan\u0131nda lider bir ara\u00e7t\u0131r.<\/p>\n\n\n\n<h4 class=\"wp-block-heading\">Ba\u015flarken<\/h4>\n\n\n\n<p class=\"\">Flux'u kullanmaya ba\u015flamak i\u00e7in kurulum k\u0131lavuzlar\u0131n\u0131 takip edin ve mevcut e\u011fitimleri ke\u015ffedin. Flux AI Image Generator hem yeni ba\u015flayanlar hem de ileri d\u00fczey kullan\u0131c\u0131lar i\u00e7in eri\u015filebilirdir, bu da onu \u00e7e\u015fitli uygulamalar i\u00e7in \u00e7ok y\u00f6nl\u00fc bir ara\u00e7 haline getirir.<\/p>\n\n\n\n<p class=\"\">Daha fazla bilgi ve kaynak i\u00e7in \u015fu adresi ziyaret edin <a href=\"https:\/\/blackforestlabs.ai\/\" target=\"_blank\" rel=\"noopener\">resmi Flux web sitesi<\/a> ve <a href=\"https:\/\/github.com\/black-forest-labs\/flux\" target=\"_blank\" rel=\"noopener\">GitHub deposu<\/a>.<\/p>","protected":false},"excerpt":{"rendered":"<p>Gallery of Flux.1 How to use the Flux AI Image Generator * Scroll down to check our Prompt Examples below if you don\u2019t have any thoughts in your mind * If you use this model intensively over a short period, it may cause GPU resource shortages. Please wait a few minutes before resuming use.* It &#8230; <a title=\"Flux AI Image Generator | Flux taraf\u0131ndan desteklenmektedir.1\" class=\"read-more\" href=\"https:\/\/aiartfree.online\/tr\/flux-ai-goruntu-olusturucu-flux1\/\" aria-label=\"Read more about Flux AI Image Generator | Powered by Flux.1\">Devam\u0131n\u0131 oku<\/a><\/p>","protected":false},"author":1,"featured_media":3559,"parent":0,"menu_order":0,"comment_status":"closed","ping_status":"closed","template":"","meta":{"nf_dc_page":"","footnotes":""},"class_list":["post-3558","page","type-page","status-publish","has-post-thumbnail"],"jetpack_sharing_enabled":true,"_links":{"self":[{"href":"https:\/\/aiartfree.online\/tr\/wp-json\/wp\/v2\/pages\/3558","targetHints":{"allow":["GET"]}}],"collection":[{"href":"https:\/\/aiartfree.online\/tr\/wp-json\/wp\/v2\/pages"}],"about":[{"href":"https:\/\/aiartfree.online\/tr\/wp-json\/wp\/v2\/types\/page"}],"author":[{"embeddable":true,"href":"https:\/\/aiartfree.online\/tr\/wp-json\/wp\/v2\/users\/1"}],"replies":[{"embeddable":true,"href":"https:\/\/aiartfree.online\/tr\/wp-json\/wp\/v2\/comments?post=3558"}],"version-history":[{"count":0,"href":"https:\/\/aiartfree.online\/tr\/wp-json\/wp\/v2\/pages\/3558\/revisions"}],"wp:featuredmedia":[{"embeddable":true,"href":"https:\/\/aiartfree.online\/tr\/wp-json\/wp\/v2\/media\/3559"}],"wp:attachment":[{"href":"https:\/\/aiartfree.online\/tr\/wp-json\/wp\/v2\/media?parent=3558"}],"curies":[{"name":"wp","href":"https:\/\/api.w.org\/{rel}","templated":true}]}}