{"id":3435,"date":"2024-08-01T13:24:54","date_gmt":"2024-08-01T13:24:54","guid":{"rendered":"https:\/\/aiartfree.online\/?page_id=3435"},"modified":"2025-03-07T08:24:14","modified_gmt":"2025-03-07T08:24:14","slug":"audio-translator","status":"publish","type":"page","link":"https:\/\/aiartfree.online\/tr\/ses-cevirmeni\/","title":{"rendered":"Sesli \u00c7evirmen"},"content":{"rendered":"<h2 class=\"wp-block-heading\" id=\"how-to-use-the-audio-translator\">Sesli \u00c7evirmen nas\u0131l kullan\u0131l\u0131r?<\/h2>\n\n\n\n<ol class=\"wp-block-list\">\n<li class=\"\">Hedef dilinizi se\u00e7in<\/li>\n\n\n\n<li class=\"\">Ses dosyan\u0131z\u0131 y\u00fckleyin<\/li>\n\n\n\n<li class=\"\">\"\u00c7evir \"e t\u0131klay\u0131n<\/li>\n\n\n\n<li class=\"\">Bekle, i\u015fte bu!<\/li>\n<\/ol>\n\n\n\n<figure class=\"gb-block-image gb-block-image-4dfafe81\"><a href=\"https:\/\/fas.st\/t\/XmtmoHSk\" target=\"_blank\" rel=\"noopener noreferrer\"><img data-recalc-dims=\"1\" decoding=\"async\" loading=\"lazy\" width=\"1200\" height=\"368\" class=\"gb-image gb-image-4dfafe81\" src=\"https:\/\/i0.wp.com\/aiartfree.online\/wp-content\/uploads\/2025\/03\/WX20250307-114300%402x.webp?resize=1200%2C368&#038;ssl=1\" alt=\"\" title=\"WX20250307-114300@2x\" srcset=\"https:\/\/i0.wp.com\/aiartfree.online\/wp-content\/uploads\/2025\/03\/WX20250307-114300%402x.webp?w=1900&amp;ssl=1 1900w, https:\/\/i0.wp.com\/aiartfree.online\/wp-content\/uploads\/2025\/03\/WX20250307-114300%402x.webp?resize=300%2C92&amp;ssl=1 300w, https:\/\/i0.wp.com\/aiartfree.online\/wp-content\/uploads\/2025\/03\/WX20250307-114300%402x.webp?resize=1024%2C314&amp;ssl=1 1024w, https:\/\/i0.wp.com\/aiartfree.online\/wp-content\/uploads\/2025\/03\/WX20250307-114300%402x.webp?resize=768%2C235&amp;ssl=1 768w, https:\/\/i0.wp.com\/aiartfree.online\/wp-content\/uploads\/2025\/03\/WX20250307-114300%402x.webp?resize=1536%2C471&amp;ssl=1 1536w, https:\/\/i0.wp.com\/aiartfree.online\/wp-content\/uploads\/2025\/03\/WX20250307-114300%402x.webp?resize=18%2C6&amp;ssl=1 18w, https:\/\/i0.wp.com\/aiartfree.online\/wp-content\/uploads\/2025\/03\/WX20250307-114300%402x.webp?resize=600%2C184&amp;ssl=1 600w\" sizes=\"auto, (max-width: 1200px) 100vw, 1200px\" \/><\/a><\/figure>\n\n\n\n<p class=\"\"><em>* \u0130nternet h\u0131z\u0131n\u0131za ba\u011fl\u0131 olarak, modelin y\u00fcklenmesi zaman alabilir <\/em>10 saniyeye kadar \u2193<\/p>\n\n\n\n<div class=\"iframe-wrapper\" style=\"position: relative; width: 100%; height: 1250px;\">\n  <div class=\"loading\" style=\"position: absolute; top: 50px; left: 50%; transform: translate(-50%, -50%); width: 40px; height: 40px; border: 3px solid #f0f0f0; border-top: 3px solid #db7093; border-radius: 50%; animation: spin 1s linear infinite;\"><\/div>\n  <iframe loading=\"lazy\" src=\"https:\/\/facebook-seamless-m4t.hf.space\" frameborder=\"0\" width=\"100%\" height=\"100%\" style=\"position: absolute; top: 0; left: 0; opacity: 0; transition: opacity 0.3s;\" onload=\"this.style.opacity=1;this.previousElementSibling.style.display='none';\"><\/iframe>\n<\/div>\n\n<style>\n@keyframes spin {\n  0% { transform: translate(-50%, -50%) rotate(0deg); }\n  100% { transform: translate(-50%, -50%) rotate(360deg); }\n}\n<\/style>\n\n\n\n<div style=\"height:80px\" aria-hidden=\"true\" class=\"wp-block-spacer\"><\/div>\n\n\n\n<h2 class=\"wp-block-heading\" id=\"audio-translator-the-ultimate-guide\">Sesli \u00c7evirmen: Nihai K\u0131lavuz<\/h2>\n\n\n\n<div class=\"wp-block-rank-math-toc-block\" id=\"rank-math-toc\"><h3>\u0130\u00e7indekiler<\/h3><nav><ul><li><a href=\"#introduction\">Giri\u015f<\/a><\/li><li><a href=\"#what-is-an-audio-translator\">Sesli \u00c7evirmen nedir?<\/a><\/li><li><a href=\"#why-use-an-audio-translator\">Neden Sesli Terc\u00fcman Kullanmal\u0131s\u0131n\u0131z?<\/a><ul><li><a href=\"#advantages\">Avantajlar<\/a><\/li><\/ul><\/li><li><a href=\"#main-features-of-audio-translators\">Sesli \u00c7evirmenlerin Temel \u00d6zellikleri<\/a><ul><li><a href=\"#1-speech-recognition\">1. Konu\u015fma Tan\u0131ma<\/a><\/li><li><a href=\"#2-multi-language-support\">2. \u00c7oklu Dil Deste\u011fi<\/a><\/li><li><a href=\"#3-real-time-translation\">3. Ger\u00e7ek Zamanl\u0131 \u00c7eviri<\/a><\/li><li><a href=\"#4-text-to-speech\">4. Metinden Sese<\/a><\/li><li><a href=\"#5-file-upload-and-conversion\">5. Dosya Y\u00fckleme ve D\u00f6n\u00fc\u015ft\u00fcrme<\/a><\/li><\/ul><\/li><li><a href=\"#who-should-use-audio-translators\">Sesli \u00c7evirmenleri Kimler Kullanmal\u0131?<\/a><ul><li><a href=\"#target-audience\">Hedef Kitle<\/a><\/li><\/ul><\/li><li><a href=\"#how-to-use-an-audio-translator\">Sesli \u00c7evirmen Nas\u0131l Kullan\u0131l\u0131r<\/a><ul><li><a href=\"#step-by-step-instructions\">Ad\u0131m Ad\u0131m Talimatlar<\/a><\/li><\/ul><\/li><li><a href=\"#usage-cases-of-audio-translators\">Sesli \u00c7evirmenlerin Kullan\u0131m Alanlar\u0131<\/a><ul><li><a href=\"#business-meetings\">\u0130\u015f Toplant\u0131lar\u0131<\/a><\/li><li><a href=\"#educational-content\">E\u011fitim \u0130\u00e7eri\u011fi<\/a><\/li><li><a href=\"#customer-support\">M\u00fc\u015fteri Deste\u011fi<\/a><\/li><\/ul><\/li><li><a href=\"#top-10-tools-and-information\">En \u0130yi 10 Ara\u00e7 ve Bilgi<\/a><\/li><li><a href=\"#industry-pros-and-cons\">Sekt\u00f6r\u00fcn Art\u0131lar\u0131 ve Eksileri<\/a><ul><li><a href=\"#pros\">Art\u0131lar\u0131<\/a><\/li><li><a href=\"#cons\">Eksiler<\/a><\/li><\/ul><\/li><li><a href=\"#faq\">SSS<\/a><\/li><li><a href=\"#summary\">\u00d6zet<\/a><\/li><\/ul><\/nav><\/div>\n\n\n\n<h3 class=\"wp-block-heading\" id=\"introduction\">Giri\u015f<\/h3>\n\n\n\n<p class=\"\">G\u00fcn\u00fcm\u00fcz\u00fcn k\u00fcreselle\u015fen d\u00fcnyas\u0131nda, dil engellerini a\u015fmak etkili ileti\u015fim i\u00e7in \u00e7ok \u00f6nemlidir. Sesli \u00e7evirmenler, konu\u015fulan kelimelerin farkl\u0131 dillere ger\u00e7ek zamanl\u0131 olarak \u00e7evrilmesini sa\u011flayarak bu bo\u015fluklar\u0131 doldurmaya yard\u0131mc\u0131 olan g\u00fc\u00e7l\u00fc ara\u00e7lar olarak ortaya \u00e7\u0131km\u0131\u015ft\u0131r. Bu makale, ses \u00e7evirmenlerinin inceliklerini ara\u015ft\u0131racak, faydalar\u0131n\u0131, \u00f6zelliklerini ve kullan\u0131mlar\u0131n\u0131 vurgulayacak ve \u015fiddetle tavsiye edilenler de dahil olmak \u00fczere mevcut en iyi ara\u00e7lara odaklanacakt\u0131r <a href=\"https:\/\/aiartfree.online\/tr\/ses-cevirmeni\/\">AI Art \u00dccretsiz Ses \u00c7evirmeni<\/a>.<\/p>\n\n\n<div class=\"wp-block-image\">\n<figure class=\"aligncenter size-large is-resized\"><img data-recalc-dims=\"1\" data-dominant-color=\"f5f5f6\" data-has-transparency=\"false\" decoding=\"async\" width=\"1024\" height=\"546\"    loading=\"lazy\" src=\"https:\/\/i0.wp.com\/aiartfree.online\/wp-content\/uploads\/2024\/08\/WX20240801-160930%402x-1-1024x546.webp?resize=1024%2C546&#038;ssl=1\" alt=\"Ses \u00e7evirmeni, konu\u015fma dilini metne veya ba\u015fka bir konu\u015fma diline d\u00f6n\u00fc\u015ft\u00fcren bir ara\u00e7 veya yaz\u0131l\u0131md\u0131r. Bu ara\u00e7lar, do\u011fru ve ger\u00e7ek zamanl\u0131 \u00e7eviriler sa\u011flamak i\u00e7in geli\u015fmi\u015f algoritmalar ve konu\u015fma tan\u0131ma teknolojisi kullan\u0131r ve bu da onlar\u0131 i\u015f, e\u011fitim, seyahat ve daha fazlas\u0131 gibi \u00e7e\u015fitli alanlarda \u00e7ok de\u011ferli k\u0131lar.\" class=\"wp-image-3437 not-transparent\" style=\"--dominant-color: #f5f5f6; width:724px;height:auto\" srcset=\"https:\/\/i0.wp.com\/aiartfree.online\/wp-content\/uploads\/2024\/08\/WX20240801-160930%402x-1-jpg.webp?resize=1024%2C546&amp;ssl=1 1024w, https:\/\/i0.wp.com\/aiartfree.online\/wp-content\/uploads\/2024\/08\/WX20240801-160930%402x-1-jpg.webp?resize=300%2C160&amp;ssl=1 300w, https:\/\/i0.wp.com\/aiartfree.online\/wp-content\/uploads\/2024\/08\/WX20240801-160930%402x-1-jpg.webp?resize=768%2C409&amp;ssl=1 768w, https:\/\/i0.wp.com\/aiartfree.online\/wp-content\/uploads\/2024\/08\/WX20240801-160930%402x-1-jpg.webp?resize=18%2C10&amp;ssl=1 18w, https:\/\/i0.wp.com\/aiartfree.online\/wp-content\/uploads\/2024\/08\/WX20240801-160930%402x-1-jpg.webp?resize=600%2C320&amp;ssl=1 600w, https:\/\/i0.wp.com\/aiartfree.online\/wp-content\/uploads\/2024\/08\/WX20240801-160930%402x-1-jpg.webp?w=1460&amp;ssl=1 1460w\" sizes=\"(max-width: 724px) 100vw, 724px\" \/><\/figure>\n<\/div>\n\n\n<h3 class=\"wp-block-heading\" id=\"what-is-an-audio-translator\">Sesli \u00c7evirmen nedir?<\/h3>\n\n\n\n<p class=\"\">Ses \u00e7evirmeni, konu\u015fma dilini metne veya ba\u015fka bir konu\u015fma diline d\u00f6n\u00fc\u015ft\u00fcren bir ara\u00e7 veya yaz\u0131l\u0131md\u0131r. Bu ara\u00e7lar, do\u011fru ve ger\u00e7ek zamanl\u0131 \u00e7eviriler sa\u011flamak i\u00e7in geli\u015fmi\u015f algoritmalar ve konu\u015fma tan\u0131ma teknolojisi kullan\u0131r ve bu da onlar\u0131 i\u015f, e\u011fitim, seyahat ve daha fazlas\u0131 gibi \u00e7e\u015fitli alanlarda \u00e7ok de\u011ferli k\u0131lar.<\/p>\n\n\n\n<h3 class=\"wp-block-heading\" id=\"why-use-an-audio-translator\">Neden Sesli Terc\u00fcman Kullanmal\u0131s\u0131n\u0131z?<\/h3>\n\n\n\n<h4 class=\"wp-block-heading\" id=\"advantages\">Avantajlar<\/h4>\n\n\n\n<ul class=\"wp-block-list\">\n<li class=\"\"><strong>Dil Engellerini A\u015f\u0131n:<\/strong> Farkl\u0131 dilleri konu\u015fan ki\u015filerle kolayca ileti\u015fim kurun.<\/li>\n\n\n\n<li class=\"\"><strong>Ger\u00e7ek Zamanl\u0131 \u00c7eviri:<\/strong> An\u0131nda \u00e7eviriler al\u0131n, daha sorunsuz konu\u015fmalar\u0131 kolayla\u015ft\u0131r\u0131n.<\/li>\n\n\n\n<li class=\"\"><strong>Eri\u015filebilirlik:<\/strong> \u0130\u00e7eri\u011fi, i\u015fitme engelliler de dahil olmak \u00fczere daha geni\u015f bir kitle i\u00e7in eri\u015filebilir hale getirin.<\/li>\n\n\n\n<li class=\"\"><strong>Verimlilik:<\/strong> Geleneksel \u00e7eviri y\u00f6ntemlerine k\u0131yasla zamandan tasarruf edin.<\/li>\n<\/ul>\n\n\n\n<h3 class=\"wp-block-heading\" id=\"main-features-of-audio-translators\">Sesli \u00c7evirmenlerin Temel \u00d6zellikleri<\/h3>\n\n\n\n<h4 class=\"wp-block-heading\" id=\"1-speech-recognition\">1. <strong>Konu\u015fma Tan\u0131ma<\/strong><\/h4>\n\n\n\n<ul class=\"wp-block-list\">\n<li class=\"\">Konu\u015fulan kelimeleri metne \u00e7evirir.<\/li>\n\n\n\n<li class=\"\">G\u00fcr\u00fclt\u00fcl\u00fc ortamlarda bile y\u00fcksek hassasiyet.<\/li>\n<\/ul>\n\n\n\n<h4 class=\"wp-block-heading\" id=\"2-multi-language-support\">2. <strong>\u00c7oklu Dil Deste\u011fi<\/strong><\/h4>\n\n\n\n<ul class=\"wp-block-list\">\n<li class=\"\">\u00c7eviri i\u00e7in birden fazla dili destekler.<\/li>\n\n\n\n<li class=\"\">\u00d6rnek olarak: \u0130spanyolca'dan \u0130ngilizce'ye, Frans\u0131zca'dan Almanca'ya.<\/li>\n<\/ul>\n\n\n\n<h4 class=\"wp-block-heading\" id=\"3-real-time-translation\">3. <strong>Ger\u00e7ek Zamanl\u0131 \u00c7eviri<\/strong><\/h4>\n\n\n\n<ul class=\"wp-block-list\">\n<li class=\"\">Sorunsuz konu\u015fmalar i\u00e7in anl\u0131k \u00e7eviri.<\/li>\n<\/ul>\n\n\n\n<h4 class=\"wp-block-heading\" id=\"4-text-to-speech\">4. <strong>Metinden Sese<\/strong><\/h4>\n\n\n\n<ul class=\"wp-block-list\">\n<li class=\"\">\u00c7evrilen metni tekrar konu\u015fulan kelimelere d\u00f6n\u00fc\u015ft\u00fcr\u00fcr.<\/li>\n<\/ul>\n\n\n\n<h4 class=\"wp-block-heading\" id=\"5-file-upload-and-conversion\">5. <strong>Dosya Y\u00fckleme ve D\u00f6n\u00fc\u015ft\u00fcrme<\/strong><\/h4>\n\n\n\n<ul class=\"wp-block-list\">\n<li class=\"\">Transkripsiyon ve \u00e7eviri i\u00e7in ses dosyas\u0131 y\u00fcklemelerini destekler.<\/li>\n<\/ul>\n\n\n\n<h3 class=\"wp-block-heading\" id=\"who-should-use-audio-translators\">Sesli \u00c7evirmenleri Kimler Kullanmal\u0131?<\/h3>\n\n\n\n<h4 class=\"wp-block-heading\" id=\"target-audience\">Hedef Kitle<\/h4>\n\n\n\n<ul class=\"wp-block-list\">\n<li class=\"\"><strong>Gezginler:<\/strong> Seyahat ederken dil engellerini a\u015f\u0131n.<\/li>\n\n\n\n<li class=\"\"><strong>\u0130\u015f Profesyonelleri:<\/strong> Uluslararas\u0131 m\u00fc\u015fteriler ve ortaklarla ileti\u015fim kurun.<\/li>\n\n\n\n<li class=\"\"><strong>E\u011fitimciler ve \u00d6\u011frenciler:<\/strong> Dil \u00f6\u011frenimini ve anlamay\u0131 geli\u015ftirir.<\/li>\n\n\n\n<li class=\"\"><strong>\u0130\u00e7erik Olu\u015fturucular:<\/strong> Ses ve video i\u00e7eri\u011fini birden fazla dilde eri\u015filebilir hale getirin.<\/li>\n<\/ul>\n\n\n\n<h3 class=\"wp-block-heading\" id=\"how-to-use-an-audio-translator\">Sesli \u00c7evirmen Nas\u0131l Kullan\u0131l\u0131r<\/h3>\n\n\n\n<h4 class=\"wp-block-heading\" id=\"step-by-step-instructions\">Ad\u0131m Ad\u0131m Talimatlar<\/h4>\n\n\n\n<ol class=\"wp-block-list\">\n<li class=\"\"><strong>Arac\u0131 a\u00e7\u0131n:<\/strong> Ses \u00e7evirmeni arac\u0131na eri\u015fin, \u00f6rne\u011fin <a href=\"https:\/\/aiartfree.online\/tr\/ses-cevirmeni\/\">AI Art \u00dccretsiz Ses \u00c7evirmeni<\/a>.<\/li>\n\n\n\n<li class=\"\"><strong>Sesinizi Y\u00fckleyin:<\/strong> \u00c7evirmek istedi\u011finiz ses dosyas\u0131n\u0131 se\u00e7in ve y\u00fckleyin.<\/li>\n\n\n\n<li class=\"\"><strong>Dilleri Se\u00e7in:<\/strong> \u00c7eviri i\u00e7in kaynak ve hedef dilleri se\u00e7in.<\/li>\n\n\n\n<li class=\"\"><strong>\u00c7eviriye ba\u015fla:<\/strong> \u0130\u015flemi ba\u015flatmak i\u00e7in \u00e7eviri d\u00fc\u011fmesine t\u0131klay\u0131n.<\/li>\n\n\n\n<li class=\"\"><strong>\u00c7eviri Metni\/Sesi \u0130ndirin:<\/strong> \u00c7evrilen metni veya ses dosyas\u0131n\u0131 daha sonra kullanmak \u00fczere kaydedin.<\/li>\n<\/ol>\n\n\n\n<h3 class=\"wp-block-heading\" id=\"usage-cases-of-audio-translators\">Sesli \u00c7evirmenlerin Kullan\u0131m Alanlar\u0131<\/h3>\n\n\n\n<h4 class=\"wp-block-heading\" id=\"business-meetings\">\u0130\u015f Toplant\u0131lar\u0131<\/h4>\n\n\n\n<ul class=\"wp-block-list\">\n<li class=\"\">Uluslararas\u0131 toplant\u0131lar i\u00e7in canl\u0131 konu\u015fmalar\u0131 terc\u00fcme edin.<\/li>\n<\/ul>\n\n\n\n<h4 class=\"wp-block-heading\" id=\"educational-content\">E\u011fitim \u0130\u00e7eri\u011fi<\/h4>\n\n\n\n<ul class=\"wp-block-list\">\n<li class=\"\">Farkl\u0131 dil ge\u00e7mi\u015flerine sahip \u00f6\u011frenciler i\u00e7in terc\u00fcme edilmi\u015f dersler sa\u011flamak.<\/li>\n<\/ul>\n\n\n\n<h4 class=\"wp-block-heading\" id=\"customer-support\">M\u00fc\u015fteri Deste\u011fi<\/h4>\n\n\n\n<ul class=\"wp-block-list\">\n<li class=\"\">Sesli \u00e7eviri yoluyla m\u00fc\u015fterilere kendi ana dillerinde yard\u0131mc\u0131 olun.<\/li>\n<\/ul>\n\n\n\n<h3 class=\"wp-block-heading\" id=\"top-10-tools-and-information\">En \u0130yi 10 Ara\u00e7 ve Bilgi<\/h3>\n\n\n\n<figure class=\"wp-block-table\"><table class=\"has-fixed-layout\"><thead><tr><th>Ara\u00e7 Ad\u0131<\/th><th>URL<\/th><th>Temel \u00d6zellikler<\/th><th>Art\u0131lar\u0131<\/th><th>Eksiler<\/th><\/tr><\/thead><tbody><tr><td>AI Art \u00dccretsiz Ses \u00c7evirmeni<\/td><td><a href=\"https:\/\/aiartfree.online\/tr\/ses-cevirmeni\/\">https:\/\/aiartfree.online\/audio-translator<\/a><\/td><td>Ger\u00e7ek zamanl\u0131 \u00e7eviri, \u00e7oklu dil<\/td><td>100% \u00fccretsiz, s\u0131n\u0131rs\u0131z kullan\u0131m<\/td><td>S\u0131n\u0131rl\u0131 dil deste\u011fi<\/td><\/tr><tr><td>Google \u00c7eviri<\/td><td><a href=\"https:\/\/translate.google.com\" target=\"_blank\" rel=\"noreferrer noopener\">https:\/\/translate.google.com<\/a><\/td><td>Metin, ses, g\u00f6r\u00fcnt\u00fc \u00e7evirisi<\/td><td>Kapsaml\u0131 dil deste\u011fi<\/td><td>\u0130nternet gerektirir<\/td><\/tr><tr><td>iTranslate<\/td><td>https:\/\/www.itranslate.com\/<\/td><td>Sesli \u00e7eviri, \u00e7evrimd\u0131\u015f\u0131 mod<\/td><td>\u00c7evrimd\u0131\u015f\u0131 yetenekler<\/td><td>Abonelik gerekli<\/td><\/tr><tr><td>Microsoft Translator<\/td><td>https:\/\/translator.microsoft.com\/<\/td><td>Konu\u015fma tan\u0131ma, \u00e7oklu cihaz senkronizasyonu<\/td><td>MS uygulamalar\u0131 ile entegrasyon<\/td><td>S\u0131n\u0131rl\u0131 \u00fccretsiz s\u00fcr\u00fcm<\/td><\/tr><tr><td>Konu\u015f &amp; \u00c7evir<\/td><td>https:\/\/speakandtranslate.app\/<\/td><td>Ger\u00e7ek zamanl\u0131 sesli \u00e7eviri<\/td><td>Kullan\u0131c\u0131 dostu aray\u00fcz<\/td><td>Uygulama i\u00e7i sat\u0131n al\u0131mlar<\/td><\/tr><tr><td>SayHi \u00c7eviri<\/td><td>https:\/\/www.sayhi.com\/<\/td><td>Sesli \u00e7eviri, y\u00fcksek do\u011fruluk<\/td><td>Kullan\u0131m\u0131 basit<\/td><td>Yaln\u0131zca sesle s\u0131n\u0131rl\u0131<\/td><\/tr><tr><td>Reverso<\/td><td>https:\/\/www.reverso.net\/<\/td><td>Metin ve ses \u00e7evirisi<\/td><td>Ba\u011flamsal \u00e7eviriler<\/td><td>S\u0131n\u0131rl\u0131 \u00fccretsiz s\u00fcr\u00fcm<\/td><\/tr><tr><td>Papago<\/td><td>https:\/\/papago.naver.com\/<\/td><td>Ses ve metin \u00e7evirisi<\/td><td>Asya dilleri i\u00e7in y\u00fcksek do\u011fruluk<\/td><td>Az bilinen diller<\/td><\/tr><tr><td>VoiceTra<\/td><td>http:\/\/voicetra.nict.go.jp\/en\/<\/td><td>Konu\u015fma \u00e7evirisi, \u00e7evrimd\u0131\u015f\u0131 mod<\/td><td>Y\u00fcksek do\u011fruluk<\/td><td>Aray\u00fcz kafa kar\u0131\u015ft\u0131r\u0131c\u0131 olabilir<\/td><\/tr><tr><td>Linguee<\/td><td>https:\/\/www.linguee.com\/<\/td><td>Metin \u00e7evirisi, s\u00f6zl\u00fck<\/td><td>Detayl\u0131 \u00e7eviriler<\/td><td>Sesli \u00e7eviri yok<\/td><\/tr><\/tbody><\/table><\/figure>\n\n\n\n<h3 class=\"wp-block-heading\" id=\"industry-pros-and-cons\">Sekt\u00f6r\u00fcn Art\u0131lar\u0131 ve Eksileri<\/h3>\n\n\n\n<h4 class=\"wp-block-heading\" id=\"pros\">Art\u0131lar\u0131<\/h4>\n\n\n\n<ul class=\"wp-block-list\">\n<li class=\"\"><strong>Verimlilik:<\/strong> H\u0131zl\u0131 ve kolay \u00e7eviriler.<\/li>\n\n\n\n<li class=\"\"><strong>Uygun Maliyetli:<\/strong> Profesyonel \u00e7evirmenlere olan ihtiyac\u0131 azalt\u0131r.<\/li>\n\n\n\n<li class=\"\"><strong>Eri\u015filebilirlik:<\/strong> \u0130\u00e7eri\u011fi ana dili \u0130ngilizce olmayanlar\u0131n kullan\u0131m\u0131na sunar.<\/li>\n<\/ul>\n\n\n\n<h4 class=\"wp-block-heading\" id=\"cons\">Eksiler<\/h4>\n\n\n\n<ul class=\"wp-block-list\">\n<li class=\"\"><strong>Do\u011fruluk Sorunlar\u0131:<\/strong> \u00d6zellikle karma\u015f\u0131k dillerde her zaman 100% do\u011fru de\u011fildir.<\/li>\n\n\n\n<li class=\"\"><strong>Teknolojiye Ba\u011f\u0131ml\u0131l\u0131k:<\/strong> G\u00fcvenilir internet ve cihazlar gerektirir.<\/li>\n\n\n\n<li class=\"\"><strong>S\u0131n\u0131rl\u0131 Ba\u011flam Anlay\u0131\u015f\u0131:<\/strong> N\u00fcanslar\u0131 veya k\u00fclt\u00fcrel ba\u011flam\u0131 kavrayamayabilir.<\/li>\n<\/ul>\n\n\n\n<h3 class=\"wp-block-heading\" id=\"faq\">SSS<\/h3>\n\n\n\n<ol class=\"wp-block-list\">\n<li class=\"\"><strong>Sesi metne nas\u0131l \u00e7evirebilirim?<\/strong>\n<ul class=\"wp-block-list\">\n<li class=\"\">Gibi ara\u00e7lar\u0131 kullan\u0131n <a href=\"https:\/\/aiartfree.online\/tr\/ses-cevirmeni\/\">AI Art \u00dccretsiz Ses \u00c7evirmeni<\/a> do\u011fru sesten metne d\u00f6n\u00fc\u015ft\u00fcrme i\u00e7in.<\/li>\n<\/ul>\n<\/li>\n\n\n\n<li class=\"\"><strong>Bir videodan ses nas\u0131l \u00e7evrilir?<\/strong>\n<ul class=\"wp-block-list\">\n<li class=\"\">Sesi videodan \u00e7\u0131kar\u0131n ve bir ses \u00e7evirmen arac\u0131na y\u00fckleyin.<\/li>\n<\/ul>\n<\/li>\n\n\n\n<li class=\"\"><strong>Ses metne nas\u0131l \u00e7evrilir?<\/strong>\n<ul class=\"wp-block-list\">\n<li class=\"\">Konu\u015fulan kelimeleri metne d\u00f6n\u00fc\u015ft\u00fcrmek i\u00e7in konu\u015fma tan\u0131ma yaz\u0131l\u0131m\u0131n\u0131 kullan\u0131n.<\/li>\n<\/ul>\n<\/li>\n\n\n\n<li class=\"\"><strong>Google Translate ses \u00e7evirisi yapabilir mi?<\/strong>\n<ul class=\"wp-block-list\">\n<li class=\"\">Evet, Google Translate konu\u015fulan kelimeleri ger\u00e7ek zamanl\u0131 olarak \u00e7evirebilir.<\/li>\n<\/ul>\n<\/li>\n\n\n\n<li class=\"\"><strong>Ses nas\u0131l \u00e7evrilir?<\/strong>\n<ul class=\"wp-block-list\">\n<li class=\"\">Ses dosyas\u0131n\u0131 bir \u00e7eviri arac\u0131na y\u00fckleyin ve hedef dili se\u00e7in.<\/li>\n<\/ul>\n<\/li>\n<\/ol>\n\n\n\n<h3 class=\"wp-block-heading\" id=\"summary\">\u00d6zet<\/h3>\n\n\n\n<p class=\"\">Sesli \u00e7evirmenler, dil engellerini a\u015fmak ve konu\u015fulan kelimelerin ger\u00e7ek zamanl\u0131 ve do\u011fru \u00e7evirilerini sa\u011flamak i\u00e7in vazge\u00e7ilmez ara\u00e7lard\u0131r. Eri\u015filebilirlik, verimlilik ve maliyet etkinli\u011fi dahil olmak \u00fczere \u00e7ok say\u0131da avantaj sunarlar. Sesli \u00e7evirmenin faydalar\u0131n\u0131 ilk elden deneyimlemek i\u00e7in \u015funlar\u0131 deneyin <a href=\"https:\/\/aiartfree.online\/tr\/ses-cevirmeni\/\">AI Art \u00dccretsiz Ses \u00c7evirmeni<\/a> bug\u00fcn. \u0130leti\u015fimin gelece\u011fini kucaklay\u0131n ve d\u00fcnyan\u0131n d\u00f6rt bir yan\u0131ndaki insanlarla ba\u011flant\u0131 kurma becerinizi geli\u015ftirin.<\/p>","protected":false},"excerpt":{"rendered":"<p>How to use the Audio Translator *&nbsp;Depending on your internet speed, loading the model may take up to 10 seconds \u2193 Audio Translator: The Ultimate Guide Introduction In today&#8217;s globalized world, overcoming language barriers is essential for effective communication. Audio translators have emerged as powerful tools to help bridge these gaps, enabling real-time translation of &#8230; <a title=\"Sesli \u00c7evirmen\" class=\"read-more\" href=\"https:\/\/aiartfree.online\/tr\/ses-cevirmeni\/\" aria-label=\"Read more about Audio Translator\">Devam\u0131n\u0131 oku<\/a><\/p>","protected":false},"author":1,"featured_media":3437,"parent":0,"menu_order":0,"comment_status":"open","ping_status":"closed","template":"","meta":{"nf_dc_page":"","footnotes":""},"class_list":["post-3435","page","type-page","status-publish","has-post-thumbnail"],"jetpack_sharing_enabled":true,"_links":{"self":[{"href":"https:\/\/aiartfree.online\/tr\/wp-json\/wp\/v2\/pages\/3435","targetHints":{"allow":["GET"]}}],"collection":[{"href":"https:\/\/aiartfree.online\/tr\/wp-json\/wp\/v2\/pages"}],"about":[{"href":"https:\/\/aiartfree.online\/tr\/wp-json\/wp\/v2\/types\/page"}],"author":[{"embeddable":true,"href":"https:\/\/aiartfree.online\/tr\/wp-json\/wp\/v2\/users\/1"}],"replies":[{"embeddable":true,"href":"https:\/\/aiartfree.online\/tr\/wp-json\/wp\/v2\/comments?post=3435"}],"version-history":[{"count":1,"href":"https:\/\/aiartfree.online\/tr\/wp-json\/wp\/v2\/pages\/3435\/revisions"}],"predecessor-version":[{"id":3602,"href":"https:\/\/aiartfree.online\/tr\/wp-json\/wp\/v2\/pages\/3435\/revisions\/3602"}],"wp:featuredmedia":[{"embeddable":true,"href":"https:\/\/aiartfree.online\/tr\/wp-json\/wp\/v2\/media\/3437"}],"wp:attachment":[{"href":"https:\/\/aiartfree.online\/tr\/wp-json\/wp\/v2\/media?parent=3435"}],"curies":[{"name":"wp","href":"https:\/\/api.w.org\/{rel}","templated":true}]}}