{"id":3430,"date":"2024-08-01T13:11:52","date_gmt":"2024-08-01T13:11:52","guid":{"rendered":"https:\/\/aiartfree.online\/?page_id=3430"},"modified":"2024-08-02T11:23:09","modified_gmt":"2024-08-02T11:23:09","slug":"arcane-ai","status":"publish","type":"page","link":"https:\/\/aiartfree.online\/tr\/arcane-ai\/","title":{"rendered":"Arcane Yapay Zeka"},"content":{"rendered":"<h2 class=\"wp-block-heading has-text-align-center\" id=\"before-vs-after\">\u00d6ncesi ve Sonras\u0131<\/h2>\n\n\n\n<figure class=\"gb-block-image gb-block-image-1822da1f\"><img data-recalc-dims=\"1\" decoding=\"async\" loading=\"lazy\" width=\"1200\" height=\"586\" class=\"gb-image gb-image-1822da1f\" src=\"https:\/\/i0.wp.com\/aiartfree.online\/wp-content\/uploads\/2024\/08\/WX20240801-154423%402x-jpg.webp?resize=1200%2C586&#038;ssl=1\" alt=\"Arcane AI ile foto\u011fraflar\u0131n\u0131z\u0131 Arcane tarz\u0131 \u00e7arp\u0131c\u0131 sanat eserlerine d\u00f6n\u00fc\u015ft\u00fcr\u00fcn. Kay\u0131t gerektirmeden s\u0131n\u0131rs\u0131z, \u00fccretsiz d\u00f6n\u00fc\u015f\u00fcmlerin keyfini \u00e7\u0131kar\u0131n. Sanat\u00e7\u0131lar ve sosyal medya i\u00e7in m\u00fckemmel.\" title=\"WX20240801-154423@2x\" srcset=\"https:\/\/i0.wp.com\/aiartfree.online\/wp-content\/uploads\/2024\/08\/WX20240801-154423%402x-jpg.webp?w=1478&amp;ssl=1 1478w, https:\/\/i0.wp.com\/aiartfree.online\/wp-content\/uploads\/2024\/08\/WX20240801-154423%402x-jpg.webp?resize=300%2C147&amp;ssl=1 300w, https:\/\/i0.wp.com\/aiartfree.online\/wp-content\/uploads\/2024\/08\/WX20240801-154423%402x-jpg.webp?resize=1024%2C500&amp;ssl=1 1024w, https:\/\/i0.wp.com\/aiartfree.online\/wp-content\/uploads\/2024\/08\/WX20240801-154423%402x-jpg.webp?resize=768%2C375&amp;ssl=1 768w, https:\/\/i0.wp.com\/aiartfree.online\/wp-content\/uploads\/2024\/08\/WX20240801-154423%402x-jpg.webp?resize=18%2C9&amp;ssl=1 18w, https:\/\/i0.wp.com\/aiartfree.online\/wp-content\/uploads\/2024\/08\/WX20240801-154423%402x-jpg.webp?resize=600%2C293&amp;ssl=1 600w\" sizes=\"auto, (max-width: 1200px) 100vw, 1200px\" \/><\/figure>\n\n\n\n<h2 class=\"wp-block-heading\" id=\"how-to-use-the-arcane-ai\">Arcane AI nas\u0131l kullan\u0131l\u0131r<\/h2>\n\n\n\n<ol class=\"wp-block-list\">\n<li class=\"\">Resminizi B\u0131rak\u0131n veya Y\u00fckleyin<\/li>\n\n\n\n<li class=\"\">\"G\u00f6nder \"e t\u0131klay\u0131n<\/li>\n\n\n\n<li class=\"\">Bekle, i\u015fte bu!<\/li>\n<\/ol>\n\n\n\n<p class=\"\">* Akl\u0131n\u0131zda herhangi bir d\u00fc\u015f\u00fcnce yoksa a\u015fa\u011f\u0131daki \u00f6rneklerimizi denemekten \u00e7ekinmeyin<\/p>\n\n\n\n<p class=\"\"><em>* \u0130nternet h\u0131z\u0131n\u0131za ba\u011fl\u0131 olarak, modelin y\u00fcklenmesi zaman alabilir <\/em>10 saniyeye kadar \u2193<\/p>\n\n\n\n<div class=\"iframe-wrapper\" style=\"position: relative; width: 100%; height: 1200px;\">\n  <div class=\"loading\" style=\"position: absolute; top: 50px; left: 50%; transform: translate(-50%, -50%); width: 40px; height: 40px; border: 3px solid #f0f0f0; border-top: 3px solid #db7093; border-radius: 50%; animation: spin 1s linear infinite;\"><\/div>\n  <iframe loading=\"lazy\" src=\"https:\/\/akhaliq-arcanegan.hf.space\" frameborder=\"0\" width=\"100%\" height=\"100%\" style=\"position: absolute; top: 0; left: 0; opacity: 0; transition: opacity 0.3s;\" onload=\"this.style.opacity=1;this.previousElementSibling.style.display='none';\"><\/iframe>\n<\/div>\n\n<style>\n@keyframes spin {\n  0% { transform: translate(-50%, -50%) rotate(0deg); }\n  100% { transform: translate(-50%, -50%) rotate(360deg); }\n}\n<\/style>\n\n\n\n<div style=\"height:60px\" aria-hidden=\"true\" class=\"wp-block-spacer\"><\/div>\n\n\n\n<h2 class=\"wp-block-heading\" id=\"arcane-ai-transform-your-portraits-into-stunning-arcane-art\">Arcane AI: Portrelerinizi \u00c7arp\u0131c\u0131 Arcane Sanat\u0131na D\u00f6n\u00fc\u015ft\u00fcr\u00fcn<\/h2>\n\n\n\n<div class=\"wp-block-rank-math-toc-block\" id=\"rank-math-toc\"><h3>\u0130\u00e7indekiler<\/h3><nav><ul><li><a href=\"#outline\">Anahatlar<\/a><\/li><li><a href=\"#what-is-arcane-ai\">Arcane AI nedir?<\/a><\/li><li><a href=\"#why-use-arcane-ai\">Neden Arcane AI Kullanmal\u0131?<\/a><\/li><li><a href=\"#main-features-of-arcane-ai\">Arcane AI'nin Ana \u00d6zellikleri<\/a><ul><li><a href=\"#feature-1-high-quality-transformations\">\u00d6zellik 1: Y\u00fcksek Kaliteli D\u00f6n\u00fc\u015f\u00fcmler<\/a><\/li><li><a href=\"#feature-2-user-friendly-interface\">\u00d6zellik 2: Kullan\u0131c\u0131 Dostu Aray\u00fcz<\/a><\/li><\/ul><\/li><li><a href=\"#target-audience-and-uses\">Hedef Kitle ve Kullan\u0131m Alanlar\u0131<\/a><\/li><li><a href=\"#how-to-use-arcane-ai\">Arcane AI Nas\u0131l Kullan\u0131l\u0131r<\/a><\/li><li><a href=\"#usage-cases\">Kullan\u0131m Durumlar\u0131<\/a><ul><li><a href=\"#social-media-content\">Sosyal Medya \u0130\u00e7eri\u011fi<\/a><\/li><li><a href=\"#artistic-projects\">Sanatsal Projeler<\/a><\/li><li><a href=\"#personal-use\">Ki\u015fisel Kullan\u0131m<\/a><\/li><\/ul><\/li><li><a href=\"#industry-insights\">Sekt\u00f6r \u0130\u00e7g\u00f6r\u00fcleri<\/a><ul><li><a href=\"#advantages\">Avantajlar<\/a><\/li><li><a href=\"#disadvantages\">Dezavantajlar<\/a><\/li><li><a href=\"#challenges\">Zorluklar<\/a><\/li><li><a href=\"#suggestions\">\u00d6neriler<\/a><\/li><\/ul><\/li><li><a href=\"#10-related-information-and-tools\">10 \u0130lgili Bilgi ve Ara\u00e7lar<\/a><\/li><li><a href=\"#faq\">SSS<\/a><ul><li><a href=\"#1-how-do-i-enhance-a-photo\">1. Bir foto\u011fraf\u0131 nas\u0131l geli\u015ftirebilirim?<\/a><\/li><li><a href=\"#2-can-i-use-arcane-ai-for-free\">2. Arcane AI'y\u0131 \u00fccretsiz kullanabilir miyim?<\/a><\/li><li><a href=\"#3-do-i-need-to-sign-up-to-use-arcane-ai\">3. Arcane AI kullanmak i\u00e7in kaydolmam gerekiyor mu?<\/a><\/li><li><a href=\"#4-what-kind-of-photos-work-best-with-arcane-ai\">4. Arcane AI ile en iyi ne t\u00fcr foto\u011fraflar \u00e7al\u0131\u015f\u0131r?<\/a><\/li><li><a href=\"#5-is-there-a-limit-to-how-many-photos-i-can-convert\">5. Ka\u00e7 foto\u011fraf\u0131 d\u00f6n\u00fc\u015ft\u00fcrebilece\u011fime dair bir s\u0131n\u0131r var m\u0131?<\/a><\/li><li><a href=\"#6-can-i-use-arcane-ai-on-my-phone\">6. Arcane AI'yi telefonumda kullanabilir miyim?<\/a><\/li><li><a href=\"#7-what-file-formats-are-supported-by-arcane-ai\">7. Arcane AI taraf\u0131ndan hangi dosya formatlar\u0131 desteklenir?<\/a><\/li><li><a href=\"#8-how-long-does-the-conversion-process-take\">8. D\u00f6n\u00fc\u015f\u00fcm s\u00fcreci ne kadar s\u00fcr\u00fcyor?<\/a><\/li><li><a href=\"#9-can-i-edit-the-arcane-style-photo-after-conversion\">9. Arcane tarz\u0131 foto\u011fraf\u0131 d\u00f6n\u00fc\u015ft\u00fcrd\u00fckten sonra d\u00fczenleyebilir miyim?<\/a><\/li><li><a href=\"#10-are-there-other-styles-available-besides-arcane\">10. Arcane d\u0131\u015f\u0131nda ba\u015fka stiller de var m\u0131?<\/a><\/li><\/ul><\/li><li><a href=\"#summary\">\u00d6zet<\/a><\/li><\/ul><\/nav><\/div>\n\n\n\n<h3 class=\"wp-block-heading\" id=\"outline\">Anahatlar<\/h3>\n\n\n\n<p class=\"\">Bu makale, foto\u011fraflar\u0131 Arcane tarz\u0131 sanata d\u00f6n\u00fc\u015ft\u00fcren bir ara\u00e7 olan Arcane AI'yi inceliyor. Tan\u0131m\u0131, avantajlar\u0131, ana i\u015flevleri, hedef kitlesi, kullan\u0131m talimatlar\u0131, ger\u00e7ek d\u00fcnya uygulamalar\u0131 ve sekt\u00f6r i\u00e7g\u00f6r\u00fclerini tart\u0131\u015faca\u011f\u0131z ve s\u0131k sorulan sorular\u0131 yan\u0131tlayaca\u011f\u0131z.<\/p>\n\n\n\n<h3 class=\"wp-block-heading\" id=\"what-is-arcane-ai\">Arcane AI nedir?<\/h3>\n\n\n\n<p class=\"\">Arcane AI, kullan\u0131c\u0131lar\u0131n foto\u011fraflar\u0131n\u0131 Arcane tarz\u0131 sanat eserlerine d\u00f6n\u00fc\u015ft\u00fcrmelerini sa\u011flayan geli\u015fmi\u015f bir ara\u00e7t\u0131r. S\u0131radan portreleri Arcane esteti\u011fini an\u0131msatan benzersiz, g\u00f6rsel olarak b\u00fcy\u00fcleyici par\u00e7alara d\u00f6n\u00fc\u015ft\u00fcrmek i\u00e7in sofistike algoritmalardan yararlan\u0131r.<\/p>\n\n\n\n<h3 class=\"wp-block-heading\" id=\"why-use-arcane-ai\">Neden Arcane AI Kullanmal\u0131?<\/h3>\n\n\n\n<p class=\"\">Arcane AI, hizmetlerini kullanmak i\u00e7in birka\u00e7 ikna edici neden sunuyor:<\/p>\n\n\n\n<ul class=\"wp-block-list\">\n<li class=\"\"><strong>100% \u00dccretsiz<\/strong>: Kullan\u0131m i\u00e7in \u00fccret al\u0131nmaz.<\/li>\n\n\n\n<li class=\"\"><strong>S\u0131n\u0131rs\u0131z D\u00f6n\u00fc\u015f\u00fcm<\/strong>: \u0130stedi\u011finiz kadar foto\u011fraf\u0131 d\u00f6n\u00fc\u015ft\u00fcr\u00fcn.<\/li>\n\n\n\n<li class=\"\"><strong>Kalitede 1 Numara<\/strong>: Arcane tarz\u0131 d\u00f6n\u00fc\u015f\u00fcmlerde pazar lideri.<\/li>\n\n\n\n<li class=\"\"><strong>Kay\u0131t Gerekmiyor<\/strong>: Herhangi bir kay\u0131t olmadan an\u0131nda eri\u015fim.<\/li>\n<\/ul>\n\n\n\n<h3 class=\"wp-block-heading\" id=\"main-features-of-arcane-ai\">Arcane AI'nin Ana \u00d6zellikleri<\/h3>\n\n\n\n<h4 class=\"wp-block-heading\" id=\"feature-1-high-quality-transformations\">\u00d6zellik 1: Y\u00fcksek Kaliteli D\u00f6n\u00fc\u015f\u00fcmler<\/h4>\n\n\n\n<p class=\"\">Arcane AI, portreleri Arcane stiline d\u00f6n\u00fc\u015ft\u00fcrmede birinci s\u0131n\u0131f kalite sa\u011flar. Ara\u00e7, her detay\u0131n titizlikle korunmas\u0131n\u0131 ve sanatsal olarak geli\u015ftirilmesini sa\u011flar.<\/p>\n\n\n\n<h4 class=\"wp-block-heading\" id=\"feature-2-user-friendly-interface\">\u00d6zellik 2: Kullan\u0131c\u0131 Dostu Aray\u00fcz<\/h4>\n\n\n\n<p class=\"\">Aray\u00fcz sezgisel olacak \u015fekilde tasarlanm\u0131\u015ft\u0131r ve teknik uzmanl\u0131ktan ba\u011f\u0131ms\u0131z olarak herkesin kullan\u0131m\u0131n\u0131 kolayla\u015ft\u0131r\u0131r.<\/p>\n\n\n\n<h3 class=\"wp-block-heading\" id=\"target-audience-and-uses\">Hedef Kitle ve Kullan\u0131m Alanlar\u0131<\/h3>\n\n\n\n<p class=\"\">Arcane AI i\u00e7in m\u00fckemmeldir:<\/p>\n\n\n\n<ul class=\"wp-block-list\">\n<li class=\"\"><strong>Sanat\u00e7\u0131lar<\/strong>: Yeni tarzlar ve ilhamlar ke\u015ffetmek istiyor.<\/li>\n\n\n\n<li class=\"\"><strong>Sosyal Medya Merakl\u0131lar\u0131<\/strong>: Payla\u015fmak i\u00e7in benzersiz i\u00e7erik ar\u0131yorum.<\/li>\n\n\n\n<li class=\"\"><strong>Grafik Tasar\u0131mc\u0131lar<\/strong>: Projeler i\u00e7in yarat\u0131c\u0131 varl\u0131klara ihtiya\u00e7 var.<\/li>\n\n\n\n<li class=\"\"><strong>Genel Kullan\u0131c\u0131lar<\/strong>: Ki\u015fisel foto\u011fraflar\u0131 d\u00f6n\u00fc\u015ft\u00fcrmekle ilgileniyor.<\/li>\n<\/ul>\n\n\n\n<h3 class=\"wp-block-heading\" id=\"how-to-use-arcane-ai\">Arcane AI Nas\u0131l Kullan\u0131l\u0131r<\/h3>\n\n\n\n<p class=\"\">Arcane AI'y\u0131 kullanmak i\u00e7in bu basit ad\u0131mlar\u0131 izleyin:<\/p>\n\n\n\n<ol class=\"wp-block-list\">\n<li class=\"\"><strong>Web Sitesini Ziyaret Edin<\/strong>: Gitmek <a href=\"https:\/\/aiartfree.online\/tr\/arcane-ai\/\">Arcane Yapay Zeka<\/a>.<\/li>\n\n\n\n<li class=\"\"><strong>Foto\u011fraf\u0131n\u0131z\u0131 Y\u00fckleyin<\/strong>: Y\u00fckle d\u00fc\u011fmesine t\u0131klay\u0131n ve portrenizi se\u00e7in.<\/li>\n\n\n\n<li class=\"\"><strong>Gizli Stil Uygula<\/strong>: D\u00f6n\u00fc\u015ft\u00fcrmeyi ba\u015flatmak i\u00e7in mikrofon d\u00fc\u011fmesine dokunun.<\/li>\n\n\n\n<li class=\"\"><strong>Sanat Eserini \u0130ndirin<\/strong>: D\u00f6n\u00fc\u015ft\u00fcr\u00fclen g\u00f6r\u00fcnt\u00fcy\u00fc cihaz\u0131n\u0131za kaydedin.<\/li>\n<\/ol>\n\n\n\n<h3 class=\"wp-block-heading\" id=\"usage-cases\">Kullan\u0131m Durumlar\u0131<\/h3>\n\n\n\n<h4 class=\"wp-block-heading\" id=\"social-media-content\">Sosyal Medya \u0130\u00e7eri\u011fi<\/h4>\n\n\n\n<p class=\"\">Sosyal medya varl\u0131\u011f\u0131n\u0131z\u0131 benzersiz, g\u00f6z al\u0131c\u0131 Arcane tarz\u0131 portrelerle geli\u015ftirin.<\/p>\n\n\n\n<h4 class=\"wp-block-heading\" id=\"artistic-projects\">Sanatsal Projeler<\/h4>\n\n\n\n<p class=\"\">Farkl\u0131 bir dokunu\u015f katmak i\u00e7in Arcane AI sanat eserlerini sanat projelerinize dahil edin.<\/p>\n\n\n\n<h4 class=\"wp-block-heading\" id=\"personal-use\">Ki\u015fisel Kullan\u0131m<\/h4>\n\n\n\n<p class=\"\">Aile foto\u011fraflar\u0131n\u0131 veya ki\u015fisel g\u00f6r\u00fcnt\u00fcleri g\u00fczel sanat eserlerine d\u00f6n\u00fc\u015ft\u00fcr\u00fcn.<\/p>\n\n\n\n<h3 class=\"wp-block-heading\" id=\"industry-insights\">Sekt\u00f6r \u0130\u00e7g\u00f6r\u00fcleri<\/h3>\n\n\n\n<h4 class=\"wp-block-heading\" id=\"advantages\">Avantajlar<\/h4>\n\n\n\n<ul class=\"wp-block-list\">\n<li class=\"\"><strong>Y\u00fcksek Kaliteli Sonu\u00e7lar<\/strong>: Profesyonel kalitede \u00e7\u0131kt\u0131lar sa\u011flar.<\/li>\n\n\n\n<li class=\"\"><strong>Kolay Eri\u015filebilirlik<\/strong>: \u0130ndirmeden \u00e7evrimi\u00e7i olarak mevcuttur.<\/li>\n\n\n\n<li class=\"\"><strong>Geni\u015f Uygulama<\/strong>: \u00c7e\u015fitli yarat\u0131c\u0131 alanlar i\u00e7in uygundur.<\/li>\n<\/ul>\n\n\n\n<h4 class=\"wp-block-heading\" id=\"disadvantages\">Dezavantajlar<\/h4>\n\n\n\n<ul class=\"wp-block-list\">\n<li class=\"\"><strong>S\u0131n\u0131rl\u0131 Stil Se\u00e7enekleri<\/strong>: \u015eu anda sadece Arcane stiline odaklan\u0131yor.<\/li>\n<\/ul>\n\n\n\n<h4 class=\"wp-block-heading\" id=\"challenges\">Zorluklar<\/h4>\n\n\n\n<ul class=\"wp-block-list\">\n<li class=\"\"><strong>Arka Plan G\u00fcr\u00fclt\u00fcs\u00fc<\/strong>: De\u011fi\u015fen foto\u011fraf kalitelerine ra\u011fmen do\u011fru d\u00f6n\u00fc\u015f\u00fcmlerin sa\u011flanmas\u0131.<\/li>\n<\/ul>\n\n\n\n<h4 class=\"wp-block-heading\" id=\"suggestions\">\u00d6neriler<\/h4>\n\n\n\n<ul class=\"wp-block-list\">\n<li class=\"\"><strong>Stilleri Geni\u015fletin<\/strong>: Daha geni\u015f bir kitleye hitap etmek i\u00e7in daha fazla sanatsal stil sunun.<\/li>\n\n\n\n<li class=\"\"><strong>Geli\u015ftirilmi\u015f Ara\u00e7lar<\/strong>: Daha fazla \u00f6zelle\u015ftirme i\u00e7in ek \u00f6zellikler geli\u015ftirin.<\/li>\n<\/ul>\n\n\n\n<h3 class=\"wp-block-heading\" id=\"10-related-information-and-tools\">10 \u0130lgili Bilgi ve Ara\u00e7lar<\/h3>\n\n\n\n<figure class=\"wp-block-table\"><table class=\"has-fixed-layout\"><thead><tr><th>Web sitesi<\/th><th>\u00d6zellikler<\/th><th>Avantajlar<\/th><th>Dezavantajlar<\/th><th>\u00d6neriler<\/th><\/tr><\/thead><tbody><tr><td><a href=\"https:\/\/aiartfree.online\/tr\/arcane-ai\/\" data-type=\"link\" data-id=\"https:\/\/aiartfree.online\/auto-draft\/\">Arcane Yapay Zeka<\/a><\/td><td>Arcane tarz\u0131 d\u00f6n\u00fc\u015f\u00fcmler<\/td><td>Y\u00fcksek kalite, kullan\u0131c\u0131 dostu<\/td><td>Tek bir stil ile s\u0131n\u0131rl\u0131<\/td><td>Stilleri geni\u015fletin<\/td><\/tr><tr><td>DeepArt.io<\/td><td>\u00c7e\u015fitli sanatsal stiller<\/td><td>\u00c7oklu stiller, kullan\u0131m\u0131 kolay<\/td><td>\u00dccretli \u00f6zellikler<\/td><td>Daha fazla \u00fccretsiz se\u00e7enek<\/td><\/tr><tr><td>Prisma<\/td><td>Foto\u011fraftan resme d\u00f6n\u00fc\u015f\u00fcmler<\/td><td>Bir\u00e7ok filtre, sosyal payla\u015f\u0131m<\/td><td>Uygulama y\u00fcklemesi gerektirir<\/td><td>Web tabanl\u0131 s\u00fcr\u00fcm<\/td><\/tr><tr><td>BeFunky<\/td><td>Foto\u011fraf d\u00fczenleme ara\u00e7lar\u0131<\/td><td>\u00c7ok y\u00f6nl\u00fc aletler, kullan\u0131m\u0131 kolay<\/td><td>Baz\u0131 \u00f6zellikler \u00fccretlidir<\/td><td>Daha fazla \u00fccretsiz ara\u00e7<\/td><\/tr><tr><td>GoArt<\/td><td>AI foto\u011fraf sanat\u0131 olu\u015fturucu<\/td><td>Farkl\u0131 stiller, basit kullan\u0131c\u0131 aray\u00fcz\u00fc<\/td><td>S\u0131n\u0131rl\u0131 \u00fccretsiz s\u00fcr\u00fcm<\/td><td>Serbest limitleri art\u0131r\u0131n<\/td><\/tr><tr><td>Lunapic<\/td><td>\u00c7evrimi\u00e7i foto\u011fraf d\u00fczenleme<\/td><td>Bir\u00e7ok d\u00fczenleme se\u00e7ene\u011fi<\/td><td>Eski aray\u00fcz<\/td><td>Kullan\u0131c\u0131 Aray\u00fcz\u00fcn\u00fc Modernize Edin<\/td><\/tr><tr><td>Fotor<\/td><td>Grafik tasar\u0131m ve d\u00fczenleme<\/td><td>Kapsaml\u0131 ara\u00e7 seti<\/td><td>\u00dccretsiz s\u00fcr\u00fcmde reklamlar<\/td><td>Reklams\u0131z deneyim<\/td><\/tr><tr><td>Pikazo<\/td><td>Yapay zeka destekli foto\u011fraf sanat\u0131<\/td><td>Benzersiz stiller, kullan\u0131m\u0131 kolay<\/td><td>Kay\u0131t gerektirir<\/td><td>Kay\u0131t se\u00e7ene\u011fi yok<\/td><\/tr><tr><td>Yapay Zeka Ressam\u0131<\/td><td>Yapay zeka g\u00fcd\u00fcml\u00fc sanat yarat\u0131m\u0131<\/td><td>Y\u00fcksek kaliteli sonu\u00e7lar, basit<\/td><td>Birka\u00e7 stil<\/td><td>Daha fazla stil se\u00e7ene\u011fi<\/td><\/tr><tr><td>Artisto<\/td><td>Videodan sanata d\u00f6n\u00fc\u015f\u00fcmler<\/td><td>Video d\u00fczenleme, \u00e7e\u015fitli stiller<\/td><td>Videolarla s\u0131n\u0131rl\u0131d\u0131r<\/td><td>Foto\u011fraf se\u00e7enekleri ekleyin<\/td><\/tr><\/tbody><\/table><\/figure>\n\n\n\n<h3 class=\"wp-block-heading\" id=\"faq\">SSS<\/h3>\n\n\n\n<h4 class=\"wp-block-heading\" id=\"1-how-do-i-enhance-a-photo\">1. Bir foto\u011fraf\u0131 nas\u0131l geli\u015ftirebilirim?<\/h4>\n\n\n\n<p class=\"\">Kolay geli\u015ftirmeler i\u00e7in Arcane AI gibi yapay zeka destekli ara\u00e7lar\u0131 kullan\u0131n.<\/p>\n\n\n\n<h4 class=\"wp-block-heading\" id=\"2-can-i-use-arcane-ai-for-free\">2. Arcane AI'y\u0131 \u00fccretsiz kullanabilir miyim?<\/h4>\n\n\n\n<p class=\"\">Evet, Arcane AI 100% \u00fccretsizdir.<\/p>\n\n\n\n<h4 class=\"wp-block-heading\" id=\"3-do-i-need-to-sign-up-to-use-arcane-ai\">3. Arcane AI kullanmak i\u00e7in kaydolmam gerekiyor mu?<\/h4>\n\n\n\n<p class=\"\">Hay\u0131r, kay\u0131t gerekli de\u011fildir.<\/p>\n\n\n\n<h4 class=\"wp-block-heading\" id=\"4-what-kind-of-photos-work-best-with-arcane-ai\">4. Arcane AI ile en iyi ne t\u00fcr foto\u011fraflar \u00e7al\u0131\u015f\u0131r?<\/h4>\n\n\n\n<p class=\"\">Y\u00fcksek kaliteli, iyi ayd\u0131nlat\u0131lm\u0131\u015f portreler en iyi sonu\u00e7lar\u0131 verir.<\/p>\n\n\n\n<h4 class=\"wp-block-heading\" id=\"5-is-there-a-limit-to-how-many-photos-i-can-convert\">5. Ka\u00e7 foto\u011fraf\u0131 d\u00f6n\u00fc\u015ft\u00fcrebilece\u011fime dair bir s\u0131n\u0131r var m\u0131?<\/h4>\n\n\n\n<p class=\"\">Hay\u0131r, s\u0131n\u0131rs\u0131z say\u0131da foto\u011fraf\u0131 d\u00f6n\u00fc\u015ft\u00fcrebilirsiniz.<\/p>\n\n\n\n<h4 class=\"wp-block-heading\" id=\"6-can-i-use-arcane-ai-on-my-phone\">6. Arcane AI'yi telefonumda kullanabilir miyim?<\/h4>\n\n\n\n<p class=\"\">Evet, araca hem mobil hem de masa\u00fcst\u00fc cihazlardan eri\u015filebilir.<\/p>\n\n\n\n<h4 class=\"wp-block-heading\" id=\"7-what-file-formats-are-supported-by-arcane-ai\">7. Arcane AI taraf\u0131ndan hangi dosya formatlar\u0131 desteklenir?<\/h4>\n\n\n\n<p class=\"\">JPG, PNG gibi yayg\u0131n formatlar desteklenir.<\/p>\n\n\n\n<h4 class=\"wp-block-heading\" id=\"8-how-long-does-the-conversion-process-take\">8. D\u00f6n\u00fc\u015f\u00fcm s\u00fcreci ne kadar s\u00fcr\u00fcyor?<\/h4>\n\n\n\n<p class=\"\">Foto\u011fraf boyutuna ba\u011fl\u0131 olarak genellikle birka\u00e7 saniye ile bir dakika aras\u0131nda s\u00fcrer.<\/p>\n\n\n\n<h4 class=\"wp-block-heading\" id=\"9-can-i-edit-the-arcane-style-photo-after-conversion\">9. Arcane tarz\u0131 foto\u011fraf\u0131 d\u00f6n\u00fc\u015ft\u00fcrd\u00fckten sonra d\u00fczenleyebilir miyim?<\/h4>\n\n\n\n<p class=\"\">Evet, di\u011fer ara\u00e7lar\u0131 kullanarak foto\u011fraf\u0131 daha fazla d\u00fczenleyebilirsiniz.<\/p>\n\n\n\n<h4 class=\"wp-block-heading\" id=\"10-are-there-other-styles-available-besides-arcane\">10. Arcane d\u0131\u015f\u0131nda ba\u015fka stiller de var m\u0131?<\/h4>\n\n\n\n<p class=\"\">\u015eu anda Arcane AI, Arcane stiline odaklanmaktad\u0131r, ancak gelecekte daha fazla stil eklenebilir.<\/p>\n\n\n\n<h3 class=\"wp-block-heading\" id=\"summary\">\u00d6zet<\/h3>\n\n\n\n<p class=\"\">Arcane AI, portreleri \u00e7arp\u0131c\u0131 Arcane tarz\u0131 sanat eserlerine d\u00f6n\u00fc\u015ft\u00fcrmek i\u00e7in g\u00fc\u00e7l\u00fc, kullan\u0131c\u0131 dostu bir ara\u00e7t\u0131r. \u00dccretsiz ve s\u0131n\u0131rs\u0131z kullan\u0131m\u0131 onu herkes i\u00e7in eri\u015filebilir k\u0131l\u0131yor. Zahmetsizce benzersiz, g\u00f6z al\u0131c\u0131 g\u00f6r\u00fcnt\u00fcler olu\u015fturmak i\u00e7in Arcane AI'yi bug\u00fcn kullanmaya ba\u015flay\u0131n.<\/p>\n\n\n\n<p class=\"\">Arcane AI'yi \u015fimdi deneyin ve foto\u011fraflar\u0131n\u0131z\u0131 Arcane tarz\u0131 muhte\u015fem sanat eserlerine d\u00f6n\u00fc\u015ft\u00fcr\u00fcn <a href=\"https:\/\/aiartfree.online\/tr\/arcane-ai\/\">Arcane Yapay Zeka<\/a>.<\/p>\n\n\n\n<p class=\"\">Ba\u015fka sorular\u0131n\u0131z varsa, bunu sorabilirsiniz <a href=\"https:\/\/chatgpt4o.space\/\" data-type=\"link\" data-id=\"https:\/\/chatgpt4o.space\/\" target=\"_blank\" rel=\"noreferrer noopener\">\u00fccretsiz \u00e7evrimi\u00e7i Sohbet GPT 4o<\/a>.<\/p>","protected":false},"excerpt":{"rendered":"<p>Before vs After How to use the Arcane AI * Feel free to try our examples below if you don&#8217;t have any thoughts in your mind *&nbsp;Depending on your internet speed, loading the model may take up to 10 seconds \u2193 Arcane AI: Transform Your Portraits into Stunning Arcane Art Outline This article explores Arcane &#8230; <a title=\"Arcane Yapay Zeka\" class=\"read-more\" href=\"https:\/\/aiartfree.online\/tr\/arcane-ai\/\" aria-label=\"Read more about Arcane AI\">Devam\u0131n\u0131 oku<\/a><\/p>","protected":false},"author":1,"featured_media":3434,"parent":0,"menu_order":0,"comment_status":"open","ping_status":"closed","template":"","meta":{"nf_dc_page":"","footnotes":""},"class_list":["post-3430","page","type-page","status-publish","has-post-thumbnail"],"jetpack_sharing_enabled":true,"_links":{"self":[{"href":"https:\/\/aiartfree.online\/tr\/wp-json\/wp\/v2\/pages\/3430","targetHints":{"allow":["GET"]}}],"collection":[{"href":"https:\/\/aiartfree.online\/tr\/wp-json\/wp\/v2\/pages"}],"about":[{"href":"https:\/\/aiartfree.online\/tr\/wp-json\/wp\/v2\/types\/page"}],"author":[{"embeddable":true,"href":"https:\/\/aiartfree.online\/tr\/wp-json\/wp\/v2\/users\/1"}],"replies":[{"embeddable":true,"href":"https:\/\/aiartfree.online\/tr\/wp-json\/wp\/v2\/comments?post=3430"}],"version-history":[{"count":0,"href":"https:\/\/aiartfree.online\/tr\/wp-json\/wp\/v2\/pages\/3430\/revisions"}],"wp:featuredmedia":[{"embeddable":true,"href":"https:\/\/aiartfree.online\/tr\/wp-json\/wp\/v2\/media\/3434"}],"wp:attachment":[{"href":"https:\/\/aiartfree.online\/tr\/wp-json\/wp\/v2\/media?parent=3430"}],"curies":[{"name":"wp","href":"https:\/\/api.w.org\/{rel}","templated":true}]}}