{"id":3412,"date":"2024-08-01T08:56:22","date_gmt":"2024-08-01T08:56:22","guid":{"rendered":"https:\/\/aiartfree.online\/?page_id=3412"},"modified":"2024-08-01T09:11:21","modified_gmt":"2024-08-01T09:11:21","slug":"speech-to-text","status":"publish","type":"page","link":"https:\/\/aiartfree.online\/tr\/konusmadan-metne\/","title":{"rendered":"Konu\u015fmadan Metne"},"content":{"rendered":"<h2 class=\"wp-block-heading\">Konu\u015fmay\u0131 Metne D\u00f6n\u00fc\u015ft\u00fcrme nas\u0131l kullan\u0131l\u0131r?<\/h2>\n\n\n\n<ol class=\"wp-block-list\">\n<li class=\"\">Ses dosyan\u0131z\u0131 y\u00fckleyin, bir saniye bekleyin<\/li>\n\n\n\n<li class=\"\">\"Sesi Yaz\u0131ya D\u00f6k\" se\u00e7ene\u011fine t\u0131klay\u0131n<\/li>\n\n\n\n<li class=\"\">Bekle, i\u015fte bu!<\/li>\n<\/ol>\n\n\n\n<p class=\"\">* Kay\u0131t \u015fu anda mevcut de\u011fil<\/p>\n\n\n\n<p class=\"\"><em>* \u0130nternet h\u0131z\u0131n\u0131za ba\u011fl\u0131 olarak, modelin y\u00fcklenmesi zaman alabilir <\/em>10 saniyeye kadar \u2193<\/p>\n\n\n\n<div style=\"text-align: center; border: 2px solid; border-image-source: linear-gradient(to right, #16b86c, #912899); border-image-slice: 1; box-shadow: 0 0 10px rgba(0, 0, 0, 0.1); border-radius: 15px; position: relative;\">\n  <div class=\"loading\" style=\"position: absolute; top: 100px; left: 50%; transform: translate(-50%, -50%); width: 40px; height: 40px; border: 3px solid #f0f0f0; border-top: 3px solid #16b86c; border-radius: 50%; animation: spin 1s linear infinite;\"><\/div>\n  <iframe loading=\"lazy\"\n    src=\"https:\/\/xenova-whisper-web.static.hf.space\"\n    frameborder=\"0\"\n    width=\"100%\"\n    height=\"900\"\n    style=\"display: inline-block; margin: 0 auto; opacity: 0; transition: opacity 0.3s;\"\n    onload=\"this.style.opacity=1;this.previousElementSibling.style.display='none';\"\n  ><\/iframe>\n<\/div>\n<style>\n@keyframes spin {\n  0% { transform: translate(-50%, -50%) rotate(0deg); }\n  100% { transform: translate(-50%, -50%) rotate(360deg); }\n}\n<\/style>\n\n\n\n<div style=\"height:80px\" aria-hidden=\"true\" class=\"wp-block-spacer\"><\/div>\n\n\n\n<h2 class=\"wp-block-heading\">Konu\u015fmay\u0131 Metne D\u00f6n\u00fc\u015ft\u00fcrmek i\u00e7in Nihai K\u0131lavuz<\/h2>\n\n\n\n<h3 class=\"wp-block-heading\">\u00d6zet Anahatlar<\/h3>\n\n\n\n<p class=\"\">Bu makale, tan\u0131m\u0131, avantajlar\u0131, temel \u00f6zellikleri, hedef kitlesi ve kullan\u0131m talimatlar\u0131 dahil olmak \u00fczere konu\u015fmadan metne teknolojisine kapsaml\u0131 bir genel bak\u0131\u015f sa\u011flar. \u00c7e\u015fitli kullan\u0131m durumlar\u0131n\u0131 vurgulamakta ve ilgili 10 web sitesinden en iyi ara\u00e7lar\u0131n ve bilgilerin ayr\u0131nt\u0131l\u0131 bir kar\u015f\u0131la\u015ft\u0131rmas\u0131n\u0131 sunmaktad\u0131r. Makale, sekt\u00f6r\u00fcn art\u0131lar\u0131 ve eksilerinin tart\u0131\u015f\u0131lmas\u0131 ve s\u0131k\u00e7a sorulan sorulara verilen yan\u0131tlarla sona ermektedir.<\/p>\n\n\n\n<figure class=\"wp-block-image size-large is-resized\"><img data-recalc-dims=\"1\" data-dominant-color=\"f3f5f6\" data-has-transparency=\"false\" decoding=\"async\" width=\"1024\" height=\"616\"   loading=\"lazy\" src=\"https:\/\/i0.wp.com\/aiartfree.online\/wp-content\/uploads\/2024\/08\/WX20240801-130434%402x-1-1024x616.webp?resize=1024%2C616&#038;ssl=1\" alt=\"Ses tan\u0131ma veya konu\u015fma tan\u0131ma olarak da bilinen Konu\u015fmadan Metne, konu\u015fulan kelimeleri yaz\u0131l\u0131 metne d\u00f6n\u00fc\u015ft\u00fcren bir teknolojidir. \u0130nsan konu\u015fmas\u0131n\u0131 ger\u00e7ek zamanl\u0131 olarak veya kaydedilmi\u015f ses dosyalar\u0131ndan anlamak ve yaz\u0131ya d\u00f6kmek i\u00e7in sofistike algoritmalardan ve yapay zekadan yararlan\u0131r.\" class=\"wp-image-3418 not-transparent\" style=\"--dominant-color: #f3f5f6; width:691px;height:auto\" srcset=\"https:\/\/i0.wp.com\/aiartfree.online\/wp-content\/uploads\/2024\/08\/WX20240801-130434%402x-1-jpg.webp?resize=1024%2C616&amp;ssl=1 1024w, https:\/\/i0.wp.com\/aiartfree.online\/wp-content\/uploads\/2024\/08\/WX20240801-130434%402x-1-jpg.webp?resize=300%2C180&amp;ssl=1 300w, https:\/\/i0.wp.com\/aiartfree.online\/wp-content\/uploads\/2024\/08\/WX20240801-130434%402x-1-jpg.webp?resize=768%2C462&amp;ssl=1 768w, https:\/\/i0.wp.com\/aiartfree.online\/wp-content\/uploads\/2024\/08\/WX20240801-130434%402x-1-jpg.webp?resize=1536%2C923&amp;ssl=1 1536w, https:\/\/i0.wp.com\/aiartfree.online\/wp-content\/uploads\/2024\/08\/WX20240801-130434%402x-1-jpg.webp?resize=18%2C12&amp;ssl=1 18w, https:\/\/i0.wp.com\/aiartfree.online\/wp-content\/uploads\/2024\/08\/WX20240801-130434%402x-1-jpg.webp?resize=600%2C361&amp;ssl=1 600w, https:\/\/i0.wp.com\/aiartfree.online\/wp-content\/uploads\/2024\/08\/WX20240801-130434%402x-1-jpg.webp?w=1898&amp;ssl=1 1898w\" sizes=\"auto, (max-width: 1024px) 100vw, 1024px\" \/><\/figure>\n\n\n\n<h3 class=\"wp-block-heading\">\u0130\u00e7indekiler<\/h3>\n\n\n\n<ol class=\"wp-block-list\">\n<li class=\"\"><a href=\"#what-is-speech-to-text\">Konu\u015fmadan Metne Nedir?<\/a><\/li>\n\n\n\n<li class=\"\"><a href=\"#why-use-speech-to-text\">Neden Konu\u015fmay\u0131 Metne D\u00f6n\u00fc\u015ft\u00fcrme Kullan\u0131lmal\u0131?<\/a><\/li>\n\n\n\n<li class=\"\"><a href=\"#main-features-of-speech-to-text\">Konu\u015fmay\u0131 Metne D\u00f6n\u00fc\u015ft\u00fcrmenin Temel \u00d6zellikleri<\/a><\/li>\n\n\n\n<li class=\"\"><a href=\"#who-should-use-speech-to-text\">Konu\u015fmay\u0131 Metne D\u00f6n\u00fc\u015ft\u00fcrmeyi Kimler Kullanmal\u0131?<\/a><\/li>\n\n\n\n<li class=\"\"><a href=\"#how-to-use-speech-to-text\">Konu\u015fmay\u0131 Metne D\u00f6n\u00fc\u015ft\u00fcrme Nas\u0131l Kullan\u0131l\u0131r<\/a><\/li>\n\n\n\n<li class=\"\"><a href=\"#speech-to-text-use-cases\">Konu\u015fmadan Metne Kullan\u0131m \u00d6rnekleri<\/a><\/li>\n\n\n\n<li class=\"\"><a href=\"#top-10-tools-and-information\">En \u0130yi 10 Ara\u00e7 ve Bilgi<\/a><\/li>\n\n\n\n<li class=\"\"><a href=\"#industry-pros-and-cons\">Sekt\u00f6r\u00fcn Art\u0131lar\u0131 ve Eksileri<\/a><\/li>\n\n\n\n<li class=\"\"><a href=\"#faq\">SSS<\/a><\/li>\n\n\n\n<li class=\"\"><a href=\"#summary\">\u00d6zet<\/a><\/li>\n<\/ol>\n\n\n\n<h2 class=\"wp-block-heading\">Konu\u015fmadan Metne Nedir?<\/h2>\n\n\n\n<p class=\"\">Ses tan\u0131ma veya konu\u015fma tan\u0131ma olarak da bilinen Konu\u015fmadan Metne, konu\u015fulan kelimeleri yaz\u0131l\u0131 metne d\u00f6n\u00fc\u015ft\u00fcren bir teknolojidir. \u0130nsan konu\u015fmas\u0131n\u0131 ger\u00e7ek zamanl\u0131 olarak veya kaydedilmi\u015f ses dosyalar\u0131ndan anlamak ve yaz\u0131ya d\u00f6kmek i\u00e7in sofistike algoritmalardan ve yapay zekadan yararlan\u0131r.<\/p>\n\n\n\n<h2 class=\"wp-block-heading\">Neden Konu\u015fmay\u0131 Metne D\u00f6n\u00fc\u015ft\u00fcrme Kullan\u0131lmal\u0131?<\/h2>\n\n\n\n<p class=\"\">Konu\u015fmadan Metne teknolojisi \u00e7ok say\u0131da avantaj sunarak onu \u00e7e\u015fitli kullan\u0131c\u0131lar ve sekt\u00f6rler i\u00e7in \u00f6nemli bir ara\u00e7 haline getirmektedir. Temel avantajlar \u015funlard\u0131r:<\/p>\n\n\n\n<ul class=\"wp-block-list\">\n<li class=\"\"><strong>Verimlilik<\/strong>: Yaz\u0131l\u0131 i\u00e7erik olu\u015fturma s\u00fcrecini h\u0131zland\u0131r\u0131r.<\/li>\n\n\n\n<li class=\"\"><strong>Eri\u015filebilirlik<\/strong>: Engelli veya sesli giri\u015fi tercih eden bireylere yard\u0131mc\u0131 olur.<\/li>\n\n\n\n<li class=\"\"><strong>Kolayl\u0131k<\/strong>: Eller serbest \u00e7al\u0131\u015fmaya ve \u00e7oklu g\u00f6revlere izin verir.<\/li>\n\n\n\n<li class=\"\"><strong>Do\u011fruluk<\/strong>: Geli\u015fmi\u015f algoritmalar hatalar\u0131 azalt\u0131r ve transkripsiyon kalitesini art\u0131r\u0131r.<\/li>\n\n\n\n<li class=\"\"><strong>\u00c7ok Y\u00f6nl\u00fcl\u00fck<\/strong>: Birden fazla dili destekler ve Google Docs ve Google Drive gibi di\u011fer ara\u00e7larla entegre edilebilir.<\/li>\n<\/ul>\n\n\n\n<h2 class=\"wp-block-heading\">Konu\u015fmay\u0131 Metne D\u00f6n\u00fc\u015ft\u00fcrmenin Temel \u00d6zellikleri<\/h2>\n\n\n\n<h3 class=\"wp-block-heading\">Ger\u00e7ek Zamanl\u0131 Transkripsiyon<\/h3>\n\n\n\n<p class=\"\">Konu\u015fulan kelimeleri an\u0131nda metne d\u00f6n\u00fc\u015ft\u00fcrerek an\u0131nda geri bildirim sa\u011flar ve sorunsuz ileti\u015fim ve dok\u00fcmantasyona olanak tan\u0131r.<\/p>\n\n\n\n<h3 class=\"wp-block-heading\">Ses Dosyas\u0131 Transkripsiyonu<\/h3>\n\n\n\n<p class=\"\">\u00d6nceden kaydedilmi\u015f ses dosyalar\u0131n\u0131 i\u015fleyerek toplant\u0131lar\u0131n, derslerin ve r\u00f6portajlar\u0131n yaz\u0131ya d\u00f6k\u00fclmesini kolayla\u015ft\u0131r\u0131r.<\/p>\n\n\n\n<h3 class=\"wp-block-heading\">\u00c7oklu Dil Deste\u011fi<\/h3>\n\n\n\n<p class=\"\">\u00c7e\u015fitli dillerdeki konu\u015fmalar\u0131 tan\u0131r ve yaz\u0131ya d\u00f6ker, k\u00fcresel bir kitleye hitap eder.<\/p>\n\n\n\n<h3 class=\"wp-block-heading\">Sesle Yazma ve Kontrol<\/h3>\n\n\n\n<p class=\"\">Kullan\u0131c\u0131lar\u0131n sesli komutlar kullanarak cihazlar\u0131n\u0131 yazmalar\u0131n\u0131 ve kontrol etmelerini sa\u011flayarak \u00fcretkenli\u011fi ve eri\u015filebilirli\u011fi art\u0131r\u0131r.<\/p>\n\n\n\n<h3 class=\"wp-block-heading\">Arka Plan G\u00fcr\u00fclt\u00fcs\u00fc \u0130\u015fleme<\/h3>\n\n\n\n<p class=\"\">Transkripsiyonlar\u0131n do\u011frulu\u011funu art\u0131rmak i\u00e7in arka plan g\u00fcr\u00fclt\u00fcs\u00fcn\u00fc filtreleyerek net ve kesin metin \u00e7\u0131kt\u0131s\u0131 sa\u011flar.<\/p>\n\n\n\n<h2 class=\"wp-block-heading\">Konu\u015fmay\u0131 Metne D\u00f6n\u00fc\u015ft\u00fcrmeyi Kimler Kullanmal\u0131?<\/h2>\n\n\n\n<h3 class=\"wp-block-heading\">Engelli Bireyler<\/h3>\n\n\n\n<p class=\"\">Fiziksel k\u0131s\u0131tlamalar\u0131 olanlar i\u00e7in de\u011ferli bir ara\u00e7 sa\u011flayarak sesli komutlar arac\u0131l\u0131\u011f\u0131yla teknolojiyle etkile\u015fime girmelerine olanak tan\u0131r.<\/p>\n\n\n\n<h3 class=\"wp-block-heading\">Profesyoneller ve \u00d6\u011frenciler<\/h3>\n\n\n\n<p class=\"\">Belge olu\u015fturmak, not almak ve toplant\u0131lar\u0131 veya dersleri h\u0131zl\u0131 ve do\u011fru bir \u015fekilde yaz\u0131ya d\u00f6kmek i\u00e7in idealdir.<\/p>\n\n\n\n<h3 class=\"wp-block-heading\">\u0130\u00e7erik Olu\u015fturucular<\/h3>\n\n\n\n<p class=\"\">Konu\u015fulan fikirleri metne d\u00f6n\u00fc\u015ft\u00fcrerek i\u00e7erik olu\u015fturman\u0131n verimlili\u011fini art\u0131r\u0131r, zamandan ve emekten tasarruf sa\u011flar.<\/p>\n\n\n\n<h3 class=\"wp-block-heading\">\u00c7ok Dilli Kullan\u0131c\u0131lar<\/h3>\n\n\n\n<p class=\"\">Farkl\u0131 dillerdeki konu\u015fmalar\u0131 yaz\u0131ya d\u00f6kmesi gereken kullan\u0131c\u0131lara yard\u0131mc\u0131 olur, dil engellerini a\u015farak ileti\u015fimi ve dok\u00fcmantasyonu kolayla\u015ft\u0131r\u0131r.<\/p>\n\n\n\n<h2 class=\"wp-block-heading\">Konu\u015fmay\u0131 Metne D\u00f6n\u00fc\u015ft\u00fcrme Nas\u0131l Kullan\u0131l\u0131r<\/h2>\n\n\n\n<h3 class=\"wp-block-heading\">Ad\u0131m Ad\u0131m Talimatlar<\/h3>\n\n\n\n<ol class=\"wp-block-list\">\n<li class=\"\"><strong>Bir Ara\u00e7 Se\u00e7in<\/strong>: A\u015fa\u011f\u0131daki gibi g\u00fcvenilir bir konu\u015fmadan metne arac\u0131 se\u00e7in <a href=\"https:\/\/aiartfree.online\/tr\/konusmadan-metne\/\">aiartfree.online<\/a>.<\/li>\n\n\n\n<li class=\"\"><strong>Uygulamay\u0131 A\u00e7\u0131n<\/strong>: Cihaz\u0131n\u0131zdaki web uygulamas\u0131na eri\u015fin.<\/li>\n\n\n\n<li class=\"\"><strong>Mikrofona dokunun<\/strong>: Kayd\u0131 ba\u015flatmak i\u00e7in mikrofonu etkinle\u015ftirin.<\/li>\n\n\n\n<li class=\"\"><strong>A\u00e7\u0131k\u00e7a Konu\u015fun<\/strong>: Net konu\u015ftu\u011funuzdan ve arka plan g\u00fcr\u00fclt\u00fcs\u00fcnden ka\u00e7\u0131nd\u0131\u011f\u0131n\u0131zdan emin olun.<\/li>\n\n\n\n<li class=\"\"><strong>D\u00fczenle ve Kaydet<\/strong>: Transkripsiyonu do\u011fruluk a\u00e7\u0131s\u0131ndan g\u00f6zden ge\u00e7irin, gerekli d\u00fczenlemeleri yap\u0131n ve belgeyi kaydedin.<\/li>\n<\/ol>\n\n\n\n<h2 class=\"wp-block-heading\">Konu\u015fmadan Metne Kullan\u0131m \u00d6rnekleri<\/h2>\n\n\n\n<h3 class=\"wp-block-heading\">Akademik Transkripsiyon<\/h3>\n\n\n\n<p class=\"\">\u00d6\u011frenciler ve e\u011fitimciler, kolay referans ve \u00e7al\u0131\u015fma i\u00e7in dersleri ve ara\u015ft\u0131rma g\u00f6r\u00fc\u015fmelerini yaz\u0131ya d\u00f6kebilir.<\/p>\n\n\n\n<h3 class=\"wp-block-heading\">\u0130\u015f Toplant\u0131lar\u0131<\/h3>\n\n\n\n<p class=\"\">Profesyoneller, do\u011fru kay\u0131t tutma ve payla\u015f\u0131m i\u00e7in toplant\u0131lar\u0131, beyin f\u0131rt\u0131nas\u0131 oturumlar\u0131n\u0131 ve konferanslar\u0131 yaz\u0131ya d\u00f6kebilir.<\/p>\n\n\n\n<h3 class=\"wp-block-heading\">\u0130\u00e7erik Olu\u015fturma<\/h3>\n\n\n\n<p class=\"\">Yazarlar ve blog yazarlar\u0131 fikirlerini ve i\u00e7eriklerini dikte ederek yazma s\u00fcrecini h\u0131zland\u0131rabilirler.<\/p>\n\n\n\n<h3 class=\"wp-block-heading\">Eri\u015filebilirlik<\/h3>\n\n\n\n<p class=\"\">Engelli bireyler, teknolojiyle daha kolay etkile\u015fim kurmak ve yazmadan belge olu\u015fturmak i\u00e7in konu\u015fmadan metne \u00f6zelli\u011fini kullanabilir.<\/p>\n\n\n\n<h3 class=\"wp-block-heading\">M\u00fc\u015fteri Hizmetleri<\/h3>\n\n\n\n<p class=\"\">\u0130\u015fletmeler, kalite kontrol ve e\u011fitim amac\u0131yla m\u00fc\u015fteri \u00e7a\u011fr\u0131lar\u0131n\u0131 yaz\u0131ya d\u00f6kebilir.<\/p>\n\n\n\n<h2 class=\"wp-block-heading\">En \u0130yi 10 Ara\u00e7 ve Bilgi<\/h2>\n\n\n\n<figure class=\"wp-block-table\"><table class=\"has-fixed-layout\"><thead><tr><th>Ara\u00e7\/Web Sitesi<\/th><th>\u00d6zellikler<\/th><th>Avantajlar<\/th><th>Zorluklar<\/th><th>Tavsiyeler<\/th><\/tr><\/thead><tbody><tr><td><a>Google Docs Sesli Yazma<\/a><\/td><td>Google Docs ile entegrasyon, ger\u00e7ek zamanl\u0131 transkripsiyon<\/td><td>Kullan\u0131m\u0131 kolay, kay\u0131t gerekmez<\/td><td>\u0130nternet ba\u011flant\u0131s\u0131 gerektirir<\/td><td>Google Drive kullan\u0131c\u0131lar\u0131 i\u00e7in ideal<\/td><\/tr><tr><td><a href=\"https:\/\/otter.ai\/\" target=\"_blank\" rel=\"noopener\">Otter.ai<\/a><\/td><td>Geli\u015fmi\u015f yapay zeka, ger\u00e7ek zamanl\u0131 transkripsiyon<\/td><td>\u00c7oklu dil deste\u011fi, i\u015fbirli\u011fine dayal\u0131 \u00f6zellikler<\/td><td>S\u0131n\u0131rl\u0131 \u00fccretsiz s\u00fcr\u00fcm<\/td><td>Ekip i\u015fbirli\u011fi i\u00e7in en iyisi<\/td><\/tr><tr><td><a href=\"https:\/\/www.rev.com\/\" target=\"_blank\" rel=\"noopener\">Rev.com<\/a><\/td><td>\u0130nsan transkripsiyon hizmetleri<\/td><td>Y\u00fcksek do\u011fruluk, h\u0131zl\u0131 geri d\u00f6n\u00fc\u015f<\/td><td>\u00dccretli hizmet<\/td><td>Y\u00fcksek kaliteli transkripsiyonlar i\u00e7in uygundur<\/td><\/tr><tr><td><a href=\"https:\/\/www.temi.com\/\" target=\"_blank\" rel=\"noopener\">Temi.com<\/a><\/td><td>Otomatik transkripsiyon<\/td><td>Uygun fiyatl\u0131, h\u0131zl\u0131<\/td><td>\u0130nsan hizmetlerinden daha d\u00fc\u015f\u00fck do\u011fruluk<\/td><td>H\u0131zl\u0131, d\u00fc\u015f\u00fck maliyetli transkripsiyonlar i\u00e7in iyi<\/td><\/tr><tr><td><a href=\"https:\/\/www.descript.com\/\" target=\"_blank\" rel=\"noopener\">Tan\u0131mlama<\/a><\/td><td>Ses ve video transkripsiyonu, d\u00fczenleme \u00f6zellikleri<\/td><td>D\u00fczenleme yaz\u0131l\u0131m\u0131 ile entegre olur, do\u011fru<\/td><td>Abonelik gerektirir<\/td><td>Podcast yay\u0131nc\u0131lar\u0131 ve video edit\u00f6rleri i\u00e7in harika<\/td><\/tr><tr><td><a href=\"https:\/\/www.trint.com\/\" target=\"_blank\" rel=\"noopener\">Trint<\/a><\/td><td>Yapay zeka transkripsiyon, d\u00fczenleme ara\u00e7lar\u0131<\/td><td>Y\u00fcksek do\u011fruluk, kullan\u0131m\u0131 kolay<\/td><td>S\u0131n\u0131rl\u0131 \u00fccretsiz s\u00fcr\u00fcm<\/td><td>Gazeteciler ve ara\u015ft\u0131rmac\u0131lar i\u00e7in en iyisi<\/td><\/tr><tr><td><a href=\"https:\/\/sonix.ai\/\" target=\"_blank\" rel=\"noopener\">Sonix.ai<\/a><\/td><td>Otomatik transkripsiyon, \u00e7oklu dil deste\u011fi<\/td><td>Do\u011fru, h\u0131zl\u0131<\/td><td>Abonelik gerekli<\/td><td>\u00c7ok dilli kullan\u0131c\u0131lar i\u00e7in ideal<\/td><\/tr><tr><td><a href=\"https:\/\/www.speechtexter.com\/\" target=\"_blank\" rel=\"noopener\">SpeechTexter<\/a><\/td><td>Ger\u00e7ek zamanl\u0131 transkripsiyon, bir\u00e7ok dili destekler<\/td><td>\u00dccretsiz, kay\u0131t gerekmiyor<\/td><td>\u0130nternet ba\u011flant\u0131s\u0131 gerekli<\/td><td>S\u0131radan kullan\u0131c\u0131lar i\u00e7in en iyisi<\/td><\/tr><tr><td><a>Nuance Dragon<\/a><\/td><td>Profesyonel d\u00fczeyde transkripsiyon yaz\u0131l\u0131m\u0131<\/td><td>Son derece hassas, \u00f6zelle\u015ftirilebilir<\/td><td>Pahal\u0131<\/td><td>Profesyonel kullan\u0131m i\u00e7in uygundur<\/td><\/tr><tr><td><a href=\"https:\/\/azure.microsoft.com\/en-us\/services\/cognitive-services\/speech-to-text\/\" target=\"_blank\" rel=\"noopener\">Microsoft Azure Konu\u015fma<\/a><\/td><td>Bulut tabanl\u0131, \u00f6l\u00e7eklenebilir<\/td><td>Y\u00fcksek do\u011fruluk, di\u011fer Microsoft hizmetleriyle entegrasyon<\/td><td>Teknik bilgi gerektirir<\/td><td>Kurumsal \u00e7\u00f6z\u00fcmler i\u00e7in en iyisi<\/td><\/tr><\/tbody><\/table><\/figure>\n\n\n\n<h2 class=\"wp-block-heading\">Sekt\u00f6r\u00fcn Art\u0131lar\u0131 ve Eksileri<\/h2>\n\n\n\n<h3 class=\"wp-block-heading\">Art\u0131lar\u0131<\/h3>\n\n\n\n<ul class=\"wp-block-list\">\n<li class=\"\"><strong>Verimlilik<\/strong>: Transkripsiyon s\u00fcrecini h\u0131zland\u0131r\u0131r.<\/li>\n\n\n\n<li class=\"\"><strong>Eri\u015filebilirlik<\/strong>: Teknolojiyi engelli insanlar i\u00e7in daha eri\u015filebilir hale getirir.<\/li>\n\n\n\n<li class=\"\"><strong>\u00c7ok Dilli Destek<\/strong>: Birden fazla dilde ileti\u015fimi kolayla\u015ft\u0131r\u0131r.<\/li>\n<\/ul>\n\n\n\n<h3 class=\"wp-block-heading\">Eksiler<\/h3>\n\n\n\n<ul class=\"wp-block-list\">\n<li class=\"\"><strong>Do\u011fruluk<\/strong>: Aksanlar ve arka plan g\u00fcr\u00fclt\u00fcs\u00fc ile m\u00fccadele edebilir.<\/li>\n\n\n\n<li class=\"\"><strong>Gizlilik<\/strong>: De\u015fifre edilen verilerin g\u00fcvenli\u011fi ile ilgili endi\u015feler.<\/li>\n\n\n\n<li class=\"\"><strong>Maliyet<\/strong>: Baz\u0131 y\u00fcksek kaliteli ara\u00e7lar abonelik veya \u00fccret gerektirir.<\/li>\n<\/ul>\n\n\n\n<h2 class=\"wp-block-heading\">SSS<\/h2>\n\n\n\n<h3 class=\"wp-block-heading\">En iyi \u00fccretsiz konu\u015fma-metin arac\u0131 hangisidir?<\/h3>\n\n\n\n<p class=\"\">En iyi \u00fccretsiz ara\u00e7 <a>Google Docs Sesli Yazma<\/a>kolay entegrasyon sunar ve kay\u0131t gerektirmez.<\/p>\n\n\n\n<h3 class=\"wp-block-heading\">Konu\u015fmadan metne yaz\u0131l\u0131m ne kadar do\u011fru?<\/h3>\n\n\n\n<p class=\"\">Do\u011fruluk araca g\u00f6re de\u011fi\u015fir, ancak Otter.ai ve Rev.com taraf\u0131ndan kullan\u0131lanlar gibi geli\u015fmi\u015f AI modelleri y\u00fcksek do\u011fruluk sunar.<\/p>\n\n\n\n<h3 class=\"wp-block-heading\">Konu\u015fmadan metne birden fazla dili i\u015fleyebilir mi?<\/h3>\n\n\n\n<p class=\"\">Evet, Otter.ai ve Sonix.ai dahil olmak \u00fczere bir\u00e7ok ara\u00e7 birden fazla dili desteklemektedir.<\/p>\n\n\n\n<h3 class=\"wp-block-heading\">Konu\u015fmadan metne g\u00fcvenli mi?<\/h3>\n\n\n\n<p class=\"\">\u00c7o\u011fu sayg\u0131n ara\u00e7 g\u00fc\u00e7l\u00fc g\u00fcvenlik \u00f6nlemlerine sahiptir, ancak her zaman gizlilik politikalar\u0131n\u0131 g\u00f6zden ge\u00e7irin.<\/p>\n\n\n\n<h3 class=\"wp-block-heading\">Konu\u015fmadan metne \u00e7evrimd\u0131\u015f\u0131 kullanabilir miyim?<\/h3>\n\n\n\n<p class=\"\">Baz\u0131 ara\u00e7lar \u00e7evrimd\u0131\u015f\u0131 \u00f6zellikler sunar, ancak \u00e7o\u011fu ger\u00e7ek zamanl\u0131 i\u015flem i\u00e7in internet ba\u011flant\u0131s\u0131 gerektirir.<\/p>\n\n\n\n<h3 class=\"wp-block-heading\">Transkripsiyon do\u011frulu\u011funu nas\u0131l art\u0131rabilirim?<\/h3>\n\n\n\n<p class=\"\">Net konu\u015fun, arka plan g\u00fcr\u00fclt\u00fcs\u00fcn\u00fc en aza indirin ve y\u00fcksek kaliteli bir mikrofon kullan\u0131n.<\/p>\n\n\n\n<h3 class=\"wp-block-heading\">Mobil cihazlar i\u00e7in konu\u015fmadan metne uygulamalar var m\u0131?<\/h3>\n\n\n\n<p class=\"\">Evet, Google Docs Voice Typing ve Otter.ai gibi bir\u00e7ok ara\u00e7 mobil uygulama sunuyor.<\/p>\n\n\n\n<h3 class=\"wp-block-heading\">Yaz\u0131ya d\u00f6k\u00fclen metni d\u00fczenleyebilir miyim?<\/h3>\n\n\n\n<p class=\"\">Evet, \u00e7o\u011fu ara\u00e7 do\u011fruluk i\u00e7in transkripsiyonu d\u00fczenlemenize izin verir.<\/p>\n\n\n\n<h3 class=\"wp-block-heading\">Konu\u015fmadan metne aktar\u0131m\u0131n ana kullan\u0131m alanlar\u0131 nelerdir?<\/h3>\n\n\n\n<p class=\"\">Yayg\u0131n kullan\u0131m alanlar\u0131 aras\u0131nda akademik transkripsiyon, i\u015f toplant\u0131lar\u0131, i\u00e7erik olu\u015fturma, eri\u015filebilirlik ve m\u00fc\u015fteri hizmetleri yer al\u0131r.<\/p>\n\n\n\n<h3 class=\"wp-block-heading\">Konu\u015fmay\u0131 metne d\u00f6n\u00fc\u015ft\u00fcrmeyi di\u011fer ara\u00e7larla nas\u0131l entegre edebilirim?<\/h3>\n\n\n\n<p class=\"\">Bir\u00e7ok ara\u00e7 Google Drive, Microsoft Office ve \u00e7e\u015fitli d\u00fczenleme yaz\u0131l\u0131mlar\u0131 gibi platformlarla entegrasyon sunar.<\/p>\n\n\n\n<h2 class=\"wp-block-heading\">\u00d6zet<\/h2>\n\n\n\n<p class=\"\">Konu\u015fmadan metne teknolojisi, daha fazla verimlilik, geli\u015fmi\u015f eri\u015filebilirlik ve \u00e7ok y\u00f6nl\u00fc dil deste\u011fi dahil olmak \u00fczere \u00e7ok say\u0131da avantaj sunar. A\u015fa\u011f\u0131daki gibi ara\u00e7lar <a href=\"https:\/\/aiartfree.online\/tr\/konusmadan-metne\/\">aiartfree.online<\/a> ve Google Docs Voice Typing g\u00fcvenilir ve kullan\u0131c\u0131 dostu se\u00e7enekler sunar. \u0130ster profesyonel, ister akademik veya ki\u015fisel kullan\u0131m i\u00e7in olsun, konu\u015fmay\u0131 metne d\u00f6n\u00fc\u015ft\u00fcrmek g\u00f6revleri kolayla\u015ft\u0131rabilir ve \u00fcretkenli\u011fi art\u0131rabilir. Bu ara\u00e7lar\u0131 bug\u00fcn deneyin ve konu\u015fulan kelimeleri yaz\u0131l\u0131 metne d\u00f6n\u00fc\u015ft\u00fcrmenin kolayl\u0131\u011f\u0131n\u0131 deneyimleyin!<\/p>","protected":false},"excerpt":{"rendered":"<p>How to use the Speech to Text * Record is currently not available *\u00a0Depending on your internet speed, loading the model may take up to 10 seconds \u2193 The Ultimate Guide to Speech to Text Summary Outline This article provides a comprehensive overview of speech-to-text technology, including its definition, advantages, main features, target audience, and &#8230; <a title=\"Konu\u015fmadan Metne\" class=\"read-more\" href=\"https:\/\/aiartfree.online\/tr\/konusmadan-metne\/\" aria-label=\"Read more about Speech to Text\">Devam\u0131n\u0131 oku<\/a><\/p>","protected":false},"author":1,"featured_media":3418,"parent":0,"menu_order":0,"comment_status":"closed","ping_status":"closed","template":"","meta":{"nf_dc_page":"","footnotes":""},"class_list":["post-3412","page","type-page","status-publish","has-post-thumbnail"],"jetpack_sharing_enabled":true,"_links":{"self":[{"href":"https:\/\/aiartfree.online\/tr\/wp-json\/wp\/v2\/pages\/3412","targetHints":{"allow":["GET"]}}],"collection":[{"href":"https:\/\/aiartfree.online\/tr\/wp-json\/wp\/v2\/pages"}],"about":[{"href":"https:\/\/aiartfree.online\/tr\/wp-json\/wp\/v2\/types\/page"}],"author":[{"embeddable":true,"href":"https:\/\/aiartfree.online\/tr\/wp-json\/wp\/v2\/users\/1"}],"replies":[{"embeddable":true,"href":"https:\/\/aiartfree.online\/tr\/wp-json\/wp\/v2\/comments?post=3412"}],"version-history":[{"count":0,"href":"https:\/\/aiartfree.online\/tr\/wp-json\/wp\/v2\/pages\/3412\/revisions"}],"wp:featuredmedia":[{"embeddable":true,"href":"https:\/\/aiartfree.online\/tr\/wp-json\/wp\/v2\/media\/3418"}],"wp:attachment":[{"href":"https:\/\/aiartfree.online\/tr\/wp-json\/wp\/v2\/media?parent=3412"}],"curies":[{"name":"wp","href":"https:\/\/api.w.org\/{rel}","templated":true}]}}