{"id":3398,"date":"2024-07-31T13:58:25","date_gmt":"2024-07-31T13:58:25","guid":{"rendered":"https:\/\/aiartfree.online\/?page_id=3398"},"modified":"2024-08-01T11:24:34","modified_gmt":"2024-08-01T11:24:34","slug":"drawing-ideas","status":"publish","type":"page","link":"https:\/\/aiartfree.online\/tr\/taslak-icin-goruntu\/","title":{"rendered":"\u00c7izim Fikirleri | Eskiz i\u00e7in Resim"},"content":{"rendered":"<h2 class=\"wp-block-heading has-text-align-center\">\u00d6ncesi ve Sonras\u0131<\/h2>\n\n\n\n<figure class=\"gb-block-image gb-block-image-1822da1f\"><img data-recalc-dims=\"1\" decoding=\"async\" loading=\"lazy\" width=\"300\" height=\"300\" class=\"gb-image gb-image-1822da1f\" src=\"https:\/\/i0.wp.com\/aiartfree.online\/wp-content\/uploads\/2024\/07\/WX20240719-141958%402x.jpg?resize=300%2C300&#038;ssl=1\" alt=\"\u00c7izim Fikirleri | Eskiz i\u00e7in Resim\" title=\"WX20240719-141958@2x\" srcset=\"https:\/\/i0.wp.com\/aiartfree.online\/wp-content\/uploads\/2024\/07\/WX20240719-141958%402x.jpg?resize=300%2C300&amp;ssl=1 300w, https:\/\/i0.wp.com\/aiartfree.online\/wp-content\/uploads\/2024\/07\/WX20240719-141958%402x.jpg?resize=1024%2C1024&amp;ssl=1 1024w, https:\/\/i0.wp.com\/aiartfree.online\/wp-content\/uploads\/2024\/07\/WX20240719-141958%402x.jpg?resize=150%2C150&amp;ssl=1 150w, https:\/\/i0.wp.com\/aiartfree.online\/wp-content\/uploads\/2024\/07\/WX20240719-141958%402x.jpg?resize=768%2C768&amp;ssl=1 768w, https:\/\/i0.wp.com\/aiartfree.online\/wp-content\/uploads\/2024\/07\/WX20240719-141958%402x.jpg?resize=12%2C12&amp;ssl=1 12w, https:\/\/i0.wp.com\/aiartfree.online\/wp-content\/uploads\/2024\/07\/WX20240719-141958%402x.jpg?resize=600%2C600&amp;ssl=1 600w, https:\/\/i0.wp.com\/aiartfree.online\/wp-content\/uploads\/2024\/07\/WX20240719-141958%402x.jpg?resize=100%2C100&amp;ssl=1 100w, https:\/\/i0.wp.com\/aiartfree.online\/wp-content\/uploads\/2024\/07\/WX20240719-141958%402x.jpg?w=1414&amp;ssl=1 1414w\" sizes=\"auto, (max-width: 300px) 100vw, 300px\" \/><\/figure>\n\n\n\n<h2 class=\"wp-block-heading\">\u00c7izim Fikirleri | Resim \u00c7izmek i\u00e7in Nas\u0131l Kullan\u0131l\u0131r<\/h2>\n\n\n\n<ol class=\"wp-block-list\">\n<li class=\"\">Resminizi B\u0131rak\u0131n veya Y\u00fckleyin<\/li>\n\n\n\n<li class=\"\">Be\u011fendi\u011finiz s\u00fcr\u00fcm\u00fc se\u00e7in<\/li>\n\n\n\n<li class=\"\">\"G\u00f6nder \"e t\u0131klay\u0131n<\/li>\n\n\n\n<li class=\"\">Bekle, i\u015fte bu!<\/li>\n<\/ol>\n\n\n\n<p class=\"\">* Akl\u0131n\u0131zda herhangi bir d\u00fc\u015f\u00fcnce yoksa a\u015fa\u011f\u0131daki \u00f6rneklerimizi denemekten \u00e7ekinmeyin<\/p>\n\n\n\n<p class=\"\"><em>* \u0130nternet h\u0131z\u0131n\u0131za ba\u011fl\u0131 olarak, modelin y\u00fcklenmesi zaman alabilir <\/em>10 saniyeye kadar \u2193<\/p>\n\n\n\n<div class=\"iframe-wrapper\" style=\"position: relative; width: 100%; height: 2000px;\">\n  <div class=\"loading\" style=\"position: absolute; top: 50px; left: 50%; transform: translate(-50%, -50%); width: 40px; height: 40px; border: 3px solid #f0f0f0; border-top: 3px solid #db7093; border-radius: 50%; animation: spin 1s linear infinite;\"><\/div>\n  <iframe loading=\"lazy\" src=\"https:\/\/awacke1-image-to-line-drawings.hf.space\" frameborder=\"0\" width=\"100%\" height=\"100%\" style=\"position: absolute; top: 0; left: 0; opacity: 0; transition: opacity 0.3s;\" onload=\"this.style.opacity=1;this.previousElementSibling.style.display='none';\"><\/iframe>\n<\/div>\n\n<style>\n@keyframes spin {\n  0% { transform: translate(-50%, -50%) rotate(0deg); }\n  100% { transform: translate(-50%, -50%) rotate(360deg); }\n}\n<\/style>\n\n\n\n<div style=\"height:60px\" aria-hidden=\"true\" class=\"wp-block-spacer\"><\/div>\n\n\n\n<h2 class=\"wp-block-heading\">\u00c7izim Fikirleri ve Resimden Eskize D\u00f6n\u00fc\u015ft\u00fcrme<\/h2>\n\n\n\n<h3 class=\"wp-block-heading\">Anahatlar<\/h3>\n\n\n\n<p class=\"\">\u00c7izim fikirleri ve resimden eskize d\u00f6n\u00fc\u015f\u00fcm, sanat\u00e7\u0131lar ve merakl\u0131lar i\u00e7in pop\u00fcler konulard\u0131r. Bu makale tan\u0131mlar\u0131, faydalar\u0131, temel \u00f6zellikleri, uygun kitleleri ve sekt\u00f6rleri inceleyecektir. Ayr\u0131ca ad\u0131m ad\u0131m talimatlar, kullan\u0131m \u00f6rnekleri ve ilgili 10 web sitesini kar\u015f\u0131la\u015ft\u0131ran bir tablo da sunacakt\u0131r. Ek olarak, sekt\u00f6r\u00fcn art\u0131lar\u0131n\u0131 ve eksilerini ele alacak ve s\u0131k sorulan sorular\u0131 yan\u0131tlayacakt\u0131r.<\/p>\n\n\n\n<h3 class=\"wp-block-heading\">\u0130\u00e7indekiler<\/h3>\n\n\n\n<ol class=\"wp-block-list\">\n<li class=\"\"><a href=\"#what-is-drawing-ideas-and-image-to-sketch-conversion\">\u00c7izim Fikirleri ve Resimden Eskize D\u00f6n\u00fc\u015ft\u00fcrme Nedir?<\/a><\/li>\n\n\n\n<li class=\"\"><a href=\"#why-use-drawing-ideas-and-image-to-sketch-conversion\">Neden \u00c7izim Fikirlerini ve Resmi Eskize D\u00f6n\u00fc\u015ft\u00fcrmeyi Kullanmal\u0131s\u0131n\u0131z?<\/a><\/li>\n\n\n\n<li class=\"\"><a href=\"#main-features-of-drawing-ideas-and-image-to-sketch-conversion\">\u00c7izim Fikirleri ve Resimden Eskize D\u00f6n\u00fc\u015f\u00fcm\u00fcn Temel \u00d6zellikleri<\/a><\/li>\n\n\n\n<li class=\"\"><a href=\"#target-audience-and-uses\">Hedef Kitle ve Kullan\u0131m Alanlar\u0131<\/a><\/li>\n\n\n\n<li class=\"\"><a href=\"#suitable-industries\">Uygun End\u00fcstriler<\/a><\/li>\n\n\n\n<li class=\"\"><a href=\"#how-to-use-drawing-ideas-and-image-to-sketch-conversion\">\u00c7izim Fikirleri ve Resimden Eskize D\u00f6n\u00fc\u015ft\u00fcrme Nas\u0131l Kullan\u0131l\u0131r<\/a><\/li>\n\n\n\n<li class=\"\"><a href=\"#use-cases\">Kullan\u0131m \u00d6rnekleri<\/a><\/li>\n\n\n\n<li class=\"\"><a href=\"#comparison-table-of-related-websites\">\u0130lgili Web Sitelerinin Kar\u015f\u0131la\u015ft\u0131rma Tablosu<\/a><\/li>\n\n\n\n<li class=\"\"><a href=\"#industry-pros-and-cons\">Sekt\u00f6r\u00fcn Art\u0131lar\u0131 ve Eksileri<\/a><\/li>\n\n\n\n<li class=\"\"><a href=\"#faq\">SSS<\/a><\/li>\n\n\n\n<li class=\"\"><a href=\"#summary\">\u00d6zet<\/a><\/li>\n<\/ol>\n\n\n\n<h3 class=\"wp-block-heading\">\u00c7izim Fikirleri ve Resimden Eskize D\u00f6n\u00fc\u015ft\u00fcrme Nedir?<\/h3>\n\n\n\n<p class=\"\">\u00c7izim fikirleri, sanat\u00e7\u0131lar\u0131n sanat eseri yaratmak i\u00e7in kullanabilecekleri \u00e7e\u015fitli kavramlar\u0131 ve ilhamlar\u0131 ifade eder. Resimden eskize d\u00f6n\u00fc\u015ft\u00fcrme, genellikle yaz\u0131l\u0131m veya \u00e7evrimi\u00e7i ara\u00e7lar kullanarak bir foto\u011fraf\u0131 veya dijital g\u00f6r\u00fcnt\u00fcy\u00fc eskize d\u00f6n\u00fc\u015ft\u00fcren bir s\u00fcre\u00e7tir.<\/p>\n\n\n\n<h3 class=\"wp-block-heading\">Neden \u00c7izim Fikirlerini ve Resmi Eskize D\u00f6n\u00fc\u015ft\u00fcrmeyi Kullanmal\u0131s\u0131n\u0131z?<\/h3>\n\n\n\n<p class=\"\"><strong>Avantajlar:<\/strong><\/p>\n\n\n\n<ul class=\"wp-block-list\">\n<li class=\"\"><strong>\u0130lham kayna\u011f\u0131:<\/strong> \u00c7izim fikirleri yarat\u0131c\u0131l\u0131k i\u00e7in sonsuz olanaklar sa\u011flar.<\/li>\n\n\n\n<li class=\"\"><strong>Rahatl\u0131k:<\/strong> Resimden \u00e7izime ara\u00e7lar\u0131 sanatsal s\u00fcreci basitle\u015ftirir.<\/li>\n\n\n\n<li class=\"\"><strong>Eri\u015filebilirlik:<\/strong> Bir\u00e7ok ara\u00e7 \u00e7evrimi\u00e7i olarak, genellikle \u00fccretsiz olarak mevcuttur.<\/li>\n\n\n\n<li class=\"\"><strong>Kalite:<\/strong> \u0130leri d\u00fczey beceriler olmadan y\u00fcksek kaliteli eskizler \u00fcretilebilir.<\/li>\n<\/ul>\n\n\n\n<p class=\"\"><strong>Ortak aramalar:<\/strong><\/p>\n\n\n\n<ul class=\"wp-block-list\">\n<li class=\"\">Fikirler nas\u0131l \u00e7izilir<\/li>\n\n\n\n<li class=\"\">Ne \u00e7izmeli 100 fikir<\/li>\n\n\n\n<li class=\"\">Kolay \u00e7izim fikirleri<\/li>\n<\/ul>\n\n\n\n<h3 class=\"wp-block-heading\">\u00c7izim Fikirleri ve Resimden Eskize D\u00f6n\u00fc\u015f\u00fcm\u00fcn Temel \u00d6zellikleri<\/h3>\n\n\n\n<h4 class=\"wp-block-heading\">1. <strong>Fikir \u00c7e\u015fitlili\u011fi<\/strong><\/h4>\n\n\n\n<p class=\"\">\u00c7ok say\u0131da \u00e7izim fikri basitten karma\u015f\u0131k kavramlara kadar \u00e7e\u015fitlilik g\u00f6stermektedir.<\/p>\n\n\n\n<h4 class=\"wp-block-heading\">2. <strong>Resimden \u00c7izime D\u00f6n\u00fc\u015ft\u00fcrme Ara\u00e7lar\u0131<\/strong><\/h4>\n\n\n\n<p class=\"\">\u00c7evrimi\u00e7i ara\u00e7lar foto\u011fraflar\u0131 zahmetsizce eskizlere d\u00f6n\u00fc\u015ft\u00fcrebilir.<\/p>\n\n\n\n<h4 class=\"wp-block-heading\">3. <strong>\u00d6zelle\u015ftirme<\/strong><\/h4>\n\n\n\n<p class=\"\">Eskiz stillerini ve ayr\u0131nt\u0131lar\u0131n\u0131 ayarlama se\u00e7enekleri.<\/p>\n\n\n\n<h4 class=\"wp-block-heading\">4. <strong>Kay\u0131t Gerekmiyor<\/strong><\/h4>\n\n\n\n<p class=\"\">Bir\u00e7ok ara\u00e7, kaydolmadan 100% \u00fccretsiz ve s\u0131n\u0131rs\u0131z kullan\u0131m sunar.<\/p>\n\n\n\n<h4 class=\"wp-block-heading\">5. <strong>Yapay Zeka Entegrasyonu<\/strong><\/h4>\n\n\n\n<p class=\"\">Geli\u015fmi\u015f ara\u00e7lar daha iyi do\u011fruluk ve kalite i\u00e7in yapay zeka kullan\u0131r.<\/p>\n\n\n\n<h3 class=\"wp-block-heading\">Hedef Kitle ve Kullan\u0131m Alanlar\u0131<\/h3>\n\n\n\n<p class=\"\"><strong>Seyirciler:<\/strong><\/p>\n\n\n\n<ul class=\"wp-block-list\">\n<li class=\"\"><strong>Sanat\u00e7\u0131lar:<\/strong> Hem amat\u00f6r hem de profesyonel.<\/li>\n\n\n\n<li class=\"\"><strong>Tasar\u0131mc\u0131lar:<\/strong> Grafik ve web tasar\u0131mc\u0131lar\u0131.<\/li>\n\n\n\n<li class=\"\"><strong>Hobiciler:<\/strong> \u00c7izim ve eskizle ilgilenen herkes.<\/li>\n<\/ul>\n\n\n\n<p class=\"\"><strong>Kullan\u0131r:<\/strong><\/p>\n\n\n\n<ul class=\"wp-block-list\">\n<li class=\"\"><strong>Yarat\u0131c\u0131 Projeler:<\/strong> Ki\u015fisel ve profesyonel sanat projeleri.<\/li>\n\n\n\n<li class=\"\"><strong>E\u011fitim Ama\u00e7l\u0131:<\/strong> Sanat tekniklerini \u00f6\u011fretme ve \u00f6\u011frenme.<\/li>\n\n\n\n<li class=\"\"><strong>\u00dcr\u00fcn Tasar\u0131m\u0131:<\/strong> \u00dcr\u00fcnler i\u00e7in konsept eskizleri olu\u015fturma.<\/li>\n<\/ul>\n\n\n\n<h3 class=\"wp-block-heading\">Uygun End\u00fcstriler<\/h3>\n\n\n\n<ul class=\"wp-block-list\">\n<li class=\"\"><strong>Sanat ve Tasar\u0131m:<\/strong> Yarat\u0131c\u0131l\u0131\u011f\u0131n ve \u00fcretkenli\u011fin art\u0131r\u0131lmas\u0131.<\/li>\n\n\n\n<li class=\"\"><strong>E\u011fitim:<\/strong> Sanat e\u011fitimi i\u00e7in ara\u00e7lar sa\u011flamak.<\/li>\n\n\n\n<li class=\"\"><strong>Pazarlama:<\/strong> Kampanyalar i\u00e7in benzersiz g\u00f6rseller olu\u015fturma.<\/li>\n\n\n\n<li class=\"\"><strong>Teknoloji:<\/strong> Geli\u015fmi\u015f \u00f6zellikler i\u00e7in yapay zeka entegrasyonu.<\/li>\n<\/ul>\n\n\n\n<h3 class=\"wp-block-heading\">\u00c7izim Fikirleri ve Resimden Eskize D\u00f6n\u00fc\u015ft\u00fcrme Nas\u0131l Kullan\u0131l\u0131r<\/h3>\n\n\n\n<ol class=\"wp-block-list\">\n<li class=\"\"><strong>Bir Ara\u00e7 Se\u00e7in:<\/strong> A\u015fa\u011f\u0131daki gibi g\u00fcvenilir bir \u00e7evrimi\u00e7i ara\u00e7 se\u00e7in <a href=\"https:\/\/aiartfree.online\/tr\/taslak-icin-goruntu\/\">aiartfree.online\/drawing-ideas<\/a>.<\/li>\n\n\n\n<li class=\"\"><strong>Bir Resim Y\u00fckleyin:<\/strong> Mikrofona dokunun veya bir g\u00f6r\u00fcnt\u00fc y\u00fckleyin.<\/li>\n\n\n\n<li class=\"\"><strong>Ayarlar\u0131 \u00d6zelle\u015ftir:<\/strong> \u00c7izim stilini ve detay\u0131n\u0131 ayarlay\u0131n.<\/li>\n\n\n\n<li class=\"\"><strong>D\u00f6n\u00fc\u015ft\u00fcr:<\/strong> G\u00f6r\u00fcnt\u00fcy\u00fc bir tasla\u011fa d\u00f6n\u00fc\u015ft\u00fcrmek i\u00e7in t\u0131klay\u0131n.<\/li>\n\n\n\n<li class=\"\"><strong>\u0130ndirin:<\/strong> Tasla\u011f\u0131 cihaz\u0131n\u0131za kaydedin.<\/li>\n<\/ol>\n\n\n\n<h3 class=\"wp-block-heading\">Kullan\u0131m \u00d6rnekleri<\/h3>\n\n\n\n<h4 class=\"wp-block-heading\">1. <strong>Ki\u015fisel Projeler<\/strong><\/h4>\n\n\n\n<p class=\"\">Ev dekorasyonu i\u00e7in benzersiz sanat eserleri yaratmak.<\/p>\n\n\n\n<h4 class=\"wp-block-heading\">2. <strong>E\u011fitim Ara\u00e7lar\u0131<\/strong><\/h4>\n\n\n\n<p class=\"\">Sanat derslerinde eskizlerin kullan\u0131lmas\u0131.<\/p>\n\n\n\n<h4 class=\"wp-block-heading\">3. <strong>Profesyonel Tasar\u0131m<\/strong><\/h4>\n\n\n\n<p class=\"\">M\u00fc\u015fteri sunumlar\u0131 i\u00e7in konsept eskizleri olu\u015fturma.<\/p>\n\n\n\n<h3 class=\"wp-block-heading\">\u0130lgili Web Sitelerinin Kar\u015f\u0131la\u015ft\u0131rma Tablosu<\/h3>\n\n\n\n<figure class=\"wp-block-table\"><table class=\"has-fixed-layout\"><thead><tr><th>Web sitesi<\/th><th>\u00dccretsiz<\/th><th>Kay\u0131t Gerekli<\/th><th>Temel \u00d6zellikler<\/th><th>URL<\/th><\/tr><\/thead><tbody><tr><td>aiartfree.online\/drawing-ideas<\/td><td>Evet<\/td><td>Hay\u0131r<\/td><td>Yapay zeka entegrasyonu, s\u0131n\u0131rs\u0131z, 1 numaral\u0131 ara\u00e7<\/td><td><a href=\"https:\/\/aiartfree.online\/tr\/taslak-icin-goruntu\/\">https:\/\/aiartfree.online\/drawing-ideas\/<\/a><\/td><\/tr><tr><td>Photofunia<\/td><td>Evet<\/td><td>Hay\u0131r<\/td><td>E\u011flenceli efektler, kullan\u0131m\u0131 kolay<\/td><td><a href=\"https:\/\/photofunia.com\/\" target=\"_blank\" rel=\"noopener\">https:\/\/photofunia.com\/<\/a><\/td><\/tr><tr><td>BeFunky<\/td><td>Evet<\/td><td>Hay\u0131r<\/td><td>Foto\u011fraf d\u00fczenleyici, \u00e7e\u015fitli eskiz efektleri<\/td><td><a href=\"https:\/\/www.befunky.com\/\" target=\"_blank\" rel=\"noopener\">https:\/\/www.befunky.com\/<\/a><\/td><\/tr><tr><td>LunaPic<\/td><td>Evet<\/td><td>Hay\u0131r<\/td><td>Geli\u015fmi\u015f d\u00fczenleme se\u00e7enekleri<\/td><td><a href=\"https:\/\/www.lunapic.com\/\" target=\"_blank\" rel=\"noopener\">https:\/\/www.lunapic.com\/<\/a><\/td><\/tr><tr><td>Fotor<\/td><td>Evet<\/td><td>Hay\u0131r<\/td><td>Kapsaml\u0131 d\u00fczenleme ara\u00e7lar\u0131<\/td><td><a href=\"https:\/\/www.fotor.com\/\" target=\"_blank\" rel=\"noopener\">https:\/\/www.fotor.com\/<\/a><\/td><\/tr><tr><td>PicsArt<\/td><td>Evet<\/td><td>Evet<\/td><td>Mobil dostu, topluluk \u00f6zellikleri<\/td><td><a href=\"https:\/\/picsart.com\/\" target=\"_blank\" rel=\"noopener\">https:\/\/picsart.com\/<\/a><\/td><\/tr><tr><td>Snapstouch<\/td><td>Evet<\/td><td>Hay\u0131r<\/td><td>\u00d6zel eskiz efektleri<\/td><td><a href=\"https:\/\/www.snapstouch.com\/\" target=\"_blank\" rel=\"noopener\">https:\/\/www.snapstouch.com\/<\/a><\/td><\/tr><tr><td>Resmimi \u00c7iz<\/td><td>Evet<\/td><td>Hay\u0131r<\/td><td>Basit, kullan\u0131c\u0131 dostu aray\u00fcz<\/td><td><a href=\"https:\/\/www.sketchmypic.com\/\" target=\"_blank\" rel=\"noopener\">https:\/\/www.sketchmypic.com\/<\/a><\/td><\/tr><tr><td>Tuxpi<\/td><td>Evet<\/td><td>Hay\u0131r<\/td><td>H\u0131zl\u0131 ve kolay eskiz efektleri<\/td><td><a href=\"https:\/\/www.tuxpi.com\/\" target=\"_blank\" rel=\"noopener\">https:\/\/www.tuxpi.com\/<\/a><\/td><\/tr><tr><td>Painnt<\/td><td>Evet<\/td><td>Evet<\/td><td>Sanatsal filtreler, uygulama tabanl\u0131<\/td><td><a href=\"https:\/\/www.painnt.com\/\" target=\"_blank\" rel=\"noopener\">https:\/\/www.painnt.com\/<\/a><\/td><\/tr><\/tbody><\/table><\/figure>\n\n\n\n<h3 class=\"wp-block-heading\">Sekt\u00f6r\u00fcn Art\u0131lar\u0131 ve Eksileri<\/h3>\n\n\n\n<p class=\"\"><strong>Art\u0131lar\u0131:<\/strong><\/p>\n\n\n\n<ul class=\"wp-block-list\">\n<li class=\"\"><strong>Eri\u015filebilirlik:<\/strong> Ara\u00e7lara \u00e7evrimi\u00e7i kolay eri\u015fim.<\/li>\n\n\n\n<li class=\"\"><strong>Yarat\u0131c\u0131l\u0131k Art\u0131\u015f\u0131:<\/strong> Sanatsal yarat\u0131c\u0131l\u0131\u011f\u0131 geli\u015ftirir.<\/li>\n\n\n\n<li class=\"\"><strong>Uygun maliyetli:<\/strong> Bir\u00e7ok \u00fccretsiz se\u00e7enek mevcuttur.<\/li>\n<\/ul>\n\n\n\n<p class=\"\"><strong>Eksiler:<\/strong><\/p>\n\n\n\n<ul class=\"wp-block-list\">\n<li class=\"\"><strong>Kalite Varyasyonu:<\/strong> Kalite, ara\u00e7lar aras\u0131nda de\u011fi\u015fiklik g\u00f6sterebilir.<\/li>\n\n\n\n<li class=\"\"><strong>\u00d6\u011frenme E\u011frisi:<\/strong> Baz\u0131 ara\u00e7lar\u0131n \u00f6\u011frenilmesi gerekebilir.<\/li>\n\n\n\n<li class=\"\"><strong>Teknolojiye Ba\u011f\u0131ml\u0131l\u0131k:<\/strong> Dijital ara\u00e7lara g\u00fcven.<\/li>\n<\/ul>\n\n\n\n<h3 class=\"wp-block-heading\">SSS<\/h3>\n\n\n\n<ol class=\"wp-block-list\">\n<li class=\"\"><strong>Fikirler nas\u0131l \u00e7izilir?<\/strong> \u00c7e\u015fitli temalar\u0131 ke\u015ffedin, referanslar kullan\u0131n ve d\u00fczenli olarak pratik yap\u0131n.<\/li>\n\n\n\n<li class=\"\"><strong>100 fikir \u00e7izmek i\u00e7in ne yapmal\u0131?<\/strong> \u0130nternetten ipu\u00e7lar\u0131na bak\u0131n veya fikir olu\u015fturucular\u0131 kullan\u0131n.<\/li>\n\n\n\n<li class=\"\"><strong>\u00c7izim fikirleri olabilir mi?<\/strong> \u0130lkbahar veya belirli aylar gibi mevsimsel temalar.<\/li>\n\n\n\n<li class=\"\"><strong>\u00c7izim i\u00e7in nas\u0131l fikir edinilir?<\/strong> \u00c7evrenizi g\u00f6zlemleyin, hayal g\u00fcc\u00fcn\u00fcz\u00fc kullan\u0131n ve sanat topluluklar\u0131n\u0131 ke\u015ffedin.<\/li>\n\n\n\n<li class=\"\"><strong>Resim tasla\u011fa nas\u0131l d\u00f6n\u00fc\u015ft\u00fcr\u00fcl\u00fcr?<\/strong> aiartfree.online gibi \u00e7evrimi\u00e7i ara\u00e7lar\u0131 kullan\u0131n.<\/li>\n\n\n\n<li class=\"\"><strong>Bir g\u00f6r\u00fcnt\u00fc nas\u0131l tasla\u011fa d\u00f6n\u00fc\u015ft\u00fcr\u00fcl\u00fcr?<\/strong> G\u00f6r\u00fcnt\u00fcy\u00fc bir d\u00f6n\u00fc\u015ft\u00fcrme arac\u0131na y\u00fckleyin ve eskiz efektleri uygulay\u0131n.<\/li>\n\n\n\n<li class=\"\"><strong>Photoshop'ta bir g\u00f6r\u00fcnt\u00fc nas\u0131l eskize d\u00f6n\u00fc\u015ft\u00fcr\u00fcl\u00fcr?<\/strong> Filtreleri ve ayarlama katmanlar\u0131n\u0131 kullan\u0131n.<\/li>\n\n\n\n<li class=\"\"><strong>Bir g\u00f6r\u00fcnt\u00fc tasla\u011fa nas\u0131l d\u00f6n\u00fc\u015ft\u00fcr\u00fcl\u00fcr?<\/strong> Genellikle y\u00fckleme ve d\u00f6n\u00fc\u015ft\u00fcrme i\u015flemlerini i\u00e7eren arac\u0131n talimatlar\u0131n\u0131 izleyin.<\/li>\n\n\n\n<li class=\"\"><strong>Bir g\u00f6r\u00fcnt\u00fcy\u00fc eskize nas\u0131l d\u00f6n\u00fc\u015ft\u00fcrebilirim?<\/strong> Genellikle yapay zeka destekli \u00e7e\u015fitli ara\u00e7larda benzer s\u00fcre\u00e7ler.<\/li>\n\n\n\n<li class=\"\"><strong>Bir g\u00f6r\u00fcnt\u00fcy\u00fc eskize nas\u0131l d\u00f6n\u00fc\u015ft\u00fcrebilirim?<\/strong> \u00d6zel yaz\u0131l\u0131m veya \u00e7evrimi\u00e7i ara\u00e7lar kullan\u0131n.<\/li>\n<\/ol>\n\n\n\n<h3 class=\"wp-block-heading\">\u00d6zet<\/h3>\n\n\n\n<p class=\"\">\u00c7izim fikirleri ve resimden tasla\u011fa d\u00f6n\u00fc\u015ft\u00fcrme ara\u00e7lar\u0131, kolay eri\u015fim, geli\u015fmi\u015f yarat\u0131c\u0131l\u0131k ve maliyet etkinli\u011fi gibi \u00e7ok say\u0131da avantaj sunar. A\u015fa\u011f\u0131daki gibi ara\u00e7larla <a href=\"https:\/\/aiartfree.online\/tr\/taslak-icin-goruntu\/\">aiartfree.online\/drawing-ideas<\/a>kullan\u0131c\u0131lar\u0131 100% \u00fccretsiz, s\u0131n\u0131rs\u0131z ve kay\u0131t gerektirmeyen hizmetlerden yararlanabilir. Foto\u011fraflar\u0131n\u0131z\u0131 zahmetsizce eskizlere d\u00f6n\u00fc\u015ft\u00fcrmek i\u00e7in bu ara\u00e7lar\u0131 ke\u015ffedin. Bug\u00fcn yaratmaya ba\u015flay\u0131n!<\/p>\n\n\n\n<p class=\"\"><\/p>","protected":false},"excerpt":{"rendered":"<p>Before vs After How to use the Drawing Ideas | Image to Sketch * Feel free to try our examples below if you don&#8217;t have any thoughts in your mind *&nbsp;Depending on your internet speed, loading the model may take up to 10 seconds \u2193 Drawing Ideas and Image to Sketch Conversion Outline Drawing ideas &#8230; <a title=\"\u00c7izim Fikirleri | Eskiz i\u00e7in Resim\" class=\"read-more\" href=\"https:\/\/aiartfree.online\/tr\/taslak-icin-goruntu\/\" aria-label=\"Read more about Drawing Ideas | Image to Sketch\">Devam\u0131n\u0131 oku<\/a><\/p>","protected":false},"author":1,"featured_media":2966,"parent":0,"menu_order":0,"comment_status":"closed","ping_status":"closed","template":"","meta":{"nf_dc_page":"","footnotes":""},"class_list":["post-3398","page","type-page","status-publish","has-post-thumbnail"],"jetpack_sharing_enabled":true,"_links":{"self":[{"href":"https:\/\/aiartfree.online\/tr\/wp-json\/wp\/v2\/pages\/3398","targetHints":{"allow":["GET"]}}],"collection":[{"href":"https:\/\/aiartfree.online\/tr\/wp-json\/wp\/v2\/pages"}],"about":[{"href":"https:\/\/aiartfree.online\/tr\/wp-json\/wp\/v2\/types\/page"}],"author":[{"embeddable":true,"href":"https:\/\/aiartfree.online\/tr\/wp-json\/wp\/v2\/users\/1"}],"replies":[{"embeddable":true,"href":"https:\/\/aiartfree.online\/tr\/wp-json\/wp\/v2\/comments?post=3398"}],"version-history":[{"count":0,"href":"https:\/\/aiartfree.online\/tr\/wp-json\/wp\/v2\/pages\/3398\/revisions"}],"wp:featuredmedia":[{"embeddable":true,"href":"https:\/\/aiartfree.online\/tr\/wp-json\/wp\/v2\/media\/2966"}],"wp:attachment":[{"href":"https:\/\/aiartfree.online\/tr\/wp-json\/wp\/v2\/media?parent=3398"}],"curies":[{"name":"wp","href":"https:\/\/api.w.org\/{rel}","templated":true}]}}