{"id":3388,"date":"2024-07-31T13:26:56","date_gmt":"2024-07-31T13:26:56","guid":{"rendered":"https:\/\/aiartfree.online\/?page_id=3388"},"modified":"2024-08-02T11:12:57","modified_gmt":"2024-08-02T11:12:57","slug":"voice-changer","status":"publish","type":"page","link":"https:\/\/aiartfree.online\/tr\/ses-degistirici\/","title":{"rendered":"Ses De\u011fi\u015ftirici"},"content":{"rendered":"<h2 class=\"wp-block-heading\" id=\"how-to-use-the-voice-changer\">Ses De\u011fi\u015ftirici nas\u0131l kullan\u0131l\u0131r<\/h2>\n\n\n\n<ol class=\"wp-block-list\">\n<li class=\"\">Metninizi girin<\/li>\n\n\n\n<li class=\"\">Referans ses dosyan\u0131z\u0131 b\u0131rak\u0131n veya y\u00fckleyin<\/li>\n\n\n\n<li class=\"\">\"Kabul Ediyorum \"a t\u0131klay\u0131n<\/li>\n\n\n\n<li class=\"\">\"G\u00f6nder \"e t\u0131klay\u0131n<\/li>\n\n\n\n<li class=\"\">Bekle, i\u015fte bu!<\/li>\n<\/ol>\n\n\n\n<p class=\"\">* Akl\u0131n\u0131zda herhangi bir d\u00fc\u015f\u00fcnce yoksa a\u015fa\u011f\u0131daki \u00f6rneklerimizi denemekten \u00e7ekinmeyin<\/p>\n\n\n\n<p class=\"\"><em>* \u0130nternet h\u0131z\u0131n\u0131za ba\u011fl\u0131 olarak, modelin y\u00fcklenmesi zaman alabilir <\/em>10 saniyeye kadar \u2193<\/p>\n\n\n\n<div class=\"iframe-wrapper\" style=\"position: relative; width: 100%; height: 2000px;\">\n  <div class=\"loading\" style=\"position: absolute; top: 50px; left: 50%; transform: translate(-50%, -50%); width: 40px; height: 40px; border: 3px solid #f0f0f0; border-top: 3px solid #db7093; border-radius: 50%; animation: spin 1s linear infinite;\"><\/div>\n  <iframe loading=\"lazy\" src=\"https:\/\/coqui-xtts.hf.space\" frameborder=\"0\" width=\"100%\" height=\"100%\" style=\"position: absolute; top: 0; left: 0; opacity: 0; transition: opacity 0.3s;\" onload=\"this.style.opacity=1;this.previousElementSibling.style.display='none';\"><\/iframe>\n<\/div>\n\n<style>\n@keyframes spin {\n  0% { transform: translate(-50%, -50%) rotate(0deg); }\n  100% { transform: translate(-50%, -50%) rotate(360deg); }\n}\n<\/style>\n\n\n\n<div style=\"height:80px\" aria-hidden=\"true\" class=\"wp-block-spacer\"><\/div>\n\n\n\n<h2 class=\"wp-block-heading\" id=\"enhance-your-audio-experience-with-the-best-voice-changer-tools\">En \u0130yi Ses De\u011fi\u015ftirme Ara\u00e7lar\u0131yla Ses Deneyiminizi Geli\u015ftirin<\/h2>\n\n\n\n<figure class=\"wp-block-image size-large is-resized\"><img data-recalc-dims=\"1\" data-dominant-color=\"1f3a45\" data-has-transparency=\"false\" decoding=\"async\" width=\"1024\" height=\"701\"   loading=\"lazy\" src=\"https:\/\/i0.wp.com\/aiartfree.online\/wp-content\/uploads\/2024\/08\/replicate-prediction-1gr9nbs48nrm60ch271af88ze0.webp?resize=1024%2C701&#038;ssl=1\" alt=\"S\u0131n\u0131rs\u0131z kullan\u0131m i\u00e7in en iyi ses de\u011fi\u015ftirme arac\u0131n\u0131 ke\u015ffedin. Kay\u0131t olman\u0131za gerek yok! Yapay zeka destekli, ultra ger\u00e7ek\u00e7i ses efektleriyle sesinizi d\u00f6n\u00fc\u015ft\u00fcr\u00fcn. \u0130\u00e7erik olu\u015fturucular, oyuncular ve profesyoneller i\u00e7in m\u00fckemmel.\" class=\"wp-image-3460 not-transparent\" style=\"--dominant-color: #1f3a45; width:578px;height:auto\" srcset=\"https:\/\/i0.wp.com\/aiartfree.online\/wp-content\/uploads\/2024\/08\/replicate-prediction-1gr9nbs48nrm60ch271af88ze0.webp?resize=1024%2C701&amp;ssl=1 1024w, https:\/\/i0.wp.com\/aiartfree.online\/wp-content\/uploads\/2024\/08\/replicate-prediction-1gr9nbs48nrm60ch271af88ze0.webp?resize=300%2C205&amp;ssl=1 300w, https:\/\/i0.wp.com\/aiartfree.online\/wp-content\/uploads\/2024\/08\/replicate-prediction-1gr9nbs48nrm60ch271af88ze0.webp?resize=768%2C525&amp;ssl=1 768w, https:\/\/i0.wp.com\/aiartfree.online\/wp-content\/uploads\/2024\/08\/replicate-prediction-1gr9nbs48nrm60ch271af88ze0.webp?resize=18%2C12&amp;ssl=1 18w, https:\/\/i0.wp.com\/aiartfree.online\/wp-content\/uploads\/2024\/08\/replicate-prediction-1gr9nbs48nrm60ch271af88ze0.webp?resize=600%2C411&amp;ssl=1 600w, https:\/\/i0.wp.com\/aiartfree.online\/wp-content\/uploads\/2024\/08\/replicate-prediction-1gr9nbs48nrm60ch271af88ze0.webp?w=1216&amp;ssl=1 1216w\" sizes=\"auto, (max-width: 1024px) 100vw, 1024px\" \/><\/figure>\n\n\n\n<div class=\"wp-block-rank-math-toc-block\" id=\"rank-math-toc\"><h2>\u0130\u00e7indekiler<\/h2><nav><ul><li><a href=\"#enhance-your-audio-experience-with-the-best-voice-changer-tools\">En \u0130yi Ses De\u011fi\u015ftirme Ara\u00e7lar\u0131yla Ses Deneyiminizi Geli\u015ftirin<\/a><ul><li><a href=\"#what-is-a-voice-changer\">Ses De\u011fi\u015ftirici nedir?<\/a><\/li><li><a href=\"#why-use-a-voice-changer\">Neden Ses De\u011fi\u015ftirici Kullanmal\u0131s\u0131n\u0131z?<\/a><ul><li><a href=\"#main-advantages-of-using-a-voice-changer\">Ses De\u011fi\u015ftirici Kullanman\u0131n Ba\u015fl\u0131ca Avantajlar\u0131<\/a><\/li><\/ul><\/li><li><a href=\"#main-functions-of-a-voice-changer\">Ses De\u011fi\u015ftiricinin Ana \u0130\u015flevleri<\/a><ul><li><a href=\"#voice-modulation\">Ses Mod\u00fclasyonu<\/a><\/li><li><a href=\"#ai-voice-generation\">Yapay Zeka Ses \u00dcretimi<\/a><\/li><li><a href=\"#voice-disguising\">Ses Gizleme<\/a><\/li><li><a href=\"#text-to-speech\">Metinden Konu\u015fmaya<\/a><\/li><li><a href=\"#real-time-voice-changing\">Ger\u00e7ek Zamanl\u0131 Ses De\u011fi\u015ftirme<\/a><\/li><\/ul><\/li><li><a href=\"#suitable-users-and-uses\">Uygun Kullan\u0131c\u0131lar ve Kullan\u0131mlar<\/a><ul><li><a href=\"#content-creators\">\u0130\u00e7erik Olu\u015fturucular<\/a><\/li><li><a href=\"#online-gamers\">\u00c7evrimi\u00e7i Oyuncular<\/a><\/li><li><a href=\"#podcasters-and-streamers\">Podcast Yay\u0131nc\u0131lar\u0131 ve Yay\u0131nc\u0131lar<\/a><\/li><li><a href=\"#professionals\">Profesyoneller<\/a><\/li><\/ul><\/li><li><a href=\"#suitable-industries-and-applications\">Uygun Sekt\u00f6rler ve Uygulamalar<\/a><ul><li><a href=\"#entertainment\">E\u011flence<\/a><\/li><li><a href=\"#communication\">\u0130leti\u015fim<\/a><\/li><li><a href=\"#education\">E\u011fitim<\/a><\/li><li><a href=\"#marketing\">Pazarlama<\/a><\/li><\/ul><\/li><li><a href=\"#how-to-use-a-voice-changer\">Ses De\u011fi\u015ftirici Nas\u0131l Kullan\u0131l\u0131r<\/a><\/li><li><a href=\"#voice-changer-use-cases\">Ses De\u011fi\u015ftirici Kullan\u0131m \u00d6rnekleri<\/a><ul><li><a href=\"#gaming\">Oyun<\/a><\/li><li><a href=\"#content-creation\">\u0130\u00e7erik Olu\u015fturma<\/a><\/li><li><a href=\"#professional-communication\">Profesyonel \u0130leti\u015fim<\/a><\/li><li><a href=\"#educational-content\">E\u011fitim \u0130\u00e7eri\u011fi<\/a><\/li><\/ul><\/li><li><a href=\"#information-and-tools-comparison\">Bilgi ve Ara\u00e7 Kar\u015f\u0131la\u015ft\u0131rmas\u0131<\/a><\/li><li><a href=\"#industry-insights\">Sekt\u00f6r \u0130\u00e7g\u00f6r\u00fcleri<\/a><ul><li><a href=\"#advantages\">Avantajlar<\/a><\/li><li><a href=\"#disadvantages\">Dezavantajlar<\/a><\/li><li><a href=\"#advantages-1\">Avantajlar<\/a><\/li><li><a href=\"#challenges\">Zorluklar<\/a><\/li><\/ul><\/li><li><a href=\"#faq\">SSS<\/a><\/li><li><a href=\"#summary\">\u00d6zet<\/a><\/li><\/ul><\/li><\/ul><\/nav><\/div>\n\n\n\n<h3 class=\"wp-block-heading\" id=\"what-is-a-voice-changer\">Ses De\u011fi\u015ftirici nedir?<\/h3>\n\n\n\n<p class=\"\">Ses de\u011fi\u015ftirici, bir ki\u015finin sesini de\u011fi\u015ftiren bir cihaz veya yaz\u0131l\u0131md\u0131r. Genellikle e\u011flence, ileti\u015fim ve i\u00e7erik olu\u015fturmada kullan\u0131lan farkl\u0131 bir ses \u00e7\u0131k\u0131\u015f\u0131 olu\u015fturmak i\u00e7in perdeyi, tonu ve h\u0131z\u0131 de\u011fi\u015ftirebilir.<\/p>\n\n\n\n<h3 class=\"wp-block-heading\" id=\"why-use-a-voice-changer\">Neden Ses De\u011fi\u015ftirici Kullanmal\u0131s\u0131n\u0131z?<\/h3>\n\n\n\n<h4 class=\"wp-block-heading\" id=\"main-advantages-of-using-a-voice-changer\">Ses De\u011fi\u015ftirici Kullanman\u0131n Ba\u015fl\u0131ca Avantajlar\u0131<\/h4>\n\n\n\n<ul class=\"wp-block-list\">\n<li class=\"\"><strong>100% \u00dccretsiz ve S\u0131n\u0131rs\u0131z Kullan\u0131m<\/strong>: Clownfish Voice Changer gibi bir\u00e7ok ses de\u011fi\u015ftirici, kay\u0131t gerektirmeden \u00fccretsiz ve s\u0131n\u0131rs\u0131z kullan\u0131m sunar.<\/li>\n\n\n\n<li class=\"\"><strong>Geli\u015ftirilmi\u015f Gizlilik<\/strong>: Bir ses de\u011fi\u015ftirici, sesinizi gizleyerek \u00e7evrimi\u00e7i ileti\u015fim s\u0131ras\u0131nda anonimlik sa\u011flayabilir.<\/li>\n\n\n\n<li class=\"\"><strong>\u0130\u00e7erik Olu\u015fturma<\/strong>: \u0130\u00e7erik olu\u015fturucular videolar\u0131na, podcast'lerine ve yay\u0131nlar\u0131na \u00e7e\u015fitlilik ve yarat\u0131c\u0131l\u0131k katmak i\u00e7in ses de\u011fi\u015ftiricileri kullan\u0131r.<\/li>\n\n\n\n<li class=\"\"><strong>K\u00fcresel \u0130zleyici<\/strong>: Ses de\u011fi\u015ftiriciler \u00e7e\u015fitli dillerde ve aksanlarda sesler olu\u015fturarak i\u00e7eri\u011fi k\u00fcresel bir kitle i\u00e7in eri\u015filebilir hale getirebilir.<\/li>\n\n\n\n<li class=\"\"><strong>Y\u00fcksek Kalite<\/strong>: Modern ses de\u011fi\u015ftiriciler, \u00f6zellikle de yapay zeka ile g\u00fc\u00e7lendirilmi\u015f olanlar, neredeyse insan sesine benzeyen ultra ger\u00e7ek\u00e7i sesler \u00fcretir.<\/li>\n<\/ul>\n\n\n\n<h3 class=\"wp-block-heading\" id=\"main-functions-of-a-voice-changer\">Ses De\u011fi\u015ftiricinin Ana \u0130\u015flevleri<\/h3>\n\n\n\n<h4 class=\"wp-block-heading\" id=\"voice-modulation\">Ses Mod\u00fclasyonu<\/h4>\n\n\n\n<p class=\"\">Ses de\u011fi\u015ftiriciler kullan\u0131c\u0131n\u0131n sesinin perdesini, tonunu ve h\u0131z\u0131n\u0131 de\u011fi\u015ftirerek derin, robotik veya karikat\u00fcrize sesler gibi \u00e7e\u015fitli efektler yaratabilir.<\/p>\n\n\n\n<h4 class=\"wp-block-heading\" id=\"ai-voice-generation\">Yapay Zeka Ses \u00dcretimi<\/h4>\n\n\n\n<p class=\"\">AI Ses De\u011fi\u015ftirici gibi ses de\u011fi\u015ftiriciler, AI kullanarak i\u00e7erik olu\u015fturma i\u00e7in ger\u00e7ek\u00e7i seslendirmeler olu\u015fturabilir ve y\u00fcksek kaliteli ses sa\u011flar.<\/p>\n\n\n\n<h4 class=\"wp-block-heading\" id=\"voice-disguising\">Ses Gizleme<\/h4>\n\n\n\n<p class=\"\">Ses gizleyiciler, kullan\u0131c\u0131n\u0131n ger\u00e7ek sesini maskeleyerek \u00e7evrimi\u00e7i ileti\u015fimde gizlili\u011fi korumak i\u00e7in kullan\u0131\u015fl\u0131d\u0131r.<\/p>\n\n\n\n<h4 class=\"wp-block-heading\" id=\"text-to-speech\">Metinden Konu\u015fmaya<\/h4>\n\n\n\n<p class=\"\">Ses de\u011fi\u015ftiriciler genellikle yaz\u0131l\u0131 metinleri olu\u015fturulan sesleri kullanarak s\u00f6zl\u00fc kelimelere d\u00f6n\u00fc\u015ft\u00fcren metinden sese \u00f6zellikleri i\u00e7erir.<\/p>\n\n\n\n<h4 class=\"wp-block-heading\" id=\"real-time-voice-changing\">Ger\u00e7ek Zamanl\u0131 Ses De\u011fi\u015ftirme<\/h4>\n\n\n\n<p class=\"\">Bir\u00e7ok ses de\u011fi\u015ftirici, kullan\u0131c\u0131n\u0131n sesini ger\u00e7ek zamanl\u0131 olarak de\u011fi\u015ftirebilir; bu da canl\u0131 yay\u0131n veya \u00e7evrimi\u00e7i oyunlar i\u00e7in idealdir.<\/p>\n\n\n\n<h3 class=\"wp-block-heading\" id=\"suitable-users-and-uses\">Uygun Kullan\u0131c\u0131lar ve Kullan\u0131mlar<\/h3>\n\n\n\n<h4 class=\"wp-block-heading\" id=\"content-creators\">\u0130\u00e7erik Olu\u015fturucular<\/h4>\n\n\n\n<p class=\"\">Ses de\u011fi\u015ftiriciler, ses i\u00e7eriklerini farkl\u0131 sesler ve efektlerle \u00e7e\u015fitlendirmek isteyen i\u00e7erik olu\u015fturucular aras\u0131nda pop\u00fclerdir.<\/p>\n\n\n\n<h4 class=\"wp-block-heading\" id=\"online-gamers\">\u00c7evrimi\u00e7i Oyuncular<\/h4>\n\n\n\n<p class=\"\">Oyuncular, oyun deneyimlerini geli\u015ftirmek, e\u011flence sa\u011flamak ve bazen anonimliklerini korumak i\u00e7in ses de\u011fi\u015ftiricileri kullan\u0131rlar.<\/p>\n\n\n\n<h4 class=\"wp-block-heading\" id=\"podcasters-and-streamers\">Podcast Yay\u0131nc\u0131lar\u0131 ve Yay\u0131nc\u0131lar<\/h4>\n\n\n\n<p class=\"\">Podcast yay\u0131nc\u0131lar\u0131 ve yay\u0131nc\u0131lar, benzersiz karakterler yaratmak ve \u00e7e\u015fitli ses efektleriyle izleyicilerinin ilgisini \u00e7ekmek i\u00e7in ses de\u011fi\u015ftiricileri kullan\u0131r.<\/p>\n\n\n\n<h4 class=\"wp-block-heading\" id=\"professionals\">Profesyoneller<\/h4>\n\n\n\n<p class=\"\">M\u00fc\u015fteri hizmetleri veya tele-pazarlama alan\u0131ndaki profesyoneller seslerini standartla\u015ft\u0131rmak veya anonimliklerini korumak i\u00e7in ses de\u011fi\u015ftiricileri kullanabilirler.<\/p>\n\n\n\n<h3 class=\"wp-block-heading\" id=\"suitable-industries-and-applications\">Uygun Sekt\u00f6rler ve Uygulamalar<\/h3>\n\n\n\n<h4 class=\"wp-block-heading\" id=\"entertainment\">E\u011flence<\/h4>\n\n\n\n<p class=\"\">Ses de\u011fi\u015ftiriciler e\u011flence sekt\u00f6r\u00fcnde animasyonlarda, filmlerde ve video oyunlar\u0131nda karakter yaratmak i\u00e7in yayg\u0131n olarak kullan\u0131lmaktad\u0131r.<\/p>\n\n\n\n<h4 class=\"wp-block-heading\" id=\"communication\">\u0130leti\u015fim<\/h4>\n\n\n\n<p class=\"\">\u00c7evrimi\u00e7i ileti\u015fimde ses de\u011fi\u015ftiriciler, kullan\u0131c\u0131n\u0131n ger\u00e7ek sesini gizleyerek gizlilik ve g\u00fcvenlik sa\u011flar.<\/p>\n\n\n\n<h4 class=\"wp-block-heading\" id=\"education\">E\u011fitim<\/h4>\n\n\n\n<p class=\"\">E\u011fitimciler ve e\u011fitmenler, \u00f6\u011frenciler i\u00e7in ilgi \u00e7ekici ses i\u00e7eri\u011fi olu\u015fturmak i\u00e7in ses de\u011fi\u015ftiricileri kullan\u0131r.<\/p>\n\n\n\n<h4 class=\"wp-block-heading\" id=\"marketing\">Pazarlama<\/h4>\n\n\n\n<p class=\"\">Pazarlama uzmanlar\u0131, reklamlar ve tan\u0131t\u0131m i\u00e7erikleri i\u00e7in benzersiz seslendirmeler olu\u015fturmak \u00fczere ses de\u011fi\u015ftiricileri kullan\u0131r.<\/p>\n\n\n\n<h3 class=\"wp-block-heading\" id=\"how-to-use-a-voice-changer\">Ses De\u011fi\u015ftirici Nas\u0131l Kullan\u0131l\u0131r<\/h3>\n\n\n\n<ol class=\"wp-block-list\">\n<li class=\"\"><strong>\u0130ndirin ve Kurun<\/strong>: Clownfish Voice Changer gibi bir ses de\u011fi\u015ftirici se\u00e7in ve g\u00fcvenilir bir kaynaktan indirin.<\/li>\n\n\n\n<li class=\"\"><strong>Kurulum<\/strong>: Yaz\u0131l\u0131m\u0131 bilgisayar\u0131n\u0131za y\u00fckleyin ve kurulum talimatlar\u0131n\u0131 izleyin.<\/li>\n\n\n\n<li class=\"\"><strong>Ses Efektini Se\u00e7in<\/strong>: Ses de\u011fi\u015ftiriciyi a\u00e7\u0131n ve istedi\u011finiz ses efektini se\u00e7in veya AI kullanarak yeni bir ses olu\u015fturun.<\/li>\n\n\n\n<li class=\"\"><strong>Uygulamalarla Entegre Edin<\/strong>: Ger\u00e7ek zamanl\u0131 ses de\u011fi\u015fikli\u011fi i\u00e7in ses de\u011fi\u015ftiriciyi Discord gibi uygulamalara ba\u011flay\u0131n.<\/li>\n\n\n\n<li class=\"\"><strong>Kullanmaya Ba\u015flay\u0131n<\/strong>: Aramalar, yay\u0131nlar veya kay\u0131tlar s\u0131ras\u0131nda ses de\u011fi\u015ftiriciyi kullanmaya ba\u015flay\u0131n.<\/li>\n<\/ol>\n\n\n\n<h3 class=\"wp-block-heading\" id=\"voice-changer-use-cases\">Ses De\u011fi\u015ftirici Kullan\u0131m \u00d6rnekleri<\/h3>\n\n\n\n<h4 class=\"wp-block-heading\" id=\"gaming\">Oyun<\/h4>\n\n\n\n<p class=\"\">Ses de\u011fi\u015ftiriciler, \u00e7evrimi\u00e7i oyunlarda tak\u0131m arkada\u015flar\u0131n\u0131 e\u011flendirmek ve oyun deneyimini geli\u015ftirmek i\u00e7in yayg\u0131n olarak kullan\u0131l\u0131r.<\/p>\n\n\n\n<h4 class=\"wp-block-heading\" id=\"content-creation\">\u0130\u00e7erik Olu\u015fturma<\/h4>\n\n\n\n<p class=\"\">\u0130\u00e7erik olu\u015fturucular, hedef kitleleri i\u00e7in \u00e7e\u015fitli ve ilgi \u00e7ekici i\u00e7erikler olu\u015fturmak i\u00e7in ses de\u011fi\u015ftiricileri kullan\u0131r.<\/p>\n\n\n\n<h4 class=\"wp-block-heading\" id=\"professional-communication\">Profesyonel \u0130leti\u015fim<\/h4>\n\n\n\n<p class=\"\">Profesyoneller, m\u00fc\u015fteri hizmetleri veya tele-pazarlamada ileti\u015fimlerini standartla\u015ft\u0131rmak i\u00e7in ses de\u011fi\u015ftiricileri kullan\u0131r.<\/p>\n\n\n\n<h4 class=\"wp-block-heading\" id=\"educational-content\">E\u011fitim \u0130\u00e7eri\u011fi<\/h4>\n\n\n\n<p class=\"\">E\u011fitimciler, \u00f6\u011frenciler i\u00e7in ilgi \u00e7ekici ve \u00e7e\u015fitli ses i\u00e7eri\u011fi olu\u015fturmak i\u00e7in ses de\u011fi\u015ftiricileri kullan\u0131r.<\/p>\n\n\n\n<h3 class=\"wp-block-heading\" id=\"information-and-tools-comparison\">Bilgi ve Ara\u00e7 Kar\u015f\u0131la\u015ft\u0131rmas\u0131<\/h3>\n\n\n\n<figure class=\"wp-block-table\"><table class=\"has-fixed-layout\"><thead><tr><th>Ara\u00e7\/Web Sitesi<\/th><th>\u00d6zellikler<\/th><th>Art\u0131lar\u0131<\/th><th>Eksiler<\/th><\/tr><\/thead><tbody><tr><td>Palya\u00e7o Bal\u0131\u011f\u0131 Ses De\u011fi\u015ftirici<\/td><td>\u00dccretsiz, s\u0131n\u0131rs\u0131z, \u00e7e\u015fitli efektler<\/td><td>Kullan\u0131m\u0131 kolay, uygulamalarla entegre<\/td><td>S\u0131n\u0131rl\u0131 ses se\u00e7enekleri<\/td><\/tr><tr><td>Voicemod<\/td><td>Yapay zeka ses de\u011fi\u015ftirici, ger\u00e7ek zamanl\u0131<\/td><td>Y\u00fcksek kaliteli sesler, kullan\u0131c\u0131 dostu<\/td><td>T\u00fcm \u00f6zellikler i\u00e7in abonelik gerektirir<\/td><\/tr><tr><td>MorphVOX<\/td><td>Ger\u00e7ek zamanl\u0131 ses de\u011fi\u015ftirici, ses efektleri<\/td><td>Profesyonel d\u00fczeyde, \u00f6zelle\u015ftirilebilir<\/td><td>\u00dccretsiz de\u011fil, karma\u015f\u0131k kurulum<\/td><\/tr><tr><td>Voxal Ses De\u011fi\u015ftirici<\/td><td>Ticari olmayan kullan\u0131m i\u00e7in \u00fccretsiz, ger\u00e7ek zamanl\u0131<\/td><td>\u00c7ok y\u00f6nl\u00fc, kullan\u0131m\u0131 kolay<\/td><td>S\u0131n\u0131rl\u0131 \u00fccretsiz s\u00fcr\u00fcm<\/td><\/tr><tr><td>AV Ses De\u011fi\u015ftirici<\/td><td>Ger\u00e7ek zamanl\u0131, ses kayd\u0131<\/td><td>Kapsaml\u0131, y\u00fcksek kaliteli<\/td><td>Pahal\u0131<\/td><\/tr><tr><td>Efektli Ses De\u011fi\u015ftirici<\/td><td>Mobil uygulama, \u00e7e\u015fitli efektler<\/td><td>\u00dccretsiz, kullan\u0131m\u0131 kolay<\/td><td>S\u0131n\u0131rl\u0131 i\u015flevsellik<\/td><\/tr><tr><td>iMyFone MagicMic<\/td><td>Ger\u00e7ek zamanl\u0131, ses tahtas\u0131<\/td><td>Kullan\u0131c\u0131 dostu, \u00e7ok y\u00f6nl\u00fc<\/td><td>Abonelik gerektirir<\/td><\/tr><tr><td>Sahte Ses<\/td><td>Basit, \u00fccretsiz<\/td><td>Kullan\u0131m\u0131 kolay, hafif<\/td><td>Temel \u00f6zellikler, modas\u0131 ge\u00e7mi\u015f<\/td><\/tr><tr><td>Skype Ses De\u011fi\u015ftirici<\/td><td>Ger\u00e7ek zamanl\u0131, Skype entegrasyonu<\/td><td>Basit, etkili<\/td><td>Skype ile s\u0131n\u0131rl\u0131d\u0131r<\/td><\/tr><tr><td>Audio4Fun Ses De\u011fi\u015ftirici<\/td><td>Ger\u00e7ek zamanl\u0131, ses efektleri<\/td><td>Profesyonel d\u00fczeyde, kapsaml\u0131<\/td><td>Pahal\u0131<\/td><\/tr><\/tbody><\/table><\/figure>\n\n\n\n<h3 class=\"wp-block-heading\" id=\"industry-insights\">Sekt\u00f6r \u0130\u00e7g\u00f6r\u00fcleri<\/h3>\n\n\n\n<h4 class=\"wp-block-heading\" id=\"advantages\">Avantajlar<\/h4>\n\n\n\n<ul class=\"wp-block-list\">\n<li class=\"\"><strong>\u00c7ok Y\u00f6nl\u00fcl\u00fck<\/strong>: Ses de\u011fi\u015ftiriciler \u00e7e\u015fitli sekt\u00f6rlerde ve \u00e7oklu uygulamalar i\u00e7in kullan\u0131labilir.<\/li>\n\n\n\n<li class=\"\"><strong>Anonimlik<\/strong>: \u00c7evrimi\u00e7i ileti\u015fimde gizlilik ve g\u00fcvenlik sa\u011flarlar.<\/li>\n\n\n\n<li class=\"\"><strong>Yarat\u0131c\u0131l\u0131k<\/strong>: Benzersiz ve ilgi \u00e7ekici ses efektleriyle i\u00e7eri\u011fi geli\u015ftirin.<\/li>\n<\/ul>\n\n\n\n<h4 class=\"wp-block-heading\" id=\"disadvantages\">Dezavantajlar<\/h4>\n\n\n\n<ul class=\"wp-block-list\">\n<li class=\"\"><strong>Kalite De\u011fi\u015fkenli\u011fi<\/strong>: Ses \u00e7\u0131k\u0131\u015f\u0131n\u0131n kalitesi farkl\u0131 ara\u00e7lar aras\u0131nda de\u011fi\u015febilir.<\/li>\n\n\n\n<li class=\"\"><strong>\u00d6\u011frenme E\u011frisi<\/strong>: Baz\u0131 ses de\u011fi\u015ftiriciler dik bir \u00f6\u011frenme e\u011frisine sahip olabilir.<\/li>\n<\/ul>\n\n\n\n<h4 class=\"wp-block-heading\" id=\"advantages-1\">Avantajlar<\/h4>\n\n\n\n<ul class=\"wp-block-list\">\n<li class=\"\"><strong>Geli\u015fmi\u015f \u00d6zellikler<\/strong>: Modern ses de\u011fi\u015ftiriciler, yapay zeka taraf\u0131ndan \u00fcretilen sesler ve ger\u00e7ek zamanl\u0131 modifikasyon gibi geli\u015fmi\u015f \u00f6zellikler sunar.<\/li>\n\n\n\n<li class=\"\"><strong>Entegrasyon<\/strong>: \u00c7e\u015fitli uygulamalar ve platformlarla iyi entegre olurlar.<\/li>\n<\/ul>\n\n\n\n<h4 class=\"wp-block-heading\" id=\"challenges\">Zorluklar<\/h4>\n\n\n\n<ul class=\"wp-block-list\">\n<li class=\"\"><strong>Maliyet<\/strong>: Y\u00fcksek kaliteli ses de\u011fi\u015ftiriciler pahal\u0131 olabilir.<\/li>\n\n\n\n<li class=\"\"><strong>Uyumluluk<\/strong>: Farkl\u0131 i\u015fletim sistemleri ve uygulamalarla uyumlulu\u011fun sa\u011flanmas\u0131 zor olabilir.<\/li>\n<\/ul>\n\n\n\n<h3 class=\"wp-block-heading\" id=\"faq\">SSS<\/h3>\n\n\n\n<ol class=\"wp-block-list\">\n<li class=\"\"><strong>Siri sesi nas\u0131l de\u011fi\u015ftirilir?<\/strong>\n<ul class=\"wp-block-list\">\n<li class=\"\">Ayarlar &gt; Siri ve Arama &gt; Siri Sesi b\u00f6l\u00fcm\u00fcne gidin ve istedi\u011finiz sesi se\u00e7in.<\/li>\n<\/ul>\n<\/li>\n\n\n\n<li class=\"\"><strong>Discord TTS sesi TTS Brian olarak nas\u0131l de\u011fi\u015ftirilir?<\/strong>\n<ul class=\"wp-block-list\">\n<li class=\"\">Discord TTS sistem varsay\u0131lan ayarlar\u0131n\u0131 kullan\u0131r. \u0130\u015fletim sistemi ayarlar\u0131n\u0131zda varsay\u0131lan TTS sesini de\u011fi\u015ftirin.<\/li>\n<\/ul>\n<\/li>\n\n\n\n<li class=\"\"><strong>Siri'nin sesini nas\u0131l de\u011fi\u015ftirebilirim?<\/strong>\n<ul class=\"wp-block-list\">\n<li class=\"\">Yukar\u0131dakiyle ayn\u0131: Ayarlar &gt; Siri ve Arama &gt; Siri Sesi b\u00f6l\u00fcm\u00fcne gidin ve istedi\u011finiz sesi se\u00e7in.<\/li>\n<\/ul>\n<\/li>\n\n\n\n<li class=\"\"><strong>Siri'nin sesini nas\u0131l de\u011fi\u015ftirebilirsiniz?<\/strong>\n<ul class=\"wp-block-list\">\n<li class=\"\">Belirtildi\u011fi gibi, iOS ayg\u0131t\u0131n\u0131zda Siri ve Arama alt\u0131ndaki ayarlar\u0131 yap\u0131n.<\/li>\n<\/ul>\n<\/li>\n\n\n\n<li class=\"\"><strong>Siri'nin sesini nas\u0131l de\u011fi\u015ftirebilirim?<\/strong>\n<ul class=\"wp-block-list\">\n<li class=\"\">Siri ve Arama'daki ayarlar\u0131 yukar\u0131da a\u00e7\u0131kland\u0131\u011f\u0131 gibi yap\u0131n.<\/li>\n<\/ul>\n<\/li>\n\n\n\n<li class=\"\"><strong>Discord'da ses nas\u0131l de\u011fi\u015ftirilir?<\/strong>\n<ul class=\"wp-block-list\">\n<li class=\"\">Discord ile entegre Clownfish Voice Changer gibi bir ses de\u011fi\u015ftirici yaz\u0131l\u0131m\u0131 kullan\u0131n.<\/li>\n<\/ul>\n<\/li>\n\n\n\n<li class=\"\"><strong>Google Asistan sesini de\u011fi\u015ftirebilir mi?<\/strong>\n<ul class=\"wp-block-list\">\n<li class=\"\">Evet, Google Asistan ayarlar\u0131 &gt; Asistan &gt; Asistan Sesi b\u00f6l\u00fcm\u00fcne gidin ve yeni bir ses se\u00e7in.<\/li>\n<\/ul>\n<\/li>\n\n\n\n<li class=\"\"><strong>Zoom'da ses de\u011fi\u015ftirici nas\u0131l kullan\u0131l\u0131r?<\/strong>\n<ul class=\"wp-block-list\">\n<li class=\"\">Voicemod gibi bir ses de\u011fi\u015ftirici y\u00fckleyin ve Zoom ayarlar\u0131nda mikrofonunuz olarak se\u00e7in.<\/li>\n<\/ul>\n<\/li>\n\n\n\n<li class=\"\"><strong>PC'de ses nas\u0131l de\u011fi\u015ftirilir?<\/strong>\n<ul class=\"wp-block-list\">\n<li class=\"\">Bir ses de\u011fi\u015ftirici yaz\u0131l\u0131m\u0131 indirip y\u00fckleyin, ard\u0131ndan giri\u015f cihaz\u0131n\u0131z olarak se\u00e7in.<\/li>\n<\/ul>\n<\/li>\n\n\n\n<li class=\"\"><strong>Bir ses de\u011fi\u015ftirici kaydedilmi\u015f sesle \u00e7al\u0131\u015fabilir mi?<\/strong>\n<ul class=\"wp-block-list\">\n<li class=\"\">Evet, bir\u00e7ok ses de\u011fi\u015ftirici kay\u0131tl\u0131 sesi y\u00fcklemenize ve de\u011fi\u015ftirmenize izin verir.<\/li>\n<\/ul>\n<\/li>\n<\/ol>\n\n\n\n<h3 class=\"wp-block-heading\" id=\"summary\">\u00d6zet<\/h3>\n\n\n\n<p class=\"\">Ses de\u011fi\u015ftiriciler, \u00e7e\u015fitli uygulamalarda gizlili\u011fi, yarat\u0131c\u0131l\u0131\u011f\u0131 ve eri\u015filebilirli\u011fi art\u0131ran \u00e7ok y\u00f6nl\u00fc ara\u00e7lard\u0131r. \u0130ster oyun, ister i\u00e7erik olu\u015fturma veya profesyonel ileti\u015fim i\u00e7in olsun, farkl\u0131 ihtiya\u00e7lar\u0131 kar\u015f\u0131lamak i\u00e7in \u00e7ok say\u0131da \u00f6zellik sunarlar. A\u015fa\u011f\u0131daki gibi ara\u00e7lar <a href=\"https:\/\/aiartfree.online\/tr\/ses-degistirici\/\">https:\/\/aiartfree.online\/voice-changer\/<\/a> y\u00fcksek kaliteli, yapay zeka taraf\u0131ndan \u00fcretilen ses de\u011fi\u015fikliklerini \u00fccretsiz olarak sunarak herkes i\u00e7in eri\u015filebilir hale getirir. \u0130\u00e7eri\u011finizdeki ve ileti\u015fiminizdeki potansiyelini ke\u015ffetmek i\u00e7in bug\u00fcn bir ses de\u011fi\u015ftirici kullanmaya ba\u015flay\u0131n.<\/p>\n\n\n\n<p class=\"\">En iyi ses de\u011fi\u015ftirici ara\u00e7lar\u0131 ke\u015ffedin ve ultra ger\u00e7ek\u00e7i yapay zeka taraf\u0131ndan olu\u015fturulan seslerle i\u00e7erik olu\u015fturma ve ileti\u015fim deneyiminizi geli\u015ftirin. Deneyin <a href=\"https:\/\/aiartfree.online\/tr\/ses-degistirici\/\">https:\/\/aiartfree.online\/voice-changer\/<\/a> 100% i\u00e7in kay\u0131t olmadan \u00fccretsiz ve s\u0131n\u0131rs\u0131z kullan\u0131m!<\/p>\n\n\n\n<p class=\"\">Ba\u015fka sorular\u0131n\u0131z varsa, bunu sorabilirsiniz <a href=\"https:\/\/chatgpt4o.space\/\" target=\"_blank\" rel=\"noreferrer noopener\">\u00fccretsiz \u00e7evrimi\u00e7i Sohbet GPT 4o<\/a>.<\/p>","protected":false},"excerpt":{"rendered":"<p>How to use the Voice Changer * Feel free to try our examples below if you don&#8217;t have any thoughts in your mind *&nbsp;Depending on your internet speed, loading the model may take up to 10 seconds \u2193 Enhance Your Audio Experience with the Best Voice Changer Tools What is a Voice Changer? A voice &#8230; <a title=\"Ses De\u011fi\u015ftirici\" class=\"read-more\" href=\"https:\/\/aiartfree.online\/tr\/ses-degistirici\/\" aria-label=\"Read more about Voice Changer\">Devam\u0131n\u0131 oku<\/a><\/p>","protected":false},"author":1,"featured_media":3460,"parent":0,"menu_order":0,"comment_status":"open","ping_status":"closed","template":"","meta":{"nf_dc_page":"","footnotes":""},"class_list":["post-3388","page","type-page","status-publish","has-post-thumbnail"],"jetpack_sharing_enabled":true,"_links":{"self":[{"href":"https:\/\/aiartfree.online\/tr\/wp-json\/wp\/v2\/pages\/3388","targetHints":{"allow":["GET"]}}],"collection":[{"href":"https:\/\/aiartfree.online\/tr\/wp-json\/wp\/v2\/pages"}],"about":[{"href":"https:\/\/aiartfree.online\/tr\/wp-json\/wp\/v2\/types\/page"}],"author":[{"embeddable":true,"href":"https:\/\/aiartfree.online\/tr\/wp-json\/wp\/v2\/users\/1"}],"replies":[{"embeddable":true,"href":"https:\/\/aiartfree.online\/tr\/wp-json\/wp\/v2\/comments?post=3388"}],"version-history":[{"count":0,"href":"https:\/\/aiartfree.online\/tr\/wp-json\/wp\/v2\/pages\/3388\/revisions"}],"wp:featuredmedia":[{"embeddable":true,"href":"https:\/\/aiartfree.online\/tr\/wp-json\/wp\/v2\/media\/3460"}],"wp:attachment":[{"href":"https:\/\/aiartfree.online\/tr\/wp-json\/wp\/v2\/media?parent=3388"}],"curies":[{"name":"wp","href":"https:\/\/api.w.org\/{rel}","templated":true}]}}