{"id":3382,"date":"2024-07-31T11:37:49","date_gmt":"2024-07-31T11:37:49","guid":{"rendered":"https:\/\/aiartfree.online\/?page_id=3382"},"modified":"2024-08-02T09:24:10","modified_gmt":"2024-08-02T09:24:10","slug":"ai-clothes-changer","status":"publish","type":"page","link":"https:\/\/aiartfree.online\/tr\/ai-giysi-degistirici\/","title":{"rendered":"Yapay Zeka Giysi De\u011fi\u015ftirici"},"content":{"rendered":"<h2 class=\"wp-block-heading has-text-align-center\" id=\"before-vs-after\">\u00d6ncesi ve Sonras\u0131<\/h2>\n\n\n\n<figure class=\"gb-block-image gb-block-image-1822da1f\"><img data-recalc-dims=\"1\" decoding=\"async\" loading=\"lazy\" width=\"1200\" height=\"388\" class=\"gb-image gb-image-1822da1f\" src=\"https:\/\/i0.wp.com\/aiartfree.online\/wp-content\/uploads\/2024\/07\/WX20240731-151956%402x-scaled.webp?resize=1200%2C388&#038;ssl=1\" alt=\"AI Clothes Changer - AI ile k\u0131yafet de\u011fi\u015ftirin [\u00fccretsiz, s\u0131n\u0131rs\u0131z]\" title=\"WX20240731-151956@2x\" srcset=\"https:\/\/i0.wp.com\/aiartfree.online\/wp-content\/uploads\/2024\/07\/WX20240731-151956%402x-scaled.webp?w=2560&amp;ssl=1 2560w, https:\/\/i0.wp.com\/aiartfree.online\/wp-content\/uploads\/2024\/07\/WX20240731-151956%402x-scaled.webp?resize=300%2C97&amp;ssl=1 300w, https:\/\/i0.wp.com\/aiartfree.online\/wp-content\/uploads\/2024\/07\/WX20240731-151956%402x-scaled.webp?resize=1024%2C331&amp;ssl=1 1024w, https:\/\/i0.wp.com\/aiartfree.online\/wp-content\/uploads\/2024\/07\/WX20240731-151956%402x-scaled.webp?resize=768%2C249&amp;ssl=1 768w, https:\/\/i0.wp.com\/aiartfree.online\/wp-content\/uploads\/2024\/07\/WX20240731-151956%402x-scaled.webp?resize=1536%2C497&amp;ssl=1 1536w, https:\/\/i0.wp.com\/aiartfree.online\/wp-content\/uploads\/2024\/07\/WX20240731-151956%402x-scaled.webp?resize=2048%2C663&amp;ssl=1 2048w, https:\/\/i0.wp.com\/aiartfree.online\/wp-content\/uploads\/2024\/07\/WX20240731-151956%402x-scaled.webp?resize=18%2C6&amp;ssl=1 18w, https:\/\/i0.wp.com\/aiartfree.online\/wp-content\/uploads\/2024\/07\/WX20240731-151956%402x-scaled.webp?resize=600%2C194&amp;ssl=1 600w, https:\/\/i0.wp.com\/aiartfree.online\/wp-content\/uploads\/2024\/07\/WX20240731-151956%402x-scaled.webp?w=2400&amp;ssl=1 2400w\" sizes=\"auto, (max-width: 1200px) 100vw, 1200px\" \/><\/figure>\n\n\n\n<h2 class=\"wp-block-heading\" id=\"how-to-use-the-ai-clothes-changer\">Yapay Zeka Giysi De\u011fi\u015ftirici nas\u0131l kullan\u0131l\u0131r?<\/h2>\n\n\n\n<ol class=\"wp-block-list\">\n<li class=\"\">Resminizi B\u0131rak\u0131n veya Y\u00fckleyin<\/li>\n\n\n\n<li class=\"\">Giysi resminizi b\u0131rak\u0131n veya y\u00fckleyin<\/li>\n\n\n\n<li class=\"\">\"Dene\" se\u00e7ene\u011fine t\u0131klay\u0131n<\/li>\n\n\n\n<li class=\"\">Bekle, i\u015fte bu!<\/li>\n<\/ol>\n\n\n\n<p class=\"\">* Akl\u0131n\u0131zda herhangi bir d\u00fc\u015f\u00fcnce yoksa a\u015fa\u011f\u0131daki \u00f6rneklerimizi denemekten \u00e7ekinmeyin<\/p>\n\n\n\n<p class=\"\"><em>* \u0130nternet h\u0131z\u0131n\u0131za ba\u011fl\u0131 olarak, modelin y\u00fcklenmesi zaman alabilir <\/em>10 saniyeye kadar \u2193<\/p>\n\n\n\n<div class=\"iframe-wrapper\" style=\"position: relative; width: 100%; height: 1600px;\">\n  <div class=\"loading\" style=\"position: absolute; top: 50px; left: 50%; transform: translate(-50%, -50%); width: 40px; height: 40px; border: 3px solid #f0f0f0; border-top: 3px solid #db7093; border-radius: 50%; animation: spin 1s linear infinite;\"><\/div>\n  <iframe loading=\"lazy\" src=\"https:\/\/yisol-idm-vton.hf.space\" frameborder=\"0\" width=\"100%\" height=\"100%\" style=\"position: absolute; top: 0; left: 0; opacity: 0; transition: opacity 0.3s;\" onload=\"this.style.opacity=1;this.previousElementSibling.style.display='none';\"><\/iframe>\n<\/div>\n\n<style>\n@keyframes spin {\n  0% { transform: translate(-50%, -50%) rotate(0deg); }\n  100% { transform: translate(-50%, -50%) rotate(360deg); }\n}\n<\/style>\n\n\n\n<div style=\"height:80px\" aria-hidden=\"true\" class=\"wp-block-spacer\"><\/div>\n\n\n\n<h2 class=\"wp-block-heading\" id=\"ai-clothes-changer-the-ultimate-guide-to-virtual-fashion-transformation\">Yapay Zeka K\u0131yafet De\u011fi\u015ftirici: Sanal Moda D\u00f6n\u00fc\u015f\u00fcm\u00fc i\u00e7in Nihai Rehber<\/h2>\n\n\n\n<p class=\"\">Bu kapsaml\u0131 k\u0131lavuz, Yapay Zeka Giysi De\u011fi\u015ftirici teknolojisinin d\u00fcnyas\u0131n\u0131, uygulamalar\u0131n\u0131 ve moda end\u00fcstrisinde nas\u0131l devrim yaratt\u0131\u011f\u0131n\u0131 ara\u015ft\u0131r\u0131yor. Tan\u0131m\u0131ndan pratik kullan\u0131m \u00f6rneklerine ve mevcut en iyi ara\u00e7lara kadar her \u015feyi ele alaca\u011f\u0131z.<\/p>\n\n\n\n<div class=\"wp-block-rank-math-toc-block\" id=\"rank-math-toc\"><h2>\u0130\u00e7indekiler<\/h2><nav><ul><li><a href=\"#what-is-ai-clothes-changer\">Yapay Zeka Giysi De\u011fi\u015ftirici Nedir?<\/a><\/li><li><a href=\"#why-use-ai-clothes-changer\">Neden Yapay Zeka Giysi De\u011fi\u015ftirici Kullanmal\u0131?<\/a><\/li><li><a href=\"#main-features-of-ai-clothes-changer\">AI Giysi De\u011fi\u015ftiricinin Ana \u00d6zellikleri<\/a><ul><li><a href=\"#h-3-virtual-outfit-swapping\">H3: Sanal K\u0131yafet De\u011fi\u015ftirme<\/a><\/li><li><a href=\"#h-3-color-modification\">H3: Renk Modifikasyonu<\/a><\/li><li><a href=\"#h-3-style-transfer\">H3: Stil Transferi<\/a><\/li><li><a href=\"#h-3-text-to-image-generation\">H3: Metinden G\u00f6r\u00fcnt\u00fc Olu\u015fturma<\/a><\/li><\/ul><\/li><li><a href=\"#who-can-benefit-from-ai-clothes-changer\">Yapay Zeka Giysi De\u011fi\u015ftiriciden Kimler Faydalanabilir?<\/a><\/li><li><a href=\"#industries-utilizing-ai-clothes-changer\">Yapay Zeka Giysi De\u011fi\u015ftirici Kullanan Sekt\u00f6rler<\/a><\/li><li><a href=\"#how-to-use-ai-clothes-changer\">Yapay Zeka Giysi De\u011fi\u015ftirici Nas\u0131l Kullan\u0131l\u0131r<\/a><\/li><li><a href=\"#ai-clothes-changer-use-cases\">Yapay Zeka Giysi De\u011fi\u015ftirici Kullan\u0131m \u00d6rnekleri<\/a><ul><li><a href=\"#h-3-virtual-try-on-for-online-shopping\">H3: Online Al\u0131\u015fveri\u015f i\u00e7in Sanal Deneme<\/a><\/li><li><a href=\"#h-3-fashion-design-prototyping\">H3: Moda Tasar\u0131m\u0131 Prototipleme<\/a><\/li><li><a href=\"#h-3-social-media-content-creation\">H3: Sosyal Medya \u0130\u00e7eri\u011fi Olu\u015fturma<\/a><\/li><li><a href=\"#h-3-virtual-makeovers\">H3: Sanal Makyajlar<\/a><\/li><\/ul><\/li><li><a href=\"#top-10-ai-clothes-changer-tools-and-information\">En \u0130yi 10 Yapay Zeka Giysi De\u011fi\u015ftirici Ara\u00e7 ve Bilgi<\/a><\/li><li><a href=\"#pros-cons-advantages-challenges-and-recommendations-for-the-ai-clothes-changer-industry\">Yapay Zeka Giysi De\u011fi\u015ftirici Sekt\u00f6r\u00fc i\u00e7in Art\u0131lar\u0131, Eksileri, Avantajlar\u0131, Zorluklar\u0131 ve \u00d6nerileri<\/a><\/li><li><a href=\"#pros\">Art\u0131lar\u0131<\/a><ul><li><a href=\"#cons\">Eksiler<\/a><\/li><li><a href=\"#advantages\">Avantajlar<\/a><\/li><li><a href=\"#challenges\">Zorluklar<\/a><\/li><li><a href=\"#recommendations\">Tavsiyeler<\/a><\/li><\/ul><\/li><li><a href=\"#frequently-asked-questions-faq\">S\u0131k\u00e7a Sorulan Sorular (SSS)<\/a><\/li><li><a href=\"#conclusion\">Sonu\u00e7<\/a><\/li><\/ul><\/nav><\/div>\n\n\n\n<h3 class=\"wp-block-heading\" id=\"what-is-ai-clothes-changer\">Yapay Zeka Giysi De\u011fi\u015ftirici Nedir?<\/h3>\n\n\n\n<p class=\"\">AI Clothes Changer, g\u00f6r\u00fcnt\u00fclerdeki k\u0131yafetleri dijital olarak de\u011fi\u015ftirmek veya de\u011fi\u015ftirmek i\u00e7in yapay zeka kullanan yenilik\u00e7i bir teknolojidir. Bu yapay zeka arac\u0131, kullan\u0131c\u0131lar\u0131n fiziksel olarak k\u0131yafetlerini de\u011fi\u015ftirmeden sanal olarak farkl\u0131 k\u0131yafetler denemelerine, k\u0131yafet rengini de\u011fi\u015ftirmelerine ve \u00e7e\u015fitli stilleri denemelerine olanak tan\u0131r.<\/p>\n\n\n\n<h3 class=\"wp-block-heading\" id=\"why-use-ai-clothes-changer\">Neden Yapay Zeka Giysi De\u011fi\u015ftirici Kullanmal\u0131?<\/h3>\n\n\n\n<p class=\"\">Yapay Zeka Giysi De\u011fi\u015ftirici kullanmak \u00e7ok say\u0131da avantaj sunar:<\/p>\n\n\n\n<ul class=\"wp-block-list\">\n<li class=\"\">Zaman tasarrufu sa\u011flar: Fiziksel deneme yapmadan k\u0131yafet de\u011fi\u015fikliklerini h\u0131zl\u0131ca g\u00f6rselle\u015ftirin<\/li>\n\n\n\n<li class=\"\">Uygun maliyetli: Sat\u0131n almadan \u00f6nce stilleri deneyin<\/li>\n\n\n\n<li class=\"\">Yarat\u0131c\u0131l\u0131k art\u0131\u015f\u0131: Yeni moda kombinasyonlar\u0131n\u0131 zahmetsizce ke\u015ffedin<\/li>\n\n\n\n<li class=\"\">Ki\u015fiselle\u015ftirme: K\u0131yafetleri bireysel tercihlere g\u00f6re uyarlay\u0131n<\/li>\n\n\n\n<li class=\"\">S\u00fcrd\u00fcr\u00fclebilirlik: Sanal denemelerle fiziksel giysi israf\u0131n\u0131 azalt\u0131n<\/li>\n<\/ul>\n\n\n\n<h3 class=\"wp-block-heading\" id=\"main-features-of-ai-clothes-changer\">AI Giysi De\u011fi\u015ftiricinin Ana \u00d6zellikleri<\/h3>\n\n\n\n<h4 class=\"wp-block-heading\" id=\"h-3-virtual-outfit-swapping\">H3: Sanal K\u0131yafet De\u011fi\u015ftirme<\/h4>\n\n\n\n<p class=\"\">AI Clothes Changer, kullan\u0131c\u0131lar\u0131n sadece bir resim y\u00fcklemelerine ve birka\u00e7 t\u0131klama ile t\u00fcm k\u0131yafetleri de\u011fi\u015ftirmelerine olanak tan\u0131r.<\/p>\n\n\n\n<h4 class=\"wp-block-heading\" id=\"h-3-color-modification\">H3: Renk Modifikasyonu<\/h4>\n\n\n\n<p class=\"\">Ayn\u0131 giysinin farkl\u0131 varyasyonlar\u0131n\u0131 g\u00f6rselle\u015ftirmek i\u00e7in giysi rengini an\u0131nda de\u011fi\u015ftirin.<\/p>\n\n\n\n<h4 class=\"wp-block-heading\" id=\"h-3-style-transfer\">H3: Stil Transferi<\/h4>\n\n\n\n<p class=\"\">Bir k\u0131yafetin stilini di\u011ferine uygulayarak benzersiz moda kombinasyonlar\u0131 olu\u015fturun.<\/p>\n\n\n\n<h4 class=\"wp-block-heading\" id=\"h-3-text-to-image-generation\">H3: Metinden G\u00f6r\u00fcnt\u00fc Olu\u015fturma<\/h4>\n\n\n\n<p class=\"\">Baz\u0131 geli\u015fmi\u015f Yapay Zeka K\u0131yafet De\u011fi\u015ftiricileri, tamamen yeni k\u0131yafetler olu\u015fturmak i\u00e7in metin komutlar\u0131 kullan\u0131r.<\/p>\n\n\n\n<h3 class=\"wp-block-heading\" id=\"who-can-benefit-from-ai-clothes-changer\">Yapay Zeka Giysi De\u011fi\u015ftiriciden Kimler Faydalanabilir?<\/h3>\n\n\n\n<ul class=\"wp-block-list\">\n<li class=\"\">Moda merakl\u0131lar\u0131<\/li>\n\n\n\n<li class=\"\">\u00c7evrimi\u00e7i al\u0131\u015fveri\u015f yapanlar<\/li>\n\n\n\n<li class=\"\">Moda tasar\u0131mc\u0131lar\u0131<\/li>\n\n\n\n<li class=\"\">E-ticaret i\u015fletmeleri<\/li>\n\n\n\n<li class=\"\">Sosyal medya fenomenleri<\/li>\n\n\n\n<li class=\"\">Foto\u011fraf\u00e7\u0131lar ve modeller<\/li>\n<\/ul>\n\n\n\n<h3 class=\"wp-block-heading\" id=\"industries-utilizing-ai-clothes-changer\">Yapay Zeka Giysi De\u011fi\u015ftirici Kullanan Sekt\u00f6rler<\/h3>\n\n\n\n<ul class=\"wp-block-list\">\n<li class=\"\">Moda perakendecili\u011fi<\/li>\n\n\n\n<li class=\"\">E-ticaret<\/li>\n\n\n\n<li class=\"\">Reklam ve pazarlama<\/li>\n\n\n\n<li class=\"\">E\u011flence ve medya<\/li>\n\n\n\n<li class=\"\">Ki\u015fisel stil hizmetleri<\/li>\n\n\n\n<li class=\"\">Moda e\u011fitimi<\/li>\n<\/ul>\n\n\n\n<h3 class=\"wp-block-heading\" id=\"how-to-use-ai-clothes-changer\">Yapay Zeka Giysi De\u011fi\u015ftirici Nas\u0131l Kullan\u0131l\u0131r<\/h3>\n\n\n\n<ol class=\"wp-block-list\">\n<li class=\"\">Bir Yapay Zeka K\u0131yafet De\u011fi\u015ftirici arac\u0131 se\u00e7in (\u00f6rn. https:\/\/aiartfree.online\/ai-clothes-changer\/)<\/li>\n\n\n\n<li class=\"\">Foto\u011fraf\u0131n\u0131z\u0131 y\u00fckleyin veya bir model resmi se\u00e7in<\/li>\n\n\n\n<li class=\"\">\u0130stedi\u011finiz k\u0131yafeti veya stili se\u00e7in<\/li>\n\n\n\n<li class=\"\">De\u011fi\u015fiklikleri belirtmek i\u00e7in metin istemlerini veya g\u00f6rsel se\u00e7imleri kullan\u0131n<\/li>\n\n\n\n<li class=\"\">Yapay zeka taraf\u0131ndan olu\u015fturulan de\u011fi\u015fiklikleri uygulay\u0131n<\/li>\n\n\n\n<li class=\"\">Gerekti\u011fi gibi ince ayar yap\u0131n ve ayarlay\u0131n<\/li>\n\n\n\n<li class=\"\">D\u00f6n\u00fc\u015ft\u00fcrd\u00fc\u011f\u00fcn\u00fcz g\u00f6r\u00fcnt\u00fcy\u00fc kaydedin ve payla\u015f\u0131n<\/li>\n<\/ol>\n\n\n\n<h3 class=\"wp-block-heading\" id=\"ai-clothes-changer-use-cases\">Yapay Zeka Giysi De\u011fi\u015ftirici Kullan\u0131m \u00d6rnekleri<\/h3>\n\n\n\n<h4 class=\"wp-block-heading\" id=\"h-3-virtual-try-on-for-online-shopping\">H3: Online Al\u0131\u015fveri\u015f i\u00e7in Sanal Deneme<\/h4>\n\n\n\n<p class=\"\">M\u00fc\u015fteriler sat\u0131n almadan \u00f6nce k\u0131yafetlerin \u00fczerlerinde nas\u0131l duraca\u011f\u0131n\u0131 g\u00f6rselle\u015ftirebilir.<\/p>\n\n\n\n<h4 class=\"wp-block-heading\" id=\"h-3-fashion-design-prototyping\">H3: Moda Tasar\u0131m\u0131 Prototipleme<\/h4>\n\n\n\n<p class=\"\">Tasar\u0131mc\u0131lar yeni giysi tasar\u0131mlar\u0131n\u0131 h\u0131zla yineleyebilir ve g\u00f6rselle\u015ftirebilir.<\/p>\n\n\n\n<h4 class=\"wp-block-heading\" id=\"h-3-social-media-content-creation\">H3: Sosyal Medya \u0130\u00e7eri\u011fi Olu\u015fturma<\/h4>\n\n\n\n<p class=\"\">Influencer'lar \u00e7ok say\u0131da fiziksel k\u0131yafet de\u011fi\u015fikli\u011fi yapmadan \u00e7e\u015fitli moda i\u00e7erikleri olu\u015fturabilir.<\/p>\n\n\n\n<h4 class=\"wp-block-heading\" id=\"h-3-virtual-makeovers\">H3: Sanal Makyajlar<\/h4>\n\n\n\n<p class=\"\">Kullan\u0131c\u0131lar ki\u015fisel veya profesyonel ama\u00e7lar i\u00e7in farkl\u0131 stil ve g\u00f6r\u00fcn\u00fcmler deneyebilirler.<\/p>\n\n\n\n<h3 class=\"wp-block-heading\" id=\"top-10-ai-clothes-changer-tools-and-information\">En \u0130yi 10 Yapay Zeka Giysi De\u011fi\u015ftirici Ara\u00e7 ve Bilgi<\/h3>\n\n\n\n<figure class=\"wp-block-table\"><table class=\"has-fixed-layout\"><thead><tr><th>Ara\u00e7\/Web Sitesi<\/th><th>Art\u0131lar\u0131<\/th><th>Eksiler<\/th><th>\u00d6zellikler<\/th><th>URL<\/th><\/tr><\/thead><tbody><tr><td>AIArtFree Yapay Zeka K\u0131yafet De\u011fi\u015ftirici<\/td><td>100% \u00dccretsiz, s\u0131n\u0131rs\u0131z kullan\u0131m, kay\u0131t gerekmez<\/td><td>S\u0131n\u0131rl\u0131 geli\u015fmi\u015f \u00f6zelliklere sahip olabilir<\/td><td>Kullan\u0131m\u0131 kolay aray\u00fcz, \u00e7ok \u00e7e\u015fitli giysi se\u00e7enekleri<\/td><td><a href=\"https:\/\/aiartfree.online\/tr\/ai-giysi-degistirici\/\">https:\/\/aiartfree.online\/ai-clothes-changer\/<\/a><\/td><\/tr><tr><td>DALL-E 2<\/td><td>Yapay zeka taraf\u0131ndan olu\u015fturulan g\u00fc\u00e7l\u00fc g\u00f6r\u00fcnt\u00fcler<\/td><td>OpenAI hesab\u0131 gerektirir<\/td><td>Metinden g\u00f6r\u00fcnt\u00fcye olu\u015fturma, stil aktar\u0131m\u0131<\/td><td><a href=\"https:\/\/openai.com\/dall-e-2\" target=\"_blank\" rel=\"noopener\">https:\/\/openai.com\/dall-e-2<\/a><\/td><\/tr><tr><td>Yolculu\u011fun Ortas\u0131<\/td><td>Yapay zeka taraf\u0131ndan \u00fcretilen y\u00fcksek kaliteli moda<\/td><td>\u00dccretli hizmet, \u00f6\u011frenme e\u011frisi<\/td><td>Geli\u015fmi\u015f metin istemleri, benzersiz stil<\/td><td>https:\/\/www.midjourney.com<\/td><\/tr><tr><td>Kararl\u0131 Dif\u00fczyon<\/td><td>A\u00e7\u0131k kaynakl\u0131, \u00f6zelle\u015ftirilebilir<\/td><td>Teknik bilgi gerektirir<\/td><td>Son derece esnek, toplum odakl\u0131<\/td><td>https:\/\/stability.ai<\/td><\/tr><tr><td>Yapay Zeka Giydirme<\/td><td>Sanal deneme konusunda uzman<\/td><td>S\u0131n\u0131rl\u0131 \u00fccretsiz se\u00e7enekler<\/td><td>Ger\u00e7ek\u00e7i k\u0131yafet sim\u00fclasyonu<\/td><td>https:\/\/dressupaionline.com<\/td><\/tr><tr><td>Vue.ai<\/td><td>Kurumsal d\u00fczeyde \u00e7\u00f6z\u00fcm<\/td><td>Bireyler i\u00e7in pahal\u0131<\/td><td>Geli\u015fmi\u015f yapay zeka \u00f6zellikleri, e-ticaret entegrasyonu<\/td><td>https:\/\/vue.ai<\/td><\/tr><tr><td>Pixlr<\/td><td>\u00dccretsiz temel \u00f6zellikler<\/td><td>Premium \u00f6zellikler abonelik gerektirir<\/td><td>Kullan\u0131c\u0131 dostu aray\u00fcz, foto\u011fraf d\u00fczenleme ara\u00e7lar\u0131<\/td><td>https:\/\/pixlr.com<\/td><\/tr><tr><td>Canva<\/td><td>\u00c7ok y\u00f6nl\u00fc tasar\u0131m platformu<\/td><td>S\u0131n\u0131rl\u0131 AI k\u0131yafet de\u011fi\u015ftirme \u00f6zellikleri<\/td><td>Kullan\u0131m\u0131 kolay, \u015fablonlar mevcut<\/td><td>https:\/\/www.canva.com<\/td><\/tr><tr><td>Adobe Ate\u015fb\u00f6ce\u011fi<\/td><td>G\u00fc\u00e7l\u00fc yapay zeka g\u00f6r\u00fcnt\u00fc \u00fcretimi<\/td><td>Creative Cloud aboneli\u011fi gerektirir<\/td><td>Y\u00fcksek kaliteli \u00e7\u0131kt\u0131lar, Adobe suite ile entegrasyon<\/td><td>https:\/\/www.adobe.com\/sensei\/generative-ai\/firefly.html<\/td><\/tr><tr><td>Pist ML<\/td><td>\u0130\u00e7erik olu\u015fturucular i\u00e7in geli\u015fmi\u015f yapay zeka ara\u00e7lar\u0131<\/td><td>Dik \u00f6\u011frenme e\u011frisi<\/td><td>Video d\u00fczenleme, g\u00f6r\u00fcnt\u00fc olu\u015fturma<\/td><td>https:\/\/runwayml.com<\/td><\/tr><\/tbody><\/table><\/figure>\n\n\n\n<h3 class=\"wp-block-heading\" id=\"pros-cons-advantages-challenges-and-recommendations-for-the-ai-clothes-changer-industry\">Yapay Zeka Giysi De\u011fi\u015ftirici Sekt\u00f6r\u00fc i\u00e7in Art\u0131lar\u0131, Eksileri, Avantajlar\u0131, Zorluklar\u0131 ve \u00d6nerileri<\/h3>\n\n\n\n<h3 class=\"wp-block-heading\" id=\"pros\">Art\u0131lar\u0131<\/h3>\n\n\n\n<ul class=\"wp-block-list\">\n<li class=\"\">Online al\u0131\u015fveri\u015f deneyimini geli\u015ftirir<\/li>\n\n\n\n<li class=\"\">E-ticarette iade oranlar\u0131n\u0131 d\u00fc\u015f\u00fcr\u00fcr<\/li>\n\n\n\n<li class=\"\">Moda tasar\u0131m\u0131nda yarat\u0131c\u0131l\u0131\u011f\u0131 te\u015fvik eder<\/li>\n<\/ul>\n\n\n\n<h4 class=\"wp-block-heading\" id=\"cons\">Eksiler<\/h4>\n\n\n\n<ul class=\"wp-block-list\">\n<li class=\"\">Kullan\u0131c\u0131 g\u00f6r\u00fcnt\u00fcleriyle ilgili potansiyel gizlilik endi\u015feleri<\/li>\n\n\n\n<li class=\"\">Ger\u00e7ek d\u00fcnya uyumunu her zaman tam olarak temsil etmeyebilir<\/li>\n<\/ul>\n\n\n\n<h4 class=\"wp-block-heading\" id=\"advantages\">Avantajlar<\/h4>\n\n\n\n<ul class=\"wp-block-list\">\n<li class=\"\">Fiziksel moda at\u0131klar\u0131na s\u00fcrd\u00fcr\u00fclebilir alternatif<\/li>\n\n\n\n<li class=\"\">Moda deneylerini demokratikle\u015ftirir<\/li>\n<\/ul>\n\n\n\n<h4 class=\"wp-block-heading\" id=\"challenges\">Zorluklar<\/h4>\n\n\n\n<ul class=\"wp-block-list\">\n<li class=\"\">Fotoger\u00e7ek\u00e7i sonu\u00e7lar\u0131n sa\u011flanmas\u0131<\/li>\n\n\n\n<li class=\"\">Geli\u015fmi\u015f \u00f6zelliklerle kullan\u0131m kolayl\u0131\u011f\u0131n\u0131 dengeleme<\/li>\n<\/ul>\n\n\n\n<h4 class=\"wp-block-heading\" id=\"recommendations\">Tavsiyeler<\/h4>\n\n\n\n<ul class=\"wp-block-list\">\n<li class=\"\">Yapay zeka do\u011frulu\u011funu ve ger\u00e7ek\u00e7ili\u011fini geli\u015ftirmeye yat\u0131r\u0131m yap\u0131n<\/li>\n\n\n\n<li class=\"\">Kullan\u0131c\u0131 gizlili\u011fine ve veri korumas\u0131na \u00f6ncelik verin<\/li>\n\n\n\n<li class=\"\">\u00d6zg\u00fcn dijital kataloglar i\u00e7in moda markalar\u0131yla i\u015fbirli\u011fi yap\u0131n<\/li>\n<\/ul>\n\n\n\n<h3 class=\"wp-block-heading\" id=\"frequently-asked-questions-faq\">S\u0131k\u00e7a Sorulan Sorular (SSS)<\/h3>\n\n\n\n<ol class=\"wp-block-list\">\n<li class=\"\">S: AI Giysi De\u011fi\u015ftiriciyi kullanmak \u00fccretsiz mi?<br>C: AIArtFree gibi baz\u0131 ara\u00e7lar 100% \u00fccretsiz ve s\u0131n\u0131rs\u0131z kullan\u0131m sunarken, di\u011ferleri \u00fccretli \u00f6zelliklere sahip olabilir.<\/li>\n\n\n\n<li class=\"\">S: Yapay Zeka Giysi De\u011fi\u015ftiriciyi kullanmak i\u00e7in kaydolmam gerekiyor mu?<br>C: Her zaman de\u011fil. AIArtFree (https:\/\/aiartfree.online\/ai-clothes-changer\/) gibi ara\u00e7lar kay\u0131t gerektirmeyen hizmetler sunar.<\/li>\n\n\n\n<li class=\"\">S: AI Giysi De\u011fi\u015ftirici herhangi bir foto\u011frafla \u00e7al\u0131\u015fabilir mi?<br>C: \u00c7o\u011fu ara\u00e7 en iyi net, \u00f6ne bakan foto\u011fraflarla \u00e7al\u0131\u015f\u0131r. Bununla birlikte, geli\u015fmi\u015f yapay zeka \u00e7e\u015fitli pozlar\u0131 ve arka planlar\u0131 i\u015fleyebilir.<\/li>\n\n\n\n<li class=\"\">S: Yapay Zeka Giysi De\u011fi\u015ftiricileri ger\u00e7ek giysileri temsil etmede ne kadar do\u011frudur?<br>C: Do\u011fruluk araca g\u00f6re de\u011fi\u015fir, ancak \u00f6nde gelen yapay zeka teknolojileri temsillerinde giderek daha ger\u00e7ek\u00e7i olmaktad\u0131r.<\/li>\n\n\n\n<li class=\"\">S: AI Giysi De\u011fi\u015ftirici \u00f6zel tasar\u0131mlar olu\u015fturabilir mi?<br>C: Evet, baz\u0131 geli\u015fmi\u015f ara\u00e7lar kullan\u0131c\u0131lar\u0131n metin komutlar\u0131n\u0131 veya yapay zeka taraf\u0131ndan olu\u015fturulan desenleri kullanarak benzersiz tasar\u0131mlar olu\u015fturmas\u0131na olanak tan\u0131r.<\/li>\n\n\n\n<li class=\"\">S: Bu ara\u00e7lar\u0131 kullanarak k\u0131yafetlerin sadece rengini de\u011fi\u015ftirmek m\u00fcmk\u00fcn m\u00fc?<br>C: Kesinlikle! Bir\u00e7ok AI Giysi De\u011fi\u015ftirici, mevcut giysilerin yaln\u0131zca rengini de\u011fi\u015ftirme se\u00e7ene\u011fi sunar.<\/li>\n\n\n\n<li class=\"\">S: \u00d6zellikle moda tasar\u0131mc\u0131lar\u0131 i\u00e7in herhangi bir Yapay Zeka K\u0131yafet De\u011fi\u015ftirici var m\u0131?<br>C: Evet, Vue.ai ve Adobe Firefly gibi ara\u00e7lar geli\u015fmi\u015f \u00f6zellikleriyle profesyonel tasar\u0131mc\u0131lara hitap ediyor.<\/li>\n\n\n\n<li class=\"\">S: AI Clothes Changer video i\u00e7eri\u011fi i\u00e7in kullan\u0131labilir mi?<br>C: Runway ML gibi baz\u0131 geli\u015fmi\u015f ara\u00e7lar, AI k\u0131yafet de\u011fi\u015ftirme \u00f6zellikleriyle video d\u00fczenleme yetenekleri sunar.<\/li>\n\n\n\n<li class=\"\">S: Yapay Zeka Giysi De\u011fi\u015ftiriciler aksesuarlar\u0131 ve katmanl\u0131 giysileri nas\u0131l i\u015fliyor?<br>C: Daha sofistike yapay zeka ara\u00e7lar\u0131, aksesuarlar ve katmanlar dahil olmak \u00fczere karma\u015f\u0131k k\u0131yafetleri y\u00f6netebilir, ancak daha basit ara\u00e7lar\u0131n s\u0131n\u0131rlamalar\u0131 olabilir.<\/li>\n\n\n\n<li class=\"\">S: Yapay Zeka Giysi De\u011fi\u015ftiricilerin kullan\u0131m\u0131yla ilgili etik kayg\u0131lar var m\u0131?<br>C: Temel endi\u015feler aras\u0131nda kullan\u0131c\u0131 verilerinin gizlili\u011fi ve yan\u0131lt\u0131c\u0131 g\u00f6r\u00fcnt\u00fcler olu\u015fturmak i\u00e7in potansiyel k\u00f6t\u00fcye kullan\u0131m yer almaktad\u0131r. Bu ara\u00e7lar\u0131 sorumlu bir \u015fekilde kullanmak \u00f6nemlidir.<\/li>\n<\/ol>\n\n\n\n<h3 class=\"wp-block-heading\" id=\"conclusion\">Sonu\u00e7<\/h3>\n\n\n\n<p class=\"\">AI Clothes Changer teknolojisi moda end\u00fcstrisinde devrim yaratarak yarat\u0131c\u0131l\u0131k, s\u00fcrd\u00fcr\u00fclebilirlik ve ki\u015fiselle\u015ftirme i\u00e7in benzeri g\u00f6r\u00fclmemi\u015f f\u0131rsatlar sunuyor. Bireysel kullan\u0131c\u0131lardan b\u00fcy\u00fck moda markalar\u0131na kadar, uygulamalar geni\u015f kapsaml\u0131 ve etkilidir. Bir\u00e7ok ki\u015fi i\u00e7in 1 numaral\u0131 se\u00e7enek olan AIArtFree'nin AI Clothes Changer (https:\/\/aiartfree.online\/ai-clothes-changer\/) gibi ara\u00e7lar, bu heyecan verici teknolojiyi ke\u015ffetmek i\u00e7in eri\u015filebilir, \u00fccretsiz ve kullan\u0131c\u0131 dostu se\u00e7enekler sunuyor. \u0130ster moda merakl\u0131s\u0131, ister tasar\u0131mc\u0131 veya e-ticaret profesyoneli olun, AI Clothes Changer'\u0131 benimsemek moda deneyiminizi ve i\u015f ak\u0131\u015f\u0131n\u0131z\u0131 \u00f6nemli \u00f6l\u00e7\u00fcde geli\u015ftirebilir. Bug\u00fcn bu yenilik\u00e7i yapay zeka foto\u011fraf d\u00fczenleyicisini denemeye ba\u015flay\u0131n ve modaya yakla\u015f\u0131m\u0131n\u0131z\u0131 d\u00f6n\u00fc\u015ft\u00fcr\u00fcn!<\/p>\n\n\n\n<p class=\"\"><\/p>","protected":false},"excerpt":{"rendered":"<p>Before vs After How to use the AI Clothes Changer * Feel free to try our examples below if you don&#8217;t have any thoughts in your mind *&nbsp;Depending on your internet speed, loading the model may take up to 10 seconds \u2193 AI Clothes Changer: The Ultimate Guide to Virtual Fashion Transformation This comprehensive guide &#8230; <a title=\"Yapay Zeka Giysi De\u011fi\u015ftirici\" class=\"read-more\" href=\"https:\/\/aiartfree.online\/tr\/ai-giysi-degistirici\/\" aria-label=\"Read more about AI Clothes Changer\">Devam\u0131n\u0131 oku<\/a><\/p>","protected":false},"author":1,"featured_media":3386,"parent":0,"menu_order":0,"comment_status":"open","ping_status":"closed","template":"","meta":{"nf_dc_page":"","footnotes":""},"class_list":["post-3382","page","type-page","status-publish","has-post-thumbnail"],"jetpack_sharing_enabled":true,"_links":{"self":[{"href":"https:\/\/aiartfree.online\/tr\/wp-json\/wp\/v2\/pages\/3382","targetHints":{"allow":["GET"]}}],"collection":[{"href":"https:\/\/aiartfree.online\/tr\/wp-json\/wp\/v2\/pages"}],"about":[{"href":"https:\/\/aiartfree.online\/tr\/wp-json\/wp\/v2\/types\/page"}],"author":[{"embeddable":true,"href":"https:\/\/aiartfree.online\/tr\/wp-json\/wp\/v2\/users\/1"}],"replies":[{"embeddable":true,"href":"https:\/\/aiartfree.online\/tr\/wp-json\/wp\/v2\/comments?post=3382"}],"version-history":[{"count":0,"href":"https:\/\/aiartfree.online\/tr\/wp-json\/wp\/v2\/pages\/3382\/revisions"}],"wp:featuredmedia":[{"embeddable":true,"href":"https:\/\/aiartfree.online\/tr\/wp-json\/wp\/v2\/media\/3386"}],"wp:attachment":[{"href":"https:\/\/aiartfree.online\/tr\/wp-json\/wp\/v2\/media?parent=3382"}],"curies":[{"name":"wp","href":"https:\/\/api.w.org\/{rel}","templated":true}]}}