{"id":3372,"date":"2024-07-31T11:06:08","date_gmt":"2024-07-31T11:06:08","guid":{"rendered":"https:\/\/aiartfree.online\/?page_id=3372"},"modified":"2024-08-02T09:05:56","modified_gmt":"2024-08-02T09:05:56","slug":"ai-photo-editor","status":"publish","type":"page","link":"https:\/\/aiartfree.online\/tr\/ucretsiz-cevrimici-fotograf-duzenleyici\/","title":{"rendered":"AI Foto\u011fraf D\u00fczenleyici"},"content":{"rendered":"<h2 class=\"wp-block-heading has-text-align-center\" id=\"before-vs-after\">\u00d6ncesi ve Sonras\u0131<\/h2>\n\n\n\n<figure class=\"gb-block-image gb-block-image-1822da1f\"><img data-recalc-dims=\"1\" decoding=\"async\" loading=\"lazy\" width=\"1200\" height=\"604\" class=\"gb-image gb-image-1822da1f\" src=\"https:\/\/i0.wp.com\/aiartfree.online\/wp-content\/uploads\/2024\/07\/WX20240731-145937%402x-jpg.webp?resize=1200%2C604&#038;ssl=1\" alt=\"Foto\u011fraf D\u00fczenleyici - 100% AI ile \u00dccretsiz \u00c7evrimi\u00e7i G\u00f6r\u00fcnt\u00fc D\u00fczenleme, S\u0131n\u0131rs\u0131z\" title=\"WX20240731-145937@2x\" srcset=\"https:\/\/i0.wp.com\/aiartfree.online\/wp-content\/uploads\/2024\/07\/WX20240731-145937%402x-jpg.webp?w=2018&amp;ssl=1 2018w, https:\/\/i0.wp.com\/aiartfree.online\/wp-content\/uploads\/2024\/07\/WX20240731-145937%402x-jpg.webp?resize=300%2C151&amp;ssl=1 300w, https:\/\/i0.wp.com\/aiartfree.online\/wp-content\/uploads\/2024\/07\/WX20240731-145937%402x-jpg.webp?resize=1024%2C516&amp;ssl=1 1024w, https:\/\/i0.wp.com\/aiartfree.online\/wp-content\/uploads\/2024\/07\/WX20240731-145937%402x-jpg.webp?resize=768%2C387&amp;ssl=1 768w, https:\/\/i0.wp.com\/aiartfree.online\/wp-content\/uploads\/2024\/07\/WX20240731-145937%402x-jpg.webp?resize=1536%2C773&amp;ssl=1 1536w, https:\/\/i0.wp.com\/aiartfree.online\/wp-content\/uploads\/2024\/07\/WX20240731-145937%402x-jpg.webp?resize=18%2C9&amp;ssl=1 18w, https:\/\/i0.wp.com\/aiartfree.online\/wp-content\/uploads\/2024\/07\/WX20240731-145937%402x-jpg.webp?resize=600%2C302&amp;ssl=1 600w\" sizes=\"auto, (max-width: 1200px) 100vw, 1200px\" \/><\/figure>\n\n\n\n<figure class=\"gb-block-image gb-block-image-0c36f3d3\"><img data-recalc-dims=\"1\" decoding=\"async\" loading=\"lazy\" width=\"1200\" height=\"607\" class=\"gb-image gb-image-0c36f3d3\" src=\"https:\/\/i0.wp.com\/aiartfree.online\/wp-content\/uploads\/2024\/07\/WX20240731-151103%402x.jpg?resize=1200%2C607&#038;ssl=1\" alt=\"Foto\u011fraf D\u00fczenleyici - 100% AI ile \u00dccretsiz \u00c7evrimi\u00e7i G\u00f6r\u00fcnt\u00fc D\u00fczenleme, S\u0131n\u0131rs\u0131z\" title=\"WX20240731-151103@2x\" srcset=\"https:\/\/i0.wp.com\/aiartfree.online\/wp-content\/uploads\/2024\/07\/WX20240731-151103%402x.jpg?w=1408&amp;ssl=1 1408w, https:\/\/i0.wp.com\/aiartfree.online\/wp-content\/uploads\/2024\/07\/WX20240731-151103%402x.jpg?resize=300%2C152&amp;ssl=1 300w, https:\/\/i0.wp.com\/aiartfree.online\/wp-content\/uploads\/2024\/07\/WX20240731-151103%402x.jpg?resize=1024%2C518&amp;ssl=1 1024w, https:\/\/i0.wp.com\/aiartfree.online\/wp-content\/uploads\/2024\/07\/WX20240731-151103%402x.jpg?resize=768%2C388&amp;ssl=1 768w, https:\/\/i0.wp.com\/aiartfree.online\/wp-content\/uploads\/2024\/07\/WX20240731-151103%402x.jpg?resize=18%2C9&amp;ssl=1 18w, https:\/\/i0.wp.com\/aiartfree.online\/wp-content\/uploads\/2024\/07\/WX20240731-151103%402x.jpg?resize=600%2C303&amp;ssl=1 600w\" sizes=\"auto, (max-width: 1200px) 100vw, 1200px\" \/><\/figure>\n\n\n\n<h2 class=\"wp-block-heading\" id=\"how-to-use-the-photo-editor\">Foto\u011fraf D\u00fczenleyici nas\u0131l kullan\u0131l\u0131r<\/h2>\n\n\n\n<ol class=\"wp-block-list\">\n<li class=\"\">Resminizi B\u0131rak\u0131n veya Y\u00fckleyin<\/li>\n\n\n\n<li class=\"\">Neyi de\u011fi\u015ftirmek istedi\u011finize dair Talimatlar\u0131n\u0131z\u0131 girin<\/li>\n\n\n\n<li class=\"\">\"G\u00f6nder \"e t\u0131klay\u0131n<\/li>\n\n\n\n<li class=\"\">Bekle, i\u015fte bu!<\/li>\n<\/ol>\n\n\n\n<p class=\"\">* Akl\u0131n\u0131zda herhangi bir d\u00fc\u015f\u00fcnce yoksa a\u015fa\u011f\u0131daki \u00f6rneklerimizi denemekten \u00e7ekinmeyin<\/p>\n\n\n\n<p class=\"\"><em>* \u0130nternet h\u0131z\u0131n\u0131za ba\u011fl\u0131 olarak, modelin y\u00fcklenmesi zaman alabilir <\/em>10 saniyeye kadar \u2193<\/p>\n\n\n\n<div class=\"iframe-wrapper\" style=\"position: relative; width: 100%; height: 1600px;\">\n  <div class=\"loading\" style=\"position: absolute; top: 50px; left: 50%; transform: translate(-50%, -50%); width: 40px; height: 40px; border: 3px solid #f0f0f0; border-top: 3px solid #db7093; border-radius: 50%; animation: spin 1s linear infinite;\"><\/div>\n  <iframe loading=\"lazy\" src=\"https:\/\/tsujuifu-ml-mgie.hf.space\" frameborder=\"0\" width=\"100%\" height=\"100%\" style=\"position: absolute; top: 0; left: 0; opacity: 0; transition: opacity 0.3s;\" onload=\"this.style.opacity=1;this.previousElementSibling.style.display='none';\"><\/iframe>\n<\/div>\n\n<style>\n@keyframes spin {\n  0% { transform: translate(-50%, -50%) rotate(0deg); }\n  100% { transform: translate(-50%, -50%) rotate(360deg); }\n}\n<\/style>\n\n\n\n<div style=\"height:80px\" aria-hidden=\"true\" class=\"wp-block-spacer\"><\/div>\n\n\n\n<h2 class=\"wp-block-heading\" id=\"ai-photo-editor-revolutionizing-image-editing-with-advanced-ai-technology\">AI Foto\u011fraf D\u00fczenleyici: Geli\u015fmi\u015f Yapay Zeka Teknolojisi ile G\u00f6r\u00fcnt\u00fc D\u00fczenlemede Devrim Yarat\u0131yor<\/h2>\n\n\n\n<p class=\"\">Bu makale, yapay zeka foto\u011fraf edit\u00f6rlerinin d\u00fcnyas\u0131n\u0131 ke\u015ffederek \u00f6zelliklerine, faydalar\u0131na ve uygulamalar\u0131na odaklan\u0131yor. Temel tan\u0131mlardan geli\u015fmi\u015f tekniklere kadar her \u015feyi ele alarak bu ara\u00e7lar\u0131n foto\u011fraf d\u00fczenleme deneyiminizi nas\u0131l d\u00f6n\u00fc\u015ft\u00fcrebilece\u011fini anlaman\u0131za yard\u0131mc\u0131 olaca\u011f\u0131z.<\/p>\n\n\n\n<div class=\"wp-block-rank-math-toc-block\" id=\"rank-math-toc\"><h3>\u0130\u00e7indekiler<\/h3><nav><ul><li><a href=\"#what-is-an-ai-photo-editor\">Yapay Zeka Foto\u011fraf Edit\u00f6r\u00fc nedir?<\/a><\/li><li><a href=\"#why-use-an-ai-photo-editor\">Neden Yapay Zeka Foto\u011fraf Edit\u00f6r\u00fc Kullanmal\u0131?<\/a><\/li><li><a href=\"#main-features-of-ai-photo-editors\">AI Foto\u011fraf Edit\u00f6rlerinin Temel \u00d6zellikleri<\/a><ul><li><a href=\"#1-background-removal\">1. Arka Plan Kald\u0131rma<\/a><\/li><li><a href=\"#2-object-removal-magic-eraser\">2. Nesne Kald\u0131rma (Sihirli Silgi)<\/a><\/li><li><a href=\"#3-photo-enhancement\">3. Foto\u011fraf \u0130yile\u015ftirme<\/a><\/li><li><a href=\"#4-style-transfer\">4. Stil Transferi<\/a><\/li><li><a href=\"#5-face-retouching\">5. Y\u00fcz R\u00f6tu\u015flama<\/a><\/li><\/ul><\/li><li><a href=\"#who-should-use-ai-photo-editors\">Yapay Zeka Foto\u011fraf D\u00fczenleyicilerini Kimler Kullanmal\u0131?<\/a><\/li><li><a href=\"#industries-benefiting-from-ai-photo-editors\">Yapay Zeka Foto\u011fraf D\u00fczenleyicilerinden Yararlanan Sekt\u00f6rler<\/a><\/li><li><a href=\"#how-to-use-an-ai-photo-editor\">Yapay Zeka Foto\u011fraf D\u00fczenleyici Nas\u0131l Kullan\u0131l\u0131r<\/a><\/li><li><a href=\"#ai-photo-editor-use-cases\">AI Foto\u011fraf D\u00fczenleyici Kullan\u0131m \u00d6rnekleri<\/a><ul><li><a href=\"#personal-use\">Ki\u015fisel Kullan\u0131m<\/a><\/li><li><a href=\"#professional-use\">Profesyonel Kullan\u0131m<\/a><\/li><li><a href=\"#creative-projects\">Yarat\u0131c\u0131 Projeler<\/a><\/li><\/ul><\/li><li><a href=\"#10-ai-photo-editor-tools-pros-cons-and-features\">10 AI Foto\u011fraf D\u00fczenleme Arac\u0131: Art\u0131lar\u0131, Eksileri ve \u00d6zellikleri<\/a><\/li><li><a href=\"#advantages-and-challenges-in-the-ai-photo-editing-industry\">Yapay Zeka Foto\u011fraf D\u00fczenleme Sekt\u00f6r\u00fcndeki Avantajlar ve Zorluklar<\/a><\/li><li><a href=\"#frequently-asked-questions\">S\u0131k\u00e7a Sorulan Sorular<\/a><\/li><li><a href=\"#conclusion\">Sonu\u00e7<\/a><\/li><\/ul><\/nav><\/div>\n\n\n\n<h3 class=\"wp-block-heading\" id=\"what-is-an-ai-photo-editor\">Yapay Zeka Foto\u011fraf Edit\u00f6r\u00fc nedir?<\/h3>\n\n\n\n<p class=\"\">AI foto\u011fraf edit\u00f6r\u00fc, foto\u011fraflar\u0131 geli\u015ftirmek, de\u011fi\u015ftirmek ve d\u00f6n\u00fc\u015ft\u00fcrmek i\u00e7in yapay zekadan yararlanan geli\u015fmi\u015f bir g\u00f6r\u00fcnt\u00fc d\u00fczenleme arac\u0131d\u0131r. Bu edit\u00f6rler, karma\u015f\u0131k d\u00fczenleme g\u00f6revlerini otomatikle\u015ftirmek i\u00e7in makine \u00f6\u011frenimi algoritmalar\u0131n\u0131 kullan\u0131r ve profesyonel d\u00fczeyde foto\u011fraf d\u00fczenlemeyi t\u00fcm beceri d\u00fczeylerindeki kullan\u0131c\u0131lar i\u00e7in eri\u015filebilir hale getirir.<\/p>\n\n\n\n<h3 class=\"wp-block-heading\" id=\"why-use-an-ai-photo-editor\">Neden Yapay Zeka Foto\u011fraf Edit\u00f6r\u00fc Kullanmal\u0131?<\/h3>\n\n\n\n<p class=\"\">AI foto\u011fraf edit\u00f6rleri, geleneksel d\u00fczenleme yaz\u0131l\u0131mlar\u0131na g\u00f6re \u00e7ok say\u0131da avantaj sunar:<\/p>\n\n\n\n<ul class=\"wp-block-list\">\n<li class=\"\">Zaman kazand\u0131ran otomasyon<\/li>\n\n\n\n<li class=\"\">D\u00fczenlemelerde geli\u015ftirilmi\u015f hassasiyet<\/li>\n\n\n\n<li class=\"\">Kullan\u0131c\u0131 dostu aray\u00fczler<\/li>\n\n\n\n<li class=\"\">Arka plan kald\u0131rma ve nesne alg\u0131lama gibi geli\u015fmi\u015f \u00f6zellikler<\/li>\n\n\n\n<li class=\"\">Birden fazla g\u00f6r\u00fcnt\u00fcde tutarl\u0131 sonu\u00e7lar<\/li>\n\n\n\n<li class=\"\">Karma\u015f\u0131k d\u00fczenleme g\u00f6revlerini kolayl\u0131kla yerine getirme becerisi<\/li>\n<\/ul>\n\n\n\n<h3 class=\"wp-block-heading\" id=\"main-features-of-ai-photo-editors\">AI Foto\u011fraf Edit\u00f6rlerinin Temel \u00d6zellikleri<\/h3>\n\n\n\n<h4 class=\"wp-block-heading\" id=\"1-background-removal\">1. Arka Plan Kald\u0131rma<\/h4>\n\n\n\n<p class=\"\">Yapay zeka destekli arka plan kald\u0131rma ara\u00e7lar\u0131, nesneleri arka planlar\u0131ndan dikkat \u00e7ekici bir do\u011frulukla otomatik olarak ay\u0131rabilir.<\/p>\n\n\n\n<h4 class=\"wp-block-heading\" id=\"2-object-removal-magic-eraser\">2. Nesne Kald\u0131rma (Sihirli Silgi)<\/h4>\n\n\n\n<p class=\"\">Geli\u015fmi\u015f yapay zeka algoritmalar\u0131, foto\u011fraflardaki istenmeyen nesneleri belirleyip kald\u0131rabilir ve geride kalan alan\u0131 sorunsuz bir \u015fekilde doldurabilir.<\/p>\n\n\n\n<h4 class=\"wp-block-heading\" id=\"3-photo-enhancement\">3. Foto\u011fraf \u0130yile\u015ftirme<\/h4>\n\n\n\n<p class=\"\">AI foto\u011fraf edit\u00f6rleri, genel g\u00f6r\u00fcnt\u00fc kalitesini iyile\u015ftirmek i\u00e7in \u0131\u015f\u0131\u011f\u0131, rengi ve kontrast\u0131 otomatik olarak ayarlayabilir.<\/p>\n\n\n\n<h4 class=\"wp-block-heading\" id=\"4-style-transfer\">4. Stil Transferi<\/h4>\n\n\n\n<p class=\"\">Bu ara\u00e7lar foto\u011fraflara sanatsal stiller uygulayarak onlar\u0131 \u00e7e\u015fitli sanat formlar\u0131na d\u00f6n\u00fc\u015ft\u00fcrebilir veya belirli foto\u011fraf tekniklerini taklit edebilir.<\/p>\n\n\n\n<h4 class=\"wp-block-heading\" id=\"5-face-retouching\">5. Y\u00fcz R\u00f6tu\u015flama<\/h4>\n\n\n\n<p class=\"\">Yapay zeka algoritmalar\u0131 y\u00fcz \u00f6zelliklerini tespit edip geli\u015ftirebilir, cildi p\u00fcr\u00fczs\u00fczle\u015ftirebilir, di\u015fleri beyazlatabilir ve hatta ifadeleri ayarlayabilir.<\/p>\n\n\n\n<h3 class=\"wp-block-heading\" id=\"who-should-use-ai-photo-editors\">Yapay Zeka Foto\u011fraf D\u00fczenleyicilerini Kimler Kullanmal\u0131?<\/h3>\n\n\n\n<p class=\"\">AI foto\u011fraf edit\u00f6rleri i\u00e7in uygundur:<\/p>\n\n\n\n<ul class=\"wp-block-list\">\n<li class=\"\">Profesyonel foto\u011fraf\u00e7\u0131lar<\/li>\n\n\n\n<li class=\"\">Grafik tasar\u0131mc\u0131lar<\/li>\n\n\n\n<li class=\"\">Sosyal medya y\u00f6neticileri<\/li>\n\n\n\n<li class=\"\">E-ticaret i\u015fletmeleri<\/li>\n\n\n\n<li class=\"\">Pazarlama uzmanlar\u0131<\/li>\n\n\n\n<li class=\"\">Hobi foto\u011fraf\u00e7\u0131lar\u0131<\/li>\n\n\n\n<li class=\"\">Foto\u011fraflar\u0131n\u0131 h\u0131zl\u0131 ve kolay bir \u015fekilde geli\u015ftirmek isteyen herkes<\/li>\n<\/ul>\n\n\n\n<h3 class=\"wp-block-heading\" id=\"industries-benefiting-from-ai-photo-editors\">Yapay Zeka Foto\u011fraf D\u00fczenleyicilerinden Yararlanan Sekt\u00f6rler<\/h3>\n\n\n\n<ul class=\"wp-block-list\">\n<li class=\"\">Reklam ve pazarlama<\/li>\n\n\n\n<li class=\"\">E-ticaret ve \u00fcr\u00fcn foto\u011fraf\u00e7\u0131l\u0131\u011f\u0131<\/li>\n\n\n\n<li class=\"\">Gayrimenkul<\/li>\n\n\n\n<li class=\"\">Moda ve g\u00fczellik<\/li>\n\n\n\n<li class=\"\">Seyahat ve turizm<\/li>\n\n\n\n<li class=\"\">Medya ve yay\u0131nc\u0131l\u0131k<\/li>\n<\/ul>\n\n\n\n<h3 class=\"wp-block-heading\" id=\"how-to-use-an-ai-photo-editor\">Yapay Zeka Foto\u011fraf D\u00fczenleyici Nas\u0131l Kullan\u0131l\u0131r<\/h3>\n\n\n\n<ol class=\"wp-block-list\">\n<li class=\"\">Bir AI foto\u011fraf edit\u00f6r\u00fc se\u00e7in (\u00f6rne\u011fin, https:\/\/aiartfree.online\/ai-photo-editor\/)<\/li>\n\n\n\n<li class=\"\">Resminizi d\u00fczenleyiciye y\u00fckleyin<\/li>\n\n\n\n<li class=\"\">\u0130stedi\u011finiz d\u00fczenleme \u00f6zelli\u011fini se\u00e7in (\u00f6rn. arka plan kald\u0131rma, iyile\u015ftirme)<\/li>\n\n\n\n<li class=\"\">Yapay zeka destekli d\u00fczenlemeleri otomatik olarak veya minimum girdi ile uygulay\u0131n<\/li>\n\n\n\n<li class=\"\">Gerekirse sonu\u00e7lara ince ayar yap\u0131n<\/li>\n\n\n\n<li class=\"\">D\u00fczenledi\u011finiz resmi indirin veya payla\u015f\u0131n<\/li>\n<\/ol>\n\n\n\n<h3 class=\"wp-block-heading\" id=\"ai-photo-editor-use-cases\">AI Foto\u011fraf D\u00fczenleyici Kullan\u0131m \u00d6rnekleri<\/h3>\n\n\n\n<h4 class=\"wp-block-heading\" id=\"personal-use\">Ki\u015fisel Kullan\u0131m<\/h4>\n\n\n\n<ul class=\"wp-block-list\">\n<li class=\"\">Sosyal medya i\u00e7in selfie'leri iyile\u015ftirme<\/li>\n\n\n\n<li class=\"\">\u00c7arp\u0131c\u0131 seyahat foto\u011fraf alb\u00fcmleri olu\u015fturma<\/li>\n\n\n\n<li class=\"\">Aile portrelerinin iyile\u015ftirilmesi<\/li>\n<\/ul>\n\n\n\n<h4 class=\"wp-block-heading\" id=\"professional-use\">Profesyonel Kullan\u0131m<\/h4>\n\n\n\n<ul class=\"wp-block-list\">\n<li class=\"\">E-ticaret i\u00e7in \u00fcr\u00fcn foto\u011fraflar\u0131n\u0131n r\u00f6tu\u015flanmas\u0131<\/li>\n\n\n\n<li class=\"\">M\u00fclk \u00f6zelliklerini vurgulamak i\u00e7in emlak g\u00f6rsellerini d\u00fczenleme<\/li>\n\n\n\n<li class=\"\">G\u00f6z al\u0131c\u0131 pazarlama materyalleri olu\u015fturma<\/li>\n<\/ul>\n\n\n\n<h4 class=\"wp-block-heading\" id=\"creative-projects\">Yarat\u0131c\u0131 Projeler<\/h4>\n\n\n\n<ul class=\"wp-block-list\">\n<li class=\"\">Foto\u011fraflardan benzersiz sanat eserleri olu\u015fturma<\/li>\n\n\n\n<li class=\"\">Ger\u00e7ek\u00fcst\u00fc kompozisyonlar i\u00e7in birden fazla g\u00f6r\u00fcnt\u00fcn\u00fcn birle\u015ftirilmesi<\/li>\n\n\n\n<li class=\"\">Yarat\u0131c\u0131 ifade i\u00e7in sanatsal filtreler uygulama<\/li>\n<\/ul>\n\n\n\n<h3 class=\"wp-block-heading\" id=\"10-ai-photo-editor-tools-pros-cons-and-features\">10 AI Foto\u011fraf D\u00fczenleme Arac\u0131: Art\u0131lar\u0131, Eksileri ve \u00d6zellikleri<\/h3>\n\n\n\n<figure class=\"wp-block-table\"><table class=\"has-fixed-layout\"><thead><tr><th>Alet<\/th><th>Art\u0131lar\u0131<\/th><th>Eksiler<\/th><th>Temel \u00d6zellikler<\/th><th>Web sitesi<\/th><\/tr><\/thead><tbody><tr><td>AIArtFree \u00c7evrimi\u00e7i<\/td><td>100% \u00dccretsiz, Kay\u0131t yok, S\u0131n\u0131rs\u0131z kullan\u0131m<\/td><td>S\u0131n\u0131rl\u0131 geli\u015fmi\u015f \u00f6zellikler<\/td><td>Arka plan kald\u0131rma, Temel d\u00fczenleme<\/td><td><a href=\"https:\/\/aiartfree.online\/tr\/ucretsiz-cevrimici-fotograf-duzenleyici\/\">https:\/\/aiartfree.online\/ai-photo-editor\/<\/a><\/td><\/tr><tr><td>Adobe Photoshop (AI destekli)<\/td><td>Kapsaml\u0131 ara\u00e7 seti, End\u00fcstri standard\u0131<\/td><td>Dik \u00f6\u011frenme e\u011frisi, Abonelik tabanl\u0131<\/td><td>Geli\u015fmi\u015f yapay zeka \u00f6zellikleri, Kapsaml\u0131 d\u00fczenleme yetenekleri<\/td><td>https:\/\/www.adobe.com\/products\/photoshop.html<\/td><\/tr><tr><td>Luminar AI<\/td><td>Kullan\u0131c\u0131 dostu, G\u00fc\u00e7l\u00fc yapay zeka ara\u00e7lar\u0131<\/td><td>\u00dccretli yaz\u0131l\u0131m<\/td><td>G\u00f6ky\u00fcz\u00fc de\u011fi\u015fimi, Portre iyile\u015ftirme<\/td><td>https:\/\/skylum.com\/luminar-ai<\/td><\/tr><tr><td>Pixlr X<\/td><td>\u00dccretsiz \u00e7evrimi\u00e7i edit\u00f6r, yapay zeka destekli ara\u00e7lar<\/td><td>Masa\u00fcst\u00fc yaz\u0131l\u0131mlara k\u0131yasla s\u0131n\u0131rl\u0131<\/td><td>Tek t\u0131kla geli\u015ftirmeler, yapay zeka arka plan kald\u0131rma<\/td><td>https:\/\/pixlr.com\/x\/<\/td><\/tr><tr><td>Fotor<\/td><td>Kullan\u0131m\u0131 kolay, yapay zeka destekli \u00f6zellikler<\/td><td>Baz\u0131 \u00f6zellikler abonelik gerektirir<\/td><td>Tek dokunu\u015fla yapay zeka geli\u015ftirme, Arka plan kald\u0131rma<\/td><td>https:\/\/www.fotor.com\/<\/td><\/tr><tr><td>Kald\u0131rma.AI<\/td><td>Arka plan kald\u0131rma konusunda uzman<\/td><td>Arka plan kald\u0131rma ile s\u0131n\u0131rl\u0131<\/td><td>Do\u011fru yapay zeka arka plan kald\u0131rma<\/td><td>https:\/\/removal.ai\/<\/td><\/tr><tr><td>Geli\u015ftirelim<\/td><td>Yapay zeka y\u00fckseltme ve geli\u015ftirme<\/td><td>\u00dccretli hizmet<\/td><td>G\u00f6r\u00fcnt\u00fc y\u00fckseltme, G\u00fcr\u00fclt\u00fc azaltma<\/td><td>https:\/\/letsenhance.io\/<\/td><\/tr><tr><td>Topaz Labs<\/td><td>Y\u00fcksek kaliteli yapay zeka destekli ara\u00e7lar<\/td><td>Farkl\u0131 ara\u00e7lar i\u00e7in ayr\u0131 sat\u0131n al\u0131mlar<\/td><td>G\u00fcr\u00fclt\u00fc azaltma, Keskinle\u015ftirme, Y\u00fckseltme<\/td><td>https:\/\/www.topazlabs.com\/<\/td><\/tr><tr><td>Remini<\/td><td>Foto\u011fraf restorasyonunda uzman<\/td><td>Mobil uygulama, S\u0131n\u0131rl\u0131 masa\u00fcst\u00fc \u00f6zellikleri<\/td><td>Yapay zeka destekli foto\u011fraf restorasyonu<\/td><td>https:\/\/remini.ai\/<\/td><\/tr><tr><td>Antropik<\/td><td>Geli\u015fmi\u015f yapay zeka yetenekleri<\/td><td>API tabanl\u0131, entegrasyon gerektirir<\/td><td>\u00c7ok y\u00f6nl\u00fc yapay zeka g\u00f6r\u00fcnt\u00fc i\u015fleme<\/td><td><a href=\"https:\/\/www.anthropic.com\/\" target=\"_blank\" rel=\"noopener\">https:\/\/www.anthropic.com\/<\/a><\/td><\/tr><\/tbody><\/table><\/figure>\n\n\n\n<h3 class=\"wp-block-heading\" id=\"advantages-and-challenges-in-the-ai-photo-editing-industry\">Yapay Zeka Foto\u011fraf D\u00fczenleme Sekt\u00f6r\u00fcndeki Avantajlar ve Zorluklar<\/h3>\n\n\n\n<p class=\"\">Avantajlar:<\/p>\n\n\n\n<ul class=\"wp-block-list\">\n<li class=\"\">H\u0131zl\u0131 teknolojik geli\u015fmeler<\/li>\n\n\n\n<li class=\"\">Profesyonel olmayanlar i\u00e7in eri\u015filebilirli\u011fin art\u0131r\u0131lmas\u0131<\/li>\n\n\n\n<li class=\"\">Di\u011fer yapay zeka teknolojileri ile entegrasyon<\/li>\n<\/ul>\n\n\n\n<p class=\"\">Zorluklar:<\/p>\n\n\n\n<ul class=\"wp-block-list\">\n<li class=\"\">G\u00f6r\u00fcnt\u00fc manip\u00fclasyonuna ili\u015fkin etik kayg\u0131lar<\/li>\n\n\n\n<li class=\"\">Geleneksel foto\u011fraf d\u00fczenleme alan\u0131nda potansiyel i\u015f kayb\u0131<\/li>\n\n\n\n<li class=\"\">Otomasyon ve sanatsal kontrol aras\u0131ndaki dengenin korunmas\u0131<\/li>\n<\/ul>\n\n\n\n<h3 class=\"wp-block-heading\" id=\"frequently-asked-questions\">S\u0131k\u00e7a Sorulan Sorular<\/h3>\n\n\n\n<ol class=\"wp-block-list\">\n<li class=\"\">AI foto\u011fraf edit\u00f6r\u00fc nas\u0131l kullan\u0131l\u0131r?<br>Foto\u011fraf\u0131n\u0131z\u0131 bir AI foto\u011fraf d\u00fczenleyicisine y\u00fckleyin, istedi\u011finiz d\u00fczenleme \u00f6zelli\u011fini se\u00e7in ve AI'n\u0131n de\u011fi\u015fiklikleri otomatik olarak uygulamas\u0131na izin verin.<\/li>\n\n\n\n<li class=\"\">Google AI foto\u011fraf edit\u00f6r\u00fc nas\u0131l kullan\u0131l\u0131r?<br>Google'\u0131n yapay zeka foto\u011fraf d\u00fczenleme \u00f6zellikleri Google Foto\u011fraflar'a entegre edilmi\u015ftir. Uygulamay\u0131 a\u00e7\u0131n, bir foto\u011fraf se\u00e7in ve yapay zeka destekli geli\u015ftirmelere eri\u015fmek i\u00e7in \"D\u00fczenle\" i\u015flevini kullan\u0131n.<\/li>\n\n\n\n<li class=\"\">Hangi AI foto\u011fraf edit\u00f6r\u00fc en iyisidir?<br>En iyi AI foto\u011fraf edit\u00f6r\u00fc ihtiya\u00e7lar\u0131n\u0131za ba\u011fl\u0131d\u0131r. \u00dccretsiz, kay\u0131t gerektirmeyen bir se\u00e7enek i\u00e7in https:\/\/aiartfree.online\/ai-photo-editor\/ m\u00fckemmeldir. Profesyonel kullan\u0131m i\u00e7in Adobe Photoshop veya Luminar AI en iyi se\u00e7eneklerdir.<\/li>\n\n\n\n<li class=\"\">AI foto\u011fraf edit\u00f6r\u00fc i\u00e7in hangi uygulama en iyisidir?<br>Mobil kullan\u0131c\u0131lar i\u00e7in Snapseed (Google taraf\u0131ndan) ve VSCO g\u00fc\u00e7l\u00fc yapay zeka destekli d\u00fczenleme \u00f6zellikleri sunuyor. Masa\u00fcst\u00fc i\u00e7in Adobe Photoshop ve Luminar AI \u00f6nde gelen se\u00e7eneklerdir.<\/li>\n\n\n\n<li class=\"\">AI foto\u011fraf edit\u00f6r\u00fc nas\u0131l yap\u0131l\u0131r?<br>Bir AI foto\u011fraf d\u00fczenleyicisi kullanmak i\u00e7in, resminizi y\u00fckleyin, istedi\u011finiz d\u00fczenleme \u00f6zelli\u011fini se\u00e7in (\u00f6rne\u011fin, arka plan kald\u0131rma, geli\u015ftirme) ve i\u015fi AI'n\u0131n yapmas\u0131na izin verin. Sonu\u00e7lara gerekti\u011fi gibi ince ayar yap\u0131n.<\/li>\n\n\n\n<li class=\"\">Yapay zeka foto\u011fraf edit\u00f6rleri geleneksel d\u00fczenleme yaz\u0131l\u0131mlar\u0131n\u0131n yerini mi al\u0131yor?<br>Yapay zekal\u0131 foto\u011fraf edit\u00f6rleri, geleneksel yaz\u0131l\u0131mlar\u0131n yerini almaktan ziyade onlar\u0131 tamaml\u0131yor ve profesyonel olmayanlara zaman kazand\u0131ran \u00f6zellikler ve eri\u015filebilirlik sunuyor.<\/li>\n\n\n\n<li class=\"\">Yapay zeka foto\u011fraf edit\u00f6rleri ger\u00e7ek\u00e7i d\u00fczenlemeler olu\u015fturabilir mi?<br>Evet, geli\u015fmi\u015f AI foto\u011fraf edit\u00f6rleri, \u00f6zellikle nesne kald\u0131rma ve arka plan de\u011fi\u015ftirme gibi g\u00f6revler i\u00e7in son derece ger\u00e7ek\u00e7i d\u00fczenlemeler \u00fcretebilir.<\/li>\n\n\n\n<li class=\"\">Yapay zeka foto\u011fraf d\u00fczenleyicileriyle ilgili gizlilik endi\u015feleri var m\u0131?<br>Baz\u0131 kullan\u0131c\u0131lar \u00e7evrimi\u00e7i AI foto\u011fraf d\u00fczenleyicileri kullan\u0131rken veri gizlili\u011fi konusunda endi\u015felenir. Her zaman kulland\u0131\u011f\u0131n\u0131z arac\u0131n gizlilik politikas\u0131n\u0131 kontrol edin.<\/li>\n\n\n\n<li class=\"\">AI foto\u011fraf edit\u00f6rleri toplu i\u015flemeyi halledebilir mi?<br>Bir\u00e7ok AI foto\u011fraf edit\u00f6r\u00fc, kullan\u0131c\u0131lar\u0131n birden fazla g\u00f6r\u00fcnt\u00fcde tutarl\u0131 d\u00fczenlemeleri h\u0131zl\u0131 bir \u015fekilde uygulamalar\u0131na olanak tan\u0131yan toplu i\u015fleme \u00f6zellikleri sunar.<\/li>\n\n\n\n<li class=\"\">Yapay zeka foto\u011fraf edit\u00f6rleri insan edit\u00f6rlere k\u0131yasla nas\u0131l?<br>Yapay zeka edit\u00f6rleri tekrar eden g\u00f6revleri otomatikle\u015ftirmede ve tutarl\u0131 d\u00fczenlemeler uygulamada m\u00fckemmeldir, ancak insan edit\u00f6rler yarat\u0131c\u0131 karar verme ve karma\u015f\u0131k, incelikli d\u00fczenlemelerde hala bir avantaja sahiptir.<\/li>\n<\/ol>\n\n\n\n<h3 class=\"wp-block-heading\" id=\"conclusion\">Sonu\u00e7<\/h3>\n\n\n\n<p class=\"\">Yapay zeka foto\u011fraf edit\u00f6rleri, g\u00f6r\u00fcnt\u00fcleri geli\u015ftirme ve manip\u00fcle etme y\u00f6ntemlerimizde devrim yarat\u0131yor. Karma\u015f\u0131k g\u00f6revleri otomatikle\u015ftirme, kullan\u0131c\u0131 dostu aray\u00fczler sa\u011flama ve profesyonel kalitede sonu\u00e7lar sunma yetenekleriyle bu ara\u00e7lar hem amat\u00f6r hem de profesyonel foto\u011fraf\u00e7\u0131lar i\u00e7in vazge\u00e7ilmez hale geliyor. Teknoloji geli\u015fmeye devam ettik\u00e7e, gelecekte daha da etkileyici \u00f6zellikler ve yetenekler bekleyebiliriz.<\/p>\n\n\n\n<p class=\"\">Yapay zeka ile foto\u011fraf d\u00fczenlemeyi ke\u015ffetmek isteyenler, https:\/\/aiartfree.online\/ai-photo-editor\/ gibi \u00fccretsiz ve kay\u0131t gerektirmeyen bir ara\u00e7la i\u015fe ba\u015flayabilir. Foto\u011fraflar\u0131n\u0131z\u0131 d\u00f6n\u00fc\u015ft\u00fcrmede ve d\u00fczenleme i\u015f ak\u0131\u015f\u0131n\u0131z\u0131 kolayla\u015ft\u0131rmada yapay zekan\u0131n g\u00fcc\u00fcn\u00fc deneyimleyin. \u0130ster sosyal medya merakl\u0131s\u0131, ister profesyonel bir foto\u011fraf\u00e7\u0131 ya da i\u015fletme sahibi olun, yapay zeka foto\u011fraf edit\u00f6rleri kolayl\u0131kla \u00e7arp\u0131c\u0131 g\u00f6rseller olu\u015fturmak i\u00e7in ihtiyac\u0131n\u0131z olan ara\u00e7lar\u0131 sunar.<\/p>\n\n\n\n<p class=\"\"><\/p>","protected":false},"excerpt":{"rendered":"<p>Before vs After How to use the Photo Editor * Feel free to try our examples below if you don&#8217;t have any thoughts in your mind *&nbsp;Depending on your internet speed, loading the model may take up to 10 seconds \u2193 AI Photo Editor: Revolutionizing Image Editing with Advanced AI Technology This article explores the &#8230; <a title=\"AI Foto\u011fraf D\u00fczenleyici\" class=\"read-more\" href=\"https:\/\/aiartfree.online\/tr\/ucretsiz-cevrimici-fotograf-duzenleyici\/\" aria-label=\"Read more about AI Photo Editor\">Devam\u0131n\u0131 oku<\/a><\/p>","protected":false},"author":1,"featured_media":3380,"parent":0,"menu_order":0,"comment_status":"open","ping_status":"closed","template":"","meta":{"nf_dc_page":"","footnotes":""},"class_list":["post-3372","page","type-page","status-publish","has-post-thumbnail"],"jetpack_sharing_enabled":true,"_links":{"self":[{"href":"https:\/\/aiartfree.online\/tr\/wp-json\/wp\/v2\/pages\/3372","targetHints":{"allow":["GET"]}}],"collection":[{"href":"https:\/\/aiartfree.online\/tr\/wp-json\/wp\/v2\/pages"}],"about":[{"href":"https:\/\/aiartfree.online\/tr\/wp-json\/wp\/v2\/types\/page"}],"author":[{"embeddable":true,"href":"https:\/\/aiartfree.online\/tr\/wp-json\/wp\/v2\/users\/1"}],"replies":[{"embeddable":true,"href":"https:\/\/aiartfree.online\/tr\/wp-json\/wp\/v2\/comments?post=3372"}],"version-history":[{"count":0,"href":"https:\/\/aiartfree.online\/tr\/wp-json\/wp\/v2\/pages\/3372\/revisions"}],"wp:featuredmedia":[{"embeddable":true,"href":"https:\/\/aiartfree.online\/tr\/wp-json\/wp\/v2\/media\/3380"}],"wp:attachment":[{"href":"https:\/\/aiartfree.online\/tr\/wp-json\/wp\/v2\/media?parent=3372"}],"curies":[{"name":"wp","href":"https:\/\/api.w.org\/{rel}","templated":true}]}}