{"id":3366,"date":"2024-07-31T07:54:51","date_gmt":"2024-07-31T07:54:51","guid":{"rendered":"https:\/\/aiartfree.online\/?page_id=3366"},"modified":"2024-08-02T10:41:37","modified_gmt":"2024-08-02T10:41:37","slug":"ai-background-generator","status":"publish","type":"page","link":"https:\/\/aiartfree.online\/tr\/ai-arka-plan-olusturucu\/","title":{"rendered":"Yapay Zeka Arka Plan Olu\u015fturucu"},"content":{"rendered":"<h2 class=\"wp-block-heading has-text-align-center\" id=\"before-vs-after\">\u00d6ncesi ve Sonras\u0131<\/h2>\n\n\n\n<figure class=\"gb-block-image gb-block-image-1822da1f\"><img data-recalc-dims=\"1\" decoding=\"async\" loading=\"lazy\" width=\"1200\" height=\"423\" class=\"gb-image gb-image-1822da1f\" src=\"https:\/\/i0.wp.com\/aiartfree.online\/wp-content\/uploads\/2024\/07\/WX20240731-145349%402x-scaled.webp?resize=1200%2C423&#038;ssl=1\" alt=\"AI Arka Plan Olu\u015fturucu | \u00dccretsiz Arka Plan De\u011fi\u015ftirici, S\u0131n\u0131rs\u0131z\" title=\"WX20240731-145349@2x\" srcset=\"https:\/\/i0.wp.com\/aiartfree.online\/wp-content\/uploads\/2024\/07\/WX20240731-145349%402x-scaled.webp?w=2560&amp;ssl=1 2560w, https:\/\/i0.wp.com\/aiartfree.online\/wp-content\/uploads\/2024\/07\/WX20240731-145349%402x-scaled.webp?resize=300%2C106&amp;ssl=1 300w, https:\/\/i0.wp.com\/aiartfree.online\/wp-content\/uploads\/2024\/07\/WX20240731-145349%402x-scaled.webp?resize=1024%2C361&amp;ssl=1 1024w, https:\/\/i0.wp.com\/aiartfree.online\/wp-content\/uploads\/2024\/07\/WX20240731-145349%402x-scaled.webp?resize=768%2C271&amp;ssl=1 768w, https:\/\/i0.wp.com\/aiartfree.online\/wp-content\/uploads\/2024\/07\/WX20240731-145349%402x-scaled.webp?resize=1536%2C541&amp;ssl=1 1536w, https:\/\/i0.wp.com\/aiartfree.online\/wp-content\/uploads\/2024\/07\/WX20240731-145349%402x-scaled.webp?resize=2048%2C721&amp;ssl=1 2048w, https:\/\/i0.wp.com\/aiartfree.online\/wp-content\/uploads\/2024\/07\/WX20240731-145349%402x-scaled.webp?resize=18%2C6&amp;ssl=1 18w, https:\/\/i0.wp.com\/aiartfree.online\/wp-content\/uploads\/2024\/07\/WX20240731-145349%402x-scaled.webp?resize=600%2C211&amp;ssl=1 600w, https:\/\/i0.wp.com\/aiartfree.online\/wp-content\/uploads\/2024\/07\/WX20240731-145349%402x-scaled.webp?w=2400&amp;ssl=1 2400w\" sizes=\"auto, (max-width: 1200px) 100vw, 1200px\" \/><\/figure>\n\n\n\n<h2 class=\"wp-block-heading\" id=\"how-to-use-the-ai-background-generator\">Yapay Zeka Arka Plan Olu\u015fturucu nas\u0131l kullan\u0131l\u0131r?<\/h2>\n\n\n\n<ol class=\"wp-block-list\">\n<li class=\"\">Resminizi B\u0131rak\u0131n veya Y\u00fckleyin<\/li>\n\n\n\n<li class=\"\">\u0130steminizi girin (Se\u00e7iniz <strong>Arka Plan\u0131 Kald\u0131r<\/strong> daha iyi bir sonu\u00e7 elde etmek i\u00e7in resminiz arka planl\u0131ysa)<\/li>\n\n\n\n<li class=\"\">\"Olu\u015ftur \"a t\u0131klay\u0131n<\/li>\n\n\n\n<li class=\"\">Bekle, i\u015fte bu!<\/li>\n<\/ol>\n\n\n\n<p class=\"\">* Akl\u0131n\u0131zda herhangi bir d\u00fc\u015f\u00fcnce yoksa a\u015fa\u011f\u0131daki \u00f6rneklerimizi denemekten \u00e7ekinmeyin<\/p>\n\n\n\n<p class=\"\"><em>* \u0130nternet h\u0131z\u0131n\u0131za ba\u011fl\u0131 olarak modelin y\u00fcklenmesi birka\u00e7 saniye s\u00fcrebilir.<br>* S\u00fcrekli olu\u015fturma s\u0131ras\u0131nda \u00f6nbelle\u011fe alma olacakt\u0131r ve yeni g\u00f6r\u00fcnt\u00fc yakla\u015f\u0131k 3 saniye sonra g\u00f6r\u00fcnecektir.<\/em><\/p>\n\n\n<div class=\"gb-container gb-container-968be51b\">\n\n<div class=\"iframe-wrapper\" style=\"position: relative; width: 100%; height: 2650px;\">\n  <div class=\"loading\" style=\"position: absolute; top: 100px; left: 50%; transform: translate(-50%, -50%); width: 40px; height: 40px; border: 3px solid #f0f0f0; border-top: 3px solid #db7093; border-radius: 50%; animation: spin 1s linear infinite;\"><\/div>\n  <iframe loading=\"lazy\" src=\"https:\/\/fotographerai-fai-fuzer.hf.space\" frameborder=\"0\" width=\"100%\" height=\"100%\" style=\"position: absolute; top: 0; left: 0; opacity: 0; transition: opacity 0.3s;\" onload=\"this.style.opacity=1;this.previousElementSibling.style.display='none';\"><\/iframe>\n<\/div>\n\n<style>\n@keyframes spin {\n  0% { transform: translate(-50%, -50%) rotate(0deg); }\n  100% { transform: translate(-50%, -50%) rotate(360deg); }\n}\n<\/style>\n\n<\/div>\n\n\n<div style=\"height:100px\" aria-hidden=\"true\" class=\"wp-block-spacer\"><\/div>\n\n\n\n<h2 class=\"wp-block-heading\" id=\"ai-background-generator-revolutionizing-image-creation\">Yapay Zeka Arka Plan Olu\u015fturucu: G\u00f6r\u00fcnt\u00fc Olu\u015fturmada Devrim Yarat\u0131yor<\/h2>\n\n\n\n<p class=\"\">Bu makale yapay zeka arka plan olu\u015fturucular\u0131, faydalar\u0131 ve dijital g\u00f6r\u00fcnt\u00fcleri nas\u0131l d\u00f6n\u00fc\u015ft\u00fcrd\u00fcklerini inceliyor. Temel kavramlardan geli\u015fmi\u015f uygulamalara kadar her \u015feyi ele alarak bu arac\u0131n neden hem i\u00e7erik olu\u015fturucular hem de i\u015fletmeler i\u00e7in vazge\u00e7ilmez hale geldi\u011fini anlaman\u0131za yard\u0131mc\u0131 olaca\u011f\u0131z.<\/p>\n\n\n\n<div class=\"wp-block-rank-math-toc-block\" id=\"rank-math-toc\"><h3>\u0130\u00e7indekiler<\/h3><nav><ul><li><a href=\"#what-is-an-ai-background-generator\">Yapay Zeka Arka Plan Olu\u015fturucu nedir?<\/a><\/li><li><a href=\"#why-use-an-ai-background-generator\">Neden Yapay Zeka Arka Plan Olu\u015fturucu Kullanmal\u0131?<\/a><\/li><li><a href=\"#main-features-of-ai-background-generators\">Yapay Zeka Arka Plan Olu\u015fturucular\u0131n\u0131n Temel \u00d6zellikleri<\/a><ul><li><a href=\"#1-image-generation-from-text\">1. Metinden G\u00f6r\u00fcnt\u00fc Olu\u015fturma<\/a><\/li><li><a href=\"#2-style-transfer\">2. Stil Transferi<\/a><\/li><li><a href=\"#3-background-removal-and-replacement\">3. Arka Plan Kald\u0131rma ve De\u011fi\u015ftirme<\/a><\/li><li><a href=\"#4-resolution-enhancement\">4. \u00c7\u00f6z\u00fcn\u00fcrl\u00fck \u0130yile\u015ftirme<\/a><\/li><\/ul><\/li><li><a href=\"#who-should-use-ai-background-generators\">Yapay Zeka Arka Plan Olu\u015fturucular\u0131n\u0131 Kimler Kullanmal\u0131?<\/a><\/li><li><a href=\"#industries-benefiting-from-ai-background-generators\">Yapay Zeka Arka Plan Olu\u015fturucular\u0131ndan Yararlanan Sekt\u00f6rler<\/a><\/li><li><a href=\"#how-to-use-an-ai-background-generator\">Yapay Zeka Arka Plan Olu\u015fturucu Nas\u0131l Kullan\u0131l\u0131r?<\/a><\/li><li><a href=\"#use-cases-for-ai-background-generators\">Yapay Zeka Arka Plan Olu\u015fturucular\u0131 i\u00e7in Kullan\u0131m \u00d6rnekleri<\/a><ul><li><a href=\"#e-commerce-product-images\">E-ticaret \u00dcr\u00fcn G\u00f6rselleri<\/a><\/li><li><a href=\"#social-media-content\">Sosyal Medya \u0130\u00e7eri\u011fi<\/a><\/li><li><a href=\"#video-production\">Video Prod\u00fcksiyon<\/a><\/li><li><a href=\"#website-design\">Web Sitesi Tasar\u0131m\u0131<\/a><\/li><\/ul><\/li><li><a href=\"#10-ai-background-generator-tools-pros-cons-and-features\">10 Yapay Zeka Arka Plan Olu\u015fturma Arac\u0131: Art\u0131lar\u0131, Eksileri ve \u00d6zellikleri<\/a><\/li><li><a href=\"#advantages-challenges-and-recommendations-for-the-ai-background-generation-industry\">Yapay Zeka Arka Plan Olu\u015fturma Sekt\u00f6r\u00fc i\u00e7in Avantajlar, Zorluklar ve \u00d6neriler<\/a><ul><li><a href=\"#advantages\">Avantajlar<\/a><\/li><li><a href=\"#challenges\">Zorluklar<\/a><\/li><li><a href=\"#recommendations\">Tavsiyeler<\/a><\/li><\/ul><\/li><li><a href=\"#faq\">SSS<\/a><\/li><li><a href=\"#conclusion\">Sonu\u00e7<\/a><\/li><\/ul><\/nav><\/div>\n\n\n\n<h3 class=\"wp-block-heading\" id=\"what-is-an-ai-background-generator\">Yapay Zeka Arka Plan Olu\u015fturucu nedir?<\/h3>\n\n\n\n<p class=\"\">AI arka plan olu\u015fturucu, \u00e7e\u015fitli dijital projeler i\u00e7in \u00e7arp\u0131c\u0131, benzersiz arka planlar olu\u015fturmak i\u00e7in yapay zeka kullanan son teknoloji bir ara\u00e7t\u0131r. Bu 1 numaral\u0131 teknoloji, kullan\u0131c\u0131lar\u0131n kapsaml\u0131 grafik tasar\u0131m becerilerine veya pahal\u0131 yaz\u0131l\u0131mlara ihtiya\u00e7 duymadan y\u00fcksek kaliteli g\u00f6r\u00fcnt\u00fcler \u00fcretmelerini sa\u011flar.<\/p>\n\n\n\n<h3 class=\"wp-block-heading\" id=\"why-use-an-ai-background-generator\">Neden Yapay Zeka Arka Plan Olu\u015fturucu Kullanmal\u0131?<\/h3>\n\n\n\n<p class=\"\">Yapay zeka arka plan olu\u015fturucu kullanmak \u00e7ok say\u0131da avantaj sunar:<\/p>\n\n\n\n<ol class=\"wp-block-list\">\n<li class=\"\">Zaman tasarrufu sa\u011flar: Saniyeler i\u00e7inde arka planlar olu\u015fturun<\/li>\n\n\n\n<li class=\"\">Uygun maliyetli: Bir\u00e7ok se\u00e7enek 100% \u00fccretsiz ve s\u0131n\u0131rs\u0131zd\u0131r<\/li>\n\n\n\n<li class=\"\">\u00c7ok y\u00f6nl\u00fc: \u00c7e\u015fitli ama\u00e7lar i\u00e7in arka planlar olu\u015fturun<\/li>\n\n\n\n<li class=\"\">Tasar\u0131m becerisi gerektirmez: A\u011f\u0131r i\u015fleri yapay zeka yap\u0131yor<\/li>\n\n\n\n<li class=\"\">\u00d6zelle\u015ftirilebilir: \u00c7\u0131kt\u0131lar\u0131 \u00f6zel ihtiya\u00e7lar\u0131n\u0131za g\u00f6re uyarlay\u0131n<\/li>\n<\/ol>\n\n\n\n<h3 class=\"wp-block-heading\" id=\"main-features-of-ai-background-generators\">Yapay Zeka Arka Plan Olu\u015fturucular\u0131n\u0131n Temel \u00d6zellikleri<\/h3>\n\n\n\n<h4 class=\"wp-block-heading\" id=\"1-image-generation-from-text\">1. Metinden G\u00f6r\u00fcnt\u00fc Olu\u015fturma<\/h4>\n\n\n\n<p class=\"\">Yapay zeka arka plan olu\u015fturucular\u0131, metin a\u00e7\u0131klamalar\u0131na dayal\u0131 g\u00f6r\u00fcnt\u00fcler olu\u015fturarak son derece spesifik ve \u00f6zelle\u015ftirilmi\u015f \u00e7\u0131kt\u0131lar elde edilmesini sa\u011flayabilir.<\/p>\n\n\n\n<h4 class=\"wp-block-heading\" id=\"2-style-transfer\">2. Stil Transferi<\/h4>\n\n\n\n<p class=\"\">Mevcut g\u00f6r\u00fcnt\u00fclere sanatsal stiller uygulay\u0131n veya fotoger\u00e7ek\u00e7ilikten soyuta kadar belirli stillerde yeni g\u00f6r\u00fcnt\u00fcler olu\u015fturun.<\/p>\n\n\n\n<h4 class=\"wp-block-heading\" id=\"3-background-removal-and-replacement\">3. Arka Plan Kald\u0131rma ve De\u011fi\u015ftirme<\/h4>\n\n\n\n<p class=\"\">\u00dcr\u00fcn resimleri veya portreler i\u00e7in m\u00fckemmel olan foto\u011fraflar\u0131n arka plan\u0131n\u0131 kolayca kald\u0131r\u0131n ve de\u011fi\u015ftirin.<\/p>\n\n\n\n<h4 class=\"wp-block-heading\" id=\"4-resolution-enhancement\">4. \u00c7\u00f6z\u00fcn\u00fcrl\u00fck \u0130yile\u015ftirme<\/h4>\n\n\n\n<p class=\"\">Mevcut g\u00f6r\u00fcnt\u00fclerin kalitesini y\u00fckseltin ve iyile\u015ftirin ya da s\u0131f\u0131rdan y\u00fcksek \u00e7\u00f6z\u00fcn\u00fcrl\u00fckl\u00fc arka planlar olu\u015fturun.<\/p>\n\n\n\n<h3 class=\"wp-block-heading\" id=\"who-should-use-ai-background-generators\">Yapay Zeka Arka Plan Olu\u015fturucular\u0131n\u0131 Kimler Kullanmal\u0131?<\/h3>\n\n\n\n<ul class=\"wp-block-list\">\n<li class=\"\">Grafik tasar\u0131mc\u0131lar<\/li>\n\n\n\n<li class=\"\">Sosyal medya pazarlamac\u0131lar\u0131<\/li>\n\n\n\n<li class=\"\">E-ticaret i\u015fletmeleri<\/li>\n\n\n\n<li class=\"\">Oyun geli\u015ftiricileri (\u00f6rne\u011fin, dnd arka plan olu\u015fturucu ai i\u00e7in)<\/li>\n\n\n\n<li class=\"\">\u0130\u00e7erik olu\u015fturucular<\/li>\n\n\n\n<li class=\"\">Foto\u011fraf\u00e7\u0131lar<\/li>\n<\/ul>\n\n\n\n<h3 class=\"wp-block-heading\" id=\"industries-benefiting-from-ai-background-generators\">Yapay Zeka Arka Plan Olu\u015fturucular\u0131ndan Yararlanan Sekt\u00f6rler<\/h3>\n\n\n\n<ul class=\"wp-block-list\">\n<li class=\"\">Reklam ve pazarlama<\/li>\n\n\n\n<li class=\"\">E-ticaret ve \u00fcr\u00fcn foto\u011fraf\u00e7\u0131l\u0131\u011f\u0131<\/li>\n\n\n\n<li class=\"\">Oyun ve e\u011flence<\/li>\n\n\n\n<li class=\"\">Gayrimenkul<\/li>\n\n\n\n<li class=\"\">Moda ve ya\u015fam tarz\u0131<\/li>\n\n\n\n<li class=\"\">E\u011fitim ve e-\u00f6\u011frenme<\/li>\n<\/ul>\n\n\n\n<h3 class=\"wp-block-heading\" id=\"how-to-use-an-ai-background-generator\">Yapay Zeka Arka Plan Olu\u015fturucu Nas\u0131l Kullan\u0131l\u0131r?<\/h3>\n\n\n\n<ol class=\"wp-block-list\">\n<li class=\"\">G\u00fcvenilir bir AI arka plan olu\u015fturma arac\u0131 se\u00e7in<\/li>\n\n\n\n<li class=\"\">\u0130stedi\u011finiz \u00f6zelli\u011fi se\u00e7in (\u00f6rn. yeni g\u00f6r\u00fcnt\u00fc olu\u015fturma, arka plan\u0131 kald\u0131rma)<\/li>\n\n\n\n<li class=\"\">Metin a\u00e7\u0131klamas\u0131 girin veya bir resim y\u00fckleyin<\/li>\n\n\n\n<li class=\"\">Ayarlar\u0131 gerekti\u011fi gibi yap\u0131n<\/li>\n\n\n\n<li class=\"\">Arka plan\u0131 olu\u015fturun<\/li>\n\n\n\n<li class=\"\">Yeni arka plan\u0131n\u0131z\u0131 indirin ve kullan\u0131n<\/li>\n<\/ol>\n\n\n\n<h3 class=\"wp-block-heading\" id=\"use-cases-for-ai-background-generators\">Yapay Zeka Arka Plan Olu\u015fturucular\u0131 i\u00e7in Kullan\u0131m \u00d6rnekleri<\/h3>\n\n\n\n<h4 class=\"wp-block-heading\" id=\"e-commerce-product-images\">E-ticaret \u00dcr\u00fcn G\u00f6rselleri<\/h4>\n\n\n\n<p class=\"\">Bulan\u0131k arka planl\u0131 veya di\u011fer uygun ba\u011flamlarda yapay zeka ile olu\u015fturulmu\u015f g\u00fczel \u00e7i\u00e7ek g\u00f6rselleriyle profesyonel g\u00f6r\u00fcn\u00fcml\u00fc \u00fcr\u00fcn g\u00f6rselleri olu\u015fturun.<\/p>\n\n\n\n<h4 class=\"wp-block-heading\" id=\"social-media-content\">Sosyal Medya \u0130\u00e7eri\u011fi<\/h4>\n\n\n\n<p class=\"\">G\u00f6nderiler, hikayeler ve reklamlar i\u00e7in g\u00f6z al\u0131c\u0131 arka planlar olu\u015fturun.<\/p>\n\n\n\n<h4 class=\"wp-block-heading\" id=\"video-production\">Video Prod\u00fcksiyon<\/h4>\n\n\n\n<p class=\"\">Video projeleri, sanal setler veya ye\u015fil ekran de\u011fi\u015fimleri i\u00e7in benzersiz arka planlar olu\u015fturun.<\/p>\n\n\n\n<h4 class=\"wp-block-heading\" id=\"website-design\">Web Sitesi Tasar\u0131m\u0131<\/h4>\n\n\n\n<p class=\"\">Web sayfalar\u0131, ba\u015fl\u0131klar ve afi\u015fler i\u00e7in \u00f6zel arka planlar geli\u015ftirin.<\/p>\n\n\n\n<h3 class=\"wp-block-heading\" id=\"10-ai-background-generator-tools-pros-cons-and-features\">10 Yapay Zeka Arka Plan Olu\u015fturma Arac\u0131: Art\u0131lar\u0131, Eksileri ve \u00d6zellikleri<\/h3>\n\n\n\n<figure class=\"wp-block-table\"><table class=\"has-fixed-layout\"><thead><tr><th>Alet<\/th><th>Art\u0131lar\u0131<\/th><th>Eksiler<\/th><th>\u00d6zellikler<\/th><th>URL<\/th><\/tr><\/thead><tbody><tr><td>AIArtFree<\/td><td>100% \u00dccretsiz, Kay\u0131t yok, S\u0131n\u0131rs\u0131z kullan\u0131m<\/td><td>S\u0131n\u0131rl\u0131 geli\u015fmi\u015f \u00f6zellikler<\/td><td>AI arka plan olu\u015fturucu, Arka plan kald\u0131rma<\/td><td><a href=\"https:\/\/aiartfree.online\/tr\/ai-arka-plan-olusturucu\/\">https:\/\/aiartfree.online\/ai-background-generator\/<\/a><\/td><\/tr><tr><td>DALL-E 2<\/td><td>Y\u00fcksek kaliteli \u00e7\u0131k\u0131\u015flar, \u00c7ok y\u00f6nl\u00fc<\/td><td>\u00dccretli hizmet, OpenAI hesab\u0131 gerektirir<\/td><td>Metinden g\u00f6r\u00fcnt\u00fcye olu\u015fturma, G\u00f6r\u00fcnt\u00fc d\u00fczenleme<\/td><td><a href=\"https:\/\/openai.com\/dall-e-2\" target=\"_blank\" rel=\"noreferrer noopener\">https:\/\/openai.com\/dall-e-2<\/a><\/td><\/tr><tr><td>Yolculu\u011fun Ortas\u0131<\/td><td>Sanatsal \u00e7\u0131kt\u0131lar, Toplum odakl\u0131<\/td><td>\u00dccretli hizmet, Discord tabanl\u0131 aray\u00fcz<\/td><td>Metinden g\u00f6r\u00fcnt\u00fcye olu\u015fturma, Stil \u00f6zelle\u015ftirme<\/td><td>https:\/\/www.midjourney.com<\/td><\/tr><tr><td>Kararl\u0131 Dif\u00fczyon<\/td><td>A\u00e7\u0131k kaynak, \u00d6zelle\u015ftirilebilir<\/td><td>Kurulumu i\u00e7in teknik bilgi gerektirir<\/td><td>Metinden g\u00f6r\u00fcnt\u00fcye olu\u015fturma, G\u00f6r\u00fcnt\u00fcden g\u00f6r\u00fcnt\u00fcye \u00e7eviri<\/td><td>https:\/\/stability.ai<\/td><\/tr><tr><td>Canva<\/td><td>Kullan\u0131c\u0131 dostu aray\u00fcz, Entegre tasar\u0131m ara\u00e7lar\u0131<\/td><td>\u00dccretsiz s\u00fcr\u00fcmde s\u0131n\u0131rl\u0131 AI \u00f6zellikleri<\/td><td>Arka plan kald\u0131rma, G\u00f6r\u00fcnt\u00fc olu\u015fturma (Magic Studio ile)<\/td><td>https:\/\/www.canva.com<\/td><\/tr><tr><td>Kald\u0131r.bg<\/td><td>Arka plan kald\u0131rma konusunda uzmanla\u015fm\u0131\u015ft\u0131r, API mevcuttur<\/td><td>Yaln\u0131zca arka plan kald\u0131rma ile s\u0131n\u0131rl\u0131d\u0131r<\/td><td>Otomatik arka plan kald\u0131rma, Ki\u015fi alg\u0131lama<\/td><td>https:\/\/www.remove.bg<\/td><\/tr><tr><td>Pixlr<\/td><td>\u00dccretsiz temel s\u00fcr\u00fcm, Web tabanl\u0131<\/td><td>Geli\u015fmi\u015f \u00f6zellikler abonelik gerektirir<\/td><td>AI arka plan kald\u0131rma, G\u00f6r\u00fcnt\u00fc d\u00fczenleme ara\u00e7lar\u0131<\/td><td>https:\/\/pixlr.com<\/td><\/tr><tr><td>PhotoRoom<\/td><td>Mobil uyumlu, \u00dcr\u00fcn foto\u011fraflar\u0131 i\u00e7in iyi<\/td><td>T\u00fcm \u00f6zellikler abonelik gerektirir<\/td><td>Arka plan kald\u0131rma, Nesne kald\u0131rma, Yapay zeka g\u00f6r\u00fcnt\u00fc olu\u015fturma<\/td><td>https:\/\/www.photoroom.com<\/td><\/tr><tr><td>Artbreeder<\/td><td>Benzersiz g\u00f6r\u00fcnt\u00fc kar\u0131\u015ft\u0131rma \u00f6zellikleri<\/td><td>En iyi sonu\u00e7lar i\u00e7in \u00f6\u011frenme e\u011frisi<\/td><td>G\u00f6r\u00fcnt\u00fc kar\u0131\u015ft\u0131rma, Stil aktar\u0131m\u0131<\/td><td>https:\/\/www.artbreeder.com<\/td><\/tr><tr><td>Fotor<\/td><td>Kullan\u0131m\u0131 kolay, \u00c7oklu AI ara\u00e7lar\u0131<\/td><td>Baz\u0131 \u00f6zellikler \u00f6deme duvar\u0131n\u0131n arkas\u0131nda kilitli<\/td><td>Arka plan kald\u0131rma, AI art generator, Foto\u011fraf efektleri<\/td><td>https:\/\/www.fotor.com<\/td><\/tr><\/tbody><\/table><figcaption class=\"wp-element-caption\">Bu tablo, art\u0131lar\u0131, eksileri, temel \u00f6zellikleri ve URL'leri dahil olmak \u00fczere \u00e7e\u015fitli AI arka plan olu\u015fturma ara\u00e7lar\u0131na daha kapsaml\u0131 bir genel bak\u0131\u015f sa\u011flar.<\/figcaption><\/figure>\n\n\n\n<h3 class=\"wp-block-heading\" id=\"advantages-challenges-and-recommendations-for-the-ai-background-generation-industry\">Yapay Zeka Arka Plan Olu\u015fturma Sekt\u00f6r\u00fc i\u00e7in Avantajlar, Zorluklar ve \u00d6neriler<\/h3>\n\n\n\n<h4 class=\"wp-block-heading\" id=\"advantages\">Avantajlar<\/h4>\n\n\n\n<ul class=\"wp-block-list\">\n<li class=\"\">Yapay zeka teknolojisinde h\u0131zl\u0131 yenilik<\/li>\n\n\n\n<li class=\"\">\u00c7e\u015fitli sekt\u00f6rlerde artan talep<\/li>\n\n\n\n<li class=\"\">Di\u011fer yapay zeka ara\u00e7lar\u0131yla entegrasyon potansiyeli<\/li>\n<\/ul>\n\n\n\n<h4 class=\"wp-block-heading\" id=\"challenges\">Zorluklar<\/h4>\n\n\n\n<ul class=\"wp-block-list\">\n<li class=\"\">Telif hakk\u0131 ve etik kayg\u0131lar<\/li>\n\n\n\n<li class=\"\">G\u00f6r\u00fcnt\u00fc kalitesi ve tutarl\u0131l\u0131\u011f\u0131n\u0131n sa\u011flanmas\u0131<\/li>\n\n\n\n<li class=\"\">Otomasyon ile insan yarat\u0131c\u0131l\u0131\u011f\u0131n\u0131n dengelenmesi<\/li>\n<\/ul>\n\n\n\n<h4 class=\"wp-block-heading\" id=\"recommendations\">Tavsiyeler<\/h4>\n\n\n\n<ul class=\"wp-block-list\">\n<li class=\"\">Kullan\u0131c\u0131 dostu aray\u00fczlere odaklan\u0131n<\/li>\n\n\n\n<li class=\"\">Sekt\u00f6re \u00f6zg\u00fc \u00f6zellikler geli\u015ftirin<\/li>\n\n\n\n<li class=\"\">Etik YZ uygulamalar\u0131na ve \u015feffafl\u0131\u011fa \u00f6ncelik verin<\/li>\n<\/ul>\n\n\n\n<h3 class=\"wp-block-heading\" id=\"faq\">SSS<\/h3>\n\n\n\n<ol class=\"wp-block-list\">\n<li class=\"\">Photoshop'ta yapay zeka arka plan\u0131 nas\u0131l olu\u015fturulur?<br>Photoshop baz\u0131 yapay zeka \u00f6zellikleri sunsa da https:\/\/aiartfree.online\/ai-background-generator\/ gibi \u00f6zel bir ara\u00e7 kullanmak daha h\u0131zl\u0131, kolay ve \u00fccretsizdir.<\/li>\n\n\n\n<li class=\"\">Photoshop'ta yapay zeka ile arka plan nas\u0131l olu\u015fturulur?<br>Photoshop kullanmak yerine, daha h\u0131zl\u0131 ve basit sonu\u00e7lar i\u00e7in \u00fccretsiz AI arka plan olu\u015fturucumuzu deneyin.<\/li>\n\n\n\n<li class=\"\">Yapay zeka nas\u0131l arka plan olu\u015fturur?<br>https:\/\/aiartfree.online\/ai-background-generator\/ adresini ziyaret edin, istedi\u011finiz a\u00e7\u0131klamay\u0131 girin veya bir resim y\u00fckleyin ve yapay zekan\u0131n sizin i\u00e7in bir arka plan olu\u015fturmas\u0131na izin verin.<\/li>\n\n\n\n<li class=\"\">Yapay zeka taraf\u0131ndan olu\u015fturulan arka planlar\u0131 ticari olarak kullanabilir miyim?<br>Bu, araca ve hizmet ko\u015fullar\u0131na ba\u011fl\u0131d\u0131r. Ticari kullan\u0131mdan \u00f6nce her zaman lisans s\u00f6zle\u015fmesini kontrol edin.<\/li>\n\n\n\n<li class=\"\">Yapay zeka arka plan olu\u015fturucular\u0131 \u00fccretsiz mi?<br>https:\/\/aiartfree.online\/ai-background-generator\/ adresindeki 100% \u00fccretsiz ve s\u0131n\u0131rs\u0131z jenerat\u00f6r\u00fcm\u00fcz gibi bir\u00e7ok ara\u00e7 \u00fccretsiz se\u00e7enekler sunar.<\/li>\n\n\n\n<li class=\"\">Yapay zeka arka plan olu\u015fturucular\u0131 ger\u00e7ek\u00e7i g\u00f6r\u00fcnt\u00fcler olu\u015fturabilir mi?<br>Evet, bir\u00e7ok yapay zeka arac\u0131 son derece ger\u00e7ek\u00e7i arka planlar ve g\u00f6r\u00fcnt\u00fcler olu\u015fturabilir.<\/li>\n\n\n\n<li class=\"\">Mevcut bir g\u00f6rselden arka plan\u0131 nas\u0131l kald\u0131rabilirim?<br>\u00c7o\u011fu AI arka plan olu\u015fturucu arka plan kald\u0131rma \u00f6zelli\u011fi sunar. Sadece resminizi y\u00fckleyin ve arka plan\u0131 kald\u0131r se\u00e7ene\u011fini se\u00e7in.<\/li>\n\n\n\n<li class=\"\">Fantezi veya bilimkurgu gibi belirli temalar i\u00e7in arka planlar olu\u015fturabilir miyim?<br>Kesinlikle! Yapay zeka jenerat\u00f6rleri, metin a\u00e7\u0131klamalar\u0131n\u0131za g\u00f6re \u00e7e\u015fitli temalar i\u00e7in arka planlar olu\u015fturabilir.<\/li>\n\n\n\n<li class=\"\">Yapay zeka taraf\u0131ndan olu\u015fturulan arka planlar i\u00e7in herhangi bir s\u0131n\u0131rlama var m\u0131?<br>Yapay zeka jenerat\u00f6rleri g\u00fc\u00e7l\u00fc olmakla birlikte bazen tutars\u0131zl\u0131klar veya ger\u00e7ek\u00e7i olmayan unsurlar \u00fcretebilir. Sonu\u00e7lar\u0131 her zaman g\u00f6zden ge\u00e7irin ve potansiyel olarak d\u00fczenleyin.<\/li>\n\n\n\n<li class=\"\">Yapay zeka taraf\u0131ndan olu\u015fturulan arka planlar\u0131m\u0131n benzersizli\u011fini nas\u0131l sa\u011flayabilirim?<br>Arka planlar\u0131n\u0131z\u0131 ger\u00e7ekten benzersiz k\u0131lmak i\u00e7in belirli istemleri kullan\u0131n, birden fazla nesli birle\u015ftirin veya ki\u015fisel dokunu\u015flar ekleyin.<\/li>\n<\/ol>\n\n\n\n<h3 class=\"wp-block-heading\" id=\"conclusion\">Sonu\u00e7<\/h3>\n\n\n\n<p class=\"\">Yapay zeka arka plan olu\u015fturucular\u0131, dijital g\u00f6r\u00fcnt\u00fcleri olu\u015fturma ve manip\u00fcle etme \u015feklimizde devrim yarat\u0131yor. https:\/\/aiartfree.online\/ai-background-generator\/ gibi 100% \u00fccretsiz, s\u0131n\u0131rs\u0131z ve kay\u0131t gerektirmeyen se\u00e7enekler sunan ara\u00e7larla, herhangi bir proje i\u00e7in \u00e7arp\u0131c\u0131 g\u00f6rseller \u00fcretmek her zamankinden daha kolay. \u0130ster profesyonel bir tasar\u0131mc\u0131 ister s\u0131radan bir i\u00e7erik olu\u015fturucu olun, AI arka plan olu\u015fturucular g\u00f6r\u00fcnt\u00fc ihtiya\u00e7lar\u0131n\u0131z i\u00e7in eri\u015filebilir, verimli ve g\u00fc\u00e7l\u00fc bir \u00e7\u00f6z\u00fcm sunar. Bug\u00fcn bir tane deneyin ve dijital yarat\u0131c\u0131l\u0131\u011f\u0131n gelece\u011fini deneyimleyin!<\/p>","protected":false},"excerpt":{"rendered":"<p>Before vs After How to use the AI Background Generator * Feel free to try our examples below if you don&#8217;t have any thoughts in your mind *&nbsp;Depending on your internet speed, loading the model may take a few seconds.* There will be caching during continuous generation, and the new image will appear after about &#8230; <a title=\"Yapay Zeka Arka Plan Olu\u015fturucu\" class=\"read-more\" href=\"https:\/\/aiartfree.online\/tr\/ai-arka-plan-olusturucu\/\" aria-label=\"Read more about AI Background Generator\">Devam\u0131n\u0131 oku<\/a><\/p>","protected":false},"author":1,"featured_media":3377,"parent":0,"menu_order":0,"comment_status":"open","ping_status":"closed","template":"","meta":{"nf_dc_page":"","footnotes":""},"class_list":["post-3366","page","type-page","status-publish","has-post-thumbnail"],"jetpack_sharing_enabled":true,"_links":{"self":[{"href":"https:\/\/aiartfree.online\/tr\/wp-json\/wp\/v2\/pages\/3366","targetHints":{"allow":["GET"]}}],"collection":[{"href":"https:\/\/aiartfree.online\/tr\/wp-json\/wp\/v2\/pages"}],"about":[{"href":"https:\/\/aiartfree.online\/tr\/wp-json\/wp\/v2\/types\/page"}],"author":[{"embeddable":true,"href":"https:\/\/aiartfree.online\/tr\/wp-json\/wp\/v2\/users\/1"}],"replies":[{"embeddable":true,"href":"https:\/\/aiartfree.online\/tr\/wp-json\/wp\/v2\/comments?post=3366"}],"version-history":[{"count":0,"href":"https:\/\/aiartfree.online\/tr\/wp-json\/wp\/v2\/pages\/3366\/revisions"}],"wp:featuredmedia":[{"embeddable":true,"href":"https:\/\/aiartfree.online\/tr\/wp-json\/wp\/v2\/media\/3377"}],"wp:attachment":[{"href":"https:\/\/aiartfree.online\/tr\/wp-json\/wp\/v2\/media?parent=3366"}],"curies":[{"name":"wp","href":"https:\/\/api.w.org\/{rel}","templated":true}]}}