{"id":3360,"date":"2024-07-31T07:14:44","date_gmt":"2024-07-31T07:14:44","guid":{"rendered":"https:\/\/aiartfree.online\/?page_id=3360"},"modified":"2024-08-02T11:12:12","modified_gmt":"2024-08-02T11:12:12","slug":"illustrator","status":"publish","type":"page","link":"https:\/\/aiartfree.online\/tr\/illustrator\/","title":{"rendered":"\u0130ll\u00fcstrat\u00f6r"},"content":{"rendered":"<h2 class=\"wp-block-heading has-text-align-center\">Kullan\u0131c\u0131lar\u0131m\u0131z Illustrator ile neler yapt\u0131<\/h2>\n\n\n<div class=\"gb-grid-wrapper gb-grid-wrapper-8f352d7f\">\n<div class=\"gb-grid-column gb-grid-column-4765560e\"><div class=\"gb-container gb-container-4765560e\">\n\n<figure class=\"gb-block-image gb-block-image-a2c2a657\"><img data-recalc-dims=\"1\" decoding=\"async\" loading=\"lazy\" width=\"882\" height=\"740\" class=\"gb-image gb-image-a2c2a657\" src=\"https:\/\/i0.wp.com\/aiartfree.online\/wp-content\/uploads\/2024\/07\/WX20240731-111208%402x.jpg?resize=882%2C740&#038;ssl=1\" alt=\"Y\u00fcksek kaliteli vekt\u00f6r grafikleri ve ill\u00fcstrasyonlar olu\u015fturmak i\u00e7in en iyi 100% \u00fccretsiz ara\u00e7 olan AI Art Free Illustrator&#039;\u0131 ke\u015ffedin. Adobe Illustrator&#039;\u0131n aksine, platformumuz s\u0131n\u0131rs\u0131z eri\u015fim, kay\u0131t zorunlulu\u011fu ve kullan\u0131c\u0131 dostu bir aray\u00fcz sunar.\" title=\"WX20240731-111208@2x\" srcset=\"https:\/\/i0.wp.com\/aiartfree.online\/wp-content\/uploads\/2024\/07\/WX20240731-111208%402x.jpg?w=882&amp;ssl=1 882w, https:\/\/i0.wp.com\/aiartfree.online\/wp-content\/uploads\/2024\/07\/WX20240731-111208%402x.jpg?resize=300%2C252&amp;ssl=1 300w, https:\/\/i0.wp.com\/aiartfree.online\/wp-content\/uploads\/2024\/07\/WX20240731-111208%402x.jpg?resize=768%2C644&amp;ssl=1 768w, https:\/\/i0.wp.com\/aiartfree.online\/wp-content\/uploads\/2024\/07\/WX20240731-111208%402x.jpg?resize=14%2C12&amp;ssl=1 14w, https:\/\/i0.wp.com\/aiartfree.online\/wp-content\/uploads\/2024\/07\/WX20240731-111208%402x.jpg?resize=600%2C503&amp;ssl=1 600w\" sizes=\"auto, (max-width: 882px) 100vw, 882px\" \/><\/figure>\n\n<\/div><\/div>\n\n<div class=\"gb-grid-column gb-grid-column-d0cc1844\"><div class=\"gb-container gb-container-d0cc1844\">\n\n<figure class=\"gb-block-image gb-block-image-221c3770\"><img data-recalc-dims=\"1\" decoding=\"async\" loading=\"lazy\" width=\"882\" height=\"730\" class=\"gb-image gb-image-221c3770\" src=\"https:\/\/i0.wp.com\/aiartfree.online\/wp-content\/uploads\/2024\/07\/WX20240731-111242%402x.jpg?resize=882%2C730&#038;ssl=1\" alt=\"Y\u00fcksek kaliteli vekt\u00f6r grafikleri ve ill\u00fcstrasyonlar olu\u015fturmak i\u00e7in en iyi 100% \u00fccretsiz ara\u00e7 olan AI Art Free Illustrator&#039;\u0131 ke\u015ffedin. Adobe Illustrator&#039;\u0131n aksine, platformumuz s\u0131n\u0131rs\u0131z eri\u015fim, kay\u0131t zorunlulu\u011fu ve kullan\u0131c\u0131 dostu bir aray\u00fcz sunar.\" title=\"WX20240731-111242@2x\" srcset=\"https:\/\/i0.wp.com\/aiartfree.online\/wp-content\/uploads\/2024\/07\/WX20240731-111242%402x.jpg?w=882&amp;ssl=1 882w, https:\/\/i0.wp.com\/aiartfree.online\/wp-content\/uploads\/2024\/07\/WX20240731-111242%402x.jpg?resize=300%2C248&amp;ssl=1 300w, https:\/\/i0.wp.com\/aiartfree.online\/wp-content\/uploads\/2024\/07\/WX20240731-111242%402x.jpg?resize=768%2C636&amp;ssl=1 768w, https:\/\/i0.wp.com\/aiartfree.online\/wp-content\/uploads\/2024\/07\/WX20240731-111242%402x.jpg?resize=14%2C12&amp;ssl=1 14w, https:\/\/i0.wp.com\/aiartfree.online\/wp-content\/uploads\/2024\/07\/WX20240731-111242%402x.jpg?resize=600%2C497&amp;ssl=1 600w\" sizes=\"auto, (max-width: 882px) 100vw, 882px\" \/><\/figure>\n\n<\/div><\/div>\n<\/div>\n\n\n<h2 class=\"wp-block-heading\">Illustrator nas\u0131l kullan\u0131l\u0131r<\/h2>\n\n\n\n<ol class=\"wp-block-list\">\n<li class=\"\">\u0130steminizi girin<\/li>\n\n\n\n<li class=\"\">\"G\u00f6nder \"e t\u0131klay\u0131n<\/li>\n\n\n\n<li class=\"\">Bekle, i\u015fte bu!<\/li>\n<\/ol>\n\n\n\n<p class=\"\">* Akl\u0131n\u0131zda herhangi bir d\u00fc\u015f\u00fcnce yoksa a\u015fa\u011f\u0131daki \u00f6rneklerimizi denemekten \u00e7ekinmeyin<\/p>\n\n\n\n<p class=\"\"><em>* \u0130nternet h\u0131z\u0131n\u0131za ba\u011fl\u0131 olarak, modelin y\u00fcklenmesi zaman alabilir <\/em>10 saniyeye kadar \u2193<\/p>\n\n\n\n<div class=\"iframe-wrapper\" style=\"position: relative; width: 100%; height: 700px;\">\n  <div class=\"loading\" style=\"position: absolute; top: 50px; left: 50%; transform: translate(-50%, -50%); width: 40px; height: 40px; border: 3px solid #f0f0f0; border-top: 3px solid #db7093; border-radius: 50%; animation: spin 1s linear infinite;\"><\/div>\n  <iframe loading=\"lazy\" src=\"https:\/\/peepdaslan9-b2bmgmt-blink7630-graphic-novel-illustration.hf.space\" frameborder=\"0\" width=\"100%\" height=\"100%\" style=\"position: absolute; top: 0; left: 0; opacity: 0; transition: opacity 0.3s;\" onload=\"this.style.opacity=1;this.previousElementSibling.style.display='none';\"><\/iframe>\n<\/div>\n\n<style>\n@keyframes spin {\n  0% { transform: translate(-50%, -50%) rotate(0deg); }\n  100% { transform: translate(-50%, -50%) rotate(360deg); }\n}\n<\/style>\n\n\n\n<h2 class=\"wp-block-heading\">\u0130ll\u00fcstrasyon \u0130stemi \u00d6rnekleri<\/h2>\n\n\n\n<ol style=\"font-size:16px\" class=\"wp-block-list\">\n<li class=\"\">morgan freeman'in harley davidson motosi\u0307klete bi\u0307ndi\u0307\u011fi\u0307 nefes kesen son derece detayli \u00e7i\u0307zgi\u0307 roman i\u0307ll\u00fcstrasyonu, karanlik ve cesur<\/li>\n\n\n\n<li class=\"\">Nefes kesen \u00e7izgi roman ill\u00fcstrasyonu Bir nebulan\u0131n u\u00e7suz bucaks\u0131z geni\u015fli\u011finin ortas\u0131nda, yaln\u0131z bir astronot \u0131\u015f\u0131k sa\u00e7an bir y\u0131ld\u0131z gemisine ba\u011fl\u0131 olarak y\u00fczmektedir. Nebulan\u0131n \u0131\u015f\u0131lt\u0131l\u0131 gazlar\u0131 etrafta dans ediyor, canl\u0131 renkleri elbiseye yans\u0131tarak bir \u0131\u015f\u0131k ve hareket balesi yarat\u0131yor.<\/li>\n\n\n\n<li class=\"\">K\u0131yamet sonras\u0131 \u00e7orak topraklardaki bir kav\u015fakta, hurda metalden yap\u0131lm\u0131\u015f gitar\u0131yla eski d\u00fcnyan\u0131n hik\u00e2yelerini anlatan bir gezginin nefes kesici grafik roman ill\u00fcstrasyonu. Mutant yarat\u0131klar kamp ate\u015finin etraf\u0131nda toplan\u0131r, g\u00f6zleri \u00f6zlemle doludur.<\/li>\n\n\n\n<li class=\"\">Canl\u0131 bir \u00e7ay\u0131rda rengarenk kelebekleri kovalayan bir \u00e7ocu\u011fun nefes kesici \u00e7izgi roman ill\u00fcstrasyonu.<\/li>\n\n\n\n<li class=\"\">Nefes kesici grafik roman ill\u00fcstrasyonu Dalgalar\u0131n hik\u00e2yelerle \u00f6r\u00fcld\u00fc\u011f\u00fc bir kumsalda, ay \u0131\u015f\u0131\u011f\u0131ndan dokuma tezg\u00e2h\u0131 olan bir hik\u00e2ye anlat\u0131c\u0131s\u0131 gelgitlerden masallar \u00e7\u0131kar\u0131r. Deniz kabuklar\u0131 efsaneler f\u0131s\u0131ldar ve ufuk hen\u00fcz anlat\u0131lmam\u0131\u015f maceralar\u0131n goblenidir.<\/li>\n\n\n\n<li class=\"\">Bir \u00e7\u00f6l\u00fcn \u00fczerinde s\u00fcz\u00fclerek av\u0131n\u0131 arayan bir \u015fahinin nefes kesici \u00e7izgi roman ill\u00fcstrasyonu.<\/li>\n\n\n\n<li class=\"\">Nefes kesici \u00e7izgi roman ill\u00fcstrasyonu Kuzey Kutup Dairesi'nin derinliklerinde bir aurora g\u00f6ky\u00fcz\u00fcn\u00fc ye\u015fil, pembe ve morun canl\u0131 tonlar\u0131yla boyuyor. A\u015fa\u011f\u0131daki kar, bu \u0131\u015f\u0131k dans\u0131n\u0131 yans\u0131t\u0131r ve d\u00fcnya b\u00fcy\u00fcleyici bir renk senfonisiyle sar\u0131l\u0131r.<\/li>\n\n\n\n<li class=\"\">Bir m\u00fc\u015fterinin s\u0131rt\u0131ndaki karma\u015f\u0131k bir tasar\u0131m\u0131 detayland\u0131ran bir d\u00f6vme sanat\u00e7\u0131s\u0131n\u0131n nefes kesici \u00e7izgi roman ill\u00fcstrasyonu.<\/li>\n\n\n\n<li class=\"\">Renkli ipeklere b\u00fcr\u00fcnm\u00fc\u015f bir kad\u0131n\u0131n mum \u0131\u015f\u0131\u011f\u0131yla ayd\u0131nlat\u0131lm\u0131\u015f bir \u00e7ad\u0131rda tarot kartlar\u0131n\u0131 okuyu\u015funu g\u00f6steren nefes kesici bir \u00e7izgi roman ill\u00fcstrasyonu.<\/li>\n\n\n\n<li class=\"\">\u0130ki ma\u011farac\u0131n\u0131n derin bir ma\u011faran\u0131n haritas\u0131n\u0131 \u00e7\u0131kard\u0131\u011f\u0131, me\u015falelerin yolu ayd\u0131nlatt\u0131\u011f\u0131 nefes kesici grafik roman ill\u00fcstrasyonu.<\/li>\n<\/ol>\n\n\n\n<div style=\"height:100px\" aria-hidden=\"true\" class=\"wp-block-spacer\"><\/div>\n\n\n\n<h2 class=\"wp-block-heading\">AI Art Free Illustrator nedir: Nihai \u00dccretsiz \u0130ll\u00fcstrasyon Olu\u015fturucu<\/h2>\n\n\n\n<p class=\"\">AI Art Free Illustrator, pahal\u0131 yaz\u0131l\u0131mlara veya karma\u015f\u0131k s\u00fcre\u00e7lere ihtiya\u00e7 duymadan y\u00fcksek kaliteli ill\u00fcstrasyonlar \u00fcretmek i\u00e7in tasarlanm\u0131\u015f son teknoloji bir ara\u00e7t\u0131r. A\u011f\u0131r bir fiyat etiketi ve abonelik \u00fccretleriyle gelen Adobe Illustrator'\u0131n aksine AI Art Free Illustrator, \u00e7arp\u0131c\u0131 vekt\u00f6r grafikleri ve ill\u00fcstrasyonlar olu\u015fturmak i\u00e7in 100% \u00fccretsiz ve s\u0131n\u0131rs\u0131z bir hizmet sunar. Bu makalede AI Art Free Illustrator'\u0131n \u00f6zellikleri, Adobe Illustrator'a g\u00f6re avantajlar\u0131 ve yarat\u0131c\u0131 ihtiya\u00e7lar\u0131n\u0131z i\u00e7in bu ara\u00e7tan en iyi \u015fekilde nas\u0131l yararlanabilece\u011finiz ele al\u0131nacakt\u0131r.<\/p>\n\n\n\n<p class=\"\"><\/p>\n\n\n\n<h3 class=\"wp-block-heading\">\u0130\u00e7indekiler<\/h3>\n\n\n\n<ol class=\"wp-block-list\">\n<li class=\"\"><a href=\"#what-is-ai-art-free-illustrator\">AI Art Free Illustrator nedir?<\/a><\/li>\n\n\n\n<li class=\"\"><a href=\"#why-choose-ai-art-free-illustrator\">Neden AI Art Free Illustrator'\u0131 Se\u00e7melisiniz?<\/a><\/li>\n\n\n\n<li class=\"\"><a href=\"#key-features-of-ai-art-free-illustrator\">AI Art Free Illustrator'\u0131n Temel \u00d6zellikleri<\/a><\/li>\n\n\n\n<li class=\"\"><a href=\"#who-should-use-ai-art-free-illustrator\">AI Art Free Illustrator'\u0131 Kimler Kullanmal\u0131?<\/a><\/li>\n\n\n\n<li class=\"\"><a href=\"#industries-and-use-cases\">Sekt\u00f6rler ve Kullan\u0131m Alanlar\u0131<\/a><\/li>\n\n\n\n<li class=\"\"><a href=\"#how-to-use-ai-art-free-illustrator-step-by-step\">AI Art Free Illustrator Nas\u0131l Kullan\u0131l\u0131r: Ad\u0131m Ad\u0131m<\/a><\/li>\n\n\n\n<li class=\"\"><a href=\"#comparison-with-adobe-illustrator\">Adobe Illustrator ile Kar\u015f\u0131la\u015ft\u0131rma<\/a><\/li>\n\n\n\n<li class=\"\"><a href=\"#industry-pros-cons-and-recommendations\">Sekt\u00f6r\u00fcn Art\u0131lar\u0131, Eksileri ve \u00d6nerileri<\/a><\/li>\n\n\n\n<li class=\"\"><a href=\"#faq\">SSS<\/a><\/li>\n\n\n\n<li class=\"\"><a href=\"#summary-and-call-to-action\">\u00d6zet ve Eylem \u00c7a\u011fr\u0131s\u0131<\/a><\/li>\n<\/ol>\n\n\n\n<h3 class=\"wp-block-heading\">AI Art Free Illustrator nedir?<\/h3>\n\n\n\n<p class=\"\">AI Art Free Illustrator, kullan\u0131c\u0131lara hi\u00e7bir \u00fccret \u00f6demeden y\u00fcksek kaliteli vekt\u00f6r grafikleri ve ill\u00fcstrasyonlar olu\u015fturmak i\u00e7in ara\u00e7lar sa\u011flayan geli\u015fmi\u015f bir ill\u00fcstrasyon olu\u015fturucudur. Karma\u015f\u0131k \u00f6zelliklere ve dik bir \u00f6\u011frenme e\u011frisine sahip \u00fccretli bir yaz\u0131l\u0131m olan Adobe Illustrator'\u0131n aksine, AI Art Free Illustrator s\u00fcreci basitle\u015ftirerek herkes i\u00e7in eri\u015filebilir hale getirir.<\/p>\n\n\n\n<h3 class=\"wp-block-heading\">Neden AI Art Free Illustrator'\u0131 Se\u00e7melisiniz?<\/h3>\n\n\n\n<p class=\"\">AI Art Free Illustrator, Adobe Illustrator gibi geleneksel ill\u00fcstrasyon yaz\u0131l\u0131mlar\u0131na g\u00f6re \u00e7e\u015fitli avantajlar sunar:<\/p>\n\n\n\n<ul class=\"wp-block-list\">\n<li class=\"\"><strong>100% \u00dccretsiz:<\/strong> Abonelik \u00fccreti veya tek seferlik \u00f6deme gerekmez.<\/li>\n\n\n\n<li class=\"\"><strong>S\u0131n\u0131rs\u0131z Eri\u015fim:<\/strong> Herhangi bir s\u0131n\u0131rlama olmaks\u0131z\u0131n istedi\u011finiz kadar ill\u00fcstrasyon olu\u015fturun.<\/li>\n\n\n\n<li class=\"\"><strong>Kay\u0131t Gerekmiyor:<\/strong> Hesap olu\u015fturmaya gerek kalmadan an\u0131nda ill\u00fcstrasyon \u00fcretmeye ba\u015flay\u0131n.<\/li>\n\n\n\n<li class=\"\"><strong>Kullan\u0131c\u0131 Dostu Aray\u00fcz:<\/strong> Gezinmesi kolay, hem yeni ba\u015flayanlar hem de profesyoneller i\u00e7in uygun.<\/li>\n<\/ul>\n\n\n\n<h3 class=\"wp-block-heading\">AI Art Free Illustrator'\u0131n Temel \u00d6zellikleri<\/h3>\n\n\n\n<h4 class=\"wp-block-heading\">Vekt\u00f6r Grafik Yaz\u0131l\u0131m\u0131<\/h4>\n\n\n\n<p class=\"\">AI Art Free Illustrator, \u00f6l\u00e7eklenebilir ve profesyonel ill\u00fcstrasyonlar i\u00e7in gerekli olan y\u00fcksek kaliteli vekt\u00f6r grafikleri \u00fcretmek \u00fczere tasarlanm\u0131\u015ft\u0131r.<\/p>\n\n\n\n<h4 class=\"wp-block-heading\">Kalem Ara\u00e7lar\u0131 ve Kullan\u0131c\u0131 Aray\u00fcz\u00fc<\/h4>\n\n\n\n<p class=\"\">Ara\u00e7, Adobe Illustrator'da bulunanlara benzer, ancak basitle\u015ftirilmi\u015f bir aray\u00fczle \u015fekillerin ve yollar\u0131n hassas bir \u015fekilde \u00e7izilmesine ve d\u00fczenlenmesine olanak tan\u0131yan sezgisel kalem ara\u00e7lar\u0131 i\u00e7erir.<\/p>\n\n\n\n<h4 class=\"wp-block-heading\">Dosya Formatlar\u0131<\/h4>\n\n\n\n<p class=\"\">Kreasyonlar\u0131n\u0131z\u0131 \u00e7o\u011fu grafik tasar\u0131m ve sosyal medya platformuyla uyumlu \u00e7e\u015fitli dosya formatlar\u0131nda d\u0131\u015fa aktar\u0131n.<\/p>\n\n\n\n<h3 class=\"wp-block-heading\">AI Art Free Illustrator'\u0131 Kimler Kullanmal\u0131?<\/h3>\n\n\n\n<p class=\"\">AI Art Free Illustrator i\u00e7in idealdir:<\/p>\n\n\n\n<ul class=\"wp-block-list\">\n<li class=\"\"><strong>Grafik Tasar\u0131mc\u0131lar:<\/strong> Vekt\u00f6r grafikleri olu\u015fturmak i\u00e7in uygun maliyetli bir \u00e7\u00f6z\u00fcm arayan profesyoneller.<\/li>\n\n\n\n<li class=\"\"><strong>\u0130ll\u00fcstrat\u00f6rler:<\/strong> Y\u00fcksek maliyet olmadan y\u00fcksek kaliteli ill\u00fcstrasyonlar i\u00e7in g\u00fcvenilir bir araca ihtiya\u00e7 duyan sanat\u00e7\u0131lar.<\/li>\n\n\n\n<li class=\"\"><strong>Yeni ba\u015flayanlar:<\/strong> \u00d6\u011frenmek ve yaratmak i\u00e7in kullan\u0131m\u0131 kolay bir ara\u00e7 isteyen ill\u00fcstrasyona yeni ba\u015flayan bireyler.<\/li>\n<\/ul>\n\n\n\n<h3 class=\"wp-block-heading\">Sekt\u00f6rler ve Kullan\u0131m Alanlar\u0131<\/h3>\n\n\n\n<p class=\"\">AI Art Free Illustrator \u00e7e\u015fitli sekt\u00f6rlerde uygulanabilir:<\/p>\n\n\n\n<ul class=\"wp-block-list\">\n<li class=\"\"><strong>Pazarlama:<\/strong> Sosyal medya ve pazarlama kampanyalar\u0131 i\u00e7in g\u00f6z al\u0131c\u0131 grafikler olu\u015fturun.<\/li>\n\n\n\n<li class=\"\"><strong>E\u011fitim:<\/strong> E\u011fitim materyalleri ve ill\u00fcstrasyonlar olu\u015fturmak i\u00e7in kullan\u0131\u015fl\u0131d\u0131r.<\/li>\n\n\n\n<li class=\"\"><strong>E\u011flence:<\/strong> Oyunlar, \u00e7izgi romanlar ve di\u011fer e\u011flence ortamlar\u0131 i\u00e7in grafikler tasarlay\u0131n.<\/li>\n<\/ul>\n\n\n\n<h3 class=\"wp-block-heading\">AI Art Free Illustrator Nas\u0131l Kullan\u0131l\u0131r: Ad\u0131m Ad\u0131m<\/h3>\n\n\n\n<ol class=\"wp-block-list\">\n<li class=\"\"><strong>Araca Eri\u015fin:<\/strong> Ziyaret etmek <a href=\"https:\/\/aiartfree.online\/tr\/illustrator\/\">AI Art \u00dccretsiz \u0130ll\u00fcstrat\u00f6r<\/a> yaratmaya ba\u015flamak i\u00e7in.<\/li>\n\n\n\n<li class=\"\"><strong>Bir \u015eablon Se\u00e7in veya S\u0131f\u0131rdan Ba\u015flay\u0131n:<\/strong> \u00d6nceden haz\u0131rlanm\u0131\u015f \u015fablonlardan birini se\u00e7in veya yeni bir proje ba\u015flat\u0131n.<\/li>\n\n\n\n<li class=\"\"><strong>Kalem Ara\u00e7lar\u0131n\u0131 Kullan\u0131n:<\/strong> Sezgisel kalem ara\u00e7lar\u0131n\u0131 kullanarak \u015fekilleri hassas bir \u015fekilde \u00e7izin ve d\u00fczenleyin.<\/li>\n\n\n\n<li class=\"\"><strong>\u0130ll\u00fcstrasyonunuzu \u00d6zelle\u015ftirin:<\/strong> Renkleri, \u015fekilleri ve boyutlar\u0131 ihtiya\u00e7lar\u0131n\u0131za g\u00f6re ayarlay\u0131n.<\/li>\n\n\n\n<li class=\"\"><strong>Dosyan\u0131z\u0131 D\u0131\u015fa Aktar\u0131n:<\/strong> \u00c7al\u0131\u015fman\u0131z\u0131 \u00e7e\u015fitli uygulamalarda kullanmak i\u00e7in istedi\u011finiz dosya bi\u00e7iminde kaydedin.<\/li>\n<\/ol>\n\n\n\n<h3 class=\"wp-block-heading\">Adobe Illustrator ile Kar\u015f\u0131la\u015ft\u0131rma<\/h3>\n\n\n\n<figure class=\"wp-block-table\"><table class=\"has-fixed-layout\"><thead><tr><th>\u00d6zellik<\/th><th>AI Art \u00dccretsiz \u0130ll\u00fcstrat\u00f6r<\/th><th>Adobe Illustrator<\/th><\/tr><\/thead><tbody><tr><td>Maliyet<\/td><td>100% \u00dccretsiz<\/td><td>\u00dccretli (Abonelik Gerekli)<\/td><\/tr><tr><td>Eri\u015fim<\/td><td>S\u0131n\u0131rs\u0131z<\/td><td>Abonelik ile s\u0131n\u0131rl\u0131<\/td><\/tr><tr><td>Kay\u0131t Olun<\/td><td>Kay\u0131t Yok<\/td><td>Gerekli<\/td><\/tr><tr><td>Kullan\u0131m Kolayl\u0131\u011f\u0131<\/td><td>Kullan\u0131c\u0131 Dostu<\/td><td>Yeni Ba\u015flayanlar \u0130\u00e7in Karma\u015f\u0131k<\/td><\/tr><tr><td>Dosya Formatlar\u0131<\/td><td>\u00c7oklu Formatlar<\/td><td>\u00c7oklu Formatlar<\/td><\/tr><\/tbody><\/table><\/figure>\n\n\n\n<h3 class=\"wp-block-heading\">Sekt\u00f6r\u00fcn Art\u0131lar\u0131, Eksileri ve \u00d6nerileri<\/h3>\n\n\n\n<p class=\"\"><strong>Art\u0131lar\u0131:<\/strong><\/p>\n\n\n\n<ul class=\"wp-block-list\">\n<li class=\"\">Hi\u00e7bir \u00fccret ve kay\u0131t gerekmez.<\/li>\n\n\n\n<li class=\"\">Basit ve kullan\u0131m\u0131 kolay aray\u00fcz.<\/li>\n<\/ul>\n\n\n\n<p class=\"\"><strong>Eksiler:<\/strong><\/p>\n\n\n\n<ul class=\"wp-block-list\">\n<li class=\"\">Adobe Illustrator ile kar\u015f\u0131la\u015ft\u0131r\u0131ld\u0131\u011f\u0131nda s\u0131n\u0131rl\u0131 geli\u015fmi\u015f \u00f6zellikler.<\/li>\n<\/ul>\n\n\n\n<p class=\"\"><strong>Tavsiyeler:<\/strong><\/p>\n\n\n\n<ul class=\"wp-block-list\">\n<li class=\"\">Uygun maliyetli, kullan\u0131c\u0131 dostu bir ill\u00fcstrasyon arac\u0131 arayan kullan\u0131c\u0131lar i\u00e7in idealdir.<\/li>\n<\/ul>\n\n\n\n<h3 class=\"wp-block-heading\">SSS<\/h3>\n\n\n\n<ol class=\"wp-block-list\">\n<li class=\"\"><strong>AI Art Free Illustrator nedir?<\/strong>\n<ul class=\"wp-block-list\">\n<li class=\"\">Vekt\u00f6r grafikleri ve ill\u00fcstrasyonlar olu\u015fturmak i\u00e7in \u00fccretsiz bir ara\u00e7t\u0131r.<\/li>\n<\/ul>\n<\/li>\n\n\n\n<li class=\"\"><strong>AI Art Free Illustrator, Adobe Illustrator ile kar\u015f\u0131la\u015ft\u0131r\u0131ld\u0131\u011f\u0131nda nas\u0131ld\u0131r?<\/strong>\n<ul class=\"wp-block-list\">\n<li class=\"\">Benzer i\u015flevler sunar, ancak \u00fccretsizdir ve daha kullan\u0131c\u0131 dostu bir aray\u00fcze sahiptir.<\/li>\n<\/ul>\n<\/li>\n\n\n\n<li class=\"\"><strong>AI Art Free Illustrator'\u0131 ticari projeler i\u00e7in kullanabilir miyim?<\/strong>\n<ul class=\"wp-block-list\">\n<li class=\"\">Evet, ara\u00e7 hem ki\u015fisel hem de ticari kullan\u0131m i\u00e7in uygundur.<\/li>\n<\/ul>\n<\/li>\n\n\n\n<li class=\"\"><strong>AI Art Free Illustrator'\u0131 kullanmak i\u00e7in herhangi bir yaz\u0131l\u0131m indirmem gerekiyor mu?<\/strong>\n<ul class=\"wp-block-list\">\n<li class=\"\">Hay\u0131r, do\u011frudan taray\u0131c\u0131n\u0131zdan \u00e7al\u0131\u015fan web tabanl\u0131 bir ara\u00e7t\u0131r.<\/li>\n<\/ul>\n<\/li>\n\n\n\n<li class=\"\"><strong>\u0130ll\u00fcstrasyonlar\u0131m\u0131 AI Art Free Illustrator'dan nas\u0131l d\u0131\u015fa aktarabilirim?<\/strong>\n<ul class=\"wp-block-list\">\n<li class=\"\">\u0130ll\u00fcstrasyonlar\u0131n\u0131z\u0131 farkl\u0131 uygulamalara uygun \u00e7e\u015fitli dosya formatlar\u0131nda d\u0131\u015fa aktarabilirsiniz.<\/li>\n<\/ul>\n<\/li>\n\n\n\n<li class=\"\"><strong>AI Art Free Illustrator yeni ba\u015flayanlar i\u00e7in uygun mu?<\/strong>\n<ul class=\"wp-block-list\">\n<li class=\"\">Evet, hem yeni ba\u015flayanlar hem de profesyoneller i\u00e7in kullan\u0131m\u0131 kolay olacak \u015fekilde tasarlanm\u0131\u015ft\u0131r.<\/li>\n<\/ul>\n<\/li>\n\n\n\n<li class=\"\"><strong>AI Art Free Illustrator yaz\u0131l\u0131m\u0131na farkl\u0131 i\u015fletim sistemlerinden eri\u015febilir miyim?<\/strong>\n<ul class=\"wp-block-list\">\n<li class=\"\">Evet, modern bir web taray\u0131c\u0131n\u0131z oldu\u011fu s\u00fcrece \u00e7e\u015fitli i\u015fletim sistemlerinde \u00e7al\u0131\u015f\u0131r.<\/li>\n<\/ul>\n<\/li>\n\n\n\n<li class=\"\"><strong>AI Art Free Illustrator ile hangi dosya formatlar\u0131n\u0131 kullanabilirim?<\/strong>\n<ul class=\"wp-block-list\">\n<li class=\"\">Ara\u00e7, d\u0131\u015fa aktarma i\u00e7in birden fazla dosya format\u0131n\u0131 destekler.<\/li>\n<\/ul>\n<\/li>\n\n\n\n<li class=\"\"><strong>AI Art Free Illustrator kullanman\u0131n herhangi bir s\u0131n\u0131rlamas\u0131 var m\u0131?<\/strong>\n<ul class=\"wp-block-list\">\n<li class=\"\">Ara\u00e7, Adobe Illustrator ile kar\u015f\u0131la\u015ft\u0131r\u0131ld\u0131\u011f\u0131nda s\u0131n\u0131rl\u0131d\u0131r ancak \u00e7o\u011fu ill\u00fcstrasyon g\u00f6revi i\u00e7in gereken temel bilgileri sunar.<\/li>\n<\/ul>\n<\/li>\n\n\n\n<li class=\"\"><strong>AI Art Free Illustrator ile \u00e7al\u0131\u015fmaya nas\u0131l ba\u015flayabilirim?<\/strong>\n<ul class=\"wp-block-list\">\n<li class=\"\">Ziyaret etmek <a href=\"https:\/\/aiartfree.online\/tr\/illustrator\/\">AI Art \u00dccretsiz \u0130ll\u00fcstrat\u00f6r<\/a> ve hemen yaratmaya ba\u015flay\u0131n.<\/li>\n<\/ul>\n<\/li>\n<\/ol>\n\n\n\n<h3 class=\"wp-block-heading\">\u00d6zet<\/h3>\n\n\n\n<p class=\"\">AI Art Free Illustrator, Adobe Illustrator'a g\u00fc\u00e7l\u00fc ve uygun maliyetli bir alternatif sunarak herkes taraf\u0131ndan eri\u015filebilir olmas\u0131n\u0131 sa\u011flar. Kullan\u0131c\u0131 dostu aray\u00fcz\u00fc ve s\u0131n\u0131rs\u0131z eri\u015fimiyle, mali y\u00fck olmadan y\u00fcksek kaliteli ill\u00fcstrasyonlar olu\u015fturmak isteyenler i\u00e7in m\u00fckemmel bir se\u00e7imdir. Ziyaret etmek <a href=\"https:\/\/aiartfree.online\/tr\/illustrator\/\">AI Art \u00dccretsiz \u0130ll\u00fcstrat\u00f6r<\/a> \u00fccretsiz olarak \u00e7arp\u0131c\u0131 grafikler \u00fcretmeye ba\u015flamak i\u00e7in bug\u00fcn!<\/p>\n\n\n\n<p class=\"\">Ba\u015fka sorular\u0131n\u0131z varsa, bunu sorabilirsiniz <a href=\"https:\/\/chatgpt4o.space\/\" target=\"_blank\" rel=\"noreferrer noopener\">\u00fccretsiz \u00e7evrimi\u00e7i Sohbet GPT 4o<\/a>.<\/p>","protected":false},"excerpt":{"rendered":"<p>What our users made with Illustrator How to use the Illustrator * Feel free to try our examples below if you don&#8217;t have any thoughts in your mind *&nbsp;Depending on your internet speed, loading the model may take up to 10 seconds \u2193 Illustration Prompt Examples What is AI Art Free Illustrator: The Ultimate Free &#8230; <a title=\"\u0130ll\u00fcstrat\u00f6r\" class=\"read-more\" href=\"https:\/\/aiartfree.online\/tr\/illustrator\/\" aria-label=\"Read more about Illustrator\">Devam\u0131n\u0131 oku<\/a><\/p>","protected":false},"author":1,"featured_media":3362,"parent":0,"menu_order":0,"comment_status":"closed","ping_status":"closed","template":"","meta":{"nf_dc_page":"","footnotes":""},"class_list":["post-3360","page","type-page","status-publish","has-post-thumbnail"],"jetpack_sharing_enabled":true,"_links":{"self":[{"href":"https:\/\/aiartfree.online\/tr\/wp-json\/wp\/v2\/pages\/3360","targetHints":{"allow":["GET"]}}],"collection":[{"href":"https:\/\/aiartfree.online\/tr\/wp-json\/wp\/v2\/pages"}],"about":[{"href":"https:\/\/aiartfree.online\/tr\/wp-json\/wp\/v2\/types\/page"}],"author":[{"embeddable":true,"href":"https:\/\/aiartfree.online\/tr\/wp-json\/wp\/v2\/users\/1"}],"replies":[{"embeddable":true,"href":"https:\/\/aiartfree.online\/tr\/wp-json\/wp\/v2\/comments?post=3360"}],"version-history":[{"count":0,"href":"https:\/\/aiartfree.online\/tr\/wp-json\/wp\/v2\/pages\/3360\/revisions"}],"wp:featuredmedia":[{"embeddable":true,"href":"https:\/\/aiartfree.online\/tr\/wp-json\/wp\/v2\/media\/3362"}],"wp:attachment":[{"href":"https:\/\/aiartfree.online\/tr\/wp-json\/wp\/v2\/media?parent=3360"}],"curies":[{"name":"wp","href":"https:\/\/api.w.org\/{rel}","templated":true}]}}