{"id":3351,"date":"2024-07-30T17:07:44","date_gmt":"2024-07-30T17:07:44","guid":{"rendered":"https:\/\/aiartfree.online\/?page_id=3351"},"modified":"2024-08-16T10:09:07","modified_gmt":"2024-08-16T10:09:07","slug":"ai-voice-generator","status":"publish","type":"page","link":"https:\/\/aiartfree.online\/tr\/ai-ses-ureteci\/","title":{"rendered":"Yapay Zeka Ses \u00dcreteci"},"content":{"rendered":"<h2 class=\"wp-block-heading\" id=\"how-to-use-the-ai-voice-generator\">Yapay Zeka Ses \u00dcreteci nas\u0131l kullan\u0131l\u0131r?<\/h2>\n\n\n\n<ol class=\"wp-block-list\">\n<li class=\"\">Metninizi girin<\/li>\n\n\n\n<li class=\"\">Bir ses se\u00e7in<\/li>\n\n\n\n<li class=\"\">\"G\u00f6nder \"e t\u0131klay\u0131n<\/li>\n\n\n\n<li class=\"\">Bekle, i\u015fte bu!<\/li>\n<\/ol>\n\n\n\n<p class=\"\">* Akl\u0131n\u0131zda herhangi bir d\u00fc\u015f\u00fcnce yoksa a\u015fa\u011f\u0131daki \u00f6rneklerimizi denemekten \u00e7ekinmeyin<\/p>\n\n\n\n<p class=\"\"><em>* \u0130nternet h\u0131z\u0131n\u0131za ba\u011fl\u0131 olarak, modelin y\u00fcklenmesi zaman alabilir <\/em>10 saniyeye kadar \u2193<\/p>\n\n\n\n<div class=\"iframe-wrapper\" style=\"position: relative; width: 100%; height: 1000px;\">\n  <div class=\"loading\" style=\"position: absolute; top: 50px; left: 50%; transform: translate(-50%, -50%); width: 40px; height: 40px; border: 3px solid #f0f0f0; border-top: 3px solid #db7093; border-radius: 50%; animation: spin 1s linear infinite;\"><\/div>\n  <iframe loading=\"lazy\" src=\"https:\/\/innoai-edge-tts-text-to-speech.hf.space\" frameborder=\"0\" width=\"100%\" height=\"100%\" style=\"position: absolute; top: 0; left: 0; opacity: 0; transition: opacity 0.3s;\" onload=\"this.style.opacity=1;this.previousElementSibling.style.display='none';\"><\/iframe>\n<\/div>\n\n<style>\n@keyframes spin {\n  0% { transform: translate(-50%, -50%) rotate(0deg); }\n  100% { transform: translate(-50%, -50%) rotate(360deg); }\n}\n<\/style>\n\n\n\n<div style=\"height:80px\" aria-hidden=\"true\" class=\"wp-block-spacer\"><\/div>\n\n\n\n<h2 class=\"wp-block-heading\" id=\"the-ultimate-guide-to-ai-voice-generators\">Yapay Zeka Ses \u00dcrete\u00e7leri i\u00e7in Nihai K\u0131lavuz<\/h2>\n\n\n\n<h3 class=\"wp-block-heading\" id=\"outline\">Anahatlar<\/h3>\n\n\n\n<p class=\"\">Yapay Zeka Ses \u00dcrete\u00e7leri, insan konu\u015fmas\u0131na benzeyen y\u00fcksek kaliteli, ultra ger\u00e7ek\u00e7i sesler sunarak ses i\u00e7eri\u011fi olu\u015fturma \u015feklimizde devrim yaratt\u0131. Bu k\u0131lavuzda yapay zeka ses olu\u015fturucular\u0131n tan\u0131m\u0131, avantajlar\u0131, i\u015flevleri, hedef kitlesi, sekt\u00f6rdeki kullan\u0131m alanlar\u0131, ad\u0131m ad\u0131m talimatlar, kullan\u0131m \u00f6rnekleri, ara\u00e7lar, sekt\u00f6rdeki art\u0131lar ve eksiler ile yapay zeka ses olu\u015fturucular hakk\u0131nda s\u0131k\u00e7a sorulan sorular ele al\u0131nmaktad\u0131r.<\/p>\n\n\n\n<figure class=\"wp-block-image size-large is-resized\"><img data-recalc-dims=\"1\" data-dominant-color=\"52455b\" data-has-transparency=\"false\" decoding=\"async\" width=\"1024\" height=\"585\"   loading=\"lazy\" src=\"https:\/\/i0.wp.com\/aiartfree.online\/wp-content\/uploads\/2024\/08\/out-0-1.webp?resize=1024%2C585&#038;ssl=1\" alt=\"AIArtFree&#039;de en iyi AI Ses Olu\u015fturucuyu ke\u015ffedin. \u0130\u00e7erik olu\u015fturma ve seslendirmeler i\u00e7in zahmetsizce y\u00fcksek kaliteli, ultra ger\u00e7ek\u00e7i sesler olu\u015fturun. S\u0131n\u0131r yok. En \u0130yi Yapay Zeka Ses Olu\u015fturucu - 100% \u00dccretsiz, S\u0131n\u0131rs\u0131z, Kay\u0131t Yok\" class=\"wp-image-3458 not-transparent\" style=\"--dominant-color: #52455b; width:598px;height:auto\" srcset=\"https:\/\/i0.wp.com\/aiartfree.online\/wp-content\/uploads\/2024\/08\/out-0-1.webp?resize=1024%2C585&amp;ssl=1 1024w, https:\/\/i0.wp.com\/aiartfree.online\/wp-content\/uploads\/2024\/08\/out-0-1.webp?resize=300%2C171&amp;ssl=1 300w, https:\/\/i0.wp.com\/aiartfree.online\/wp-content\/uploads\/2024\/08\/out-0-1.webp?resize=768%2C439&amp;ssl=1 768w, https:\/\/i0.wp.com\/aiartfree.online\/wp-content\/uploads\/2024\/08\/out-0-1.webp?resize=18%2C10&amp;ssl=1 18w, https:\/\/i0.wp.com\/aiartfree.online\/wp-content\/uploads\/2024\/08\/out-0-1.webp?resize=600%2C343&amp;ssl=1 600w, https:\/\/i0.wp.com\/aiartfree.online\/wp-content\/uploads\/2024\/08\/out-0-1.webp?w=1344&amp;ssl=1 1344w\" sizes=\"auto, (max-width: 1024px) 100vw, 1024px\" \/><\/figure>\n\n\n\n<div class=\"wp-block-rank-math-toc-block\" id=\"rank-math-toc\"><h3>\u0130\u00e7indekiler<\/h3><nav><ul><li><a href=\"#outline\">Anahatlar<\/a><\/li><li><a href=\"#what-is-an-ai-voice-generator\">Yapay Zeka Ses \u00dcreteci nedir<\/a><\/li><li><a href=\"#why-use-an-ai-voice-generator\">Neden Yapay Zeka Ses \u00dcreteci Kullanmal\u0131?<\/a><\/li><li><a href=\"#main-features-of-ai-voice-generators\">Yapay Zeka Ses \u00dcrete\u00e7lerinin Temel \u00d6zellikleri<\/a><ul><li><a href=\"#text-to-speech-ai\">Metinden Konu\u015fmaya Yapay Zeka<\/a><\/li><li><a href=\"#ultra-realistic-voices\">Ultra Ger\u00e7ek\u00e7i Sesler<\/a><\/li><li><a href=\"#generative-ai\">\u00dcretken Yapay Zeka<\/a><\/li><li><a href=\"#multiple-languages-and-accents\">\u00c7oklu Dil ve Aksanlar<\/a><\/li><li><a href=\"#high-quality-voiceovers\">Y\u00fcksek Kaliteli Seslendirmeler<\/a><\/li><\/ul><\/li><li><a href=\"#who-should-use-ai-voice-generators\">Yapay Zeka Ses \u00dcrete\u00e7lerini Kimler Kullanmal\u0131?<\/a><\/li><li><a href=\"#industry-uses-of-ai-voice-generators\">Yapay Zeka Ses \u00dcrete\u00e7lerinin Sekt\u00f6rdeki Kullan\u0131m Alanlar\u0131<\/a><ul><li><a href=\"#media-and-entertainment\">Medya ve E\u011flence<\/a><\/li><li><a href=\"#education\">E\u011fitim<\/a><\/li><li><a href=\"#customer-service\">M\u00fc\u015fteri Hizmetleri<\/a><\/li><li><a href=\"#marketing\">Pazarlama<\/a><\/li><\/ul><\/li><li><a href=\"#how-to-use-an-ai-voice-generator\">Yapay Zeka Ses \u00dcreteci Nas\u0131l Kullan\u0131l\u0131r?<\/a><\/li><li><a href=\"#ai-voice-generator-usage-cases\">Yapay Zeka Ses \u00dcreteci Kullan\u0131m \u00d6rnekleri<\/a><ul><li><a href=\"#content-creation\">\u0130\u00e7erik Olu\u015fturma<\/a><\/li><li><a href=\"#education-1\">E\u011fitim<\/a><\/li><li><a href=\"#business-communication\">\u0130\u015f \u0130leti\u015fimi<\/a><\/li><li><a href=\"#marketing-2\">Pazarlama<\/a><\/li><\/ul><\/li><li><a href=\"#top-10-ai-voice-generator-tools\">En \u0130yi 10 Yapay Zeka Ses \u00dcreteci Arac\u0131<\/a><\/li><li><a href=\"#industry-pros-and-cons\">Sekt\u00f6r\u00fcn Art\u0131lar\u0131 ve Eksileri<\/a><ul><li><a href=\"#pros\">Art\u0131lar\u0131<\/a><\/li><li><a href=\"#cons\">Eksiler<\/a><\/li><li><a href=\"#advantages\">Avantajlar<\/a><\/li><li><a href=\"#challenges\">Zorluklar<\/a><\/li><li><a href=\"#suggestions\">\u00d6neriler<\/a><\/li><\/ul><\/li><li><a href=\"#frequently-asked-questions\">S\u0131k\u00e7a Sorulan Sorular<\/a><\/li><\/ul><\/nav><\/div>\n\n\n\n<h3 class=\"wp-block-heading\" id=\"what-is-an-ai-voice-generator\">Yapay Zeka Ses \u00dcreteci nedir<\/h3>\n\n\n\n<p class=\"\">AI Voice Generator, metni ger\u00e7ek\u00e7i insan benzeri konu\u015fmaya d\u00f6n\u00fc\u015ft\u00fcrmek i\u00e7in yapay zeka kullanan bir yaz\u0131l\u0131m uygulamas\u0131d\u0131r. \u0130\u00e7erik olu\u015fturmadan seslendirmelere ve \u00f6tesine kadar \u00e7e\u015fitli uygulamalarda kullan\u0131labilecek y\u00fcksek kaliteli ses olu\u015fturmak i\u00e7in geli\u015fmi\u015f sinir a\u011flar\u0131ndan ve \u00fcretken yapay zekadan yararlan\u0131r.<\/p>\n\n\n\n<h3 class=\"wp-block-heading\" id=\"why-use-an-ai-voice-generator\">Neden Yapay Zeka Ses \u00dcreteci Kullanmal\u0131?<\/h3>\n\n\n\n<p class=\"\">Yapay Zeka Ses \u00dcreteci kullanmak \u00e7ok say\u0131da avantaj sunar:<\/p>\n\n\n\n<ul class=\"wp-block-list\">\n<li class=\"\"><strong>100% \u00dccretsiz<\/strong>: Bir\u00e7ok platform kullan\u0131c\u0131lar i\u00e7in \u00fccretsiz s\u00fcr\u00fcmler sunar.<\/li>\n\n\n\n<li class=\"\"><strong>S\u0131n\u0131rs\u0131z Kullan\u0131m<\/strong>: K\u0131s\u0131tlama olmaks\u0131z\u0131n istedi\u011finiz kadar seslendirme olu\u015fturun.<\/li>\n\n\n\n<li class=\"\"><strong>Kay\u0131t Gerekmiyor<\/strong>: Bir hesaba ihtiya\u00e7 duymadan kolayca eri\u015filebilir.<\/li>\n\n\n\n<li class=\"\"><strong>Y\u00fcksek Kaliteli \u00c7\u0131k\u0131\u015f<\/strong>: \u0130nsan konu\u015fmas\u0131yla neredeyse ayn\u0131 olan sesler \u00fcretir.<\/li>\n\n\n\n<li class=\"\"><strong>Geni\u015f Dil ve Aksan Deste\u011fi<\/strong>: \u00c7oklu dil ve aksanlarda sesler \u00fcretebilir.<\/li>\n\n\n\n<li class=\"\"><strong>Verimlilik ve H\u0131z<\/strong>: Metinden h\u0131zl\u0131 bir \u015fekilde ses \u00fcreterek zamandan ve emekten tasarruf sa\u011flar.<\/li>\n\n\n\n<li class=\"\"><strong>K\u00fcresel \u0130zleyici Eri\u015fimi<\/strong>: \u00c7e\u015fitli dilleri destekleyerek i\u00e7eri\u011fi daha geni\u015f bir kitle i\u00e7in eri\u015filebilir hale getirir.<\/li>\n<\/ul>\n\n\n\n<h3 class=\"wp-block-heading\" id=\"main-features-of-ai-voice-generators\">Yapay Zeka Ses \u00dcrete\u00e7lerinin Temel \u00d6zellikleri<\/h3>\n\n\n\n<h4 class=\"wp-block-heading\" id=\"text-to-speech-ai\">Metinden Konu\u015fmaya Yapay Zeka<\/h4>\n\n\n\n<p class=\"\">Yaz\u0131l\u0131 metni, kula\u011fa do\u011fal gelen seslerle konu\u015fulan kelimelere d\u00f6n\u00fc\u015ft\u00fcr\u00fcr.<\/p>\n\n\n\n<h4 class=\"wp-block-heading\" id=\"ultra-realistic-voices\">Ultra Ger\u00e7ek\u00e7i Sesler<\/h4>\n\n\n\n<p class=\"\">Ger\u00e7ek insan sesinden ay\u0131rt edilemeyen sesler \u00fcreterek dinleyicinin deneyimini geli\u015ftirir.<\/p>\n\n\n\n<h4 class=\"wp-block-heading\" id=\"generative-ai\">\u00dcretken Yapay Zeka<\/h4>\n\n\n\n<p class=\"\">\u00c7e\u015fitli ve y\u00fcksek kaliteli ses \u00e7\u0131kt\u0131lar\u0131 \u00fcretmek i\u00e7in geli\u015fmi\u015f yapay zeka modellerini kullan\u0131r.<\/p>\n\n\n\n<h4 class=\"wp-block-heading\" id=\"multiple-languages-and-accents\">\u00c7oklu Dil ve Aksanlar<\/h4>\n\n\n\n<p class=\"\">\u00c7ok \u00e7e\u015fitli dilleri ve aksanlar\u0131 destekleyerek k\u00fcresel bir kitleye hitap eder.<\/p>\n\n\n\n<h4 class=\"wp-block-heading\" id=\"high-quality-voiceovers\">Y\u00fcksek Kaliteli Seslendirmeler<\/h4>\n\n\n\n<p class=\"\">Videolar ve sunumlar dahil olmak \u00fczere \u00e7e\u015fitli uygulamalar i\u00e7in uygun profesyonel d\u00fczeyde seslendirmeler olu\u015fturur.<\/p>\n\n\n\n<h3 class=\"wp-block-heading\" id=\"who-should-use-ai-voice-generators\">Yapay Zeka Ses \u00dcrete\u00e7lerini Kimler Kullanmal\u0131?<\/h3>\n\n\n\n<ul class=\"wp-block-list\">\n<li class=\"\"><strong>\u0130\u00e7erik Olu\u015fturucular<\/strong>: Ger\u00e7ek\u00e7i seslendirmelerle video, podcast ve di\u011fer multimedya i\u00e7eriklerini geli\u015ftirir.<\/li>\n\n\n\n<li class=\"\"><strong>E\u011fitimciler<\/strong>: E\u011fitim materyallerini ses format\u0131na d\u00f6n\u00fc\u015ft\u00fcrerek \u00f6\u011frenmeyi daha eri\u015filebilir hale getirir.<\/li>\n\n\n\n<li class=\"\"><strong>\u0130\u015fletmeler<\/strong>: Otomatik ancak insan benzeri yan\u0131tlarla m\u00fc\u015fteri hizmetlerini geli\u015ftirir.<\/li>\n\n\n\n<li class=\"\"><strong>Pazarlamac\u0131lar<\/strong>: Reklamlar ve sosyal medya i\u00e7in ilgi \u00e7ekici ses i\u00e7eri\u011fi olu\u015fturur.<\/li>\n<\/ul>\n\n\n\n<h3 class=\"wp-block-heading\" id=\"industry-uses-of-ai-voice-generators\">Yapay Zeka Ses \u00dcrete\u00e7lerinin Sekt\u00f6rdeki Kullan\u0131m Alanlar\u0131<\/h3>\n\n\n\n<h4 class=\"wp-block-heading\" id=\"media-and-entertainment\">Medya ve E\u011flence<\/h4>\n\n\n\n<p class=\"\">Videolarda, filmlerde ve animasyonlarda seslendirmeler i\u00e7in kullan\u0131l\u0131r.<\/p>\n\n\n\n<h4 class=\"wp-block-heading\" id=\"education\">E\u011fitim<\/h4>\n\n\n\n<p class=\"\">Sesli kitap ve e-\u00f6\u011frenme i\u00e7eri\u011fi olu\u015fturmaya yard\u0131mc\u0131 olur.<\/p>\n\n\n\n<h4 class=\"wp-block-heading\" id=\"customer-service\">M\u00fc\u015fteri Hizmetleri<\/h4>\n\n\n\n<p class=\"\">Sesli asistanlar\u0131 ve otomatik m\u00fc\u015fteri destek sistemlerini g\u00fc\u00e7lendirir.<\/p>\n\n\n\n<h4 class=\"wp-block-heading\" id=\"marketing\">Pazarlama<\/h4>\n\n\n\n<p class=\"\">Sesli reklamlar ve tan\u0131t\u0131m i\u00e7erikleri olu\u015fturur.<\/p>\n\n\n\n<h3 class=\"wp-block-heading\" id=\"how-to-use-an-ai-voice-generator\">Yapay Zeka Ses \u00dcreteci Nas\u0131l Kullan\u0131l\u0131r?<\/h3>\n\n\n\n<ol class=\"wp-block-list\">\n<li class=\"\"><strong>Bir Ara\u00e7 Se\u00e7in<\/strong>: Gibi bir ara\u00e7 se\u00e7in&nbsp;<a href=\"https:\/\/aiartfree.online\/tr\/ai-ses-ureteci\/\">Yapay Zeka Ses \u00dcreteci<\/a>.<\/li>\n\n\n\n<li class=\"\"><strong>Giri\u015f Metni<\/strong>: Konu\u015fmaya d\u00f6n\u00fc\u015ft\u00fcrmek istedi\u011finiz metni girin.<\/li>\n\n\n\n<li class=\"\"><strong>Ses ve Dil Se\u00e7imi<\/strong>: \u0130stedi\u011finiz ses ve dil ayarlar\u0131n\u0131 se\u00e7in.<\/li>\n\n\n\n<li class=\"\"><strong>Ses \u00dcretme<\/strong>: Seslendirmeyi olu\u015fturmak i\u00e7in olu\u015ftur d\u00fc\u011fmesine t\u0131klay\u0131n.<\/li>\n\n\n\n<li class=\"\"><strong>\u0130ndirin ve Kullan\u0131n<\/strong>: Projeniz i\u00e7in olu\u015fturulan ses dosyas\u0131n\u0131 indirin.<\/li>\n<\/ol>\n\n\n\n<h3 class=\"wp-block-heading\" id=\"ai-voice-generator-usage-cases\">Yapay Zeka Ses \u00dcreteci Kullan\u0131m \u00d6rnekleri<\/h3>\n\n\n\n<h4 class=\"wp-block-heading\" id=\"content-creation\">\u0130\u00e7erik Olu\u015fturma<\/h4>\n\n\n\n<p class=\"\">YouTube videolar\u0131, podcast'ler ve di\u011fer multimedya i\u00e7erikleri i\u00e7in seslendirmeler olu\u015fturma.<\/p>\n\n\n\n<h4 class=\"wp-block-heading\" id=\"education-1\">E\u011fitim<\/h4>\n\n\n\n<p class=\"\">Ders kitaplar\u0131n\u0131n ve \u00f6\u011frenim materyallerinin sesli versiyonlar\u0131n\u0131n olu\u015fturulmas\u0131.<\/p>\n\n\n\n<h4 class=\"wp-block-heading\" id=\"business-communication\">\u0130\u015f \u0130leti\u015fimi<\/h4>\n\n\n\n<p class=\"\">\u0130nteraktif sesli yan\u0131t (IVR) sistemlerinin ger\u00e7ek\u00e7i seslerle geli\u015ftirilmesi.<\/p>\n\n\n\n<h4 class=\"wp-block-heading\" id=\"marketing-2\">Pazarlama<\/h4>\n\n\n\n<p class=\"\">\u00c7e\u015fitli platformlar i\u00e7in sesli reklamlar \u00fcretmek.<\/p>\n\n\n\n<h3 class=\"wp-block-heading\" id=\"top-10-ai-voice-generator-tools\">En \u0130yi 10 Yapay Zeka Ses \u00dcreteci Arac\u0131<\/h3>\n\n\n\n<figure class=\"wp-block-table\"><table class=\"has-fixed-layout\"><thead><tr><th>Alet<\/th><th>\u00d6zellikler<\/th><th>Avantajlar<\/th><th>Zorluklar<\/th><th>URL<\/th><\/tr><\/thead><tbody><tr><td><strong>Yapay Zeka Ses \u00dcreteci<\/strong><\/td><td>100% \u00dccretsiz, kay\u0131t yok, y\u00fcksek kaliteli sesler<\/td><td>S\u0131n\u0131rs\u0131z kullan\u0131m, kolay kullan\u0131m<\/td><td>S\u0131n\u0131rl\u0131 geli\u015fmi\u015f \u00f6zellikler<\/td><td><a href=\"https:\/\/aiartfree.online\/tr\/ai-ses-ureteci\/\">aiartfree.online\/ai-voice-generator<\/a><\/td><\/tr><tr><td><strong>Google Metinden Sese<\/strong><\/td><td>\u00c7oklu dil ve aksan deste\u011fi<\/td><td>Y\u00fcksek kaliteli \u00e7\u0131kt\u0131<\/td><td>Google hesab\u0131 gerektirir<\/td><td>cloud.google.com\/text-to-speech<\/td><\/tr><tr><td><strong>Amazon Polly<\/strong><\/td><td>Geni\u015f ses yelpazesi, ger\u00e7ek zamanl\u0131 i\u015fleme<\/td><td>\u00d6l\u00e7eklenebilirlik<\/td><td>Maliyetler artabilir<\/td><td>aws.amazon.com\/polly<\/td><\/tr><tr><td><strong>IBM Watson Metinden Konu\u015fmaya<\/strong><\/td><td>\u00d6zelle\u015ftirilebilir sesler, y\u00fcksek kalite<\/td><td>Geli\u015fmi\u015f \u00f6zellikler<\/td><td>Fiyatland\u0131rma yap\u0131s\u0131<\/td><td>ibm.com\/cloud\/watson-text-to-speech<\/td><\/tr><tr><td><strong>Microsoft Azure TTS<\/strong><\/td><td>N\u00f6ral sesler, kapsaml\u0131 dil deste\u011fi<\/td><td>Azure hizmetleriyle t\u00fcmle\u015ftirme<\/td><td>Fiyatland\u0131rma<\/td><td>azure.microsoft.com\/services\/cognitive-services\/text-to-speech<\/td><\/tr><tr><td><strong>iSpeech<\/strong><\/td><td>Kullan\u0131m\u0131 kolay, birden fazla dil<\/td><td>S\u0131n\u0131rl\u0131 \u00fccretsiz s\u00fcr\u00fcm<\/td><td>&#8211;<\/td><td>ispeech.org<\/td><\/tr><tr><td><strong>ResponsiveVoice<\/strong><\/td><td>Web tabanl\u0131, kolay entegrasyon<\/td><td>Temel sesler<\/td><td>\u00dccretsiz s\u00fcr\u00fcmde s\u0131n\u0131rl\u0131 \u00f6zellikler<\/td><td>responsivevoice.org<\/td><\/tr><tr><td><strong>NaturalReader<\/strong><\/td><td>Basit aray\u00fcz, y\u00fcksek kaliteli sesler<\/td><td>\u00c7evrimd\u0131\u015f\u0131 eri\u015fim<\/td><td>S\u0131n\u0131rl\u0131 \u00f6zelle\u015ftirme<\/td><td>naturalreaders.com<\/td><\/tr><tr><td><strong>Balabolka<\/strong><\/td><td>\u00dccretsiz, \u00e7e\u015fitli formatlar\u0131 destekler<\/td><td>Temel aray\u00fcz<\/td><td>&#8211;<\/td><td>balabolka.site<\/td><\/tr><tr><td><strong>ReadSpeaker<\/strong><\/td><td>\u00d6zelle\u015ftirilebilir, y\u00fcksek kaliteli sesler<\/td><td>Geli\u015fmi\u015f \u00f6zellikler<\/td><td>Maliyet<\/td><td><a href=\"https:\/\/readspeaker.com\/\" target=\"_blank\" rel=\"noopener\">readspeaker.com<\/a><\/td><\/tr><\/tbody><\/table><\/figure>\n\n\n\n<h3 class=\"wp-block-heading\" id=\"industry-pros-and-cons\">Sekt\u00f6r\u00fcn Art\u0131lar\u0131 ve Eksileri<\/h3>\n\n\n\n<h4 class=\"wp-block-heading\" id=\"pros\">Art\u0131lar\u0131<\/h4>\n\n\n\n<ul class=\"wp-block-list\">\n<li class=\"\"><strong>Eri\u015filebilirlik<\/strong>: \u0130\u00e7eri\u011fi g\u00f6rme engelli kullan\u0131c\u0131lar i\u00e7in eri\u015filebilir hale getirir.<\/li>\n\n\n\n<li class=\"\"><strong>Verimlilik<\/strong>: \u0130\u00e7erik olu\u015fturmada zaman kazand\u0131r\u0131r.<\/li>\n\n\n\n<li class=\"\"><strong>Uygun Maliyetli<\/strong>: \u0130nsan ses akt\u00f6rlerine olan ihtiyac\u0131 azalt\u0131r.<\/li>\n\n\n\n<li class=\"\"><strong>\u00d6l\u00e7eklenebilirlik<\/strong>: B\u00fcy\u00fck projeler i\u00e7in kolayca \u00f6l\u00e7eklendirilebilir.<\/li>\n<\/ul>\n\n\n\n<h4 class=\"wp-block-heading\" id=\"cons\">Eksiler<\/h4>\n\n\n\n<ul class=\"wp-block-list\">\n<li class=\"\"><strong>Kalite Varyasyonu<\/strong>: Kalite farkl\u0131 ara\u00e7lar aras\u0131nda de\u011fi\u015fiklik g\u00f6sterebilir.<\/li>\n\n\n\n<li class=\"\"><strong>Aksan ve Dil S\u0131n\u0131rlamalar\u0131<\/strong>: T\u00fcm aksanlar ve diller e\u015fit \u015fekilde desteklenmez.<\/li>\n\n\n\n<li class=\"\"><strong>\u0130lk Kurulum<\/strong>: Baz\u0131 ara\u00e7lar bir \u00f6\u011frenme e\u011frisi gerektirir.<\/li>\n<\/ul>\n\n\n\n<h4 class=\"wp-block-heading\" id=\"advantages\">Avantajlar<\/h4>\n\n\n\n<ul class=\"wp-block-list\">\n<li class=\"\"><strong>Y\u00fcksek Kaliteli \u00c7\u0131k\u0131\u015f<\/strong>: Profesyonel kalitede ses \u00fcretir.<\/li>\n\n\n\n<li class=\"\"><strong>\u00d6zelle\u015ftirme<\/strong>: Ses ve dil \u00f6zelle\u015ftirmesine izin verir.<\/li>\n\n\n\n<li class=\"\"><strong>Entegrasyon<\/strong>: \u00c7e\u015fitli uygulamalar ile entegre edilebilir.<\/li>\n<\/ul>\n\n\n\n<h4 class=\"wp-block-heading\" id=\"challenges\">Zorluklar<\/h4>\n\n\n\n<ul class=\"wp-block-list\">\n<li class=\"\"><strong>Maliyet<\/strong>: Geli\u015fmi\u015f \u00f6zelliklerin bir bedeli olabilir.<\/li>\n\n\n\n<li class=\"\"><strong>Teknik Gereksinimler<\/strong>: Baz\u0131 ara\u00e7lar teknik bilgi gerektirebilir.<\/li>\n\n\n\n<li class=\"\"><strong>Ses Do\u011fall\u0131\u011f\u0131<\/strong>: M\u00fckemmel do\u011fall\u0131\u011fa ula\u015fmak zor olabilir.<\/li>\n<\/ul>\n\n\n\n<h4 class=\"wp-block-heading\" id=\"suggestions\">\u00d6neriler<\/h4>\n\n\n\n<ul class=\"wp-block-list\">\n<li class=\"\"><strong>Do\u011fru Arac\u0131 Se\u00e7in<\/strong>: \u0130htiya\u00e7lar\u0131n\u0131za ve b\u00fct\u00e7enize uygun bir ara\u00e7 se\u00e7in.<\/li>\n\n\n\n<li class=\"\"><strong>Deney<\/strong>: En iyi sonu\u00e7lar\u0131 elde etmek i\u00e7in farkl\u0131 ayarlar\u0131 test edin.<\/li>\n\n\n\n<li class=\"\"><strong>G\u00fcncel Kal\u0131n<\/strong>: Yapay zeka ses teknolojisindeki en son geli\u015fmeleri takip edin.<\/li>\n<\/ul>\n\n\n\n<h3 class=\"wp-block-heading\" id=\"frequently-asked-questions\">S\u0131k\u00e7a Sorulan Sorular<\/h3>\n\n\n\n<ol class=\"wp-block-list\">\n<li class=\"\"><strong>Herkes hangi yapay zeka ses \u00fcretecini kullan\u0131yor?<\/strong><br>\u00c7o\u011fu ki\u015fi, y\u00fcksek kaliteli \u00e7\u0131kt\u0131lar\u0131 ve g\u00fcvenilirlikleri nedeniyle Google Text-to-Speech ve Amazon Polly gibi ara\u00e7lar\u0131 kullan\u0131yor.<\/li>\n\n\n\n<li class=\"\"><strong>Yapay zeka ses \u00fcreteci nas\u0131l kullan\u0131l\u0131r?<\/strong><br>Bir ara\u00e7 se\u00e7in, metninizi girin, ses ve dil ayarlar\u0131n\u0131 se\u00e7in, sesi olu\u015fturun ve indirin.<\/li>\n\n\n\n<li class=\"\"><strong>En iyi yapay zeka ses \u00fcreteci hangisidir?<\/strong><br>En iyi AI ses olu\u015fturucu ihtiya\u00e7lar\u0131n\u0131za ba\u011fl\u0131d\u0131r, ancak en iyi se\u00e7enekler aras\u0131nda AI Voice Generator, Google Text-to-Speech ve Amazon Polly bulunur.<\/li>\n\n\n\n<li class=\"\"><strong>Yapay zeka sesi nas\u0131l olu\u015fturulur?<\/strong><br>Bir yapay zeka ses olu\u015fturma arac\u0131 kullan\u0131n, metninizi girin, ayarlar\u0131 se\u00e7in ve sesi olu\u015fturun.<\/li>\n\n\n\n<li class=\"\"><strong>Yapay zeka ses \u00fcreteci nas\u0131l yap\u0131l\u0131r?<\/strong><br>Bir yapay zeka ses \u00fcreteci olu\u015fturmak, geli\u015fmi\u015f programlama becerileri ve makine \u00f6\u011frenimi ve sinir a\u011flar\u0131 bilgisi gerektirir.<\/li>\n\n\n\n<li class=\"\"><strong>En iyi \u00fccretsiz yapay zeka ses olu\u015fturucular\u0131 hangileridir?<\/strong><br>AI Voice Generator ve iSpeech pop\u00fcler \u00fccretsiz se\u00e7eneklerdir.<\/li>\n\n\n\n<li class=\"\"><strong>Yapay zeka ses \u00fcrete\u00e7leri y\u00fcksek sesle metin okuyabilir mi?<\/strong><br>Evet, yapay zeka ses \u00fcrete\u00e7leri metni konu\u015fmaya d\u00f6n\u00fc\u015ft\u00fcrebilir ve y\u00fcksek sesle okuyabilir.<\/li>\n<\/ol>","protected":false},"excerpt":{"rendered":"<p>How to use the AI Voice Generator * Feel free to try our examples below if you don&#8217;t have any thoughts in your mind *&nbsp;Depending on your internet speed, loading the model may take up to 10 seconds \u2193 The Ultimate Guide to AI Voice Generators Outline AI Voice Generators have revolutionized the way we &#8230; <a title=\"Yapay Zeka Ses \u00dcreteci\" class=\"read-more\" href=\"https:\/\/aiartfree.online\/tr\/ai-ses-ureteci\/\" aria-label=\"Read more about AI Voice Generator\">Devam\u0131n\u0131 oku<\/a><\/p>","protected":false},"author":1,"featured_media":3458,"parent":0,"menu_order":0,"comment_status":"open","ping_status":"closed","template":"","meta":{"nf_dc_page":"","footnotes":""},"class_list":["post-3351","page","type-page","status-publish","has-post-thumbnail"],"jetpack_sharing_enabled":true,"_links":{"self":[{"href":"https:\/\/aiartfree.online\/tr\/wp-json\/wp\/v2\/pages\/3351","targetHints":{"allow":["GET"]}}],"collection":[{"href":"https:\/\/aiartfree.online\/tr\/wp-json\/wp\/v2\/pages"}],"about":[{"href":"https:\/\/aiartfree.online\/tr\/wp-json\/wp\/v2\/types\/page"}],"author":[{"embeddable":true,"href":"https:\/\/aiartfree.online\/tr\/wp-json\/wp\/v2\/users\/1"}],"replies":[{"embeddable":true,"href":"https:\/\/aiartfree.online\/tr\/wp-json\/wp\/v2\/comments?post=3351"}],"version-history":[{"count":0,"href":"https:\/\/aiartfree.online\/tr\/wp-json\/wp\/v2\/pages\/3351\/revisions"}],"wp:featuredmedia":[{"embeddable":true,"href":"https:\/\/aiartfree.online\/tr\/wp-json\/wp\/v2\/media\/3458"}],"wp:attachment":[{"href":"https:\/\/aiartfree.online\/tr\/wp-json\/wp\/v2\/media?parent=3351"}],"curies":[{"name":"wp","href":"https:\/\/api.w.org\/{rel}","templated":true}]}}