{"id":3340,"date":"2024-07-30T15:52:48","date_gmt":"2024-07-30T15:52:48","guid":{"rendered":"https:\/\/aiartfree.online\/?page_id=3340"},"modified":"2024-08-02T10:02:12","modified_gmt":"2024-08-02T10:02:12","slug":"transcript","status":"publish","type":"page","link":"https:\/\/aiartfree.online\/tr\/transkript\/","title":{"rendered":"Transkript"},"content":{"rendered":"<h2 class=\"wp-block-heading\" id=\"how-to-use-transcript\" style=\"font-size:23px\">Transkript nas\u0131l kullan\u0131l\u0131r<\/h2>\n\n\n\n<ol class=\"wp-block-list\">\n<li class=\"\">Se\u00e7iniz <strong>Mikrofon<\/strong> veya <strong>Ses Dosyas\u0131<\/strong> veya <strong>YouTube<\/strong> \u00fcst sekmeden<\/li>\n\n\n\n<li class=\"\">\u0130\u00e7eri\u011finizi y\u00fckleyin<\/li>\n\n\n\n<li class=\"\">\"Zaman Damgalar\u0131n\u0131 \u0130ade Et \"i se\u00e7in<\/li>\n\n\n\n<li class=\"\">\"G\u00f6nder \"e t\u0131klay\u0131n<\/li>\n\n\n\n<li class=\"\">Bekle, i\u015fte bu!<\/li>\n<\/ol>\n\n\n\n<p class=\"\">* <em>\u0130nternet h\u0131z\u0131n\u0131za ba\u011fl\u0131 olarak modelin y\u00fcklenmesi birka\u00e7 saniye s\u00fcrebilir.<\/em> \u2193<\/p>\n\n\n\n<div class=\"iframe-wrapper\" style=\"position: relative; width: 100%; height: 1400px;\">\n  <div class=\"loading\" style=\"position: absolute; top: 50px; left: 50%; transform: translate(-50%, -50%); width: 40px; height: 40px; border: 3px solid #f0f0f0; border-top: 3px solid #db7093; border-radius: 50%; animation: spin 1s linear infinite;\"><\/div>\n  <iframe loading=\"lazy\" src=\"https:\/\/sanchit-gandhi-whisper-jax.hf.space\" frameborder=\"0\" width=\"100%\" height=\"100%\" style=\"position: absolute; top: 0; left: 0; opacity: 0; transition: opacity 0.3s;\" onload=\"this.style.opacity=1;this.previousElementSibling.style.display='none';\"><\/iframe>\n<\/div>\n\n<style>\n@keyframes spin {\n  0% { transform: translate(-50%, -50%) rotate(0deg); }\n  100% { transform: translate(-50%, -50%) rotate(360deg); }\n}\n<\/style>\n\n\n\n<div style=\"height:60px\" aria-hidden=\"true\" class=\"wp-block-spacer\"><\/div>\n\n\n\n<h2 class=\"wp-block-heading\" id=\"how-to-use-transcript-services-your-ultimate-guide\">Transkript Hizmetleri Nas\u0131l Kullan\u0131l\u0131r? Nihai K\u0131lavuzunuz<\/h2>\n\n\n\n<h3 class=\"wp-block-heading\" id=\"introduction\">Giri\u015f<\/h3>\n\n\n\n<p class=\"\">Transkripsiyon hizmetleri, konu\u015fulan kelimeleri yaz\u0131l\u0131 metne d\u00f6n\u00fc\u015ft\u00fcrerek ses ve video i\u00e7eri\u011fini ele alma \u015feklimizde devrim yaratm\u0131\u015ft\u0131r. \u0130ster \u00f6\u011frenci, ister profesyonel veya i\u00e7erik olu\u015fturucu olun, transkripsiyonun t\u00fcm inceliklerini anlamak \u00fcretkenli\u011finizi ve eri\u015filebilirli\u011finizi \u00f6nemli \u00f6l\u00e7\u00fcde art\u0131rabilir.<\/p>\n\n\n\n<figure class=\"wp-block-image size-large is-resized\"><img data-recalc-dims=\"1\" data-dominant-color=\"b7aaa7\" data-has-transparency=\"false\" decoding=\"async\" width=\"1024\" height=\"640\"   loading=\"lazy\" src=\"https:\/\/i0.wp.com\/aiartfree.online\/wp-content\/uploads\/2024\/07\/WX20240730-200353%402x-1024x640.webp?resize=1024%2C640&#038;ssl=1\" alt=\"1 numaral\u0131 \u00fccretsiz ve s\u0131n\u0131rs\u0131z transkripsiyon hizmeti. Kay\u0131t yok. Sesi metne d\u00f6n\u00fc\u015ft\u00fcr\u00fcn, YouTube videolar\u0131 transkripti, Lise ve \u00fcniversite transkriptlerinizi \u00e7evrimi\u00e7i al\u0131n\" class=\"wp-image-3345 not-transparent\" style=\"--dominant-color: #b7aaa7; width:578px;height:auto\" srcset=\"https:\/\/i0.wp.com\/aiartfree.online\/wp-content\/uploads\/2024\/07\/WX20240730-200353%402x.jpg?resize=1024%2C640&amp;ssl=1 1024w, https:\/\/i0.wp.com\/aiartfree.online\/wp-content\/uploads\/2024\/07\/WX20240730-200353%402x.jpg?resize=300%2C188&amp;ssl=1 300w, https:\/\/i0.wp.com\/aiartfree.online\/wp-content\/uploads\/2024\/07\/WX20240730-200353%402x.jpg?resize=768%2C480&amp;ssl=1 768w, https:\/\/i0.wp.com\/aiartfree.online\/wp-content\/uploads\/2024\/07\/WX20240730-200353%402x.jpg?resize=1536%2C960&amp;ssl=1 1536w, https:\/\/i0.wp.com\/aiartfree.online\/wp-content\/uploads\/2024\/07\/WX20240730-200353%402x.jpg?resize=18%2C12&amp;ssl=1 18w, https:\/\/i0.wp.com\/aiartfree.online\/wp-content\/uploads\/2024\/07\/WX20240730-200353%402x.jpg?resize=600%2C375&amp;ssl=1 600w, https:\/\/i0.wp.com\/aiartfree.online\/wp-content\/uploads\/2024\/07\/WX20240730-200353%402x.jpg?w=1808&amp;ssl=1 1808w\" sizes=\"auto, (max-width: 1024px) 100vw, 1024px\" \/><\/figure>\n\n\n\n<div class=\"wp-block-rank-math-toc-block\" id=\"rank-math-toc\"><h3>\u0130\u00e7indekiler<\/h3><nav><ul><li><a href=\"#introduction\">Giri\u015f<\/a><\/li><li><a href=\"#what-is-transcript\">Transkript nedir?<\/a><\/li><li><a href=\"#why-use-transcript-services\">Neden Transkript Hizmetleri Kullan\u0131lmal\u0131?<\/a><\/li><li><a href=\"#main-features-of-transcript-services\">Transkript Hizmetlerinin Temel \u00d6zellikleri<\/a><ul><li><a href=\"#100-free\">100% \u00dccretsiz<\/a><\/li><li><a href=\"#unlimited-transcription\">S\u0131n\u0131rs\u0131z Transkripsiyon<\/a><\/li><li><a href=\"#no-1-choice\">1 Numaral\u0131 Se\u00e7im<\/a><\/li><li><a href=\"#no-sign-up-required\">Kay\u0131t Gerekmiyor<\/a><\/li><\/ul><\/li><li><a href=\"#who-should-use-transcription-services\">Transkripsiyon Hizmetlerini Kimler Kullanmal\u0131?<\/a><\/li><li><a href=\"#industries-benefiting-from-transcription-services\">Transkripsiyon Hizmetlerinden Yararlanan Sekt\u00f6rler<\/a><\/li><li><a href=\"#how-to-use-transcription-services-step-by-step\">Transkripsiyon Hizmetleri Nas\u0131l Kullan\u0131l\u0131r: Ad\u0131m Ad\u0131m<\/a><\/li><li><a href=\"#use-cases-of-transcription-services\">Transkripsiyon Hizmetlerinin Kullan\u0131m Alanlar\u0131<\/a><\/li><li><a href=\"#top-10-transcription-tools-and-resources\">En \u0130yi 10 Transkripsiyon Arac\u0131 ve Kayna\u011f\u0131<\/a><\/li><li><a href=\"#advantages-disadvantages-and-challenges-in-the-transcription-industry\">Transkripsiyon Sekt\u00f6r\u00fcndeki Avantajlar, Dezavantajlar ve Zorluklar<\/a><ul><li><a href=\"#advantages\">Avantajlar<\/a><\/li><li><a href=\"#disadvantages\">Dezavantajlar<\/a><\/li><li><a href=\"#challenges\">Zorluklar<\/a><\/li><\/ul><\/li><li><a href=\"#frequently-asked-questions-faq\">S\u0131k\u00e7a Sorulan Sorular (SSS)<\/a><\/li><li><a href=\"#conclusion\">Sonu\u00e7<\/a><\/li><\/ul><\/nav><\/div>\n\n\n\n<h3 class=\"wp-block-heading\" id=\"what-is-transcript\">Transkript nedir?<\/h3>\n\n\n\n<p class=\"\">Transkripsiyon, konu\u015fulan dili yaz\u0131l\u0131 metne d\u00f6n\u00fc\u015ft\u00fcrme i\u015flemidir. Bu hizmet, r\u00f6portajlar, dersler, podcast'ler ve videolar dahil olmak \u00fczere \u00e7e\u015fitli ses bi\u00e7imlerini okunabilir belgelere d\u00f6n\u00fc\u015ft\u00fcrmek i\u00e7in kullan\u0131labilir.<\/p>\n\n\n\n<h3 class=\"wp-block-heading\" id=\"why-use-transcript-services\">Neden Transkript Hizmetleri Kullan\u0131lmal\u0131?<\/h3>\n\n\n\n<p class=\"\">Transkripsiyon hizmetleri \u00e7ok say\u0131da avantaj sunar:<\/p>\n\n\n\n<ul class=\"wp-block-list\">\n<li class=\"\"><strong>Eri\u015filebilirlik:<\/strong> Transkriptler, i\u00e7eri\u011fi i\u015fitme engelli ki\u015filer i\u00e7in eri\u015filebilir hale getirir.<\/li>\n\n\n\n<li class=\"\"><strong>Aranabilirlik:<\/strong> Metin belgeleri kolayca aranabilir, indekslenebilir ve referans verilebilir.<\/li>\n\n\n\n<li class=\"\"><strong>Do\u011fruluk:<\/strong> Profesyonel de\u015fifre hizmetleri, de\u015fifre edilen i\u00e7erikte y\u00fcksek do\u011fruluk sa\u011flar.<\/li>\n\n\n\n<li class=\"\"><strong>Verimlilik:<\/strong> Manuel transkripsiyona k\u0131yasla zaman kazand\u0131r\u0131r.<\/li>\n<\/ul>\n\n\n\n<h3 class=\"wp-block-heading\" id=\"main-features-of-transcript-services\">Transkript Hizmetlerinin Temel \u00d6zellikleri<\/h3>\n\n\n\n<h4 class=\"wp-block-heading\" id=\"100-free\">100% \u00dccretsiz<\/h4>\n\n\n\n<p class=\"\">Bir\u00e7ok transkripsiyon hizmeti \u00fccretsiz planlar sunarak finansal k\u0131s\u0131tlamalar\u0131 olmayan herkes i\u00e7in eri\u015filebilir hale getirir.<\/p>\n\n\n\n<h4 class=\"wp-block-heading\" id=\"unlimited-transcription\">S\u0131n\u0131rs\u0131z Transkripsiyon<\/h4>\n\n\n\n<p class=\"\">Baz\u0131 hizmetler s\u0131n\u0131rs\u0131z transkripsiyon \u00f6zelli\u011fi sunarak kullan\u0131c\u0131lar\u0131n gerekti\u011fi kadar dosyay\u0131 transkribe etmesine olanak tan\u0131r.<\/p>\n\n\n\n<h4 class=\"wp-block-heading\" id=\"no-1-choice\">1 Numaral\u0131 Se\u00e7im<\/h4>\n\n\n\n<p class=\"\">\u00d6nde gelen transkripsiyon hizmetleri, g\u00fcvenilirlikleri, do\u011fruluklar\u0131 ve kullan\u0131m kolayl\u0131klar\u0131 nedeniyle genellikle en iyi se\u00e7enek olarak de\u011ferlendirilir.<\/p>\n\n\n\n<h4 class=\"wp-block-heading\" id=\"no-sign-up-required\">Kay\u0131t Gerekmiyor<\/h4>\n\n\n\n<p class=\"\">Kolayl\u0131k, baz\u0131 platformlar\u0131n kay\u0131t gerektirmeden transkripsiyon hizmetleri sunmas\u0131yla \u00f6nemli bir \u00f6zelliktir.<\/p>\n\n\n\n<h3 class=\"wp-block-heading\" id=\"who-should-use-transcription-services\">Transkripsiyon Hizmetlerini Kimler Kullanmal\u0131?<\/h3>\n\n\n\n<p class=\"\">Transkripsiyon hizmetleri \u015funlar i\u00e7in idealdir:<\/p>\n\n\n\n<ul class=\"wp-block-list\">\n<li class=\"\"><strong>\u00d6\u011frenciler:<\/strong> Dersleri ve tart\u0131\u015fmalar\u0131 notlara d\u00f6n\u00fc\u015ft\u00fcrmek.<\/li>\n\n\n\n<li class=\"\"><strong>Profesyoneller:<\/strong> Toplant\u0131 tutanaklar\u0131n\u0131n olu\u015fturulmas\u0131 ve g\u00f6r\u00fc\u015fmelerin yaz\u0131ya d\u00f6k\u00fclmesi i\u00e7in.<\/li>\n\n\n\n<li class=\"\"><strong>\u0130\u00e7erik Olu\u015fturucular:<\/strong> Podcast'lerden ve videolardan metin i\u00e7eri\u011fi olu\u015fturmak i\u00e7in.<\/li>\n\n\n\n<li class=\"\"><strong>Ara\u015ft\u0131rmac\u0131lar:<\/strong> S\u00f6zl\u00fc tarih ve r\u00f6portajlar\u0131n belgelenmesi i\u00e7in.<\/li>\n<\/ul>\n\n\n\n<h3 class=\"wp-block-heading\" id=\"industries-benefiting-from-transcription-services\">Transkripsiyon Hizmetlerinden Yararlanan Sekt\u00f6rler<\/h3>\n\n\n\n<p class=\"\">Transkripsiyon hizmetleri a\u015fa\u011f\u0131daki gibi \u00e7e\u015fitli sekt\u00f6rlerde faydal\u0131d\u0131r:<\/p>\n\n\n\n<ul class=\"wp-block-list\">\n<li class=\"\"><strong>E\u011fitim:<\/strong> Ders transkripsiyonlar\u0131 ve ara\u015ft\u0131rma dok\u00fcmantasyonu i\u00e7in.<\/li>\n\n\n\n<li class=\"\"><strong>Medya:<\/strong> R\u00f6portajlar\u0131 yaz\u0131ya d\u00f6kmek ve altyaz\u0131 olu\u015fturmak.<\/li>\n\n\n\n<li class=\"\"><strong>Yasal:<\/strong> Mahkeme tutanaklar\u0131 ve yasal belgeler i\u00e7in.<\/li>\n\n\n\n<li class=\"\"><strong>Sa\u011fl\u0131k hizmetleri:<\/strong> T\u0131bbi diktelerin ve hasta kay\u0131tlar\u0131n\u0131n yaz\u0131ya d\u00f6k\u00fclmesi i\u00e7in.<\/li>\n<\/ul>\n\n\n\n<h3 class=\"wp-block-heading\" id=\"how-to-use-transcription-services-step-by-step\">Transkripsiyon Hizmetleri Nas\u0131l Kullan\u0131l\u0131r: Ad\u0131m Ad\u0131m<\/h3>\n\n\n\n<ol class=\"wp-block-list\">\n<li class=\"\"><strong>Bir Hizmet Se\u00e7in:<\/strong> \u0130htiya\u00e7lar\u0131n\u0131za uygun bir transkripsiyon hizmeti se\u00e7in. \u00d6nerilen ara\u00e7: <a href=\"https:\/\/aiartfree.online\/tr\/transkript\/\">https:\/\/aiartfree.online\/transcript<\/a>.<\/li>\n\n\n\n<li class=\"\"><strong>Ses\/Video Dosyas\u0131 Y\u00fckle:<\/strong> Metne d\u00f6n\u00fc\u015ft\u00fcr\u00fclmesini istedi\u011finiz dosyay\u0131 y\u00fckleyin.<\/li>\n\n\n\n<li class=\"\"><strong>Tercihleri Ayarla:<\/strong> Dil, format ve \u00f6zel gereksinimler gibi istedi\u011finiz ayarlar\u0131 se\u00e7in.<\/li>\n\n\n\n<li class=\"\"><strong>Transkripsiyona ba\u015flay\u0131n:<\/strong> Transkripsiyon s\u00fcrecini ba\u015flat\u0131n.<\/li>\n\n\n\n<li class=\"\"><strong>\u0130nceleyin ve D\u00fczenleyin:<\/strong> Transkripsiyon tamamland\u0131\u011f\u0131nda, g\u00f6zden ge\u00e7irin ve gerekli d\u00fczenlemeleri yap\u0131n.<\/li>\n\n\n\n<li class=\"\"><strong>\u0130ndirin ve Kullan\u0131n:<\/strong> Kullan\u0131m\u0131n\u0131z i\u00e7in nihai transkripti indirin.<\/li>\n<\/ol>\n\n\n\n<h3 class=\"wp-block-heading\" id=\"use-cases-of-transcription-services\">Transkripsiyon Hizmetlerinin Kullan\u0131m Alanlar\u0131<\/h3>\n\n\n\n<ul class=\"wp-block-list\">\n<li class=\"\"><strong>Akademik Ara\u015ft\u0131rma:<\/strong> Nitel ara\u015ft\u0131rma i\u00e7in g\u00f6r\u00fc\u015fmelerin yaz\u0131ya d\u00f6k\u00fclmesi.<\/li>\n\n\n\n<li class=\"\"><strong>\u0130\u00e7erik Olu\u015fturma:<\/strong> Podcast'lerden blog yaz\u0131lar\u0131 ve makaleler olu\u015fturmak.<\/li>\n\n\n\n<li class=\"\"><strong>Yasal Belgeler:<\/strong> \u0130fadelerin ve mahkeme tutanaklar\u0131n\u0131n yaz\u0131ya d\u00f6k\u00fclmesi.<\/li>\n\n\n\n<li class=\"\"><strong>\u0130\u015f Toplant\u0131lar\u0131:<\/strong> Detayl\u0131 toplant\u0131 tutanaklar\u0131n\u0131n olu\u015fturulmas\u0131.<\/li>\n<\/ul>\n\n\n\n<h3 class=\"wp-block-heading\" id=\"top-10-transcription-tools-and-resources\">En \u0130yi 10 Transkripsiyon Arac\u0131 ve Kayna\u011f\u0131<\/h3>\n\n\n\n<p class=\"\">\u0130\u015fte en iyi 10 transkripsiyon arac\u0131n\u0131 ve \u00f6zelliklerini \u00f6zetleyen bir tablo:<\/p>\n\n\n\n<figure class=\"wp-block-table\"><table class=\"has-fixed-layout\"><thead><tr><th>Ara\u00e7\/Web Sitesi<\/th><th>\u00d6zellikler<\/th><th>Art\u0131lar\u0131<\/th><th>Eksiler<\/th><th>URL<\/th><\/tr><\/thead><tbody><tr><td><strong>AI Art \u00dccretsiz<\/strong><\/td><td>Sesten metne, video transkripsiyonu<\/td><td>\u00dccretsiz, kay\u0131t yok, s\u0131n\u0131rs\u0131z<\/td><td>S\u0131n\u0131rl\u0131 \u00f6zelle\u015ftirme<\/td><td><a href=\"https:\/\/aiartfree.online\/tr\/transkript\/\">Ba\u011flant\u0131<\/a><\/td><\/tr><tr><td><strong>TranscribeMe<\/strong><\/td><td>Y\u00fcksek do\u011fruluk, insan ve yapay zeka transkripsiyonu<\/td><td>G\u00fcvenilir, \u00e7oklu formatlar<\/td><td>\u00dccretli hizmet<\/td><td><a href=\"https:\/\/www.transcribeme.com\" target=\"_blank\" rel=\"noopener\">Ba\u011flant\u0131<\/a><\/td><\/tr><tr><td><strong>Otter.ai<\/strong><\/td><td>Ger\u00e7ek zamanl\u0131 transkripsiyon, i\u015fbirli\u011fi ara\u00e7lar\u0131<\/td><td>Kullan\u0131m\u0131 kolay, mobil uygulama<\/td><td>S\u0131n\u0131rl\u0131 \u00fccretsiz plan<\/td><td><a href=\"https:\/\/otter.ai\" target=\"_blank\" rel=\"noopener\">Ba\u011flant\u0131<\/a><\/td><\/tr><tr><td><strong>Sonix<\/strong><\/td><td>Otomatik transkripsiyon, \u00e7oklu dil deste\u011fi<\/td><td>H\u0131zl\u0131, do\u011fru<\/td><td>Abonelik gerekli<\/td><td><a href=\"https:\/\/sonix.ai\" target=\"_blank\" rel=\"noopener\">Ba\u011flant\u0131<\/a><\/td><\/tr><tr><td><strong>Rev<\/strong><\/td><td>\u0130nsan transkripsiyonu, altyaz\u0131<\/td><td>Y\u00fcksek kalite, h\u0131zl\u0131 geri d\u00f6n\u00fc\u015f<\/td><td>Pahal\u0131<\/td><td><a href=\"https:\/\/www.rev.com\" target=\"_blank\" rel=\"noopener\">Ba\u011flant\u0131<\/a><\/td><\/tr><tr><td><strong>Temi<\/strong><\/td><td>Uygun fiyatl\u0131 otomatik transkripsiyon<\/td><td>H\u0131zl\u0131, kullan\u0131c\u0131 dostu<\/td><td>Her zaman do\u011fru de\u011fil<\/td><td><a href=\"https:\/\/www.temi.com\" target=\"_blank\" rel=\"noopener\">Ba\u011flant\u0131<\/a><\/td><\/tr><tr><td><strong>Tan\u0131mlama<\/strong><\/td><td>Ses ve video d\u00fczenleme, transkripsiyon<\/td><td>\u00c7ok y\u00f6nl\u00fc, g\u00fc\u00e7l\u00fc<\/td><td>\u00d6\u011frenme e\u011frisi<\/td><td><a href=\"https:\/\/www.descript.com\" target=\"_blank\" rel=\"noopener\">Ba\u011flant\u0131<\/a><\/td><\/tr><tr><td><strong>Trint<\/strong><\/td><td>Yapay zeka destekli transkripsiyon ve d\u00fczenleme ara\u00e7lar\u0131<\/td><td>Do\u011fru, esnek<\/td><td>Pahal\u0131<\/td><td><a href=\"https:\/\/trint.com\" target=\"_blank\" rel=\"noopener\">Ba\u011flant\u0131<\/a><\/td><\/tr><tr><td><strong>Mutlu K\u00e2tip<\/strong><\/td><td>\u00c7ok dilli, i\u015fbirli\u011fine dayal\u0131 ara\u00e7lar<\/td><td>Do\u011fru, iyi destek<\/td><td>Abonelik gerekli<\/td><td><a href=\"https:\/\/www.happyscribe.com\" target=\"_blank\" rel=\"noopener\">Ba\u011flant\u0131<\/a><\/td><\/tr><tr><td><strong>Scribie<\/strong><\/td><td>Manuel ve otomatik transkripsiyon<\/td><td>Uygun fiyatl\u0131, do\u011fru<\/td><td>S\u0131n\u0131rl\u0131 \u00fccretsiz plan<\/td><td><a href=\"https:\/\/www.scribie.com\" target=\"_blank\" rel=\"noopener\">Ba\u011flant\u0131<\/a><\/td><\/tr><\/tbody><\/table><\/figure>\n\n\n\n<h3 class=\"wp-block-heading\" id=\"advantages-disadvantages-and-challenges-in-the-transcription-industry\">Transkripsiyon Sekt\u00f6r\u00fcndeki Avantajlar, Dezavantajlar ve Zorluklar<\/h3>\n\n\n\n<h4 class=\"wp-block-heading\" id=\"advantages\">Avantajlar<\/h4>\n\n\n\n<ul class=\"wp-block-list\">\n<li class=\"\"><strong>Geli\u015ftirilmi\u015f Eri\u015filebilirlik:<\/strong> \u0130\u00e7eri\u011fi herkes i\u00e7in eri\u015filebilir hale getirir.<\/li>\n\n\n\n<li class=\"\"><strong>Geli\u015ftirilmi\u015f \u00dcretkenlik:<\/strong> Konu\u015fmay\u0131 metne d\u00f6n\u00fc\u015ft\u00fcrmede zaman ve emek tasarrufu sa\u011flar.<\/li>\n\n\n\n<li class=\"\"><strong>Daha \u0130yi Dok\u00fcmantasyon:<\/strong> Toplant\u0131lar\u0131n, g\u00f6r\u00fc\u015fmelerin ve daha fazlas\u0131n\u0131n do\u011fru kay\u0131tlar\u0131.<\/li>\n<\/ul>\n\n\n\n<h4 class=\"wp-block-heading\" id=\"disadvantages\">Dezavantajlar<\/h4>\n\n\n\n<ul class=\"wp-block-list\">\n<li class=\"\"><strong>Maliyet:<\/strong> Baz\u0131 hizmetler pahal\u0131 olabilir.<\/li>\n\n\n\n<li class=\"\"><strong>Do\u011fruluk Sorunlar\u0131:<\/strong> Otomatik hizmetler her zaman do\u011fru olmayabilir.<\/li>\n\n\n\n<li class=\"\"><strong>Gizlilik Endi\u015feleri:<\/strong> Hassas bilgilerin kullan\u0131lmas\u0131 endi\u015fe yaratabilir.<\/li>\n<\/ul>\n\n\n\n<h4 class=\"wp-block-heading\" id=\"challenges\">Zorluklar<\/h4>\n\n\n\n<ul class=\"wp-block-list\">\n<li class=\"\"><strong>Konu\u015fma De\u011fi\u015fkenli\u011fi:<\/strong> Aksanlar, leh\u00e7eler ve d\u00fc\u015f\u00fck ses kalitesi do\u011frulu\u011fu etkileyebilir.<\/li>\n\n\n\n<li class=\"\"><strong>Teknik S\u0131n\u0131rlamalar:<\/strong> Yapay zeka transkripsiyonu hala ba\u011flam ve seste\u015f s\u00f6zc\u00fcklerle m\u00fccadele etmektedir.<\/li>\n<\/ul>\n\n\n\n<h3 class=\"wp-block-heading\" id=\"frequently-asked-questions-faq\">S\u0131k\u00e7a Sorulan Sorular (SSS)<\/h3>\n\n\n\n<ol class=\"wp-block-list\">\n<li class=\"\"><strong>Transkripsiyon nerede ger\u00e7ekle\u015fir?<\/strong> Transkripsiyon, konu\u015fma dilinin metne d\u00f6n\u00fc\u015ft\u00fcr\u00fclmesine ihtiya\u00e7 duyulan her yerde ortaya \u00e7\u0131kar ve genellikle transkripsiyon hizmetleri ve yaz\u0131l\u0131mlar\u0131 arac\u0131l\u0131\u011f\u0131yla yap\u0131l\u0131r.<\/li>\n\n\n\n<li class=\"\"><strong>Lise transkriptleri nas\u0131l al\u0131n\u0131r?<\/strong> Lise transkriptlerini okulunuzun idari ofisiyle ileti\u015fime ge\u00e7erek veya \u00e7evrimi\u00e7i portallar\u0131na eri\u015ferek edinebilirsiniz.<\/li>\n\n\n\n<li class=\"\"><strong>Transkripsiyon nedir?<\/strong> Transkripsiyon, konu\u015fulan dilin yaz\u0131l\u0131 metne d\u00f6n\u00fc\u015ft\u00fcr\u00fclmesi s\u00fcrecidir.<\/li>\n\n\n\n<li class=\"\"><strong>Transkripsiyon nerede ger\u00e7ekle\u015fir?<\/strong> Transkripsiyon, okullar, ofisler ve transkripsiyon hizmeti sa\u011flay\u0131c\u0131lar\u0131 dahil olmak \u00fczere \u00e7e\u015fitli ortamlarda ger\u00e7ekle\u015fir.<\/li>\n\n\n\n<li class=\"\"><strong>Aeries'den transkript nas\u0131l al\u0131n\u0131r?<\/strong> Aeries'den transkript almak i\u00e7in Aeries hesab\u0131n\u0131za giri\u015f yap\u0131n, transkriptler b\u00f6l\u00fcm\u00fcne gidin ve transkriptinizi talep etmek i\u00e7in talimatlar\u0131 izleyin.<\/li>\n\n\n\n<li class=\"\"><strong>Transkript t\u00fcrleri nelerdir?<\/strong> Transkript t\u00fcrleri aras\u0131nda akademik transkriptler, t\u0131bbi transkriptler, yasal transkriptler ve medya transkriptleri bulunur.<\/li>\n\n\n\n<li class=\"\"><strong>YouTube videolar\u0131 nas\u0131l yaz\u0131ya d\u00f6k\u00fcl\u00fcr?<\/strong> Gibi ara\u00e7lar\u0131 kullan\u0131n <a href=\"https:\/\/aiartfree.online\/tr\/transkript\/\">https:\/\/aiartfree.online\/transcript<\/a> YouTube videolar\u0131 y\u00fcklemek ve transkript almak i\u00e7in.<\/li>\n\n\n\n<li class=\"\"><strong>IRS transkripti nedir?<\/strong> IRS transkripti, \u0130\u00e7 Gelir Servisi taraf\u0131ndan sa\u011flanan vergi beyannamesi bilgilerinizin bir \u00f6zetidir.<\/li>\n\n\n\n<li class=\"\"><strong>\u00dcniversite transkriptleri nas\u0131l al\u0131n\u0131r?<\/strong> Kurumunuzun kay\u0131t b\u00fcrosundan veya \u00e7evrimi\u00e7i hizmetlerinden \u00fcniversite transkriptlerini talep edin.<\/li>\n\n\n\n<li class=\"\"><strong>Transkripsiyon i\u015fleri nelerdir?<\/strong> Transkripsiyon i\u015fleri, ses kay\u0131tlar\u0131n\u0131n dinlenmesini ve duyulanlar\u0131n yaz\u0131l\u0131 bir formata d\u00f6n\u00fc\u015ft\u00fcr\u00fclmesini i\u00e7erir.<\/li>\n<\/ol>\n\n\n\n<h3 class=\"wp-block-heading\" id=\"conclusion\">Sonu\u00e7<\/h3>\n\n\n\n<p class=\"\">Transkripsiyon hizmetleri, eri\u015filebilirli\u011fi art\u0131rmaktan \u00fcretkenli\u011fi art\u0131rmaya kadar say\u0131s\u0131z fayda sunar. A\u015fa\u011f\u0131daki gibi ara\u00e7larla <a href=\"https:\/\/aiartfree.online\/tr\/transkript\/\">https:\/\/aiartfree.online\/transcript<\/a>ile ses ve video dosyalar\u0131n\u0131z\u0131 zahmetsizce metne d\u00f6n\u00fc\u015ft\u00fcrebilirsiniz. En iyi ara\u00e7lar\u0131 ke\u015ffedin, \u00f6zelliklerini anlay\u0131n ve ihtiya\u00e7lar\u0131n\u0131z i\u00e7in do\u011fru hizmeti se\u00e7in. Bug\u00fcn yaz\u0131ya d\u00f6kmeye ba\u015flay\u0131n ve i\u00e7eri\u011finizin t\u00fcm potansiyelini ortaya \u00e7\u0131kar\u0131n!<\/p>\n\n\n\n<p class=\"\">Ziyaret etmek <a href=\"https:\/\/aiartfree.online\/tr\/transkript\/\">https:\/\/aiartfree.online\/transcript<\/a> \u015fimdi kaydolma zahmetine girmeden en iyi \u00fccretsiz ve s\u0131n\u0131rs\u0131z transkripsiyon hizmetini deneyimleyin!<\/p>","protected":false},"excerpt":{"rendered":"<p>How to use Transcript * Depending on your internet speed, loading the model may take a few seconds. \u2193 How to Use Transcript Services: Your Ultimate Guide Introduction Transcription services have revolutionized the way we handle audio and video content by converting spoken words into written text. Whether you&#8217;re a student, professional, or content creator, &#8230; <a title=\"Transkript\" class=\"read-more\" href=\"https:\/\/aiartfree.online\/tr\/transkript\/\" aria-label=\"Read more about Transcript\">Devam\u0131n\u0131 oku<\/a><\/p>","protected":false},"author":1,"featured_media":3345,"parent":0,"menu_order":0,"comment_status":"open","ping_status":"closed","template":"","meta":{"nf_dc_page":"","footnotes":""},"class_list":["post-3340","page","type-page","status-publish","has-post-thumbnail"],"jetpack_sharing_enabled":true,"_links":{"self":[{"href":"https:\/\/aiartfree.online\/tr\/wp-json\/wp\/v2\/pages\/3340","targetHints":{"allow":["GET"]}}],"collection":[{"href":"https:\/\/aiartfree.online\/tr\/wp-json\/wp\/v2\/pages"}],"about":[{"href":"https:\/\/aiartfree.online\/tr\/wp-json\/wp\/v2\/types\/page"}],"author":[{"embeddable":true,"href":"https:\/\/aiartfree.online\/tr\/wp-json\/wp\/v2\/users\/1"}],"replies":[{"embeddable":true,"href":"https:\/\/aiartfree.online\/tr\/wp-json\/wp\/v2\/comments?post=3340"}],"version-history":[{"count":0,"href":"https:\/\/aiartfree.online\/tr\/wp-json\/wp\/v2\/pages\/3340\/revisions"}],"wp:featuredmedia":[{"embeddable":true,"href":"https:\/\/aiartfree.online\/tr\/wp-json\/wp\/v2\/media\/3345"}],"wp:attachment":[{"href":"https:\/\/aiartfree.online\/tr\/wp-json\/wp\/v2\/media?parent=3340"}],"curies":[{"name":"wp","href":"https:\/\/api.w.org\/{rel}","templated":true}]}}