{"id":3319,"date":"2024-07-30T11:47:20","date_gmt":"2024-07-30T11:47:20","guid":{"rendered":"https:\/\/aiartfree.online\/?page_id=3319"},"modified":"2025-03-07T08:27:06","modified_gmt":"2025-03-07T08:27:06","slug":"youtube-transcript","status":"publish","type":"page","link":"https:\/\/aiartfree.online\/tr\/youtube-transkripti\/","title":{"rendered":"YouTube Transkripti"},"content":{"rendered":"<h2 class=\"wp-block-heading\" style=\"font-size:23px\">YouTube Transkripti nas\u0131l kullan\u0131l\u0131r?<\/h2>\n\n\n\n<ol class=\"wp-block-list\">\n<li class=\"\">Se\u00e7iniz <strong>YouTube<\/strong> \u00fcst sekmeden<\/li>\n\n\n\n<li class=\"\">YouTube URL'nizi yap\u0131\u015ft\u0131r\u0131n<\/li>\n\n\n\n<li class=\"\">\"Zaman Damgalar\u0131n\u0131 \u0130ade Et \"i se\u00e7in<\/li>\n\n\n\n<li class=\"\">\"G\u00f6nder \"e t\u0131klay\u0131n<\/li>\n\n\n\n<li class=\"\">Bekle, i\u015fte bu!<\/li>\n<\/ol>\n\n\n\n<figure class=\"gb-block-image gb-block-image-4dfafe81\"><a href=\"https:\/\/fas.st\/t\/XmtmoHSk\" target=\"_blank\" rel=\"noopener noreferrer\"><img data-recalc-dims=\"1\" decoding=\"async\" loading=\"lazy\" width=\"1200\" height=\"368\" class=\"gb-image gb-image-4dfafe81\" src=\"https:\/\/i0.wp.com\/aiartfree.online\/wp-content\/uploads\/2025\/03\/WX20250307-114300%402x.webp?resize=1200%2C368&#038;ssl=1\" alt=\"\" title=\"WX20250307-114300@2x\" srcset=\"https:\/\/i0.wp.com\/aiartfree.online\/wp-content\/uploads\/2025\/03\/WX20250307-114300%402x.webp?w=1900&amp;ssl=1 1900w, https:\/\/i0.wp.com\/aiartfree.online\/wp-content\/uploads\/2025\/03\/WX20250307-114300%402x.webp?resize=300%2C92&amp;ssl=1 300w, https:\/\/i0.wp.com\/aiartfree.online\/wp-content\/uploads\/2025\/03\/WX20250307-114300%402x.webp?resize=1024%2C314&amp;ssl=1 1024w, https:\/\/i0.wp.com\/aiartfree.online\/wp-content\/uploads\/2025\/03\/WX20250307-114300%402x.webp?resize=768%2C235&amp;ssl=1 768w, https:\/\/i0.wp.com\/aiartfree.online\/wp-content\/uploads\/2025\/03\/WX20250307-114300%402x.webp?resize=1536%2C471&amp;ssl=1 1536w, https:\/\/i0.wp.com\/aiartfree.online\/wp-content\/uploads\/2025\/03\/WX20250307-114300%402x.webp?resize=18%2C6&amp;ssl=1 18w, https:\/\/i0.wp.com\/aiartfree.online\/wp-content\/uploads\/2025\/03\/WX20250307-114300%402x.webp?resize=600%2C184&amp;ssl=1 600w\" sizes=\"auto, (max-width: 1200px) 100vw, 1200px\" \/><\/a><\/figure>\n\n\n\n<p class=\"\">* <em>\u0130nternet h\u0131z\u0131n\u0131za ba\u011fl\u0131 olarak modelin y\u00fcklenmesi birka\u00e7 saniye s\u00fcrebilir.<\/em> \u2193<\/p>\n\n\n\n<style>\n  .iframe-container {\n    text-align: center;\n    border: 2px solid;\n    border-image-source: linear-gradient(to right, #16b86c, #912899);\n    border-image-slice: 1;\n    box-shadow: 0 0 10px rgba(0, 0, 0, 0.1);\n    border-radius: 15px;\n    position: relative; \/* \u4f7f loader \u7edd\u5bf9\u5b9a\u4f4d\u6709\u6548 *\/\n  }\n  .loader {\n    position: absolute;\n    top: 100px;\n    left: 50%;\n    transform: translate(-50%, -50%);\n    width: 40px;\n    height: 40px;\n    border: 4px solid #f3f3f3;\n    border-top: 4px solid #9834db;\n    border-radius: 50%;\n    animation: spin 1s linear infinite;\n  }\n  @keyframes spin {\n    0% { transform: translate(-50%, -50%) rotate(0deg); }\n    100% { transform: translate(-50%, -50%) rotate(360deg); }\n  }\n  iframe {\n    width: 100%;\n    height: 1550px;\n    border: none;\n    display: inline-block;\n    margin: 0 auto;\n    opacity: 0;\n    transition: opacity 0.3s ease;\n  }\n<\/style>\n\n<div class=\"iframe-container\">\n  <div id=\"loader\" class=\"loader\"><\/div>\n  <iframe\n    src=\"https:\/\/sanchit-gandhi-whisper-jax.hf.space\"\n    frameborder=\"0\"\n    onload=\"this.style.opacity=1;document.getElementById('loader').style.display='none';\"\n  ><\/iframe>\n<\/div>\n\n\n\n<div style=\"height:60px\" aria-hidden=\"true\" class=\"wp-block-spacer\"><\/div>\n\n\n\n<h2 class=\"wp-block-heading\">YouTube Transkripti \u0130\u00e7in Nihai K\u0131lavuz<\/h2>\n\n\n\n<h3 class=\"wp-block-heading\">\u0130\u00e7indekiler<\/h3>\n\n\n\n<ol class=\"wp-block-list\">\n<li class=\"\"><a href=\"#introduction\">Giri\u015f<\/a><\/li>\n\n\n\n<li class=\"\"><a href=\"#what-is-a-youtube-transcript\">YouTube Transkripti nedir?<\/a><\/li>\n\n\n\n<li class=\"\"><a href=\"#why-use-youtube-transcripts\">Neden YouTube Transkriptlerini Kullanmal\u0131?<\/a><\/li>\n\n\n\n<li class=\"\"><a href=\"#main-features-of-youtube-transcripts\">YouTube Transkriptlerinin Temel \u00d6zellikleri<\/a>\n<ul class=\"wp-block-list\">\n<li class=\"\"><a href=\"#transcription-accuracy\">Transkripsiyon Do\u011frulu\u011fu<\/a><\/li>\n\n\n\n<li class=\"\"><a href=\"#time-stamped-transcripts\">Zaman Damgal\u0131 Transkriptler<\/a><\/li>\n\n\n\n<li class=\"\"><a href=\"#download-options\">\u0130ndirme Se\u00e7enekleri<\/a><\/li>\n\n\n\n<li class=\"\"><a href=\"#editing-and-customization\">D\u00fczenleme ve \u00d6zelle\u015ftirme<\/a><\/li>\n<\/ul>\n<\/li>\n\n\n\n<li class=\"\"><a href=\"#who-should-use-youtube-transcripts\">YouTube Transkriptlerini Kimler Kullanmal\u0131?<\/a><\/li>\n\n\n\n<li class=\"\"><a href=\"#industries-benefiting-from-youtube-transcripts\">YouTube Transkriptlerinden Yararlanan Sekt\u00f6rler<\/a><\/li>\n\n\n\n<li class=\"\"><a href=\"#how-to-use-youtube-transcripts\">YouTube Transkriptleri Nas\u0131l Kullan\u0131l\u0131r?<\/a><\/li>\n\n\n\n<li class=\"\"><a href=\"#use-cases-of-youtube-transcripts\">YouTube Transkriptlerinin Kullan\u0131m \u00d6rnekleri<\/a>\n<ul class=\"wp-block-list\">\n<li class=\"\"><a href=\"#content-creators\">\u0130\u00e7erik Olu\u015fturucular<\/a><\/li>\n\n\n\n<li class=\"\"><a href=\"#educators\">E\u011fitimciler<\/a><\/li>\n\n\n\n<li class=\"\"><a href=\"#marketers\">Pazarlamac\u0131lar<\/a><\/li>\n<\/ul>\n<\/li>\n\n\n\n<li class=\"\"><a href=\"#top-10-youtube-transcript-tools-and-information\">En \u0130yi 10 YouTube Transkript Arac\u0131 ve Bilgileri<\/a><\/li>\n\n\n\n<li class=\"\"><a href=\"#advantages-disadvantages-and-challenges-in-the-industry\">Sekt\u00f6rdeki Avantajlar, Dezavantajlar ve Zorluklar<\/a><\/li>\n\n\n\n<li class=\"\"><a href=\"#faq\">SSS<\/a><\/li>\n\n\n\n<li class=\"\"><a href=\"#conclusion\">Sonu\u00e7<\/a><\/li>\n<\/ol>\n\n\n\n<h3 class=\"wp-block-heading\">Giri\u015f<\/h3>\n\n\n\n<p class=\"\">Dijital \u00e7a\u011fda i\u00e7erik eri\u015filebilirli\u011fi \u00e7ok \u00f6nemlidir. Eri\u015filebilirli\u011fi ve etkile\u015fimi art\u0131rmak i\u00e7in en kullan\u0131\u015fl\u0131 ara\u00e7lardan biri YouTube transkriptidir. Bu k\u0131lavuzda YouTube transkriptinin ne oldu\u011fu, neden gerekli oldu\u011fu ve nas\u0131l etkili bir \u015fekilde kullan\u0131laca\u011f\u0131 ele al\u0131nacakt\u0131r. Ayr\u0131ca, en iyi \u00f6nerimiz de dahil olmak \u00fczere mevcut en iyi ara\u00e7lar\u0131 ke\u015ffedece\u011fiz, <a href=\"https:\/\/aiartfree.online\/tr\/youtube-transkripti\/\">https:\/\/aiartfree.online\/youtube-transcript\/<\/a>ve s\u0131k sorulan sorular\u0131 yan\u0131tlamak i\u00e7in kapsaml\u0131 bir SSS b\u00f6l\u00fcm\u00fc sa\u011flar.<\/p>\n\n\n\n<figure class=\"wp-block-image size-full is-resized\"><img data-recalc-dims=\"1\" data-dominant-color=\"987d7b\" data-has-transparency=\"false\" decoding=\"async\" width=\"1024\" height=\"710\"   loading=\"lazy\" src=\"https:\/\/i0.wp.com\/aiartfree.online\/wp-content\/uploads\/2024\/07\/image-28-jpg.webp?resize=1024%2C710&#038;ssl=1\" alt=\"YouTube Transkripti\" class=\"wp-image-3337 not-transparent\" style=\"--dominant-color: #987d7b; width:561px;height:auto\" srcset=\"https:\/\/i0.wp.com\/aiartfree.online\/wp-content\/uploads\/2024\/07\/image-28-jpg.webp?w=1024&amp;ssl=1 1024w, https:\/\/i0.wp.com\/aiartfree.online\/wp-content\/uploads\/2024\/07\/image-28-jpg.webp?resize=300%2C208&amp;ssl=1 300w, https:\/\/i0.wp.com\/aiartfree.online\/wp-content\/uploads\/2024\/07\/image-28-jpg.webp?resize=768%2C533&amp;ssl=1 768w, https:\/\/i0.wp.com\/aiartfree.online\/wp-content\/uploads\/2024\/07\/image-28-jpg.webp?resize=18%2C12&amp;ssl=1 18w, https:\/\/i0.wp.com\/aiartfree.online\/wp-content\/uploads\/2024\/07\/image-28-jpg.webp?resize=600%2C416&amp;ssl=1 600w\" sizes=\"auto, (max-width: 1024px) 100vw, 1024px\" \/><\/figure>\n\n\n\n<h3 class=\"wp-block-heading\">YouTube Transkripti nedir?<\/h3>\n\n\n\n<p class=\"\">YouTube transkripti, bir YouTube videosundaki konu\u015fulan i\u00e7eri\u011fin metinsel bir temsilidir. Konu\u015fulan her kelimeyi, genellikle zaman damgalar\u0131yla birlikte yakalayarak izleyicilerin takip etmesini, belirli i\u00e7eri\u011fi aramas\u0131n\u0131 ve bilgileri \u00e7e\u015fitli \u015fekillerde kullanmas\u0131n\u0131 kolayla\u015ft\u0131r\u0131r.<\/p>\n\n\n\n<h3 class=\"wp-block-heading\">Neden YouTube Transkriptlerini Kullanmal\u0131?<\/h3>\n\n\n\n<p class=\"\">YouTube transkriptlerini kullanmak \u00e7ok say\u0131da avantaj sunar:<\/p>\n\n\n\n<ol class=\"wp-block-list\">\n<li class=\"\"><strong>Eri\u015filebilirlik<\/strong>: Transkriptler, i\u00e7eri\u011fi i\u015fitme engelli bireyler i\u00e7in eri\u015filebilir hale getirir.<\/li>\n\n\n\n<li class=\"\"><strong>Aranabilirlik<\/strong>: Metin transkriptleri, video i\u00e7eri\u011fini anahtar kelimelerle aranabilir hale getirerek arama motoru optimizasyonunu (SEO) geli\u015ftirir.<\/li>\n\n\n\n<li class=\"\"><strong>\u0130\u00e7erik Yeniden \u00dcretme<\/strong>: Transkriptler blog yaz\u0131lar\u0131na, makalelere veya sosyal medya i\u00e7eriklerine d\u00f6n\u00fc\u015ft\u00fcr\u00fclebilir.<\/li>\n\n\n\n<li class=\"\"><strong>Anlama<\/strong>: Ana dili \u0130ngilizce olmayanlar, video i\u00e7eri\u011fini okuyarak daha iyi anlayabilir.<\/li>\n\n\n\n<li class=\"\"><strong>Ni\u015fanl\u0131l\u0131k<\/strong>: Transkriptler, izleyicilerin videoyu metin bi\u00e7iminde takip etmelerini sa\u011flayarak ilgilerini canl\u0131 tutar.<\/li>\n<\/ol>\n\n\n\n<h3 class=\"wp-block-heading\">YouTube Transkriptlerinin Temel \u00d6zellikleri<\/h3>\n\n\n\n<h4 class=\"wp-block-heading\">Transkripsiyon Do\u011frulu\u011fu<\/h4>\n\n\n\n<p class=\"\">Do\u011fru transkripsiyon, bir transkriptin faydas\u0131 i\u00e7in \u00e7ok \u00f6nemlidir. En iyi ara\u00e7lar y\u00fcksek do\u011fruluk oranlar\u0131 sunarak kapsaml\u0131 manuel d\u00fczeltmelere olan ihtiyac\u0131 azalt\u0131r.<\/p>\n\n\n\n<h4 class=\"wp-block-heading\">Zaman Damgal\u0131 Transkriptler<\/h4>\n\n\n\n<p class=\"\">Zaman damgalar\u0131, kullan\u0131c\u0131lar\u0131n videoda kolayca gezinmesine ve gerekti\u011finde i\u00e7eri\u011fin belirli b\u00f6l\u00fcmlerine atlamas\u0131na olanak tan\u0131r.<\/p>\n\n\n\n<h4 class=\"wp-block-heading\">\u0130ndirme Se\u00e7enekleri<\/h4>\n\n\n\n<p class=\"\">En iyi ara\u00e7lar, farkl\u0131 platformlar ve yaz\u0131l\u0131mlarla uyumlulu\u011fu sa\u011flamak i\u00e7in \u00e7e\u015fitli indirme formatlar\u0131 (\u00f6rn. SRT, TXT) sa\u011flar.<\/p>\n\n\n\n<h4 class=\"wp-block-heading\">D\u00fczenleme ve \u00d6zelle\u015ftirme<\/h4>\n\n\n\n<p class=\"\">Transkriptleri d\u00fczenleme ve \u00f6zelle\u015ftirme yetene\u011fi, not ekleme veya yanl\u0131\u015fl\u0131klar\u0131 d\u00fczeltme gibi belirli kullan\u0131c\u0131 ihtiya\u00e7lar\u0131n\u0131 kar\u015f\u0131lamalar\u0131n\u0131 sa\u011flar.<\/p>\n\n\n\n<h3 class=\"wp-block-heading\">YouTube Transkriptlerini Kimler Kullanmal\u0131?<\/h3>\n\n\n\n<ul class=\"wp-block-list\">\n<li class=\"\"><strong>\u0130\u00e7erik Olu\u015fturucular<\/strong>: SEO ve etkile\u015fimi art\u0131rmak i\u00e7in.<\/li>\n\n\n\n<li class=\"\"><strong>E\u011fitimciler<\/strong>: Eri\u015filebilir \u00f6\u011frenme materyalleri sa\u011flamak.<\/li>\n\n\n\n<li class=\"\"><strong>Pazarlamac\u0131lar<\/strong>: Kampanyalar ve analizler i\u00e7in i\u00e7erik \u00e7\u0131karmak.<\/li>\n\n\n\n<li class=\"\"><strong>Ara\u015ft\u0131rmac\u0131lar<\/strong>: Veri analizi i\u00e7in g\u00f6r\u00fc\u015fmeleri ve sunumlar\u0131 yaz\u0131ya d\u00f6kmek.<\/li>\n\n\n\n<li class=\"\"><strong>\u0130zleyiciler<\/strong>: Videolar\u0131 takip etmek ve anlamay\u0131 geli\u015ftirmek i\u00e7in.<\/li>\n<\/ul>\n\n\n\n<h3 class=\"wp-block-heading\">YouTube Transkriptlerinden Yararlanan Sekt\u00f6rler<\/h3>\n\n\n\n<ul class=\"wp-block-list\">\n<li class=\"\"><strong>E\u011fitim<\/strong>: \u00d6\u011frenme kaynaklar\u0131n\u0131n geli\u015ftirilmesi.<\/li>\n\n\n\n<li class=\"\"><strong>Pazarlama<\/strong>: \u0130\u00e7erik eri\u015fimini ve etkile\u015fimini iyile\u015ftirme.<\/li>\n\n\n\n<li class=\"\"><strong>E\u011flence<\/strong>: \u0130\u00e7eri\u011fi daha geni\u015f bir kitle i\u00e7in eri\u015filebilir k\u0131lmak.<\/li>\n\n\n\n<li class=\"\"><strong>Ara\u015ft\u0131rma<\/strong>: Veri analizi ve dok\u00fcmantasyonun kolayla\u015ft\u0131r\u0131lmas\u0131.<\/li>\n\n\n\n<li class=\"\"><strong>Sa\u011fl\u0131k Hizmetleri<\/strong>: Mesleki geli\u015fim i\u00e7in t\u0131bbi derslerin ve seminerlerin yaz\u0131ya d\u00f6k\u00fclmesi.<\/li>\n<\/ul>\n\n\n\n<h3 class=\"wp-block-heading\">YouTube Transkriptleri Nas\u0131l Kullan\u0131l\u0131r?<\/h3>\n\n\n\n<ol class=\"wp-block-list\">\n<li class=\"\"><strong>Transkript Bulma Arac\u0131<\/strong>: A\u015fa\u011f\u0131daki gibi g\u00fcvenilir bir ara\u00e7 kullan\u0131n <a href=\"https:\/\/aiartfree.online\/tr\/youtube-transkripti\/\">https:\/\/aiartfree.online\/youtube-transcript\/<\/a>.<\/li>\n\n\n\n<li class=\"\"><strong>Videoyu Y\u00fckleyin veya Ba\u011flay\u0131n<\/strong>: YouTube video ba\u011flant\u0131s\u0131n\u0131 sa\u011flay\u0131n.<\/li>\n\n\n\n<li class=\"\"><strong>Transkript Olu\u015ftur<\/strong>: Arac\u0131n videoyu i\u015flemesine ve transkript olu\u015fturmas\u0131na izin verin.<\/li>\n\n\n\n<li class=\"\"><strong>D\u00fczenleme ve \u00d6zelle\u015ftirme<\/strong>: Transkript \u00fczerinde gerekli d\u00fczenlemeleri yap\u0131n.<\/li>\n\n\n\n<li class=\"\"><strong>\u0130ndir<\/strong>: Transkripti tercih etti\u011finiz formatta kaydedin.<\/li>\n<\/ol>\n\n\n\n<h3 class=\"wp-block-heading\">YouTube Transkriptlerinin Kullan\u0131m \u00d6rnekleri<\/h3>\n\n\n\n<h4 class=\"wp-block-heading\">\u0130\u00e7erik Olu\u015fturucular<\/h4>\n\n\n\n<p class=\"\">\u0130\u00e7erik olu\u015fturucular transkriptleri SEO'yu geli\u015ftirmek i\u00e7in kullanabilir ve videolar\u0131n\u0131 daha ke\u015ffedilebilir hale getirebilir. Transkriptler ayr\u0131ca blog yaz\u0131lar\u0131na veya sosyal medya i\u00e7eri\u011fine d\u00f6n\u00fc\u015ft\u00fcr\u00fclebilir.<\/p>\n\n\n\n<h4 class=\"wp-block-heading\">E\u011fitimciler<\/h4>\n\n\n\n<p class=\"\">E\u011fitimciler, \u00f6\u011frenmeyi ve eri\u015filebilirli\u011fi geli\u015ftirmek i\u00e7in \u00f6\u011frencilere transkript sa\u011flayabilir. Transkriptler ayr\u0131ca \u00e7al\u0131\u015fma materyalleri ve referans belgeleri olu\u015fturmak i\u00e7in de yararl\u0131d\u0131r.<\/p>\n\n\n\n<h4 class=\"wp-block-heading\">Pazarlamac\u0131lar<\/h4>\n\n\n\n<p class=\"\">Pazarlamac\u0131lar, transkriptleri kampanyalar i\u00e7in \u00f6nemli bilgileri \u00e7\u0131karmak, blog g\u00f6nderileri olu\u015fturmak ve t\u00fcketici davran\u0131\u015flar\u0131n\u0131 ve tercihlerini analiz etmek i\u00e7in kullanabilir.<\/p>\n\n\n\n<h3 class=\"wp-block-heading\">En \u0130yi 10 YouTube Transkript Arac\u0131 ve Bilgileri<\/h3>\n\n\n\n<figure class=\"wp-block-table\"><table class=\"has-fixed-layout\"><thead><tr><th>Web sitesi<\/th><th>Avantajlar<\/th><th>Dezavantajlar<\/th><th>Zorluklar<\/th><th>\u00d6neriler<\/th><\/tr><\/thead><tbody><tr><td><a href=\"https:\/\/aiartfree.online\/tr\/youtube-transkripti\/\">YouTube Transkripti<\/a><\/td><td>100% \u00dccretsiz, S\u0131n\u0131rs\u0131z, Kay\u0131t Yok, Y\u00fcksek Do\u011fruluk<\/td><td>S\u0131n\u0131rl\u0131 dil deste\u011fi<\/td><td>T\u00fcm videolarda y\u00fcksek do\u011fruluk sa\u011flamak<\/td><td>Dil deste\u011fini geni\u015fletin<\/td><\/tr><tr><td>su samuru.ai<\/td><td>Do\u011fru, \u0130\u015fbirlik\u00e7i \u00f6zellikler<\/td><td>Abonelik gerekli<\/td><td>B\u00fcy\u00fck ekipler i\u00e7in maliyetleri y\u00f6netme<\/td><td>Daha uygun fiyatl\u0131 planlar sunun<\/td><\/tr><tr><td>rev.com<\/td><td>Profesyonel do\u011fruluk, H\u0131zl\u0131 geri d\u00f6n\u00fc\u015f<\/td><td>Uzun videolar i\u00e7in maliyetli<\/td><td>Sat\u0131n al\u0131nabilirli\u011fin s\u00fcrd\u00fcr\u00fclmesi<\/td><td>Kademeli fiyatland\u0131rma uygulay\u0131n<\/td><\/tr><tr><td>temi.com<\/td><td>Uygun Fiyatl\u0131, Kullan\u0131c\u0131 Dostu<\/td><td>Do\u011fruluk de\u011fi\u015febilir<\/td><td>Maliyet ve kalitenin dengelenmesi<\/td><td>Do\u011frulu\u011fu art\u0131r\u0131n<\/td><\/tr><tr><td>transcribeme.com<\/td><td>Y\u00fcksek do\u011fruluk, \u0130nsan transkripsiyonu mevcut<\/td><td>Pahal\u0131<\/td><td>Transkripsiyon maliyetlerini y\u00f6netme<\/td><td>Toplu sipari\u015fler i\u00e7in indirim sunun<\/td><\/tr><tr><td>sonix.ai<\/td><td>H\u0131zl\u0131, D\u00fczenleme yaz\u0131l\u0131m\u0131 ile entegre<\/td><td>Abonelik gerekli<\/td><td>Abonelik maliyetlerinin gerek\u00e7elendirilmesi<\/td><td>Daha fazla deneme se\u00e7ene\u011fi sunun<\/td><\/tr><tr><td>scribie.com<\/td><td>Uygun fiyatl\u0131, Manuel transkripsiyon mevcut<\/td><td>S\u0131n\u0131rl\u0131 \u00f6zellikler<\/td><td>\u00d6zellik setinin geli\u015ftirilmesi<\/td><td>\u00d6zellikleri geni\u015fletin<\/td><\/tr><tr><td>happyscribe.com<\/td><td>\u00c7ok dilli destek, Kullan\u0131c\u0131 dostu<\/td><td>Abonelik gerekli<\/td><td>Maliyet y\u00f6netimi<\/td><td>Daha esnek fiyatland\u0131rma uygulay\u0131n<\/td><\/tr><tr><td>descript.com<\/td><td>D\u00fczenleme \u00f6zellikleri, Y\u00fcksek do\u011fruluk<\/td><td>Daha dik \u00f6\u011frenme e\u011frisi<\/td><td>Kullan\u0131c\u0131 dostu aray\u00fcz<\/td><td>Aray\u00fcz\u00fc basitle\u015ftirin<\/td><\/tr><tr><td><a href=\"https:\/\/trint.com\" target=\"_blank\" rel=\"noopener\">trint.com<\/a><\/td><td>H\u0131zl\u0131, \u0130\u015fbirli\u011fi ara\u00e7lar\u0131<\/td><td>Bireysel kullan\u0131c\u0131lar i\u00e7in pahal\u0131<\/td><td>Maliyet verimlili\u011fi<\/td><td>Daha fazla bireysel kullan\u0131c\u0131 plan\u0131 sunun<\/td><\/tr><\/tbody><\/table><\/figure>\n\n\n\n<h3 class=\"wp-block-heading\">Sekt\u00f6rdeki Avantajlar, Dezavantajlar ve Zorluklar<\/h3>\n\n\n\n<h4 class=\"wp-block-heading\">Avantajlar<\/h4>\n\n\n\n<ul class=\"wp-block-list\">\n<li class=\"\">Geli\u015ftirilmi\u015f eri\u015filebilirlik ve kat\u0131l\u0131m.<\/li>\n\n\n\n<li class=\"\">Geli\u015ftirilmi\u015f SEO ve ke\u015ffedilebilirlik.<\/li>\n\n\n\n<li class=\"\">\u00c7ok y\u00f6nl\u00fc i\u00e7erik yeniden kullan\u0131m\u0131.<\/li>\n<\/ul>\n\n\n\n<h4 class=\"wp-block-heading\">Dezavantajlar<\/h4>\n\n\n\n<ul class=\"wp-block-list\">\n<li class=\"\">Farkl\u0131 ara\u00e7lar aras\u0131nda de\u011fi\u015fken do\u011fruluk.<\/li>\n\n\n\n<li class=\"\">Y\u00fcksek kaliteli transkripsiyon hizmetleriyle ili\u015fkili maliyetler.<\/li>\n<\/ul>\n\n\n\n<h4 class=\"wp-block-heading\">Zorluklar<\/h4>\n\n\n\n<ul class=\"wp-block-list\">\n<li class=\"\">Maliyet ve do\u011frulu\u011fun dengelenmesi.<\/li>\n\n\n\n<li class=\"\">\u00c7ok dilli destek ve \u00f6zelle\u015ftirme se\u00e7eneklerinin sa\u011flanmas\u0131.<\/li>\n<\/ul>\n\n\n\n<h4 class=\"wp-block-heading\">\u00d6neriler<\/h4>\n\n\n\n<ul class=\"wp-block-list\">\n<li class=\"\">Dil deste\u011fini geni\u015fletin.<\/li>\n\n\n\n<li class=\"\">Daha esnek ve uygun fiyatland\u0131rma planlar\u0131 sunun.<\/li>\n\n\n\n<li class=\"\">Daha iyi kullan\u0131labilirlik i\u00e7in kullan\u0131c\u0131 aray\u00fczlerini geli\u015ftirin.<\/li>\n<\/ul>\n\n\n\n<h3 class=\"wp-block-heading\">SSS<\/h3>\n\n\n\n<ol class=\"wp-block-list\">\n<li class=\"\"><strong>Bir YouTube videosunun transkripti nas\u0131l al\u0131n\u0131r?<\/strong>\n<ul class=\"wp-block-list\">\n<li class=\"\">\u015eunun gibi bir ara\u00e7 kullan\u0131n <a href=\"https:\/\/aiartfree.online\/tr\/youtube-transkripti\/\">https:\/\/aiartfree.online\/youtube-transcript\/<\/a> kolayca transkript olu\u015fturmak i\u00e7in.<\/li>\n<\/ul>\n<\/li>\n\n\n\n<li class=\"\"><strong>YouTube'da transkript nas\u0131l indirilir?<\/strong>\n<ul class=\"wp-block-list\">\n<li class=\"\">Transkripti indirmek i\u00e7in YouTube'un yerle\u015fik transkript \u00f6zelli\u011fini veya \u00fc\u00e7\u00fcnc\u00fc taraf bir arac\u0131 kullan\u0131n.<\/li>\n<\/ul>\n<\/li>\n\n\n\n<li class=\"\"><strong>Bir YouTube videosunun transkripti nas\u0131l al\u0131n\u0131r?<\/strong>\n<ul class=\"wp-block-list\">\n<li class=\"\">Video ba\u011flant\u0131s\u0131n\u0131 kopyalay\u0131n ve transkripti olu\u015fturmak ve indirmek i\u00e7in bir transkripsiyon arac\u0131 kullan\u0131n.<\/li>\n<\/ul>\n<\/li>\n\n\n\n<li class=\"\"><strong>Bir YouTube videosunun transkripti nas\u0131l al\u0131n\u0131r?<\/strong>\n<ul class=\"wp-block-list\">\n<li class=\"\">A\u015fa\u011f\u0131daki gibi \u00e7evrimi\u00e7i ara\u00e7lar\u0131 kullan\u0131n <a href=\"https:\/\/aiartfree.online\/tr\/\">aiartfree.online<\/a> kolay transkript olu\u015fturma i\u00e7in.<\/li>\n<\/ul>\n<\/li>\n\n\n\n<li class=\"\"><strong>YouTube videosundan transkript nas\u0131l al\u0131n\u0131r?<\/strong>\n<ul class=\"wp-block-list\">\n<li class=\"\">Video ba\u011flant\u0131s\u0131n\u0131 bir transkript olu\u015fturma arac\u0131na yap\u0131\u015ft\u0131r\u0131n ve \u00e7\u0131kt\u0131y\u0131 indirin.<\/li>\n<\/ul>\n<\/li>\n\n\n\n<li class=\"\"><strong>YouTube'dan transkript nas\u0131l indirilir?<\/strong>\n<ul class=\"wp-block-list\">\n<li class=\"\">Transkripti \u00e7e\u015fitli formatlarda indirmek i\u00e7in \u00fc\u00e7\u00fcnc\u00fc taraf hizmetleri kullan\u0131n.<\/li>\n<\/ul>\n<\/li>\n\n\n\n<li class=\"\"><strong>YouTube transkripti nas\u0131l al\u0131n\u0131r?<\/strong>\n<ul class=\"wp-block-list\">\n<li class=\"\">YouTube \u00fczerinden videonun transkriptine eri\u015fin veya geli\u015fmi\u015f \u00f6zellikler i\u00e7in harici ara\u00e7lar kullan\u0131n.<\/li>\n<\/ul>\n<\/li>\n\n\n\n<li class=\"\"><strong>YouTube videolar\u0131 i\u00e7in transkript nas\u0131l olu\u015fturulur?<\/strong>\n<ul class=\"wp-block-list\">\n<li class=\"\">H\u0131zl\u0131 ve do\u011fru sonu\u00e7lar i\u00e7in otomatik transkripsiyon hizmetlerini kullan\u0131n.<\/li>\n<\/ul>\n<\/li>\n\n\n\n<li class=\"\"><strong>YouTube transkripti nas\u0131l d\u00fczenlenir?<\/strong>\n<ul class=\"wp-block-list\">\n<li class=\"\">Transkripti indirin ve de\u011fi\u015fiklik yapmak i\u00e7in metin d\u00fczenleme yaz\u0131l\u0131m\u0131n\u0131 kullan\u0131n.<\/li>\n<\/ul>\n<\/li>\n\n\n\n<li class=\"\"><strong>YouTube transkripti nas\u0131l kullan\u0131l\u0131r?<\/strong>\n<ul class=\"wp-block-list\">\n<li class=\"\">Videoyu takip edin, belirli terimleri aray\u0131n veya i\u00e7eri\u011fi ba\u015fka kullan\u0131mlar i\u00e7in yeniden d\u00fczenleyin.<\/li>\n<\/ul>\n<\/li>\n<\/ol>\n\n\n\n<figure class=\"wp-block-image size-large is-resized\"><img data-recalc-dims=\"1\" data-dominant-color=\"888685\" data-has-transparency=\"false\" decoding=\"async\" width=\"1024\" height=\"490\"   loading=\"lazy\" src=\"https:\/\/i0.wp.com\/aiartfree.online\/wp-content\/uploads\/2024\/07\/WX20240730-201649%402x-1024x490.webp?resize=1024%2C490&#038;ssl=1\" alt=\"\" class=\"wp-image-3349 not-transparent\" style=\"--dominant-color: #888685; width:700px;height:auto\" srcset=\"https:\/\/i0.wp.com\/aiartfree.online\/wp-content\/uploads\/2024\/07\/WX20240730-201649%402x.jpg?resize=1024%2C490&amp;ssl=1 1024w, https:\/\/i0.wp.com\/aiartfree.online\/wp-content\/uploads\/2024\/07\/WX20240730-201649%402x.jpg?resize=300%2C144&amp;ssl=1 300w, https:\/\/i0.wp.com\/aiartfree.online\/wp-content\/uploads\/2024\/07\/WX20240730-201649%402x.jpg?resize=768%2C367&amp;ssl=1 768w, https:\/\/i0.wp.com\/aiartfree.online\/wp-content\/uploads\/2024\/07\/WX20240730-201649%402x.jpg?resize=1536%2C735&amp;ssl=1 1536w, https:\/\/i0.wp.com\/aiartfree.online\/wp-content\/uploads\/2024\/07\/WX20240730-201649%402x.jpg?resize=18%2C9&amp;ssl=1 18w, https:\/\/i0.wp.com\/aiartfree.online\/wp-content\/uploads\/2024\/07\/WX20240730-201649%402x.jpg?resize=600%2C287&amp;ssl=1 600w, https:\/\/i0.wp.com\/aiartfree.online\/wp-content\/uploads\/2024\/07\/WX20240730-201649%402x.jpg?w=1944&amp;ssl=1 1944w\" sizes=\"auto, (max-width: 1024px) 100vw, 1024px\" \/><\/figure>\n\n\n\n<h3 class=\"wp-block-heading\">Sonu\u00e7<\/h3>\n\n\n\n<p class=\"\">YouTube transkriptleri eri\u015filebilirli\u011fi, SEO'yu ve i\u00e7eri\u011fin yeniden kullan\u0131m\u0131n\u0131 iyile\u015ftirmek i\u00e7in paha bi\u00e7ilmezdir. A\u015fa\u011f\u0131daki gibi g\u00fcvenilir ara\u00e7lar kullanarak <a href=\"https:\/\/aiartfree.online\/tr\/youtube-transkripti\/\">https:\/\/aiartfree.online\/youtube-transcript\/<\/a>ile transkriptleri kolayca olu\u015fturabilir, d\u00fczenleyebilir ve indirebilirsiniz. Video i\u00e7eri\u011finizi geli\u015ftirmek ve daha geni\u015f bir kitleye ula\u015fmak i\u00e7in transkriptlerin g\u00fcc\u00fcnden yararlan\u0131n.<\/p>\n\n\n\n<p class=\"\"><\/p>","protected":false},"excerpt":{"rendered":"<p>How to use YouTube Transcript * Depending on your internet speed, loading the model may take a few seconds. \u2193 The Ultimate Guide For YouTube Transcript Table of Contents Introduction In the digital age, content accessibility is paramount. One of the most useful tools for enhancing accessibility and engagement is the YouTube transcript. This guide &#8230; <a title=\"YouTube Transkripti\" class=\"read-more\" href=\"https:\/\/aiartfree.online\/tr\/youtube-transkripti\/\" aria-label=\"Read more about YouTube Transcript\">Devam\u0131n\u0131 oku<\/a><\/p>","protected":false},"author":1,"featured_media":3349,"parent":0,"menu_order":0,"comment_status":"open","ping_status":"closed","template":"","meta":{"nf_dc_page":"","footnotes":""},"class_list":["post-3319","page","type-page","status-publish","has-post-thumbnail"],"jetpack_sharing_enabled":true,"_links":{"self":[{"href":"https:\/\/aiartfree.online\/tr\/wp-json\/wp\/v2\/pages\/3319","targetHints":{"allow":["GET"]}}],"collection":[{"href":"https:\/\/aiartfree.online\/tr\/wp-json\/wp\/v2\/pages"}],"about":[{"href":"https:\/\/aiartfree.online\/tr\/wp-json\/wp\/v2\/types\/page"}],"author":[{"embeddable":true,"href":"https:\/\/aiartfree.online\/tr\/wp-json\/wp\/v2\/users\/1"}],"replies":[{"embeddable":true,"href":"https:\/\/aiartfree.online\/tr\/wp-json\/wp\/v2\/comments?post=3319"}],"version-history":[{"count":1,"href":"https:\/\/aiartfree.online\/tr\/wp-json\/wp\/v2\/pages\/3319\/revisions"}],"predecessor-version":[{"id":3604,"href":"https:\/\/aiartfree.online\/tr\/wp-json\/wp\/v2\/pages\/3319\/revisions\/3604"}],"wp:featuredmedia":[{"embeddable":true,"href":"https:\/\/aiartfree.online\/tr\/wp-json\/wp\/v2\/media\/3349"}],"wp:attachment":[{"href":"https:\/\/aiartfree.online\/tr\/wp-json\/wp\/v2\/media?parent=3319"}],"curies":[{"name":"wp","href":"https:\/\/api.w.org\/{rel}","templated":true}]}}