{"id":3307,"date":"2024-07-29T14:15:31","date_gmt":"2024-07-29T14:15:31","guid":{"rendered":"https:\/\/aiartfree.online\/?page_id=3307"},"modified":"2024-08-02T10:02:58","modified_gmt":"2024-08-02T10:02:58","slug":"face-swap","status":"publish","type":"page","link":"https:\/\/aiartfree.online\/tr\/yuz-degistirme\/","title":{"rendered":"Y\u00fcz De\u011fi\u015ftirme"},"content":{"rendered":"<h2 class=\"wp-block-heading\" id=\"how-to-use-face-swap\">Face Swap nas\u0131l kullan\u0131l\u0131r<\/h2>\n\n\n\n<ol class=\"wp-block-list\">\n<li class=\"\">B\u0131rak\u0131n veya Y\u00fckleyin <strong>Hedef G\u00f6r\u00fcnt\u00fc<\/strong><\/li>\n\n\n\n<li class=\"\">B\u0131rak\u0131n veya Y\u00fckleyin <strong>Kaynak G\u00f6r\u00fcnt\u00fc<\/strong><\/li>\n\n\n\n<li class=\"\">\"Y\u00fcz De\u011fi\u015ftirme \"ye t\u0131klay\u0131n<\/li>\n\n\n\n<li class=\"\">Bekle, i\u015fte bu!<\/li>\n<\/ol>\n\n\n\n<p class=\"\"><em>* \u0130nternet h\u0131z\u0131n\u0131za ba\u011fl\u0131 olarak modelin y\u00fcklenmesi birka\u00e7 saniye s\u00fcrebilir.<br>* S\u00fcrekli olu\u015fturma s\u0131ras\u0131nda \u00f6nbelle\u011fe alma olacakt\u0131r ve yeni g\u00f6r\u00fcnt\u00fc yakla\u015f\u0131k 3 saniye sonra g\u00f6r\u00fcnecektir.<\/em><\/p>\n\n\n\n<div class=\"iframe-wrapper\" style=\"position: relative; width: 100%; height: 1500px;\">\n  <div class=\"loading\" style=\"position: absolute; top: 50px; left: 50%; transform: translate(-50%, -50%); width: 40px; height: 40px; border: 3px solid #f0f0f0; border-top: 3px solid #db7093; border-radius: 50%; animation: spin 1s linear infinite;\"><\/div>\n  <iframe loading=\"lazy\" src=\"https:\/\/felixrosberg-face-swap.hf.space\" frameborder=\"0\" width=\"100%\" height=\"100%\" style=\"position: absolute; top: 0; left: 0; opacity: 0; transition: opacity 0.3s;\" onload=\"this.style.opacity=1;this.previousElementSibling.style.display='none';\"><\/iframe>\n<\/div>\n\n<style>\n@keyframes spin {\n  0% { transform: translate(-50%, -50%) rotate(0deg); }\n  100% { transform: translate(-50%, -50%) rotate(360deg); }\n}\n<\/style>\n\n\n\n<div style=\"height:50px\" aria-hidden=\"true\" class=\"wp-block-spacer\"><\/div>\n\n\n\n<h2 class=\"wp-block-heading\" id=\"face-swap-the-ultimate-guide\">Y\u00fcz De\u011fi\u015ftirme: Nihai K\u0131lavuz<\/h2>\n\n\n\n<div class=\"wp-block-rank-math-toc-block\" id=\"rank-math-toc\"><h3>\u0130\u00e7indekiler<\/h3><nav><ul><li><a href=\"#introduction\">Giri\u015f<\/a><\/li><li><a href=\"#what-is-face-swap\">Face Swap nedir?<\/a><\/li><li><a href=\"#why-use-face-swap\">Neden Y\u00fcz De\u011fi\u015ftirme Kullan\u0131lmal\u0131?<\/a><\/li><li><a href=\"#who-should-use-face-swap\">Face Swap'\u0131 Kimler Kullanmal\u0131?<\/a><\/li><li><a href=\"#top-10-face-swap-tools\">En \u0130yi 10 Y\u00fcz De\u011fi\u015ftirme Arac\u0131<\/a><\/li><li><a href=\"#faq\">SSS<\/a><ul><li><a href=\"#1-what-is-face-swapping\">1. Y\u00fcz de\u011fi\u015ftirme nedir?<\/a><\/li><li><a href=\"#2-is-face-swapping-safe\">2. Y\u00fcz de\u011fi\u015ftirme g\u00fcvenli midir?<\/a><\/li><li><a href=\"#3-can-i-use-face-swap-for-free\">3. Y\u00fcz de\u011fi\u015ftirmeyi \u00fccretsiz kullanabilir miyim?<\/a><\/li><li><a href=\"#4-do-i-need-to-sign-up-to-use-face-swap-tools\">4. Y\u00fcz de\u011fi\u015ftirme ara\u00e7lar\u0131n\u0131 kullanmak i\u00e7in kaydolmam gerekiyor mu?<\/a><\/li><li><a href=\"#5-can-i-swap-faces-in-videos\">5. Videolarda y\u00fczleri de\u011fi\u015ftirebilir miyim?<\/a><\/li><li><a href=\"#6-what-are-the-best-free-face-swap-tools\">6. En iyi \u00fccretsiz y\u00fcz de\u011fi\u015ftirme ara\u00e7lar\u0131 hangileridir?<\/a><\/li><li><a href=\"#7-how-accurate-are-face-swap-tools\">7. Y\u00fcz de\u011fi\u015ftirme ara\u00e7lar\u0131 ne kadar do\u011frudur?<\/a><\/li><li><a href=\"#8-can-i-use-face-swap-for-commercial-purposes\">8. Y\u00fcz takas\u0131n\u0131 ticari ama\u00e7larla kullanabilir miyim?<\/a><\/li><li><a href=\"#9-are-there-any-privacy-concerns-with-face-swap\">9. Y\u00fcz de\u011fi\u015ftirme ile ilgili herhangi bir gizlilik endi\u015fesi var m\u0131?<\/a><\/li><li><a href=\"#10-what-are-the-limitations-of-face-swap-technology\">10. Y\u00fcz de\u011fi\u015ftirme teknolojisinin s\u0131n\u0131rlamalar\u0131 nelerdir?<\/a><\/li><\/ul><\/li><li><a href=\"#conclusion\">Sonu\u00e7<\/a><\/li><\/ul><\/nav><\/div>\n\n\n\n<h3 class=\"wp-block-heading\" id=\"introduction\">Giri\u015f<\/h3>\n\n\n\n<p class=\"\">Y\u00fcz de\u011fi\u015ftirme teknolojisi, dijital medya ile etkile\u015fim \u015feklimizde devrim yaratarak sonsuz e\u011flence ve pratik kullan\u0131mlar sa\u011flad\u0131. Bu k\u0131lavuzda, y\u00fcz de\u011fi\u015ftirmenin ne oldu\u011funu, neden yararl\u0131 oldu\u011funu, kimlerin bundan yararlanabilece\u011fini ke\u015ffedecek ve bug\u00fcn mevcut olan en iyi ara\u00e7lar\u0131 inceleyece\u011fiz. \u00d6ncelikli \u00f6nerimiz <strong>Y\u00fcz De\u011fi\u015ftirme arac\u0131 <a href=\"https:\/\/aiartfree.online\/tr\/yuz-degistirme\/\">aiartfree.online\/face-swap<\/a><\/strong>.<\/p>\n\n\n\n<figure class=\"wp-block-image size-large is-resized\"><img data-recalc-dims=\"1\" data-dominant-color=\"8d7d78\" data-has-transparency=\"false\" decoding=\"async\" width=\"1024\" height=\"452\"   loading=\"lazy\" src=\"https:\/\/i0.wp.com\/aiartfree.online\/wp-content\/uploads\/2024\/07\/WX20240729-174607%402x-1024x452.webp?resize=1024%2C452&#038;ssl=1\" alt=\"AI y\u00fcz de\u011fi\u015ftirme ve \u00e7evrimi\u00e7i y\u00fcz de\u011fi\u015ftirme se\u00e7enekleri de dahil olmak \u00fczere, sorunsuz foto\u011fraf ve video de\u011fi\u015ftirme i\u00e7in en iyi \u00fccretsiz, s\u0131n\u0131rs\u0131z y\u00fcz de\u011fi\u015ftirme ara\u00e7lar\u0131n\u0131 ke\u015ffedin.\" class=\"wp-image-3309 not-transparent\" style=\"--dominant-color: #8d7d78; width:744px;height:auto\" srcset=\"https:\/\/i0.wp.com\/aiartfree.online\/wp-content\/uploads\/2024\/07\/WX20240729-174607%402x-scaled.webp?resize=1024%2C452&amp;ssl=1 1024w, https:\/\/i0.wp.com\/aiartfree.online\/wp-content\/uploads\/2024\/07\/WX20240729-174607%402x-scaled.webp?resize=300%2C133&amp;ssl=1 300w, https:\/\/i0.wp.com\/aiartfree.online\/wp-content\/uploads\/2024\/07\/WX20240729-174607%402x-scaled.webp?resize=768%2C339&amp;ssl=1 768w, https:\/\/i0.wp.com\/aiartfree.online\/wp-content\/uploads\/2024\/07\/WX20240729-174607%402x-scaled.webp?resize=1536%2C679&amp;ssl=1 1536w, https:\/\/i0.wp.com\/aiartfree.online\/wp-content\/uploads\/2024\/07\/WX20240729-174607%402x-scaled.webp?resize=2048%2C905&amp;ssl=1 2048w, https:\/\/i0.wp.com\/aiartfree.online\/wp-content\/uploads\/2024\/07\/WX20240729-174607%402x-scaled.webp?resize=18%2C8&amp;ssl=1 18w, https:\/\/i0.wp.com\/aiartfree.online\/wp-content\/uploads\/2024\/07\/WX20240729-174607%402x-scaled.webp?resize=600%2C265&amp;ssl=1 600w, https:\/\/i0.wp.com\/aiartfree.online\/wp-content\/uploads\/2024\/07\/WX20240729-174607%402x-scaled.webp?w=2400&amp;ssl=1 2400w\" sizes=\"auto, (max-width: 1024px) 100vw, 1024px\" \/><\/figure>\n\n\n\n<h3 class=\"wp-block-heading\" id=\"what-is-face-swap\">Face Swap nedir?<\/h3>\n\n\n\n<p class=\"\">Y\u00fcz de\u011fi\u015ftirme, kullan\u0131c\u0131lar\u0131n foto\u011fraflarda veya videolarda bir y\u00fcz\u00fc dijital olarak ba\u015fka bir y\u00fczle de\u011fi\u015ftirmesine olanak tan\u0131yan bir teknolojidir. De\u011fi\u015ftirilen y\u00fcz\u00fc sorunsuz bir \u015fekilde entegre etmek, do\u011fal ve ger\u00e7ek\u00e7i g\u00f6r\u00fcnmesini sa\u011flamak i\u00e7in geli\u015fmi\u015f yapay zeka ve makine \u00f6\u011frenimi algoritmalar\u0131ndan yararlan\u0131r.<\/p>\n\n\n\n<h3 class=\"wp-block-heading\" id=\"why-use-face-swap\">Neden Y\u00fcz De\u011fi\u015ftirme Kullan\u0131lmal\u0131?<\/h3>\n\n\n\n<p class=\"\">Y\u00fcz de\u011fi\u015ftirme teknolojisi \u00e7e\u015fitli nedenlerden dolay\u0131 gereklidir:<\/p>\n\n\n\n<ul class=\"wp-block-list\">\n<li class=\"\"><strong>E\u011flence<\/strong>: Sosyal medya i\u00e7in komik foto\u011fraflar ve videolar olu\u015fturun.<\/li>\n\n\n\n<li class=\"\"><strong>Pazarlama<\/strong>: Farkl\u0131 demografileri hedeflemek i\u00e7in promosyon i\u00e7eri\u011fini \u00f6zelle\u015ftirin.<\/li>\n\n\n\n<li class=\"\"><strong>E\u011fitim<\/strong>: E\u011fitim sim\u00fclasyonlar\u0131nda ve e\u011fitim videolar\u0131nda kullan\u0131n.<\/li>\n\n\n\n<li class=\"\"><strong>Gizlilik<\/strong>: Hassas i\u00e7eriklerde kimlikleri maskeleyin.<\/li>\n\n\n\n<li class=\"\"><strong>Sanat ve Yarat\u0131c\u0131l\u0131k<\/strong>: Dijital sanat projeleri ile deneyler yap\u0131n.<\/li>\n<\/ul>\n\n\n\n<h3 class=\"wp-block-heading\" id=\"who-should-use-face-swap\">Face Swap'\u0131 Kimler Kullanmal\u0131?<\/h3>\n\n\n\n<p class=\"\">Y\u00fcz de\u011fi\u015ftirme teknolojisi \u00e7e\u015fitli bireyler ve sekt\u00f6rler i\u00e7in faydal\u0131 olabilir:<\/p>\n\n\n\n<ul class=\"wp-block-list\">\n<li class=\"\"><strong>Sosyal Medya Merakl\u0131lar\u0131<\/strong>: \u0130lgi \u00e7ekici ve e\u011flenceli i\u00e7erik olu\u015fturmak.<\/li>\n\n\n\n<li class=\"\"><strong>Dijital Pazarlamac\u0131lar<\/strong>: Pazarlama kampanyalar\u0131n\u0131 uyarlamak i\u00e7in.<\/li>\n\n\n\n<li class=\"\"><strong>E\u011fitimciler ve E\u011fitmenler<\/strong>: \u00d6\u011fretim materyalleri olu\u015fturmak i\u00e7in.<\/li>\n\n\n\n<li class=\"\"><strong>\u0130\u00e7erik Olu\u015fturucular<\/strong>: Projelerine benzersiz bir dokunu\u015f katmak i\u00e7in.<\/li>\n\n\n\n<li class=\"\"><strong>Gizlilik Arayan Bireyler<\/strong>: Payla\u015f\u0131lan medyadaki y\u00fczleri anonimle\u015ftirmek i\u00e7in.<\/li>\n<\/ul>\n\n\n\n<h3 class=\"wp-block-heading\" id=\"top-10-face-swap-tools\">En \u0130yi 10 Y\u00fcz De\u011fi\u015ftirme Arac\u0131<\/h3>\n\n\n\n<p class=\"\">\u0130\u015fte bug\u00fcn mevcut olan en iyi y\u00fcz de\u011fi\u015ftirme ara\u00e7lar\u0131n\u0131n bir kar\u015f\u0131la\u015ft\u0131rmas\u0131:<\/p>\n\n\n\n<figure class=\"wp-block-table\"><table class=\"has-fixed-layout\"><thead><tr><th>Ara\u00e7 Ad\u0131<\/th><th>URL<\/th><th>Avantajlar<\/th><th>Dezavantajlar<\/th><th>G\u00fc\u00e7l\u00fc Y\u00f6nler<\/th><th>Zorluklar<\/th><th>Tavsiyeler<\/th><\/tr><\/thead><tbody><tr><td>Y\u00fcz De\u011fi\u015ftirme Yapay Zekas\u0131<\/td><td><a href=\"https:\/\/aiartfree.online\/tr\/yuz-degistirme\/\">aiartfree.online\/face-swap<\/a><\/td><td>\u00dccretsiz, Kay\u0131t yok, S\u0131n\u0131rs\u0131z<\/td><td>\u0130nternet gerektirir<\/td><td>Y\u00fcksek kaliteli takaslar<\/td><td>Ara s\u0131ra gecikmeler olabilir<\/td><td>\u00dccretsiz kullan\u0131m i\u00e7in genel olarak en iyisi<\/td><\/tr><tr><td>FaceApp<\/td><td>faceapp.com<\/td><td>Kullan\u0131m\u0131 kolay, \u00c7oklu \u00f6zellikler<\/td><td>Filigranl\u0131 g\u00f6r\u00fcnt\u00fcler<\/td><td>Pop\u00fcler, \u00e7ok y\u00f6nl\u00fc<\/td><td>S\u0131n\u0131rl\u0131 \u00fccretsiz s\u00fcr\u00fcm<\/td><td>G\u00fcnl\u00fck kullan\u0131m i\u00e7in harika<\/td><\/tr><tr><td>Yeniden Y\u00fcz<\/td><td>reface.app<\/td><td>Y\u00fcksek kaliteli videolar<\/td><td>T\u00fcm \u00f6zellikler i\u00e7in abonelik gereklidir<\/td><td>Ger\u00e7ek\u00e7i takaslar<\/td><td>S\u0131n\u0131rl\u0131 \u00fccretsiz kullan\u0131m<\/td><td>Video de\u011fi\u015fimleri i\u00e7in ideal<\/td><\/tr><tr><td>Snapchat<\/td><td>snapchat.com<\/td><td>E\u011flenceli filtreler, Sosyal payla\u015f\u0131m<\/td><td>Snapchat hesab\u0131 gerektirir<\/td><td>Gen\u00e7ler aras\u0131nda pop\u00fcler<\/td><td>Uygulama ile s\u0131n\u0131rl\u0131<\/td><td>Sosyal medya i\u00e7in en iyisi<\/td><\/tr><tr><td>DeepFaceLab<\/td><td><a href=\"https:\/\/github.com\/iperov\/DeepFaceLab\" target=\"_blank\" rel=\"noopener\">github.com\/iperov\/DeepFaceLab<\/a><\/td><td>Geli\u015fmi\u015f, \u00d6zelle\u015ftirilebilir<\/td><td>Dik \u00f6\u011frenme e\u011frisi<\/td><td>Son derece \u00f6zelle\u015ftirilebilir<\/td><td>Teknik beceri gerektirir<\/td><td>\u0130leri d\u00fczey kullan\u0131c\u0131lar i\u00e7in en iyisi<\/td><\/tr><tr><td>ZAO<\/td><td>zaomakeup.com<\/td><td>Ger\u00e7ek zamanl\u0131 takaslar<\/td><td>Gizlilik endi\u015feleri<\/td><td>Ger\u00e7ek\u00e7i \u00e7\u0131kt\u0131lar<\/td><td>Veri gizlili\u011fi sorunlar\u0131<\/td><td>Ger\u00e7ek zamanl\u0131 kullan\u0131m i\u00e7in iyi<\/td><\/tr><tr><td>B612<\/td><td>b612.snow.me<\/td><td>Kullan\u0131c\u0131 dostu, E\u011flenceli filtreler<\/td><td>S\u0131n\u0131rl\u0131 \u00f6zellikler<\/td><td>Kullan\u0131m\u0131 kolay<\/td><td>Uygulama indirme gerektirir<\/td><td>Yeni ba\u015flayanlar i\u00e7in harika<\/td><\/tr><tr><td>Y\u00fcz De\u011fi\u015ftirme Canl\u0131<\/td><td>faceswaplive.com<\/td><td>Ger\u00e7ek zamanl\u0131 takas<\/td><td>\u00dccretli uygulama<\/td><td>Ger\u00e7ek zamanl\u0131 sonu\u00e7lar<\/td><td>S\u0131n\u0131rl\u0131 \u00fccretsiz \u00f6zellikler<\/td><td>Canl\u0131 kullan\u0131m i\u00e7in ideal<\/td><\/tr><tr><td>MSQRD<\/td><td>msqrd.me<\/td><td>\u00c7e\u015fitli maskeler<\/td><td>\u00dcretimi durduruldu<\/td><td>E\u011flenceli ve ilgi \u00e7ekici<\/td><td>Art\u0131k g\u00fcncellenmiyor<\/td><td>\u00c7evrimd\u0131\u015f\u0131 kullan\u0131m i\u00e7in iyi<\/td><\/tr><tr><td>Y\u00fcz De\u011fi\u015ftirme Kabini<\/td><td>faceswapbooth.com<\/td><td>\u00d6zelle\u015ftirilebilir takaslar<\/td><td>\u00dccretsiz s\u00fcr\u00fcmde reklamlar<\/td><td>\u00c7ok Y\u00f6nl\u00fc<\/td><td>Tam eri\u015fim i\u00e7in sat\u0131n alma gerekir<\/td><td>\u00d6zelle\u015ftirme i\u00e7in en iyisi<\/td><\/tr><\/tbody><\/table><\/figure>\n\n\n\n<h3 class=\"wp-block-heading\" id=\"faq\">SSS<\/h3>\n\n\n\n<h4 class=\"wp-block-heading\" id=\"1-what-is-face-swapping\">1. Y\u00fcz de\u011fi\u015ftirme nedir?<\/h4>\n\n\n\n<p class=\"\">Y\u00fcz de\u011fi\u015ftirme, yapay zeka ve makine \u00f6\u011frenimi kullanarak foto\u011fraflarda veya videolarda bir y\u00fcz\u00fc dijital olarak ba\u015fka bir y\u00fczle de\u011fi\u015ftiren bir teknolojidir.<\/p>\n\n\n\n<h4 class=\"wp-block-heading\" id=\"2-is-face-swapping-safe\">2. Y\u00fcz de\u011fi\u015ftirme g\u00fcvenli midir?<\/h4>\n\n\n\n<p class=\"\">Evet, sayg\u0131n ara\u00e7lar kullan\u0131rsan\u0131z ve ki\u015fisel verilerinizi korursan\u0131z y\u00fcz takas\u0131 genellikle g\u00fcvenlidir.<\/p>\n\n\n\n<h4 class=\"wp-block-heading\" id=\"3-can-i-use-face-swap-for-free\">3. Y\u00fcz de\u011fi\u015ftirmeyi \u00fccretsiz kullanabilir miyim?<\/h4>\n\n\n\n<p class=\"\">Evet, bir\u00e7ok ara\u00e7 \u00fccretsiz s\u00fcr\u00fcmler sunar, \u00f6rne\u011fin <a href=\"https:\/\/aiartfree.online\/tr\/yuz-degistirme\/\">aiartfree.online\/face-swap<\/a>.<\/p>\n\n\n\n<h4 class=\"wp-block-heading\" id=\"4-do-i-need-to-sign-up-to-use-face-swap-tools\">4. Y\u00fcz de\u011fi\u015ftirme ara\u00e7lar\u0131n\u0131 kullanmak i\u00e7in kaydolmam gerekiyor mu?<\/h4>\n\n\n\n<p class=\"\">Hay\u0131r, a\u015fa\u011f\u0131daki gibi baz\u0131 ara\u00e7lar <a href=\"https:\/\/aiartfree.online\/tr\/yuz-degistirme\/\">aiartfree.online\/face-swap<\/a> kay\u0131t gerektirmez.<\/p>\n\n\n\n<h4 class=\"wp-block-heading\" id=\"5-can-i-swap-faces-in-videos\">5. Videolarda y\u00fczleri de\u011fi\u015ftirebilir miyim?<\/h4>\n\n\n\n<p class=\"\">Evet, Reface gibi baz\u0131 geli\u015fmi\u015f ara\u00e7lar videolarda y\u00fcz de\u011fi\u015ftirmeye izin verir.<\/p>\n\n\n\n<h4 class=\"wp-block-heading\" id=\"6-what-are-the-best-free-face-swap-tools\">6. En iyi \u00fccretsiz y\u00fcz de\u011fi\u015ftirme ara\u00e7lar\u0131 hangileridir?<\/h4>\n\n\n\n<p class=\"\">En iyi \u00fccretsiz ara\u00e7lar \u015funlard\u0131r <a href=\"https:\/\/aiartfree.online\/tr\/yuz-degistirme\/\">aiartfree.online\/face-swap<\/a> ve Snapchat.<\/p>\n\n\n\n<h4 class=\"wp-block-heading\" id=\"7-how-accurate-are-face-swap-tools\">7. Y\u00fcz de\u011fi\u015ftirme ara\u00e7lar\u0131 ne kadar do\u011frudur?<\/h4>\n\n\n\n<p class=\"\">Do\u011fruluk de\u011fi\u015fkendir, ancak DeepFaceLab gibi geli\u015fmi\u015f ara\u00e7lar y\u00fcksek hassasiyet sunar.<\/p>\n\n\n\n<h4 class=\"wp-block-heading\" id=\"8-can-i-use-face-swap-for-commercial-purposes\">8. Y\u00fcz takas\u0131n\u0131 ticari ama\u00e7larla kullanabilir miyim?<\/h4>\n\n\n\n<p class=\"\">Evet, ancak kulland\u0131\u011f\u0131n\u0131z t\u00fcm y\u00fczler i\u00e7in do\u011fru izinlere sahip oldu\u011funuzdan emin olun.<\/p>\n\n\n\n<h4 class=\"wp-block-heading\" id=\"9-are-there-any-privacy-concerns-with-face-swap\">9. Y\u00fcz de\u011fi\u015ftirme ile ilgili herhangi bir gizlilik endi\u015fesi var m\u0131?<\/h4>\n\n\n\n<p class=\"\">Baz\u0131 ara\u00e7lar\u0131n gizlilik sorunlar\u0131 olabilir, bu nedenle veri g\u00fcvenli\u011fine \u00f6ncelik veren ara\u00e7lar\u0131 se\u00e7in.<\/p>\n\n\n\n<h4 class=\"wp-block-heading\" id=\"10-what-are-the-limitations-of-face-swap-technology\">10. Y\u00fcz de\u011fi\u015ftirme teknolojisinin s\u0131n\u0131rlamalar\u0131 nelerdir?<\/h4>\n\n\n\n<p class=\"\">S\u0131n\u0131rlamalar aras\u0131nda potansiyel gecikme, \u00f6\u011frenme e\u011frisi ve de\u011fi\u015fen takas kalitesi yer almaktad\u0131r.<\/p>\n\n\n\n<h3 class=\"wp-block-heading\" id=\"conclusion\">Sonu\u00e7<\/h3>\n\n\n\n<p class=\"\">Y\u00fcz de\u011fi\u015ftirme, geni\u015f bir uygulama yelpazesine sahip \u00e7ok y\u00f6nl\u00fc ve e\u011flenceli bir teknolojidir. \u0130ster e\u011flence ister pratik kullan\u0131m i\u00e7in olsun, herkes i\u00e7in bir ara\u00e7 vard\u0131r. \u00d6nerilenleri denemeyi unutmay\u0131n <a href=\"https:\/\/aiartfree.online\/tr\/yuz-degistirme\/\">aiartfree.online\/face-swap<\/a> \u00fcst d\u00fczey, kay\u0131t gerektirmeyen, s\u0131n\u0131rs\u0131z bir deneyim i\u00e7in.<\/p>","protected":false},"excerpt":{"rendered":"<p>How to use Face Swap *&nbsp;Depending on your internet speed, loading the model may take a few seconds.* There will be caching during continuous generation, and the new image will appear after about 3 seconds. Face Swap: The Ultimate Guide Introduction Face swapping technology has revolutionized how we interact with digital media, providing endless entertainment &#8230; <a title=\"Y\u00fcz De\u011fi\u015ftirme\" class=\"read-more\" href=\"https:\/\/aiartfree.online\/tr\/yuz-degistirme\/\" aria-label=\"Read more about Face Swap\">Devam\u0131n\u0131 oku<\/a><\/p>","protected":false},"author":1,"featured_media":3309,"parent":0,"menu_order":0,"comment_status":"open","ping_status":"closed","template":"","meta":{"nf_dc_page":"","footnotes":""},"class_list":["post-3307","page","type-page","status-publish","has-post-thumbnail"],"jetpack_sharing_enabled":true,"_links":{"self":[{"href":"https:\/\/aiartfree.online\/tr\/wp-json\/wp\/v2\/pages\/3307","targetHints":{"allow":["GET"]}}],"collection":[{"href":"https:\/\/aiartfree.online\/tr\/wp-json\/wp\/v2\/pages"}],"about":[{"href":"https:\/\/aiartfree.online\/tr\/wp-json\/wp\/v2\/types\/page"}],"author":[{"embeddable":true,"href":"https:\/\/aiartfree.online\/tr\/wp-json\/wp\/v2\/users\/1"}],"replies":[{"embeddable":true,"href":"https:\/\/aiartfree.online\/tr\/wp-json\/wp\/v2\/comments?post=3307"}],"version-history":[{"count":0,"href":"https:\/\/aiartfree.online\/tr\/wp-json\/wp\/v2\/pages\/3307\/revisions"}],"wp:featuredmedia":[{"embeddable":true,"href":"https:\/\/aiartfree.online\/tr\/wp-json\/wp\/v2\/media\/3309"}],"wp:attachment":[{"href":"https:\/\/aiartfree.online\/tr\/wp-json\/wp\/v2\/media?parent=3307"}],"curies":[{"name":"wp","href":"https:\/\/api.w.org\/{rel}","templated":true}]}}