{"id":3302,"date":"2024-07-29T14:27:33","date_gmt":"2024-07-29T14:27:33","guid":{"rendered":"https:\/\/aiartfree.online\/?page_id=3302"},"modified":"2024-07-31T13:42:45","modified_gmt":"2024-07-31T13:42:45","slug":"deepfake","status":"publish","type":"page","link":"https:\/\/aiartfree.online\/tr\/deepfake\/","title":{"rendered":"Deepfake"},"content":{"rendered":"<h2 class=\"wp-block-heading has-text-align-center\">\u00d6ncesi ve Sonras\u0131<\/h2>\n\n\n\n<figure class=\"gb-block-image gb-block-image-1822da1f\"><img data-recalc-dims=\"1\" decoding=\"async\" loading=\"lazy\" width=\"1200\" height=\"638\" class=\"gb-image gb-image-1822da1f\" src=\"https:\/\/i0.wp.com\/aiartfree.online\/wp-content\/uploads\/2024\/07\/421722273567_.pic_hd-copy-jpg.webp?resize=1200%2C638&#038;ssl=1\" alt=\"Deepfake teknolojisinin dijital medyada nas\u0131l devrim yaratt\u0131\u011f\u0131n\u0131 ke\u015ffedin. Deepfake&#039;ler olu\u015fturmak, de\u011fi\u015ftirilen y\u00fczleri ve s\u0131n\u0131rs\u0131z yapay zeka uygulamalar\u0131n\u0131 ke\u015ffetmek i\u00e7in en iyi \u00fccretsiz ara\u00e7.\" title=\"421722273567_.pic_hd kopya\" srcset=\"https:\/\/i0.wp.com\/aiartfree.online\/wp-content\/uploads\/2024\/07\/421722273567_.pic_hd-copy-jpg.webp?w=1652&amp;ssl=1 1652w, https:\/\/i0.wp.com\/aiartfree.online\/wp-content\/uploads\/2024\/07\/421722273567_.pic_hd-copy-jpg.webp?resize=300%2C159&amp;ssl=1 300w, https:\/\/i0.wp.com\/aiartfree.online\/wp-content\/uploads\/2024\/07\/421722273567_.pic_hd-copy-jpg.webp?resize=1024%2C544&amp;ssl=1 1024w, https:\/\/i0.wp.com\/aiartfree.online\/wp-content\/uploads\/2024\/07\/421722273567_.pic_hd-copy-jpg.webp?resize=768%2C408&amp;ssl=1 768w, https:\/\/i0.wp.com\/aiartfree.online\/wp-content\/uploads\/2024\/07\/421722273567_.pic_hd-copy-jpg.webp?resize=1536%2C816&amp;ssl=1 1536w, https:\/\/i0.wp.com\/aiartfree.online\/wp-content\/uploads\/2024\/07\/421722273567_.pic_hd-copy-jpg.webp?resize=18%2C10&amp;ssl=1 18w, https:\/\/i0.wp.com\/aiartfree.online\/wp-content\/uploads\/2024\/07\/421722273567_.pic_hd-copy-jpg.webp?resize=600%2C319&amp;ssl=1 600w\" sizes=\"auto, (max-width: 1200px) 100vw, 1200px\" \/><\/figure>\n\n\n\n<h2 class=\"wp-block-heading\">Deepfake nas\u0131l kullan\u0131l\u0131r<\/h2>\n\n\n\n<ol class=\"wp-block-list\">\n<li class=\"\">B\u0131rak\u0131n veya Y\u00fckleyin<strong> Hedef G\u00f6r\u00fcnt\u00fc<\/strong><\/li>\n\n\n\n<li class=\"\">B\u0131rak\u0131n veya Y\u00fckleyin<strong> Kaynak G\u00f6r\u00fcnt\u00fc<\/strong><\/li>\n\n\n\n<li class=\"\">\"G\u00f6nder \"e t\u0131klay\u0131n<\/li>\n\n\n\n<li class=\"\">Bekle, i\u015fte bu!<\/li>\n<\/ol>\n\n\n\n<p class=\"\"><em>* \u0130nternet h\u0131z\u0131n\u0131za ba\u011fl\u0131 olarak, modelin y\u00fcklenmesi birka\u00e7 saniye s\u00fcrebilir. \u2193<\/em><\/p>\n\n\n\n<div style=\"text-align: center; border: 2px solid; border-image-source: linear-gradient(to right, #16b86c, #912899); border-image-slice: 1; box-shadow: 0 0 10px rgba(0, 0, 0, 0.1); border-radius: 15px;\">\n  <iframe loading=\"lazy\"\n    src=\"https:\/\/bingbing520-Swap-Face-Model.hf.space\"\n    frameborder=\"0\"\n    width=\"100%\"\n    height=\"1000\"\n    style=\"display: inline-block; margin: 0 auto;\"\n  ><\/iframe>\n<\/div>\n\n\n\n<div style=\"height:50px\" aria-hidden=\"true\" class=\"wp-block-spacer\"><\/div>\n\n\n\n<h2 class=\"wp-block-heading\">Deepfakes D\u00fcnyas\u0131n\u0131 Ke\u015ffetmek: Tan\u0131m, Kullan\u0131m Alanlar\u0131 ve En \u0130yi Ara\u00e7lar<\/h2>\n\n\n\n<p class=\"\">Deepfake teknolojisi, dijital medya ile etkile\u015fim kurma \u015feklimizde devrim yaratarak benzeri g\u00f6r\u00fclmemi\u015f olanaklar ve zorluklar sunmu\u015ftur. Bu makalede deepfake olu\u015fturma ve tespit etmeye y\u00f6nelik tan\u0131m, uygulamalar ve en iyi ara\u00e7lar ele al\u0131nacakt\u0131r.<\/p>\n\n\n\n<figure class=\"wp-block-image size-large is-resized\"><img data-recalc-dims=\"1\" data-dominant-color=\"75716f\" data-has-transparency=\"false\" decoding=\"async\" width=\"1024\" height=\"544\"   loading=\"lazy\" src=\"https:\/\/i0.wp.com\/aiartfree.online\/wp-content\/uploads\/2024\/07\/421722273567_.pic_hd-copy-1024x544.webp?resize=1024%2C544&#038;ssl=1\" alt=\"Deepfake teknolojisinin dijital medyada nas\u0131l devrim yaratt\u0131\u011f\u0131n\u0131 ke\u015ffedin. Deepfake&#039;ler olu\u015fturmak, de\u011fi\u015ftirilen y\u00fczleri ve s\u0131n\u0131rs\u0131z yapay zeka uygulamalar\u0131n\u0131 ke\u015ffetmek i\u00e7in en iyi \u00fccretsiz ara\u00e7.\" class=\"wp-image-3313 not-transparent\" style=\"--dominant-color: #75716f; width:990px;height:auto\" srcset=\"https:\/\/i0.wp.com\/aiartfree.online\/wp-content\/uploads\/2024\/07\/421722273567_.pic_hd-copy-jpg.webp?resize=1024%2C544&amp;ssl=1 1024w, https:\/\/i0.wp.com\/aiartfree.online\/wp-content\/uploads\/2024\/07\/421722273567_.pic_hd-copy-jpg.webp?resize=300%2C159&amp;ssl=1 300w, https:\/\/i0.wp.com\/aiartfree.online\/wp-content\/uploads\/2024\/07\/421722273567_.pic_hd-copy-jpg.webp?resize=768%2C408&amp;ssl=1 768w, https:\/\/i0.wp.com\/aiartfree.online\/wp-content\/uploads\/2024\/07\/421722273567_.pic_hd-copy-jpg.webp?resize=1536%2C816&amp;ssl=1 1536w, https:\/\/i0.wp.com\/aiartfree.online\/wp-content\/uploads\/2024\/07\/421722273567_.pic_hd-copy-jpg.webp?resize=18%2C10&amp;ssl=1 18w, https:\/\/i0.wp.com\/aiartfree.online\/wp-content\/uploads\/2024\/07\/421722273567_.pic_hd-copy-jpg.webp?resize=600%2C319&amp;ssl=1 600w, https:\/\/i0.wp.com\/aiartfree.online\/wp-content\/uploads\/2024\/07\/421722273567_.pic_hd-copy-jpg.webp?w=1652&amp;ssl=1 1652w\" sizes=\"auto, (max-width: 1024px) 100vw, 1024px\" \/><\/figure>\n\n\n\n<h3 class=\"wp-block-heading\">\u0130\u00e7indekiler<\/h3>\n\n\n\n<ol class=\"wp-block-list\">\n<li class=\"\"><a href=\"#what-is-deepfake\">Deepfake nedir?<\/a><\/li>\n\n\n\n<li class=\"\"><a href=\"#why-use-deepfake\">Neden Deepfake Kullanmal\u0131?<\/a><\/li>\n\n\n\n<li class=\"\"><a href=\"#who-can-benefit-from-deepfake-technology\">Deepfake Teknolojisinden Kimler Faydalanabilir?<\/a><\/li>\n\n\n\n<li class=\"\"><a href=\"#top-10-deepfake-tools\">En \u0130yi 10 Deepfake Arac\u0131<\/a><\/li>\n\n\n\n<li class=\"\"><a href=\"#faq\">SSS<\/a><\/li>\n\n\n\n<li class=\"\"><a href=\"#other-relevant-information\">Di\u011fer \u0130lgili Bilgiler<\/a><\/li>\n<\/ol>\n\n\n\n<h3 class=\"wp-block-heading\">Deepfake nedir?<\/h3>\n\n\n\n<p class=\"\">Deepfake teknolojisi, mevcut bir g\u00f6r\u00fcnt\u00fc veya videodaki bir ki\u015finin ba\u015fka birinin benzeriyle de\u011fi\u015ftirildi\u011fi sentetik medyay\u0131 ifade eder. Bu i\u015flem yapay zeka (AI), \u00f6zellikle de Generative Adversarial Networks (GANs) ve sinir a\u011flar\u0131 kullan\u0131larak ger\u00e7ekle\u015ftirilir. \"Deepfake\" terimi, bu teknolojinin s\u00fcrecini ve sonucunu tan\u0131mlamak i\u00e7in \"derin \u00f6\u011frenme\" ve \"sahte\" kelimelerini bir araya getirmektedir.<\/p>\n\n\n\n<h3 class=\"wp-block-heading\">Neden Deepfake Kullanmal\u0131?<\/h3>\n\n\n\n<p class=\"\">Deepfake teknolojisi \u00e7ok say\u0131da uygulama sunmaktad\u0131r:<\/p>\n\n\n\n<ul class=\"wp-block-list\">\n<li class=\"\"><strong>E\u011flence<\/strong>: Ger\u00e7ek\u00e7i \u00f6zel efektler yaratmak ve filmlerde tarihi fig\u00fcrlere hayat vermek.<\/li>\n\n\n\n<li class=\"\"><strong>E\u011fitim<\/strong>: E\u011fitim ama\u00e7l\u0131 senaryolar\u0131 sim\u00fcle etmek veya ilgi \u00e7ekici e\u011fitim i\u00e7eri\u011fi olu\u015fturmak.<\/li>\n\n\n\n<li class=\"\"><strong>Pazarlama<\/strong>: \u0130zleyicinin kendisini veya bir \u00fcnl\u00fcy\u00fc bir \u00fcr\u00fcn\u00fc onaylarken g\u00f6rd\u00fc\u011f\u00fc ki\u015fiselle\u015ftirilmi\u015f reklamlar.<\/li>\n\n\n\n<li class=\"\"><strong>Sosyal Medya<\/strong>: \u0130lgi \u00e7ekici ve viral i\u00e7erik \u00fcretmek.<\/li>\n<\/ul>\n\n\n\n<p class=\"\">Bununla birlikte, yanl\u0131\u015f bilgi yayma veya deepfake porno olu\u015fturma gibi etik ve yasal kayg\u0131lar\u0131 art\u0131ran k\u00f6t\u00fcye kullan\u0131m potansiyelini kabul etmek \u00f6nemlidir.<\/p>\n\n\n\n<h3 class=\"wp-block-heading\">Deepfake Teknolojisinden Kimler Faydalanabilir?<\/h3>\n\n\n\n<ul class=\"wp-block-list\">\n<li class=\"\"><strong>Film ve Televizyon Sekt\u00f6r\u00fc<\/strong>: Ger\u00e7ek\u00e7i efektler ve \u00f6l\u00fcm sonras\u0131 performanslar yaratmak i\u00e7in.<\/li>\n\n\n\n<li class=\"\"><strong>E\u011fitim Kurumlar\u0131<\/strong>: Etkile\u015fimli \u00f6\u011frenme materyalleri geli\u015ftirmek i\u00e7in.<\/li>\n\n\n\n<li class=\"\"><strong>Pazarlama Ajanslar\u0131<\/strong>: Ki\u015fiselle\u015ftirilmi\u015f reklam kampanyalar\u0131 olu\u015fturmak i\u00e7in.<\/li>\n\n\n\n<li class=\"\"><strong>Sosyal Medya Etkileyicileri<\/strong>: B\u00fcy\u00fcleyici i\u00e7erik \u00fcretmek.<\/li>\n\n\n\n<li class=\"\"><strong>G\u00fcvenlik Ajanslar\u0131<\/strong>: E\u011fitim ama\u00e7l\u0131 ve tespit mekanizmalar\u0131 geli\u015ftirmek i\u00e7in.<\/li>\n<\/ul>\n\n\n\n<h3 class=\"wp-block-heading\">En \u0130yi 10 Deepfake Arac\u0131<\/h3>\n\n\n\n<figure class=\"wp-block-table\"><table class=\"has-fixed-layout\"><thead><tr><th>Alet<\/th><th>Web sitesi<\/th><th>Avantajlar<\/th><th>Dezavantajlar<\/th><th>Zorluklar<\/th><th>Tavsiyeler<\/th><\/tr><\/thead><tbody><tr><td>DeepFaceLab<\/td><td><a href=\"https:\/\/github.com\/iperov\/DeepFaceLab\" target=\"_blank\" rel=\"noopener\">https:\/\/github.com\/iperov\/DeepFaceLab<\/a><\/td><td>A\u00e7\u0131k kaynakl\u0131, y\u00fcksek oranda \u00f6zelle\u015ftirilebilir<\/td><td>Dik \u00f6\u011frenme e\u011frisi<\/td><td>G\u00fc\u00e7l\u00fc donan\u0131m gerektirir<\/td><td>Deneyimli kullan\u0131c\u0131lar i\u00e7in en iyisi<\/td><\/tr><tr><td>Deepfake | \u00dccretsiz Online<\/td><td><a href=\"https:\/\/aiartfree.online\/tr\/deepfake\/\" target=\"_blank\" rel=\"noreferrer noopener\">https:\/\/faceswap.dev\/<\/a><\/td><td>Kullan\u0131m\u0131 kolay, h\u0131zl\u0131 sonu\u00e7lar<\/td><td>Mobil uygulama yok<\/td><td>S\u0131n\u0131rl\u0131 \u00f6zelle\u015ftirme<\/td><td>Teknik ilgiye sahip yeni ba\u015flayanlar i\u00e7in iyi<\/td><\/tr><tr><td>Zao<\/td><td><a href=\"https:\/\/apps.apple.com\/cn\/app\/zao\/id1465199127\" target=\"_blank\" rel=\"noopener\">https:\/\/apps.apple.com\/cn\/app\/zao\/id1465199127<\/a><\/td><td>Kullan\u0131m\u0131 kolay, h\u0131zl\u0131 sonu\u00e7lar<\/td><td>Gizlilik endi\u015feleri<\/td><td>S\u0131n\u0131rl\u0131 \u00f6zelle\u015ftirme<\/td><td>S\u0131radan kullan\u0131c\u0131lar i\u00e7in ideal<\/td><\/tr><tr><td>Yeniden Y\u00fcz<\/td><td><a href=\"https:\/\/reface.app\/\" target=\"_blank\" rel=\"noopener\">https:\/\/reface.app\/<\/a><\/td><td>Kullan\u0131c\u0131 dostu, mobil uygulama<\/td><td>Filigranl\u0131 sonu\u00e7lar<\/td><td>K\u0131sa kliplerle s\u0131n\u0131rl\u0131<\/td><td>Sosyal medya kullan\u0131c\u0131lar\u0131 i\u00e7in harika<\/td><\/tr><tr><td>MyHeritage Derin Nostalji<\/td><td><a>https:\/\/www.myheritage.com\/deep-nostalgia<\/a><\/td><td>Foto\u011fraflar\u0131 canland\u0131r\u0131r, kullan\u0131m\u0131 kolayd\u0131r<\/td><td>Tarihi foto\u011fraflarla s\u0131n\u0131rl\u0131d\u0131r<\/td><td>Abonelik tabanl\u0131<\/td><td>Soybilim merakl\u0131lar\u0131 i\u00e7in m\u00fckemmel<\/td><\/tr><tr><td>AvengeThem<\/td><td><a href=\"https:\/\/aveng-them.com\/\" target=\"_blank\" rel=\"noopener\">https:\/\/aveng-them.com\/<\/a><\/td><td>E\u011flenceli ve e\u011flenceli, s\u00fcper kahraman temalar\u0131<\/td><td>S\u0131n\u0131rl\u0131 uygulama<\/td><td>Ger\u00e7ek\u00e7i de\u011fil<\/td><td>E\u011flence i\u00e7in iyi<\/td><\/tr><tr><td>Derin Sanat Efektleri<\/td><td><a href=\"https:\/\/www.deeparteffects.com\/\" target=\"_blank\" rel=\"noopener\">https:\/\/www.deeparteffects.com\/<\/a><\/td><td>Sanatsal d\u00f6n\u00fc\u015f\u00fcmler<\/td><td>Ger\u00e7ek\u00e7i deepfake'ler i\u00e7in de\u011fil<\/td><td>Abonelik tabanl\u0131<\/td><td>Sanat\u00e7\u0131lar i\u00e7in ideal<\/td><\/tr><tr><td>Deepfakes Web<\/td><td><a href=\"https:\/\/deepfakesweb.com\/\" target=\"_blank\" rel=\"noopener\">https:\/\/deepfakesweb.com\/<\/a><\/td><td>Web tabanl\u0131, kurulum gerektirmez<\/td><td>Abonelik gerekli<\/td><td>Yava\u015f i\u015flem<\/td><td>Ara s\u0131ra kullan\u0131m i\u00e7in uygun<\/td><\/tr><tr><td>Morphin<\/td><td><a href=\"https:\/\/morphinapp.com\/\" target=\"_blank\" rel=\"noopener\">https:\/\/morphinapp.com\/<\/a><\/td><td>E\u011flenceli, kullan\u0131m\u0131 kolay<\/td><td>GIF'lerle s\u0131n\u0131rl\u0131<\/td><td>Ciddi uygulamalar i\u00e7in uygun de\u011fildir<\/td><td>G\u00fcnl\u00fck kullan\u0131m i\u00e7in en iyisi<\/td><\/tr><\/tbody><\/table><\/figure>\n\n\n\n<h3 class=\"wp-block-heading\">SSS<\/h3>\n\n\n\n<ol class=\"wp-block-list\">\n<li class=\"\"><strong>Deepfake nedir?<\/strong>\n<ul class=\"wp-block-list\">\n<li class=\"\">Deepfake, bir ki\u015finin benzerli\u011finin yapay zeka kullan\u0131larak bir ba\u015fkas\u0131n\u0131nkiyle de\u011fi\u015ftirildi\u011fi sentetik bir medyad\u0131r.<\/li>\n<\/ul>\n<\/li>\n\n\n\n<li class=\"\"><strong>Deepfake teknolojisi nas\u0131l \u00e7al\u0131\u015f\u0131r?<\/strong>\n<ul class=\"wp-block-list\">\n<li class=\"\">Videolarda veya g\u00f6r\u00fcnt\u00fclerde ger\u00e7ek\u00e7i de\u011fi\u015fiklikler olu\u015fturmak i\u00e7in derin \u00f6\u011frenme algoritmalar\u0131 ve GAN'lar kullan\u0131r.<\/li>\n<\/ul>\n<\/li>\n\n\n\n<li class=\"\"><strong>Deepfakes yasal m\u0131?<\/strong>\n<ul class=\"wp-block-list\">\n<li class=\"\">Deepfake'lerin yasall\u0131\u011f\u0131, \u00f6zellikle r\u0131za ve hakaret gibi konularda yarg\u0131 yetkisine ve ba\u011flama g\u00f6re de\u011fi\u015fir.<\/li>\n<\/ul>\n<\/li>\n\n\n\n<li class=\"\"><strong>Nas\u0131l deepfake olu\u015fturabilirim?<\/strong>\n<ul class=\"wp-block-list\">\n<li class=\"\">DeepFaceLab veya FaceSwap gibi ara\u00e7lar\u0131 kullan\u0131n, ancak etik ve yasal sonu\u00e7lar\u0131n fark\u0131nda olun.<\/li>\n<\/ul>\n<\/li>\n\n\n\n<li class=\"\"><strong>Deepfakes'in tehlikeleri nelerdir?<\/strong>\n<ul class=\"wp-block-list\">\n<li class=\"\">Yanl\u0131\u015f bilgi yaymak, r\u0131za d\u0131\u015f\u0131 m\u00fcstehcen i\u00e7erik olu\u015fturmak ve itibara zarar vermek i\u00e7in kullan\u0131labilirler.<\/li>\n<\/ul>\n<\/li>\n\n\n\n<li class=\"\"><strong>Derin sahtecilikler tespit edilebilir mi?<\/strong>\n<ul class=\"wp-block-list\">\n<li class=\"\">Evet, sentetik medyay\u0131 tan\u0131mak i\u00e7in geli\u015ftirilen \u00e7e\u015fitli tespit teknikleri ve ara\u00e7lar\u0131 arac\u0131l\u0131\u011f\u0131yla.<\/li>\n<\/ul>\n<\/li>\n\n\n\n<li class=\"\"><strong>Deepfake teknolojisinin gelece\u011fi nedir?<\/strong>\n<ul class=\"wp-block-list\">\n<li class=\"\">Hem yarat\u0131m hem de tespit teknolojilerindeki ilerlemelerle birlikte geli\u015fmeye devam edecektir.<\/li>\n<\/ul>\n<\/li>\n\n\n\n<li class=\"\"><strong>Deepfakes iyilik i\u00e7in kullan\u0131labilir mi?<\/strong>\n<ul class=\"wp-block-list\">\n<li class=\"\">Evet, di\u011fer alanlar\u0131n yan\u0131 s\u0131ra e\u011flence, e\u011fitim ve pazarlama alanlar\u0131nda.<\/li>\n<\/ul>\n<\/li>\n\n\n\n<li class=\"\"><strong>Deepfake'ler ne kadar do\u011frudur?<\/strong>\n<ul class=\"wp-block-list\">\n<li class=\"\">Do\u011fruluk, girdi verilerinin kalitesine ve kullan\u0131lan ara\u00e7lar\u0131n geli\u015fmi\u015fli\u011fine ba\u011fl\u0131d\u0131r.<\/li>\n<\/ul>\n<\/li>\n\n\n\n<li class=\"\"><strong>En iyi deepfake arac\u0131 nedir?<\/strong>\n<ul class=\"wp-block-list\">\n<li class=\"\">Bu ihtiya\u00e7lar\u0131n\u0131za ba\u011fl\u0131d\u0131r; ileri d\u00fczey kullan\u0131c\u0131lar i\u00e7in DeepFaceLab tavsiye edilirken, Reface s\u0131radan kullan\u0131c\u0131lar i\u00e7in harikad\u0131r.<\/li>\n<\/ul>\n<\/li>\n<\/ol>\n\n\n\n<h3 class=\"wp-block-heading\">Di\u011fer \u0130lgili Bilgiler<\/h3>\n\n\n\n<p class=\"\">Yapay zeka ve makine \u00f6\u011frenimi taraf\u0131ndan desteklenen Deepfake teknolojisi, dijital medyada m\u00fcmk\u00fcn olan\u0131n s\u0131n\u0131rlar\u0131n\u0131 zorlamaya devam ediyor. Filmlerde g\u00f6r\u00fclen etkileyici g\u00f6rsel efektlerden yanl\u0131\u015f bilgilendirmenin etik zorluklar\u0131na kadar, deepfake'ler toplumun dikkatle y\u00f6nlendirmesi gereken iki ucu keskin bir k\u0131l\u0131\u00e7t\u0131r. Facebook'un kurucusu Mark Zuckerberg gibi \u00f6nemli isimler ve Donald Trump gibi siyasi fig\u00fcrlerin sahte haber ve videolar\u0131n\u0131 i\u00e7eren olaylar, bu teknolojinin s\u00fcregelen ge\u00e7erlili\u011fini ve etkisini vurgulamaktad\u0131r.<\/p>\n\n\n\n<p class=\"\">Sonu\u00e7 olarak, deepfake teknolojisi heyecan verici olanaklar sunarken, \u00f6nemli sorumluluklar ve zorluklar\u0131 da beraberinde getirmektedir. Teknoloji geli\u015ftik\u00e7e, onu kullanma ve d\u00fczenleme yakla\u015f\u0131mlar\u0131m\u0131z da geli\u015fmelidir.<\/p>","protected":false},"excerpt":{"rendered":"<p>Before vs After How to use Deepfake *&nbsp;Depending on your internet speed, loading the model may take a few seconds. \u2193 Exploring the World of Deepfakes: Definition, Uses, and Top Tools Deepfake technology has revolutionized the way we interact with digital media, offering unprecedented possibilities and challenges. This article will delve into the definition, applications, &#8230; <a title=\"Deepfake\" class=\"read-more\" href=\"https:\/\/aiartfree.online\/tr\/deepfake\/\" aria-label=\"Read more about Deepfake\">Devam\u0131n\u0131 oku<\/a><\/p>","protected":false},"author":1,"featured_media":3313,"parent":0,"menu_order":0,"comment_status":"open","ping_status":"closed","template":"","meta":{"nf_dc_page":"","footnotes":""},"class_list":["post-3302","page","type-page","status-publish","has-post-thumbnail"],"jetpack_sharing_enabled":true,"_links":{"self":[{"href":"https:\/\/aiartfree.online\/tr\/wp-json\/wp\/v2\/pages\/3302","targetHints":{"allow":["GET"]}}],"collection":[{"href":"https:\/\/aiartfree.online\/tr\/wp-json\/wp\/v2\/pages"}],"about":[{"href":"https:\/\/aiartfree.online\/tr\/wp-json\/wp\/v2\/types\/page"}],"author":[{"embeddable":true,"href":"https:\/\/aiartfree.online\/tr\/wp-json\/wp\/v2\/users\/1"}],"replies":[{"embeddable":true,"href":"https:\/\/aiartfree.online\/tr\/wp-json\/wp\/v2\/comments?post=3302"}],"version-history":[{"count":0,"href":"https:\/\/aiartfree.online\/tr\/wp-json\/wp\/v2\/pages\/3302\/revisions"}],"wp:featuredmedia":[{"embeddable":true,"href":"https:\/\/aiartfree.online\/tr\/wp-json\/wp\/v2\/media\/3313"}],"wp:attachment":[{"href":"https:\/\/aiartfree.online\/tr\/wp-json\/wp\/v2\/media?parent=3302"}],"curies":[{"name":"wp","href":"https:\/\/api.w.org\/{rel}","templated":true}]}}