{"id":3292,"date":"2024-07-29T12:48:46","date_gmt":"2024-07-29T12:48:46","guid":{"rendered":"https:\/\/aiartfree.online\/?page_id=3292"},"modified":"2024-08-02T10:03:15","modified_gmt":"2024-08-02T10:03:15","slug":"vocal-remover","status":"publish","type":"page","link":"https:\/\/aiartfree.online\/tr\/vokal-sokucu\/","title":{"rendered":"Vokal S\u00f6k\u00fcc\u00fc"},"content":{"rendered":"<h2 class=\"wp-block-heading\" id=\"how-to-use-vocal-remover\">Vocal Remover nas\u0131l kullan\u0131l\u0131r<\/h2>\n\n\n\n<ol class=\"wp-block-list\">\n<li class=\"\">\u0130\u015flem y\u00f6ntemini se\u00e7in<\/li>\n\n\n\n<li class=\"\">VR modelini se\u00e7in<\/li>\n\n\n\n<li class=\"\">Pencere boyutunu se\u00e7in<\/li>\n\n\n\n<li class=\"\">Ses dosyan\u0131z\u0131 y\u00fckleyin veya b\u0131rak\u0131n<\/li>\n\n\n\n<li class=\"\">\"\u0130\u015fleme Ba\u015fla \"ya t\u0131klay\u0131n<\/li>\n\n\n\n<li class=\"\">Bekle, i\u015fte bu!<\/li>\n<\/ol>\n\n\n\n<p class=\"\"><em>* \u0130nternet h\u0131z\u0131n\u0131za ba\u011fl\u0131 olarak modelin y\u00fcklenmesi birka\u00e7 saniye s\u00fcrebilir.<br>* S\u00fcrekli olu\u015fturma s\u0131ras\u0131nda \u00f6nbelle\u011fe alma olacakt\u0131r ve yeni g\u00f6r\u00fcnt\u00fc yakla\u015f\u0131k 3 saniye sonra g\u00f6r\u00fcnecektir.<\/em><\/p>\n\n\n\n<div class=\"iframe-wrapper\" style=\"position: relative; width: 100%; height: 1300px;\">\n  <div class=\"loading\" style=\"position: absolute; top: 50px; left: 50%; transform: translate(-50%, -50%); width: 40px; height: 40px; border: 3px solid #f0f0f0; border-top: 3px solid #db7093; border-radius: 50%; animation: spin 1s linear infinite;\"><\/div>\n  <iframe loading=\"lazy\" src=\"https:\/\/r3gm-ultimate-vocal-remover-webui.hf.space\" frameborder=\"0\" width=\"100%\" height=\"100%\" style=\"position: absolute; top: 0; left: 0; opacity: 0; transition: opacity 0.3s;\" onload=\"this.style.opacity=1;this.previousElementSibling.style.display='none';\"><\/iframe>\n<\/div>\n\n<style>\n@keyframes spin {\n  0% { transform: translate(-50%, -50%) rotate(0deg); }\n  100% { transform: translate(-50%, -50%) rotate(360deg); }\n}\n<\/style>\n\n\n\n<div style=\"height:50px\" aria-hidden=\"true\" class=\"wp-block-spacer\"><\/div>\n\n\n\n<h2 class=\"wp-block-heading\" id=\"vocal-remover-the-ultimate-guide-to-removing-vocals-from-songs\">Vokal S\u00f6k\u00fcc\u00fc: \u015eark\u0131lardan Vokalleri \u00c7\u0131karmak \u0130\u00e7in Nihai Rehber<\/h2>\n\n\n\n<div class=\"wp-block-rank-math-toc-block\" id=\"rank-math-toc\"><h3>\u0130\u00e7indekiler<\/h3><nav><ul><li><a href=\"#introduction\">Giri\u015f<\/a><\/li><li><a href=\"#what-is-a-vocal-remover\">Vokal S\u00f6k\u00fcc\u00fc nedir?<\/a><\/li><li><a href=\"#why-use-a-vocal-remover\">Neden Vokal S\u00f6k\u00fcc\u00fc Kullan\u0131lmal\u0131?<\/a><\/li><li><a href=\"#who-can-benefit-from-using-a-vocal-remover\">Kimler Vokal S\u00f6k\u00fcc\u00fc Kullanmaktan Yararlanabilir?<\/a><\/li><li><a href=\"#top-10-vocal-remover-tools-pros-cons-advantages-challenges-and-recommendations\">En \u0130yi 10 Vokal S\u00f6k\u00fcc\u00fc Ara\u00e7: Art\u0131lar\u0131, Eksileri, Avantajlar\u0131, Zorluklar\u0131 ve \u00d6neriler<\/a><\/li><li><a href=\"#faq-frequently-asked-questions-about-vocal-removers\">SSS: Vokal S\u00f6k\u00fcc\u00fcler Hakk\u0131nda S\u0131k\u00e7a Sorulan Sorular<\/a><\/li><li><a href=\"#conclusion\">Sonu\u00e7<\/a><\/li><\/ul><\/nav><\/div>\n\n\n\n<h3 class=\"wp-block-heading\" id=\"introduction\">Giri\u015f<\/h3>\n\n\n\n<p class=\"\">\u015eark\u0131lardan vokalleri \u00e7\u0131karmak m\u00fczisyenler, yap\u0131mc\u0131lar ve hobiciler i\u00e7in oyunun kurallar\u0131n\u0131 de\u011fi\u015ftirebilir. \u0130ster karaoke par\u00e7alar\u0131 olu\u015fturuyor, ister \u015fark\u0131lar\u0131 remiksliyor veya e\u011fitim ama\u00e7l\u0131 vokalleri \u00e7\u0131kar\u0131yor olun, vokal \u00e7\u0131kar\u0131c\u0131lar s\u00fcreci basit ve etkili hale getirebilir. Bu makalede vokal \u00e7\u0131kar\u0131c\u0131lar\u0131n inceliklerini ke\u015ffedecek, mevcut en iyi ara\u00e7lar\u0131 tart\u0131\u015facak ve s\u0131k sorulan sorular\u0131 yan\u0131tlamak i\u00e7in ayr\u0131nt\u0131l\u0131 bir SSS b\u00f6l\u00fcm\u00fc sunaca\u011f\u0131z.<\/p>\n\n\n\n<figure class=\"wp-block-image size-full is-resized\"><img data-recalc-dims=\"1\" data-dominant-color=\"58514d\" data-has-transparency=\"false\" decoding=\"async\" width=\"1024\" height=\"1024\"   loading=\"lazy\" src=\"https:\/\/i0.wp.com\/aiartfree.online\/wp-content\/uploads\/2024\/07\/image-31-2.webp?resize=1024%2C1024&#038;ssl=1\" alt=\"Bir \u015fark\u0131dan vokalleri kald\u0131rmak i\u00e7in en iyi vokal kald\u0131rma ara\u00e7lar\u0131n\u0131 ke\u015ffedin. \u00dccretsiz, s\u0131n\u0131rs\u0131z, kay\u0131t gerektirmeyen se\u00e7enekleri ve yapay zeka destekli AI Vocal Remover&#039;\u0131 ke\u015ffedin.\" class=\"wp-image-3297 not-transparent\" style=\"--dominant-color: #58514d; width:536px;height:auto\" srcset=\"https:\/\/i0.wp.com\/aiartfree.online\/wp-content\/uploads\/2024\/07\/image-31-2.webp?w=1024&amp;ssl=1 1024w, https:\/\/i0.wp.com\/aiartfree.online\/wp-content\/uploads\/2024\/07\/image-31-2.webp?resize=300%2C300&amp;ssl=1 300w, https:\/\/i0.wp.com\/aiartfree.online\/wp-content\/uploads\/2024\/07\/image-31-2.webp?resize=150%2C150&amp;ssl=1 150w, https:\/\/i0.wp.com\/aiartfree.online\/wp-content\/uploads\/2024\/07\/image-31-2.webp?resize=768%2C768&amp;ssl=1 768w, https:\/\/i0.wp.com\/aiartfree.online\/wp-content\/uploads\/2024\/07\/image-31-2.webp?resize=12%2C12&amp;ssl=1 12w, https:\/\/i0.wp.com\/aiartfree.online\/wp-content\/uploads\/2024\/07\/image-31-2.webp?resize=600%2C600&amp;ssl=1 600w, https:\/\/i0.wp.com\/aiartfree.online\/wp-content\/uploads\/2024\/07\/image-31-2.webp?resize=100%2C100&amp;ssl=1 100w\" sizes=\"auto, (max-width: 1024px) 100vw, 1024px\" \/><\/figure>\n\n\n\n<h3 class=\"wp-block-heading\" id=\"what-is-a-vocal-remover\">Vokal S\u00f6k\u00fcc\u00fc nedir?<\/h3>\n\n\n\n<p class=\"\">Vokal giderici, bir m\u00fczik par\u00e7as\u0131ndaki vokalleri izole etmek ve kald\u0131rmak i\u00e7in ses i\u015fleme algoritmalar\u0131n\u0131 kullanan bir yaz\u0131l\u0131m veya ara\u00e7t\u0131r. Bu i\u015flem tipik olarak bir \u015fark\u0131n\u0131n vokal ve enstr\u00fcmantal bile\u015fenlerini birbirinden ay\u0131rmak i\u00e7in faz iptali ve frekans filtreleme tekniklerini i\u00e7erir.<\/p>\n\n\n\n<h3 class=\"wp-block-heading\" id=\"why-use-a-vocal-remover\">Neden Vokal S\u00f6k\u00fcc\u00fc Kullan\u0131lmal\u0131?<\/h3>\n\n\n\n<p class=\"\">Bir ses \u00e7\u0131kar\u0131c\u0131 kullanmak \u00e7e\u015fitli avantajlar sunar:<\/p>\n\n\n\n<ul class=\"wp-block-list\">\n<li class=\"\"><strong>Yarat\u0131c\u0131 \u00d6zg\u00fcrl\u00fck:<\/strong> M\u00fczisyenlerin ve yap\u0131mc\u0131lar\u0131n \u015fark\u0131lar\u0131n enstr\u00fcmantal versiyonlar\u0131n\u0131 veya remikslerini olu\u015fturmalar\u0131n\u0131 sa\u011flar.<\/li>\n\n\n\n<li class=\"\"><strong>Karaoke Par\u00e7alar\u0131:<\/strong> Orijinal vokalleri kald\u0131rarak karaoke par\u00e7alar\u0131n\u0131n olu\u015fturulmas\u0131n\u0131 sa\u011flar.<\/li>\n\n\n\n<li class=\"\"><strong>\u00d6\u011frenme Arac\u0131:<\/strong> M\u00fczik \u00f6\u011frencilerinin ve vokalistlerin enstr\u00fcmantal par\u00e7alarla birlikte \u015fark\u0131 s\u00f6yleyerek pratik yapmalar\u0131na yard\u0131mc\u0131 olur.<\/li>\n\n\n\n<li class=\"\"><strong>\u0130\u00e7erik Olu\u015fturma:<\/strong> Vokalsiz arka plan m\u00fczi\u011fine ihtiya\u00e7 duyan i\u00e7erik olu\u015fturucular i\u00e7in kullan\u0131\u015fl\u0131d\u0131r.<\/li>\n<\/ul>\n\n\n\n<h3 class=\"wp-block-heading\" id=\"who-can-benefit-from-using-a-vocal-remover\">Kimler Vokal S\u00f6k\u00fcc\u00fc Kullanmaktan Yararlanabilir?<\/h3>\n\n\n\n<p class=\"\">Vokal \u00e7\u0131kar\u0131c\u0131lar, a\u015fa\u011f\u0131dakiler de dahil olmak \u00fczere \u00e7e\u015fitli gruplar i\u00e7in faydal\u0131d\u0131r:<\/p>\n\n\n\n<ul class=\"wp-block-list\">\n<li class=\"\"><strong>M\u00fczisyenler ve Yap\u0131mc\u0131lar:<\/strong> Remiksler ve enstr\u00fcmanlar olu\u015fturmak i\u00e7in.<\/li>\n\n\n\n<li class=\"\"><strong>Karaoke Merakl\u0131lar\u0131:<\/strong> \u015eark\u0131 s\u00f6ylemek i\u00e7in karaoke par\u00e7alar\u0131 olu\u015fturmak i\u00e7in.<\/li>\n\n\n\n<li class=\"\"><strong>M\u00fczik \u00d6\u011frencileri ve \u00d6\u011fretmenleri:<\/strong> E\u011fitim ama\u00e7l\u0131.<\/li>\n\n\n\n<li class=\"\"><strong>\u0130\u00e7erik Olu\u015fturucular:<\/strong> Videolarda veya sunumlarda arka plan m\u00fczi\u011fi kullanmak i\u00e7in.<\/li>\n\n\n\n<li class=\"\"><strong>DJ'ler:<\/strong> Benzersiz kar\u0131\u015f\u0131mlar ve mashuplar olu\u015fturmak i\u00e7in.<\/li>\n<\/ul>\n\n\n\n<h3 class=\"wp-block-heading\" id=\"top-10-vocal-remover-tools-pros-cons-advantages-challenges-and-recommendations\">En \u0130yi 10 Vokal S\u00f6k\u00fcc\u00fc Ara\u00e7: Art\u0131lar\u0131, Eksileri, Avantajlar\u0131, Zorluklar\u0131 ve \u00d6neriler<\/h3>\n\n\n\n<figure class=\"wp-block-table\"><table class=\"has-fixed-layout\"><thead><tr><th>Ara\u00e7\/Web Sitesi<\/th><th>Art\u0131lar\u0131<\/th><th>Eksiler<\/th><th>Avantajlar<\/th><th>Zorluklar<\/th><th>Tavsiyeler<\/th><\/tr><\/thead><tbody><tr><td><a href=\"https:\/\/aiartfree.online\/tr\/vokal-sokucu\/\">AI Art \u00dccretsiz Vokal S\u00f6k\u00fcc\u00fc<\/a><\/td><td>\u00dccretsiz, S\u0131n\u0131rs\u0131z, Kay\u0131t Yok, Y\u00fcksek ses kalitesi<\/td><td>S\u0131n\u0131rl\u0131 \u00f6zelle\u015ftirme se\u00e7enekleri<\/td><td>Kullan\u0131m\u0131 kolay, yapay zeka destekli<\/td><td>T\u00fcm ses formatlar\u0131n\u0131 i\u015flemeyebilir<\/td><td>H\u0131zl\u0131 ve y\u00fcksek kaliteli ses \u00e7\u0131karma i\u00e7in ideal<\/td><\/tr><tr><td>Noteburner AI Vokal S\u00f6k\u00fcc\u00fc<\/td><td>Y\u00fcksek kaliteli ses \u00e7\u0131karma, Kullan\u0131c\u0131 dostu aray\u00fcz<\/td><td>Deneme s\u00fcresinden sonra sat\u0131n alma gerektirir<\/td><td>Geli\u015fmi\u015f yapay zeka algoritmalar\u0131, \u0130yi m\u00fc\u015fteri deste\u011fi<\/td><td>Di\u011fer ara\u00e7lara k\u0131yasla daha y\u00fcksek maliyet<\/td><td>Hassas ses \u00e7\u0131karma isteyen profesyoneller i\u00e7in ideal<\/td><\/tr><tr><td>PhonicMind<\/td><td>\u00c7e\u015fitli formatlar\u0131 destekler, Toplu i\u015fleme yetenekleri<\/td><td>\u00dccretli hizmet<\/td><td>Do\u011fru vokal ve enstr\u00fcmantal ayr\u0131m\u0131<\/td><td>G\u00fc\u00e7l\u00fc internet ba\u011flant\u0131s\u0131 gerektirir<\/td><td>Toplu i\u015fleme ve y\u00fcksek do\u011fruluk i\u00e7in en iyisi<\/td><\/tr><tr><td>Lalal.ai<\/td><td>Basit ad\u0131mlar, Yaz\u0131l\u0131m kurulumu gerekmez<\/td><td>S\u0131n\u0131rl\u0131 \u00fccretsiz kullan\u0131m<\/td><td>H\u0131zl\u0131 i\u015fleme, Hem ses hem de video dosyalar\u0131n\u0131 destekler<\/td><td>\u00dccretsiz s\u00fcr\u00fcmde k\u0131sa par\u00e7alarla s\u0131n\u0131rl\u0131<\/td><td>H\u0131zl\u0131 ve kolay ses \u00e7\u0131karma ihtiyac\u0131 duyan kullan\u0131c\u0131lar i\u00e7in uygundur<\/td><\/tr><tr><td>Audacity<\/td><td>\u00dccretsiz ve a\u00e7\u0131k kaynakl\u0131, Kapsaml\u0131 ses d\u00fczenleme \u00f6zellikleri<\/td><td>Daha dik \u00f6\u011frenme e\u011frisi, Manuel s\u00fcre\u00e7<\/td><td>\u00d6zelle\u015ftirilebilir, \u00c7oklu formatlar\u0131 destekler<\/td><td>Biraz teknik bilgi gerektirir<\/td><td>Geli\u015fmi\u015f ses d\u00fczenleme \u00f6zelliklerine ihtiya\u00e7 duyan kullan\u0131c\u0131lar i\u00e7in ideal<\/td><\/tr><tr><td>Spleeter<\/td><td>A\u00e7\u0131k kaynakl\u0131, Python tabanl\u0131, Son derece \u00f6zelle\u015ftirilebilir<\/td><td>Teknik uzmanl\u0131k gerektirir, Komut sat\u0131r\u0131 arac\u0131<\/td><td>G\u00fc\u00e7l\u00fc yapay zeka algoritmalar\u0131, \u00dccretsiz<\/td><td>Kurulum ve ayarlama karma\u015f\u0131k olabilir<\/td><td>Teknoloji merakl\u0131s\u0131 kullan\u0131c\u0131lar ve geli\u015ftiriciler i\u00e7in en iyisi<\/td><\/tr><tr><td>VocalRemover.org<\/td><td>\u00dccretsiz \u00e7evrimi\u00e7i ara\u00e7, Kullan\u0131c\u0131 dostu aray\u00fcz<\/td><td>\u00c7evrimi\u00e7i kullan\u0131mla s\u0131n\u0131rl\u0131d\u0131r, Reklamlar m\u00fcdahaleci olabilir<\/td><td>H\u0131zl\u0131 ve kolay kullan\u0131m, Yaz\u0131l\u0131m indirmeye gerek yok<\/td><td>Ses kalitesi par\u00e7aya ba\u011fl\u0131 olarak de\u011fi\u015febilir<\/td><td>S\u0131radan kullan\u0131c\u0131lar ve h\u0131zl\u0131 g\u00f6revler i\u00e7in m\u00fckemmel<\/td><\/tr><tr><td><a href=\"http:\/\/X-Minus.pro\" target=\"_blank\" data-type=\"link\" data-id=\"X-Minus.pro\" rel=\"noreferrer noopener\">X-Minus.pro<\/a><\/td><td>Y\u00fcksek kaliteli \u00e7\u0131kt\u0131, \u00c7oklu dil deste\u011fi<\/td><td>Abonelik tabanl\u0131<\/td><td>Y\u00fcksek do\u011fruluk, Toplu i\u015fleme<\/td><td>T\u00fcm \u00f6zellikler i\u00e7in abonelik gerektirir<\/td><td>Tutarl\u0131 kaliteye ihtiya\u00e7 duyan s\u0131k kullan\u0131c\u0131lar i\u00e7in ideal<\/td><\/tr><tr><td>Karaoke Anything<\/td><td>\u00dccretsiz yaz\u0131l\u0131m, Basit aray\u00fcz<\/td><td>S\u0131n\u0131rl\u0131 \u00f6zellikler, yaln\u0131zca Windows<\/td><td>Kullan\u0131m\u0131 kolay, Temel ses \u00e7\u0131karma i\u015flemleri i\u00e7in etkili<\/td><td>Yaln\u0131zca Windows'ta kullan\u0131labilir<\/td><td>Yeni ba\u015flayanlar i\u00e7in iyi<\/td><\/tr><tr><td>WavePad Ses D\u00fczenleyici<\/td><td>Kapsaml\u0131 ses d\u00fczenleme paketi, \u00c7oklu format deste\u011fi<\/td><td>\u00dccretli yaz\u0131l\u0131m<\/td><td>\u00c7ok y\u00f6nl\u00fc, Bir\u00e7ok ses efekti i\u00e7erir<\/td><td>Yeni kullan\u0131c\u0131lar i\u00e7in bunalt\u0131c\u0131 olabilir<\/td><td>Tam \u00f6zellikli bir ses d\u00fczenleme paketine ihtiya\u00e7 duyan kullan\u0131c\u0131lar i\u00e7in m\u00fckemmel<\/td><\/tr><\/tbody><\/table><\/figure>\n\n\n\n<h3 class=\"wp-block-heading\" id=\"faq-frequently-asked-questions-about-vocal-removers\">SSS: Vokal S\u00f6k\u00fcc\u00fcler Hakk\u0131nda S\u0131k\u00e7a Sorulan Sorular<\/h3>\n\n\n\n<ol class=\"wp-block-list\">\n<li class=\"\"><strong>Bir \u015fark\u0131dan vokaller nas\u0131l kald\u0131r\u0131l\u0131r?<\/strong>\n<ul class=\"wp-block-list\">\n<li class=\"\">Bir par\u00e7adaki vokalleri izole etmek ve kald\u0131rmak i\u00e7in AI Art Free Vocal Remover veya Audacity gibi vokal giderici ara\u00e7lar\u0131 kullanabilirsiniz.<\/li>\n<\/ul>\n<\/li>\n\n\n\n<li class=\"\"><strong>Bir \u015fark\u0131dan vokalleri nas\u0131l \u00e7\u0131kar\u0131rs\u0131n\u0131z?<\/strong>\n<ul class=\"wp-block-list\">\n<li class=\"\">\u00c7o\u011fu ara\u00e7 vokalleri kald\u0131rmak i\u00e7in faz iptal ve frekans filtreleme tekniklerini kullan\u0131r. Par\u00e7an\u0131z\u0131 y\u00fcklemeniz ve arac\u0131n talimatlar\u0131n\u0131 takip etmeniz yeterlidir.<\/li>\n<\/ul>\n<\/li>\n\n\n\n<li class=\"\"><strong>Bir \u015fark\u0131dan vokalleri nas\u0131l kald\u0131rabilirim?<\/strong>\n<ul class=\"wp-block-list\">\n<li class=\"\">Bir vokal giderici ara\u00e7 se\u00e7in, ses dosyan\u0131z\u0131 y\u00fckleyin ve arac\u0131n vokalleri kald\u0131rmak i\u00e7in dosyay\u0131 i\u015flemesine izin verin.<\/li>\n<\/ul>\n<\/li>\n\n\n\n<li class=\"\"><strong>Bir par\u00e7adan vokaller nas\u0131l kald\u0131r\u0131l\u0131r?<\/strong>\n<ul class=\"wp-block-list\">\n<li class=\"\">Par\u00e7an\u0131zdaki vokalleri i\u015flemek ve kald\u0131rmak i\u00e7in Noteburner AI Vocal Remover gibi bir yaz\u0131l\u0131m veya Lalal.ai gibi \u00e7evrimi\u00e7i ara\u00e7lar kullan\u0131n.<\/li>\n<\/ul>\n<\/li>\n\n\n\n<li class=\"\"><strong>M\u00fczikten vokaller nas\u0131l kald\u0131r\u0131l\u0131r?<\/strong>\n<ul class=\"wp-block-list\">\n<li class=\"\">PhonicMind ve VocalRemover.org gibi ara\u00e7lar, m\u00fczik par\u00e7alar\u0131ndaki vokalleri \u00e7evrimi\u00e7i olarak kald\u0131rman\u0131n kolay yollar\u0131n\u0131 sunar.<\/li>\n<\/ul>\n<\/li>\n\n\n\n<li class=\"\"><strong>Bir \u015fark\u0131dan vokalleri tamamen \u00e7\u0131karmak m\u00fcmk\u00fcn m\u00fc?<\/strong>\n<ul class=\"wp-block-list\">\n<li class=\"\">Ses kalitesini etkilemeden vokalleri tamamen kald\u0131rmak zor olsa da, geli\u015fmi\u015f ara\u00e7lar y\u00fcksek do\u011fruluk elde edebilir.<\/li>\n<\/ul>\n<\/li>\n\n\n\n<li class=\"\"><strong>En iyi ses \u00e7\u0131kar\u0131c\u0131 nedir?<\/strong>\n<ul class=\"wp-block-list\">\n<li class=\"\">En iyi vokal \u00e7\u0131kar\u0131c\u0131 ihtiya\u00e7lar\u0131n\u0131za ba\u011fl\u0131d\u0131r. AI Art Free Vocal Remover h\u0131zl\u0131 kullan\u0131m i\u00e7in harikayken, Noteburner AI Vocal Remover profesyoneller i\u00e7in m\u00fckemmeldir.<\/li>\n<\/ul>\n<\/li>\n\n\n\n<li class=\"\"><strong>Vokal gidericiler vokalleri arka plan m\u00fczi\u011finden do\u011fru bir \u015fekilde ay\u0131rabilir mi?<\/strong>\n<ul class=\"wp-block-list\">\n<li class=\"\">Evet, bir\u00e7ok vokal giderici, \u00f6zellikle de yapay zeka algoritmalar\u0131 kullananlar, vokalleri arka plan m\u00fczi\u011finden do\u011fru bir \u015fekilde ay\u0131rabilir.<\/li>\n<\/ul>\n<\/li>\n\n\n\n<li class=\"\"><strong>\u00dccretsiz ses giderici ara\u00e7lar var m\u0131?<\/strong>\n<ul class=\"wp-block-list\">\n<li class=\"\">Evet, VocalRemover.org ve Audacity gibi ara\u00e7lar \u015fark\u0131lardan vokalleri kald\u0131rmak i\u00e7in \u00fccretsiz se\u00e7enekler sunuyor.<\/li>\n<\/ul>\n<\/li>\n\n\n\n<li class=\"\"><strong>Vokal \u00e7\u0131kar\u0131c\u0131lar t\u00fcm ses dosyalar\u0131nda \u00e7al\u0131\u015f\u0131r m\u0131?<\/strong>\n<ul class=\"wp-block-list\">\n<li class=\"\">\u00c7o\u011fu vokal \u00e7\u0131kar\u0131c\u0131 yayg\u0131n ses formatlar\u0131n\u0131 destekler, ancak etkinlik par\u00e7an\u0131n kalitesine ve karma\u015f\u0131kl\u0131\u011f\u0131na ba\u011fl\u0131 olarak de\u011fi\u015febilir.<\/li>\n<\/ul>\n<\/li>\n<\/ol>\n\n\n\n<h3 class=\"wp-block-heading\" id=\"conclusion\">Sonu\u00e7<\/h3>\n\n\n\n<p class=\"\">Vokal \u00e7\u0131kar\u0131c\u0131lar m\u00fczisyenler, yap\u0131mc\u0131lar ve i\u00e7erik olu\u015fturucular i\u00e7in paha bi\u00e7ilmez ara\u00e7lard\u0131r. Do\u011fru ara\u00e7la kolayca enstr\u00fcmantal versiyonlar, remiksler ve karaoke par\u00e7alar\u0131 olu\u015fturabilirsiniz. Bu k\u0131lavuz, bilin\u00e7li bir se\u00e7im yapman\u0131za yard\u0131mc\u0131 olmak i\u00e7in art\u0131lar\u0131, eksileri ve \u00f6nerileriyle birlikte mevcut en iyi vokal \u00e7\u0131kar\u0131c\u0131 ara\u00e7lara genel bir bak\u0131\u015f sa\u011flam\u0131\u015ft\u0131r.<\/p>","protected":false},"excerpt":{"rendered":"<p>How to use Vocal Remover *&nbsp;Depending on your internet speed, loading the model may take a few seconds.* There will be caching during continuous generation, and the new image will appear after about 3 seconds. Vocal Remover: The Ultimate Guide to Removing Vocals from Songs Introduction Removing vocals from songs can be a game-changer for &#8230; <a title=\"Vokal S\u00f6k\u00fcc\u00fc\" class=\"read-more\" href=\"https:\/\/aiartfree.online\/tr\/vokal-sokucu\/\" aria-label=\"Read more about Vocal Remover\">Devam\u0131n\u0131 oku<\/a><\/p>","protected":false},"author":1,"featured_media":3297,"parent":0,"menu_order":0,"comment_status":"closed","ping_status":"closed","template":"","meta":{"nf_dc_page":"","footnotes":""},"class_list":["post-3292","page","type-page","status-publish","has-post-thumbnail"],"jetpack_sharing_enabled":true,"_links":{"self":[{"href":"https:\/\/aiartfree.online\/tr\/wp-json\/wp\/v2\/pages\/3292","targetHints":{"allow":["GET"]}}],"collection":[{"href":"https:\/\/aiartfree.online\/tr\/wp-json\/wp\/v2\/pages"}],"about":[{"href":"https:\/\/aiartfree.online\/tr\/wp-json\/wp\/v2\/types\/page"}],"author":[{"embeddable":true,"href":"https:\/\/aiartfree.online\/tr\/wp-json\/wp\/v2\/users\/1"}],"replies":[{"embeddable":true,"href":"https:\/\/aiartfree.online\/tr\/wp-json\/wp\/v2\/comments?post=3292"}],"version-history":[{"count":0,"href":"https:\/\/aiartfree.online\/tr\/wp-json\/wp\/v2\/pages\/3292\/revisions"}],"wp:featuredmedia":[{"embeddable":true,"href":"https:\/\/aiartfree.online\/tr\/wp-json\/wp\/v2\/media\/3297"}],"wp:attachment":[{"href":"https:\/\/aiartfree.online\/tr\/wp-json\/wp\/v2\/media?parent=3292"}],"curies":[{"name":"wp","href":"https:\/\/api.w.org\/{rel}","templated":true}]}}