{"id":3281,"date":"2024-07-28T12:00:16","date_gmt":"2024-07-28T12:00:16","guid":{"rendered":"https:\/\/aiartfree.online\/?page_id=3281"},"modified":"2024-08-02T11:09:05","modified_gmt":"2024-08-02T11:09:05","slug":"watermark-remover","status":"publish","type":"page","link":"https:\/\/aiartfree.online\/tr\/filigran-kaldirici\/","title":{"rendered":"Filigran Kald\u0131r\u0131c\u0131"},"content":{"rendered":"<h2 class=\"wp-block-heading has-text-align-center\" id=\"before-vs-after\">\u00d6ncesi ve Sonras\u0131<\/h2>\n\n\n\n<figure class=\"gb-block-image gb-block-image-1822da1f\"><img data-recalc-dims=\"1\" decoding=\"async\" loading=\"lazy\" width=\"1024\" height=\"518\" class=\"gb-image gb-image-1822da1f\" src=\"https:\/\/i0.wp.com\/aiartfree.online\/wp-content\/uploads\/2024\/07\/WX20240729-171649%402x-1024x518.webp?resize=1024%2C518&#038;ssl=1\" alt=\"Filigran kald\u0131r\u0131c\u0131, foto\u011fraflar\u0131n veya videolar\u0131n \u00fczerine yerle\u015ftirilmi\u015f logolar\u0131, metinleri veya grafikleri silmek i\u00e7in AI kullan\u0131r ve sahiplik i\u015faretlerini kald\u0131rarak orijinal medyay\u0131 geri y\u00fckler.\" title=\"WX20240729-171649@2x\" srcset=\"https:\/\/i0.wp.com\/aiartfree.online\/wp-content\/uploads\/2024\/07\/WX20240729-171649%402x-scaled.webp?resize=1024%2C518&amp;ssl=1 1024w, https:\/\/i0.wp.com\/aiartfree.online\/wp-content\/uploads\/2024\/07\/WX20240729-171649%402x-scaled.webp?resize=300%2C152&amp;ssl=1 300w, https:\/\/i0.wp.com\/aiartfree.online\/wp-content\/uploads\/2024\/07\/WX20240729-171649%402x-scaled.webp?resize=768%2C388&amp;ssl=1 768w, https:\/\/i0.wp.com\/aiartfree.online\/wp-content\/uploads\/2024\/07\/WX20240729-171649%402x-scaled.webp?resize=1536%2C777&amp;ssl=1 1536w, https:\/\/i0.wp.com\/aiartfree.online\/wp-content\/uploads\/2024\/07\/WX20240729-171649%402x-scaled.webp?resize=2048%2C1036&amp;ssl=1 2048w, https:\/\/i0.wp.com\/aiartfree.online\/wp-content\/uploads\/2024\/07\/WX20240729-171649%402x-scaled.webp?resize=18%2C9&amp;ssl=1 18w, https:\/\/i0.wp.com\/aiartfree.online\/wp-content\/uploads\/2024\/07\/WX20240729-171649%402x-scaled.webp?resize=600%2C303&amp;ssl=1 600w, https:\/\/i0.wp.com\/aiartfree.online\/wp-content\/uploads\/2024\/07\/WX20240729-171649%402x-scaled.webp?w=2400&amp;ssl=1 2400w\" sizes=\"auto, (max-width: 1024px) 100vw, 1024px\" \/><\/figure>\n\n\n\n<h2 class=\"wp-block-heading\" id=\"how-to-use-watermark-remover\">Watermark Remover nas\u0131l kullan\u0131l\u0131r<\/h2>\n\n\n\n<ol class=\"wp-block-list\">\n<li class=\"\">Resminizi B\u0131rak\u0131n veya Y\u00fckleyin<\/li>\n\n\n\n<li class=\"\"><strong>G\u00f6r\u00fcnt\u00fcn\u00fcn kald\u0131rmak istedi\u011finiz k\u0131sm\u0131n\u0131 \u00e7izin (f\u0131r\u00e7alay\u0131n)<\/strong><\/li>\n\n\n\n<li class=\"\">\"G\u00f6nder \"e t\u0131klay\u0131n<\/li>\n\n\n\n<li class=\"\">Bekle, i\u015fte bu!<\/li>\n<\/ol>\n\n\n\n<p class=\"\"><em>* \u0130nternet h\u0131z\u0131n\u0131za ba\u011fl\u0131 olarak modelin y\u00fcklenmesi birka\u00e7 saniye s\u00fcrebilir.<br>* S\u00fcrekli olu\u015fturma s\u0131ras\u0131nda \u00f6nbelle\u011fe alma olacakt\u0131r ve yeni g\u00f6r\u00fcnt\u00fc yakla\u015f\u0131k 3 saniye sonra g\u00f6r\u00fcnecektir.<\/em><\/p>\n\n\n\n<div style=\"text-align: center; border: 2px solid; border-image-source: linear-gradient(to right, #16b86c, #912899); border-image-slice: 1; box-shadow: 0 0 10px rgba(0, 0, 0, 0.1); border-radius: 15px; position: relative;\">\n  <div id=\"loading\" style=\"position: absolute; top: 100px; left: 50%; transform: translate(-50%, -50%); z-index: 1000;\">\n    <div style=\"width: 50px; height: 50px; border: 5px solid #f3f3f3; border-top: 5px solid #16b86c; border-radius: 50%; animation: spin 1s linear infinite;\"><\/div>\n  <\/div>\n  <iframe loading=\"lazy\"\n    src=\"https:\/\/rooc-remove-photo-object.hf.space\"\n    frameborder=\"0\"\n    width=\"100%\"\n    height=\"2500\"\n    style=\"display: inline-block; margin: 0 auto;\"\n    onload=\"document.getElementById('loading').style.display='none';\"\n  ><\/iframe>\n<\/div>\n\n<style>\n  @keyframes spin {\n    0% { transform: rotate(0deg); }\n    100% { transform: rotate(360deg); }\n  }\n<\/style>\n\n\n\n<div style=\"height:50px\" aria-hidden=\"true\" class=\"wp-block-spacer\"><\/div>\n\n\n\n<h2 class=\"wp-block-heading\" id=\"introduction-of-watermark-remover\">Filigran S\u00f6k\u00fcc\u00fcn\u00fcn Tan\u0131t\u0131m\u0131<\/h2>\n\n\n\n<div class=\"wp-block-rank-math-toc-block\" id=\"rank-math-toc\"><h3>\u0130\u00e7indekiler<\/h3><nav><ul><li><a href=\"#what-is-a-watermark-remover\">Filigran S\u00f6k\u00fcc\u00fc nedir?<\/a><\/li><li><a href=\"#why-use-a-watermark-remover\">Neden Filigran S\u00f6k\u00fcc\u00fc Kullanmal\u0131s\u0131n\u0131z?<\/a><\/li><li><a href=\"#who-can-benefit-from-using-a-watermark-remover\">Filigran S\u00f6k\u00fcc\u00fc Kullanmaktan Kimler Yararlanabilir?<\/a><\/li><li><a href=\"#top-10-watermark-remover-tools-features-pros-cons-advantages-challenges-and-suggestions\">En \u0130yi 10 Filigran Kald\u0131rma Arac\u0131: \u00d6zellikler, Art\u0131lar, Eksiler, Avantajlar, Zorluklar ve \u00d6neriler<\/a><\/li><li><a href=\"#frequently-asked-questions-faq\">S\u0131k\u00e7a Sorulan Sorular (SSS)<\/a><\/li><\/ul><\/nav><\/div>\n\n\n\n<h3 class=\"wp-block-heading\" id=\"what-is-a-watermark-remover\">Filigran S\u00f6k\u00fcc\u00fc nedir?<\/h3>\n\n\n\n<p class=\"\">Filigran s\u00f6k\u00fcc\u00fc, foto\u011fraflardan veya videolardan filigranlar\u0131 kald\u0131rmak i\u00e7in tasarlanm\u0131\u015f bir ara\u00e7 veya yaz\u0131l\u0131md\u0131r. Filigranlar genellikle sahiplik veya telif hakk\u0131n\u0131 belirtmek i\u00e7in g\u00f6r\u00fcnt\u00fclerin veya videolar\u0131n \u00fczerine yerle\u015ftirilen logolar, metinler veya di\u011fer grafiklerdir. Bir filigran kald\u0131r\u0131c\u0131, bu filigranlar\u0131 tan\u0131mlamak ve silmek i\u00e7in genellikle AI taraf\u0131ndan desteklenen geli\u015fmi\u015f algoritmalar kullan\u0131r ve orijinal g\u00f6r\u00fcnt\u00fcy\u00fc veya videoyu bozulmadan b\u0131rak\u0131r.<\/p>\n\n\n\n<h3 class=\"wp-block-heading\" id=\"why-use-a-watermark-remover\">Neden Filigran S\u00f6k\u00fcc\u00fc Kullanmal\u0131s\u0131n\u0131z?<\/h3>\n\n\n\n<p class=\"\">Bir filigran s\u00f6k\u00fcc\u00fc kullanmak \u00e7e\u015fitli nedenlerden dolay\u0131 \u00e7ok \u00f6nemli olabilir:<\/p>\n\n\n\n<ul class=\"wp-block-list\">\n<li class=\"\"><strong>Restorasyon<\/strong>: Orijinal medyay\u0131 herhangi bir engel olmadan geri y\u00fcklemeye yard\u0131mc\u0131 olur.<\/li>\n\n\n\n<li class=\"\"><strong>Profesyonel Kullan\u0131m<\/strong>: \u00c7al\u0131\u015fmalar\u0131 i\u00e7in temiz g\u00f6r\u00fcnt\u00fc ve videolara ihtiya\u00e7 duyan foto\u011fraf\u00e7\u0131lar, videograflar ve tasar\u0131mc\u0131lar i\u00e7in vazge\u00e7ilmezdir.<\/li>\n\n\n\n<li class=\"\"><strong>\u0130\u00e7erik D\u00fczenleme<\/strong>: Kullan\u0131c\u0131lar\u0131n filigranlar\u0131n dikkatini da\u011f\u0131tmadan medyay\u0131 d\u00fczenlemelerine ve yeniden kullanmalar\u0131na olanak tan\u0131r.<\/li>\n\n\n\n<li class=\"\"><strong>Yasal Kullan\u0131m<\/strong>: Hak sahibi oldu\u011funuz ancak \u00f6nceki kullan\u0131m veya da\u011f\u0131t\u0131m nedeniyle filigranl\u0131 olan medyadan filigranlar\u0131 kald\u0131rmak \u00f6nemlidir.<\/li>\n<\/ul>\n\n\n\n<h3 class=\"wp-block-heading\" id=\"who-can-benefit-from-using-a-watermark-remover\">Filigran S\u00f6k\u00fcc\u00fc Kullanmaktan Kimler Yararlanabilir?<\/h3>\n\n\n\n<p class=\"\">Filigran s\u00f6k\u00fcc\u00fc kullan\u0131m\u0131ndan \u00e7e\u015fitli ki\u015filer ve sekt\u00f6rler faydalanabilir:<\/p>\n\n\n\n<ul class=\"wp-block-list\">\n<li class=\"\"><strong>Foto\u011fraf\u00e7\u0131lar<\/strong>: Portfolyo sunumu i\u00e7in resimlerini temizlemek.<\/li>\n\n\n\n<li class=\"\"><strong>\u0130\u00e7erik Olu\u015fturucular<\/strong>: Sosyal medya ve web siteleri i\u00e7in filigrans\u0131z i\u00e7erik olu\u015fturmak i\u00e7in.<\/li>\n\n\n\n<li class=\"\"><strong>Pazarlama Profesyonelleri<\/strong>: Tan\u0131t\u0131m malzemelerinin temiz ve profesyonel g\u00f6r\u00fcn\u00fcml\u00fc olmas\u0131n\u0131 sa\u011flamak.<\/li>\n\n\n\n<li class=\"\"><strong>E\u011fitimciler<\/strong>: Sunumlarda ve e\u011fitim materyallerinde g\u00f6r\u00fcnt\u00fcleri ve videolar\u0131 dikkat da\u011f\u0131tmadan kullanmak i\u00e7in.<\/li>\n\n\n\n<li class=\"\"><strong>\u0130\u015fletmeler<\/strong>: Pazarlama ve markala\u015fma materyallerinde profesyonel bir imaj\u0131 korumak.<\/li>\n<\/ul>\n\n\n\n<h3 class=\"wp-block-heading\" id=\"top-10-watermark-remover-tools-features-pros-cons-advantages-challenges-and-suggestions\">En \u0130yi 10 Filigran Kald\u0131rma Arac\u0131: \u00d6zellikler, Art\u0131lar, Eksiler, Avantajlar, Zorluklar ve \u00d6neriler<\/h3>\n\n\n\n<figure class=\"wp-block-table\"><table class=\"has-fixed-layout\"><thead><tr><th>Ara\u00e7 Ad\u0131<\/th><th>URL<\/th><th>\u00d6zellikler<\/th><th>Art\u0131lar\u0131<\/th><th>Eksiler<\/th><th>Avantajlar<\/th><th>Zorluklar<\/th><th>\u00d6neriler<\/th><\/tr><\/thead><tbody><tr><td>AI Art \u00dccretsiz Filigran S\u00f6k\u00fcc\u00fc<\/td><td><a href=\"https:\/\/aiartfree.online\/tr\/filigran-kaldirici\/\">AI Art \u00dccretsiz<\/a><\/td><td>\u00dccretsiz, S\u0131n\u0131rs\u0131z, Kay\u0131t Yok, Yapay Zeka Destekli, Kullan\u0131c\u0131 Dostu<\/td><td>Kullan\u0131m\u0131 kolay, \u00dccretsiz, Kay\u0131t gerektirmez, Y\u00fcksek kaliteli \u00e7\u0131kt\u0131<\/td><td>S\u0131n\u0131rl\u0131 geli\u015fmi\u015f \u00f6zellikler<\/td><td>H\u0131zl\u0131 ve kolay \u00e7\u0131karma i\u00e7in m\u00fckemmel<\/td><td>Karma\u015f\u0131k arka planlarda iyi \u00e7al\u0131\u015fmayabilir<\/td><td>H\u0131zl\u0131 filigran kald\u0131rmaya ihtiya\u00e7 duyan s\u0131radan kullan\u0131c\u0131lar i\u00e7in ideal<\/td><\/tr><tr><td>Kald\u0131r.bg<\/td><td>Kald\u0131r.bg<\/td><td>Yapay zeka destekli, Foto\u011fraflar\u0131 destekler<\/td><td>Y\u00fcksek do\u011fruluk, Kullan\u0131c\u0131 dostu<\/td><td>Foto\u011fraflarla s\u0131n\u0131rl\u0131d\u0131r, \u00dccretsiz de\u011fildir<\/td><td>Foto\u011fraf\u00e7\u0131lar i\u00e7in harika<\/td><td>Premium \u00f6zellikler i\u00e7in abonelik gereklidir<\/td><td>Foto\u011fraflara odaklanan kullan\u0131c\u0131lar i\u00e7in m\u00fckemmel<\/td><\/tr><tr><td>Inpaint<\/td><td>Inpaint<\/td><td>Manuel se\u00e7im, \u00c7e\u015fitli formatlar\u0131 destekler<\/td><td>Y\u00fcksek kontrol, \u00c7ok y\u00f6nl\u00fc<\/td><td>Manuel s\u00fcre\u00e7 zaman al\u0131c\u0131 olabilir<\/td><td>Detayl\u0131 \u00e7al\u0131\u015fmalar i\u00e7in ideal<\/td><td>Dik \u00f6\u011frenme e\u011frisi<\/td><td>\u0130leri d\u00fczey kullan\u0131c\u0131lar i\u00e7in \u00f6nerilir<\/td><\/tr><tr><td>Apowersoft Filigran Kald\u0131r\u0131c\u0131<\/td><td>Apowersoft<\/td><td>Toplu i\u015fleme, Foto\u011fraflar\u0131 ve videolar\u0131 destekler<\/td><td>Verimli, \u00c7ok Y\u00f6nl\u00fc<\/td><td>T\u00fcm \u00f6zellikler i\u00e7in abonelik gereklidir<\/td><td>Toplu g\u00f6revler i\u00e7in iyi<\/td><td>Maliyetli olabilir<\/td><td>Toplu ihtiya\u00e7lar\u0131 olan s\u0131k kullan\u0131c\u0131lar i\u00e7in en iyisi<\/td><\/tr><tr><td>HitPaw Filigran Kald\u0131r\u0131c\u0131<\/td><td>HitPaw<\/td><td>Foto\u011fraf ve videolar\u0131 destekler, yapay zeka destekli<\/td><td>Y\u00fcksek kalite, \u00c7ok y\u00f6nl\u00fc<\/td><td>T\u00fcm \u00f6zellikler i\u00e7in abonelik gereklidir<\/td><td>Hem foto\u011fraflar hem de videolar i\u00e7in uygundur<\/td><td>Pahal\u0131 olabilir<\/td><td>Profesyoneller i\u00e7in harika<\/td><\/tr><tr><td>SoftOrbits Foto\u011fraf Damgas\u0131 \u00c7\u0131kar\u0131c\u0131<\/td><td>SoftOrbits<\/td><td>Yapay zeka destekli, Toplu i\u015flemeyi destekler<\/td><td>Verimli, Do\u011fru<\/td><td>Premium \u00f6zellikler i\u00e7in abonelik gereklidir<\/td><td>Toplu i\u015fler i\u00e7in ideal<\/td><td>Ara s\u0131ra kullananlar i\u00e7in maliyetli<\/td><td>S\u0131k kullan\u0131c\u0131lar i\u00e7in \u00f6nerilir<\/td><\/tr><tr><td>Wondershare Fotophire<\/td><td>Fotophire<\/td><td>\u00c7e\u015fitli formatlar\u0131 destekler, Kullan\u0131m\u0131 kolay<\/td><td>\u00c7ok Y\u00f6nl\u00fc, Kullan\u0131c\u0131 Dostu<\/td><td>T\u00fcm \u00f6zellikler i\u00e7in abonelik gereklidir<\/td><td>Yeni ba\u015flayanlar i\u00e7in harika<\/td><td>Pahal\u0131<\/td><td>Yeni kullan\u0131c\u0131lar i\u00e7in ideal<\/td><\/tr><tr><td>GIMP<\/td><td>GIMP<\/td><td>\u00dccretsiz, A\u00e7\u0131k kaynak, Manuel d\u00fczenleme<\/td><td>Son derece \u00f6zelle\u015ftirilebilir, \u00dccretsiz<\/td><td>Dik \u00f6\u011frenme e\u011frisi<\/td><td>Detayl\u0131 d\u00fczenleme i\u00e7in ideal<\/td><td>Karma\u015f\u0131k aray\u00fcz<\/td><td>\u0130leri d\u00fczey kullan\u0131c\u0131lar i\u00e7in en iyisi<\/td><\/tr><tr><td>PhotoWorks<\/td><td>PhotoWorks<\/td><td>Yapay zeka destekli, \u00c7e\u015fitli formatlar\u0131 destekler<\/td><td>Do\u011fru, Kullan\u0131m\u0131 kolay<\/td><td>T\u00fcm \u00f6zellikler i\u00e7in abonelik gereklidir<\/td><td>G\u00fcnl\u00fck ve profesyonel kullan\u0131m i\u00e7in ideal<\/td><td>Maliyetli olabilir<\/td><td>T\u00fcm kullan\u0131c\u0131 seviyeleri i\u00e7in m\u00fckemmel<\/td><\/tr><tr><td>Pixlr<\/td><td><a href=\"https:\/\/bingimagecreator.online\/\" target=\"_blank\" data-type=\"link\" data-id=\"https:\/\/bingimagecreator.online\/\" rel=\"noreferrer noopener\">Pixlr<\/a><\/td><td>\u00dccretsiz, \u00c7evrimi\u00e7i ara\u00e7, Manuel d\u00fczenleme<\/td><td>Eri\u015filebilir, \u00dccretsiz<\/td><td>S\u0131n\u0131rl\u0131 geli\u015fmi\u015f \u00f6zellikler<\/td><td>H\u0131zl\u0131 d\u00fczenlemeler i\u00e7in iyi<\/td><td>S\u0131n\u0131rl\u0131 i\u015flevler<\/td><td>H\u0131zl\u0131 ve basit g\u00f6revler i\u00e7in en iyisi<\/td><\/tr><\/tbody><\/table><\/figure>\n\n\n\n<h3 class=\"wp-block-heading\" id=\"frequently-asked-questions-faq\">S\u0131k\u00e7a Sorulan Sorular (SSS)<\/h3>\n\n\n\n<ol class=\"wp-block-list\">\n<li class=\"\"><strong>Foto\u011fraftan filigran nas\u0131l kald\u0131r\u0131l\u0131r?<\/strong>\n<ul class=\"wp-block-list\">\n<li class=\"\">Bir foto\u011fraftan filigran\u0131 kald\u0131rmak i\u00e7in AI Art Free Watermark Remover gibi \u00e7evrimi\u00e7i ara\u00e7lar\u0131 kullanabilirsiniz. Basit\u00e7e foto\u011fraf\u0131 y\u00fckleyin, filigran alan\u0131n\u0131 se\u00e7in ve ara\u00e7 sizin i\u00e7in otomatik olarak kald\u0131racakt\u0131r.<\/li>\n<\/ul>\n<\/li>\n\n\n\n<li class=\"\"><strong>Videodan filigran nas\u0131l kald\u0131r\u0131l\u0131r?<\/strong>\n<ul class=\"wp-block-list\">\n<li class=\"\">Video formatlar\u0131n\u0131 destekleyen Apowersoft Watermark Remover gibi ara\u00e7lar\u0131 kullan\u0131n. Videoyu y\u00fckleyin, filigran alan\u0131n\u0131 se\u00e7in ve ara\u00e7 filigran\u0131 kald\u0131rmak i\u00e7in videoyu i\u015fleyecektir.<\/li>\n<\/ul>\n<\/li>\n\n\n\n<li class=\"\"><strong>\u00dccretsiz bir filigran kald\u0131r\u0131c\u0131 var m\u0131?<\/strong>\n<ul class=\"wp-block-list\">\n<li class=\"\">Evet, AI Art Free Watermark Remover kay\u0131t olmadan s\u0131n\u0131rs\u0131z kullan\u0131ma izin veren \u00fccretsiz bir ara\u00e7t\u0131r.<\/li>\n<\/ul>\n<\/li>\n\n\n\n<li class=\"\"><strong>Yapay zeka filigranlar\u0131 kald\u0131rabilir mi?<\/strong>\n<ul class=\"wp-block-list\">\n<li class=\"\">Evet, AI Art Free Watermark Remover ve Remove.bg gibi yapay zeka destekli ara\u00e7lar, geli\u015fmi\u015f algoritmalar kullanarak resimlerdeki filigranlar\u0131 etkili bir \u015fekilde kald\u0131rabilir.<\/li>\n<\/ul>\n<\/li>\n\n\n\n<li class=\"\"><strong>Foto\u011fraflar i\u00e7in en iyi filigran kald\u0131r\u0131c\u0131 nedir?<\/strong>\n<ul class=\"wp-block-list\">\n<li class=\"\">AI Art Free Watermark Remover ve Remove.bg, y\u00fcksek do\u011fruluklar\u0131 ve kullan\u0131m kolayl\u0131klar\u0131 nedeniyle foto\u011fraflardan filigranlar\u0131 kald\u0131rmak i\u00e7in en iyi ara\u00e7lar aras\u0131ndad\u0131r.<\/li>\n<\/ul>\n<\/li>\n\n\n\n<li class=\"\"><strong>Videolar i\u00e7in en iyi filigran kald\u0131r\u0131c\u0131 nedir?<\/strong>\n<ul class=\"wp-block-list\">\n<li class=\"\">Apowersoft Watermark Remover ve HitPaw Watermark Remover, videolardan filigranlar\u0131 kald\u0131rmak i\u00e7in m\u00fckemmel se\u00e7eneklerdir.<\/li>\n<\/ul>\n<\/li>\n\n\n\n<li class=\"\"><strong>S\u0131n\u0131rs\u0131z kullan\u0131ml\u0131 filigran kald\u0131r\u0131c\u0131lar var m\u0131?<\/strong>\n<ul class=\"wp-block-list\">\n<li class=\"\">Evet, AI Art Free Watermark Remover herhangi bir kay\u0131t veya abonelik olmadan s\u0131n\u0131rs\u0131z kullan\u0131m sunar.<\/li>\n<\/ul>\n<\/li>\n\n\n\n<li class=\"\"><strong>Resimlerden istenmeyen nesneler nas\u0131l kald\u0131r\u0131l\u0131r?<\/strong>\n<ul class=\"wp-block-list\">\n<li class=\"\">Inpaint gibi ara\u00e7lar, istenmeyen nesnelerin g\u00f6r\u00fcnt\u00fclerden manuel olarak se\u00e7ilmesine ve kald\u0131r\u0131lmas\u0131na olanak tan\u0131yarak d\u00fczenleme s\u00fcreci \u00fczerinde hassas kontrol sa\u011flar.<\/li>\n<\/ul>\n<\/li>\n\n\n\n<li class=\"\"><strong>Kullan\u0131c\u0131 dostu filigran kald\u0131r\u0131c\u0131lar var m\u0131?<\/strong>\n<ul class=\"wp-block-list\">\n<li class=\"\">Evet, AI Art Free Watermark Remover ve Wondershare Fotophire gibi ara\u00e7lar kullan\u0131c\u0131 dostu aray\u00fczleriyle bilinir.<\/li>\n<\/ul>\n<\/li>\n\n\n\n<li class=\"\"><strong>Filigran kald\u0131r\u0131c\u0131lar orijinal kaliteyi koruyabilir mi?<\/strong>\n<ul class=\"wp-block-list\">\n<li class=\"\">AI Art Free Watermark Remover ve HitPaw Watermark Remover gibi y\u00fcksek kaliteli ara\u00e7lar, filigranlar\u0131 kald\u0131rd\u0131ktan sonra g\u00f6r\u00fcnt\u00fclerin ve videolar\u0131n orijinal kalitesini korumak i\u00e7in tasarlanm\u0131\u015ft\u0131r.<\/li>\n<\/ul>\n<\/li>\n<\/ol>","protected":false},"excerpt":{"rendered":"<p>Before vs After How to use Watermark Remover *&nbsp;Depending on your internet speed, loading the model may take a few seconds.* There will be caching during continuous generation, and the new image will appear after about 3 seconds. Introduction of Watermark Remover What is a Watermark Remover? A watermark remover is a tool or software &#8230; <a title=\"Filigran Kald\u0131r\u0131c\u0131\" class=\"read-more\" href=\"https:\/\/aiartfree.online\/tr\/filigran-kaldirici\/\" aria-label=\"Read more about Watermark Remover\">Devam\u0131n\u0131 oku<\/a><\/p>","protected":false},"author":1,"featured_media":3304,"parent":0,"menu_order":0,"comment_status":"open","ping_status":"closed","template":"","meta":{"nf_dc_page":"","footnotes":""},"class_list":["post-3281","page","type-page","status-publish","has-post-thumbnail"],"jetpack_sharing_enabled":true,"_links":{"self":[{"href":"https:\/\/aiartfree.online\/tr\/wp-json\/wp\/v2\/pages\/3281","targetHints":{"allow":["GET"]}}],"collection":[{"href":"https:\/\/aiartfree.online\/tr\/wp-json\/wp\/v2\/pages"}],"about":[{"href":"https:\/\/aiartfree.online\/tr\/wp-json\/wp\/v2\/types\/page"}],"author":[{"embeddable":true,"href":"https:\/\/aiartfree.online\/tr\/wp-json\/wp\/v2\/users\/1"}],"replies":[{"embeddable":true,"href":"https:\/\/aiartfree.online\/tr\/wp-json\/wp\/v2\/comments?post=3281"}],"version-history":[{"count":0,"href":"https:\/\/aiartfree.online\/tr\/wp-json\/wp\/v2\/pages\/3281\/revisions"}],"wp:featuredmedia":[{"embeddable":true,"href":"https:\/\/aiartfree.online\/tr\/wp-json\/wp\/v2\/media\/3304"}],"wp:attachment":[{"href":"https:\/\/aiartfree.online\/tr\/wp-json\/wp\/v2\/media?parent=3281"}],"curies":[{"name":"wp","href":"https:\/\/api.w.org\/{rel}","templated":true}]}}