{"id":3270,"date":"2024-07-28T10:35:14","date_gmt":"2024-07-28T10:35:14","guid":{"rendered":"https:\/\/aiartfree.online\/?page_id=3270"},"modified":"2024-07-31T13:03:11","modified_gmt":"2024-07-31T13:03:11","slug":"ai-photo-generator","status":"publish","type":"page","link":"https:\/\/aiartfree.online\/tr\/ai-fotograf-olusturucu\/","title":{"rendered":"AI Foto\u011fraf Olu\u015fturucu"},"content":{"rendered":"<h2 class=\"wp-block-heading has-text-align-center\">Kullan\u0131c\u0131lar\u0131m\u0131z ne yaratt\u0131<\/h2>\n\n\n\n<figure class=\"gb-block-image gb-block-image-1822da1f\"><img data-recalc-dims=\"1\" decoding=\"async\" loading=\"lazy\" width=\"1200\" height=\"823\" class=\"gb-image gb-image-1822da1f\" src=\"https:\/\/i0.wp.com\/aiartfree.online\/wp-content\/uploads\/2024\/07\/WX20240731-165815%402x.jpg?resize=1200%2C823&#038;ssl=1\" alt=\"AI Foto\u011fraf Olu\u015fturucu\" title=\"WX20240731-165815@2x\" srcset=\"https:\/\/i0.wp.com\/aiartfree.online\/wp-content\/uploads\/2024\/07\/WX20240731-165815%402x.jpg?w=1630&amp;ssl=1 1630w, https:\/\/i0.wp.com\/aiartfree.online\/wp-content\/uploads\/2024\/07\/WX20240731-165815%402x.jpg?resize=300%2C206&amp;ssl=1 300w, https:\/\/i0.wp.com\/aiartfree.online\/wp-content\/uploads\/2024\/07\/WX20240731-165815%402x.jpg?resize=1024%2C702&amp;ssl=1 1024w, https:\/\/i0.wp.com\/aiartfree.online\/wp-content\/uploads\/2024\/07\/WX20240731-165815%402x.jpg?resize=768%2C527&amp;ssl=1 768w, https:\/\/i0.wp.com\/aiartfree.online\/wp-content\/uploads\/2024\/07\/WX20240731-165815%402x.jpg?resize=1536%2C1054&amp;ssl=1 1536w, https:\/\/i0.wp.com\/aiartfree.online\/wp-content\/uploads\/2024\/07\/WX20240731-165815%402x.jpg?resize=18%2C12&amp;ssl=1 18w, https:\/\/i0.wp.com\/aiartfree.online\/wp-content\/uploads\/2024\/07\/WX20240731-165815%402x.jpg?resize=600%2C412&amp;ssl=1 600w\" sizes=\"auto, (max-width: 1200px) 100vw, 1200px\" \/><\/figure>\n\n\n\n<h2 class=\"wp-block-heading\">AI Photo Generator nas\u0131l kullan\u0131l\u0131r<\/h2>\n\n\n\n<ol class=\"wp-block-list\">\n<li class=\"\">\u0130steminizi girin veya \u0130stem \u00d6rneklerinden birini se\u00e7in<\/li>\n\n\n\n<li class=\"\">\"Olu\u015ftur \"a t\u0131klay\u0131n<\/li>\n\n\n\n<li class=\"\">Bekle, i\u015fte bu!<\/li>\n<\/ol>\n\n\n\n<h3 class=\"wp-block-heading has-medium-font-size\">\u0130stem \u00d6rnekleri<\/h3>\n\n\n\n<ul class=\"wp-block-list has-small-font-size\">\n<li class=\"\">g\u00fczel kad\u0131n, gece, y\u0131ld\u0131zlarla, karma\u015f\u0131k, zarif, son derece detayl\u0131, p\u00fcr\u00fczs\u00fcz, keskin odak<\/li>\n\n\n\n<li class=\"\">g\u00fczel kad\u0131n, gece, bilim kurgu, fantezi, karma\u015f\u0131k, zarif, mavi elbise, b\u00fcy\u00fcl\u00fc, son derece detayl\u0131, p\u00fcr\u00fczs\u00fcz,b keskin odak, ill\u00fcstrasyon<\/li>\n\n\n\n<li class=\"\">plajda g\u00fczel kad\u0131n, rahatlat\u0131c\u0131, ruhani, r\u00fcya gibi, arkadan ayd\u0131nlatmal\u0131, son derece ayr\u0131nt\u0131l\u0131, ger\u00e7ek\u00e7i ayd\u0131nlatma, keskin odak, \u00fc\u00e7te bir kural\u0131, hd, oktan, 4k<\/li>\n\n\n\n<li class=\"\">g\u00fczel kad\u0131n, b\u00fcy\u00fck g\u00f6\u011f\u00fcsler, domme metresi, steampunk, utanga\u00e7 g\u00fcl\u00fcmseyen, 4k, K\u00fc\u00e7\u00fck detay<\/li>\n\n\n\n<li class=\"\">g\u00fczel kad\u0131n, gece, y\u0131ld\u0131zlarla, karma\u015f\u0131k, zarif, son derece detayl\u0131, p\u00fcr\u00fczs\u00fcz, keskin odak<\/li>\n<\/ul>\n\n\n\n<p class=\"\">Kullan\u0131m&nbsp;<a href=\"https:\/\/aiartfree.online\/tr\/istem-ureteci\/\" target=\"_blank\" data-type=\"page\" data-id=\"3164\" rel=\"noreferrer noopener\">\u0130stem Olu\u015fturucu<\/a>&nbsp;Hayal G\u00fcc\u00fcn\u00fcz\u00fcn S\u0131n\u0131rlar\u0131n\u0131 Geni\u015fletmek i\u00e7in<\/p>\n\n\n\n<p class=\"\"><em>* \u0130nternet h\u0131z\u0131n\u0131za ba\u011fl\u0131 olarak modelin y\u00fcklenmesi birka\u00e7 saniye s\u00fcrebilir.<br>* S\u00fcrekli olu\u015fturma s\u0131ras\u0131nda \u00f6nbelle\u011fe alma olacakt\u0131r ve yeni g\u00f6r\u00fcnt\u00fc yakla\u015f\u0131k 3 saniye sonra g\u00f6r\u00fcnecektir.<\/em><\/p>\n\n\n\n<div class=\"iframe-wrapper\" style=\"position: relative; width: 100%; height: 950px;\">\n  <div class=\"loading\" style=\"position: absolute; top: 50px; left: 50%; transform: translate(-50%, -50%); width: 40px; height: 40px; border: 3px solid #f0f0f0; border-top: 3px solid #db7093; border-radius: 50%; animation: spin 1s linear infinite;\"><\/div>\n  <iframe loading=\"lazy\" src=\"https:\/\/playgroundai-playground-v2-5.hf.space\" frameborder=\"0\" width=\"100%\" height=\"100%\" style=\"position: absolute; top: 0; left: 0; opacity: 0; transition: opacity 0.3s;\" onload=\"this.style.opacity=1;this.previousElementSibling.style.display='none';\"><\/iframe>\n<\/div>\n\n<style>\n@keyframes spin {\n  0% { transform: translate(-50%, -50%) rotate(0deg); }\n  100% { transform: translate(-50%, -50%) rotate(360deg); }\n}\n<\/style>\n\n\n\n<div style=\"height:50px\" aria-hidden=\"true\" class=\"wp-block-spacer\"><\/div>\n\n\n\n<h2 class=\"wp-block-heading\">AI Foto\u011fraf Olu\u015fturucunun Tan\u0131t\u0131m\u0131<\/h2>\n\n\n\n<p class=\"\">H\u0131zla geli\u015fen dijital d\u00fcnyada, yapay zekal\u0131 foto\u011fraf olu\u015fturucular sanat\u00e7\u0131lar, pazarlamac\u0131lar ve i\u00e7erik olu\u015fturucular i\u00e7in vazge\u00e7ilmez ara\u00e7lar haline geldi. Bu makalede yapay zeka foto\u011fraf olu\u015fturucular\u0131n\u0131n ne oldu\u011fu, \u00f6nemi ve \u00e7e\u015fitli sekt\u00f6rlerde nas\u0131l kullan\u0131labilece\u011fi ele al\u0131nacakt\u0131r. Ayr\u0131ca, g\u00fcn\u00fcm\u00fczde mevcut olan en iyi yapay zeka foto\u011fraf olu\u015fturucular\u0131n\u0131 inceleyece\u011fiz. <a href=\"https:\/\/aiartfree.online\/tr\/ai-fotograf-olusturucu\/\">AI Art \u00dccretsiz<\/a>.<\/p>\n\n\n\n<figure class=\"wp-block-image size-full is-resized\"><img data-recalc-dims=\"1\" data-dominant-color=\"70574e\" data-has-transparency=\"false\" decoding=\"async\" width=\"1024\" height=\"1024\"   loading=\"lazy\" src=\"https:\/\/i0.wp.com\/aiartfree.online\/wp-content\/uploads\/2024\/07\/image-30.webp?resize=1024%2C1024&#038;ssl=1\" alt=\"H\u0131zla geli\u015fen dijital d\u00fcnyada, yapay zekal\u0131 foto\u011fraf olu\u015fturucular sanat\u00e7\u0131lar, pazarlamac\u0131lar ve i\u00e7erik olu\u015fturucular i\u00e7in vazge\u00e7ilmez ara\u00e7lar haline geldi. Bu makalede, yapay zeka foto\u011fraf olu\u015fturucular\u0131n\u0131n ne oldu\u011fu, \u00f6nemi ve \u00e7e\u015fitli sekt\u00f6rlerde nas\u0131l kullan\u0131labilece\u011fi ele al\u0131nacakt\u0131r. Ayr\u0131ca, AI Art Free&#039;nin \u015fiddetle tavsiye edilen arac\u0131 da dahil olmak \u00fczere bug\u00fcn mevcut olan en iyi AI foto\u011fraf olu\u015fturucular\u0131n\u0131 ke\u015ffedece\u011fiz.\" class=\"wp-image-3278 not-transparent\" style=\"--dominant-color: #70574e; width:436px;height:auto\" srcset=\"https:\/\/i0.wp.com\/aiartfree.online\/wp-content\/uploads\/2024\/07\/image-30.webp?w=1024&amp;ssl=1 1024w, https:\/\/i0.wp.com\/aiartfree.online\/wp-content\/uploads\/2024\/07\/image-30.webp?resize=300%2C300&amp;ssl=1 300w, https:\/\/i0.wp.com\/aiartfree.online\/wp-content\/uploads\/2024\/07\/image-30.webp?resize=150%2C150&amp;ssl=1 150w, https:\/\/i0.wp.com\/aiartfree.online\/wp-content\/uploads\/2024\/07\/image-30.webp?resize=768%2C768&amp;ssl=1 768w, https:\/\/i0.wp.com\/aiartfree.online\/wp-content\/uploads\/2024\/07\/image-30.webp?resize=12%2C12&amp;ssl=1 12w, https:\/\/i0.wp.com\/aiartfree.online\/wp-content\/uploads\/2024\/07\/image-30.webp?resize=600%2C600&amp;ssl=1 600w, https:\/\/i0.wp.com\/aiartfree.online\/wp-content\/uploads\/2024\/07\/image-30.webp?resize=100%2C100&amp;ssl=1 100w\" sizes=\"auto, (max-width: 1024px) 100vw, 1024px\" \/><\/figure>\n\n\n\n<h3 class=\"wp-block-heading\">\u0130\u00e7indekiler<\/h3>\n\n\n\n<ol class=\"wp-block-list\">\n<li class=\"\"><a href=\"#what-is-an-ai-photo-generator\">Yapay Zeka Foto\u011fraf Olu\u015fturucu nedir?<\/a><\/li>\n\n\n\n<li class=\"\"><a href=\"#why-use-an-ai-photo-generator\">Neden Yapay Zeka Foto\u011fraf Olu\u015fturucu Kullanmal\u0131?<\/a><\/li>\n\n\n\n<li class=\"\"><a href=\"#who-can-benefit-from-ai-photo-generators\">Yapay Zeka Foto\u011fraf Olu\u015fturucular\u0131ndan Kimler Yararlanabilir?<\/a><\/li>\n\n\n\n<li class=\"\"><a href=\"#top-10-ai-photo-generators\">En \u0130yi 10 Yapay Zeka Foto\u011fraf Olu\u015fturucu<\/a><\/li>\n\n\n\n<li class=\"\"><a href=\"#faq\">SSS<\/a><\/li>\n<\/ol>\n\n\n\n<h3 class=\"wp-block-heading\">Yapay Zeka Foto\u011fraf Olu\u015fturucu nedir?<\/h3>\n\n\n\n<p class=\"\">AI g\u00f6r\u00fcnt\u00fc olu\u015fturucu olarak da bilinen AI foto\u011fraf olu\u015fturucu, metin istemlerini benzersiz g\u00f6r\u00fcnt\u00fclere d\u00f6n\u00fc\u015ft\u00fcren yapay zeka ve makine \u00f6\u011frenimi ile desteklenen bir ara\u00e7t\u0131r. Bu ara\u00e7lar, kullan\u0131c\u0131 taraf\u0131ndan sa\u011flanan metin a\u00e7\u0131klamalar\u0131na dayal\u0131 olarak canl\u0131 ve \u00e7e\u015fitli g\u00f6r\u00fcnt\u00fcler olu\u015fturmak i\u00e7in \u00fcretken yapay zekay\u0131 kullan\u0131r.<\/p>\n\n\n\n<h3 class=\"wp-block-heading\">Neden Yapay Zeka Foto\u011fraf Olu\u015fturucu Kullanmal\u0131?<\/h3>\n\n\n\n<p class=\"\">AI foto\u011fraf jenerat\u00f6rleri, h\u0131zl\u0131 ve verimli bir \u015fekilde benzersiz g\u00f6r\u00fcnt\u00fcler olu\u015fturmak i\u00e7in \u00e7ok \u00f6nemlidir. \u00c7ok say\u0131da avantaj sunarlar:<\/p>\n\n\n\n<ul class=\"wp-block-list\">\n<li class=\"\"><strong>Yarat\u0131c\u0131l\u0131k:<\/strong> \u00d6ne \u00e7\u0131kan benzersiz ve yarat\u0131c\u0131 g\u00f6r\u00fcnt\u00fcler olu\u015fturmaya yard\u0131mc\u0131 olurlar.<\/li>\n\n\n\n<li class=\"\"><strong>Verimlilik:<\/strong> An\u0131nda y\u00fcksek kaliteli g\u00f6r\u00fcnt\u00fcler \u00fcreterek zamandan tasarruf sa\u011flarlar.<\/li>\n\n\n\n<li class=\"\"><strong>\u00c7ok y\u00f6nl\u00fcl\u00fck:<\/strong> Sosyal medya g\u00f6nderilerinden pazarlama materyallerine kadar \u00e7e\u015fitli ama\u00e7lar i\u00e7in kullan\u0131labilirler.<\/li>\n<\/ul>\n\n\n\n<h3 class=\"wp-block-heading\">Yapay Zeka Foto\u011fraf Olu\u015fturucular\u0131ndan Kimler Yararlanabilir?<\/h3>\n\n\n\n<ul class=\"wp-block-list\">\n<li class=\"\"><strong>Sanat\u00e7\u0131lar:<\/strong> Benzersiz dijital sanat eserleri yaratmak i\u00e7in.<\/li>\n\n\n\n<li class=\"\"><strong>Pazarlamac\u0131lar:<\/strong> Kampanyalar i\u00e7in kaliteli g\u00f6r\u00fcnt\u00fcler olu\u015fturmak i\u00e7in.<\/li>\n\n\n\n<li class=\"\"><strong>\u0130\u00e7erik Olu\u015fturucular:<\/strong> Blog g\u00f6nderilerini, sosyal medya i\u00e7eriklerini ve daha fazlas\u0131n\u0131 geli\u015ftirmek i\u00e7in.<\/li>\n\n\n\n<li class=\"\"><strong>\u0130\u015fletmeler:<\/strong> Pazarlama materyalleri, web siteleri ve reklamlar tasarlamak i\u00e7in.<\/li>\n<\/ul>\n\n\n\n<h3 class=\"wp-block-heading\">En \u0130yi 10 Yapay Zeka Foto\u011fraf Olu\u015fturucu<\/h3>\n\n\n\n<figure class=\"wp-block-table\"><table class=\"has-fixed-layout\"><thead><tr><th><strong>Alet<\/strong><\/th><th><strong>Web sitesi<\/strong><\/th><th><strong>Avantajlar<\/strong><\/th><th><strong>Dezavantajlar<\/strong><\/th><th><strong>Zorluklar<\/strong><\/th><th><strong>\u00d6neriler<\/strong><\/th><\/tr><\/thead><tbody><tr><td><strong>AI Art \u00dccretsiz<\/strong><\/td><td><a href=\"https:\/\/aiartfree.online\/tr\/ai-fotograf-olusturucu\/\">aiartfree.online<\/a><\/td><td>\u00dccretsiz, kullan\u0131m\u0131 kolay, y\u00fcksek kaliteli g\u00f6r\u00fcnt\u00fcler \u00fcretir<\/td><td>S\u0131n\u0131rl\u0131 \u00f6zelle\u015ftirme<\/td><td>S\u00fcrekli internet ba\u011flant\u0131s\u0131 gerekir<\/td><td>\u00d6zellikleri geli\u015ftirmek i\u00e7in d\u00fczenli g\u00fcncellemeler<\/td><\/tr><tr><td><strong>DeepArt<\/strong><\/td><td><a href=\"https:\/\/deepart.io\" target=\"_blank\" rel=\"noopener\">deepart.io<\/a><\/td><td>Harika sanatsal filtreler<\/td><td>Yava\u015f i\u015flem<\/td><td>Her zaman do\u011fru de\u011fil<\/td><td>\u0130\u015flem h\u0131z\u0131n\u0131 art\u0131r\u0131n<\/td><\/tr><tr><td><strong>Pist ML<\/strong><\/td><td><a href=\"https:\/\/runwayml.com\" target=\"_blank\" rel=\"noopener\">runwayml.com<\/a><\/td><td>\u00c7ok y\u00f6nl\u00fc, profesyonel s\u0131n\u0131f<\/td><td>Pahal\u0131<\/td><td>Dik \u00f6\u011frenme e\u011frisi<\/td><td>E\u011fitimler sa\u011flay\u0131n<\/td><\/tr><tr><td><strong>Artbreeder<\/strong><\/td><td><a href=\"https:\/\/artbreeder.com\" target=\"_blank\" rel=\"noopener\">artbreeder.com<\/a><\/td><td>\u0130\u015fbirli\u011fine dayal\u0131, benzersiz \u00e7\u0131kt\u0131lar<\/td><td>S\u0131n\u0131rl\u0131 \u00fccretsiz s\u00fcr\u00fcm<\/td><td>Aray\u00fcz karma\u015f\u0131k olabilir<\/td><td>Kullan\u0131c\u0131 aray\u00fcz\u00fcn\u00fc basitle\u015ftirin<\/td><\/tr><tr><td><strong>DALL-E<\/strong><\/td><td><a href=\"https:\/\/aiartfree.online\/tr\/ucretsiz-dalle-3\/\" data-type=\"page\" data-id=\"2889\">openai.com\/dall-e<\/a><\/td><td>Y\u00fcksek kaliteli g\u00f6r\u00fcnt\u00fcler, yenilik\u00e7i<\/td><td>K\u0131s\u0131tl\u0131 eri\u015fim<\/td><td>Y\u00fcksek talep<\/td><td>Eri\u015filebilirli\u011fi art\u0131r\u0131n<\/td><\/tr><tr><td><strong>Derin R\u00fcya Jenerat\u00f6r\u00fc<\/strong><\/td><td><a href=\"https:\/\/deepdreamgenerator.com\" target=\"_blank\" rel=\"noopener\">deepdreamgenerator.com<\/a><\/td><td>Ger\u00e7ek\u00fcst\u00fc, sanatsal g\u00f6r\u00fcnt\u00fcler<\/td><td>Soyut olabilir<\/td><td>T\u00fcm ama\u00e7lar i\u00e7in uygun de\u011fildir<\/td><td>Daha fazla stil sunun<\/td><\/tr><tr><td><strong>NightCafe<\/strong><\/td><td><a href=\"https:\/\/nightcafe.studio\" target=\"_blank\" rel=\"noopener\">nightcafe.studio<\/a><\/td><td>Kullan\u0131m\u0131 kolay, topluluk \u00f6zellikleri<\/td><td>S\u0131n\u0131rl\u0131 \u00fccretsiz se\u00e7enekler<\/td><td>Pahal\u0131 olabilir<\/td><td>Daha fazla \u00fccretsiz \u00f6zellik<\/td><\/tr><tr><td><strong>B\u00fcy\u00fck Uyku<\/strong><\/td><td><a href=\"https:\/\/bigsleep.dev\" target=\"_blank\" rel=\"noopener\">bigsleep.dev<\/a><\/td><td>A\u00e7\u0131k kaynakl\u0131, \u00f6zelle\u015ftirilebilir<\/td><td>Teknik bilgi gerektirir<\/td><td>Karma\u015f\u0131k kurulum<\/td><td>Daha fazla rehber sa\u011flay\u0131n<\/td><\/tr><tr><td><strong>Ganbreeder<\/strong><\/td><td><a href=\"https:\/\/ganbreeder.app\" target=\"_blank\" rel=\"noopener\">ganbreeder.app<\/a><\/td><td>\u0130\u015fbirlik\u00e7i, yarat\u0131c\u0131<\/td><td>Tahmin edilemez olabilir<\/td><td>Aray\u00fcz daha iyi olabilirdi<\/td><td>\u00d6ng\u00f6r\u00fclebilirli\u011fi art\u0131r\u0131n<\/td><\/tr><tr><td><strong>StyleGAN2<\/strong><\/td><td><a href=\"https:\/\/github.com\/NVlabs\/stylegan2\" target=\"_blank\" rel=\"noopener\">github.com\/NVlabs\/stylegan2<\/a><\/td><td>Y\u00fcksek kaliteli sonu\u00e7lar<\/td><td>Teknik beceri gerektirir<\/td><td>Kurulumu zor<\/td><td>Daha kullan\u0131c\u0131 dostu e\u011fitimler<\/td><\/tr><\/tbody><\/table><\/figure>\n\n\n\n<h3 class=\"wp-block-heading\">SSS<\/h3>\n\n\n\n<h4 class=\"wp-block-heading\">Bir foto\u011fraf\u0131n yapay zeka taraf\u0131ndan olu\u015fturuldu\u011fu nas\u0131l anla\u015f\u0131l\u0131r?<\/h4>\n\n\n\n<p class=\"\">Bir foto\u011fraf\u0131n yapay zeka taraf\u0131ndan \u00fcretilip \u00fcretilmedi\u011fini belirlemek i\u00e7in, yapay zeka taraf\u0131ndan \u00fcretilen g\u00f6r\u00fcnt\u00fclerde yayg\u0131n olan ince anormalliklere, do\u011fal olmayan desenlere ve ince ayr\u0131nt\u0131 eksikli\u011fine bak\u0131n.<\/p>\n\n\n\n<h4 class=\"wp-block-heading\">Yapay zeka foto\u011fraflar\u0131 nas\u0131l olu\u015fturulur?<\/h4>\n\n\n\n<p class=\"\">Gibi bir AI foto\u011fraf olu\u015fturucu kullanarak AI foto\u011fraflar\u0131 olu\u015fturabilirsiniz <a href=\"https:\/\/aiartfree.online\/tr\/ai-fotograf-olusturucu\/\">AI Art \u00dccretsiz<\/a>. Sadece bir metin istemi girin ve yapay zekan\u0131n g\u00f6r\u00fcnt\u00fcy\u00fc olu\u015fturmas\u0131na izin verin.<\/p>\n\n\n\n<h4 class=\"wp-block-heading\">Bu foto\u011fraf yapay zeka taraf\u0131ndan m\u0131 \u00fcretildi?<\/h4>\n\n\n\n<p class=\"\">Bir foto\u011fraf\u0131n yapay zeka taraf\u0131ndan \u00fcretilip \u00fcretilmedi\u011fini kontrol etmek i\u00e7in, yapay zeka taraf\u0131ndan \u00fcretilen i\u00e7eri\u011fi tespit etmek \u00fczere tasarlanm\u0131\u015f ara\u00e7lar\u0131 kullan\u0131n veya g\u00f6r\u00fcnt\u00fcy\u00fc tutars\u0131zl\u0131klar a\u00e7\u0131s\u0131ndan analiz edin.<\/p>\n\n\n\n<h4 class=\"wp-block-heading\">En iyi AI foto\u011fraf olu\u015fturucu nedir?<\/h4>\n\n\n\n<p class=\"\">En iyi AI foto\u011fraf olu\u015fturucu ihtiya\u00e7lar\u0131n\u0131za ba\u011fl\u0131 olarak de\u011fi\u015fir, ancak <a href=\"https:\/\/aiartfree.online\/tr\/ai-fotograf-olusturucu\/\">AI Art \u00dccretsiz<\/a> kullan\u0131m kolayl\u0131\u011f\u0131 ve kaliteli \u00e7\u0131kt\u0131 i\u00e7in \u015fiddetle tavsiye edilir.<\/p>\n\n\n\n<h4 class=\"wp-block-heading\">Yapay zeka ile olu\u015fturulmu\u015f foto\u011fraflar nas\u0131l yap\u0131l\u0131r?<\/h4>\n\n\n\n<p class=\"\">A\u00e7\u0131klay\u0131c\u0131 metin istemlerini, a\u00e7\u0131klamalar\u0131n\u0131za g\u00f6re g\u00f6r\u00fcnt\u00fcler olu\u015fturacak bir AI foto\u011fraf olu\u015fturucuya girerek AI taraf\u0131ndan olu\u015fturulmu\u015f foto\u011fraflar olu\u015fturabilirsiniz.<\/p>\n\n\n\n<h3 class=\"wp-block-heading\">Ek Mod\u00fcller<\/h3>\n\n\n\n<h4 class=\"wp-block-heading\">\u00dcretken Yapay Zekay\u0131 ve Etkilerini Anlamak<\/h4>\n\n\n\n<p class=\"\">Yapay zeka foto\u011fraf jenerat\u00f6rlerine g\u00fc\u00e7 veren Generative AI, mevcut verilerden yeni i\u00e7erik olu\u015fturabilen bir yapay zeka t\u00fcr\u00fcd\u00fcr. Bu teknoloji, benzersiz g\u00f6r\u00fcnt\u00fc, m\u00fczik ve metinlerin olu\u015fturulmas\u0131n\u0131 sa\u011flayarak yarat\u0131c\u0131 end\u00fcstrilerde devrim yarat\u0131yor.<\/p>\n\n\n\n<h4 class=\"wp-block-heading\">Sosyal Medya i\u00e7in Yapay Zeka Foto\u011fraf Olu\u015fturucular\u0131 Kullanman\u0131n Faydalar\u0131<\/h4>\n\n\n\n<p class=\"\">Yapay zeka foto\u011fraf olu\u015fturucular\u0131, izleyicilerin dikkatini \u00e7eken ve etkile\u015fimi art\u0131ran ilgi \u00e7ekici ve benzersiz g\u00f6rsellerin olu\u015fturulmas\u0131na olanak tan\u0131d\u0131\u011f\u0131ndan sosyal medya i\u00e7in \u00e7ok de\u011ferlidir.<\/p>\n\n\n\n<h4 class=\"wp-block-heading\">Yapay Zeka Foto\u011fraf Jenerat\u00f6rlerinde Makine \u00d6\u011freniminin Rol\u00fc<\/h4>\n\n\n\n<p class=\"\">Makine \u00f6\u011frenimi, yapay zekal\u0131 foto\u011fraf olu\u015fturucular\u0131n bel kemi\u011fidir. Bu ara\u00e7lar\u0131n geni\u015f veri k\u00fcmelerinden \u00f6\u011frenmelerini ve zaman i\u00e7inde \u00fcrettikleri g\u00f6r\u00fcnt\u00fclerin kalitesini ve alaka d\u00fczeyini art\u0131rmalar\u0131n\u0131 sa\u011flar.<\/p>\n\n\n\n<h3 class=\"wp-block-heading\">Sonu\u00e7<\/h3>\n\n\n\n<p class=\"\">Yapay zeka foto\u011fraf olu\u015fturucular\u0131, benzersiz ve y\u00fcksek kaliteli g\u00f6r\u00fcnt\u00fcler olu\u015fturmak i\u00e7in yapay zeka ve makine \u00f6\u011freniminin yeteneklerinden yararlanan g\u00fc\u00e7l\u00fc ara\u00e7lard\u0131r. \u0130ster sanat\u00e7\u0131, ister pazarlamac\u0131 veya i\u00e7erik olu\u015fturucu olun, bu ara\u00e7lar yarat\u0131c\u0131 s\u00fcrecinizi ve \u00e7\u0131kt\u0131lar\u0131n\u0131z\u0131 \u00f6nemli \u00f6l\u00e7\u00fcde geli\u015ftirebilir. Avantajlar\u0131n\u0131 ve zorluklar\u0131n\u0131 anlayarak, her ortamda \u00f6ne \u00e7\u0131kan \u00e7arp\u0131c\u0131 g\u00f6rseller \u00fcretmek i\u00e7in bu yenilik\u00e7i ara\u00e7lardan en iyi \u015fekilde yararlanabilirsiniz.<\/p>\n\n\n\n<p class=\"\">En iyi deneyimi elde etmek i\u00e7in <a href=\"https:\/\/aiartfree.online\/tr\/ai-fotograf-olusturucu\/\">AI Art \u00dccretsiz<\/a> arac\u0131, y\u00fcksek kaliteli AI foto\u011fraflar\u0131 olu\u015fturmak i\u00e7in kolay ve \u00fccretsiz bir yol sunar.<\/p>","protected":false},"excerpt":{"rendered":"<p>What our users created How to use AI Photo Generator Prompt Examples Use&nbsp;Prompt Generator&nbsp;to Expand the Boundaries of Your Imagination *&nbsp;Depending on your internet speed, loading the model may take a few seconds.* There will be caching during continuous generation, and the new image will appear after about 3 seconds. Introduction of AI Photo Generator &#8230; <a title=\"AI Foto\u011fraf Olu\u015fturucu\" class=\"read-more\" href=\"https:\/\/aiartfree.online\/tr\/ai-fotograf-olusturucu\/\" aria-label=\"Read more about AI Photo Generator\">Devam\u0131n\u0131 oku<\/a><\/p>","protected":false},"author":1,"featured_media":3392,"parent":0,"menu_order":0,"comment_status":"open","ping_status":"closed","template":"","meta":{"nf_dc_page":"","footnotes":""},"class_list":["post-3270","page","type-page","status-publish","has-post-thumbnail"],"jetpack_sharing_enabled":true,"_links":{"self":[{"href":"https:\/\/aiartfree.online\/tr\/wp-json\/wp\/v2\/pages\/3270","targetHints":{"allow":["GET"]}}],"collection":[{"href":"https:\/\/aiartfree.online\/tr\/wp-json\/wp\/v2\/pages"}],"about":[{"href":"https:\/\/aiartfree.online\/tr\/wp-json\/wp\/v2\/types\/page"}],"author":[{"embeddable":true,"href":"https:\/\/aiartfree.online\/tr\/wp-json\/wp\/v2\/users\/1"}],"replies":[{"embeddable":true,"href":"https:\/\/aiartfree.online\/tr\/wp-json\/wp\/v2\/comments?post=3270"}],"version-history":[{"count":0,"href":"https:\/\/aiartfree.online\/tr\/wp-json\/wp\/v2\/pages\/3270\/revisions"}],"wp:featuredmedia":[{"embeddable":true,"href":"https:\/\/aiartfree.online\/tr\/wp-json\/wp\/v2\/media\/3392"}],"wp:attachment":[{"href":"https:\/\/aiartfree.online\/tr\/wp-json\/wp\/v2\/media?parent=3270"}],"curies":[{"name":"wp","href":"https:\/\/api.w.org\/{rel}","templated":true}]}}