{"id":3164,"date":"2024-07-24T07:24:20","date_gmt":"2024-07-24T07:24:20","guid":{"rendered":"https:\/\/aiartfree.online\/?page_id=3164"},"modified":"2024-08-02T11:02:53","modified_gmt":"2024-08-02T11:02:53","slug":"prompt-generator","status":"publish","type":"page","link":"https:\/\/aiartfree.online\/tr\/istem-ureteci\/","title":{"rendered":"\u0130stem Olu\u015fturucu"},"content":{"rendered":"<h2 class=\"wp-block-heading has-text-align-center\" id=\"before-prompt-generator-vs-after\">Prompt Generator \u00d6ncesi vs Sonras\u0131<\/h2>\n\n\n<div class=\"gb-grid-wrapper gb-grid-wrapper-274aea64\">\n<div class=\"gb-grid-column gb-grid-column-799665f9\"><div class=\"gb-container gb-container-799665f9\">\n\n<figure class=\"gb-block-image gb-block-image-858fbc7e\"><img data-recalc-dims=\"1\" decoding=\"async\" loading=\"lazy\" width=\"1024\" height=\"1024\" class=\"gb-image gb-image-858fbc7e\" src=\"https:\/\/i0.wp.com\/aiartfree.online\/wp-content\/uploads\/2024\/07\/image-25.jpg?resize=1024%2C1024&#038;ssl=1\" alt=\"Kar\u015f\u0131l\u0131ks\u0131z metronomun mezarl\u0131\u011f\u0131nda\" title=\"g\u00f6r\u00fcnt\u00fc (25)\" srcset=\"https:\/\/i0.wp.com\/aiartfree.online\/wp-content\/uploads\/2024\/07\/image-25.jpg?w=1024&amp;ssl=1 1024w, https:\/\/i0.wp.com\/aiartfree.online\/wp-content\/uploads\/2024\/07\/image-25.jpg?resize=300%2C300&amp;ssl=1 300w, https:\/\/i0.wp.com\/aiartfree.online\/wp-content\/uploads\/2024\/07\/image-25.jpg?resize=150%2C150&amp;ssl=1 150w, https:\/\/i0.wp.com\/aiartfree.online\/wp-content\/uploads\/2024\/07\/image-25.jpg?resize=768%2C768&amp;ssl=1 768w, https:\/\/i0.wp.com\/aiartfree.online\/wp-content\/uploads\/2024\/07\/image-25.jpg?resize=12%2C12&amp;ssl=1 12w, https:\/\/i0.wp.com\/aiartfree.online\/wp-content\/uploads\/2024\/07\/image-25.jpg?resize=600%2C600&amp;ssl=1 600w, https:\/\/i0.wp.com\/aiartfree.online\/wp-content\/uploads\/2024\/07\/image-25.jpg?resize=100%2C100&amp;ssl=1 100w\" sizes=\"auto, (max-width: 1024px) 100vw, 1024px\" \/><\/figure>\n\n\n\n<h4 class=\"gb-headline gb-headline-7f59b675 gb-headline-text\">\u00d6nce Y\u00f6nlendirmeler<\/h4>\n\n\n\n<p class=\"gb-headline gb-headline-ec66d865 gb-headline-text\">Kar\u015f\u0131l\u0131ks\u0131z metronomun mezarl\u0131\u011f\u0131nda<\/p>\n\n<\/div><\/div>\n\n<div class=\"gb-grid-column gb-grid-column-b4f9a19c\"><div class=\"gb-container gb-container-b4f9a19c\">\n\n<figure class=\"gb-block-image gb-block-image-c763d41e\"><img data-recalc-dims=\"1\" decoding=\"async\" loading=\"lazy\" width=\"1024\" height=\"1024\" class=\"gb-image gb-image-c763d41e\" src=\"https:\/\/i0.wp.com\/aiartfree.online\/wp-content\/uploads\/2024\/07\/image-26-jpg.webp?resize=1024%2C1024&#038;ssl=1\" alt=\"kar\u015f\u0131l\u0131ks\u0131z metronomun mezarl\u0131\u011f\u0131nda, mumlarla ayd\u0131nlat\u0131lm\u0131\u015f, dijital resim, artstation, konsept sanat, craig mullins, nefes kesici, 8 k \u00e7\u00f6z\u00fcn\u00fcrl\u00fck, son derece detayl\u0131, g\u00fczel, kurulu\u015f \u00e7ekimi, sanatsal, hiper ger\u00e7ek\u00e7i, oktan render, sinematik ayd\u0131nlatma, dramatik ayd\u0131nlatma, ba\u015fyap\u0131t, \u0131\u015f\u0131k y\u00fczs\u00fcz\u00fc\" title=\"g\u00f6r\u00fcnt\u00fc (26)\" srcset=\"https:\/\/i0.wp.com\/aiartfree.online\/wp-content\/uploads\/2024\/07\/image-26-jpg.webp?w=1024&amp;ssl=1 1024w, https:\/\/i0.wp.com\/aiartfree.online\/wp-content\/uploads\/2024\/07\/image-26-jpg.webp?resize=300%2C300&amp;ssl=1 300w, https:\/\/i0.wp.com\/aiartfree.online\/wp-content\/uploads\/2024\/07\/image-26-jpg.webp?resize=150%2C150&amp;ssl=1 150w, https:\/\/i0.wp.com\/aiartfree.online\/wp-content\/uploads\/2024\/07\/image-26-jpg.webp?resize=768%2C768&amp;ssl=1 768w, https:\/\/i0.wp.com\/aiartfree.online\/wp-content\/uploads\/2024\/07\/image-26-jpg.webp?resize=12%2C12&amp;ssl=1 12w, https:\/\/i0.wp.com\/aiartfree.online\/wp-content\/uploads\/2024\/07\/image-26-jpg.webp?resize=600%2C600&amp;ssl=1 600w, https:\/\/i0.wp.com\/aiartfree.online\/wp-content\/uploads\/2024\/07\/image-26-jpg.webp?resize=100%2C100&amp;ssl=1 100w\" sizes=\"auto, (max-width: 1024px) 100vw, 1024px\" \/><\/figure>\n\n\n\n<h4 class=\"gb-headline gb-headline-21a96621 gb-headline-text\">Sonras\u0131ndaki \u0130stemler<\/h4>\n\n\n\n<p class=\"gb-headline gb-headline-069e038b gb-headline-text\">kar\u015f\u0131l\u0131ks\u0131z metronomun mezarl\u0131\u011f\u0131nda, mumlarla ayd\u0131nlat\u0131lm\u0131\u015f, dijital resim, artstation, konsept sanat, craig mullins, nefes kesici, 8 k \u00e7\u00f6z\u00fcn\u00fcrl\u00fck, son derece detayl\u0131, g\u00fczel, kurulu\u015f \u00e7ekimi, sanatsal, hiper ger\u00e7ek\u00e7i, oktan render, sinematik ayd\u0131nlatma, dramatik ayd\u0131nlatma, ba\u015fyap\u0131t, \u0131\u015f\u0131k y\u00fczs\u00fcz\u00fc<\/p>\n\n<\/div><\/div>\n<\/div>\n\n\n<div style=\"height:50px\" aria-hidden=\"true\" class=\"wp-block-spacer\"><\/div>\n\n\n\n<h2 class=\"wp-block-heading\" id=\"how-to-use-prompt-generator\">Prompt Generator nas\u0131l kullan\u0131l\u0131r<\/h2>\n\n\n\n<ol class=\"wp-block-list\">\n<li class=\"\">D\u00fc\u015f\u00fcncelerinizi girin<\/li>\n\n\n\n<li class=\"\">\"G\u00f6nder \"e t\u0131klay\u0131n<\/li>\n\n\n\n<li class=\"\">Devrim niteli\u011findeki istemleri bekleyin<\/li>\n\n\n\n<li class=\"\">A\u015fa\u011f\u0131 kayd\u0131r\u0131n ve nesil i\u00e7in devrim niteli\u011findeki isteminizi yap\u0131\u015ft\u0131r\u0131n<\/li>\n\n\n\n<li class=\"\">\"Olu\u015ftur \"a t\u0131klay\u0131n<\/li>\n\n\n\n<li class=\"\">Bekle, i\u015fte bu!<\/li>\n<\/ol>\n\n\n\n<p class=\"\">E\u011fer akl\u0131n\u0131zda herhangi bir d\u00fc\u015f\u00fcnce yoksa, <a href=\"#maodian\" data-type=\"internal\" data-id=\"#maodian\">\u0130pucu Galerimizi kontrol etmek i\u00e7in t\u0131klay\u0131n<\/a><\/p>\n\n\n\n<p class=\"\"><em>* \u0130nternet h\u0131z\u0131n\u0131za ba\u011fl\u0131 olarak modelin y\u00fcklenmesi birka\u00e7 saniye s\u00fcrebilir.<\/em><\/p>\n\n\n\n<div class=\"iframe-wrapper\" style=\"position: relative; width: 100%; height: 900px;\">\n  <div class=\"loading\" style=\"position: absolute; top: 50px; left: 50%; transform: translate(-50%, -50%); width: 40px; height: 40px; border: 3px solid #f0f0f0; border-top: 3px solid #db7093; border-radius: 50%; animation: spin 1s linear infinite;\"><\/div>\n  <iframe loading=\"lazy\" src=\"https:\/\/doevent-stable-diffusion-prompt-generator.hf.space\" frameborder=\"0\" width=\"100%\" height=\"100%\" style=\"position: absolute; top: 0; left: 0; opacity: 0; transition: opacity 0.3s;\" onload=\"this.style.opacity=1;this.previousElementSibling.style.display='none';\"><\/iframe>\n<\/div>\n\n<style>\n@keyframes spin {\n  0% { transform: translate(-50%, -50%) rotate(0deg); }\n  100% { transform: translate(-50%, -50%) rotate(360deg); }\n}\n<\/style>\n\n\n\n<div style=\"height:10px\" aria-hidden=\"true\" class=\"wp-block-spacer\"><\/div>\n\n\n\n<p class=\"\"><em>* S\u00fcrekli olu\u015fturma s\u0131ras\u0131nda \u00f6nbelle\u011fe alma olacakt\u0131r ve yeni g\u00f6r\u00fcnt\u00fc yakla\u015f\u0131k 5 saniye sonra g\u00f6r\u00fcnecektir.<\/em><\/p>\n\n\n\n<div class=\"iframe-wrapper\" style=\"position: relative; width: 100%; height: 1260px;\">\n  <div class=\"loading\" style=\"position: absolute; top: 50px; left: 50%; transform: translate(-50%, -50%); width: 40px; height: 40px; border: 3px solid #f0f0f0; border-top: 3px solid #db7093; border-radius: 50%; animation: spin 1s linear infinite;\"><\/div>\n  <iframe loading=\"lazy\" src=\"https:\/\/prodia-fast-stable-diffusion.hf.space\" frameborder=\"0\" width=\"100%\" height=\"100%\" style=\"position: absolute; top: 0; left: 0; opacity: 0; transition: opacity 0.3s;\" onload=\"this.style.opacity=1;this.previousElementSibling.style.display='none';\"><\/iframe>\n<\/div>\n\n<style>\n@keyframes spin {\n  0% { transform: translate(-50%, -50%) rotate(0deg); }\n  100% { transform: translate(-50%, -50%) rotate(360deg); }\n}\n<\/style>\n\n\n\n<div style=\"height:50px\" aria-hidden=\"true\" class=\"wp-block-spacer\"><\/div>\n\n\n\n<h2 class=\"wp-block-heading has-text-align-center\" id=\"prompts-gallery\">\u0130pu\u00e7lar\u0131 Galerisi<\/h2>\n\n\n\n<h3 class=\"wp-block-heading\" id=\"how-to-use-prompts-gallery\">Prompts Gallery nas\u0131l kullan\u0131l\u0131r?<\/h3>\n\n\n\n<ol class=\"wp-block-list\">\n<li class=\"\">\u0130stemi \u00e7o\u011faltmak i\u00e7in resmin sa\u011f \u00fcst simgesine t\u0131klay\u0131n<\/li>\n\n\n\n<li class=\"\">Yukar\u0131 kayd\u0131r\u0131n ve nesil i\u00e7in devrim yaratan isteminizi yap\u0131\u015ft\u0131r\u0131n<\/li>\n<\/ol>\n\n\n\n<div style=\"text-align: center; border: 2px solid; border-image-source: linear-gradient(to right, #16b86c, #912899); border-image-slice: 1; box-shadow: 0 0 10px rgba(0, 0, 0, 0.1); border-radius: 15px; position: relative;\">\n  <div id=\"loading\" style=\"position: absolute; top: 100px; left: 50%; transform: translate(-50%, -50%); z-index: 1000;\">\n    <div style=\"width: 50px; height: 50px; border: 5px solid #f3f3f3; border-top: 5px solid #16b86c; border-radius: 50%; animation: spin 1s linear infinite;\"><\/div>\n  <\/div>\n  <iframe loading=\"lazy\"\n    src=\"https:\/\/prithivmlmods-top-prompt-collection.static.hf.space\"\n    frameborder=\"0\"\n    width=\"100%\"\n    height=\"2600\"\n    style=\"display: inline-block; margin: 0 auto;\"\n    onload=\"document.getElementById('loading').style.display='none';\"\n  ><\/iframe>\n<\/div>\n\n<style>\n  @keyframes spin {\n    0% { transform: rotate(0deg); }\n    100% { transform: rotate(360deg); }\n  }\n<\/style>\n\n\n\n<div style=\"height:50px\" aria-hidden=\"true\" class=\"wp-block-spacer\"><\/div>\n\n\n\n<h2 class=\"wp-block-heading\" id=\"introduction-of-prompt-generator\">Prompt Generator'\u0131n Tan\u0131t\u0131m\u0131<\/h2>\n\n\n\n<div class=\"wp-block-rank-math-toc-block\" id=\"rank-math-toc\"><h3>\u0130\u00e7indekiler<\/h3><nav><ul><li><a href=\"#what-is-a-prompt-generator\">\u0130stem Olu\u015fturucu nedir?<\/a><ul><li><a href=\"#definition\">Tan\u0131m<\/a><\/li><li><a href=\"#types-of-prompts\">\u0130pucu T\u00fcrleri<\/a><\/li><\/ul><\/li><li><a href=\"#how-does-a-prompt-generator-work\">\u0130stem Olu\u015fturucu Nas\u0131l \u00c7al\u0131\u015f\u0131r?<\/a><ul><li><a href=\"#user-inputs\">Kullan\u0131c\u0131 Giri\u015fleri<\/a><\/li><li><a href=\"#ai-analysis\">Yapay Zeka Analizi<\/a><\/li><li><a href=\"#output\">\u00c7\u0131kt\u0131<\/a><\/li><li><a href=\"#example-of-user-inputs-and-ai-analysis\">Kullan\u0131c\u0131 Girdileri ve Yapay Zeka Analizi \u00d6rne\u011fi<\/a><\/li><\/ul><\/li><li><a href=\"#benefits-of-using-a-prompt-generator\">\u0130stem Olu\u015fturucu Kullanman\u0131n Faydalar\u0131<\/a><ul><li><a href=\"#efficiency\">Verimlilik<\/a><\/li><li><a href=\"#creativity-boost\">Yarat\u0131c\u0131l\u0131k Art\u0131\u015f\u0131<\/a><\/li><li><a href=\"#customization\">\u00d6zelle\u015ftirme<\/a><\/li><li><a href=\"#keyword-density-table\">Anahtar Kelime Yo\u011funluk Tablosu<\/a><\/li><\/ul><\/li><li><a href=\"#popular-applications-of-prompt-generators\">\u0130stem Olu\u015fturucular\u0131n Pop\u00fcler Uygulamalar\u0131<\/a><ul><li><a href=\"#content-creation\">\u0130\u00e7erik Olu\u015fturma<\/a><\/li><li><a href=\"#education\">E\u011fitim<\/a><\/li><li><a href=\"#business-and-marketing\">\u0130\u015fletme ve Pazarlama<\/a><\/li><\/ul><\/li><li><a href=\"#how-to-choose-the-right-prompt-generator\">Do\u011fru Prompt Olu\u015fturucu Nas\u0131l Se\u00e7ilir<\/a><ul><li><a href=\"#features-to-look-for\">Aranacak \u00d6zellikler<\/a><\/li><li><a href=\"#popular-tools\">Pop\u00fcler Ara\u00e7lar<\/a><\/li><\/ul><\/li><li><a href=\"#conclusion\">Sonu\u00e7<\/a><\/li><li><a href=\"#additional-resources\">Ek Kaynaklar<\/a><\/li><\/ul><\/nav><\/div>\n\n\n\n<h3 class=\"wp-block-heading\" id=\"introduction\">Giri\u015f<\/h3>\n\n\n\n<p class=\"\">\u0130pucu olu\u015fturucular, kullan\u0131c\u0131lar\u0131n yarat\u0131c\u0131 engellerin \u00fcstesinden gelmelerine ve yenilik\u00e7i fikirler \u00fcretmelerine yard\u0131mc\u0131 olmak i\u00e7in yapay zekadan (AI) yararlanan g\u00fc\u00e7l\u00fc ara\u00e7lard\u0131r. Bu ara\u00e7lar yazma ipu\u00e7lar\u0131, \u00e7izim ipu\u00e7lar\u0131 ve di\u011fer yarat\u0131c\u0131 \u00f6neriler \u00fcretebilir, bu da onlar\u0131 yazarlar, sanat\u00e7\u0131lar ve i\u00e7erik olu\u015fturucular i\u00e7in paha bi\u00e7ilmez k\u0131lar. Bu makale, ipucu olu\u015fturucular\u0131n ne oldu\u011funu, nas\u0131l \u00e7al\u0131\u015ft\u0131klar\u0131n\u0131, faydalar\u0131n\u0131, uygulamalar\u0131n\u0131 ve do\u011fru olan\u0131 se\u00e7mek i\u00e7in ipu\u00e7lar\u0131n\u0131 ara\u015ft\u0131r\u0131yor.<\/p>\n\n\n\n<figure class=\"wp-block-image size-full is-resized\"><img data-recalc-dims=\"1\" decoding=\"async\" width=\"1200\" height=\"600\"   loading=\"lazy\" src=\"https:\/\/i0.wp.com\/aiartfree.online\/wp-content\/uploads\/2024\/07\/WX20240724-132929%402x-scaled.webp?resize=1200%2C600&#038;ssl=1\" alt=\"\u0130pucu olu\u015fturucular, kullan\u0131c\u0131lar\u0131n yarat\u0131c\u0131 engellerin \u00fcstesinden gelmelerine ve yenilik\u00e7i fikirler \u00fcretmelerine yard\u0131mc\u0131 olmak i\u00e7in yapay zekadan (AI) yararlanan g\u00fc\u00e7l\u00fc ara\u00e7lard\u0131r.\" class=\"wp-image-3185\" style=\"width:819px;height:auto\" srcset=\"https:\/\/i0.wp.com\/aiartfree.online\/wp-content\/uploads\/2024\/07\/WX20240724-132929%402x-scaled.webp?w=2560&amp;ssl=1 2560w, https:\/\/i0.wp.com\/aiartfree.online\/wp-content\/uploads\/2024\/07\/WX20240724-132929%402x-scaled.webp?resize=300%2C150&amp;ssl=1 300w, https:\/\/i0.wp.com\/aiartfree.online\/wp-content\/uploads\/2024\/07\/WX20240724-132929%402x-scaled.webp?resize=1024%2C512&amp;ssl=1 1024w, https:\/\/i0.wp.com\/aiartfree.online\/wp-content\/uploads\/2024\/07\/WX20240724-132929%402x-scaled.webp?resize=768%2C384&amp;ssl=1 768w, https:\/\/i0.wp.com\/aiartfree.online\/wp-content\/uploads\/2024\/07\/WX20240724-132929%402x-scaled.webp?resize=1536%2C768&amp;ssl=1 1536w, https:\/\/i0.wp.com\/aiartfree.online\/wp-content\/uploads\/2024\/07\/WX20240724-132929%402x-scaled.webp?resize=2048%2C1023&amp;ssl=1 2048w, https:\/\/i0.wp.com\/aiartfree.online\/wp-content\/uploads\/2024\/07\/WX20240724-132929%402x-scaled.webp?resize=18%2C9&amp;ssl=1 18w, https:\/\/i0.wp.com\/aiartfree.online\/wp-content\/uploads\/2024\/07\/WX20240724-132929%402x-scaled.webp?resize=600%2C300&amp;ssl=1 600w, https:\/\/i0.wp.com\/aiartfree.online\/wp-content\/uploads\/2024\/07\/WX20240724-132929%402x-scaled.webp?w=2400&amp;ssl=1 2400w\" sizes=\"auto, (max-width: 1200px) 100vw, 1200px\" \/><\/figure>\n\n\n\n<h3 class=\"wp-block-heading\" id=\"what-is-a-prompt-generator\">\u0130stem Olu\u015fturucu nedir?<\/h3>\n\n\n\n<h4 class=\"wp-block-heading\" id=\"definition\">Tan\u0131m<\/h4>\n\n\n\n<p class=\"\">\u0130pucu olu\u015fturucu, yarat\u0131c\u0131 g\u00f6revler i\u00e7in ipu\u00e7lar\u0131 veya \u00f6neriler olu\u015fturmak i\u00e7in algoritmalar ve yapay zeka kullanan bir yaz\u0131l\u0131m uygulamas\u0131d\u0131r. Bu ipu\u00e7lar\u0131 yazma, \u00e7izme, beyin f\u0131rt\u0131nas\u0131 ve daha fazlas\u0131 i\u00e7in kullan\u0131labilir.<\/p>\n\n\n\n<h4 class=\"wp-block-heading\" id=\"types-of-prompts\">\u0130pucu T\u00fcrleri<\/h4>\n\n\n\n<ul class=\"wp-block-list\">\n<li class=\"\"><strong>Yaz\u0131 \u0130pu\u00e7lar\u0131<\/strong>: Hikayeler, denemeler ve \u015fiirler de dahil olmak \u00fczere yazma projelerini ba\u015flatmak i\u00e7in fikirler.<\/li>\n\n\n\n<li class=\"\"><strong>\u00c7izim \u0130pu\u00e7lar\u0131<\/strong>: Sanat\u00e7\u0131lara yeni eserler yaratmalar\u0131 i\u00e7in \u00f6neriler.<\/li>\n\n\n\n<li class=\"\"><strong>Yarat\u0131c\u0131 Yaz\u0131 \u0130pu\u00e7lar\u0131<\/strong>: Kurgu ve \u015fiir gibi yarat\u0131c\u0131 yaz\u0131lara ilham vermek i\u00e7in odaklanm\u0131\u015f ipu\u00e7lar\u0131.<\/li>\n\n\n\n<li class=\"\"><strong>Yolculuk Ortas\u0131 \u0130pu\u00e7lar\u0131<\/strong>: Bir hikayenin veya projenin yar\u0131 yolda geli\u015ftirilmesine yard\u0131mc\u0131 olacak ipu\u00e7lar\u0131.<\/li>\n\n\n\n<li class=\"\"><strong>Sanat \u0130stemi Olu\u015fturucu<\/strong>: G\u00f6rsel sanat i\u00e7in fikir \u00fcretmek \u00fczere \u00f6zel olarak tasarlanm\u0131\u015f ara\u00e7lar.<\/li>\n<\/ul>\n\n\n\n<h3 class=\"wp-block-heading\" id=\"how-does-a-prompt-generator-work\">\u0130stem Olu\u015fturucu Nas\u0131l \u00c7al\u0131\u015f\u0131r?<\/h3>\n\n\n\n<h4 class=\"wp-block-heading\" id=\"user-inputs\">Kullan\u0131c\u0131 Giri\u015fleri<\/h4>\n\n\n\n<p class=\"\">Kullan\u0131c\u0131lar, ihtiya\u00e7 duyulan bilgi istemi t\u00fcr\u00fc (\u00f6rne\u011fin, yazma, \u00e7izme) ve belirli temalar veya k\u0131s\u0131tlamalar gibi ilk girdileri sa\u011flar.<\/p>\n\n\n\n<h4 class=\"wp-block-heading\" id=\"ai-analysis\">Yapay Zeka Analizi<\/h4>\n\n\n\n<p class=\"\">Yapay zeka, benzersiz ve ilgili \u00f6neriler olu\u015fturmak i\u00e7in mevcut istemlerin ve yarat\u0131c\u0131 i\u00e7eri\u011fin veritabanlar\u0131n\u0131 kullanarak bu girdileri i\u015fler.<\/p>\n\n\n\n<h4 class=\"wp-block-heading\" id=\"output\">\u00c7\u0131kt\u0131<\/h4>\n\n\n\n<p class=\"\">Olu\u015fturulan istemler kullan\u0131c\u0131n\u0131n \u00f6zelliklerine g\u00f6re uyarlan\u0131r ve an\u0131nda ilham ve y\u00f6nlendirme sa\u011flar.<\/p>\n\n\n\n<h4 class=\"wp-block-heading\" id=\"example-of-user-inputs-and-ai-analysis\">Kullan\u0131c\u0131 Girdileri ve Yapay Zeka Analizi \u00d6rne\u011fi<\/h4>\n\n\n\n<figure class=\"wp-block-table\"><table class=\"has-fixed-layout\"><thead><tr><th>Kullan\u0131c\u0131 Giri\u015fi<\/th><th>Yapay Zeka Analizi<\/th><th>Olu\u015fturulan \u0130stem<\/th><\/tr><\/thead><tbody><tr><td>Yaz\u0131 \u0130stemi<\/td><td>Gizem ve macera temalar\u0131n\u0131 analiz edin<\/td><td>\"Perili bir \u015fehirdeki bir dedektif hakk\u0131nda bir hikaye yaz\u0131n.\"<\/td><\/tr><tr><td>\u00c7izim \u0130stemi<\/td><td>Fantezi sanat\u0131ndaki pop\u00fcler temalar\u0131 incelemek<\/td><td>\"Gizli bir hazineyi koruyan bir ejderha \u00e7izin.\"<\/td><\/tr><tr><td>Yarat\u0131c\u0131 Yazarl\u0131k<\/td><td>Romantizm ve tarihi kurgu unsurlar\u0131n\u0131 birle\u015ftirin<\/td><td>\"Antik Roma'da ge\u00e7en bir a\u015fk hikayesi anlat\u0131n.\"<\/td><\/tr><\/tbody><\/table><\/figure>\n\n\n\n<h3 class=\"wp-block-heading\" id=\"benefits-of-using-a-prompt-generator\">\u0130stem Olu\u015fturucu Kullanman\u0131n Faydalar\u0131<\/h3>\n\n\n\n<h4 class=\"wp-block-heading\" id=\"efficiency\">Verimlilik<\/h4>\n\n\n\n<p class=\"\">\u0130pucu olu\u015fturucular, h\u0131zl\u0131 bir \u015fekilde y\u00fcksek kaliteli ipu\u00e7lar\u0131 \u00fcreterek zamandan tasarruf sa\u011flar ve kullan\u0131c\u0131lar\u0131n beyin f\u0131rt\u0131nas\u0131 yapmak yerine olu\u015fturmaya odaklanmas\u0131na olanak tan\u0131r.<\/p>\n\n\n\n<h4 class=\"wp-block-heading\" id=\"creativity-boost\">Yarat\u0131c\u0131l\u0131k Art\u0131\u015f\u0131<\/h4>\n\n\n\n<p class=\"\">Bu ara\u00e7lar, yazar t\u0131kan\u0131kl\u0131\u011f\u0131n\u0131n \u00fcstesinden gelmeye yard\u0131mc\u0131 olur ve benzersiz ve \u00e7e\u015fitli ipu\u00e7lar\u0131yla yarat\u0131c\u0131l\u0131\u011fa ilham vererek yarat\u0131c\u0131 s\u00fcreci daha keyifli hale getirir.<\/p>\n\n\n\n<h4 class=\"wp-block-heading\" id=\"customization\">\u00d6zelle\u015ftirme<\/h4>\n\n\n\n<p class=\"\">Kullan\u0131c\u0131lar istemleri belirli ihtiya\u00e7 ve tercihlere g\u00f6re uyarlayabilir, b\u00f6ylece olu\u015fturulan i\u00e7eri\u011fin alaka d\u00fczeyini ve kullan\u0131labilirli\u011fini art\u0131rabilir.<\/p>\n\n\n\n<h4 class=\"wp-block-heading\" id=\"keyword-density-table\">Anahtar Kelime Yo\u011funluk Tablosu<\/h4>\n\n\n\n<figure class=\"wp-block-table\"><table class=\"has-fixed-layout\"><thead><tr><th>Anahtar Kelime<\/th><th>Makaledeki Yo\u011funluk<\/th><\/tr><\/thead><tbody><tr><td>\u0130stem Olu\u015fturucu<\/td><td>2%<\/td><\/tr><tr><td>Yaz\u0131 \u0130pu\u00e7lar\u0131<\/td><td>1.5%<\/td><\/tr><tr><td>H\u0131zl\u0131 M\u00fchendislik<\/td><td>1%<\/td><\/tr><tr><td><a href=\"https:\/\/aiartfree.online\/tr\/hizli-galeri\/\" target=\"_blank\" data-type=\"page\" data-id=\"3252\" rel=\"noreferrer noopener\">\u00c7izim \u0130pu\u00e7lar\u0131<\/a><\/td><td>1.5%<\/td><\/tr><tr><td>Yarat\u0131c\u0131 Yaz\u0131 \u0130pu\u00e7lar\u0131<\/td><td>1%<\/td><\/tr><tr><td>Yolculuk Ortas\u0131 \u0130pu\u00e7lar\u0131<\/td><td>0.5%<\/td><\/tr><tr><td>Sanat \u0130stemi Olu\u015fturucu<\/td><td>1%<\/td><\/tr><tr><td>\u00c7izim Fikirleri<\/td><td>1%<\/td><\/tr><tr><td>\u00c7izim \u0130stemi<\/td><td>1%<\/td><\/tr><\/tbody><\/table><\/figure>\n\n\n\n<h3 class=\"wp-block-heading\" id=\"popular-applications-of-prompt-generators\">\u0130stem Olu\u015fturucular\u0131n Pop\u00fcler Uygulamalar\u0131<\/h3>\n\n\n\n<h4 class=\"wp-block-heading\" id=\"content-creation\">\u0130\u00e7erik Olu\u015fturma<\/h4>\n\n\n\n<ul class=\"wp-block-list\">\n<li class=\"\"><strong>Bloglama<\/strong>: Blog yaz\u0131lar\u0131 ve makaleler i\u00e7in fikirler \u00fcretin.<\/li>\n\n\n\n<li class=\"\"><strong>Sosyal Medya<\/strong>: Sosyal medya platformlar\u0131 i\u00e7in ilgi \u00e7ekici i\u00e7erikler olu\u015fturun.<\/li>\n<\/ul>\n\n\n\n<h4 class=\"wp-block-heading\" id=\"education\">E\u011fitim<\/h4>\n\n\n\n<ul class=\"wp-block-list\">\n<li class=\"\"><strong>\u00d6\u011fretmenlik<\/strong>: \u00d6\u011fretmenlere kompozisyon konular\u0131 ve tart\u0131\u015fma noktalar\u0131 olu\u015fturmalar\u0131nda yard\u0131mc\u0131 olun.<\/li>\n\n\n\n<li class=\"\"><strong>\u00d6\u011frenci Projeleri<\/strong>: \u00d6\u011frencilere yazma \u00f6devleri ve yarat\u0131c\u0131 projeler i\u00e7in fikirler konusunda yard\u0131mc\u0131 olun.<\/li>\n<\/ul>\n\n\n\n<h4 class=\"wp-block-heading\" id=\"business-and-marketing\">\u0130\u015fletme ve Pazarlama<\/h4>\n\n\n\n<ul class=\"wp-block-list\">\n<li class=\"\"><strong>Pazarlama Metni<\/strong>: Etkileyici pazarlama metinleri ve \u00fcr\u00fcn a\u00e7\u0131klamalar\u0131 olu\u015fturun.<\/li>\n\n\n\n<li class=\"\"><strong>M\u00fc\u015fteri Etkile\u015fimi<\/strong>: M\u00fc\u015fteri hizmetleri ve kat\u0131l\u0131m\u0131 i\u00e7in senaryolar olu\u015fturun.<\/li>\n<\/ul>\n\n\n\n<h3 class=\"wp-block-heading\" id=\"how-to-choose-the-right-prompt-generator\">Do\u011fru Prompt Olu\u015fturucu Nas\u0131l Se\u00e7ilir<\/h3>\n\n\n\n<h4 class=\"wp-block-heading\" id=\"features-to-look-for\">Aranacak \u00d6zellikler<\/h4>\n\n\n\n<ul class=\"wp-block-list\">\n<li class=\"\"><strong>\u00d6zelle\u015ftirme Se\u00e7enekleri<\/strong>: \u0130stemleri \u00f6zel ihtiya\u00e7lara g\u00f6re uyarlama yetene\u011fi.<\/li>\n\n\n\n<li class=\"\"><strong>Kullan\u0131c\u0131 Aray\u00fcz\u00fc<\/strong>: Sezgisel ve kullan\u0131c\u0131 dostu bir aray\u00fcz.<\/li>\n\n\n\n<li class=\"\"><strong>Entegrasyon Yetenekleri<\/strong>: Di\u011fer ara\u00e7lar ve platformlarla uyumluluk.<\/li>\n<\/ul>\n\n\n\n<h4 class=\"wp-block-heading\" id=\"popular-tools\">Pop\u00fcler Ara\u00e7lar<\/h4>\n\n\n\n<ul class=\"wp-block-list\">\n<li class=\"\"><strong>Yapay Zindan<\/strong>: Yarat\u0131c\u0131 yazma ipu\u00e7lar\u0131 olu\u015fturmadaki \u00e7ok y\u00f6nl\u00fcl\u00fc\u011f\u00fc ile bilinir.<\/li>\n\n\n\n<li class=\"\"><strong>ArtPrompts<\/strong>: G\u00f6rsel sanat projeleri i\u00e7in fikir \u00fcretme konusunda uzmanla\u015fm\u0131\u015ft\u0131r.<\/li>\n\n\n\n<li class=\"\"><strong>WritingExercises.co.uk<\/strong>: Farkl\u0131 t\u00fcrler i\u00e7in \u00e7ok \u00e7e\u015fitli yazma ipu\u00e7lar\u0131 sa\u011flar.<\/li>\n<\/ul>\n\n\n\n<h3 class=\"wp-block-heading\" id=\"conclusion\">Sonu\u00e7<\/h3>\n\n\n\n<p class=\"\">\u0130stem olu\u015fturucular, yarat\u0131c\u0131 \u00e7al\u0131\u015fmalarla u\u011fra\u015fan herkes i\u00e7in paha bi\u00e7ilmez ara\u00e7lard\u0131r. Zaman kazand\u0131r\u0131r, yarat\u0131c\u0131l\u0131\u011f\u0131 art\u0131r\u0131r ve yarat\u0131c\u0131 bloklara \u00f6zelle\u015ftirilebilir \u00e7\u00f6z\u00fcmler sunarlar. Nas\u0131l \u00e7al\u0131\u015ft\u0131klar\u0131n\u0131 ve uygulamalar\u0131n\u0131 anlayarak, yarat\u0131c\u0131 s\u00fcrecinizi geli\u015ftirmek i\u00e7in do\u011fru istem olu\u015fturucuyu se\u00e7ebilirsiniz.<\/p>\n\n\n\n<h3 class=\"wp-block-heading\" id=\"additional-resources\">Ek Kaynaklar<\/h3>\n\n\n\n<ul class=\"wp-block-list\">\n<li class=\"\"><strong><a href=\"https:\/\/www.aidungeon.io\/\" target=\"_blank\" rel=\"noopener\">Yapay Zindan<\/a><\/strong>: Yarat\u0131c\u0131 yazma i\u00e7in interaktif bir ipucu olu\u015fturucuyu ke\u015ffedin.<\/li>\n\n\n\n<li class=\"\"><strong><a href=\"https:\/\/artprompts.org\/\" target=\"_blank\" rel=\"noopener\">ArtPrompts<\/a><\/strong>: Bir sonraki sanat projeniz i\u00e7in ilham al\u0131n.<\/li>\n\n\n\n<li class=\"\"><strong><a href=\"https:\/\/www.writingexercises.co.uk\/\" target=\"_blank\" rel=\"noopener\">Yazma Al\u0131\u015ft\u0131rmalar\u0131<\/a><\/strong>: Farkl\u0131 t\u00fcrler i\u00e7in \u00e7e\u015fitli yazma ipu\u00e7lar\u0131n\u0131 ke\u015ffedin.<\/li>\n<\/ul>","protected":false},"excerpt":{"rendered":"<p>Before Prompt Generator vs After How to use Prompt Generator If you don&#8217;t have any thoughts in your mind, click to check our Prompt Gallery *&nbsp;Depending on your internet speed, loading the model may take a few seconds. * There will be caching during continuous generation, and the new image will appear after about 5 &#8230; <a title=\"\u0130stem Olu\u015fturucu\" class=\"read-more\" href=\"https:\/\/aiartfree.online\/tr\/istem-ureteci\/\" aria-label=\"Read more about Prompt Generator\">Devam\u0131n\u0131 oku<\/a><\/p>","protected":false},"author":1,"featured_media":3185,"parent":0,"menu_order":0,"comment_status":"open","ping_status":"closed","template":"","meta":{"nf_dc_page":"","footnotes":""},"class_list":["post-3164","page","type-page","status-publish","has-post-thumbnail"],"jetpack_sharing_enabled":true,"_links":{"self":[{"href":"https:\/\/aiartfree.online\/tr\/wp-json\/wp\/v2\/pages\/3164","targetHints":{"allow":["GET"]}}],"collection":[{"href":"https:\/\/aiartfree.online\/tr\/wp-json\/wp\/v2\/pages"}],"about":[{"href":"https:\/\/aiartfree.online\/tr\/wp-json\/wp\/v2\/types\/page"}],"author":[{"embeddable":true,"href":"https:\/\/aiartfree.online\/tr\/wp-json\/wp\/v2\/users\/1"}],"replies":[{"embeddable":true,"href":"https:\/\/aiartfree.online\/tr\/wp-json\/wp\/v2\/comments?post=3164"}],"version-history":[{"count":0,"href":"https:\/\/aiartfree.online\/tr\/wp-json\/wp\/v2\/pages\/3164\/revisions"}],"wp:featuredmedia":[{"embeddable":true,"href":"https:\/\/aiartfree.online\/tr\/wp-json\/wp\/v2\/media\/3185"}],"wp:attachment":[{"href":"https:\/\/aiartfree.online\/tr\/wp-json\/wp\/v2\/media?parent=3164"}],"curies":[{"name":"wp","href":"https:\/\/api.w.org\/{rel}","templated":true}]}}