{"id":3116,"date":"2024-07-21T07:42:22","date_gmt":"2024-07-21T07:42:22","guid":{"rendered":"https:\/\/aiartfree.online\/?page_id=3116"},"modified":"2024-07-21T07:51:46","modified_gmt":"2024-07-21T07:51:46","slug":"free-ai-image-generator","status":"publish","type":"page","link":"https:\/\/aiartfree.online\/tr\/ucretsiz-ai-goruntu-olusturucu\/","title":{"rendered":"\u00dccretsiz AI G\u00f6r\u00fcnt\u00fc Olu\u015fturucu"},"content":{"rendered":"<p class=\"has-text-align-center\">Geli\u015fmi\u015f yapay zeka algoritmalar\u0131n\u0131 ve metin istemlerini kullanarak yapay zeka taraf\u0131ndan olu\u015fturulan canl\u0131 g\u00f6r\u00fcnt\u00fcler olu\u015fturun.<\/p>\n\n\n<div class=\"gb-grid-wrapper gb-grid-wrapper-060dec2f\">\n<div class=\"gb-grid-column gb-grid-column-04dcb2bb\"><div class=\"gb-container gb-container-04dcb2bb\">\n\n<figure class=\"gb-block-image gb-block-image-2373db5f\"><a href=\"https:\/\/aiartfree.online\/tr\/ucretsiz-cevrimici-midjourney\/\" target=\"_blank\" rel=\"noopener noreferrer\"><img data-recalc-dims=\"1\" decoding=\"async\" loading=\"lazy\" width=\"1024\" height=\"768\" class=\"gb-image gb-image-2373db5f\" src=\"https:\/\/i0.wp.com\/aiartfree.online\/wp-content\/uploads\/2024\/07\/What-Is-Midjourney-AI-and-How-Does-It-Work-1.jpg?resize=1024%2C768&#038;ssl=1\" alt=\"\u00dccretsiz \u00c7evrimi\u00e7i Ara Yolculuk\" title=\"Orta Yolculuk-AI Nedir ve Nas\u0131l \u00c7al\u0131\u015f\u0131r-1\" srcset=\"https:\/\/i0.wp.com\/aiartfree.online\/wp-content\/uploads\/2024\/07\/What-Is-Midjourney-AI-and-How-Does-It-Work-1.jpg?w=1024&amp;ssl=1 1024w, https:\/\/i0.wp.com\/aiartfree.online\/wp-content\/uploads\/2024\/07\/What-Is-Midjourney-AI-and-How-Does-It-Work-1.jpg?resize=600%2C450&amp;ssl=1 600w, https:\/\/i0.wp.com\/aiartfree.online\/wp-content\/uploads\/2024\/07\/What-Is-Midjourney-AI-and-How-Does-It-Work-1.jpg?resize=300%2C225&amp;ssl=1 300w, https:\/\/i0.wp.com\/aiartfree.online\/wp-content\/uploads\/2024\/07\/What-Is-Midjourney-AI-and-How-Does-It-Work-1.jpg?resize=768%2C576&amp;ssl=1 768w, https:\/\/i0.wp.com\/aiartfree.online\/wp-content\/uploads\/2024\/07\/What-Is-Midjourney-AI-and-How-Does-It-Work-1.jpg?resize=16%2C12&amp;ssl=1 16w\" sizes=\"auto, (max-width: 1024px) 100vw, 1024px\" \/><\/a><\/figure>\n\n\n\n<h3 class=\"gb-headline gb-headline-b94667ce gb-headline-text\">\u00dccretsiz \u00c7evrimi\u00e7i Ara Yolculuk<\/h3>\n\n\n\n<p class=\"gb-headline gb-headline-a433ec01 gb-headline-text\">Midjourney ile yapay zeka taraf\u0131ndan \u00fcretilen \u00e7arp\u0131c\u0131 sanat eserlerini zahmetsizce olu\u015fturun.<\/p>\n\n<\/div><\/div>\n\n<div class=\"gb-grid-column gb-grid-column-d389befc\"><div class=\"gb-container gb-container-d389befc\">\n\n<figure class=\"gb-block-image gb-block-image-e89bda53\"><a href=\"https:\/\/aiartfree.online\/tr\/ucretsiz-cevrimici-kararli-difuzyon-3\/\" target=\"_blank\" rel=\"noopener noreferrer\"><img data-recalc-dims=\"1\" decoding=\"async\" loading=\"lazy\" width=\"1200\" height=\"686\" class=\"gb-image gb-image-e89bda53\" src=\"https:\/\/i0.wp.com\/aiartfree.online\/wp-content\/uploads\/2024\/07\/image-90.jpg?resize=1200%2C686&#038;ssl=1\" alt=\"\u00dccretsiz \u00c7evrimi\u00e7i Kararl\u0131 Dif\u00fczyon 3\" title=\"g\u00f6r\u00fcnt\u00fc-90\" srcset=\"https:\/\/i0.wp.com\/aiartfree.online\/wp-content\/uploads\/2024\/07\/image-90.jpg?w=1344&amp;ssl=1 1344w, https:\/\/i0.wp.com\/aiartfree.online\/wp-content\/uploads\/2024\/07\/image-90.jpg?resize=600%2C343&amp;ssl=1 600w, https:\/\/i0.wp.com\/aiartfree.online\/wp-content\/uploads\/2024\/07\/image-90.jpg?resize=300%2C171&amp;ssl=1 300w, https:\/\/i0.wp.com\/aiartfree.online\/wp-content\/uploads\/2024\/07\/image-90.jpg?resize=1024%2C585&amp;ssl=1 1024w, https:\/\/i0.wp.com\/aiartfree.online\/wp-content\/uploads\/2024\/07\/image-90.jpg?resize=768%2C439&amp;ssl=1 768w, https:\/\/i0.wp.com\/aiartfree.online\/wp-content\/uploads\/2024\/07\/image-90.jpg?resize=18%2C10&amp;ssl=1 18w\" sizes=\"auto, (max-width: 1200px) 100vw, 1200px\" \/><\/a><\/figure>\n\n\n\n<h3 class=\"gb-headline gb-headline-adce07b4 gb-headline-text\">Kararl\u0131 Dif\u00fczyon 3<\/h3>\n\n\n\n<p class=\"gb-headline gb-headline-499da18c gb-headline-text\">Son teknoloji yapay zeka algoritmalar\u0131yla g\u00f6r\u00fcnt\u00fcler olu\u015fturmak i\u00e7in Stable Diffusion 3'\u00fc kullan\u0131n.<\/p>\n\n<\/div><\/div>\n\n<div class=\"gb-grid-column gb-grid-column-5c592b98\"><div class=\"gb-container gb-container-5c592b98\">\n\n<figure class=\".wp-block-image {  position: relative; overflow: hidden; } img max-width: 100%; transition: transform 0.3s; .wp-block-image:hover transform: scale(1.2); gb-block-image gb-block-image-357d3677\"><a href=\"https:\/\/aiartfree.online\/tr\/ucretsiz-dalle-3\/\" target=\"_blank\" rel=\"noopener noreferrer\"><img data-recalc-dims=\"1\" decoding=\"async\" loading=\"lazy\" width=\"1200\" height=\"1200\" class=\"gb-image gb-image-357d3677 .wp-block-image {     position: relative;     overflow: hidden; } .wp-block-image img {     max-width: 100%;     transition: transform 0.3s; } .wp-block-image:hover img {     transform: scale(1.2); }\" src=\"https:\/\/i0.wp.com\/aiartfree.online\/wp-content\/uploads\/2024\/07\/avocado-square-1-1-1-1-1-1-1-1-1-1-1-1-1.jpg?resize=1200%2C1200&#038;ssl=1\" alt=\"\u00dccretsiz \u00c7evrimi\u00e7i DALL-E 3\" title=\"avokado-kare (1) (1) (1) (1) (1) (1) (1) (1) (1) (1) (1) (1) (1)\" srcset=\"https:\/\/i0.wp.com\/aiartfree.online\/wp-content\/uploads\/2024\/07\/avocado-square-1-1-1-1-1-1-1-1-1-1-1-1-1.jpg?w=1792&amp;ssl=1 1792w, https:\/\/i0.wp.com\/aiartfree.online\/wp-content\/uploads\/2024\/07\/avocado-square-1-1-1-1-1-1-1-1-1-1-1-1-1.jpg?resize=300%2C300&amp;ssl=1 300w, https:\/\/i0.wp.com\/aiartfree.online\/wp-content\/uploads\/2024\/07\/avocado-square-1-1-1-1-1-1-1-1-1-1-1-1-1.jpg?resize=100%2C100&amp;ssl=1 100w, https:\/\/i0.wp.com\/aiartfree.online\/wp-content\/uploads\/2024\/07\/avocado-square-1-1-1-1-1-1-1-1-1-1-1-1-1.jpg?resize=600%2C600&amp;ssl=1 600w, https:\/\/i0.wp.com\/aiartfree.online\/wp-content\/uploads\/2024\/07\/avocado-square-1-1-1-1-1-1-1-1-1-1-1-1-1.jpg?resize=1024%2C1024&amp;ssl=1 1024w, https:\/\/i0.wp.com\/aiartfree.online\/wp-content\/uploads\/2024\/07\/avocado-square-1-1-1-1-1-1-1-1-1-1-1-1-1.jpg?resize=150%2C150&amp;ssl=1 150w, https:\/\/i0.wp.com\/aiartfree.online\/wp-content\/uploads\/2024\/07\/avocado-square-1-1-1-1-1-1-1-1-1-1-1-1-1.jpg?resize=768%2C768&amp;ssl=1 768w, https:\/\/i0.wp.com\/aiartfree.online\/wp-content\/uploads\/2024\/07\/avocado-square-1-1-1-1-1-1-1-1-1-1-1-1-1.jpg?resize=1536%2C1536&amp;ssl=1 1536w, https:\/\/i0.wp.com\/aiartfree.online\/wp-content\/uploads\/2024\/07\/avocado-square-1-1-1-1-1-1-1-1-1-1-1-1-1.jpg?resize=12%2C12&amp;ssl=1 12w\" sizes=\"auto, (max-width: 1200px) 100vw, 1200px\" \/><\/a><\/figure>\n\n\n\n<h3 class=\"gb-headline gb-headline-757b1ea4 gb-headline-text\">DALL-E 3<\/h3>\n\n\n\n<p class=\"gb-headline gb-headline-fe2eab63 gb-headline-text\">\u00dccretsiz Online DALL-E 3 ile yarat\u0131c\u0131 olas\u0131l\u0131klar\u0131 ke\u015ffedin.<\/p>\n\n<\/div><\/div>\n\n<div class=\"gb-grid-column gb-grid-column-f814b0e2\"><div class=\"gb-container gb-container-f814b0e2\">\n\n<figure class=\".wp-block-image {  position: relative; overflow: hidden; } img max-width: 100%; transition: transform 0.3s; .wp-block-image:hover transform: scale(1.2); gb-block-image gb-block-image-c52efc8e\"><a href=\"https:\/\/aiartfree.online\/tr\/bing-ai-goruntu-olusturucu\/\" target=\"_blank\" rel=\"noopener noreferrer\"><img data-recalc-dims=\"1\" decoding=\"async\" loading=\"lazy\" width=\"1024\" height=\"1024\" class=\"gb-image gb-image-c52efc8e .wp-block-image {     position: relative;     overflow: hidden; } .wp-block-image img {     max-width: 100%;     transition: transform 0.3s; } .wp-block-image:hover img {     transform: scale(1.2); }\" src=\"https:\/\/i0.wp.com\/aiartfree.online\/wp-content\/uploads\/2024\/07\/b9cb406d-bffd-446e-9f65-c20776dc6cda.jpg?resize=1024%2C1024&#038;ssl=1\" alt=\"\" title=\"b9cb406d-bffd-446e-9f65-c20776dc6cda\" srcset=\"https:\/\/i0.wp.com\/aiartfree.online\/wp-content\/uploads\/2024\/07\/b9cb406d-bffd-446e-9f65-c20776dc6cda.jpg?w=1024&amp;ssl=1 1024w, https:\/\/i0.wp.com\/aiartfree.online\/wp-content\/uploads\/2024\/07\/b9cb406d-bffd-446e-9f65-c20776dc6cda.jpg?resize=300%2C300&amp;ssl=1 300w, https:\/\/i0.wp.com\/aiartfree.online\/wp-content\/uploads\/2024\/07\/b9cb406d-bffd-446e-9f65-c20776dc6cda.jpg?resize=150%2C150&amp;ssl=1 150w, https:\/\/i0.wp.com\/aiartfree.online\/wp-content\/uploads\/2024\/07\/b9cb406d-bffd-446e-9f65-c20776dc6cda.jpg?resize=768%2C768&amp;ssl=1 768w, https:\/\/i0.wp.com\/aiartfree.online\/wp-content\/uploads\/2024\/07\/b9cb406d-bffd-446e-9f65-c20776dc6cda.jpg?resize=12%2C12&amp;ssl=1 12w, https:\/\/i0.wp.com\/aiartfree.online\/wp-content\/uploads\/2024\/07\/b9cb406d-bffd-446e-9f65-c20776dc6cda.jpg?resize=600%2C600&amp;ssl=1 600w, https:\/\/i0.wp.com\/aiartfree.online\/wp-content\/uploads\/2024\/07\/b9cb406d-bffd-446e-9f65-c20776dc6cda.jpg?resize=100%2C100&amp;ssl=1 100w\" sizes=\"auto, (max-width: 1024px) 100vw, 1024px\" \/><\/a><\/figure>\n\n\n\n<h3 class=\"gb-headline gb-headline-44aa6af8 gb-headline-text\">Bing Yapay Zeka G\u00f6r\u00fcnt\u00fc Olu\u015fturucu<\/h3>\n\n\n\n<p class=\"gb-headline gb-headline-27d06265 gb-headline-text\">Basit bir metin komutuyla yapay zeka ile olu\u015fturulmu\u015f \u00e7arp\u0131c\u0131 g\u00f6r\u00fcnt\u00fcler olu\u015fturmak i\u00e7in Bing AI Image Generator'\u0131 kullan\u0131n.<\/p>\n\n<\/div><\/div>\n<\/div>\n\n\n<div style=\"height:100px\" aria-hidden=\"true\" class=\"wp-block-spacer\"><\/div>\n\n\n\n<h2 class=\"wp-block-heading has-text-align-center\" id=\"what-is-a-free-ai-image-generator\"><strong>\u00dccretsiz Yapay Zeka G\u00f6r\u00fcnt\u00fc Olu\u015fturucu: G\u00f6rsel \u0130\u00e7erik Olu\u015fturmada Devrim Yarat\u0131yor<\/strong><a href=\"https:\/\/dromerosm-groq-llama3.hf.space\/#what-is-a-free-ai-image-generator\" target=\"_blank\" rel=\"noopener\"><\/a><\/h2>\n\n\n\n<h3 class=\"wp-block-heading\" id=\"outline\"><a href=\"https:\/\/dromerosm-groq-llama3.hf.space\/#outline\" target=\"_blank\" rel=\"noopener\"><\/a>Ana hatlar:<\/h3>\n\n\n\n<ul class=\"wp-block-list\">\n<li class=\"\">\u00dccretsiz AI G\u00f6r\u00fcnt\u00fc Olu\u015fturucu nedir?<\/li>\n\n\n\n<li class=\"\">\u00dccretsiz Yapay Zeka G\u00f6r\u00fcnt\u00fc Olu\u015fturucular\u0131n \u00d6nemi<\/li>\n\n\n\n<li class=\"\">\u00dccretsiz AI G\u00f6r\u00fcnt\u00fc Olu\u015fturucu Kullanman\u0131n Faydalar\u0131<\/li>\n\n\n\n<li class=\"\">\u00dccretsiz Yapay Zeka G\u00f6r\u00fcnt\u00fc Olu\u015fturucu Kullanmak \u0130\u00e7in Uygun Senaryolar<\/li>\n\n\n\n<li class=\"\">\u00dccretsiz AI G\u00f6rsel Olu\u015fturucuyu Kimler Kullanabilir?<\/li>\n\n\n\n<li class=\"\">En \u0130yi 10 \u0130lgili Ara\u00e7 ve Art\u0131lar\u0131&amp;Eksileri<\/li>\n\n\n\n<li class=\"\">10 SSS<\/li>\n<\/ul>\n\n\n\n<h3 class=\"wp-block-heading\" id=\"what-is-a-free-ai-image-generator\"><a href=\"https:\/\/dromerosm-groq-llama3.hf.space\/#what-is-a-free-ai-image-generator\" target=\"_blank\" rel=\"noopener\"><\/a><strong>\u00dccretsiz AI G\u00f6r\u00fcnt\u00fc Olu\u015fturucu nedir?<\/strong><\/h3>\n\n\n\n<p class=\"\">\u00dccretsiz bir AI g\u00f6r\u00fcnt\u00fc olu\u015fturucu, metin istemleri veya basit \u00e7izimler gibi kullan\u0131c\u0131 girdilerine dayal\u0131 olarak y\u00fcksek kaliteli g\u00f6r\u00fcnt\u00fcler olu\u015fturmak i\u00e7in yapay zeka (AI) kullanan \u00e7evrimi\u00e7i bir ara\u00e7t\u0131r. Bu ara\u00e7lar, benzersiz ve ger\u00e7ek\u00e7i g\u00f6r\u00fcnt\u00fcler olu\u015fturmak i\u00e7in makine \u00f6\u011frenimi algoritmalar\u0131n\u0131 ve kararl\u0131 dif\u00fczyon gibi \u00fcretken yapay zeka tekniklerini kullan\u0131r.<\/p>\n\n\n\n<p class=\"\">\u00dccretsiz yapay zeka g\u00f6r\u00fcnt\u00fc olu\u015fturucular\u0131n\u0131n y\u00fckseli\u015fi, g\u00f6rsel i\u00e7erik olu\u015fturma alan\u0131n\u0131 demokratikle\u015ftirdi ve herkesin kapsaml\u0131 sanatsal beceriler veya deneyim gerektirmeden profesyonel kalitede g\u00f6r\u00fcnt\u00fcler \u00fcretmesini m\u00fcmk\u00fcn k\u0131ld\u0131.<\/p>\n\n\n\n<h3 class=\"wp-block-heading\" id=\"importance-of-free-ai-image-generators\"><a href=\"https:\/\/dromerosm-groq-llama3.hf.space\/#importance-of-free-ai-image-generators\" target=\"_blank\" rel=\"noopener\"><\/a><strong>\u00dccretsiz Yapay Zeka G\u00f6r\u00fcnt\u00fc Olu\u015fturucular\u0131n \u00d6nemi<\/strong><\/h3>\n\n\n\n<p class=\"\">\u00dccretsiz AI g\u00f6rsel olu\u015fturucular sosyal medya, reklamc\u0131l\u0131k ve tasar\u0131m dahil olmak \u00fczere \u00e7e\u015fitli sekt\u00f6rler i\u00e7in vazge\u00e7ilmez hale gelmi\u015ftir. A\u015fa\u011f\u0131dakiler de dahil olmak \u00fczere bir dizi avantaj sunarlar:<\/p>\n\n\n\n<ul class=\"wp-block-list\">\n<li class=\"\"><strong>Zaman tasarrufu<\/strong>: \u00dccretsiz yapay zeka g\u00f6r\u00fcnt\u00fc olu\u015fturucular\u0131 birka\u00e7 dakika i\u00e7inde y\u00fcksek kaliteli g\u00f6r\u00fcnt\u00fcler \u00fcretebilir ve kullan\u0131c\u0131lar\u0131 saatlerce s\u00fcren el i\u015f\u00e7ili\u011finden kurtarabilir.<\/li>\n\n\n\n<li class=\"\"><strong>Uygun maliyetli<\/strong>: Bu ara\u00e7lar, insan tasar\u0131mc\u0131lar\u0131 i\u015fe alma veya pahal\u0131 yaz\u0131l\u0131mlar sat\u0131n alma ihtiyac\u0131n\u0131 ortadan kald\u0131r\u0131r.<\/li>\n\n\n\n<li class=\"\"><strong>Yarat\u0131c\u0131 \u00f6zg\u00fcrl\u00fck<\/strong>: \u00dccretsiz yapay zeka imaj olu\u015fturucular\u0131 kullan\u0131c\u0131lara farkl\u0131 stilleri, temalar\u0131 ve fikirleri deneme olana\u011f\u0131 sunarak yarat\u0131c\u0131l\u0131\u011f\u0131 ve yenili\u011fi te\u015fvik eder.<\/li>\n<\/ul>\n\n\n\n<h3 class=\"wp-block-heading\" id=\"benefits-of-using-a-free-ai-image-generator\"><a href=\"https:\/\/dromerosm-groq-llama3.hf.space\/#benefits-of-using-a-free-ai-image-generator\" target=\"_blank\" rel=\"noopener\"><\/a><strong>\u00dccretsiz AI G\u00f6r\u00fcnt\u00fc Olu\u015fturucu Kullanman\u0131n Faydalar\u0131<\/strong><\/h3>\n\n\n\n<p class=\"\">\u00dccretsiz bir AI g\u00f6rsel olu\u015fturucu kullanmak, a\u015fa\u011f\u0131dakiler de dahil olmak \u00fczere \u00e7ok say\u0131da fayda sa\u011flayabilir:<\/p>\n\n\n\n<ul class=\"wp-block-list\">\n<li class=\"\"><strong>Profesyonel kalitede g\u00f6r\u00fcnt\u00fcler<\/strong>: \u00dccretsiz AI g\u00f6r\u00fcnt\u00fc olu\u015fturucular, insan tasar\u0131mc\u0131lar\u0131nkine rakip g\u00f6r\u00fcnt\u00fcler \u00fcretebilir ve kullan\u0131c\u0131lara y\u00fcksek fiyat etiketi olmadan profesyonel kalitede \u00e7\u0131kt\u0131lar sunar.<\/li>\n\n\n\n<li class=\"\"><strong>Artan \u00fcretkenlik<\/strong>: G\u00f6r\u00fcnt\u00fclerin h\u0131zl\u0131 ve verimli bir \u015fekilde \u00fcretilebilmesi sayesinde kullan\u0131c\u0131lar projelerinin di\u011fer y\u00f6nlerine odaklanabilir ve genel \u00fcretkenliklerini art\u0131rabilirler.<\/li>\n\n\n\n<li class=\"\"><strong>S\u0131n\u0131rs\u0131z yarat\u0131c\u0131l\u0131k<\/strong>: \u00dccretsiz AI imaj olu\u015fturucular, kullan\u0131c\u0131lar\u0131n farkl\u0131 stilleri, temalar\u0131 ve fikirleri denemelerine olanak tan\u0131yan \u00e7ok \u00e7e\u015fitli yarat\u0131c\u0131 olanaklar sunar.<\/li>\n<\/ul>\n\n\n\n<h3 class=\"wp-block-heading\" id=\"suitable-scenarios-for-using-a-free-ai-image-generator\"><a href=\"https:\/\/dromerosm-groq-llama3.hf.space\/#suitable-scenarios-for-using-a-free-ai-image-generator\" target=\"_blank\" rel=\"noopener\"><\/a><strong>\u00dccretsiz Yapay Zeka G\u00f6r\u00fcnt\u00fc Olu\u015fturucu Kullanmak \u0130\u00e7in Uygun Senaryolar<\/strong><\/h3>\n\n\n\n<p class=\"\">\u00dccretsiz AI g\u00f6r\u00fcnt\u00fc olu\u015fturucular, a\u015fa\u011f\u0131dakiler de dahil olmak \u00fczere \u00e7e\u015fitli senaryolar i\u00e7in uygundur:<\/p>\n\n\n\n<ul class=\"wp-block-list\">\n<li class=\"\"><strong>Sosyal medya i\u00e7eri\u011fi olu\u015fturma<\/strong>: Kolayl\u0131kla g\u00f6z al\u0131c\u0131 sosyal medya g\u00f6nderileri, afi\u015fler ve reklamlar olu\u015fturun.<\/li>\n\n\n\n<li class=\"\"><strong>Reklam ve pazarlama<\/strong>: \u00c7arp\u0131c\u0131 reklamlar, el ilanlar\u0131 ve promosyon malzemeleri olu\u015fturmak i\u00e7in \u00fccretsiz AI g\u00f6r\u00fcnt\u00fc olu\u015fturucular\u0131 kullan\u0131n.<\/li>\n\n\n\n<li class=\"\"><strong>Tasar\u0131m ve sanat projeleri<\/strong>: Benzersiz sanat eserleri, ill\u00fcstrasyonlar ve tasar\u0131mlar olu\u015fturmak i\u00e7in farkl\u0131 stilleri ve temalar\u0131 deneyin.<\/li>\n<\/ul>\n\n\n\n<h3 class=\"wp-block-heading\" id=\"who-can-use-a-free-ai-image-generator\"><a href=\"https:\/\/dromerosm-groq-llama3.hf.space\/#who-can-use-a-free-ai-image-generator\" target=\"_blank\" rel=\"noopener\"><\/a><strong>\u00dccretsiz AI G\u00f6rsel Olu\u015fturucuyu Kimler Kullanabilir?<\/strong><\/h3>\n\n\n\n<p class=\"\">Sanatsal becerileri veya deneyimleri ne olursa olsun herkes \u00fccretsiz bir AI g\u00f6rsel olu\u015fturucu kullanabilir. Bu ara\u00e7lar a\u015fa\u011f\u0131dakiler i\u00e7in m\u00fckemmeldir:<\/p>\n\n\n\n<ul class=\"wp-block-list\">\n<li class=\"\"><strong>Pazarlama uzmanlar\u0131<\/strong>: Kolayl\u0131kla ilgi \u00e7ekici sosyal medya i\u00e7eri\u011fi ve reklamlar olu\u015fturun.<\/li>\n\n\n\n<li class=\"\"><strong>Tasar\u0131mc\u0131lar ve sanat\u00e7\u0131lar<\/strong>: Yeni stiller ve temalarla denemeler yap\u0131n veya projeleri i\u00e7in ba\u015flang\u0131\u00e7 noktas\u0131 olarak \u00fccretsiz AI g\u00f6rsel olu\u015fturucular\u0131 kullan\u0131n.<\/li>\n\n\n\n<li class=\"\"><strong>K\u00fc\u00e7\u00fck i\u015fletme sahipleri<\/strong>: B\u00fct\u00e7enizi zorlamadan profesyonel kalitede g\u00f6r\u00fcnt\u00fcler \u00fcretin.<\/li>\n<\/ul>\n\n\n\n<h3 class=\"wp-block-heading\" id=\"top-10-related-tools-and-pros-cons\"><a href=\"https:\/\/dromerosm-groq-llama3.hf.space\/#top-10-related-tools-and-pros-cons\" target=\"_blank\" rel=\"noopener\"><\/a><strong>En \u0130yi 10 \u0130lgili Ara\u00e7 ve Art\u0131lar\u0131&amp;Eksileri<\/strong><\/h3>\n\n\n\n<p class=\"\">\u0130\u015fte art\u0131lar\u0131 ve eksileriyle birlikte \u00fccretsiz AI g\u00f6r\u00fcnt\u00fc olu\u015fturucularla ilgili en iyi 10 ara\u00e7:<\/p>\n\n\n\n<figure class=\"wp-block-table\"><table class=\"has-fixed-layout\"><thead><tr><th>Alet<\/th><th>Art\u0131lar\u0131<\/th><th>Eksiler<\/th><\/tr><\/thead><tbody><tr><td><a href=\"https:\/\/aiartfree.online\/tr\/ucretsiz-ai-goruntu-olusturucu\/\" target=\"_blank\" rel=\"noreferrer noopener\">AI Art \u00dccretsiz \u00c7evrimi\u00e7i<\/a><\/td><td>Kullan\u0131c\u0131 dostu aray\u00fcz, y\u00fcksek kaliteli \u00e7\u0131kt\u0131<\/td><td>S\u0131n\u0131rl\u0131 \u00f6zelle\u015ftirme se\u00e7enekleri<\/td><\/tr><tr><td>Derin R\u00fcya Jenerat\u00f6r\u00fc<\/td><td>Benzersiz, r\u00fcya gibi g\u00f6r\u00fcnt\u00fcler<\/td><td>\u00c7\u0131kt\u0131 \u00fczerinde s\u0131n\u0131rl\u0131 kontrol<\/td><\/tr><tr><td>Prisma<\/td><td>Foto\u011fraflar\u0131 \u00e7e\u015fitli stillerde sanat eserlerine d\u00f6n\u00fc\u015ft\u00fcr\u00fcr<\/td><td>S\u0131n\u0131rl\u0131 \u00f6zelle\u015ftirme se\u00e7enekleri<\/td><\/tr><tr><td>Artbreeder<\/td><td>\u0130nteraktif, kullan\u0131c\u0131 g\u00fcd\u00fcml\u00fc g\u00f6r\u00fcnt\u00fc olu\u015fturma<\/td><td>Dik \u00f6\u011frenme e\u011frisi<\/td><\/tr><tr><td>Dreamscope<\/td><td>\u00c7e\u015fitli stillere sahip yapay zeka destekli g\u00f6r\u00fcnt\u00fc olu\u015fturucu<\/td><td>\u00c7\u0131kt\u0131 \u00fczerinde s\u0131n\u0131rl\u0131 kontrol<\/td><\/tr><tr><td>Yapay Zeka Ressam\u0131<\/td><td>Ger\u00e7ek\u00e7i ya\u011fl\u0131 boya tarz\u0131 g\u00f6r\u00fcnt\u00fcler olu\u015fturur<\/td><td>S\u0131n\u0131rl\u0131 \u00f6zelle\u015ftirme se\u00e7enekleri<\/td><\/tr><tr><td>Yapay Zeka Portreleri<\/td><td>Foto\u011fraflar\u0131 yapay zeka taraf\u0131ndan olu\u015fturulmu\u015f portrelere d\u00f6n\u00fc\u015ft\u00fcr\u00fcr<\/td><td>\u00c7\u0131kt\u0131 \u00fczerinde s\u0131n\u0131rl\u0131 kontrol<\/td><\/tr><tr><td>MyDeepArt<\/td><td>Kullan\u0131c\u0131 dostu aray\u00fcz, y\u00fcksek kaliteli \u00e7\u0131kt\u0131<\/td><td>S\u0131n\u0131rl\u0131 \u00f6zelle\u015ftirme se\u00e7enekleri<\/td><\/tr><tr><td>AI Art Maker<\/td><td>Benzersiz, soyut g\u00f6r\u00fcnt\u00fcler olu\u015fturur<\/td><td>\u00c7\u0131kt\u0131 \u00fczerinde s\u0131n\u0131rl\u0131 kontrol<\/td><\/tr><tr><td>PaintsChainer<\/td><td>\u00c7e\u015fitli stillere sahip yapay zeka destekli boyama jenerat\u00f6r\u00fc<\/td><td>Dik \u00f6\u011frenme e\u011frisi<\/td><\/tr><\/tbody><\/table><\/figure>\n\n\n\n<h3 class=\"wp-block-heading\" id=\"10-faqs\"><a href=\"https:\/\/dromerosm-groq-llama3.hf.space\/#10-faqs\" target=\"_blank\" rel=\"noopener\"><\/a><strong>10 SSS<\/strong><\/h3>\n\n\n\n<p class=\"\">\u0130\u015fte \u00fccretsiz AI g\u00f6rsel olu\u015fturucular hakk\u0131nda en s\u0131k sorulan 10 soru:<\/p>\n\n\n\n<ol class=\"wp-block-list\">\n<li class=\"\"><strong>\u00dccretsiz AI g\u00f6r\u00fcnt\u00fc olu\u015fturucu nedir?<\/strong>\u00a0\u00dccretsiz yapay zeka g\u00f6r\u00fcnt\u00fc olu\u015fturucu, kullan\u0131c\u0131 girdisine dayal\u0131 olarak y\u00fcksek kaliteli g\u00f6r\u00fcnt\u00fcler olu\u015fturmak i\u00e7in yapay zeka kullanan \u00e7evrimi\u00e7i bir ara\u00e7t\u0131r.<\/li>\n\n\n\n<li class=\"\"><strong>\u00dccretsiz AI g\u00f6rsel olu\u015fturucular nas\u0131l \u00e7al\u0131\u015f\u0131r?<\/strong>\u00a0\u00dccretsiz yapay zeka g\u00f6r\u00fcnt\u00fc olu\u015fturucular\u0131, benzersiz ve ger\u00e7ek\u00e7i g\u00f6r\u00fcnt\u00fcler olu\u015fturmak i\u00e7in makine \u00f6\u011frenimi algoritmalar\u0131n\u0131 ve \u00fcretken yapay zeka tekniklerini kullan\u0131r.<\/li>\n\n\n\n<li class=\"\"><strong>\u00dccretsiz bir AI imaj olu\u015fturucu kullanman\u0131n faydalar\u0131 nelerdir?<\/strong>\u00a0\u00dccretsiz AI g\u00f6rsel olu\u015fturucular zaman kazand\u0131ran, uygun maliyetli ve yarat\u0131c\u0131 \u00f6zg\u00fcrl\u00fck avantajlar\u0131 sunar.<\/li>\n\n\n\n<li class=\"\"><strong>\u00dccretsiz bir AI resim olu\u015fturucu kullanabilen var m\u0131?<\/strong>\u00a0Evet, sanatsal becerileri veya deneyimleri ne olursa olsun herkes \u00fccretsiz bir AI g\u00f6rsel olu\u015fturucu kullanabilir.<\/li>\n\n\n\n<li class=\"\"><strong>\u00dccretsiz bir AI g\u00f6r\u00fcnt\u00fc olu\u015fturucu kullanmak i\u00e7in uygun senaryolar nelerdir?<\/strong>\u00a0\u00dccretsiz AI g\u00f6rsel olu\u015fturucular sosyal medya i\u00e7eri\u011fi olu\u015fturma, reklam, tasar\u0131m ve sanat projeleri i\u00e7in uygundur.<\/li>\n\n\n\n<li class=\"\"><strong>\u00dccretsiz AI g\u00f6rsel olu\u015fturucuyu nas\u0131l kullanabilirim?<\/strong>\u00a0Metin isteminizi veya basit bir tasla\u011f\u0131n\u0131z\u0131 girmeniz yeterlidir; ara\u00e7 benzersiz bir g\u00f6r\u00fcnt\u00fc olu\u015fturacakt\u0131r.<\/li>\n\n\n\n<li class=\"\"><strong>\u00dccretsiz yapay zeka g\u00f6r\u00fcnt\u00fc olu\u015fturucular\u0131 taraf\u0131ndan \u00fcretilen g\u00f6r\u00fcnt\u00fclerin kalitesi nedir?<\/strong>\u00a0\u00dccretsiz AI g\u00f6rsel olu\u015fturucular, insan tasar\u0131mc\u0131lar\u0131nkine rakip olabilecek profesyonel kalitede g\u00f6rseller \u00fcretebilir.<\/li>\n\n\n\n<li class=\"\"><strong>\u00dccretsiz bir AI g\u00f6rsel olu\u015fturucunun \u00e7\u0131kt\u0131s\u0131n\u0131 \u00f6zelle\u015ftirebilir miyim?<\/strong>\u00a0Baz\u0131 \u00fccretsiz AI g\u00f6rsel olu\u015fturucular s\u0131n\u0131rl\u0131 \u00f6zelle\u015ftirme se\u00e7enekleri sunarken, di\u011ferleri daha geli\u015fmi\u015f kontroller sa\u011flar.<\/li>\n\n\n\n<li class=\"\"><strong>\u00dccretsiz AI g\u00f6rsel olu\u015fturucular\u0131n kullan\u0131m\u0131 kolay m\u0131?<\/strong>\u00a0Evet, \u00e7o\u011fu \u00fccretsiz AI g\u00f6rsel olu\u015fturucu, g\u00f6rsel olu\u015fturmay\u0131 kolayla\u015ft\u0131ran kullan\u0131c\u0131 dostu aray\u00fczlere sahiptir.<\/li>\n\n\n\n<li class=\"\"><strong>\u00dccretsiz AI g\u00f6rsel olu\u015fturucular\u0131n kullan\u0131m\u0131 \u00fccretsiz midir?<\/strong>\u00a0Evet, \u00e7o\u011fu \u00fccretsiz AI g\u00f6rsel olu\u015fturucunun kullan\u0131m\u0131 \u00fccretsizdir, baz\u0131lar\u0131 ise premium \u00f6zellikler veya abonelikler sunar.<\/li>\n<\/ol>","protected":false},"excerpt":{"rendered":"<p>Create vibrant AI-generated images using advanced AI algorithms and text prompts. Free AI Image Generator: Revolutionizing Visual Content Creation Outline: What is a Free AI Image Generator? A free AI image generator is an online tool that uses artificial intelligence (AI) to generate high-quality images based on user input, such as text prompts or simple &#8230; <a title=\"\u00dccretsiz AI G\u00f6r\u00fcnt\u00fc Olu\u015fturucu\" class=\"read-more\" href=\"https:\/\/aiartfree.online\/tr\/ucretsiz-ai-goruntu-olusturucu\/\" aria-label=\"Read more about Free AI Image Generator\">Devam\u0131n\u0131 oku<\/a><\/p>","protected":false},"author":1,"featured_media":0,"parent":0,"menu_order":0,"comment_status":"closed","ping_status":"closed","template":"","meta":{"nf_dc_page":"","footnotes":""},"class_list":["post-3116","page","type-page","status-publish"],"jetpack_sharing_enabled":true,"_links":{"self":[{"href":"https:\/\/aiartfree.online\/tr\/wp-json\/wp\/v2\/pages\/3116","targetHints":{"allow":["GET"]}}],"collection":[{"href":"https:\/\/aiartfree.online\/tr\/wp-json\/wp\/v2\/pages"}],"about":[{"href":"https:\/\/aiartfree.online\/tr\/wp-json\/wp\/v2\/types\/page"}],"author":[{"embeddable":true,"href":"https:\/\/aiartfree.online\/tr\/wp-json\/wp\/v2\/users\/1"}],"replies":[{"embeddable":true,"href":"https:\/\/aiartfree.online\/tr\/wp-json\/wp\/v2\/comments?post=3116"}],"version-history":[{"count":0,"href":"https:\/\/aiartfree.online\/tr\/wp-json\/wp\/v2\/pages\/3116\/revisions"}],"wp:attachment":[{"href":"https:\/\/aiartfree.online\/tr\/wp-json\/wp\/v2\/media?parent=3116"}],"curies":[{"name":"wp","href":"https:\/\/api.w.org\/{rel}","templated":true}]}}