{"id":2993,"date":"2024-07-19T18:13:29","date_gmt":"2024-07-19T18:13:29","guid":{"rendered":"https:\/\/aiartfree.online\/?page_id=2993"},"modified":"2025-03-07T08:22:54","modified_gmt":"2025-03-07T08:22:54","slug":"ai-video-generator","status":"publish","type":"page","link":"https:\/\/aiartfree.online\/tr\/ai-video-olusturucu\/","title":{"rendered":"Yapay Zeka Video Olu\u015fturucu"},"content":{"rendered":"<h2 class=\"wp-block-heading has-text-align-center\">Di\u011fer kullan\u0131c\u0131lar AI Video Generator ile ne yapt\u0131?<\/h2>\n\n\n\n<p class=\"has-text-align-center\">\u0130stem: 1 k\u0131z, omzu a\u00e7\u0131k, hafif g\u00fcl\u00fcmseme, parlak cilt en iyi kalite, \u015faheser, fotoger\u00e7ek\u00e7i, arkan\u0131 d\u00f6n<\/p>\n\n\n\n<figure class=\"gb-block-image gb-block-image-1822da1f\"><img data-recalc-dims=\"1\" decoding=\"async\" loading=\"lazy\" width=\"512\" height=\"512\" class=\"gb-image gb-image-1822da1f\" src=\"https:\/\/i0.wp.com\/aiartfree.online\/wp-content\/uploads\/2024\/08\/ezgif-3-82e27c0ca1.gif?resize=512%2C512&#038;ssl=1\" alt=\"AI Video Generator ile zahmetsizce \u00e7arp\u0131c\u0131 videolar olu\u015fturun. Kay\u0131t olmadan 100% \u00fccretsiz, s\u0131n\u0131rs\u0131z kullan\u0131m\u0131n keyfini \u00e7\u0131kar\u0131n. Y\u00fcksek kaliteli, yapay zeka destekli video \u00fcretimi arayan i\u00e7erik olu\u015fturucular, pazarlamac\u0131lar ve e\u011fitimciler i\u00e7in m\u00fckemmeldir.\" title=\"ezgif-3-82e27c0ca1\"\/><\/figure>\n\n\n\n<h2 class=\"wp-block-heading\">3 Ad\u0131mda Yapay Zeka Video Olu\u015fturucu Kullanma<\/h2>\n\n\n\n<ol class=\"wp-block-list\">\n<li class=\"\">\u0130steminizi girin<\/li>\n\n\n\n<li class=\"\">\"Canland\u0131r \"a t\u0131klay\u0131n<\/li>\n\n\n\n<li class=\"\">Bekle, i\u015fte bu!<\/li>\n<\/ol>\n\n\n\n<figure class=\"gb-block-image gb-block-image-4dfafe81\"><a href=\"https:\/\/fas.st\/t\/XmtmoHSk\" target=\"_blank\" rel=\"noopener noreferrer\"><img data-recalc-dims=\"1\" decoding=\"async\" loading=\"lazy\" width=\"1200\" height=\"368\" class=\"gb-image gb-image-4dfafe81\" src=\"https:\/\/i0.wp.com\/aiartfree.online\/wp-content\/uploads\/2025\/03\/WX20250307-114300%402x.webp?resize=1200%2C368&#038;ssl=1\" alt=\"\" title=\"WX20250307-114300@2x\" srcset=\"https:\/\/i0.wp.com\/aiartfree.online\/wp-content\/uploads\/2025\/03\/WX20250307-114300%402x.webp?w=1900&amp;ssl=1 1900w, https:\/\/i0.wp.com\/aiartfree.online\/wp-content\/uploads\/2025\/03\/WX20250307-114300%402x.webp?resize=300%2C92&amp;ssl=1 300w, https:\/\/i0.wp.com\/aiartfree.online\/wp-content\/uploads\/2025\/03\/WX20250307-114300%402x.webp?resize=1024%2C314&amp;ssl=1 1024w, https:\/\/i0.wp.com\/aiartfree.online\/wp-content\/uploads\/2025\/03\/WX20250307-114300%402x.webp?resize=768%2C235&amp;ssl=1 768w, https:\/\/i0.wp.com\/aiartfree.online\/wp-content\/uploads\/2025\/03\/WX20250307-114300%402x.webp?resize=1536%2C471&amp;ssl=1 1536w, https:\/\/i0.wp.com\/aiartfree.online\/wp-content\/uploads\/2025\/03\/WX20250307-114300%402x.webp?resize=18%2C6&amp;ssl=1 18w, https:\/\/i0.wp.com\/aiartfree.online\/wp-content\/uploads\/2025\/03\/WX20250307-114300%402x.webp?resize=600%2C184&amp;ssl=1 600w\" sizes=\"auto, (max-width: 1200px) 100vw, 1200px\" \/><\/a><\/figure>\n\n\n\n<p class=\"\"><em>* \u0130nternet h\u0131z\u0131n\u0131za ba\u011fl\u0131 olarak, modelin y\u00fcklenmesi zaman alabilir <\/em>10 saniyeye kadar \u2193<\/p>\n\n\n\n<div class=\"iframe-wrapper\" style=\"position: relative; width: 100%; height: 2300px;\">\n  <div class=\"loading\" style=\"position: absolute; top: 50px; left: 50%; transform: translate(-50%, -50%); width: 40px; height: 40px; border: 3px solid #f0f0f0; border-top: 3px solid #db7093; border-radius: 50%; animation: spin 1s linear infinite;\"><\/div>\n  <iframe loading=\"lazy\" src=\"https:\/\/guoyww-animatediff.hf.space\" frameborder=\"0\" width=\"100%\" height=\"100%\" style=\"position: absolute; top: 0; left: 0; opacity: 0; transition: opacity 0.3s;\" onload=\"this.style.opacity=1;this.previousElementSibling.style.display='none';\"><\/iframe>\n<\/div>\n\n<style>\n@keyframes spin {\n  0% { transform: translate(-50%, -50%) rotate(0deg); }\n  100% { transform: translate(-50%, -50%) rotate(360deg); }\n}\n<\/style>\n\n\n\n<div style=\"height:50px\" aria-hidden=\"true\" class=\"wp-block-spacer\"><\/div>\n\n\n\n<h2 class=\"wp-block-heading\">Yapay Zeka Video Olu\u015fturucunun Tan\u0131t\u0131m\u0131<\/h2>\n\n\n\n<p class=\"\">Modern dijital ortamda, yapay zekal\u0131 video olu\u015fturucular i\u00e7erik \u00fcretiminde devrim yarat\u0131yor. Bu geli\u015fmi\u015f ara\u00e7lar, video \u00fcretimini kolayla\u015ft\u0131rmak ve geli\u015ftirmek i\u00e7in yapay zekan\u0131n g\u00fcc\u00fcnden yararlan\u0131yor ve daha geni\u015f bir kitle i\u00e7in eri\u015filebilir hale getiriyor. Bu makalede, yapay zeka video jenerat\u00f6rleri kavram\u0131n\u0131, \u00f6nemini ve \u00e7e\u015fitli sekt\u00f6rlerdeki uygulamalar\u0131n\u0131 inceleyece\u011fiz. Ayr\u0131ca, en y\u00fcksek puan alan AI video olu\u015fturucuya \u00f6zel olarak odaklanarak mevcut en iyi ara\u00e7lara kapsaml\u0131 bir genel bak\u0131\u015f sunaca\u011f\u0131z, <a href=\"https:\/\/aiartfree.online\/tr\/ai-video-olusturucu\/\">AI Art \u00dccretsiz<\/a>.<\/p>\n\n\n\n<figure class=\"gb-block-image gb-block-image-94da07aa\"><img data-recalc-dims=\"1\" decoding=\"async\" loading=\"lazy\" width=\"300\" height=\"170\" class=\"gb-image gb-image-94da07aa\" src=\"https:\/\/i0.wp.com\/aiartfree.online\/wp-content\/uploads\/2024\/07\/WX20240720-101347%402x.jpg?resize=300%2C170&#038;ssl=1\" alt=\"AI video olu\u015fturucu, otomatik olarak video olu\u015fturmak i\u00e7in yapay zeka kullanan sofistike bir yaz\u0131l\u0131m uygulamas\u0131d\u0131r. Bu ara\u00e7lar metin komutlar\u0131n\u0131, g\u00f6r\u00fcnt\u00fcleri ve hatta ham video \u00e7ekimlerini cilal\u0131, profesyonel kalitede videolara d\u00f6n\u00fc\u015ft\u00fcrebilir. Giri\u015f verilerini analiz etmek ve yorumlamak i\u00e7in do\u011fal dil i\u015fleme (NLP), bilgisayarla g\u00f6rme ve makine \u00f6\u011frenimi gibi \u00e7e\u015fitli AI teknolojilerini birle\u015ftirerek hem ilgi \u00e7ekici hem de g\u00f6rsel olarak \u00e7ekici i\u00e7erikler olu\u015ftururlar.\" title=\"WX20240720-101347@2x\" srcset=\"https:\/\/i0.wp.com\/aiartfree.online\/wp-content\/uploads\/2024\/07\/WX20240720-101347%402x.jpg?resize=300%2C170&amp;ssl=1 300w, https:\/\/i0.wp.com\/aiartfree.online\/wp-content\/uploads\/2024\/07\/WX20240720-101347%402x.jpg?resize=1024%2C579&amp;ssl=1 1024w, https:\/\/i0.wp.com\/aiartfree.online\/wp-content\/uploads\/2024\/07\/WX20240720-101347%402x.jpg?resize=768%2C434&amp;ssl=1 768w, https:\/\/i0.wp.com\/aiartfree.online\/wp-content\/uploads\/2024\/07\/WX20240720-101347%402x.jpg?resize=18%2C10&amp;ssl=1 18w, https:\/\/i0.wp.com\/aiartfree.online\/wp-content\/uploads\/2024\/07\/WX20240720-101347%402x.jpg?resize=600%2C339&amp;ssl=1 600w, https:\/\/i0.wp.com\/aiartfree.online\/wp-content\/uploads\/2024\/07\/WX20240720-101347%402x.jpg?w=1030&amp;ssl=1 1030w\" sizes=\"auto, (max-width: 300px) 100vw, 300px\" \/><\/figure>\n\n\n\n<h3 class=\"wp-block-heading\">\u0130\u00e7indekiler<\/h3>\n\n\n\n<ol class=\"wp-block-list\">\n<li class=\"\"><a href=\"#what-is-an-ai-video-generator\">Yapay Zeka Video Olu\u015fturucu nedir?<\/a><\/li>\n\n\n\n<li class=\"\"><a href=\"#why-use-an-ai-video-generator\">Neden Yapay Zeka Video Olu\u015fturucu Kullanmal\u0131?<\/a><\/li>\n\n\n\n<li class=\"\"><a href=\"#suitable-industries-and-people\">Uygun Sekt\u00f6rler ve Ki\u015filer<\/a><\/li>\n\n\n\n<li class=\"\"><a href=\"#related-tools-and-information\">\u0130lgili Ara\u00e7lar ve Bilgiler<\/a><\/li>\n\n\n\n<li class=\"\"><a href=\"#frequently-asked-questions-faq\">S\u0131k\u00e7a Sorulan Sorular (SSS)<\/a><\/li>\n<\/ol>\n\n\n\n<h3 class=\"wp-block-heading\">Yapay Zeka Video Olu\u015fturucu nedir?<\/h3>\n\n\n\n<p class=\"\">AI video olu\u015fturucu, otomatik olarak video olu\u015fturmak i\u00e7in yapay zeka kullanan sofistike bir yaz\u0131l\u0131m uygulamas\u0131d\u0131r. Bu ara\u00e7lar metin komutlar\u0131n\u0131, g\u00f6r\u00fcnt\u00fcleri ve hatta ham video \u00e7ekimlerini cilal\u0131, profesyonel kalitede videolara d\u00f6n\u00fc\u015ft\u00fcrebilir. Giri\u015f verilerini analiz etmek ve yorumlamak i\u00e7in do\u011fal dil i\u015fleme (NLP), bilgisayarla g\u00f6rme ve makine \u00f6\u011frenimi gibi \u00e7e\u015fitli AI teknolojilerini birle\u015ftirerek hem ilgi \u00e7ekici hem de g\u00f6rsel olarak \u00e7ekici i\u00e7erikler olu\u015ftururlar.<\/p>\n\n\n\n<h3 class=\"wp-block-heading\">Neden Yapay Zeka Video Olu\u015fturucu Kullanmal\u0131?<\/h3>\n\n\n\n<p class=\"\">Yapay zeka video jenerat\u00f6rleri, onlar\u0131 video prod\u00fcksiyonu alan\u0131nda vazge\u00e7ilmez k\u0131lan \u00e7ok say\u0131da avantaj sunar:<\/p>\n\n\n\n<ul class=\"wp-block-list\">\n<li class=\"\"><strong>Verimlilik<\/strong>: Bu ara\u00e7lar, video olu\u015fturmak i\u00e7in gereken s\u00fcreyi ve \u00e7abay\u0131 \u00f6nemli \u00f6l\u00e7\u00fcde azaltarak h\u0131zl\u0131 \u00fcretim d\u00f6ng\u00fcleri sa\u011flar.<\/li>\n\n\n\n<li class=\"\"><strong>Uygun Maliyetli<\/strong>: Yapay zeka video olu\u015fturucular\u0131, video olu\u015fturman\u0131n bir\u00e7ok y\u00f6n\u00fcn\u00fc otomatikle\u015ftirerek \u00fcretim maliyetlerini d\u00fc\u015f\u00fcrebilir ve y\u00fcksek kaliteli video i\u00e7eri\u011fini s\u0131n\u0131rl\u0131 b\u00fct\u00e7eye sahip i\u015fletmeler ve bireyler i\u00e7in eri\u015filebilir hale getirebilir.<\/li>\n\n\n\n<li class=\"\"><strong>Tutarl\u0131l\u0131k<\/strong>: AI, t\u00fcm video i\u00e7eriklerinde marka tutarl\u0131l\u0131\u011f\u0131n\u0131 koruyarak stil ve kalitede tekd\u00fczelik sa\u011flar.<\/li>\n\n\n\n<li class=\"\"><strong>Eri\u015filebilirlik<\/strong>: Video d\u00fczenleme deneyimi \u00e7ok az olan veya hi\u00e7 olmayanlar bile profesyonel kalitede videolar \u00fcretebilir ve i\u00e7erik olu\u015fturmay\u0131 demokratikle\u015ftirebilir.<\/li>\n\n\n\n<li class=\"\"><strong>\u00d6zelle\u015ftirme<\/strong>: Yapay zeka video olu\u015fturucular\u0131 kolay ki\u015fiselle\u015ftirmeye olanak tan\u0131yarak i\u00e7erik olu\u015fturucular\u0131n videolar\u0131 belirli kitlelere veya pazarlama kampanyalar\u0131na g\u00f6re uyarlamas\u0131n\u0131 sa\u011flar.<\/li>\n<\/ul>\n\n\n\n<h3 class=\"wp-block-heading\">Uygun Sekt\u00f6rler ve Ki\u015filer<\/h3>\n\n\n\n<p class=\"\">Yapay zeka video jenerat\u00f6rleri, \u00e7e\u015fitli sekt\u00f6rlerde \u00e7ok \u00e7e\u015fitli kullan\u0131c\u0131lara fayda sa\u011flayabilecek \u00e7ok y\u00f6nl\u00fc ara\u00e7lard\u0131r:<\/p>\n\n\n\n<ul class=\"wp-block-list\">\n<li class=\"\"><strong>Pazarlama Profesyonelleri<\/strong>: \u0130lgi \u00e7ekici tan\u0131t\u0131m videolar\u0131, reklamlar ve sosyal medya i\u00e7erikleri olu\u015fturmak i\u00e7in.<\/li>\n\n\n\n<li class=\"\"><strong>E\u011fitimciler ve E\u011fitmenler<\/strong>: E\u011fitici videolar, \u00f6\u011freticiler ve e-\u00f6\u011frenme i\u00e7eri\u011fi geli\u015ftirmek i\u00e7in.<\/li>\n\n\n\n<li class=\"\"><strong>\u0130\u00e7erik Olu\u015fturucular ve Etkileyiciler<\/strong>: Y\u00fcksek kaliteli YouTube videolar\u0131, vloglar ve di\u011fer sosyal medya i\u00e7erikleri \u00fcretmek i\u00e7in.<\/li>\n\n\n\n<li class=\"\"><strong>\u0130\u015fletmeler<\/strong>: Kurumsal ileti\u015fim, \u00fcr\u00fcn tan\u0131t\u0131mlar\u0131 ve \u015firket i\u00e7i e\u011fitim videolar\u0131 i\u00e7in.<\/li>\n\n\n\n<li class=\"\"><strong>Film ve Medya Prod\u00fcksiyonu<\/strong>: Post prod\u00fcksiyon s\u00fcrecini kolayla\u015ft\u0131rmak ve \u00f6zel efektler veya animasyonlu sekanslar olu\u015fturmak i\u00e7in.<\/li>\n<\/ul>\n\n\n\n<h3 class=\"wp-block-heading\">\u0130lgili Ara\u00e7lar ve Bilgiler<\/h3>\n\n\n\n<p class=\"\">A\u015fa\u011f\u0131da, ilgili 10 yapay zeka video olu\u015fturma arac\u0131n\u0131 \u00f6zetleyen ve her birinin art\u0131lar\u0131, eksileri, avantajlar\u0131, zorluklar\u0131 ve \u00f6nerileriyle birlikte k\u0131sa bir genel bak\u0131\u015f sa\u011flayan bir tablo bulunmaktad\u0131r.<\/p>\n\n\n\n<figure class=\"wp-block-table\"><table class=\"has-fixed-layout\"><thead><tr><th>Ara\u00e7 Ad\u0131<\/th><th>URL<\/th><th>\u00d6zet<\/th><th>Art\u0131lar\u0131<\/th><th>Eksiler<\/th><th>Avantajlar<\/th><th>Zorluklar<\/th><th>Tavsiyeler<\/th><\/tr><\/thead><tbody><tr><td><strong>Pictory<\/strong><\/td><td><a href=\"https:\/\/pictory.ai\" target=\"_blank\" rel=\"noopener\">Pictory<\/a><\/td><td>Metinden yapay zeka destekli video olu\u015fturma<\/td><td>Kullan\u0131c\u0131 dostu, H\u0131zl\u0131<\/td><td>S\u0131n\u0131rl\u0131 \u00f6zelle\u015ftirme<\/td><td>H\u0131zl\u0131 video olu\u015fturma<\/td><td>\u00d6\u011frenme e\u011frisi<\/td><td>Yeni ba\u015flayanlar i\u00e7in en iyisi<\/td><\/tr><tr><td><strong>Animoto<\/strong><\/td><td><a href=\"https:\/\/animoto.com\" target=\"_blank\" rel=\"noopener\">Animoto<\/a><\/td><td>Basit s\u00fcr\u00fckle ve b\u0131rak video olu\u015fturucu<\/td><td>Kullan\u0131m\u0131 kolay, \u015eablonlar<\/td><td>Ayr\u0131nt\u0131lar \u00fczerinde daha az kontrol<\/td><td>Zaman kazand\u0131ran \u015fablonlar<\/td><td>Temel \u00f6zellikler<\/td><td>Basit projeler i\u00e7in harika<\/td><\/tr><tr><td><strong>Synthesia<\/strong><\/td><td><a href=\"https:\/\/synthesia.io\" target=\"_blank\" rel=\"noopener\">Synthesia<\/a><\/td><td>Avatarlarla yapay zeka video olu\u015fturma<\/td><td>Ger\u00e7ek\u00e7i avatarlar, \u00c7ok dilli<\/td><td>Daha y\u00fcksek maliyet<\/td><td>\u00d6zelle\u015ftirilebilir avatarlar<\/td><td>Komut dosyas\u0131 gerektirir<\/td><td>Kurumsal videolar i\u00e7in ideal<\/td><\/tr><tr><td><strong>Lumen5<\/strong><\/td><td><a href=\"https:\/\/lumen5.com\" target=\"_blank\" rel=\"noopener\">Lumen5<\/a><\/td><td>Makalelerden yapay zeka destekli video olu\u015fturma<\/td><td>Bloglarla entegre olur, H\u0131zl\u0131<\/td><td>\u00dccretsiz s\u00fcr\u00fcmde filigran<\/td><td>Otomatik i\u00e7erik olu\u015fturma<\/td><td>S\u0131n\u0131rl\u0131 \u00fccretsiz se\u00e7enekler<\/td><td>Blog yazarlar\u0131 i\u00e7in en iyisi<\/td><\/tr><tr><td><strong>Magisto<\/strong><\/td><td><a href=\"https:\/\/magisto.com\" target=\"_blank\" rel=\"noopener\">Magisto<\/a><\/td><td>Yapay zeka ile ak\u0131ll\u0131 video d\u00fczenleyici<\/td><td>Ak\u0131ll\u0131 d\u00fczenleme, M\u00fczik k\u00fct\u00fcphanesi<\/td><td>Abonelik gerekli<\/td><td>Otomatik d\u00fczenleme<\/td><td>S\u0131n\u0131rl\u0131 manuel kontrol<\/td><td>Sosyal medya i\u00e7in harika<\/td><\/tr><tr><td><strong>Wibbitz<\/strong><\/td><td><a href=\"https:\/\/wibbitz.com\" target=\"_blank\" rel=\"noopener\">Wibbitz<\/a><\/td><td>Ekipler i\u00e7in video olu\u015fturma platformu<\/td><td>\u0130\u015fbirlik\u00e7i, H\u0131zl\u0131<\/td><td>Pahal\u0131<\/td><td>Ekip i\u015fbirli\u011fi<\/td><td>Dik \u00f6\u011frenme e\u011frisi<\/td><td>Pazarlama ekipleri i\u00e7in en iyisi<\/td><\/tr><tr><td><strong>FlexClip<\/strong><\/td><td><a href=\"https:\/\/flexclip.com\" target=\"_blank\" rel=\"noopener\">FlexClip<\/a><\/td><td>\u015eablonlu \u00e7evrimi\u00e7i video olu\u015fturucu<\/td><td>Kullan\u0131m\u0131 kolay, \u015eablonlar<\/td><td>S\u0131n\u0131rl\u0131 geli\u015fmi\u015f \u00f6zellikler<\/td><td>Kullan\u0131c\u0131 dostu<\/td><td>Temel \u00f6zellikler<\/td><td>H\u0131zl\u0131 d\u00fczenlemeler i\u00e7in iyi<\/td><\/tr><tr><td><strong>InVideo<\/strong><\/td><td><a href=\"https:\/\/invideo.io\" target=\"_blank\" rel=\"noopener\">InVideo<\/a><\/td><td>Yapay zeka ile \u00e7evrimi\u00e7i video d\u00fczenleyici<\/td><td>Kapsaml\u0131 medya k\u00fct\u00fcphanesi, \u015eablonlar<\/td><td>\u00dccretsiz s\u00fcr\u00fcmde filigran<\/td><td>Zengin medya se\u00e7enekleri<\/td><td>Abonelik maliyetleri<\/td><td>Pazarlamac\u0131lar i\u00e7in en iyisi<\/td><\/tr><tr><td><strong>Tasar\u0131mlar.ai<\/strong><\/td><td><a href=\"https:\/\/designs.ai\" target=\"_blank\" rel=\"noopener\">Tasar\u0131mlar.ai<\/a><\/td><td>Yapay zeka destekli yarat\u0131c\u0131 ara\u00e7lar<\/td><td>\u00c7ok Y\u00f6nl\u00fc, H\u0131zl\u0131<\/td><td>Abonelik gerekli<\/td><td>\u00c7oklu yarat\u0131c\u0131 ara\u00e7lar<\/td><td>\u0130nternet gerektirir<\/td><td>\u0130\u00e7erik olu\u015fturucular i\u00e7in ideal<\/td><\/tr><tr><td><strong>DerinBeyin<\/strong><\/td><td><a href=\"https:\/\/deepbrain.io\" target=\"_blank\" rel=\"noopener\">DerinBeyin<\/a><\/td><td>Derin \u00f6\u011frenme ile yapay zeka video olu\u015fturucu<\/td><td>Y\u00fcksek Kaliteli, \u00d6zelle\u015ftirilebilir<\/td><td>Karma\u015f\u0131k aray\u00fcz<\/td><td>Y\u00fcksek kaliteli \u00e7\u0131kt\u0131<\/td><td>E\u011fitim gerektirir<\/td><td>\u0130leri d\u00fczey kullan\u0131c\u0131lar i\u00e7in en iyisi<\/td><\/tr><\/tbody><\/table><\/figure>\n\n\n\n<h3 class=\"wp-block-heading\">S\u0131k\u00e7a Sorulan Sorular (SSS)<\/h3>\n\n\n\n<ol class=\"wp-block-list\">\n<li class=\"\"><strong>Yapay zeka video olu\u015fturucu nedir?<\/strong>\n<ul class=\"wp-block-list\">\n<li class=\"\">Yapay zeka video olu\u015fturucu, metin, g\u00f6r\u00fcnt\u00fc veya ham \u00e7ekim gibi \u00e7e\u015fitli girdilerden otomatik olarak video olu\u015fturmak i\u00e7in yapay zeka kullanan bir ara\u00e7t\u0131r.<\/li>\n<\/ul>\n<\/li>\n\n\n\n<li class=\"\"><strong>Yapay zeka video olu\u015fturucu nas\u0131l \u00e7al\u0131\u015f\u0131r?<\/strong>\n<ul class=\"wp-block-list\">\n<li class=\"\">Giri\u015f verilerini yorumlamak ve video i\u00e7eri\u011fi olu\u015fturmak i\u00e7in do\u011fal dil i\u015fleme ve bilgisayar g\u00f6r\u00fc\u015f\u00fc gibi yapay zeka teknolojilerini kullan\u0131r.<\/li>\n<\/ul>\n<\/li>\n\n\n\n<li class=\"\"><strong>Yapay zeka video olu\u015fturucu kullanman\u0131n faydalar\u0131 nelerdir?<\/strong>\n<ul class=\"wp-block-list\">\n<li class=\"\">Faydalar\u0131 aras\u0131nda verimlilik art\u0131\u015f\u0131, maliyet tasarrufu, tutarl\u0131 kalite, eri\u015filebilirlik ve kolay \u00f6zelle\u015ftirme yer almaktad\u0131r.<\/li>\n<\/ul>\n<\/li>\n\n\n\n<li class=\"\"><strong>Yapay zeka video jenerat\u00f6rlerinden kimler yararlanabilir?<\/strong>\n<ul class=\"wp-block-list\">\n<li class=\"\">Pazarlama uzmanlar\u0131, e\u011fitimciler, i\u00e7erik olu\u015fturucular, i\u015fletmeler ve medya prod\u00fcksiyon ekipleri bundan faydalanabilir.<\/li>\n<\/ul>\n<\/li>\n\n\n\n<li class=\"\"><strong>Yapay zeka video jenerat\u00f6rleri pahal\u0131 m\u0131?<\/strong>\n<ul class=\"wp-block-list\">\n<li class=\"\">Fiyatlar de\u011fi\u015fkenlik g\u00f6sterse de bir\u00e7ok ara\u00e7 geleneksel video prod\u00fcksiyon y\u00f6ntemlerinden daha ucuz ve uygun maliyetli se\u00e7enekler sunuyor.<\/li>\n<\/ul>\n<\/li>\n\n\n\n<li class=\"\"><strong>Yeni ba\u015flayanlar AI video olu\u015fturucular\u0131 kullanabilir mi?<\/strong>\n<ul class=\"wp-block-list\">\n<li class=\"\">Evet, bir\u00e7ok AI video olu\u015fturucu kullan\u0131c\u0131 dostu olacak \u015fekilde tasarlanm\u0131\u015ft\u0131r ve bu da onlar\u0131 yeni ba\u015flayanlar i\u00e7in eri\u015filebilir k\u0131lar.<\/li>\n<\/ul>\n<\/li>\n\n\n\n<li class=\"\"><strong>En iyi AI video olu\u015fturucu nedir?<\/strong>\n<ul class=\"wp-block-list\">\n<li class=\"\">En iyi ara\u00e7 ihtiya\u00e7lara g\u00f6re de\u011fi\u015febilir, ancak <a href=\"https:\/\/aiartfree.online\/tr\/ai-video-olusturucu\/\">AI Art \u00dccretsiz<\/a> \u00f6zellikleri ve kullan\u0131m kolayl\u0131\u011f\u0131 a\u00e7\u0131s\u0131ndan \u015fiddetle tavsiye edilir.<\/li>\n<\/ul>\n<\/li>\n\n\n\n<li class=\"\"><strong>Yapay zeka video olu\u015fturucular\u0131 herhangi bir \u00f6zel beceri gerektiriyor mu?<\/strong>\n<ul class=\"wp-block-list\">\n<li class=\"\">\u00c7o\u011fu \u00f6zel beceri gerektirmez ve sezgisel olacak \u015fekilde tasarlanm\u0131\u015ft\u0131r, ancak video d\u00fczenlemeye a\u015fina olmak yard\u0131mc\u0131 olabilir.<\/li>\n<\/ul>\n<\/li>\n\n\n\n<li class=\"\"><strong>Do\u011fru yapay zeka video olu\u015fturucusunu nas\u0131l se\u00e7erim?<\/strong>\n<ul class=\"wp-block-list\">\n<li class=\"\">Kullan\u0131m kolayl\u0131\u011f\u0131, \u00f6zelle\u015ftirme se\u00e7enekleri, maliyet ve projenizin \u00f6zel ihtiya\u00e7lar\u0131 gibi fakt\u00f6rleri g\u00f6z \u00f6n\u00fcnde bulundurun.<\/li>\n<\/ul>\n<\/li>\n\n\n\n<li class=\"\"><strong>Yapay zeka video olu\u015fturucular\u0131 y\u00fcksek kaliteli videolar olu\u015fturabilir mi?<\/strong>\n<ul class=\"wp-block-list\">\n<li class=\"\">Evet, bir\u00e7ok AI video olu\u015fturucu, pazarlamadan e\u011fitime kadar \u00e7e\u015fitli uygulamalar i\u00e7in uygun olan profesyonel kalitede videolar \u00fcretir.<\/li>\n<\/ul>\n<\/li>\n<\/ol>\n\n\n\n<p class=\"\">Sonu\u00e7 olarak, AI video jenerat\u00f6rleri videolar\u0131n olu\u015fturulma \u015feklini d\u00f6n\u00fc\u015ft\u00fcr\u00fcyor, say\u0131s\u0131z fayda sunuyor ve video \u00fcretimini herkes i\u00e7in daha eri\u015filebilir hale getiriyor. Bu ara\u00e7lar\u0131 ke\u015ffetmek isteyenler i\u00e7in, <a href=\"https:\/\/aiartfree.online\/tr\/ai-video-olusturucu\/\">AI Art \u00dccretsiz<\/a> sa\u011flam bir dizi \u00f6zellik ve kullan\u0131m kolayl\u0131\u011f\u0131 sunarak en iyi se\u00e7enek olarak \u00f6ne \u00e7\u0131k\u0131yor.<\/p>","protected":false},"excerpt":{"rendered":"<p>What other users made with AI Video Generator Prompt: 1 girl, off-shoulder, light smile, shiny skin best quality, masterpiece, photorealistic, turn around 3 Steps to Use AI Video Generator *&nbsp;Depending on your internet speed, loading the model may take up to 10 seconds \u2193 Introduction of AI Video Generator In the modern digital landscape, AI &#8230; <a title=\"Yapay Zeka Video Olu\u015fturucu\" class=\"read-more\" href=\"https:\/\/aiartfree.online\/tr\/ai-video-olusturucu\/\" aria-label=\"Read more about AI Video Generator\">Devam\u0131n\u0131 oku<\/a><\/p>","protected":false},"author":1,"featured_media":3463,"parent":0,"menu_order":0,"comment_status":"open","ping_status":"closed","template":"","meta":{"nf_dc_page":"","footnotes":""},"class_list":["post-2993","page","type-page","status-publish","has-post-thumbnail"],"jetpack_sharing_enabled":true,"_links":{"self":[{"href":"https:\/\/aiartfree.online\/tr\/wp-json\/wp\/v2\/pages\/2993","targetHints":{"allow":["GET"]}}],"collection":[{"href":"https:\/\/aiartfree.online\/tr\/wp-json\/wp\/v2\/pages"}],"about":[{"href":"https:\/\/aiartfree.online\/tr\/wp-json\/wp\/v2\/types\/page"}],"author":[{"embeddable":true,"href":"https:\/\/aiartfree.online\/tr\/wp-json\/wp\/v2\/users\/1"}],"replies":[{"embeddable":true,"href":"https:\/\/aiartfree.online\/tr\/wp-json\/wp\/v2\/comments?post=2993"}],"version-history":[{"count":1,"href":"https:\/\/aiartfree.online\/tr\/wp-json\/wp\/v2\/pages\/2993\/revisions"}],"predecessor-version":[{"id":3601,"href":"https:\/\/aiartfree.online\/tr\/wp-json\/wp\/v2\/pages\/2993\/revisions\/3601"}],"wp:featuredmedia":[{"embeddable":true,"href":"https:\/\/aiartfree.online\/tr\/wp-json\/wp\/v2\/media\/3463"}],"wp:attachment":[{"href":"https:\/\/aiartfree.online\/tr\/wp-json\/wp\/v2\/media?parent=2993"}],"curies":[{"name":"wp","href":"https:\/\/api.w.org\/{rel}","templated":true}]}}