{"id":2986,"date":"2024-07-19T17:43:48","date_gmt":"2024-07-19T17:43:48","guid":{"rendered":"https:\/\/aiartfree.online\/?page_id=2986"},"modified":"2025-03-07T08:22:52","modified_gmt":"2025-03-07T08:22:52","slug":"video-to-gif","status":"publish","type":"page","link":"https:\/\/aiartfree.online\/tr\/videodan-gife\/","title":{"rendered":"\u00dccretsiz Videodan GIF'e"},"content":{"rendered":"<h2 class=\"wp-block-heading\">Videodan GIF'e nas\u0131l kullan\u0131l\u0131r<\/h2>\n\n\n\n<ol class=\"wp-block-list\">\n<li class=\"\">En sevdi\u011finiz videoyu b\u0131rak\u0131n veya y\u00fckleyin<\/li>\n\n\n\n<li class=\"\">A\u015fa\u011f\u0131 kayd\u0131r\u0131n ve \"Animasyonlu GIF Olu\u015ftur\" se\u00e7ene\u011fine t\u0131klay\u0131n<\/li>\n\n\n\n<li class=\"\">Yakla\u015f\u0131k 9-14 saniye bekleyin, i\u015fte bu kadar!<\/li>\n\n\n\n<li class=\"\">Arkada\u015flar\u0131n\u0131zla payla\u015fmak i\u00e7in indirin<\/li>\n<\/ol>\n\n\n\n<figure class=\"gb-block-image gb-block-image-4dfafe81\"><a href=\"https:\/\/fas.st\/t\/XmtmoHSk\" target=\"_blank\" rel=\"noopener noreferrer\"><img data-recalc-dims=\"1\" decoding=\"async\" loading=\"lazy\" width=\"1200\" height=\"368\" class=\"gb-image gb-image-4dfafe81\" src=\"https:\/\/i0.wp.com\/aiartfree.online\/wp-content\/uploads\/2025\/03\/WX20250307-114300%402x.webp?resize=1200%2C368&#038;ssl=1\" alt=\"\" title=\"WX20250307-114300@2x\" srcset=\"https:\/\/i0.wp.com\/aiartfree.online\/wp-content\/uploads\/2025\/03\/WX20250307-114300%402x.webp?w=1900&amp;ssl=1 1900w, https:\/\/i0.wp.com\/aiartfree.online\/wp-content\/uploads\/2025\/03\/WX20250307-114300%402x.webp?resize=300%2C92&amp;ssl=1 300w, https:\/\/i0.wp.com\/aiartfree.online\/wp-content\/uploads\/2025\/03\/WX20250307-114300%402x.webp?resize=1024%2C314&amp;ssl=1 1024w, https:\/\/i0.wp.com\/aiartfree.online\/wp-content\/uploads\/2025\/03\/WX20250307-114300%402x.webp?resize=768%2C235&amp;ssl=1 768w, https:\/\/i0.wp.com\/aiartfree.online\/wp-content\/uploads\/2025\/03\/WX20250307-114300%402x.webp?resize=1536%2C471&amp;ssl=1 1536w, https:\/\/i0.wp.com\/aiartfree.online\/wp-content\/uploads\/2025\/03\/WX20250307-114300%402x.webp?resize=18%2C6&amp;ssl=1 18w, https:\/\/i0.wp.com\/aiartfree.online\/wp-content\/uploads\/2025\/03\/WX20250307-114300%402x.webp?resize=600%2C184&amp;ssl=1 600w\" sizes=\"auto, (max-width: 1200px) 100vw, 1200px\" \/><\/a><\/figure>\n\n\n\n<p class=\"\"><em>* \u0130nternet h\u0131z\u0131n\u0131za ba\u011fl\u0131 olarak modelin y\u00fcklenmesi birka\u00e7 saniye s\u00fcrebilir.<br>* S\u00fcrekli olu\u015fturma s\u0131ras\u0131nda \u00f6nbelle\u011fe alma olacakt\u0131r ve yeni g\u00f6r\u00fcnt\u00fc yakla\u015f\u0131k 3 saniye sonra g\u00f6r\u00fcnecektir.<\/em><\/p>\n\n\n\n<div style=\"text-align: center;\">\n  <iframe loading=\"lazy\"\n    src=\"https:\/\/fariyan-gif-studio.hf.space\"\n    frameborder=\"0\"\n    width=\"1200\"\n    height=\"2500\"\n    style=\"display: inline-block; margin: 0 auto;\"\n  ><\/iframe>\n<\/div>\n\n\n\n<div style=\"height:50px\" aria-hidden=\"true\" class=\"wp-block-spacer\"><\/div>\n\n\n\n<h2 class=\"wp-block-heading\">Videodan GIF'e Giri\u015f<\/h2>\n\n\n\n<p class=\"\">Dijital i\u00e7erik olu\u015fturma \u00e7a\u011f\u0131nda, videolar\u0131 GIF'lere d\u00f6n\u00fc\u015ft\u00fcrmek, anlar\u0131 dinamik ancak kompakt bir formatta payla\u015fman\u0131n pop\u00fcler bir yolu haline geldi. Bu k\u0131lavuzda videolar\u0131 GIF'e d\u00f6n\u00fc\u015ft\u00fcrme kavram\u0131, bu s\u00fcrecin \u00f6nemi, mevcut en iyi ara\u00e7lar incelenecek ve s\u0131k\u00e7a sorulan baz\u0131 sorular yan\u0131tlanacakt\u0131r.<\/p>\n\n\n\n<h3 class=\"wp-block-heading\">\u0130\u00e7indekiler<\/h3>\n\n\n\n<ol class=\"wp-block-list\">\n<li class=\"\">Videodan GIF'e nedir?<\/li>\n\n\n\n<li class=\"\">Neden GIF i\u00e7in Video Kullan\u0131lmal\u0131?<\/li>\n\n\n\n<li class=\"\">Uygun Kullan\u0131c\u0131lar veya Sekt\u00f6rler<\/li>\n\n\n\n<li class=\"\">En \u0130yi 10 Ara\u00e7 ve Bilgi<\/li>\n\n\n\n<li class=\"\">S\u0131k\u00e7a Sorulan Sorular<\/li>\n<\/ol>\n\n\n\n<h3 class=\"wp-block-heading\">Videodan GIF'e nedir?<\/h3>\n\n\n\n<p class=\"\">Videodan GIF'e d\u00f6n\u00fc\u015ft\u00fcrme, bir video dosyas\u0131n\u0131n GIF g\u00f6r\u00fcnt\u00fcs\u00fcne d\u00f6n\u00fc\u015ft\u00fcr\u00fclmesini i\u00e7erir. GIF'ler veya Grafik De\u011fi\u015fim Bi\u00e7imi g\u00f6r\u00fcnt\u00fcleri, animasyonlar\u0131 d\u00f6ng\u00fcye sokma yetenekleri ve nispeten k\u00fc\u00e7\u00fck dosya boyutlar\u0131 nedeniyle sosyal medyada ve web sitelerinde yayg\u0131n olarak kullan\u0131lmaktad\u0131r. Bu i\u015flem, kullan\u0131c\u0131lar\u0131n bir videonun bir b\u00f6l\u00fcm\u00fcn\u00fc al\u0131p \u00e7e\u015fitli platformlarda kolayca payla\u015f\u0131labilen ve g\u00f6r\u00fcnt\u00fclenebilen animasyonlu bir g\u00f6r\u00fcnt\u00fcye d\u00f6n\u00fc\u015ft\u00fcrmesine olanak tan\u0131r.<\/p>\n\n\n\n<h3 class=\"wp-block-heading\">Neden GIF i\u00e7in Video Kullan\u0131lmal\u0131?<\/h3>\n\n\n\n<p class=\"\">Videodan GIF'e d\u00f6n\u00fc\u015ft\u00fcrmeyi kullanmak \u00e7e\u015fitli avantajlar sunar:<\/p>\n\n\n\n<ul class=\"wp-block-list\">\n<li class=\"\"><strong>Ni\u015fanl\u0131l\u0131k<\/strong>: GIF'ler g\u00f6z al\u0131c\u0131d\u0131r ve izleyicilerin dikkatini h\u0131zla \u00e7ekebilir.<\/li>\n\n\n\n<li class=\"\"><strong>Uyumluluk<\/strong>: GIF'ler \u00e7o\u011fu sosyal medya platformu ve mesajla\u015fma uygulamas\u0131 taraf\u0131ndan desteklenmektedir.<\/li>\n\n\n\n<li class=\"\"><strong>Dosya Boyutu<\/strong>: Videolarla kar\u015f\u0131la\u015ft\u0131r\u0131ld\u0131\u011f\u0131nda GIF'lerin boyutlar\u0131 daha k\u00fc\u00e7\u00fckt\u00fcr, bu da y\u00fcklemelerini ve payla\u015fmalar\u0131n\u0131 kolayla\u015ft\u0131r\u0131r.<\/li>\n\n\n\n<li class=\"\"><strong>Yarat\u0131c\u0131l\u0131k<\/strong>: GIF'ler, belirli anlar\u0131 vurgulayarak veya d\u00f6ng\u00fc animasyonlar\u0131 yoluyla mizah ekleyerek yarat\u0131c\u0131 ifadeye olanak tan\u0131r.<\/li>\n<\/ul>\n\n\n\n<h3 class=\"wp-block-heading\">Uygun Kullan\u0131c\u0131lar veya Sekt\u00f6rler<\/h3>\n\n\n\n<p class=\"\">Videodan GIF'e d\u00f6n\u00fc\u015ft\u00fcrme, a\u015fa\u011f\u0131dakiler de dahil olmak \u00fczere \u00e7e\u015fitli kullan\u0131c\u0131lar ve sekt\u00f6rler i\u00e7in faydal\u0131d\u0131r:<\/p>\n\n\n\n<ul class=\"wp-block-list\">\n<li class=\"\"><strong>Sosyal Medya Etkileyicileri<\/strong>: \u00d6ne \u00e7\u0131kan ilgi \u00e7ekici i\u00e7erikler olu\u015fturmak.<\/li>\n\n\n\n<li class=\"\"><strong>Pazarlamac\u0131lar<\/strong>: Reklamlar\u0131 ve promosyon malzemelerini geli\u015ftirmek i\u00e7in.<\/li>\n\n\n\n<li class=\"\"><strong>E\u011fitimciler<\/strong>: Basit, d\u00f6ng\u00fcsel e\u011fitici animasyonlar olu\u015fturmak i\u00e7in.<\/li>\n\n\n\n<li class=\"\"><strong>\u0130\u00e7erik Olu\u015fturucular<\/strong>: Uzun videolardan \u00f6nemli noktalar\u0131 veya komik anlar\u0131 payla\u015fmak i\u00e7in.<\/li>\n\n\n\n<li class=\"\"><strong>\u0130\u015fletmeler<\/strong>: Web siteleri ve sunumlar i\u00e7in ilgi \u00e7ekici g\u00f6rseller olu\u015fturmak.<\/li>\n<\/ul>\n\n\n\n<h3 class=\"wp-block-heading\">En \u0130yi 10 Ara\u00e7 ve Bilgi<\/h3>\n\n\n\n<p class=\"\">A\u015fa\u011f\u0131da, videolar\u0131 GIF'e d\u00f6n\u00fc\u015ft\u00fcrmek i\u00e7in en iyi 10 arac\u0131 \u00f6zetleyen ve URL'leri, art\u0131lar\u0131, eksileri, avantajlar\u0131, zorluklar\u0131 ve \u00f6nerileri i\u00e7eren bir tablo bulunmaktad\u0131r.<\/p>\n\n\n\n<figure class=\"wp-block-table\"><table class=\"has-fixed-layout\"><thead><tr><th>Ara\u00e7 Ad\u0131<\/th><th>URL<\/th><th>Art\u0131lar\u0131<\/th><th>Eksiler<\/th><th>Avantajlar<\/th><th>Zorluklar<\/th><th>Tavsiyeler<\/th><\/tr><\/thead><tbody><tr><td><strong>\u00dccretsiz Videodan GIF'e<\/strong><\/td><td><a href=\"https:\/\/aiartfree.online\/tr\/videodan-gife\/\" data-type=\"link\" data-id=\"https:\/\/aiartfree.online\/video-to-gif\/\">aiartfree.online<\/a><\/td><td>Kullan\u0131m\u0131 kolay, y\u00fcksek kaliteli \u00e7\u0131kt\u0131<\/td><td>S\u0131n\u0131rl\u0131 geli\u015fmi\u015f \u00f6zellikler<\/td><td>H\u0131zl\u0131 d\u00f6n\u00fc\u015f\u00fcmler i\u00e7in en iyisi<\/td><td>Profesyonel edit\u00f6rlere uygun olmayabilir<\/td><td>Genel kullan\u0131c\u0131lar i\u00e7in en iyi ara\u00e7<\/td><\/tr><tr><td><strong>Giphy<\/strong><\/td><td><a href=\"https:\/\/giphy.com\" rel=\"nofollow noopener\" target=\"_blank\">giphy.com<\/a><\/td><td>Kapsaml\u0131 k\u00fct\u00fcphane, kolay payla\u015f\u0131m<\/td><td>\u00dccretsiz s\u00fcr\u00fcmde filigran<\/td><td>Sosyal medya i\u00e7in harika<\/td><td>Kay\u0131t gerektirir<\/td><td>Sosyal medya kullan\u0131m\u0131 i\u00e7in ideal<\/td><\/tr><tr><td><strong>Imgur<\/strong><\/td><td><a href=\"https:\/\/imgur.com\" rel=\"nofollow noopener\" target=\"_blank\">imgur.com<\/a><\/td><td>\u00dccretsiz, basit aray\u00fcz<\/td><td>S\u0131n\u0131rl\u0131 d\u00fczenleme se\u00e7enekleri<\/td><td>H\u0131zl\u0131 d\u00fczenlemeler i\u00e7in iyi<\/td><td>Geli\u015fmi\u015f \u00f6zellik yok<\/td><td>S\u0131radan kullan\u0131c\u0131lar i\u00e7in iyi<\/td><\/tr><tr><td><strong>EZGIF<\/strong><\/td><td><a href=\"https:\/\/ezgif.com\" rel=\"nofollow noopener\" target=\"_blank\">ezgif.com<\/a><\/td><td>Kapsaml\u0131 \u00f6zellikler, \u00fccretsiz<\/td><td>Aray\u00fcz bunalt\u0131c\u0131 olabilir<\/td><td>Detayl\u0131 d\u00fczenlemeler i\u00e7in uygun<\/td><td>Yeni ba\u015flayanlar i\u00e7in karma\u015f\u0131k olabilir<\/td><td>Ayr\u0131nt\u0131l\u0131 d\u00fczenleme i\u00e7in \u00f6nerilir<\/td><\/tr><tr><td><strong>Convertio<\/strong><\/td><td><a href=\"https:\/\/convertio.co\" rel=\"nofollow noopener\" target=\"_blank\">convertio.c<\/a><a href=\"https:\/\/convertio.co\" target=\"_blank\" rel=\"noopener\">o<\/a><\/td><td>\u00c7oklu formatlar\u0131 destekler<\/td><td>\u00dccretsiz s\u00fcr\u00fcm\u00fcn s\u0131n\u0131rlamalar\u0131 vard\u0131r<\/td><td>\u00c7ok y\u00f6nl\u00fc ve esnek<\/td><td>\u00dccretsiz s\u00fcr\u00fcmde boyut s\u0131n\u0131rlar\u0131<\/td><td>\u00c7e\u015fitli dosya t\u00fcrleri i\u00e7in iyi<\/td><\/tr><tr><td><strong>\u00c7evrimi\u00e7i-D\u00f6n\u00fc\u015ft\u00fcr<\/strong><\/td><td><a href=\"https:\/\/online-convert.com\" rel=\"nofollow noopener\" target=\"_blank\">online-convert.com<\/a><\/td><td>Yaz\u0131l\u0131m kurulumu yok<\/td><td>\u00dccretsiz s\u00fcr\u00fcmde reklamlar<\/td><td>Kullan\u0131\u015fl\u0131 ve h\u0131zl\u0131<\/td><td>\u0130nternet ba\u011flant\u0131s\u0131 gerekli<\/td><td>H\u0131zl\u0131 \u00e7evrimi\u00e7i d\u00f6n\u00fc\u015ft\u00fcrme i\u00e7in en iyisi<\/td><\/tr><tr><td><strong>MakeAGIF<\/strong><\/td><td><a href=\"https:\/\/makeagif.com\" rel=\"nofollow noopener\" target=\"_blank\">makeagif.com<\/a><\/td><td>Kullan\u0131m\u0131 kolay, sosyal entegrasyon<\/td><td>\u00dccretsiz s\u00fcr\u00fcmde filigran<\/td><td>Kullan\u0131c\u0131 dostu aray\u00fcz<\/td><td>S\u0131n\u0131rl\u0131 d\u00fczenleme se\u00e7enekleri<\/td><td>H\u0131zl\u0131 sosyal medya payla\u015f\u0131mlar\u0131 i\u00e7in harika<\/td><\/tr><tr><td><strong>GIFMaker<\/strong><\/td><td><a href=\"https:\/\/gifmaker.me\" rel=\"nofollow noopener\" target=\"_blank\">gifmaker.me<\/a><\/td><td>Kay\u0131t gerekmez, \u00fccretsiz<\/td><td>S\u0131n\u0131rl\u0131 \u00f6zellikler<\/td><td>H\u0131zl\u0131 ve kolay<\/td><td>Karma\u015f\u0131k d\u00fczenlemeler i\u00e7in uygun de\u011fil<\/td><td>G\u00fcnl\u00fck kullan\u0131m i\u00e7in ideal<\/td><\/tr><tr><td><strong>CloudConvert<\/strong><\/td><td><a href=\"https:\/\/cloudconvert.com\" rel=\"nofollow noopener\" target=\"_blank\">cloudconvert.com<\/a><\/td><td>Y\u00fcksek kaliteli d\u00f6n\u00fc\u015f\u00fcmler<\/td><td>\u00dccretsiz s\u00fcr\u00fcm s\u0131n\u0131rlar\u0131<\/td><td>Y\u00fcksek ki\u015fiselle\u015ftirme<\/td><td>T\u00fcm \u00f6zellikler i\u00e7in kaydolmay\u0131 gerektirir<\/td><td>Y\u00fcksek kaliteli \u00e7\u0131kt\u0131lar i\u00e7in en iyisi<\/td><\/tr><tr><td><strong>Kapwing<\/strong><\/td><td><a href=\"https:\/\/kapwing.com\" rel=\"nofollow noopener\" target=\"_blank\">kapwing.com<\/a><\/td><td>Modern aray\u00fcz, i\u015fbirlik\u00e7i<\/td><td>Hesap gerektirir<\/td><td>Ekip \u00e7al\u0131\u015fmas\u0131 i\u00e7in iyi<\/td><td>Baz\u0131 \u00f6zellikler \u00f6deme duvar\u0131n\u0131n arkas\u0131nda<\/td><td>Ekip projeleri i\u00e7in m\u00fckemmel<\/td><\/tr><\/tbody><\/table><\/figure>\n\n\n\n<h3 class=\"wp-block-heading\">S\u0131k\u00e7a Sorulan Sorular<\/h3>\n\n\n\n<ol class=\"wp-block-list\">\n<li class=\"\"><strong>Videoyu GIF'e d\u00f6n\u00fc\u015ft\u00fcrmek i\u00e7in en iyi ara\u00e7 nedir?<\/strong>\n<ul class=\"wp-block-list\">\n<li class=\"\">En iyi ara\u00e7 Free Online Auto Draft't\u0131r. Kullan\u0131c\u0131 dostudur ve y\u00fcksek kaliteli GIF'ler \u00fcretir.<\/li>\n<\/ul>\n<\/li>\n\n\n\n<li class=\"\"><strong>MP4'\u00fc GIF'e nas\u0131l d\u00f6n\u00fc\u015ft\u00fcrebilirim?<\/strong>\n<ul class=\"wp-block-list\">\n<li class=\"\">EZGIF veya Giphy gibi \u00e7evrimi\u00e7i d\u00f6n\u00fc\u015ft\u00fcr\u00fcc\u00fcleri kullanabilirsiniz. MP4 dosyan\u0131z\u0131 y\u00fckleyin ve GIF'e d\u00f6n\u00fc\u015ft\u00fcrmek i\u00e7in talimatlar\u0131 izleyin.<\/li>\n<\/ul>\n<\/li>\n\n\n\n<li class=\"\"><strong>Videolardan y\u00fcksek kaliteli GIF'ler olu\u015fturabilir miyim?<\/strong>\n<ul class=\"wp-block-list\">\n<li class=\"\">Evet, Free Online Auto Draft ve CloudConvert gibi ara\u00e7lar y\u00fcksek kaliteli d\u00f6n\u00fc\u015f\u00fcmler sunar.<\/li>\n<\/ul>\n<\/li>\n\n\n\n<li class=\"\"><strong>Animasyonlu GIF olu\u015fturucular nedir?<\/strong>\n<ul class=\"wp-block-list\">\n<li class=\"\">Bunlar, genellikle ek d\u00fczenleme \u00f6zellikleriyle birlikte videolardan veya bir dizi g\u00f6r\u00fcnt\u00fcden GIF olu\u015fturman\u0131za olanak tan\u0131yan ara\u00e7lard\u0131r.<\/li>\n<\/ul>\n<\/li>\n\n\n\n<li class=\"\"><strong>Y\u00fcksek kaliteli GIF'ler olu\u015fturmak i\u00e7in \u00fccretsiz bir GIF olu\u015fturucu var m\u0131?<\/strong>\n<ul class=\"wp-block-list\">\n<li class=\"\">Evet, Giphy ve EZGIF gibi ara\u00e7lar y\u00fcksek kaliteli GIF'ler olu\u015fturabilen \u00fccretsiz s\u00fcr\u00fcmler sunuyor.<\/li>\n<\/ul>\n<\/li>\n\n\n\n<li class=\"\"><strong>Bir video klipten nas\u0131l GIF olu\u015fturabilirim?<\/strong>\n<ul class=\"wp-block-list\">\n<li class=\"\">Free Online Auto Draft gibi bir ara\u00e7 kullan\u0131n, video klibinizi y\u00fckleyin, istedi\u011finiz b\u00f6l\u00fcm\u00fc se\u00e7in ve GIF'e d\u00f6n\u00fc\u015ft\u00fcr\u00fcn.<\/li>\n<\/ul>\n<\/li>\n\n\n\n<li class=\"\"><strong>Hangi video dosyas\u0131 formatlar\u0131 GIF'e d\u00f6n\u00fc\u015ft\u00fcr\u00fclebilir?<\/strong>\n<ul class=\"wp-block-list\">\n<li class=\"\">\u00c7o\u011fu ara\u00e7 GIF'e d\u00f6n\u00fc\u015ft\u00fcrme i\u00e7in MP4, AVI ve MOV gibi formatlar\u0131 destekler.<\/li>\n<\/ul>\n<\/li>\n\n\n\n<li class=\"\"><strong>D\u00f6n\u00fc\u015ft\u00fcrmeden sonra GIF'i d\u00fczenleyebilir miyim?<\/strong>\n<ul class=\"wp-block-list\">\n<li class=\"\">Evet, EZGIF gibi bir\u00e7ok ara\u00e7 d\u00f6n\u00fc\u015ft\u00fcrmeden sonra GIF'i ayarlamak i\u00e7in d\u00fczenleme \u00f6zellikleri sunar.<\/li>\n<\/ul>\n<\/li>\n\n\n\n<li class=\"\"><strong>GIF'e d\u00f6n\u00fc\u015ft\u00fcrebilece\u011fim maksimum video uzunlu\u011fu nedir?<\/strong>\n<ul class=\"wp-block-list\">\n<li class=\"\">Bu, araca g\u00f6re de\u011fi\u015fir. Free Online Auto Draft \u00e7o\u011fu kullan\u0131m i\u00e7in uygun standart video uzunluklar\u0131n\u0131 destekler.<\/li>\n<\/ul>\n<\/li>\n\n\n\n<li class=\"\"><strong>Videolar\u0131 GIF'e d\u00f6n\u00fc\u015ft\u00fcrmek i\u00e7in bir hesaba ihtiyac\u0131m var m\u0131?<\/strong>\n<ul class=\"wp-block-list\">\n<li class=\"\">Baz\u0131 ara\u00e7lar t\u00fcm \u00f6zellikler i\u00e7in bir hesap gerektirir, ancak Free Online Auto Draft ve GIFMaker gibi bir\u00e7o\u011fu temel kullan\u0131m i\u00e7in bir hesap gerektirmez.<\/li>\n<\/ul>\n<\/li>\n<\/ol>\n\n\n\n<p class=\"\">Sa\u011flanan bilgileri kullanarak videolar\u0131 etkili bir \u015fekilde GIF'lere d\u00f6n\u00fc\u015ft\u00fcrebilir, i\u00e7eri\u011finizi ve \u00e7e\u015fitli platformlardaki etkile\u015fiminizi art\u0131rabilirsiniz.<\/p>\n\n\n\n<p class=\"\"><\/p>","protected":false},"excerpt":{"rendered":"<p>How to use Video to GIF *&nbsp;Depending on your internet speed, loading the model may take a few seconds.* There will be caching during continuous generation, and the new image will appear after about 3 seconds. Introduction of Video to GIF In the age of digital content creation, transforming videos into GIFs has become a &#8230; <a title=\"\u00dccretsiz Videodan GIF&#039;e\" class=\"read-more\" href=\"https:\/\/aiartfree.online\/tr\/videodan-gife\/\" aria-label=\"Read more about Free Video to GIF\">Devam\u0131n\u0131 oku<\/a><\/p>","protected":false},"author":1,"featured_media":0,"parent":0,"menu_order":0,"comment_status":"open","ping_status":"closed","template":"","meta":{"nf_dc_page":"","footnotes":""},"class_list":["post-2986","page","type-page","status-publish"],"jetpack_sharing_enabled":true,"_links":{"self":[{"href":"https:\/\/aiartfree.online\/tr\/wp-json\/wp\/v2\/pages\/2986","targetHints":{"allow":["GET"]}}],"collection":[{"href":"https:\/\/aiartfree.online\/tr\/wp-json\/wp\/v2\/pages"}],"about":[{"href":"https:\/\/aiartfree.online\/tr\/wp-json\/wp\/v2\/types\/page"}],"author":[{"embeddable":true,"href":"https:\/\/aiartfree.online\/tr\/wp-json\/wp\/v2\/users\/1"}],"replies":[{"embeddable":true,"href":"https:\/\/aiartfree.online\/tr\/wp-json\/wp\/v2\/comments?post=2986"}],"version-history":[{"count":1,"href":"https:\/\/aiartfree.online\/tr\/wp-json\/wp\/v2\/pages\/2986\/revisions"}],"predecessor-version":[{"id":3600,"href":"https:\/\/aiartfree.online\/tr\/wp-json\/wp\/v2\/pages\/2986\/revisions\/3600"}],"wp:attachment":[{"href":"https:\/\/aiartfree.online\/tr\/wp-json\/wp\/v2\/media?parent=2986"}],"curies":[{"name":"wp","href":"https:\/\/api.w.org\/{rel}","templated":true}]}}