{"id":2983,"date":"2024-07-19T13:17:41","date_gmt":"2024-07-19T13:17:41","guid":{"rendered":"https:\/\/aiartfree.online\/?page_id=2983"},"modified":"2025-03-07T08:28:23","modified_gmt":"2025-03-07T08:28:23","slug":"free-ai-logo-generator","status":"publish","type":"page","link":"https:\/\/aiartfree.online\/tr\/ucretsiz-ai-logo-olusturucu\/","title":{"rendered":"\u00dccretsiz AI Logo Olu\u015fturucu"},"content":{"rendered":"<h2 class=\"wp-block-heading\">Free AI Logo Generator nas\u0131l kullan\u0131l\u0131r?<\/h2>\n\n\n\n<ol class=\"wp-block-list\">\n<li class=\"\">Resminizi B\u0131rak\u0131n veya Y\u00fckleyin<\/li>\n\n\n\n<li class=\"\">\"G\u00f6nder \"e t\u0131klay\u0131n<\/li>\n\n\n\n<li class=\"\">Bekle, i\u015fte bu! <\/li>\n<\/ol>\n\n\n\n<figure class=\"gb-block-image gb-block-image-032aac41\"><a href=\"https:\/\/fas.st\/t\/9U4PYbm7\" target=\"_blank\" rel=\"noopener noreferrer\"><img data-recalc-dims=\"1\" decoding=\"async\" loading=\"lazy\" width=\"1200\" height=\"365\" class=\"gb-image gb-image-032aac41\" src=\"https:\/\/i0.wp.com\/aiartfree.online\/wp-content\/uploads\/2025\/03\/WX20250307-115412%402x.webp?resize=1200%2C365&#038;ssl=1\" alt=\"\" title=\"WX20250307-115412@2x\" srcset=\"https:\/\/i0.wp.com\/aiartfree.online\/wp-content\/uploads\/2025\/03\/WX20250307-115412%402x.webp?w=1942&amp;ssl=1 1942w, https:\/\/i0.wp.com\/aiartfree.online\/wp-content\/uploads\/2025\/03\/WX20250307-115412%402x.webp?resize=300%2C91&amp;ssl=1 300w, https:\/\/i0.wp.com\/aiartfree.online\/wp-content\/uploads\/2025\/03\/WX20250307-115412%402x.webp?resize=1024%2C312&amp;ssl=1 1024w, https:\/\/i0.wp.com\/aiartfree.online\/wp-content\/uploads\/2025\/03\/WX20250307-115412%402x.webp?resize=768%2C234&amp;ssl=1 768w, https:\/\/i0.wp.com\/aiartfree.online\/wp-content\/uploads\/2025\/03\/WX20250307-115412%402x.webp?resize=1536%2C467&amp;ssl=1 1536w, https:\/\/i0.wp.com\/aiartfree.online\/wp-content\/uploads\/2025\/03\/WX20250307-115412%402x.webp?resize=18%2C5&amp;ssl=1 18w, https:\/\/i0.wp.com\/aiartfree.online\/wp-content\/uploads\/2025\/03\/WX20250307-115412%402x.webp?resize=600%2C183&amp;ssl=1 600w\" sizes=\"auto, (max-width: 1200px) 100vw, 1200px\" \/><\/a><\/figure>\n\n\n\n<p class=\"\"><em>* \u0130nternet h\u0131z\u0131n\u0131za ba\u011fl\u0131 olarak modelin y\u00fcklenmesi birka\u00e7 saniye s\u00fcrebilir.<br>* S\u00fcrekli olu\u015fturma s\u0131ras\u0131nda \u00f6nbelle\u011fe alma olacakt\u0131r ve yeni g\u00f6r\u00fcnt\u00fc yakla\u015f\u0131k 3 saniye sonra g\u00f6r\u00fcnecektir.<\/em><\/p>\n\n\n\n<div style=\"text-align: center; border: 2px solid; border-image-source: linear-gradient(to right, #16b86c, #912899); border-image-slice: 1; box-shadow: 0 0 10px rgba(0, 0, 0, 0.1); border-radius: 15px;\">\n  <iframe loading=\"lazy\"\n    src=\"https:\/\/artificialguybr-logo-sdxl-lora-free-demo.hf.space\"\n    frameborder=\"0\"\n    width=\"1100\"\n    height=\"800\"\n    style=\"display: inline-block; margin: 0 auto;\"\n  ><\/iframe>\n<\/div>\n\n\n\n<div style=\"height:49px\" aria-hidden=\"true\" class=\"wp-block-spacer\"><\/div>\n\n\n\n<h2 class=\"wp-block-heading\" id=\"introduction-of-free-ai-logo-generator\">\u00dccretsiz AI Logo Olu\u015fturucunun Tan\u0131t\u0131m\u0131<\/h2>\n\n\n\n<p class=\"\">Bir i\u015fletme sahibi olarak, marka kimli\u011finizi olu\u015fturmak i\u00e7in profesyonel bir logo olu\u015fturmak \u00e7ok \u00f6nemlidir. Yapay zekan\u0131n y\u00fckseli\u015fiyle birlikte logo olu\u015fturmak daha eri\u015filebilir ve verimli hale geldi. Bu makalede, \u00fccretsiz bir yapay zeka logo olu\u015fturucunun harikalar\u0131n\u0131 ve i\u015fletmenize nas\u0131l fayda sa\u011flayabilece\u011fini ke\u015ffedece\u011fiz.<\/p>\n\n\n\n<figure class=\"wp-block-image size-large is-resized\"><img data-recalc-dims=\"1\" decoding=\"async\" width=\"1024\" height=\"562\"   loading=\"lazy\" src=\"https:\/\/i0.wp.com\/aiartfree.online\/wp-content\/uploads\/2024\/07\/1_mL5ZQFtjfXkQdHh6qz_13w.jpg?resize=1024%2C562&#038;ssl=1\" alt=\"\u00dccretsiz AI Logo Olu\u015fturucu\" class=\"wp-image-2987\" style=\"width:585px;height:auto\" srcset=\"https:\/\/i0.wp.com\/aiartfree.online\/wp-content\/uploads\/2024\/07\/1_mL5ZQFtjfXkQdHh6qz_13w.jpg?resize=1024%2C562&amp;ssl=1 1024w, https:\/\/i0.wp.com\/aiartfree.online\/wp-content\/uploads\/2024\/07\/1_mL5ZQFtjfXkQdHh6qz_13w.jpg?resize=300%2C165&amp;ssl=1 300w, https:\/\/i0.wp.com\/aiartfree.online\/wp-content\/uploads\/2024\/07\/1_mL5ZQFtjfXkQdHh6qz_13w.jpg?resize=768%2C421&amp;ssl=1 768w, https:\/\/i0.wp.com\/aiartfree.online\/wp-content\/uploads\/2024\/07\/1_mL5ZQFtjfXkQdHh6qz_13w.jpg?resize=18%2C10&amp;ssl=1 18w, https:\/\/i0.wp.com\/aiartfree.online\/wp-content\/uploads\/2024\/07\/1_mL5ZQFtjfXkQdHh6qz_13w.jpg?resize=600%2C329&amp;ssl=1 600w, https:\/\/i0.wp.com\/aiartfree.online\/wp-content\/uploads\/2024\/07\/1_mL5ZQFtjfXkQdHh6qz_13w.jpg?w=1400&amp;ssl=1 1400w\" sizes=\"auto, (max-width: 1024px) 100vw, 1024px\" \/><\/figure>\n\n\n\n<p class=\"\"><strong>\u0130\u00e7indekiler<\/strong><\/p>\n\n\n\n<ul class=\"wp-block-list\">\n<li class=\"\">\u00dccretsiz AI Logo Olu\u015fturucunun Tan\u0131t\u0131m\u0131<\/li>\n\n\n\n<li class=\"\">Neden \u00dccretsiz AI Logo Olu\u015fturucu Kullanmal\u0131s\u0131n\u0131z?<\/li>\n\n\n\n<li class=\"\">\u00dccretsiz AI Logo Olu\u015fturucu Kullanman\u0131n Faydalar\u0131<\/li>\n\n\n\n<li class=\"\">\u00dccretsiz AI Logo Olu\u015fturucu Ne Zaman Kullan\u0131lmal\u0131?<\/li>\n\n\n\n<li class=\"\">\u00dccretsiz AI Logo Olu\u015fturucuyu Kimler Kullanabilir?<\/li>\n\n\n\n<li class=\"\">\u00dccretsiz Yapay Zeka Logo Olu\u015fturucular\u0131n Kar\u015f\u0131la\u015ft\u0131rmas\u0131<\/li>\n\n\n\n<li class=\"\">SSS<\/li>\n<\/ul>\n\n\n\n<h3 class=\"wp-block-heading\" id=\"what-is-a-free-ai-logo-generator\"><a href=\"https:\/\/dromerosm-groq-llama3.hf.space\/#what-is-a-free-ai-logo-generator\" target=\"_blank\" rel=\"noopener\"><\/a>\u00dccretsiz AI Logo Olu\u015fturucu nedir?<\/h3>\n\n\n\n<p class=\"\">\u00dccretsiz yapay zeka logo olu\u015fturucu, i\u015fletmeniz i\u00e7in \u00f6zel bir logo olu\u015fturmak \u00fczere yapay zeka kullanan \u00e7evrimi\u00e7i bir ara\u00e7t\u0131r. Bu ara\u00e7lar, i\u015fletme ad\u0131, slogan, tercih edilen renkler ve yaz\u0131 tipleri gibi girdilerinize g\u00f6re benzersiz logolar olu\u015fturmak i\u00e7in makine \u00f6\u011frenimi algoritmalar\u0131n\u0131 kullan\u0131r. Sadece birka\u00e7 t\u0131klama ile dakikalar i\u00e7inde profesyonel g\u00f6r\u00fcn\u00fcml\u00fc bir logo olu\u015fturabilirsiniz.<\/p>\n\n\n\n<h3 class=\"wp-block-heading\" id=\"why-use-a-free-ai-logo-generator\"><a href=\"https:\/\/dromerosm-groq-llama3.hf.space\/#why-use-a-free-ai-logo-generator\" target=\"_blank\" rel=\"noopener\"><\/a>Neden \u00dccretsiz AI Logo Olu\u015fturucu Kullanmal\u0131s\u0131n\u0131z?<\/h3>\n\n\n\n<p class=\"\">\u00dccretsiz bir yapay zeka logo olu\u015fturucu kullanmak, profesyonel bir logo tasar\u0131mc\u0131s\u0131 kiralamaya k\u0131yasla zamandan ve paradan tasarruf etmenizi sa\u011flayabilir. Yapay zeka destekli logo tasar\u0131m\u0131 ile sadece i\u015fletme bilgilerinizi ve tercihlerinizi girebilirsiniz ve ara\u00e7 ihtiya\u00e7lar\u0131n\u0131z\u0131 kar\u015f\u0131layan bir logo olu\u015fturacakt\u0131r.<\/p>\n\n\n\n<h3 class=\"wp-block-heading\" id=\"benefits-of-using-a-free-ai-logo-generator\"><a href=\"https:\/\/dromerosm-groq-llama3.hf.space\/#benefits-of-using-a-free-ai-logo-generator\" target=\"_blank\" rel=\"noopener\"><\/a>\u00dccretsiz AI Logo Olu\u015fturucu Kullanman\u0131n Faydalar\u0131<\/h3>\n\n\n\n<p class=\"\">\u0130\u015fte \u00fccretsiz AI logo olu\u015fturucu kullanman\u0131n baz\u0131 avantajlar\u0131:<\/p>\n\n\n\n<p class=\"\">H\u0131zl\u0131 ve Verimli Yapay zeka logo olu\u015fturucumuzla dakikalar i\u00e7inde bir logo olu\u015fturun.<\/p>\n\n\n\n<p class=\"\">Uygun Maliyetli Profesyonel bir logo tasar\u0131mc\u0131s\u0131 tutmayarak tasarruf edin.<\/p>\n\n\n\n<p class=\"\">Benzersiz Tasar\u0131mlar Yapay zeka taraf\u0131ndan \u00fcretilen benzersiz logolara sahip olun.<\/p>\n\n\n\n<p class=\"\">Y\u00fcksek \u00c7\u00f6z\u00fcn\u00fcrl\u00fck \u00c7e\u015fitli kullan\u0131mlar i\u00e7in y\u00fcksek \u00e7\u00f6z\u00fcn\u00fcrl\u00fckl\u00fc logo dosyalar\u0131n\u0131 indirin.<\/p>\n\n\n\n<p class=\"\">Kullan\u0131m\u0131 Kolay Sadece i\u015fletme bilgilerinizi ve tercihlerinizi girin, gerisini ara\u00e7 halledecektir.<\/p>\n\n\n\n<h3 class=\"wp-block-heading\" id=\"when-to-use-a-free-ai-logo-generator\"><a href=\"https:\/\/dromerosm-groq-llama3.hf.space\/#when-to-use-a-free-ai-logo-generator\" target=\"_blank\" rel=\"noopener\"><\/a>\u00dccretsiz AI Logo Olu\u015fturucu Ne Zaman Kullan\u0131lmal\u0131?<\/h3>\n\n\n\n<p class=\"\">\u00dccretsiz AI logo olu\u015fturucu a\u015fa\u011f\u0131dakiler i\u00e7in m\u00fckemmeldir:<\/p>\n\n\n\n<p class=\"\">Dar b\u00fct\u00e7eli giri\u015fimler veya k\u00fc\u00e7\u00fck i\u015fletmeler H\u0131zl\u0131 bir \u015fekilde profesyonel bir logo olu\u015fturmak isteyen giri\u015fimciler Logolar\u0131n\u0131 yeniden markalamak veya g\u00fcncellemek isteyen i\u015fletmeler<\/p>\n\n\n\n<h3 class=\"wp-block-heading\" id=\"who-can-use-a-free-ai-logo-generator\"><a href=\"https:\/\/dromerosm-groq-llama3.hf.space\/#who-can-use-a-free-ai-logo-generator\" target=\"_blank\" rel=\"noopener\"><\/a>\u00dccretsiz AI Logo Olu\u015fturucuyu Kimler Kullanabilir?<\/h3>\n\n\n\n<p class=\"\">\u00dccretsiz AI logo olu\u015fturucuyu herkes kullanabilir:<\/p>\n\n\n\n<p class=\"\">Giri\u015fimciler K\u00fc\u00e7\u00fck i\u015fletme sahipleri Pazarlama uzmanlar\u0131 Grafik tasar\u0131mc\u0131lar<\/p>\n\n\n\n<h3 class=\"wp-block-heading\" id=\"comparison-of-free-ai-logo-generators\"><a href=\"https:\/\/dromerosm-groq-llama3.hf.space\/#comparison-of-free-ai-logo-generators\" target=\"_blank\" rel=\"noopener\"><\/a>\u00dccretsiz Yapay Zeka Logo Olu\u015fturucular\u0131n Kar\u015f\u0131la\u015ft\u0131rmas\u0131<\/h3>\n\n\n\n<p class=\"\">\u0130\u015fte \u00f6zellikleri ve avantajlar\u0131yla birlikte baz\u0131 pop\u00fcler \u00fccretsiz yapay zeka logo olu\u015fturucular\u0131:<\/p>\n\n\n\n<figure class=\"wp-block-table\"><table class=\"has-fixed-layout\"><thead><tr><th>Alet<\/th><th>\u00d6zellikler<\/th><th>Avantajlar<\/th><th>Web sitesi<\/th><\/tr><\/thead><tbody><tr><td>AI Art \u00dccretsiz \u00c7evrimi\u00e7i<\/td><td>Yapay zeka destekli logo tasar\u0131m\u0131, 100'den fazla \u015fablon, canl\u0131 renkler<\/td><td>H\u0131zl\u0131 ve verimli, uygun maliyetli<\/td><td><a href=\"https:\/\/aiartfree.online\/tr\/ucretsiz-ai-logo-olusturucu\/\" target=\"_blank\" rel=\"noreferrer noopener\">https:\/\/aiartfree.online\/free-ai-logo-generator<\/a><\/td><\/tr><tr><td>Logojoy<\/td><td>Yapay zeka destekli logo tasar\u0131m\u0131, 10.000'den fazla \u015fablon, renk paleti olu\u015fturucu<\/td><td>Benzersiz tasar\u0131mlar, y\u00fcksek \u00e7\u00f6z\u00fcn\u00fcrl\u00fckl\u00fc dosyalar<\/td><td><a href=\"https:\/\/logojoy.com\/\" target=\"_blank\" rel=\"noreferrer noopener\">https:\/\/logojoy.com<\/a><\/td><\/tr><tr><td>Terzi Markalar\u0131<\/td><td>Yapay zeka destekli logo tasar\u0131m\u0131, 10.000'den fazla \u015fablon, sosyal medya kiti<\/td><td>Profesyonel tasar\u0131mlar, kullan\u0131m\u0131 kolay<\/td><td><a href=\"https:\/\/tailorbrands.com\/\" target=\"_blank\" rel=\"noreferrer noopener\">https:\/\/tailorbrands.com<\/a><\/td><\/tr><\/tbody><\/table><\/figure>\n\n\n\n<h3 class=\"wp-block-heading\" id=\"advantages-and-disadvantages-of-free-ai-logo-generators\"><a href=\"https:\/\/dromerosm-groq-llama3.hf.space\/#advantages-and-disadvantages-of-free-ai-logo-generators\" target=\"_blank\" rel=\"noopener\"><\/a>\u00dccretsiz Yapay Zeka Logo Olu\u015fturucular\u0131n Avantaj ve Dezavantajlar\u0131<\/h3>\n\n\n\n<p class=\"\">\u0130\u015fte \u00fccretsiz AI logo olu\u015fturucular\u0131 kullanman\u0131n baz\u0131 avantajlar\u0131 ve dezavantajlar\u0131:<\/p>\n\n\n\n<p class=\"\"><strong>Avantajlar<\/strong>:<\/p>\n\n\n\n<p class=\"\">H\u0131zl\u0131 ve verimli Uygun maliyetli Benzersiz tasar\u0131mlar Y\u00fcksek \u00e7\u00f6z\u00fcn\u00fcrl\u00fckl\u00fc dosyalar<\/p>\n\n\n\n<p class=\"\"><strong>Dezavantajlar<\/strong>:<\/p>\n\n\n\n<p class=\"\">S\u0131n\u0131rl\u0131 \u00f6zelle\u015ftirme se\u00e7enekleri S\u0131n\u0131rl\u0131 tasar\u0131m \u015fablonlar\u0131 Karma\u015f\u0131k tasar\u0131m gereksinimlerini kar\u015f\u0131lamayabilir<\/p>\n\n\n\n<h3 class=\"wp-block-heading\" id=\"best-free-ai-logo-generator\"><a href=\"https:\/\/dromerosm-groq-llama3.hf.space\/#best-free-ai-logo-generator\" target=\"_blank\" rel=\"noopener\"><\/a>En \u0130yi \u00dccretsiz AI Logo Olu\u015fturucu<\/h3>\n\n\n\n<p class=\"\">\u00c7e\u015fitli \u00fccretsiz AI logo olu\u015fturucular\u0131 ara\u015ft\u0131r\u0131p kar\u015f\u0131la\u015ft\u0131rd\u0131ktan sonra, AI Art Free Online'\u0131 \u015fiddetle tavsiye ediyoruz. Yapay zeka destekli logo tasar\u0131m\u0131, 100'den fazla \u015fablon ve canl\u0131 renkleri ile h\u0131zl\u0131 ve verimli bir \u015fekilde profesyonel bir logo olu\u015fturmak i\u00e7in m\u00fckemmel bir ara\u00e7.<\/p>\n\n\n\n<h3 class=\"wp-block-heading\" id=\"faq\"><a href=\"https:\/\/dromerosm-groq-llama3.hf.space\/#faq\" target=\"_blank\" rel=\"noopener\"><\/a>SSS<\/h3>\n\n\n<div id=\"rank-math-faq\" class=\"rank-math-block\">\n<div class=\"rank-math-list\">\n<div id=\"faq-question-1721394932020\" class=\"rank-math-list-item\">\n<h3 class=\"rank-math-question\">Ticari kullan\u0131m i\u00e7in \u00fccretsiz bir AI logo olu\u015fturucu kullanabilir miyim?<\/h3>\n<div class=\"rank-math-answer\">\n\n<p>Evet, \u00e7o\u011fu \u00fccretsiz yapay zeka logo olu\u015fturucu, olu\u015fturulan logolar\u0131n ticari kullan\u0131m\u0131na izin verir.<\/p>\n\n<\/div>\n<\/div>\n<div id=\"faq-question-1721394940919\" class=\"rank-math-list-item\">\n<h3 class=\"rank-math-question\">Yapay zeka taraf\u0131ndan \u00fcretilen logolar benzersiz mi?<\/h3>\n<div class=\"rank-math-answer\">\n\n<p>Evet, AI taraf\u0131ndan olu\u015fturulan logolar benzersizdir ve girdilerinize g\u00f6re \u00f6zelle\u015ftirilir.<\/p>\n\n<\/div>\n<\/div>\n<div id=\"faq-question-1721394949679\" class=\"rank-math-list-item\">\n<h3 class=\"rank-math-question\">Olu\u015fturulan logoyu d\u00fczenleyebilir miyim?<\/h3>\n<div class=\"rank-math-answer\">\n\n<p>Evet, \u00e7o\u011fu \u00fccretsiz yapay zeka logo olu\u015fturucu, olu\u015fturulan logoyu d\u00fczenlemenize izin verir.<\/p>\n\n<\/div>\n<\/div>\n<div id=\"faq-question-1721394962503\" class=\"rank-math-list-item\">\n<h3 class=\"rank-math-question\">Logo dosyalar\u0131 y\u00fcksek \u00e7\u00f6z\u00fcn\u00fcrl\u00fckl\u00fc m\u00fc?<\/h3>\n<div class=\"rank-math-answer\">\n\n<p>Evet, \u00e7o\u011fu \u00fccretsiz AI logo olu\u015fturucu \u00e7e\u015fitli kullan\u0131mlar i\u00e7in y\u00fcksek \u00e7\u00f6z\u00fcn\u00fcrl\u00fckl\u00fc logo dosyalar\u0131 sa\u011flar.<\/p>\n\n<\/div>\n<\/div>\n<\/div>\n<\/div>","protected":false},"excerpt":{"rendered":"<p>How to use Free AI Logo Generator *&nbsp;Depending on your internet speed, loading the model may take a few seconds.* There will be caching during continuous generation, and the new image will appear after about 3 seconds. Introduction of Free AI Logo Generator As a business owner, creating a professional logo is essential to establish &#8230; <a title=\"\u00dccretsiz AI Logo Olu\u015fturucu\" class=\"read-more\" href=\"https:\/\/aiartfree.online\/tr\/ucretsiz-ai-logo-olusturucu\/\" aria-label=\"Read more about Free AI Logo Generator\">Devam\u0131n\u0131 oku<\/a><\/p>","protected":false},"author":1,"featured_media":0,"parent":0,"menu_order":0,"comment_status":"open","ping_status":"closed","template":"","meta":{"nf_dc_page":"","footnotes":""},"class_list":["post-2983","page","type-page","status-publish"],"jetpack_sharing_enabled":true,"_links":{"self":[{"href":"https:\/\/aiartfree.online\/tr\/wp-json\/wp\/v2\/pages\/2983","targetHints":{"allow":["GET"]}}],"collection":[{"href":"https:\/\/aiartfree.online\/tr\/wp-json\/wp\/v2\/pages"}],"about":[{"href":"https:\/\/aiartfree.online\/tr\/wp-json\/wp\/v2\/types\/page"}],"author":[{"embeddable":true,"href":"https:\/\/aiartfree.online\/tr\/wp-json\/wp\/v2\/users\/1"}],"replies":[{"embeddable":true,"href":"https:\/\/aiartfree.online\/tr\/wp-json\/wp\/v2\/comments?post=2983"}],"version-history":[{"count":1,"href":"https:\/\/aiartfree.online\/tr\/wp-json\/wp\/v2\/pages\/2983\/revisions"}],"predecessor-version":[{"id":3605,"href":"https:\/\/aiartfree.online\/tr\/wp-json\/wp\/v2\/pages\/2983\/revisions\/3605"}],"wp:attachment":[{"href":"https:\/\/aiartfree.online\/tr\/wp-json\/wp\/v2\/media?parent=2983"}],"curies":[{"name":"wp","href":"https:\/\/api.w.org\/{rel}","templated":true}]}}