{"id":2974,"date":"2024-07-19T12:49:16","date_gmt":"2024-07-19T12:49:16","guid":{"rendered":"https:\/\/aiartfree.online\/?page_id=2974"},"modified":"2025-03-07T08:02:23","modified_gmt":"2025-03-07T08:02:23","slug":"bing-ai-image-generator","status":"publish","type":"page","link":"https:\/\/aiartfree.online\/tr\/bing-ai-goruntu-olusturucu\/","title":{"rendered":"Bing Yapay Zeka G\u00f6r\u00fcnt\u00fc Olu\u015fturucu"},"content":{"rendered":"<h2 class=\"wp-block-heading\">Bing AI Image Generator nas\u0131l kullan\u0131l\u0131r?<\/h2>\n\n\n\n<ol class=\"wp-block-list\">\n<li class=\"\">\u0130steminizi girin<\/li>\n\n\n\n<li class=\"\">\"\u00c7al\u0131\u015ft\u0131r \"a t\u0131klay\u0131n<\/li>\n\n\n\n<li class=\"\">Bekle, i\u015fte bu! <\/li>\n<\/ol>\n\n\n\n<figure class=\"gb-block-image gb-block-image-032aac41\"><a href=\"https:\/\/fas.st\/t\/9U4PYbm7\" target=\"_blank\" rel=\"noopener noreferrer\"><img data-recalc-dims=\"1\" decoding=\"async\" loading=\"lazy\" width=\"1200\" height=\"365\" class=\"gb-image gb-image-032aac41\" src=\"https:\/\/i0.wp.com\/aiartfree.online\/wp-content\/uploads\/2025\/03\/WX20250307-115412%402x.webp?resize=1200%2C365&#038;ssl=1\" alt=\"\" title=\"WX20250307-115412@2x\" srcset=\"https:\/\/i0.wp.com\/aiartfree.online\/wp-content\/uploads\/2025\/03\/WX20250307-115412%402x.webp?w=1942&amp;ssl=1 1942w, https:\/\/i0.wp.com\/aiartfree.online\/wp-content\/uploads\/2025\/03\/WX20250307-115412%402x.webp?resize=300%2C91&amp;ssl=1 300w, https:\/\/i0.wp.com\/aiartfree.online\/wp-content\/uploads\/2025\/03\/WX20250307-115412%402x.webp?resize=1024%2C312&amp;ssl=1 1024w, https:\/\/i0.wp.com\/aiartfree.online\/wp-content\/uploads\/2025\/03\/WX20250307-115412%402x.webp?resize=768%2C234&amp;ssl=1 768w, https:\/\/i0.wp.com\/aiartfree.online\/wp-content\/uploads\/2025\/03\/WX20250307-115412%402x.webp?resize=1536%2C467&amp;ssl=1 1536w, https:\/\/i0.wp.com\/aiartfree.online\/wp-content\/uploads\/2025\/03\/WX20250307-115412%402x.webp?resize=18%2C5&amp;ssl=1 18w, https:\/\/i0.wp.com\/aiartfree.online\/wp-content\/uploads\/2025\/03\/WX20250307-115412%402x.webp?resize=600%2C183&amp;ssl=1 600w\" sizes=\"auto, (max-width: 1200px) 100vw, 1200px\" \/><\/a><\/figure>\n\n\n\n<p class=\"\"><em>* \u0130nternet h\u0131z\u0131n\u0131za ba\u011fl\u0131 olarak modelin y\u00fcklenmesi birka\u00e7 saniye s\u00fcrebilir.<br>* S\u00fcrekli olu\u015fturma s\u0131ras\u0131nda \u00f6nbelle\u011fe alma olacakt\u0131r ve yeni g\u00f6r\u00fcnt\u00fc yakla\u015f\u0131k 3 saniye sonra g\u00f6r\u00fcnecektir.<\/em><\/p>\n\n\n\n<div style=\"text-align: center; border: 2px solid; border-image-source: linear-gradient(to right, #16b86c, #912899); border-image-slice: 1; box-shadow: 0 0 10px rgba(0, 0, 0, 0.1); border-radius: 15px;\">\n  <iframe loading=\"lazy\"\n    src=\"https:\/\/mexicanamerican-dalle-3-xl-lora-v2.hf.space\"\n    frameborder=\"0\"\n    width=\"800\"\n    height=\"1050\"\n    style=\"display: inline-block; margin: 0 auto;\"\n  ><\/iframe>\n<\/div>\n\n\n\n<div style=\"height:50px\" aria-hidden=\"true\" class=\"wp-block-spacer\"><\/div>\n\n\n\n<h1 class=\"wp-block-heading\">Bing Yapay Zeka G\u00f6r\u00fcnt\u00fc Olu\u015fturucunun Tan\u0131t\u0131m\u0131<\/h1>\n\n\n\n<p class=\"\">G\u00fcn\u00fcm\u00fcz\u00fcn dijital \u00e7a\u011f\u0131nda, g\u00f6rsel olarak \u00e7arp\u0131c\u0131 g\u00f6r\u00fcnt\u00fcler olu\u015fturmak her zamankinden daha \u00f6nemli. \u0130ster i\u00e7erik olu\u015fturucu, ister pazarlamac\u0131 ya da sadece sanat\u0131 seven biri olun, Bing Yapay Zeka G\u00f6r\u00fcnt\u00fc Olu\u015fturucu zahmetsizce y\u00fcksek kaliteli g\u00f6r\u00fcnt\u00fcler \u00fcretmenize yard\u0131mc\u0131 olabilir. Bu makale size Bing Yapay Zeka G\u00f6r\u00fcnt\u00fc Olu\u015fturucu'yu tan\u0131tacak, faydalar\u0131n\u0131 ke\u015ffedecek ve bu g\u00fc\u00e7l\u00fc ara\u00e7tan en iyi \u015fekilde nas\u0131l yararlanabilece\u011finiz konusunda size rehberlik edecektir.<\/p>\n\n\n\n<figure class=\"wp-block-image size-full is-resized\"><img data-recalc-dims=\"1\" decoding=\"async\" width=\"1024\" height=\"1024\"   loading=\"lazy\" src=\"https:\/\/i0.wp.com\/aiartfree.online\/wp-content\/uploads\/2024\/07\/b9cb406d-bffd-446e-9f65-c20776dc6cda.jpg?resize=1024%2C1024&#038;ssl=1\" alt=\"Bing Yapay Zeka G\u00f6r\u00fcnt\u00fc Olu\u015fturucu\" class=\"wp-image-2980\" style=\"width:359px;height:auto\" srcset=\"https:\/\/i0.wp.com\/aiartfree.online\/wp-content\/uploads\/2024\/07\/b9cb406d-bffd-446e-9f65-c20776dc6cda.jpg?w=1024&amp;ssl=1 1024w, https:\/\/i0.wp.com\/aiartfree.online\/wp-content\/uploads\/2024\/07\/b9cb406d-bffd-446e-9f65-c20776dc6cda.jpg?resize=300%2C300&amp;ssl=1 300w, https:\/\/i0.wp.com\/aiartfree.online\/wp-content\/uploads\/2024\/07\/b9cb406d-bffd-446e-9f65-c20776dc6cda.jpg?resize=150%2C150&amp;ssl=1 150w, https:\/\/i0.wp.com\/aiartfree.online\/wp-content\/uploads\/2024\/07\/b9cb406d-bffd-446e-9f65-c20776dc6cda.jpg?resize=768%2C768&amp;ssl=1 768w, https:\/\/i0.wp.com\/aiartfree.online\/wp-content\/uploads\/2024\/07\/b9cb406d-bffd-446e-9f65-c20776dc6cda.jpg?resize=12%2C12&amp;ssl=1 12w, https:\/\/i0.wp.com\/aiartfree.online\/wp-content\/uploads\/2024\/07\/b9cb406d-bffd-446e-9f65-c20776dc6cda.jpg?resize=600%2C600&amp;ssl=1 600w, https:\/\/i0.wp.com\/aiartfree.online\/wp-content\/uploads\/2024\/07\/b9cb406d-bffd-446e-9f65-c20776dc6cda.jpg?resize=100%2C100&amp;ssl=1 100w\" sizes=\"auto, (max-width: 1024px) 100vw, 1024px\" \/><\/figure>\n\n\n\n<h2 class=\"wp-block-heading\">\u0130\u00e7indekiler<\/h2>\n\n\n\n<ol class=\"wp-block-list\">\n<li class=\"\"><a href=\"#what-is-bing-ai-image-generator\">Bing AI Image Generator nedir?<\/a><\/li>\n\n\n\n<li class=\"\"><a href=\"#why-use-bing-ai-image-generator\">Neden Bing Yapay Zeka G\u00f6r\u00fcnt\u00fc Olu\u015fturucu Kullan\u0131lmal\u0131?<\/a><\/li>\n\n\n\n<li class=\"\"><a href=\"#benefits-of-using-bing-ai-image-generator\">Bing Yapay Zeka G\u00f6r\u00fcnt\u00fc Olu\u015fturucu Kullanman\u0131n Faydalar\u0131<\/a><\/li>\n\n\n\n<li class=\"\"><a href=\"#when-to-use-bing-ai-image-generator\">Bing Yapay Zeka G\u00f6r\u00fcnt\u00fc Olu\u015fturucu Ne Zaman Kullan\u0131l\u0131r?<\/a><\/li>\n\n\n\n<li class=\"\"><a href=\"#who-should-use-bing-ai-image-generator\">Bing Yapay Zeka G\u00f6r\u00fcnt\u00fc Olu\u015fturucuyu Kimler Kullanmal\u0131?<\/a><\/li>\n\n\n\n<li class=\"\"><a href=\"#comparison-of-bing-ai-image-generator-with-other-tools\">Bing Yapay Zeka G\u00f6r\u00fcnt\u00fc Olu\u015fturucunun Di\u011fer Ara\u00e7larla Kar\u015f\u0131la\u015ft\u0131r\u0131lmas\u0131<\/a><\/li>\n\n\n\n<li class=\"\"><a href=\"#frequently-asked-questions\">S\u0131k\u00e7a Sorulan Sorular<\/a><\/li>\n<\/ol>\n\n\n\n<h2 class=\"wp-block-heading\">Bing AI Image Generator nedir?<\/h2>\n\n\n\n<p class=\"\">Bing AI Image Generator, Microsoft taraf\u0131ndan geli\u015ftirilen ve metin istemlerinden g\u00f6r\u00fcnt\u00fcler olu\u015fturmak i\u00e7in \u00fcretken AI teknolojisini kullanan yenilik\u00e7i bir ara\u00e7t\u0131r. Bu yapay zeka g\u00f6r\u00fcnt\u00fc olu\u015fturucu, kullan\u0131c\u0131lar\u0131n a\u00e7\u0131klay\u0131c\u0131 metin girmelerine ve kar\u015f\u0131l\u0131\u011f\u0131nda y\u00fcksek kaliteli, benzersiz g\u00f6r\u00fcnt\u00fcler almalar\u0131na olanak tan\u0131r. Arkas\u0131ndaki teknoloji, giri\u015f metnini anlamak ve g\u00f6rselle\u015ftirmek i\u00e7in geli\u015fmi\u015f AI algoritmalar\u0131ndan yararlanarak kullan\u0131c\u0131n\u0131n a\u00e7\u0131klamas\u0131na tam olarak uyan g\u00f6r\u00fcnt\u00fcler \u00fcretir.<\/p>\n\n\n\n<h2 class=\"wp-block-heading\">Neden<\/h2>\n\n\n\n<p class=\"\">Bing AI Image Generator'\u0131 kullanmak yarat\u0131c\u0131 projelerinizi \u00f6nemli \u00f6l\u00e7\u00fcde geli\u015ftirebilir. \u0130ster bir pazarlama kampanyas\u0131 tasarl\u0131yor, ister sosyal medya i\u00e7in i\u00e7erik olu\u015fturuyor veya bir web sitesi geli\u015ftiriyor olun, \u00f6zel ihtiya\u00e7lar\u0131n\u0131za g\u00f6re g\u00f6rseller olu\u015fturabilen bir araca eri\u015fiminiz olmas\u0131 paha bi\u00e7ilmezdir. Kapsaml\u0131 grafik tasar\u0131m becerilerine ihtiya\u00e7 duymadan h\u0131zl\u0131 bir \u015fekilde g\u00f6rsel olu\u015fturma yetene\u011fi, zaman ve kaynak tasarrufu sa\u011flayarak projenizin di\u011fer \u00f6nemli y\u00f6nlerine odaklanman\u0131za olanak tan\u0131r.<\/p>\n\n\n\n<h2 class=\"wp-block-heading\">Avantajlar<\/h2>\n\n\n\n<ol class=\"wp-block-list\">\n<li class=\"\"><strong>Y\u00fcksek Kaliteli G\u00f6r\u00fcnt\u00fcler<\/strong>: Bing AI Image Generator, \u00e7e\u015fitli profesyonel ama\u00e7lar i\u00e7in kullan\u0131labilecek y\u00fcksek \u00e7\u00f6z\u00fcn\u00fcrl\u00fckl\u00fc g\u00f6r\u00fcnt\u00fcler \u00fcretir.<\/li>\n\n\n\n<li class=\"\"><strong>\u00d6zelle\u015ftirilebilirlik<\/strong>: Ayr\u0131nt\u0131l\u0131 metin istemleri sa\u011flayarak, \u00f6zel gereksinimlerinize g\u00f6re uyarlanm\u0131\u015f g\u00f6r\u00fcnt\u00fcler olu\u015fturabilirsiniz.<\/li>\n\n\n\n<li class=\"\"><strong>Zaman Verimlili\u011fi<\/strong>: Manuel grafik tasar\u0131m \u00e7al\u0131\u015fmas\u0131na gerek kalmadan h\u0131zl\u0131ca g\u00f6r\u00fcnt\u00fc olu\u015fturun.<\/li>\n\n\n\n<li class=\"\"><strong>Uygun Maliyetli<\/strong>: Pahal\u0131 grafik tasar\u0131m yaz\u0131l\u0131mlar\u0131na veya profesyonel tasar\u0131mc\u0131lara olan ihtiyac\u0131 azalt\u0131n.<\/li>\n\n\n\n<li class=\"\"><strong>Eri\u015filebilirlik<\/strong>: Teknik becerisi olmayanlar i\u00e7in bile kullan\u0131m\u0131 kolayd\u0131r.<\/li>\n<\/ol>\n\n\n\n<h2 class=\"wp-block-heading\">Ne Zaman Kullan\u0131lmal\u0131<\/h2>\n\n\n\n<p class=\"\">Bing AI Image Generator, a\u015fa\u011f\u0131dakiler de dahil olmak \u00fczere \u00e7e\u015fitli senaryolarda kullan\u0131m i\u00e7in idealdir:<\/p>\n\n\n\n<ul class=\"wp-block-list\">\n<li class=\"\"><strong>Pazarlama Kampanyalar\u0131<\/strong>: Reklamlar ve sosyal medya g\u00f6nderileri i\u00e7in g\u00f6rsel olarak \u00e7ekici g\u00f6r\u00fcnt\u00fcler olu\u015fturun.<\/li>\n\n\n\n<li class=\"\"><strong>\u0130\u00e7erik Olu\u015fturma<\/strong>: Blog g\u00f6nderilerini, makaleleri ve web sitesi i\u00e7eri\u011fini geli\u015ftirmek i\u00e7in benzersiz g\u00f6rseller olu\u015fturun.<\/li>\n\n\n\n<li class=\"\"><strong>E\u011fitim Materyalleri<\/strong>: Sunumlar, raporlar ve \u00f6\u011fretim materyalleri i\u00e7in a\u00e7\u0131klay\u0131c\u0131 g\u00f6r\u00fcnt\u00fcler \u00fcretin.<\/li>\n\n\n\n<li class=\"\"><strong>Sanat ve Tasar\u0131m Projeleri<\/strong>: Yarat\u0131c\u0131 konseptler ve g\u00f6rsel stillerle denemeler yap\u0131n.<\/li>\n<\/ul>\n\n\n\n<h2 class=\"wp-block-heading\">Kimler Kullanmal\u0131?<\/h2>\n\n\n\n<p class=\"\">Bing AI Image Generator, a\u015fa\u011f\u0131dakiler de dahil olmak \u00fczere geni\u015f bir kullan\u0131c\u0131 yelpazesi i\u00e7in uygundur:<\/p>\n\n\n\n<ul class=\"wp-block-list\">\n<li class=\"\"><strong>\u0130\u00e7erik Olu\u015fturucular<\/strong>: Bloggerlar, vloggerlar ve sosyal medya fenomenleri.<\/li>\n\n\n\n<li class=\"\"><strong>Pazarlamac\u0131lar<\/strong>: Dijital pazarlamac\u0131lar, reklamc\u0131lar ve marka y\u00f6neticileri.<\/li>\n\n\n\n<li class=\"\"><strong>E\u011fitimciler<\/strong>: \u00d6\u011fretmenler, e\u011fitmenler ve \u00f6\u011fretim tasar\u0131mc\u0131lar\u0131.<\/li>\n\n\n\n<li class=\"\"><strong>Sanat\u00e7\u0131lar ve Tasar\u0131mc\u0131lar<\/strong>: Grafik tasar\u0131mc\u0131lar, ill\u00fcstrat\u00f6rler ve g\u00f6rsel sanat\u00e7\u0131lar.<\/li>\n\n\n\n<li class=\"\"><strong>\u0130\u015fletmeler<\/strong>: K\u00fc\u00e7\u00fck i\u015fletme sahipleri, yeni ba\u015flayanlar ve b\u00fcy\u00fck \u015firketler.<\/li>\n<\/ul>\n\n\n\n<h2 class=\"wp-block-heading\">Bing Yapay Zeka G\u00f6r\u00fcnt\u00fc Olu\u015fturucunun Di\u011fer Ara\u00e7larla Kar\u015f\u0131la\u015ft\u0131r\u0131lmas\u0131<\/h2>\n\n\n\n<p class=\"\">Yapay zeka g\u00f6r\u00fcnt\u00fcs\u00fc olu\u015fturma s\u00f6z konusu oldu\u011funda, piyasada \u00e7e\u015fitli ara\u00e7lar mevcuttur. Burada, Bing AI Image Generator'\u0131 di\u011fer pop\u00fcler se\u00e7eneklerle kar\u015f\u0131la\u015ft\u0131r\u0131yoruz:<\/p>\n\n\n\n<figure class=\"wp-block-table\"><table class=\"has-fixed-layout\"><thead><tr><th>Alet<\/th><th>Art\u0131lar\u0131<\/th><th>Eksiler<\/th><th>Avantajlar<\/th><th>Zorluklar<\/th><th>Tavsiye<\/th><\/tr><\/thead><tbody><tr><td><a href=\"https:\/\/aiartfree.online\/tr\/\" data-type=\"link\" data-id=\"https:\/\/aiartfree.online\/\">\u00dccretsiz AI Sanat Olu\u015fturucu<\/a><\/td><td>Kullan\u0131c\u0131 dostu, kullan\u0131m\u0131 \u00fccretsiz<\/td><td>S\u0131n\u0131rl\u0131 geli\u015fmi\u015f \u00f6zellikler<\/td><td>Yeni ba\u015flayanlar i\u00e7in kolay<\/td><td>Temel \u00e7\u0131kt\u0131<\/td><td>G\u00fcnl\u00fck kullan\u0131m i\u00e7in harika<\/td><\/tr><tr><td><a href=\"https:\/\/midjourney.com\" rel=\"nofollow noopener\" target=\"_blank\">Yolculu\u011fun Ortas\u0131<\/a><\/td><td>Y\u00fcksek kaliteli \u00e7\u0131kt\u0131lar, yarat\u0131c\u0131 stiller<\/td><td>Abonelik gerekli<\/td><td>Profesyonel kalitede g\u00f6r\u00fcnt\u00fcler<\/td><td>Pahal\u0131<\/td><td>Profesyonel kullan\u0131m i\u00e7in ideal<\/td><\/tr><tr><td><a href=\"https:\/\/stablediffusion.com\" rel=\"nofollow noopener\" target=\"_blank\">Kararl\u0131 Dif\u00fczyon<\/a><\/td><td>Ayr\u0131nt\u0131l\u0131 g\u00f6r\u00fcnt\u00fcler, \u00f6zelle\u015ftirilebilir<\/td><td>Teknik bilgi gerektirir<\/td><td>\u00c7ok y\u00f6nl\u00fc \u00e7\u0131k\u0131\u015flar<\/td><td>Dik \u00f6\u011frenme e\u011frisi<\/td><td>Teknoloji merakl\u0131s\u0131 kullan\u0131c\u0131lar i\u00e7in en iyisi<\/td><\/tr><tr><td><a href=\"https:\/\/aiartfree.online\/tr\/free-online-dall\u00b7e-3\/\" data-type=\"link\" data-id=\"https:\/\/aiartfree.online\/free-online-dall%c2%b7e-3\/\">DALL-E 3<\/a><\/td><td>Yenilik\u00e7i, son teknoloji<\/td><td>Eri\u015fim s\u0131n\u0131rl\u0131<\/td><td>Son teknoloji yapay zeka<\/td><td>S\u0131n\u0131rl\u0131 kullan\u0131labilirlik<\/td><td>Erken benimseyenler i\u00e7in m\u00fckemmel<\/td><\/tr><tr><td><a href=\"https:\/\/deepart.io\" rel=\"nofollow noopener\" target=\"_blank\">DeepArt.io<\/a><\/td><td>Sanatsal stiller, kullan\u0131m\u0131 kolay<\/td><td>\u0130\u015flem s\u00fcresi uzun olabilir<\/td><td>Benzersiz sanatsal \u00e7\u0131kt\u0131lar<\/td><td>Yava\u015f \u00fcretim s\u00fcresi<\/td><td>Sanat projeleri i\u00e7in uygundur<\/td><\/tr><tr><td><a href=\"https:\/\/artbreeder.com\" rel=\"nofollow noopener\" target=\"_blank\">Artbreeder<\/a><\/td><td>\u0130\u015fbirlik\u00e7i, farkl\u0131 stiller<\/td><td>Baz\u0131 \u00f6zellikler \u00f6deme duvar\u0131n\u0131n arkas\u0131nda<\/td><td>Yarat\u0131c\u0131 \u00f6zg\u00fcrl\u00fck<\/td><td>Karma\u015f\u0131k olabilir<\/td><td>\u0130\u015fbirli\u011fine dayal\u0131 projeler i\u00e7in harika<\/td><\/tr><tr><td><a href=\"https:\/\/runwayml.com\" rel=\"nofollow noopener\" target=\"_blank\">Pist ML<\/a><\/td><td>\u00c7ok \u00e7e\u015fitli yapay zeka ara\u00e7lar\u0131<\/td><td>Tam eri\u015fim i\u00e7in pahal\u0131<\/td><td>\u00c7ok Fonksiyonlu<\/td><td>Y\u00fcksek maliyet<\/td><td>Kapsaml\u0131 yapay zeka kullan\u0131m\u0131 i\u00e7in m\u00fckemmel<\/td><\/tr><tr><td><a href=\"https:\/\/deepdreamgenerator.com\" rel=\"nofollow noopener\" target=\"_blank\">Derin R\u00fcya Jenerat\u00f6r\u00fc<\/a><\/td><td>Ger\u00e7ek\u00fcst\u00fc ve benzersiz \u00e7\u0131kt\u0131lar<\/td><td>Sonu\u00e7lar \u00fczerinde daha az kontrol<\/td><td>E\u011flenceli ve deneysel<\/td><td>Tahmin edilemeyen sonu\u00e7lar<\/td><td>Deneysel sanat i\u00e7in ideal<\/td><\/tr><tr><td><a href=\"https:\/\/nightcafe.studio\" rel=\"nofollow noopener\" target=\"_blank\">NightCafe<\/a><\/td><td>\u00c7e\u015fitli tarzlar, toplum odakl\u0131<\/td><td>S\u0131n\u0131rl\u0131 \u00fccretsiz kullan\u0131m<\/td><td>Topluluk \u00f6zellikleri<\/td><td>Kullan\u0131m s\u0131n\u0131rlar\u0131<\/td><td>Topluluk etkile\u015fimi i\u00e7in iyi<\/td><\/tr><tr><td><a href=\"https:\/\/artisto.com\" rel=\"nofollow noopener\" target=\"_blank\">Artisto<\/a><\/td><td>Mobil uyumlu, kullan\u0131m\u0131 kolay<\/td><td>Mobil platformla s\u0131n\u0131rl\u0131<\/td><td>Kullan\u0131\u015fl\u0131<\/td><td>Platform k\u0131s\u0131tlamalar\u0131<\/td><td>Mobil kullan\u0131c\u0131lar i\u00e7in en iyisi<\/td><\/tr><\/tbody><\/table><\/figure>\n\n\n\n<p class=\"\">Bu ara\u00e7lar\u0131 kar\u015f\u0131la\u015ft\u0131rd\u0131ktan sonra <a href=\"https:\/\/aiartfree.online\/tr\/bing-ai-goruntu-olusturucu\/\"><strong>Bing Yapay Zeka G\u00f6r\u00fcnt\u00fc Olu\u015fturucu<\/strong><\/a> kalite, kullan\u0131m kolayl\u0131\u011f\u0131 ve eri\u015filebilirlik dengesi a\u00e7\u0131s\u0131ndan en iyi se\u00e7enek olarak g\u00f6r\u00fcyor. Daha fazla ayr\u0131nt\u0131 i\u00e7in ziyaret edin <a href=\"https:\/\/aiartfree.online\/tr\/bing-ai-goruntu-olusturucu\/\">Bing Yapay Zeka G\u00f6r\u00fcnt\u00fc Olu\u015fturucu<\/a>.<\/p>\n\n\n\n<h2 class=\"wp-block-heading\">S\u0131k\u00e7a Sorulan Sorular<\/h2>\n\n\n\n<ol class=\"wp-block-list\">\n<li class=\"\"><strong>Bing AI Image Generator nedir?<\/strong> Bing AI Image Generator, metin a\u00e7\u0131klamalar\u0131na dayal\u0131 g\u00f6r\u00fcnt\u00fcler olu\u015fturmak i\u00e7in yapay zeka kullanan bir ara\u00e7t\u0131r.<\/li>\n\n\n\n<li class=\"\"><strong>Bing AI Image Generator nas\u0131l \u00e7al\u0131\u015f\u0131r?<\/strong> Metin istemlerini yorumlamak ve ilgili g\u00f6r\u00fcnt\u00fcleri olu\u015fturmak i\u00e7in \u00fcretken yapay zeka algoritmalar\u0131n\u0131 kullan\u0131r.<\/li>\n\n\n\n<li class=\"\"><strong>Bing AI Image Generator kullan\u0131m\u0131 \u00fccretsiz mi?<\/strong> Evet, belirli s\u0131n\u0131rlamalarla \u00fccretsiz olarak kullan\u0131labilir.<\/li>\n\n\n\n<li class=\"\"><strong>Bing AI Image Generator'\u0131 ticari ama\u00e7larla kullanabilir miyim?<\/strong> Evet, \u00fcretilen g\u00f6r\u00fcnt\u00fcler ticari projeler i\u00e7in kullan\u0131labilir.<\/li>\n\n\n\n<li class=\"\"><strong>Bing AI Image Generator kullanman\u0131n faydalar\u0131 nelerdir?<\/strong> Y\u00fcksek kaliteli g\u00f6r\u00fcnt\u00fcler sa\u011flar, \u00f6zelle\u015ftirilebilir, zaman a\u00e7\u0131s\u0131ndan verimli, uygun maliyetli ve eri\u015filebilirdir.<\/li>\n\n\n\n<li class=\"\"><strong>Bing AI Image Generator'\u0131 kullanmak i\u00e7in teknik becerilere ihtiyac\u0131m var m\u0131?<\/strong> Hay\u0131r, teknik uzmanl\u0131\u011f\u0131 olmayanlar i\u00e7in bile kullan\u0131c\u0131 dostu olacak \u015fekilde tasarlanm\u0131\u015ft\u0131r.<\/li>\n\n\n\n<li class=\"\"><strong>Bing AI Image Generator'dan ne t\u00fcr projeler yararlanabilir?<\/strong> Pazarlama kampanyalar\u0131, i\u00e7erik olu\u015fturma, e\u011fitim materyalleri, sanat ve tasar\u0131m projeleri.<\/li>\n\n\n\n<li class=\"\"><strong>Olu\u015fturulan g\u00f6r\u00fcnt\u00fcler hakk\u0131nda nas\u0131l geri bildirim sa\u011flayabilirim?<\/strong> Genellikle arac\u0131n aray\u00fcz\u00fcnde bir geri bildirim se\u00e7ene\u011fi bulabilirsiniz.<\/li>\n\n\n\n<li class=\"\"><strong>Bing Yapay Zeka G\u00f6r\u00fcnt\u00fc Olu\u015fturucu i\u00e7in herhangi bir s\u0131n\u0131rlama var m\u0131?<\/strong> G\u00fc\u00e7l\u00fc olsa da, hen\u00fcz profesyonel bir tasar\u0131mc\u0131n\u0131n yarat\u0131c\u0131l\u0131\u011f\u0131 ile e\u015fle\u015fmeyebilir.<\/li>\n\n\n\n<li class=\"\"><strong>Bing AI Image Generator'a nereden eri\u015febilirim?<\/strong> \u015eu adresten eri\u015febilirsiniz <a href=\"https:\/\/aiartfree.online\/tr\/bing-ai-goruntu-olusturucu\/\">Bing Yapay Zeka G\u00f6r\u00fcnt\u00fc Olu\u015fturucu<\/a>.<\/li>\n<\/ol>\n\n\n\n<p class=\"\">Sonu\u00e7 olarak, Bing AI Image Generator, metin a\u00e7\u0131klamalar\u0131ndan olu\u015fturulan y\u00fcksek kaliteli g\u00f6r\u00fcnt\u00fcler sa\u011flayarak yarat\u0131c\u0131 projelerinizi geli\u015ftirebilecek \u00e7ok y\u00f6nl\u00fc ve g\u00fc\u00e7l\u00fc bir ara\u00e7t\u0131r. \u0130ster i\u00e7erik olu\u015fturucu, ister pazarlamac\u0131, ister e\u011fitimci veya sanat\u00e7\u0131 olun, bu ara\u00e7 etkileyici sonu\u00e7lar sunarken size zaman ve kaynak tasarrufu sa\u011flayabilir.<\/p>","protected":false},"excerpt":{"rendered":"<p>How to use Bing AI Image Generator *&nbsp;Depending on your internet speed, loading the model may take a few seconds.* There will be caching during continuous generation, and the new image will appear after about 3 seconds. Introduction of Bing AI Image Generator In today&#8217;s digital age, creating visually stunning images is more important than &#8230; <a title=\"Bing Yapay Zeka G\u00f6r\u00fcnt\u00fc Olu\u015fturucu\" class=\"read-more\" href=\"https:\/\/aiartfree.online\/tr\/bing-ai-goruntu-olusturucu\/\" aria-label=\"Read more about Bing AI Image Generator\">Devam\u0131n\u0131 oku<\/a><\/p>","protected":false},"author":1,"featured_media":0,"parent":0,"menu_order":0,"comment_status":"open","ping_status":"closed","template":"","meta":{"nf_dc_page":"","footnotes":""},"class_list":["post-2974","page","type-page","status-publish"],"jetpack_sharing_enabled":true,"_links":{"self":[{"href":"https:\/\/aiartfree.online\/tr\/wp-json\/wp\/v2\/pages\/2974","targetHints":{"allow":["GET"]}}],"collection":[{"href":"https:\/\/aiartfree.online\/tr\/wp-json\/wp\/v2\/pages"}],"about":[{"href":"https:\/\/aiartfree.online\/tr\/wp-json\/wp\/v2\/types\/page"}],"author":[{"embeddable":true,"href":"https:\/\/aiartfree.online\/tr\/wp-json\/wp\/v2\/users\/1"}],"replies":[{"embeddable":true,"href":"https:\/\/aiartfree.online\/tr\/wp-json\/wp\/v2\/comments?post=2974"}],"version-history":[{"count":1,"href":"https:\/\/aiartfree.online\/tr\/wp-json\/wp\/v2\/pages\/2974\/revisions"}],"predecessor-version":[{"id":3593,"href":"https:\/\/aiartfree.online\/tr\/wp-json\/wp\/v2\/pages\/2974\/revisions\/3593"}],"wp:attachment":[{"href":"https:\/\/aiartfree.online\/tr\/wp-json\/wp\/v2\/media?parent=2974"}],"curies":[{"name":"wp","href":"https:\/\/api.w.org\/{rel}","templated":true}]}}