{"id":2968,"date":"2024-07-19T12:42:38","date_gmt":"2024-07-19T12:42:38","guid":{"rendered":"https:\/\/aiartfree.online\/?page_id=2968"},"modified":"2024-08-02T12:10:12","modified_gmt":"2024-08-02T12:10:12","slug":"ai-3d-model-generator","status":"publish","type":"page","link":"https:\/\/aiartfree.online\/tr\/ai-3d-model-olusturucu\/","title":{"rendered":"AI 3d Model Olu\u015fturucu"},"content":{"rendered":"<h2 class=\"wp-block-heading has-text-align-center\" id=\"what-our-users-made\">Kullan\u0131c\u0131lar\u0131m\u0131z ne yapt\u0131<\/h2>\n\n\n\n<figure class=\"gb-block-image gb-block-image-1822da1f\"><img data-recalc-dims=\"1\" decoding=\"async\" loading=\"lazy\" width=\"1024\" height=\"672\" class=\"gb-image gb-image-1822da1f\" src=\"https:\/\/i0.wp.com\/aiartfree.online\/wp-content\/uploads\/2024\/07\/WX20240719-153337%402x-1-1.jpg?resize=1024%2C672&#038;ssl=1\" alt=\"AI 3D model olu\u015fturucu\" title=\"WX20240719-153337@2x (1) (1)\" srcset=\"https:\/\/i0.wp.com\/aiartfree.online\/wp-content\/uploads\/2024\/07\/WX20240719-153337%402x-1-1.jpg?resize=1024%2C672&amp;ssl=1 1024w, https:\/\/i0.wp.com\/aiartfree.online\/wp-content\/uploads\/2024\/07\/WX20240719-153337%402x-1-1.jpg?resize=300%2C197&amp;ssl=1 300w, https:\/\/i0.wp.com\/aiartfree.online\/wp-content\/uploads\/2024\/07\/WX20240719-153337%402x-1-1.jpg?resize=768%2C504&amp;ssl=1 768w, https:\/\/i0.wp.com\/aiartfree.online\/wp-content\/uploads\/2024\/07\/WX20240719-153337%402x-1-1.jpg?resize=1536%2C1008&amp;ssl=1 1536w, https:\/\/i0.wp.com\/aiartfree.online\/wp-content\/uploads\/2024\/07\/WX20240719-153337%402x-1-1.jpg?resize=18%2C12&amp;ssl=1 18w, https:\/\/i0.wp.com\/aiartfree.online\/wp-content\/uploads\/2024\/07\/WX20240719-153337%402x-1-1.jpg?resize=600%2C394&amp;ssl=1 600w, https:\/\/i0.wp.com\/aiartfree.online\/wp-content\/uploads\/2024\/07\/WX20240719-153337%402x-1-1.jpg?w=1768&amp;ssl=1 1768w\" sizes=\"auto, (max-width: 1024px) 100vw, 1024px\" \/><\/figure>\n\n\n\n<h2 class=\"wp-block-heading\" id=\"how-to-use-ai-3-d-model-generator\">AI 3d Model Generator nas\u0131l kullan\u0131l\u0131r<\/h2>\n\n\n\n<ol class=\"wp-block-list\">\n<li class=\"\">Resminizi B\u0131rak\u0131n \/ Y\u00fckleyin veya \u00d6rnek resimlerden birini se\u00e7in<\/li>\n\n\n\n<li class=\"\">\"4 G\u00f6r\u00fcn\u00fcm Olu\u015ftur \"a t\u0131klay\u0131n<\/li>\n\n\n\n<li class=\"\">A\u015fa\u011f\u0131daki \"3D Mesh Olu\u015ftur\" se\u00e7ene\u011fine t\u0131klay\u0131n<\/li>\n\n\n\n<li class=\"\">Bekle, i\u015fte bu! 3D modeliniz neredeyse haz\u0131r!<\/li>\n<\/ol>\n\n\n\n<p class=\"\"><em>* \u0130nternet h\u0131z\u0131n\u0131za ba\u011fl\u0131 olarak modelin y\u00fcklenmesi birka\u00e7 saniye s\u00fcrebilir.<br>* S\u00fcrekli olu\u015fturma s\u0131ras\u0131nda \u00f6nbelle\u011fe alma olacakt\u0131r ve yeni g\u00f6r\u00fcnt\u00fc yakla\u015f\u0131k 3 saniye sonra g\u00f6r\u00fcnecektir.<\/em><\/p>\n\n\n\n<div class=\"iframe-wrapper\" style=\"position: relative; width: 100%; height: 2050px;\">\n  <div class=\"loading\" style=\"position: absolute; top: 50px; left: 50%; transform: translate(-50%, -50%); width: 40px; height: 40px; border: 3px solid #f0f0f0; border-top: 3px solid #db7093; border-radius: 50%; animation: spin 1s linear infinite;\"><\/div>\n  <iframe loading=\"lazy\" src=\"https:\/\/vast-ai-charactergen.hf.space\" frameborder=\"0\" width=\"100%\" height=\"100%\" style=\"position: absolute; top: 0; left: 0; opacity: 0; transition: opacity 0.3s;\" onload=\"this.style.opacity=1;this.previousElementSibling.style.display='none';\"><\/iframe>\n<\/div>\n\n<style>\n@keyframes spin {\n  0% { transform: translate(-50%, -50%) rotate(0deg); }\n  100% { transform: translate(-50%, -50%) rotate(360deg); }\n}\n<\/style>\n\n\n\n<div style=\"height:50px\" aria-hidden=\"true\" class=\"wp-block-spacer\"><\/div>\n\n\n\n<h2 class=\"wp-block-heading\" id=\"introduction-of-ai-3-d-model-generator\">AI 3D Model Olu\u015fturucunun Tan\u0131t\u0131m\u0131<\/h2>\n\n\n\n<p class=\"\">AI 3D model jenerat\u00f6rlerinin ortaya \u00e7\u0131kmas\u0131yla 3D modeller olu\u015fturmak hi\u00e7 bu kadar kolay olmam\u0131\u015ft\u0131. Bu makale, AI 3D model olu\u015fturucular, kullan\u0131mlar\u0131, faydalar\u0131 ve piyasada bulunan en iyi ara\u00e7lar hakk\u0131nda kapsaml\u0131 bir k\u0131lavuz sa\u011flayacakt\u0131r. \u0130ster 2D g\u00f6r\u00fcnt\u00fcleri 3D modellere d\u00f6n\u00fc\u015ft\u00fcr\u00fcyor olun, ister metin komutlar\u0131ndan 3D modeller olu\u015fturuyor olun, sizi teminat alt\u0131na ald\u0131k.<\/p>\n\n\n\n<div class=\"wp-block-rank-math-toc-block\" id=\"rank-math-toc\"><h3>\u0130\u00e7indekiler<\/h3><nav><ul><li><a href=\"#what-is-an-ai-3-d-model-generator\">AI 3D Model Olu\u015fturucu nedir?<\/a><\/li><li><a href=\"#why-use-an-ai-3-d-model-generator\">Neden AI 3D Model Olu\u015fturucu Kullan\u0131lmal\u0131?<\/a><\/li><li><a href=\"#benefits-of-using-an-ai-3-d-model-generator\">Yapay Zeka 3D Model Olu\u015fturucu Kullanman\u0131n Faydalar\u0131<\/a><\/li><li><a href=\"#when-to-use-an-ai-3-d-model-generator\">AI 3D Model Olu\u015fturucu Ne Zaman Kullan\u0131l\u0131r?<\/a><\/li><li><a href=\"#who-should-use-an-ai-3-d-model-generator\">Yapay Zeka 3D Model Olu\u015fturucuyu Kimler Kullanmal\u0131?<\/a><\/li><li><a href=\"#comparison-of-ai-3-d-model-generators\">Yapay Zeka 3D Model Olu\u015fturucular\u0131n Kar\u015f\u0131la\u015ft\u0131r\u0131lmas\u0131<\/a><\/li><li><a href=\"#faq\">SSS<\/a><\/li><\/ul><\/nav><\/div>\n\n\n\n<h3 class=\"wp-block-heading\" id=\"what-is-an-ai-3-d-model-generator\">AI 3D Model Olu\u015fturucu nedir?<\/h3>\n\n\n\n<p class=\"\">AI 3D model olu\u015fturucu, 2D g\u00f6r\u00fcnt\u00fcler, metin istemleri veya foto\u011fraflar gibi \u00e7e\u015fitli girdilerden \u00fc\u00e7 boyutlu modeller olu\u015fturmak i\u00e7in yapay zeka algoritmalar\u0131n\u0131 kullanan bir yaz\u0131l\u0131m arac\u0131d\u0131r. Bu ara\u00e7lar, ayr\u0131nt\u0131l\u0131 ve do\u011fru 3D g\u00f6sterimler \u00fcretmek i\u00e7in geli\u015fmi\u015f makine \u00f6\u011frenimi tekniklerinden yararlan\u0131r.<\/p>\n\n\n\n<h3 class=\"wp-block-heading\" id=\"why-use-an-ai-3-d-model-generator\">Neden AI 3D Model Olu\u015fturucu Kullan\u0131lmal\u0131?<\/h3>\n\n\n\n<p class=\"\">Bir AI 3D model olu\u015fturucu kullanmak, 3D model olu\u015fturma s\u00fcrecini \u00f6nemli \u00f6l\u00e7\u00fcde kolayla\u015ft\u0131rabilir. Bu ara\u00e7lar \u015funlar\u0131 yapabilir<\/p>\n\n\n\n<ul class=\"wp-block-list\">\n<li class=\"\">Geleneksel 3D modelleme tekniklerine k\u0131yasla zamandan ve emekten tasarruf edin.<\/li>\n\n\n\n<li class=\"\">Y\u00fcksek kaliteli ve hassas modeller sa\u011flay\u0131n.<\/li>\n\n\n\n<li class=\"\">3D modelleme deneyimi \u00e7ok az olan veya hi\u00e7 olmayan kullan\u0131c\u0131lar\u0131n karma\u015f\u0131k modeller olu\u015fturmas\u0131na izin verin.<\/li>\n<\/ul>\n\n\n\n<h3 class=\"wp-block-heading\" id=\"benefits-of-using-an-ai-3-d-model-generator\">Yapay Zeka 3D Model Olu\u015fturucu Kullanman\u0131n Faydalar\u0131<\/h3>\n\n\n\n<ul class=\"wp-block-list\">\n<li class=\"\"><strong>Verimlilik<\/strong>: 2D g\u00f6r\u00fcnt\u00fcleri h\u0131zl\u0131 bir \u015fekilde 3D modellere d\u00f6n\u00fc\u015ft\u00fcr\u00fcn veya metin a\u00e7\u0131klamalar\u0131ndan 3D modeller olu\u015fturun.<\/li>\n\n\n\n<li class=\"\"><strong>Eri\u015filebilirlik<\/strong>: 3D modellemeyi uzman olmayanlar i\u00e7in eri\u015filebilir hale getirin.<\/li>\n\n\n\n<li class=\"\"><strong>Uygun Maliyetli<\/strong>: Pahal\u0131 3D modelleme yaz\u0131l\u0131m\u0131 ve kalifiye i\u015fg\u00fcc\u00fc ihtiyac\u0131n\u0131 azalt\u0131n.<\/li>\n\n\n\n<li class=\"\"><strong>\u00c7ok Y\u00f6nl\u00fcl\u00fck<\/strong>: Video oyunlar\u0131ndan mimari tasar\u0131mlara kadar \u00e7e\u015fitli uygulamalar i\u00e7in modeller olu\u015fturun.<\/li>\n<\/ul>\n\n\n\n<h3 class=\"wp-block-heading\" id=\"when-to-use-an-ai-3-d-model-generator\">AI 3D Model Olu\u015fturucu Ne Zaman Kullan\u0131l\u0131r?<\/h3>\n\n\n\n<p class=\"\">AI 3D model olu\u015fturucular \u015funlar i\u00e7in idealdir:<\/p>\n\n\n\n<ul class=\"wp-block-list\">\n<li class=\"\">Tasar\u0131m ve \u00fcretimde h\u0131zl\u0131 prototipleme.<\/li>\n\n\n\n<li class=\"\">Video oyunlar\u0131 ve sanal ger\u00e7eklik deneyimleri i\u00e7in varl\u0131klar olu\u015fturma.<\/li>\n\n\n\n<li class=\"\">Pazarlama ve sosyal medya i\u00e7in g\u00f6rsel i\u00e7erik geli\u015ftirme.<\/li>\n\n\n\n<li class=\"\">Karma\u015f\u0131k kavramlar\u0131 g\u00f6rselle\u015ftirmek gibi e\u011fitim ama\u00e7lar\u0131.<\/li>\n<\/ul>\n\n\n\n<h3 class=\"wp-block-heading\" id=\"who-should-use-an-ai-3-d-model-generator\">Yapay Zeka 3D Model Olu\u015fturucuyu Kimler Kullanmal\u0131?<\/h3>\n\n\n\n<p class=\"\">Bu ara\u00e7lar a\u015fa\u011f\u0131dakiler i\u00e7in faydal\u0131d\u0131r:<\/p>\n\n\n\n<ul class=\"wp-block-list\">\n<li class=\"\">\u0130\u015f ak\u0131\u015flar\u0131n\u0131 kolayla\u015ft\u0131rmak isteyen tasar\u0131mc\u0131lar ve sanat\u00e7\u0131lar.<\/li>\n\n\n\n<li class=\"\">M\u00fchendislik ve mimarl\u0131k gibi alanlardaki e\u011fitimciler ve \u00f6\u011frenciler.<\/li>\n\n\n\n<li class=\"\">\u0130lgi \u00e7ekici g\u00f6rsel i\u00e7erik olu\u015fturmak isteyen pazarlama uzmanlar\u0131.<\/li>\n\n\n\n<li class=\"\">3D modellemeyi ke\u015ffeden hobiciler ve merakl\u0131lar.<\/li>\n<\/ul>\n\n\n\n<h3 class=\"wp-block-heading\" id=\"comparison-of-ai-3-d-model-generators\">Yapay Zeka 3D Model Olu\u015fturucular\u0131n Kar\u015f\u0131la\u015ft\u0131r\u0131lmas\u0131<\/h3>\n\n\n\n<p class=\"\">A\u015fa\u011f\u0131da, \u00e7e\u015fitli kaynaklardan elde edilen son bulgulara dayal\u0131 olarak pop\u00fcler AI 3D model olu\u015fturucular\u0131n bir kar\u015f\u0131la\u015ft\u0131rmas\u0131 yer almaktad\u0131r:<\/p>\n\n\n\n<figure class=\"wp-block-table\"><table class=\"has-fixed-layout\"><thead><tr><th>Alet<\/th><th>Art\u0131lar\u0131<\/th><th>Eksiler<\/th><th>Avantajlar<\/th><th>Zorluklar<\/th><th>Tavsiyeler<\/th><\/tr><\/thead><tbody><tr><td><a href=\"https:\/\/aiartfree.online\/tr\/ai-3d-model-olusturucu\/\">Free AI Art Generator taraf\u0131ndan AI 3D Model Olu\u015fturucu<\/a><\/td><td>Y\u00fcksek kaliteli modeller<\/td><td>S\u0131n\u0131rl\u0131 \u00f6zelle\u015ftirme<\/td><td>Kullan\u0131m\u0131 kolay<\/td><td>\u0130nternet ba\u011flant\u0131s\u0131 gerektirir<\/td><td>Yeni ba\u015flayanlar i\u00e7in en iyisi<\/td><\/tr><tr><td><a href=\"https:\/\/www.openai.com\/dall-e-3\" target=\"_blank\" rel=\"noopener\">DALL-E 3<\/a><\/td><td>Y\u00fcksek kaliteli modeller<\/td><td>S\u0131n\u0131rl\u0131 \u00f6zelle\u015ftirme<\/td><td>Kullan\u0131m\u0131 kolay<\/td><td>\u0130nternet ba\u011flant\u0131s\u0131 gerektirir<\/td><td>Yeni ba\u015flayanlar i\u00e7in en iyisi<\/td><\/tr><tr><td><a href=\"https:\/\/www.nvidia.com\/en-us\/research\/ai-playground\/\" target=\"_blank\" rel=\"noopener\">NVIDIA GauGAN<\/a><\/td><td>H\u0131zl\u0131 i\u015flem<\/td><td>Pahal\u0131<\/td><td>Geli\u015fmi\u015f \u00f6zellikler<\/td><td>Dik \u00f6\u011frenme e\u011frisi<\/td><td>Profesyoneller i\u00e7in ideal<\/td><\/tr><tr><td><a href=\"https:\/\/deepart.io\/\" target=\"_blank\" rel=\"noopener\">DeepArt.io<\/a><\/td><td>\u00dccretsiz s\u00fcr\u00fcm mevcut<\/td><td>\u00dccretsiz s\u00fcr\u00fcmde reklamlar<\/td><td>B\u00fcy\u00fck toplum deste\u011fi<\/td><td>S\u0131n\u0131rl\u0131 ihracat se\u00e7enekleri<\/td><td>Hobiciler i\u00e7in iyi<\/td><\/tr><tr><td><a href=\"https:\/\/www.artbreeder.com\/\" target=\"_blank\" rel=\"noopener\">Artbreeder<\/a><\/td><td>Do\u011fru modeller<\/td><td>Abonelik gerekli<\/td><td>Kullan\u0131c\u0131 dostu aray\u00fcz<\/td><td>Belirli kullan\u0131m durumlar\u0131yla s\u0131n\u0131rl\u0131<\/td><td>Belirli sekt\u00f6rler i\u00e7in uygundur<\/td><\/tr><tr><td><a href=\"https:\/\/spline.design\/\" target=\"_blank\" rel=\"noopener\">Spline<\/a><\/td><td>Sa\u011flam \u00f6zellikler<\/td><td>Y\u00fcksek maliyet<\/td><td>Kapsaml\u0131 k\u00fct\u00fcphane<\/td><td>G\u00fc\u00e7l\u00fc donan\u0131m gerektirir<\/td><td>B\u00fcy\u00fck projeler i\u00e7in en iyisi<\/td><\/tr><tr><td><a href=\"https:\/\/www.blender.org\/\" target=\"_blank\" rel=\"noopener\">Blender<\/a><\/td><td>\u00dccretsiz ve a\u00e7\u0131k kaynak<\/td><td>Dik \u00f6\u011frenme e\u011frisi<\/td><td>Son derece \u00e7ok y\u00f6nl\u00fc<\/td><td>Yeni ba\u015flayanlar i\u00e7in karma\u015f\u0131k<\/td><td>\u0130leri d\u00fczey kullan\u0131c\u0131lar i\u00e7in ideal<\/td><\/tr><tr><td><a>Meshroom<\/a><\/td><td>\u00dccretsiz ve a\u00e7\u0131k kaynak<\/td><td>G\u00fc\u00e7l\u00fc donan\u0131m gerektirir<\/td><td>Fotogrametri tabanl\u0131<\/td><td>Yava\u015f olabilir<\/td><td>Fotogrametri projeleri i\u00e7in en iyisi<\/td><\/tr><tr><td><a href=\"https:\/\/pixologic.com\/\" target=\"_blank\" rel=\"noopener\">ZBrush<\/a><\/td><td>End\u00fcstri standard\u0131<\/td><td>Y\u00fcksek maliyet<\/td><td>Profesyonel s\u0131n\u0131f aletler<\/td><td>E\u011fitim gerektirir<\/td><td>Profesyoneller i\u00e7in en iyisi<\/td><\/tr><tr><td><a href=\"https:\/\/www.tinkercad.com\/\" target=\"_blank\" rel=\"noopener\">Tinkercad<\/a><\/td><td>Kullan\u0131m\u0131 kolay<\/td><td>S\u0131n\u0131rl\u0131 geli\u015fmi\u015f \u00f6zellikler<\/td><td>Web tabanl\u0131<\/td><td>Temel i\u015flevsellik<\/td><td>Yeni ba\u015flayanlar ve e\u011fitimciler i\u00e7in harika<\/td><\/tr><\/tbody><\/table><\/figure>\n\n\n\n<p class=\"\"><strong>En \u0130yi Alet \u00d6nerisi<\/strong>: Yapay zeka 3D model \u00fcretimi i\u00e7in en iyi ara\u00e7 <a href=\"https:\/\/aiartfree.online\/tr\/ai-3d-model-olusturucu\/\">Free AI Art Generator taraf\u0131ndan AI 3D Model Olu\u015fturucu<\/a>. Kullan\u0131m kolayl\u0131\u011f\u0131, y\u00fcksek kaliteli \u00e7\u0131kt\u0131 ve sa\u011flam \u00f6zellikler aras\u0131nda bir denge sunarak hem yeni ba\u015flayanlar hem de profesyoneller i\u00e7in uygun hale getirir.<\/p>\n\n\n\n<h3 class=\"wp-block-heading\" id=\"faq\">SSS<\/h3>\n\n\n\n<ol class=\"wp-block-list\">\n<li class=\"\"><strong>En iyi AI 3D model olu\u015fturucu nedir?<\/strong> En iyi AI 3D model olu\u015fturucu, Free AI Art Generator taraf\u0131ndan sunulan modeldir. <a href=\"https:\/\/aiartfree.online\/tr\/ai-3d-model-olusturucu\/\">Burada<\/a>.<\/li>\n\n\n\n<li class=\"\"><strong>AI 3D model jenerat\u00f6rleri nas\u0131l \u00e7al\u0131\u015f\u0131r?<\/strong> Giri\u015f verilerini (2D g\u00f6r\u00fcnt\u00fcler veya metin gibi) i\u015flemek ve \u00f6\u011frenilen kal\u0131plara dayal\u0131 3D modeller olu\u015fturmak i\u00e7in AI algoritmalar\u0131n\u0131 kullan\u0131rlar.<\/li>\n\n\n\n<li class=\"\"><strong>2 boyutlu bir g\u00f6r\u00fcnt\u00fcy\u00fc 3 boyutlu bir modele d\u00f6n\u00fc\u015ft\u00fcrebilir miyim?<\/strong> Evet, bir\u00e7ok AI 3D model olu\u015fturucu 2D g\u00f6r\u00fcnt\u00fcleri 3D modellere d\u00f6n\u00fc\u015ft\u00fcrebilir.<\/li>\n\n\n\n<li class=\"\"><strong>\u00dccretsiz bir AI 3D model olu\u015fturucu var m\u0131?<\/strong> Evet, baz\u0131 ara\u00e7lar s\u0131n\u0131rl\u0131 \u00f6zelliklere sahip \u00fccretsiz s\u00fcr\u00fcmler sunar.<\/li>\n\n\n\n<li class=\"\"><strong>AI 3D model olu\u015fturucu kullanman\u0131n faydalar\u0131 nelerdir?<\/strong> Avantajlar aras\u0131nda verimlilik, eri\u015filebilirlik, maliyet etkinli\u011fi ve \u00e7ok y\u00f6nl\u00fcl\u00fck yer almaktad\u0131r.<\/li>\n\n\n\n<li class=\"\"><strong>Yapay zeka metin a\u00e7\u0131klamalar\u0131ndan 3D modeller olu\u015fturabilir mi?<\/strong> Evet, baz\u0131 geli\u015fmi\u015f yapay zeka ara\u00e7lar\u0131 metin komutlar\u0131ndan 3D modeller olu\u015fturabilir.<\/li>\n\n\n\n<li class=\"\"><strong>Hangi sekt\u00f6rler AI 3D model olu\u015fturucular\u0131 kullan\u0131r?<\/strong> Sekt\u00f6rler aras\u0131nda oyun, mimarl\u0131k, imalat ve e\u011fitim yer almaktad\u0131r.<\/li>\n\n\n\n<li class=\"\"><strong>Yapay zeka 3D model olu\u015fturucular\u0131 do\u011fru mu?<\/strong> Kalite alete g\u00f6re de\u011fi\u015fse de son derece hassas modeller \u00fcretebilirler.<\/li>\n\n\n\n<li class=\"\"><strong>AI 3D model olu\u015fturucular\u0131 kullanmak i\u00e7in geli\u015fmi\u015f becerilere ihtiyac\u0131m var m\u0131?<\/strong> Hay\u0131r, bir\u00e7ok ara\u00e7 uzman olmayanlar i\u00e7in bile kullan\u0131m kolayl\u0131\u011f\u0131 sa\u011flayacak \u015fekilde tasarlanm\u0131\u015ft\u0131r.<\/li>\n\n\n\n<li class=\"\"><strong>AI 3D model olu\u015fturucular hakk\u0131nda daha fazla bilgiyi nerede bulabilirim?<\/strong> Daha fazla bilgi ve en iyi ara\u00e7lar\u0131 \u015fu adreste bulabilirsiniz <a href=\"https:\/\/aiartfree.online\/tr\/ai-3d-model-olusturucu\/\">AI Art \u00dccretsiz<\/a>.<\/li>\n<\/ol>","protected":false},"excerpt":{"rendered":"<p>What our users made How to use AI 3d Model Generator *&nbsp;Depending on your internet speed, loading the model may take a few seconds.* There will be caching during continuous generation, and the new image will appear after about 3 seconds. Introduction of AI 3D Model Generator Creating 3D models has never been easier with &#8230; <a title=\"AI 3d Model Olu\u015fturucu\" class=\"read-more\" href=\"https:\/\/aiartfree.online\/tr\/ai-3d-model-olusturucu\/\" aria-label=\"Read more about AI 3d Model Generator\">Devam\u0131n\u0131 oku<\/a><\/p>","protected":false},"author":1,"featured_media":0,"parent":0,"menu_order":0,"comment_status":"open","ping_status":"closed","template":"","meta":{"nf_dc_page":"","footnotes":""},"class_list":["post-2968","page","type-page","status-publish"],"jetpack_sharing_enabled":true,"_links":{"self":[{"href":"https:\/\/aiartfree.online\/tr\/wp-json\/wp\/v2\/pages\/2968","targetHints":{"allow":["GET"]}}],"collection":[{"href":"https:\/\/aiartfree.online\/tr\/wp-json\/wp\/v2\/pages"}],"about":[{"href":"https:\/\/aiartfree.online\/tr\/wp-json\/wp\/v2\/types\/page"}],"author":[{"embeddable":true,"href":"https:\/\/aiartfree.online\/tr\/wp-json\/wp\/v2\/users\/1"}],"replies":[{"embeddable":true,"href":"https:\/\/aiartfree.online\/tr\/wp-json\/wp\/v2\/comments?post=2968"}],"version-history":[{"count":0,"href":"https:\/\/aiartfree.online\/tr\/wp-json\/wp\/v2\/pages\/2968\/revisions"}],"wp:attachment":[{"href":"https:\/\/aiartfree.online\/tr\/wp-json\/wp\/v2\/media?parent=2968"}],"curies":[{"name":"wp","href":"https:\/\/api.w.org\/{rel}","templated":true}]}}