{"id":2964,"date":"2024-07-19T11:19:39","date_gmt":"2024-07-19T11:19:39","guid":{"rendered":"https:\/\/aiartfree.online\/?page_id=2964"},"modified":"2024-08-02T11:27:30","modified_gmt":"2024-08-02T11:27:30","slug":"ai-drawing-generator","status":"publish","type":"page","link":"https:\/\/aiartfree.online\/tr\/ai-cizim-ureteci\/","title":{"rendered":"AI \u00c7izim Olu\u015fturucu"},"content":{"rendered":"<h2 class=\"wp-block-heading has-text-align-center\" id=\"before-vs-after\">\u00d6ncesi ve Sonras\u0131<\/h2>\n\n\n\n<figure class=\"gb-block-image gb-block-image-1822da1f\"><img data-recalc-dims=\"1\" decoding=\"async\" loading=\"lazy\" width=\"1200\" height=\"273\" class=\"gb-image gb-image-1822da1f\" src=\"https:\/\/i0.wp.com\/aiartfree.online\/wp-content\/uploads\/2024\/07\/WX20240731-180407%402x-scaled.webp?resize=1200%2C273&#038;ssl=1\" alt=\"AI \u00c7izim Olu\u015fturucu\" title=\"WX20240731-180407@2x\" srcset=\"https:\/\/i0.wp.com\/aiartfree.online\/wp-content\/uploads\/2024\/07\/WX20240731-180407%402x-scaled.webp?w=2560&amp;ssl=1 2560w, https:\/\/i0.wp.com\/aiartfree.online\/wp-content\/uploads\/2024\/07\/WX20240731-180407%402x-scaled.webp?resize=300%2C68&amp;ssl=1 300w, https:\/\/i0.wp.com\/aiartfree.online\/wp-content\/uploads\/2024\/07\/WX20240731-180407%402x-scaled.webp?resize=1024%2C233&amp;ssl=1 1024w, https:\/\/i0.wp.com\/aiartfree.online\/wp-content\/uploads\/2024\/07\/WX20240731-180407%402x-scaled.webp?resize=768%2C175&amp;ssl=1 768w, https:\/\/i0.wp.com\/aiartfree.online\/wp-content\/uploads\/2024\/07\/WX20240731-180407%402x-scaled.webp?resize=1536%2C349&amp;ssl=1 1536w, https:\/\/i0.wp.com\/aiartfree.online\/wp-content\/uploads\/2024\/07\/WX20240731-180407%402x-scaled.webp?resize=2048%2C465&amp;ssl=1 2048w, https:\/\/i0.wp.com\/aiartfree.online\/wp-content\/uploads\/2024\/07\/WX20240731-180407%402x-scaled.webp?resize=18%2C4&amp;ssl=1 18w, https:\/\/i0.wp.com\/aiartfree.online\/wp-content\/uploads\/2024\/07\/WX20240731-180407%402x-scaled.webp?resize=600%2C136&amp;ssl=1 600w, https:\/\/i0.wp.com\/aiartfree.online\/wp-content\/uploads\/2024\/07\/WX20240731-180407%402x-scaled.webp?w=2400&amp;ssl=1 2400w\" sizes=\"auto, (max-width: 1200px) 100vw, 1200px\" \/><\/figure>\n\n\n\n<h2 class=\"wp-block-heading\" id=\"how-to-use-ai-drawing-generator\">AI Drawing Generator nas\u0131l kullan\u0131l\u0131r<\/h2>\n\n\n\n<ol class=\"wp-block-list\">\n<li class=\"\">Basit \u00e7izgi \u00e7iziminizi yap\u0131n<\/li>\n\n\n\n<li class=\"\">\"Gerisini da\u011f\u0131t\" se\u00e7ene\u011fine t\u0131klay\u0131n<\/li>\n\n\n\n<li class=\"\">Bekleyin, sonra zevkinize uygun olan\u0131 se\u00e7in<\/li>\n\n\n\n<li class=\"\">Tekrar \"geri kalan\u0131 da\u011f\u0131t\" se\u00e7ene\u011fine t\u0131klay\u0131n!<\/li>\n\n\n\n<li class=\"\">Sonu\u00e7tan memnun kalana kadar 3 ve 4'\u00fc tekrarlay\u0131n<\/li>\n<\/ol>\n\n\n\n<p class=\"\"><em>* \u0130nternet h\u0131z\u0131n\u0131za ba\u011fl\u0131 olarak modelin y\u00fcklenmesi birka\u00e7 saniye s\u00fcrebilir.<\/em><\/p>\n\n\n\n<div class=\"iframe-wrapper\" style=\"position: relative; width: 100%; height: 1200px;\">\n  <div class=\"loading\" style=\"position: absolute; top: 50px; left: 50%; transform: translate(-50%, -50%); width: 40px; height: 40px; border: 3px solid #f0f0f0; border-top: 3px solid #db7093; border-radius: 50%; animation: spin 1s linear infinite;\"><\/div>\n  <iframe loading=\"lazy\" src=\"https:\/\/huggingface-projects-diffuse-the-rest.static.hf.space\" frameborder=\"0\" width=\"100%\" height=\"100%\" style=\"position: absolute; top: 0; left: 0; opacity: 0; transition: opacity 0.3s;\" onload=\"this.style.opacity=1;this.previousElementSibling.style.display='none';\"><\/iframe>\n<\/div>\n\n<style>\n@keyframes spin {\n  0% { transform: translate(-50%, -50%) rotate(0deg); }\n  100% { transform: translate(-50%, -50%) rotate(360deg); }\n}\n<\/style>\n\n\n\n<div style=\"height:50px\" aria-hidden=\"true\" class=\"wp-block-spacer\"><\/div>\n\n\n\n<h2 class=\"wp-block-heading\" id=\"introduction-of-ai-drawing-generator\">Yapay Zeka \u00c7izim Olu\u015fturucusunun Tan\u0131t\u0131m\u0131<\/h2>\n\n\n\n<p class=\"\">AI Drawing Generators, kullan\u0131c\u0131 girdilerine dayal\u0131 \u00e7arp\u0131c\u0131 g\u00f6r\u00fcnt\u00fcler olu\u015fturmak i\u00e7in yapay zekadan yararlanarak sanat yaratma s\u00fcrecinde devrim yaratt\u0131. Bu teknoloji sanat\u00e7\u0131lar, tasar\u0131mc\u0131lar ve yarat\u0131c\u0131 merakl\u0131lar i\u00e7in yeni olanaklar yaratt\u0131.<\/p>\n\n\n\n<div class=\"wp-block-rank-math-toc-block\" id=\"rank-math-toc\"><h3>\u0130\u00e7indekiler<\/h3><nav><ul><li><a href=\"#what-is-an-ai-drawing-generator\">Yapay Zeka \u00c7izim Olu\u015fturucu nedir?<\/a><\/li><li><a href=\"#why-use-an-ai-drawing-generator\">Neden Yapay Zeka \u00c7izim Olu\u015fturucu Kullanmal\u0131?<\/a><\/li><li><a href=\"#benefits-of-using-an-ai-drawing-generator\">Yapay Zeka \u00c7izim Olu\u015fturucu Kullanman\u0131n Faydalar\u0131<\/a><\/li><li><a href=\"#when-to-use-an-ai-drawing-generator\">AI \u00c7izim Olu\u015fturucu Ne Zaman Kullan\u0131l\u0131r?<\/a><\/li><li><a href=\"#who-should-use-an-ai-drawing-generator\">Yapay Zeka \u00c7izim Olu\u015fturucuyu Kimler Kullanmal\u0131?<\/a><\/li><li><a href=\"#tools-and-resources-for-ai-drawing-generators\">Yapay Zeka \u00c7izim Olu\u015fturucular\u0131 i\u00e7in Ara\u00e7lar ve Kaynaklar<\/a><\/li><li><a href=\"#frequently-asked-questions-faq\">S\u0131k\u00e7a Sorulan Sorular (SSS)<\/a><\/li><\/ul><\/nav><\/div>\n\n\n\n<h3 class=\"wp-block-heading\" id=\"what-is-an-ai-drawing-generator\">Yapay Zeka \u00c7izim Olu\u015fturucu nedir?<\/h3>\n\n\n\n<p class=\"\">Yapay Zeka \u00c7izim Olu\u015fturucu, metin istemlerine veya di\u011fer girdilere dayal\u0131 g\u00f6r\u00fcnt\u00fcler olu\u015fturmak i\u00e7in yapay zeka algoritmalar\u0131n\u0131 kullanan bir ara\u00e7t\u0131r. Bu jenerat\u00f6rler, mevcut sanat eserlerinin b\u00fcy\u00fck veri k\u00fcmelerini i\u015fleyerek ve kal\u0131plar\u0131 ve stilleri \u00f6\u011frenerek soyut tasar\u0131mlardan ger\u00e7ek\u00e7i g\u00f6r\u00fcnt\u00fclere kadar \u00e7ok \u00e7e\u015fitli sanat stilleri \u00fcretebilir.<\/p>\n\n\n\n<h3 class=\"wp-block-heading\" id=\"why-use-an-ai-drawing-generator\">Neden Yapay Zeka \u00c7izim Olu\u015fturucu Kullanmal\u0131?<\/h3>\n\n\n\n<p class=\"\">Yapay Zeka \u00c7izim Olu\u015fturucular\u0131, sanat eseri olu\u015fturmak i\u00e7in benzersiz ve etkili bir yol sunar. Kullan\u0131c\u0131lar\u0131n geli\u015fmi\u015f teknik becerilere ihtiya\u00e7 duymadan farkl\u0131 stil ve fikirleri denemelerine olanak tan\u0131rlar. Ayr\u0131ca, sanat eseri olu\u015fturma s\u00fcrecini otomatikle\u015ftirerek zaman ve kaynak tasarrufu sa\u011flayabilirler.<\/p>\n\n\n\n<h3 class=\"wp-block-heading\" id=\"benefits-of-using-an-ai-drawing-generator\">Yapay Zeka \u00c7izim Olu\u015fturucu Kullanman\u0131n Faydalar\u0131<\/h3>\n\n\n\n<ol class=\"wp-block-list\">\n<li class=\"\"><strong>Yarat\u0131c\u0131l\u0131k Geli\u015ftirme<\/strong>: Yapay zeka jenerat\u00f6rleri yeni bak\u0131\u015f a\u00e7\u0131lar\u0131 ve fikirler sa\u011flayarak yarat\u0131c\u0131l\u0131\u011f\u0131n geli\u015ftirilmesine yard\u0131mc\u0131 olur.<\/li>\n\n\n\n<li class=\"\"><strong>Zaman Verimlili\u011fi<\/strong>: H\u0131zl\u0131 bir \u015fekilde birden fazla tasar\u0131m ve konsept olu\u015fturun.<\/li>\n\n\n\n<li class=\"\"><strong>Uygun Maliyetli<\/strong>: Pahal\u0131 sanat malzemelerine veya profesyonel sanat\u00e7\u0131lara duyulan ihtiyac\u0131 azalt\u0131r.<\/li>\n\n\n\n<li class=\"\"><strong>\u00c7ok Y\u00f6nl\u00fcl\u00fck<\/strong>: \u00c7e\u015fitli stillerde ve t\u00fcrlerde sanat eserleri \u00fcretebilir.<\/li>\n\n\n\n<li class=\"\"><strong>Eri\u015filebilirlik<\/strong>: Sanat yarat\u0131m\u0131n\u0131, beceri d\u00fczeylerinden ba\u011f\u0131ms\u0131z olarak herkes i\u00e7in eri\u015filebilir k\u0131lar.<\/li>\n<\/ol>\n\n\n\n<h3 class=\"wp-block-heading\" id=\"when-to-use-an-ai-drawing-generator\">AI \u00c7izim Olu\u015fturucu Ne Zaman Kullan\u0131l\u0131r?<\/h3>\n\n\n\n<p class=\"\">Yapay Zeka \u00c7izim Olu\u015fturucular\u0131 \u00e7e\u015fitli senaryolar i\u00e7in uygundur:<\/p>\n\n\n\n<ul class=\"wp-block-list\">\n<li class=\"\"><strong>Yarat\u0131c\u0131 Projeler<\/strong>: Ki\u015fisel veya profesyonel projeler i\u00e7in benzersiz sanat eserleri \u00fcretmek i\u00e7in.<\/li>\n\n\n\n<li class=\"\"><strong>Pazarlama ve Reklamc\u0131l\u0131k<\/strong>: Kampanyalar i\u00e7in g\u00f6z al\u0131c\u0131 g\u00f6rseller olu\u015fturmak.<\/li>\n\n\n\n<li class=\"\"><strong>Sosyal Medya \u0130\u00e7eri\u011fi<\/strong>: \u0130lgi \u00e7ekici ve payla\u015f\u0131labilir g\u00f6rseller \u00fcretmek.<\/li>\n\n\n\n<li class=\"\"><strong>E\u011fitim Ama\u00e7l\u0131<\/strong>: Yapay zeka ve sanat kavramlar\u0131n\u0131n \u00f6\u011fretilmesi ve g\u00f6sterilmesi.<\/li>\n\n\n\n<li class=\"\"><strong>Prototip Tasar\u0131m\u0131<\/strong>: Kavramlar\u0131 ve fikirleri h\u0131zl\u0131ca g\u00f6rselle\u015ftirme.<\/li>\n<\/ul>\n\n\n\n<h3 class=\"wp-block-heading\" id=\"who-should-use-an-ai-drawing-generator\">Yapay Zeka \u00c7izim Olu\u015fturucuyu Kimler Kullanmal\u0131?<\/h3>\n\n\n\n<ul class=\"wp-block-list\">\n<li class=\"\"><strong>Sanat\u00e7\u0131lar<\/strong>: Yeni stilleri ve fikirleri ke\u015ffetmek i\u00e7in.<\/li>\n\n\n\n<li class=\"\"><strong>Tasar\u0131mc\u0131lar<\/strong>: Tasar\u0131m s\u00fcrecini kolayla\u015ft\u0131rmak i\u00e7in.<\/li>\n\n\n\n<li class=\"\"><strong>Pazarlamac\u0131lar<\/strong>: Etkileyici g\u00f6rseller olu\u015fturmak i\u00e7in.<\/li>\n\n\n\n<li class=\"\"><strong>E\u011fitimciler<\/strong>: Yapay zeka ve sanat konular\u0131n\u0131 \u00f6rneklendirmek i\u00e7in.<\/li>\n\n\n\n<li class=\"\"><strong>Hobiciler<\/strong>: \u0130leri d\u00fczey becerilere ihtiya\u00e7 duymadan sanat yaratmakla ilgilenen herkes.<\/li>\n<\/ul>\n\n\n\n<h3 class=\"wp-block-heading\" id=\"tools-and-resources-for-ai-drawing-generators\">Yapay Zeka \u00c7izim Olu\u015fturucular\u0131 i\u00e7in Ara\u00e7lar ve Kaynaklar<\/h3>\n\n\n\n<p class=\"\">Kapsaml\u0131 bilgi sa\u011flamak i\u00e7in, \u00e7evrimi\u00e7i olarak mevcut olan en son AI \u00c7izim Olu\u015fturucular\u0131n\u0131 ara\u015ft\u0131rd\u0131k. A\u015fa\u011f\u0131da, g\u00fc\u00e7l\u00fc ve zay\u0131f y\u00f6nlerinin bir \u00f6zetiyle birlikte ilk 10 ara\u00e7 yer almaktad\u0131r:<\/p>\n\n\n\n<figure class=\"wp-block-table\"><table class=\"has-fixed-layout\"><thead><tr><th>Alet<\/th><th>URL<\/th><th>Avantajlar<\/th><th>Dezavantajlar<\/th><\/tr><\/thead><tbody><tr><td>DeepArt<\/td><td><a href=\"https:\/\/deepart.io\" target=\"_blank\" rel=\"noopener\">deepart.io<\/a><\/td><td>Y\u00fcksek kaliteli sonu\u00e7lar, farkl\u0131 stiller<\/td><td>\u0130\u015flem s\u00fcresi yava\u015f olabilir<\/td><\/tr><tr><td>Artbreeder<\/td><td><a href=\"https:\/\/artbreeder.com\" target=\"_blank\" rel=\"noopener\">artbreeder.com<\/a><\/td><td>\u0130\u015fbirlik\u00e7i platform, kullan\u0131m\u0131 kolay<\/td><td>S\u0131n\u0131rl\u0131 \u00f6zelle\u015ftirme se\u00e7enekleri<\/td><\/tr><tr><td>RunwayML<\/td><td><a href=\"https:\/\/runwayml.com\" target=\"_blank\" rel=\"noopener\">runwayml.com<\/a><\/td><td>\u00c7e\u015fitli yapay zeka modelleri ile entegrasyon, kullan\u0131c\u0131 dostu<\/td><td>T\u00fcm \u00f6zellikler i\u00e7in abonelik gerektirir<\/td><\/tr><tr><td>DALL-E 2<\/td><td><a href=\"https:\/\/openai.com\/dall-e-2\" target=\"_blank\" rel=\"noopener\">openai.com\/dall-e-2<\/a><\/td><td>Y\u00fcksek \u00e7\u00f6z\u00fcn\u00fcrl\u00fckl\u00fc g\u00f6r\u00fcnt\u00fcler \u00fcretir<\/td><td>S\u0131n\u0131rl\u0131 bulunabilirlik, y\u00fcksek maliyet<\/td><\/tr><tr><td>Derin R\u00fcya Jenerat\u00f6r\u00fc<\/td><td><a href=\"https:\/\/deepdreamgenerator.com\" target=\"_blank\" rel=\"noopener\">deepdreamgenerator.com<\/a><\/td><td>Yarat\u0131c\u0131 ve ger\u00e7ek\u00fcst\u00fc efektler<\/td><td>Sonu\u00e7lar \u00f6ng\u00f6r\u00fclemez olabilir<\/td><\/tr><tr><td>PaintsChainer<\/td><td><a>paintschainer.preferred.tech<\/a><\/td><td>Kullan\u0131m\u0131 kolay, otomatik renklendirme<\/td><td>Anime tarz\u0131 sanatla s\u0131n\u0131rl\u0131<\/td><\/tr><tr><td>NightCafe St\u00fcdyo<\/td><td><a href=\"https:\/\/nightcafe.studio\" target=\"_blank\" rel=\"noopener\">nightcafe.studio<\/a><\/td><td>Kullan\u0131c\u0131 dostu, topluluk \u00f6zellikleri<\/td><td>Baz\u0131 \u00f6zellikler \u00f6deme gerektirir<\/td><\/tr><tr><td>VQ-VAE-2<\/td><td><a href=\"https:\/\/github.com\/deepmind\/vq-vae-2\" target=\"_blank\" rel=\"noopener\">github.com\/deepmind\/vq-vae-2<\/a><\/td><td>Y\u00fcksek kaliteli jeneratif model<\/td><td>Kullanmak i\u00e7in teknik bilgi gerektirir<\/td><\/tr><tr><td>GANPaint Studio<\/td><td><a href=\"https:\/\/ganpaint.io\" target=\"_blank\" rel=\"noopener\">ganpaint.io<\/a><\/td><td>\u0130nteraktif d\u00fczenleme, ger\u00e7ek\u00e7i g\u00f6r\u00fcnt\u00fcler<\/td><td>Belirli g\u00f6r\u00fcnt\u00fc t\u00fcrleriyle s\u0131n\u0131rl\u0131<\/td><\/tr><tr><td><a href=\"https:\/\/aiartfree.online\/tr\/ai-cizim-ureteci\/\">https:\/\/aiartfree.online\/ai-drawing-generator<\/a><\/td><td><a href=\"https:\/\/aiartfree.online\/tr\/ai-cizim-ureteci\/\">aiartfree.online<\/a><\/td><td>\u00dccretsiz, kullan\u0131m\u0131 kolay, \u00e7ok y\u00f6nl\u00fc<\/td><td>S\u0131n\u0131rl\u0131 geli\u015fmi\u015f \u00f6zellikler<\/td><\/tr><\/tbody><\/table><\/figure>\n\n\n\n<p class=\"\"><strong>En \u0130yi Alet \u00d6nerisi<\/strong>: \u00c7o\u011fu kullan\u0131c\u0131 i\u00e7in en iyi ara\u00e7 <a href=\"https:\/\/aiartfree.online\/tr\/ai-cizim-ureteci\/\">AI Art Free'nin AI \u00c7izim Olu\u015fturucusu<\/a> eri\u015filebilirlik, kullan\u0131m kolayl\u0131\u011f\u0131 ve \u00e7ok y\u00f6nl\u00fc \u00f6zelliklerin birle\u015fimi nedeniyle.<\/p>\n\n\n\n<h3 class=\"wp-block-heading\" id=\"frequently-asked-questions-faq\">S\u0131k\u00e7a Sorulan Sorular (SSS)<\/h3>\n\n\n\n<ol class=\"wp-block-list\">\n<li class=\"\"><strong>Yapay Zeka \u00c7izim Olu\u015fturucu nedir?<\/strong> AI Drawing Generator, yapay zeka algoritmalar\u0131n\u0131 kullanarak kullan\u0131c\u0131 girdilerine dayal\u0131 g\u00f6r\u00fcnt\u00fcler olu\u015fturan bir ara\u00e7t\u0131r.<\/li>\n\n\n\n<li class=\"\"><strong>Yapay Zeka \u00c7izim Olu\u015fturucu nas\u0131l \u00e7al\u0131\u015f\u0131r?<\/strong> Kal\u0131plar\u0131 ve stilleri \u00f6\u011frenmek i\u00e7in mevcut sanat eserlerinden olu\u015fan b\u00fcy\u00fck veri k\u00fcmelerini i\u015fler, ard\u0131ndan bu bilgiyi yeni g\u00f6r\u00fcnt\u00fcler olu\u015fturmak i\u00e7in kullan\u0131r.<\/li>\n\n\n\n<li class=\"\"><strong>Yapay Zeka \u00c7izim Jenerat\u00f6rlerini kullanmak \u00fccretsiz mi?<\/strong> Baz\u0131lar\u0131 \u00fccretsizdir, \u00f6rne\u011fin <a href=\"https:\/\/aiartfree.online\/tr\/ai-cizim-ureteci\/\">AI Art Free'nin AI \u00c7izim Olu\u015fturucusu<\/a>Di\u011ferleri ise abonelik veya tek seferlik \u00f6deme gerektirebilir.<\/li>\n\n\n\n<li class=\"\"><strong>Yapay Zeka \u00c7izim \u00dcrete\u00e7leri ger\u00e7ek\u00e7i g\u00f6r\u00fcnt\u00fcler \u00fcretebilir mi?<\/strong> Evet, bir\u00e7ok Yapay Zeka \u00c7izim Olu\u015fturucu, modele ve sa\u011flanan girdiye ba\u011fl\u0131 olarak son derece ger\u00e7ek\u00e7i g\u00f6r\u00fcnt\u00fcler \u00fcretebilir.<\/li>\n\n\n\n<li class=\"\"><strong>AI \u00c7izim Olu\u015fturucuyu kullanmak i\u00e7in nas\u0131l \u00e7izim yap\u0131laca\u011f\u0131n\u0131 bilmem gerekir mi?<\/strong> Hay\u0131r, bu ara\u00e7lar kullan\u0131c\u0131 dostu ve sanatsal becerileri ne olursa olsun herkes i\u00e7in eri\u015filebilir olacak \u015fekilde tasarlanm\u0131\u015ft\u0131r.<\/li>\n\n\n\n<li class=\"\"><strong>AI Drawing Generator ile ne t\u00fcr g\u00f6rseller olu\u015fturabilirim?<\/strong> Soyut sanat, portreler, manzaralar ve daha fazlas\u0131 dahil olmak \u00fczere \u00e7ok \u00e7e\u015fitli g\u00f6r\u00fcnt\u00fcler olu\u015fturabilirsiniz.<\/li>\n\n\n\n<li class=\"\"><strong>Yapay Zeka \u00c7izim Jenerat\u00f6rleri i\u015fletmeme nas\u0131l fayda sa\u011flayabilir?<\/strong> G\u00f6rsel i\u00e7erik olu\u015fturmada zaman ve kaynak tasarrufu sa\u011flayabilir, yarat\u0131c\u0131l\u0131\u011f\u0131 art\u0131rabilir ve benzersiz pazarlama materyalleri sa\u011flayabilirler.<\/li>\n\n\n\n<li class=\"\"><strong>AI Drawing Generators taraf\u0131ndan olu\u015fturulan g\u00f6rsellerin telif hakk\u0131 var m\u0131?<\/strong> Bu, arac\u0131n hizmet \u015fartlar\u0131na ba\u011fl\u0131d\u0131r. Baz\u0131lar\u0131 olu\u015fturulan g\u00f6rsellerin \u00fccretsiz kullan\u0131m\u0131na izin verirken, baz\u0131lar\u0131nda k\u0131s\u0131tlamalar olabilir.<\/li>\n\n\n\n<li class=\"\"><strong>Yapay Zeka \u00c7izim \u00dcrete\u00e7lerinin s\u0131n\u0131rlamalar\u0131 nelerdir?<\/strong> S\u0131n\u0131rlamalar aras\u0131nda i\u015flem s\u00fcresi, \u00f6zelle\u015ftirme se\u00e7eneklerinin eksikli\u011fi ve \u00e7\u0131kt\u0131 kalitesindeki de\u011fi\u015fkenlik say\u0131labilir.<\/li>\n\n\n\n<li class=\"\"><strong>Hangi AI \u00c7izim Olu\u015fturucu en iyisidir?<\/strong> Ara\u015ft\u0131rmalar\u0131m\u0131za dayanarak, <a href=\"https:\/\/aiartfree.online\/tr\/ai-cizim-ureteci\/\">AI Art Free'nin AI \u00c7izim Olu\u015fturucusu<\/a> \u00f6zelliklerin, eri\u015filebilirli\u011fin ve kullan\u0131m kolayl\u0131\u011f\u0131n\u0131n en iyi kombinasyonunu sunar.<\/li>\n<\/ol>\n\n\n\n<p class=\"\">Yapay Zeka \u00c7izim Olu\u015fturucular\u0131ndan yararlanarak, minimum \u00e7abayla \u00e7arp\u0131c\u0131 \u00e7izimler olu\u015fturabilir ve bu ara\u00e7lar\u0131 \u00e7ok \u00e7e\u015fitli uygulamalar i\u00e7in paha bi\u00e7ilmez hale getirebilirsiniz.<\/p>","protected":false},"excerpt":{"rendered":"<p>Before vs After How to use AI Drawing Generator *&nbsp;Depending on your internet speed, loading the model may take a few seconds. Introduction of AI Drawing Generator AI Drawing Generators have revolutionized the art creation process by leveraging artificial intelligence to generate stunning images based on user inputs. This technology has opened new possibilities for &#8230; <a title=\"AI \u00c7izim Olu\u015fturucu\" class=\"read-more\" href=\"https:\/\/aiartfree.online\/tr\/ai-cizim-ureteci\/\" aria-label=\"Read more about AI Drawing Generator\">Devam\u0131n\u0131 oku<\/a><\/p>","protected":false},"author":1,"featured_media":3408,"parent":0,"menu_order":0,"comment_status":"open","ping_status":"closed","template":"","meta":{"nf_dc_page":"","footnotes":""},"class_list":["post-2964","page","type-page","status-publish","has-post-thumbnail"],"jetpack_sharing_enabled":true,"_links":{"self":[{"href":"https:\/\/aiartfree.online\/tr\/wp-json\/wp\/v2\/pages\/2964","targetHints":{"allow":["GET"]}}],"collection":[{"href":"https:\/\/aiartfree.online\/tr\/wp-json\/wp\/v2\/pages"}],"about":[{"href":"https:\/\/aiartfree.online\/tr\/wp-json\/wp\/v2\/types\/page"}],"author":[{"embeddable":true,"href":"https:\/\/aiartfree.online\/tr\/wp-json\/wp\/v2\/users\/1"}],"replies":[{"embeddable":true,"href":"https:\/\/aiartfree.online\/tr\/wp-json\/wp\/v2\/comments?post=2964"}],"version-history":[{"count":0,"href":"https:\/\/aiartfree.online\/tr\/wp-json\/wp\/v2\/pages\/2964\/revisions"}],"wp:featuredmedia":[{"embeddable":true,"href":"https:\/\/aiartfree.online\/tr\/wp-json\/wp\/v2\/media\/3408"}],"wp:attachment":[{"href":"https:\/\/aiartfree.online\/tr\/wp-json\/wp\/v2\/media?parent=2964"}],"curies":[{"name":"wp","href":"https:\/\/api.w.org\/{rel}","templated":true}]}}