{"id":2958,"date":"2024-07-19T10:33:37","date_gmt":"2024-07-19T10:33:37","guid":{"rendered":"https:\/\/aiartfree.online\/?page_id=2958"},"modified":"2025-03-07T08:07:42","modified_gmt":"2025-03-07T08:07:42","slug":"ai-character-generator","status":"publish","type":"page","link":"https:\/\/aiartfree.online\/tr\/ai-karakter-ureteci\/","title":{"rendered":"Yapay Zeka Karakter Olu\u015fturucu"},"content":{"rendered":"<h2 class=\"wp-block-heading has-text-align-center\" id=\"what-our-users-made\">Kullan\u0131c\u0131lar\u0131m\u0131z ne yapt\u0131<\/h2>\n\n\n\n<figure class=\"gb-block-image gb-block-image-1822da1f\"><img data-recalc-dims=\"1\" decoding=\"async\" loading=\"lazy\" width=\"1200\" height=\"1190\" class=\"gb-image gb-image-1822da1f\" src=\"https:\/\/i0.wp.com\/aiartfree.online\/wp-content\/uploads\/2024\/07\/WX20240719-144752%402x.jpg?resize=1200%2C1190&#038;ssl=1\" alt=\"Yapay zeka karakter jenerat\u00f6rleri, hayal g\u00fcc\u00fcn\u00fcz\u00fc hayata ge\u00e7irmek i\u00e7in geli\u015fmi\u015f algoritmalar kullan\u0131r ve karakter olu\u015fturma i\u00e7in sonsuz olanaklar sa\u011flar.\" title=\"WX20240719-144752@2x\" srcset=\"https:\/\/i0.wp.com\/aiartfree.online\/wp-content\/uploads\/2024\/07\/WX20240719-144752%402x.jpg?w=1632&amp;ssl=1 1632w, https:\/\/i0.wp.com\/aiartfree.online\/wp-content\/uploads\/2024\/07\/WX20240719-144752%402x.jpg?resize=300%2C297&amp;ssl=1 300w, https:\/\/i0.wp.com\/aiartfree.online\/wp-content\/uploads\/2024\/07\/WX20240719-144752%402x.jpg?resize=1024%2C1015&amp;ssl=1 1024w, https:\/\/i0.wp.com\/aiartfree.online\/wp-content\/uploads\/2024\/07\/WX20240719-144752%402x.jpg?resize=150%2C150&amp;ssl=1 150w, https:\/\/i0.wp.com\/aiartfree.online\/wp-content\/uploads\/2024\/07\/WX20240719-144752%402x.jpg?resize=768%2C761&amp;ssl=1 768w, https:\/\/i0.wp.com\/aiartfree.online\/wp-content\/uploads\/2024\/07\/WX20240719-144752%402x.jpg?resize=1536%2C1523&amp;ssl=1 1536w, https:\/\/i0.wp.com\/aiartfree.online\/wp-content\/uploads\/2024\/07\/WX20240719-144752%402x.jpg?resize=12%2C12&amp;ssl=1 12w, https:\/\/i0.wp.com\/aiartfree.online\/wp-content\/uploads\/2024\/07\/WX20240719-144752%402x.jpg?resize=600%2C595&amp;ssl=1 600w, https:\/\/i0.wp.com\/aiartfree.online\/wp-content\/uploads\/2024\/07\/WX20240719-144752%402x.jpg?resize=100%2C100&amp;ssl=1 100w\" sizes=\"auto, (max-width: 1200px) 100vw, 1200px\" \/><\/figure>\n\n\n\n<h2 class=\"wp-block-heading\" id=\"3-steps-to-use\">3 Ad\u0131mda Yapay Zeka Karakter Olu\u015fturucu Kullanma<\/h2>\n\n\n\n<ol class=\"wp-block-list\">\n<li class=\"\">\u0130steminizi girin<\/li>\n\n\n\n<li class=\"\">\"Olu\u015ftur \"a t\u0131klay\u0131n<\/li>\n\n\n\n<li class=\"\">Bekle, i\u015fte bu!<\/li>\n<\/ol>\n\n\n\n<figure class=\"gb-block-image gb-block-image-032aac41\"><a href=\"https:\/\/fas.st\/t\/9U4PYbm7\" target=\"_blank\" rel=\"noopener noreferrer\"><img data-recalc-dims=\"1\" decoding=\"async\" loading=\"lazy\" width=\"1200\" height=\"365\" class=\"gb-image gb-image-032aac41\" src=\"https:\/\/i0.wp.com\/aiartfree.online\/wp-content\/uploads\/2025\/03\/WX20250307-115412%402x.webp?resize=1200%2C365&#038;ssl=1\" alt=\"\" title=\"WX20250307-115412@2x\" srcset=\"https:\/\/i0.wp.com\/aiartfree.online\/wp-content\/uploads\/2025\/03\/WX20250307-115412%402x.webp?w=1942&amp;ssl=1 1942w, https:\/\/i0.wp.com\/aiartfree.online\/wp-content\/uploads\/2025\/03\/WX20250307-115412%402x.webp?resize=300%2C91&amp;ssl=1 300w, https:\/\/i0.wp.com\/aiartfree.online\/wp-content\/uploads\/2025\/03\/WX20250307-115412%402x.webp?resize=1024%2C312&amp;ssl=1 1024w, https:\/\/i0.wp.com\/aiartfree.online\/wp-content\/uploads\/2025\/03\/WX20250307-115412%402x.webp?resize=768%2C234&amp;ssl=1 768w, https:\/\/i0.wp.com\/aiartfree.online\/wp-content\/uploads\/2025\/03\/WX20250307-115412%402x.webp?resize=1536%2C467&amp;ssl=1 1536w, https:\/\/i0.wp.com\/aiartfree.online\/wp-content\/uploads\/2025\/03\/WX20250307-115412%402x.webp?resize=18%2C5&amp;ssl=1 18w, https:\/\/i0.wp.com\/aiartfree.online\/wp-content\/uploads\/2025\/03\/WX20250307-115412%402x.webp?resize=600%2C183&amp;ssl=1 600w\" sizes=\"auto, (max-width: 1200px) 100vw, 1200px\" \/><\/a><\/figure>\n\n\n\n<p class=\"\"><em>* \u0130nternet h\u0131z\u0131n\u0131za ba\u011fl\u0131 olarak modelin y\u00fcklenmesi birka\u00e7 saniye s\u00fcrebilir.<br>* S\u00fcrekli olu\u015fturma s\u0131ras\u0131nda \u00f6nbelle\u011fe alma olacakt\u0131r ve yeni g\u00f6r\u00fcnt\u00fc yakla\u015f\u0131k 3 saniye sonra g\u00f6r\u00fcnecektir.<\/em><\/p>\n\n\n\n<div style=\"text-align: center; border: 2px solid; border-image-source: linear-gradient(to right, #16b86c, #912899); border-image-slice: 1; box-shadow: 0 0 10px rgba(0, 0, 0, 0.1); border-radius: 15px; position: relative;\">\n  <div id=\"loading\" style=\"position: absolute; top: 100px; left: 50%; transform: translate(-50%, -50%); z-index: 1000;\">\n    <div style=\"width: 50px; height: 50px; border: 5px solid #f3f3f3; border-top: 5px solid #16b86c; border-radius: 50%; animation: spin 1s linear infinite;\"><\/div>\n  <\/div>\n  <iframe loading=\"lazy\"\n    src=\"https:\/\/cagliostrolab-animagine-xl-3-1.hf.space\"\n    frameborder=\"0\"\n    width=\"100%\"\n    height=\"1600\"\n    style=\"display: inline-block; margin: 0 auto;\"\n    onload=\"document.getElementById('loading').style.display='none';\"\n  ><\/iframe>\n<\/div>\n\n<style>\n  @keyframes spin {\n    0% { transform: rotate(0deg); }\n    100% { transform: rotate(360deg); }\n  }\n<\/style>\n\n\n\n<div style=\"height:50px\" aria-hidden=\"true\" class=\"wp-block-spacer\"><\/div>\n\n\n\n<h2 class=\"wp-block-heading\">\u0130stem \u00d6rnekleri<\/h2>\n\n\n\n<ol style=\"font-size:16px\" class=\"wp-block-list\">\n<li class=\"\">morgan freeman'in harley davidson motosi\u0307klete bi\u0307ndi\u0307\u011fi\u0307 nefes kesen son derece detayli \u00e7i\u0307zgi\u0307 roman i\u0307ll\u00fcstrasyonu, karanlik ve cesur<\/li>\n\n\n\n<li class=\"\">Nefes kesen \u00e7izgi roman ill\u00fcstrasyonu Bir nebulan\u0131n u\u00e7suz bucaks\u0131z geni\u015fli\u011finin ortas\u0131nda, yaln\u0131z bir astronot \u0131\u015f\u0131k sa\u00e7an bir y\u0131ld\u0131z gemisine ba\u011fl\u0131 olarak y\u00fczmektedir. Nebulan\u0131n \u0131\u015f\u0131lt\u0131l\u0131 gazlar\u0131 etrafta dans ediyor, canl\u0131 renkleri elbiseye yans\u0131tarak bir \u0131\u015f\u0131k ve hareket balesi yarat\u0131yor.<\/li>\n\n\n\n<li class=\"\">K\u0131yamet sonras\u0131 \u00e7orak topraklardaki bir kav\u015fakta, hurda metalden yap\u0131lm\u0131\u015f gitar\u0131yla eski d\u00fcnyan\u0131n hik\u00e2yelerini anlatan bir gezginin nefes kesici grafik roman ill\u00fcstrasyonu. Mutant yarat\u0131klar kamp ate\u015finin etraf\u0131nda toplan\u0131r, g\u00f6zleri \u00f6zlemle doludur.<\/li>\n\n\n\n<li class=\"\">Canl\u0131 bir \u00e7ay\u0131rda rengarenk kelebekleri kovalayan bir \u00e7ocu\u011fun nefes kesici \u00e7izgi roman ill\u00fcstrasyonu.<\/li>\n\n\n\n<li class=\"\">Nefes kesici grafik roman ill\u00fcstrasyonu Dalgalar\u0131n hik\u00e2yelerle \u00f6r\u00fcld\u00fc\u011f\u00fc bir kumsalda, ay \u0131\u015f\u0131\u011f\u0131ndan dokuma tezg\u00e2h\u0131 olan bir hik\u00e2ye anlat\u0131c\u0131s\u0131 gelgitlerden masallar \u00e7\u0131kar\u0131r. Deniz kabuklar\u0131 efsaneler f\u0131s\u0131ldar ve ufuk hen\u00fcz anlat\u0131lmam\u0131\u015f maceralar\u0131n goblenidir.<\/li>\n\n\n\n<li class=\"\">Bir \u00e7\u00f6l\u00fcn \u00fczerinde s\u00fcz\u00fclerek av\u0131n\u0131 arayan bir \u015fahinin nefes kesici \u00e7izgi roman ill\u00fcstrasyonu.<\/li>\n\n\n\n<li class=\"\">Nefes kesici \u00e7izgi roman ill\u00fcstrasyonu Kuzey Kutup Dairesi'nin derinliklerinde bir aurora g\u00f6ky\u00fcz\u00fcn\u00fc ye\u015fil, pembe ve morun canl\u0131 tonlar\u0131yla boyuyor. A\u015fa\u011f\u0131daki kar, bu \u0131\u015f\u0131k dans\u0131n\u0131 yans\u0131t\u0131r ve d\u00fcnya b\u00fcy\u00fcleyici bir renk senfonisiyle sar\u0131l\u0131r.<\/li>\n\n\n\n<li class=\"\">Bir m\u00fc\u015fterinin s\u0131rt\u0131ndaki karma\u015f\u0131k bir tasar\u0131m\u0131 detayland\u0131ran bir d\u00f6vme sanat\u00e7\u0131s\u0131n\u0131n nefes kesici \u00e7izgi roman ill\u00fcstrasyonu.<\/li>\n\n\n\n<li class=\"\">Renkli ipeklere b\u00fcr\u00fcnm\u00fc\u015f bir kad\u0131n\u0131n mum \u0131\u015f\u0131\u011f\u0131yla ayd\u0131nlat\u0131lm\u0131\u015f bir \u00e7ad\u0131rda tarot kartlar\u0131n\u0131 okuyu\u015funu g\u00f6steren nefes kesici bir \u00e7izgi roman ill\u00fcstrasyonu.<\/li>\n\n\n\n<li class=\"\">\u0130ki ma\u011farac\u0131n\u0131n derin bir ma\u011faran\u0131n haritas\u0131n\u0131 \u00e7\u0131kard\u0131\u011f\u0131, me\u015falelerin yolu ayd\u0131nlatt\u0131\u011f\u0131 nefes kesici grafik roman ill\u00fcstrasyonu.<\/li>\n<\/ol>\n\n\n\n<div style=\"height:50px\" aria-hidden=\"true\" class=\"wp-block-spacer\"><\/div>\n\n\n\n<h2 class=\"wp-block-heading\" id=\"introduction-to-ai-character-generator\">Yapay Zeka Karakter Olu\u015fturucuya Giri\u015f<\/h2>\n\n\n\n<p class=\"\">Dijital \u00e7a\u011fda, hikayeler, oyunlar veya ki\u015fisel projeler i\u00e7in benzersiz ve ilgi \u00e7ekici karakterler yaratmak, yapay zeka karakter olu\u015fturucular\u0131 sayesinde daha eri\u015filebilir hale geldi. Bu ara\u00e7lar, hayal g\u00fcc\u00fcn\u00fcz\u00fc hayata ge\u00e7irmek i\u00e7in geli\u015fmi\u015f algoritmalar kullan\u0131yor ve karakter yaratma konusunda sonsuz olanaklar sa\u011fl\u0131yor. Bu makale yapay zeka karakter olu\u015fturucular\u0131n\u0131n d\u00fcnyas\u0131n\u0131, faydalar\u0131n\u0131 ve bunlardan en iyi \u015fekilde nas\u0131l yararlan\u0131laca\u011f\u0131n\u0131 ara\u015ft\u0131r\u0131yor.<\/p>\n\n\n\n<div class=\"wp-block-rank-math-toc-block\" id=\"rank-math-toc\"><h3>\u0130\u00e7indekiler<\/h3><nav><ul><li><a href=\"#what-is-an-ai-character-generator\">Yapay Zeka Karakter \u00dcreticisi nedir?<\/a><\/li><li><a href=\"#why-use-an-ai-character-generator\">Neden Yapay Zeka Karakter Olu\u015fturucu Kullanmal\u0131?<\/a><\/li><li><a href=\"#benefits-of-using-ai-character-generators\">Yapay Zeka Karakter Olu\u015fturucular\u0131 Kullanman\u0131n Faydalar\u0131<\/a><\/li><li><a href=\"#when-to-use-it\">Ne Zaman Kullan\u0131lmal\u0131<\/a><\/li><li><a href=\"#who-should-use-it\">Kimler Kullanmal\u0131?<\/a><\/li><li><a href=\"#comparison-of-ai-character-generators\">Yapay Zeka Karakter \u00dcrete\u00e7lerinin Kar\u015f\u0131la\u015ft\u0131r\u0131lmas\u0131<\/a><\/li><li><a href=\"#faq\">SSS<\/a><\/li><\/ul><\/nav><\/div>\n\n\n\n<h3 class=\"wp-block-heading\" id=\"what-is-an-ai-character-generator\">Yapay Zeka Karakter \u00dcreticisi nedir?<\/h3>\n\n\n\n<p class=\"\">Yapay zeka karakter \u00fcreticisi, kullan\u0131c\u0131 girdilerine dayal\u0131 karakterler olu\u015fturmak i\u00e7in yapay zeka kullanan dijital bir ara\u00e7t\u0131r. Bu \u00fcrete\u00e7ler ayr\u0131nt\u0131l\u0131 karakter tasar\u0131mlar\u0131, ge\u00e7mi\u015fleri ve ki\u015filik \u00f6zellikleri \u00fcretebilir, bu da onlar\u0131 yazarlar, oyun geli\u015ftiricileri ve sanat\u00e7\u0131lar i\u00e7in de\u011ferli k\u0131lar.<\/p>\n\n\n\n<h3 class=\"wp-block-heading\" id=\"why-use-an-ai-character-generator\">Neden Yapay Zeka Karakter Olu\u015fturucu Kullanmal\u0131?<\/h3>\n\n\n\n<p class=\"\">Yapay zeka karakter jenerat\u00f6rleri, a\u015fa\u011f\u0131dakiler de dahil olmak \u00fczere \u00e7e\u015fitli avantajlar sunar:<\/p>\n\n\n\n<ul class=\"wp-block-list\">\n<li class=\"\"><strong>Verimlilik<\/strong>: Yo\u011fun manuel \u00e7aba harcamadan h\u0131zl\u0131ca karakter olu\u015fturun.<\/li>\n\n\n\n<li class=\"\"><strong>Yarat\u0131c\u0131l\u0131k Art\u0131\u015f\u0131<\/strong>: Daha \u00f6nce d\u00fc\u015f\u00fcnmedi\u011finiz yeni karakter fikirlerini ve tasar\u0131mlar\u0131n\u0131 ke\u015ffedin.<\/li>\n\n\n\n<li class=\"\"><strong>Tutarl\u0131l\u0131k<\/strong>: Farkl\u0131 projelerde karakter \u00f6zelliklerinde ve arka planlarda tutarl\u0131l\u0131\u011f\u0131 koruyun.<\/li>\n\n\n\n<li class=\"\"><strong>\u0130lham kayna\u011f\u0131<\/strong>: Yapay zeka \u00f6nerilerinden gelen taze fikirlerle yarat\u0131c\u0131 engellerin \u00fcstesinden gelin.<\/li>\n<\/ul>\n\n\n\n<h3 class=\"wp-block-heading\" id=\"benefits-of-using-ai-character-generators\">Yapay Zeka Karakter Olu\u015fturucular\u0131 Kullanman\u0131n Faydalar\u0131<\/h3>\n\n\n\n<p class=\"\">Yapay zeka karakter jenerat\u00f6rlerini kullanmak \u00e7ok say\u0131da avantaj sa\u011flar:<\/p>\n\n\n\n<ul class=\"wp-block-list\">\n<li class=\"\"><strong>Karakter Olu\u015fturucu \u00dccretsiz<\/strong>: Bir\u00e7ok yapay zeka karakter \u00fcreticisi \u00fccretsiz olarak mevcuttur, bu da onlar\u0131 herkes i\u00e7in eri\u015filebilir k\u0131lar.<\/li>\n\n\n\n<li class=\"\"><strong>Karakter Yapay Zekas\u0131 Olu\u015fturucu<\/strong>: Bu ara\u00e7lar, ger\u00e7ek\u00e7i ve farkl\u0131 karakterler olu\u015fturmak i\u00e7in geli\u015fmi\u015f yapay zeka algoritmalar\u0131 kullan\u0131r.<\/li>\n\n\n\n<li class=\"\"><strong>Bir Karakter Yarat\u0131n<\/strong>: Hikayeler, oyunlar ve sanat eserleri dahil olmak \u00fczere \u00e7e\u015fitli ortamlar i\u00e7in kolayca karakterler olu\u015fturun.<\/li>\n\n\n\n<li class=\"\"><strong>Karakter Ge\u00e7mi\u015fi Olu\u015fturucu<\/strong>: Karakterlerinize derinlik katan zorlay\u0131c\u0131 ge\u00e7mi\u015f hikayeleri olu\u015fturun.<\/li>\n\n\n\n<li class=\"\"><strong>Rastgele Karakter Tasar\u0131m\u0131 Olu\u015fturucu<\/strong>: Yarat\u0131c\u0131l\u0131\u011f\u0131 tetiklemek ve yeni olas\u0131l\u0131klar\u0131 ke\u015ffetmek i\u00e7in rastgele karakter tasar\u0131mlar\u0131 edinin.<\/li>\n<\/ul>\n\n\n\n<h3 class=\"wp-block-heading\" id=\"when-to-use-it\">Ne Zaman Kullan\u0131lmal\u0131<\/h3>\n\n\n\n<p class=\"\">Yapay zeka karakter jenerat\u00f6rleri a\u015fa\u011f\u0131daki senaryolar i\u00e7in idealdir:<\/p>\n\n\n\n<ul class=\"wp-block-list\">\n<li class=\"\"><strong>Oyun Geli\u015ftirme<\/strong>: Benzersiz \u00f6zelliklere sahip NPC'leri veya ana karakterleri h\u0131zla olu\u015fturun.<\/li>\n\n\n\n<li class=\"\"><strong>Hikaye Yaz\u0131m\u0131<\/strong>: Anlat\u0131lar\u0131n\u0131z i\u00e7in zengin arka planlara sahip ayr\u0131nt\u0131l\u0131 karakterler geli\u015ftirin.<\/li>\n\n\n\n<li class=\"\"><strong>Sanat Projeleri<\/strong>: \u0130ll\u00fcstrasyonlar veya \u00e7izgi romanlar i\u00e7in karakter tasar\u0131mlar\u0131 olu\u015fturun.<\/li>\n\n\n\n<li class=\"\"><strong>Rol Yapma Oyunlar\u0131<\/strong>: Masa \u00fcst\u00fc veya \u00e7evrimi\u00e7i RPG'ler i\u00e7in karma\u015f\u0131k ki\u015filiklere sahip karakterler olu\u015fturun.<\/li>\n<\/ul>\n\n\n\n<h3 class=\"wp-block-heading\" id=\"who-should-use-it\">Kimler Kullanmal\u0131?<\/h3>\n\n\n\n<p class=\"\">Yapay zeka karakter jenerat\u00f6rleri, a\u015fa\u011f\u0131dakiler de dahil olmak \u00fczere geni\u015f bir kullan\u0131c\u0131 yelpazesi i\u00e7in uygundur:<\/p>\n\n\n\n<ul class=\"wp-block-list\">\n<li class=\"\"><strong>Yazarlar<\/strong>: Hikayelerinizi iyi geli\u015ftirilmi\u015f karakterlerle zenginle\u015ftirin.<\/li>\n\n\n\n<li class=\"\"><strong>Oyun Geli\u015ftiricileri<\/strong>: Oyunlar\u0131n\u0131z i\u00e7in karakter olu\u015fturmada zaman kazan\u0131n.<\/li>\n\n\n\n<li class=\"\"><strong>Sanat\u00e7\u0131lar<\/strong>: Yeni karakter tasar\u0131mlar\u0131n\u0131 ve stillerini ke\u015ffedin.<\/li>\n\n\n\n<li class=\"\"><strong>RPG Merakl\u0131lar\u0131<\/strong>: Oyunlar\u0131n\u0131z i\u00e7in karma\u015f\u0131k karakterler geli\u015ftirin.<\/li>\n\n\n\n<li class=\"\"><strong>E\u011fitimciler<\/strong>: Karakter olu\u015fturucular\u0131 yarat\u0131c\u0131 yazma al\u0131\u015ft\u0131rmalar\u0131 i\u00e7in bir ara\u00e7 olarak kullan\u0131n.<\/li>\n<\/ul>\n\n\n\n<h3 class=\"wp-block-heading\" id=\"comparison-of-ai-character-generators\">Yapay Zeka Karakter \u00dcrete\u00e7lerinin Kar\u015f\u0131la\u015ft\u0131r\u0131lmas\u0131<\/h3>\n\n\n\n<p class=\"\">A\u015fa\u011f\u0131da \u00e7e\u015fitli yapay zeka karakter olu\u015fturucular\u0131n\u0131n kar\u015f\u0131la\u015ft\u0131rmas\u0131, art\u0131lar\u0131 ve eksileri, avantajlar\u0131, zorluklar\u0131 ve \u00f6nerileri yer almaktad\u0131r.<\/p>\n\n\n\n<figure class=\"wp-block-table\"><table class=\"has-fixed-layout\"><thead><tr><th>Ara\u00e7 Ad\u0131<\/th><th>Art\u0131lar\u0131<\/th><th>Eksiler<\/th><th>Avantajlar<\/th><th>Zorluklar<\/th><th>Tavsiyeler<\/th><\/tr><\/thead><tbody><tr><td><a href=\"https:\/\/aiartfree.online\/tr\/ai-karakter-ureteci\/\" data-type=\"link\" data-id=\"https:\/\/aiartfree.online\/ai-character-generator\">Yapay Zeka Karakter Olu\u015fturucu<\/a><\/td><td>Kullan\u0131m\u0131 kolay, \u00fccretsiz<\/td><td>S\u0131n\u0131rl\u0131 \u00f6zelle\u015ftirme<\/td><td>H\u0131zl\u0131 karakter olu\u015fturma<\/td><td>\u0130nternet ba\u011flant\u0131s\u0131 gerektirebilir<\/td><td>Yeni ba\u015flayanlar i\u00e7in en iyisi<\/td><\/tr><tr><td>Karakter Yarat\u0131c\u0131s\u0131<\/td><td>Son derece \u00f6zelle\u015ftirilebilir<\/td><td>Daha dik \u00f6\u011frenme e\u011frisi<\/td><td>Detayl\u0131 tasar\u0131mlar<\/td><td>Zaman al\u0131c\u0131 olabilir<\/td><td>Deneyimli kullan\u0131c\u0131lar i\u00e7in ideal<\/td><\/tr><tr><td>Rastgele Karakter Olu\u015fturucu<\/td><td>E\u011flenceli ve yarat\u0131c\u0131<\/td><td>Rastgelelik herkese uygun olmayabilir<\/td><td>\u0130lham almak i\u00e7in harika<\/td><td>\u00c7\u0131kt\u0131 \u00fczerinde daha az kontrol<\/td><td>Beyin f\u0131rt\u0131nas\u0131 i\u00e7in kullan\u0131n<\/td><\/tr><tr><td>Backstory Generator<\/td><td>Zengin arka planlar<\/td><td>S\u0131n\u0131rl\u0131 g\u00f6rsel tasar\u0131m<\/td><td>Karakter derinli\u011fini art\u0131r\u0131r<\/td><td>G\u00f6rsel unsurlardan yoksun olabilir<\/td><td>G\u00f6rsel ara\u00e7larla birle\u015ftirin<\/td><\/tr><tr><td>Kararl\u0131 Dif\u00fczyon<\/td><td>Y\u00fcksek kaliteli g\u00f6r\u00fcnt\u00fcler<\/td><td>Teknik beceri gerektirir<\/td><td>Son teknoloji yapay zeka<\/td><td>Karma\u015f\u0131k olabilir<\/td><td>\u0130leri d\u00fczey kullan\u0131c\u0131lar i\u00e7in en iyisi<\/td><\/tr><tr><td>\u00c7evrimi\u00e7i Sanat Ara\u00e7lar\u0131<\/td><td>\u00c7ok y\u00f6nl\u00fc ara\u00e7lar<\/td><td>Bunalt\u0131c\u0131 olabilir<\/td><td>Geni\u015f \u00f6zellik yelpazesi<\/td><td>\u00d6\u011frenme gerektirebilir<\/td><td>Kapsaml\u0131 projeler i\u00e7in en iyisi<\/td><\/tr><tr><td>Yapay Zeka Destekli Karakter Tasar\u0131m\u0131<\/td><td>H\u0131zl\u0131 ve verimli<\/td><td>Benzersizlikten yoksun olabilir<\/td><td>H\u0131zl\u0131 projeler i\u00e7in ideal<\/td><td>S\u0131n\u0131rl\u0131 ki\u015fiselle\u015ftirme<\/td><td>H\u0131zl\u0131 prototipleme i\u00e7in kullan\u0131n<\/td><\/tr><tr><td>Yapay Zeka ile \u00dcretilmi\u015f Sanat Olu\u015fturun<\/td><td>Yarat\u0131c\u0131 \u00e7\u0131kt\u0131lar<\/td><td>\u0130stemler gerektirir<\/td><td>\u0130lgi \u00e7ekici ve etkile\u015fimli<\/td><td>Deneme ve yan\u0131lma gerekebilir<\/td><td>Yarat\u0131c\u0131 ke\u015fifler i\u00e7in en iyisi<\/td><\/tr><tr><td>Yapay Zeka ile Olu\u015fturulmu\u015f Sanat \u00c7al\u0131\u015fmas\u0131<\/td><td>Y\u00fcksek ger\u00e7ek\u00e7ilik<\/td><td>Kaynak yo\u011fun olabilir<\/td><td>Fotoger\u00e7ek\u00e7i karakterler<\/td><td>G\u00fc\u00e7l\u00fc donan\u0131m gerektirir<\/td><td>\u00dcst d\u00fczey projeler i\u00e7in en iyisi<\/td><\/tr><tr><td>Yapay Zeka Sanat Jenerat\u00f6r\u00fc<\/td><td>Kolay eri\u015fim<\/td><td>S\u0131n\u0131rl\u0131 \u00fccretsiz se\u00e7enekler<\/td><td>Yeni ba\u015flayanlar i\u00e7in harika<\/td><td>Abonelik gerekebilir<\/td><td>Ba\u015flang\u0131\u00e7 i\u00e7in en iyisi<\/td><\/tr><\/tbody><\/table><\/figure>\n\n\n\n<p class=\"\">En iyi yapay zeka karakter \u00fcreticisi <a href=\"https:\/\/aiartfree.online\/tr\/ai-karakter-ureteci\/\">Yapay Zeka Karakter Olu\u015fturucu<\/a>detayl\u0131 ve benzersiz karakterler olu\u015fturmak i\u00e7in kullan\u0131c\u0131 dostu bir aray\u00fcz ve sa\u011flam \u00f6zellikler sunar.<\/p>\n\n\n\n<h3 class=\"wp-block-heading\" id=\"faq\">SSS<\/h3>\n\n\n\n<p class=\"\"><strong>S1: Yapay zeka karakter \u00fcreticisi nedir?<\/strong> Yapay zeka karakter \u00fcreticisi, tasar\u0131m, \u00f6zellikler ve ge\u00e7mi\u015f hikayeler de dahil olmak \u00fczere kullan\u0131c\u0131 girdilerine dayal\u0131 karakterler olu\u015fturmak i\u00e7in yapay zeka kullanan bir ara\u00e7t\u0131r.<\/p>\n\n\n\n<p class=\"\"><strong>S2: Yapay zeka karakter jenerat\u00f6rleri nas\u0131l \u00e7al\u0131\u015f\u0131r?<\/strong> Bu olu\u015fturucular, kullan\u0131c\u0131 girdilerini analiz etmek ve belirli \u00f6zelliklere ve tasar\u0131mlara sahip karakterler olu\u015fturmak i\u00e7in makine \u00f6\u011frenimi algoritmalar\u0131n\u0131 kullan\u0131r.<\/p>\n\n\n\n<p class=\"\"><strong>S3: Yapay zeka karakter olu\u015fturucular\u0131 \u00fccretsiz mi?<\/strong> Bir\u00e7ok AI karakter olu\u015fturucu \u00fccretsiz s\u00fcr\u00fcmler sunar, ancak baz\u0131lar\u0131n\u0131n \u00f6deme gerektiren premium \u00f6zellikleri olabilir.<\/p>\n\n\n\n<p class=\"\"><strong>S4: Yapay zeka karakter olu\u015fturucular\u0131ndaki karakterleri \u00f6zelle\u015ftirebilir miyim?<\/strong> Evet, \u00e7o\u011fu yapay zeka karakter olu\u015fturucu, ihtiya\u00e7lar\u0131n\u0131za uyacak \u015fekilde \u00e7e\u015fitli d\u00fczeylerde \u00f6zelle\u015ftirmeye izin verir.<\/p>\n\n\n\n<p class=\"\"><strong>S5: En iyi yapay zeka karakter jenerat\u00f6rleri hangileridir?<\/strong> En iyi yapay zeka karakter olu\u015fturucular\u0131ndan baz\u0131lar\u0131 \u015funlard\u0131r <a href=\"https:\/\/aiartfree.online\/tr\/ai-karakter-ureteci\/\">Yapay Zeka Karakter Olu\u015fturucu<\/a>, Karakter Yarat\u0131c\u0131s\u0131 ve Rastgele Karakter Olu\u015fturucu.<\/p>\n\n\n\n<p class=\"\"><strong>S6: Yapay zeka karakter \u00fcrete\u00e7lerini yaz\u0131 yazarken nas\u0131l kullanabilirim?<\/strong> Yazarlar bu ara\u00e7lar\u0131 detayl\u0131 karakterler ve ge\u00e7mi\u015f hikayeler geli\u015ftirmek i\u00e7in kullanabilir ve hikaye anlat\u0131mlar\u0131n\u0131 geli\u015ftirebilirler.<\/p>\n\n\n\n<p class=\"\"><strong>S7: Yapay zeka karakter jenerat\u00f6rleri oyun geli\u015ftirme i\u00e7in faydal\u0131 m\u0131?<\/strong> Kesinlikle. Bu ara\u00e7lar, oyunlar i\u00e7in h\u0131zl\u0131 bir \u015fekilde \u00e7e\u015fitli ve karma\u015f\u0131k karakterler olu\u015fturarak zaman ve kaynak tasarrufu sa\u011flayabilir.<\/p>\n\n\n\n<p class=\"\"><strong>S8: Yapay zeka karakter \u00fcreticileri ger\u00e7ek\u00e7i karakterler yaratabilir mi?<\/strong> Evet, Stable Diffusion ve AI Generated Artwork gibi baz\u0131 geli\u015fmi\u015f jenerat\u00f6rler olduk\u00e7a ger\u00e7ek\u00e7i karakterler \u00fcretir.<\/p>\n\n\n\n<p class=\"\"><strong>S9: Bir yapay zeka karakter \u00fcreticisi se\u00e7erken nelere dikkat etmeliyim?<\/strong> Kullan\u0131m kolayl\u0131\u011f\u0131, \u00f6zelle\u015ftirme se\u00e7enekleri, \u00e7\u0131kt\u0131 kalitesi ve \u00f6zel ihtiya\u00e7lar\u0131n\u0131z\u0131 kar\u015f\u0131lay\u0131p kar\u015f\u0131lamad\u0131\u011f\u0131 gibi fakt\u00f6rleri g\u00f6z \u00f6n\u00fcnde bulundurun.<\/p>\n\n\n\n<p class=\"\"><strong>Q10: En iyi yapay zeka karakter \u00fcretecini nerede bulabilirim?<\/strong> En iyi yapay zeka karakter \u00fcreteci \u015fu adreste bulunabilir <a href=\"https:\/\/aiartfree.online\/tr\/ai-karakter-ureteci\/\">Yapay Zeka Karakter Olu\u015fturucu<\/a>karakter yarat\u0131m\u0131 i\u00e7in kapsaml\u0131 bir \u00f6zellik paketi sunuyor.<\/p>\n\n\n\n<p class=\"\">Yapay zeka karakter olu\u015fturucular\u0131n\u0131n g\u00fcc\u00fcnden yararlanarak karakter olu\u015fturma s\u00fcrecini kolayla\u015ft\u0131rabilir, yarat\u0131c\u0131l\u0131\u011f\u0131 art\u0131rabilir ve karakterlerinizi kolayl\u0131kla hayata ge\u00e7irebilirsiniz.<\/p>\n\n\n\n<p class=\"\">Ba\u015fka sorular\u0131n\u0131z varsa, l\u00fctfen sorunuz <a href=\"https:\/\/chatgpt4o.space\/\" target=\"_blank\" data-type=\"link\" data-id=\"https:\/\/chatgpt4o.space\/\" rel=\"noreferrer noopener\">\u00fccretsiz \u00e7evrimi\u00e7i ChatGPT 4o mini<\/a><\/p>","protected":false},"excerpt":{"rendered":"<p>What our users made 3 Steps to Use AI Character Generator *&nbsp;Depending on your internet speed, loading the model may take a few seconds.* There will be caching during continuous generation, and the new image will appear after about 3 seconds. Prompt Examples Introduction to AI Character Generator In the digital age, creating unique and &#8230; <a title=\"Yapay Zeka Karakter Olu\u015fturucu\" class=\"read-more\" href=\"https:\/\/aiartfree.online\/tr\/ai-karakter-ureteci\/\" aria-label=\"Read more about AI Character Generator\">Devam\u0131n\u0131 oku<\/a><\/p>","protected":false},"author":1,"featured_media":2961,"parent":0,"menu_order":0,"comment_status":"open","ping_status":"closed","template":"","meta":{"nf_dc_page":"","footnotes":""},"class_list":["post-2958","page","type-page","status-publish","has-post-thumbnail"],"jetpack_sharing_enabled":true,"_links":{"self":[{"href":"https:\/\/aiartfree.online\/tr\/wp-json\/wp\/v2\/pages\/2958","targetHints":{"allow":["GET"]}}],"collection":[{"href":"https:\/\/aiartfree.online\/tr\/wp-json\/wp\/v2\/pages"}],"about":[{"href":"https:\/\/aiartfree.online\/tr\/wp-json\/wp\/v2\/types\/page"}],"author":[{"embeddable":true,"href":"https:\/\/aiartfree.online\/tr\/wp-json\/wp\/v2\/users\/1"}],"replies":[{"embeddable":true,"href":"https:\/\/aiartfree.online\/tr\/wp-json\/wp\/v2\/comments?post=2958"}],"version-history":[{"count":1,"href":"https:\/\/aiartfree.online\/tr\/wp-json\/wp\/v2\/pages\/2958\/revisions"}],"predecessor-version":[{"id":3596,"href":"https:\/\/aiartfree.online\/tr\/wp-json\/wp\/v2\/pages\/2958\/revisions\/3596"}],"wp:featuredmedia":[{"embeddable":true,"href":"https:\/\/aiartfree.online\/tr\/wp-json\/wp\/v2\/media\/2961"}],"wp:attachment":[{"href":"https:\/\/aiartfree.online\/tr\/wp-json\/wp\/v2\/media?parent=2958"}],"curies":[{"name":"wp","href":"https:\/\/api.w.org\/{rel}","templated":true}]}}