{"id":2941,"date":"2024-07-18T13:56:58","date_gmt":"2024-07-18T13:56:58","guid":{"rendered":"https:\/\/aiartfree.online\/?page_id=2941"},"modified":"2024-08-02T12:30:47","modified_gmt":"2024-08-02T12:30:47","slug":"ai-cartoon-generator","status":"publish","type":"page","link":"https:\/\/aiartfree.online\/tr\/ai-karikatur-jeneratoru\/","title":{"rendered":"AI Karikat\u00fcr Olu\u015fturucu"},"content":{"rendered":"<h2 class=\"wp-block-heading has-text-align-center\" id=\"before-vs-after\">\u00d6ncesi ve Sonras\u0131<\/h2>\n\n\n\n<figure class=\"gb-block-image gb-block-image-1822da1f\"><img data-recalc-dims=\"1\" decoding=\"async\" loading=\"lazy\" width=\"1024\" height=\"508\" class=\"gb-image gb-image-1822da1f\" src=\"https:\/\/i0.wp.com\/aiartfree.online\/wp-content\/uploads\/2024\/07\/WX20240717-175407%402x-1-1-1.jpg?resize=1024%2C508&#038;ssl=1\" alt=\"AI Karikat\u00fcr Olu\u015fturucu\" title=\"WX20240717-175407@2x (1) (1) (1)\" srcset=\"https:\/\/i0.wp.com\/aiartfree.online\/wp-content\/uploads\/2024\/07\/WX20240717-175407%402x-1-1-1-scaled.jpg?resize=1024%2C508&amp;ssl=1 1024w, https:\/\/i0.wp.com\/aiartfree.online\/wp-content\/uploads\/2024\/07\/WX20240717-175407%402x-1-1-1-scaled.jpg?resize=300%2C149&amp;ssl=1 300w, https:\/\/i0.wp.com\/aiartfree.online\/wp-content\/uploads\/2024\/07\/WX20240717-175407%402x-1-1-1-scaled.jpg?resize=768%2C381&amp;ssl=1 768w, https:\/\/i0.wp.com\/aiartfree.online\/wp-content\/uploads\/2024\/07\/WX20240717-175407%402x-1-1-1-scaled.jpg?resize=1536%2C763&amp;ssl=1 1536w, https:\/\/i0.wp.com\/aiartfree.online\/wp-content\/uploads\/2024\/07\/WX20240717-175407%402x-1-1-1-scaled.jpg?resize=2048%2C1017&amp;ssl=1 2048w, https:\/\/i0.wp.com\/aiartfree.online\/wp-content\/uploads\/2024\/07\/WX20240717-175407%402x-1-1-1-scaled.jpg?resize=18%2C9&amp;ssl=1 18w, https:\/\/i0.wp.com\/aiartfree.online\/wp-content\/uploads\/2024\/07\/WX20240717-175407%402x-1-1-1-scaled.jpg?resize=600%2C298&amp;ssl=1 600w, https:\/\/i0.wp.com\/aiartfree.online\/wp-content\/uploads\/2024\/07\/WX20240717-175407%402x-1-1-1-scaled.jpg?w=2400&amp;ssl=1 2400w\" sizes=\"auto, (max-width: 1024px) 100vw, 1024px\" \/><\/figure>\n\n\n\n<h2 class=\"wp-block-heading\" id=\"how-to-use-ai-cartoon-generator\">AI Cartoon Generator nas\u0131l kullan\u0131l\u0131r<\/h2>\n\n\n\n<ol class=\"wp-block-list\">\n<li class=\"\">Foto\u011fraf\u0131n\u0131z\u0131 veya istedi\u011finiz herhangi bir resmi b\u0131rak\u0131n veya y\u00fckleyin<\/li>\n\n\n\n<li class=\"\">\"G\u00f6nder \"e t\u0131klay\u0131n<\/li>\n\n\n\n<li class=\"\">Bekle, i\u015fte bu!<\/li>\n<\/ol>\n\n\n\n<p class=\"\"><em>* \u0130nternet h\u0131z\u0131n\u0131za ba\u011fl\u0131 olarak modelin y\u00fcklenmesi birka\u00e7 saniye s\u00fcrebilir.<br>* S\u00fcrekli olu\u015fturma s\u0131ras\u0131nda \u00f6nbelle\u011fe alma olacakt\u0131r ve yeni g\u00f6r\u00fcnt\u00fc yakla\u015f\u0131k 3 saniye sonra g\u00f6r\u00fcnecektir.<\/em><\/p>\n\n\n\n<div class=\"iframe-wrapper\" style=\"position: relative; width: 100%; height: 1800px;\">\n  <div class=\"loading\" style=\"position: absolute; top: 50px; left: 50%; transform: translate(-50%, -50%); width: 40px; height: 40px; border: 3px solid #f0f0f0; border-top: 3px solid #db7093; border-radius: 50%; animation: spin 1s linear infinite;\"><\/div>\n  <iframe loading=\"lazy\" src=\"https:\/\/akhaliq-animeganv2.hf.space\" frameborder=\"0\" width=\"100%\" height=\"100%\" style=\"position: absolute; top: 0; left: 0; opacity: 0; transition: opacity 0.3s;\" onload=\"this.style.opacity=1;this.previousElementSibling.style.display='none';\"><\/iframe>\n<\/div>\n\n<style>\n@keyframes spin {\n  0% { transform: translate(-50%, -50%) rotate(0deg); }\n  100% { transform: translate(-50%, -50%) rotate(360deg); }\n}\n<\/style>\n\n\n\n<div style=\"height:50px\" aria-hidden=\"true\" class=\"wp-block-spacer\"><\/div>\n\n\n\n<h2 class=\"wp-block-heading\" id=\"introduction-of-ai-cartoon-generator\">AI Cartoon Generator'\u0131n Tan\u0131t\u0131m\u0131<\/h2>\n\n\n\n<p class=\"\">Foto\u011fraflar\u0131n karikat\u00fcr versiyonlar\u0131n\u0131 olu\u015fturmak son y\u0131llarda pop\u00fcler bir trend haline geldi. Yapay zeka karikat\u00fcr olu\u015fturucu, kullan\u0131c\u0131lar\u0131n foto\u011fraflar\u0131n\u0131 h\u0131zl\u0131 ve kolay bir \u015fekilde karikat\u00fcr g\u00f6r\u00fcnt\u00fclerine d\u00f6n\u00fc\u015ft\u00fcrmelerine olanak tan\u0131r. Bu makalede, yapay zeka karikat\u00fcr olu\u015fturucunun ne oldu\u011funu, neden faydal\u0131 oldu\u011funu, nas\u0131l kullan\u0131laca\u011f\u0131n\u0131 ve kimlerin bundan yararlanabilece\u011fini inceleyece\u011fiz. Ek olarak, \u00e7evrimi\u00e7i olarak mevcut olan \u00e7e\u015fitli AI karikat\u00fcr jenerat\u00f6rlerinin kapsaml\u0131 bir kar\u015f\u0131la\u015ft\u0131rmas\u0131n\u0131 sa\u011flayaca\u011f\u0131z.<\/p>\n\n\n\n<div class=\"wp-block-rank-math-toc-block\" id=\"rank-math-toc\"><h3>\u0130\u00e7indekiler<\/h3><nav><ul><li><a href=\"#what-is-an-ai-cartoon-generator\">Yapay Zeka Karikat\u00fcr Jenerat\u00f6r\u00fc nedir?<\/a><\/li><li><a href=\"#why-use-an-ai-cartoon-generator\">Neden Yapay Zeka Karikat\u00fcr Jenerat\u00f6r\u00fc Kullanmal\u0131?<\/a><\/li><li><a href=\"#benefits-of-using-an-ai-cartoon-generator\">Yapay Zeka Karikat\u00fcr Olu\u015fturucu Kullanman\u0131n Faydalar\u0131<\/a><\/li><li><a href=\"#when-to-use-an-ai-cartoon-generator\">Yapay Zeka Karikat\u00fcr Olu\u015fturucu Ne Zaman Kullan\u0131l\u0131r?<\/a><\/li><li><a href=\"#who-should-use-an-ai-cartoon-generator\">Yapay Zeka Karikat\u00fcr Jenerat\u00f6r\u00fcn\u00fc Kimler Kullanmal\u0131?<\/a><\/li><li><a href=\"#comparison-of-ai-cartoon-generators\">Yapay Zeka Karikat\u00fcr \u00dcrete\u00e7lerinin Kar\u015f\u0131la\u015ft\u0131r\u0131lmas\u0131<\/a><\/li><li><a href=\"#faq\">SSS<\/a><\/li><\/ul><\/nav><\/div>\n\n\n\n<h3 class=\"wp-block-heading\" id=\"what-is-an-ai-cartoon-generator\">Yapay Zeka Karikat\u00fcr Jenerat\u00f6r\u00fc nedir?<\/h3>\n\n\n\n<p class=\"\">Yapay zeka karikat\u00fcr olu\u015fturucu, bir foto\u011fraf\u0131 karikat\u00fcr g\u00f6r\u00fcnt\u00fcs\u00fcne d\u00f6n\u00fc\u015ft\u00fcrmek i\u00e7in yapay zeka kullanan bir yaz\u0131l\u0131m arac\u0131d\u0131r. Bu ara\u00e7lar, geli\u015fmi\u015f algoritmalar ve makine \u00f6\u011frenimi kullanarak bir resmi karikat\u00fcrize edebilir, foto\u011fraflar\u0131n\u0131zdan benzersiz ve ki\u015fiselle\u015ftirilmi\u015f \u00e7izgi film karakterleri veya avatarlar olu\u015fturabilir.<\/p>\n\n\n\n<h3 class=\"wp-block-heading\" id=\"why-use-an-ai-cartoon-generator\">Neden Yapay Zeka Karikat\u00fcr Jenerat\u00f6r\u00fc Kullanmal\u0131?<\/h3>\n\n\n\n<p class=\"\">AI karikat\u00fcr jenerat\u00f6rleri, resimleri minimum \u00e7abayla h\u0131zl\u0131 bir \u015fekilde karikat\u00fcrlere d\u00f6n\u00fc\u015ft\u00fcrme yetenekleri nedeniyle pop\u00fclerlik kazanm\u0131\u015ft\u0131r. Sosyal medya, profil resimleri veya sadece ki\u015fisel e\u011flence i\u00e7in karikat\u00fcr g\u00f6r\u00fcnt\u00fcleri olu\u015fturman\u0131n e\u011flenceli bir yolunu sunarlar.<\/p>\n\n\n\n<h3 class=\"wp-block-heading\" id=\"benefits-of-using-an-ai-cartoon-generator\">Yapay Zeka Karikat\u00fcr Olu\u015fturucu Kullanman\u0131n Faydalar\u0131<\/h3>\n\n\n\n<ol class=\"wp-block-list\">\n<li class=\"\"><strong>Kolay Kullan\u0131m:<\/strong> \u00c7o\u011fu yapay zekal\u0131 karikat\u00fcr olu\u015fturucu, bir foto\u011fraf\u0131 karikat\u00fcre d\u00f6n\u00fc\u015ft\u00fcrmek i\u00e7in sadece birka\u00e7 t\u0131klama gerektirir.<\/li>\n\n\n\n<li class=\"\"><strong>H\u0131zl\u0131 \u0130\u015flem:<\/strong> Yapay zeka algoritmalar\u0131 g\u00f6r\u00fcnt\u00fcleri h\u0131zl\u0131 bir \u015fekilde i\u015fleyerek neredeyse an\u0131nda sonu\u00e7lar sa\u011flayabilir.<\/li>\n\n\n\n<li class=\"\"><strong>Y\u00fcksek Kalite:<\/strong> Olu\u015fturulan karikat\u00fcr g\u00f6r\u00fcnt\u00fcleri genellikle y\u00fcksek kalitelidir ve \u00e7e\u015fitli kullan\u0131mlar i\u00e7in uygundur.<\/li>\n\n\n\n<li class=\"\"><strong>\u00d6zelle\u015ftirme:<\/strong> Bir\u00e7ok ara\u00e7, karikat\u00fcr stillerinin \u00f6zelle\u015ftirilmesine izin vererek her g\u00f6r\u00fcnt\u00fcy\u00fc benzersiz k\u0131lar.<\/li>\n\n\n\n<li class=\"\"><strong>\u00dccretsiz Se\u00e7enekler:<\/strong> \u00c7ok say\u0131da \u00e7evrimi\u00e7i ara\u00e7, foto\u011fraftan karikat\u00fcre d\u00f6n\u00fc\u015ft\u00fcrme i\u00e7in \u00fccretsiz hizmetler sunmaktad\u0131r.<\/li>\n<\/ol>\n\n\n\n<h3 class=\"wp-block-heading\" id=\"when-to-use-an-ai-cartoon-generator\">Yapay Zeka Karikat\u00fcr Olu\u015fturucu Ne Zaman Kullan\u0131l\u0131r?<\/h3>\n\n\n\n<p class=\"\">AI karikat\u00fcr jenerat\u00f6rleri \u015funlar i\u00e7in idealdir:<\/p>\n\n\n\n<ul class=\"wp-block-list\">\n<li class=\"\"><strong>Sosyal Medya \u0130\u00e7eri\u011fi Olu\u015fturma:<\/strong> \u0130lgi \u00e7ekici ve benzersiz karikat\u00fcr g\u00f6rselleri sosyal medya payla\u015f\u0131mlar\u0131n\u0131 zenginle\u015ftirebilir.<\/li>\n\n\n\n<li class=\"\"><strong>Profil Resimleri Yapmak:<\/strong> Karikat\u00fcr profiller \u00f6ne \u00e7\u0131kar ve ki\u015fisel bir dokunu\u015f katar.<\/li>\n\n\n\n<li class=\"\"><strong>E\u011flenceli Projeler:<\/strong> E\u011flence veya yarat\u0131c\u0131 projeler i\u00e7in kendinizi bir karikat\u00fcre d\u00f6n\u00fc\u015ft\u00fcrmek.<\/li>\n\n\n\n<li class=\"\"><strong>Profesyonel Kullan\u0131m:<\/strong> \u0130ll\u00fcstrat\u00f6rler ve tasar\u0131mc\u0131lar bu ara\u00e7lar\u0131 h\u0131zl\u0131 bir \u015fekilde karikat\u00fcr g\u00f6r\u00fcnt\u00fcleri olu\u015fturmak i\u00e7in kullanabilirler.<\/li>\n<\/ul>\n\n\n\n<h3 class=\"wp-block-heading\" id=\"who-should-use-an-ai-cartoon-generator\">Yapay Zeka Karikat\u00fcr Jenerat\u00f6r\u00fcn\u00fc Kimler Kullanmal\u0131?<\/h3>\n\n\n\n<p class=\"\">AI karikat\u00fcr jenerat\u00f6rleri a\u015fa\u011f\u0131dakiler i\u00e7in uygundur:<\/p>\n\n\n\n<ul class=\"wp-block-list\">\n<li class=\"\"><strong>Bireyler:<\/strong> Foto\u011fraflar\u0131n\u0131n karikat\u00fcr versiyonunu olu\u015fturmak isteyen herkes.<\/li>\n\n\n\n<li class=\"\"><strong>Sosyal Medya Etkileyicileri:<\/strong> \u0130lgi \u00e7ekici i\u00e7erik olu\u015fturmak i\u00e7in.<\/li>\n\n\n\n<li class=\"\"><strong>\u0130\u015fletmeler:<\/strong> Benzersiz pazarlama materyalleri i\u00e7in.<\/li>\n\n\n\n<li class=\"\"><strong>Sanat\u00e7\u0131lar ve Tasar\u0131mc\u0131lar:<\/strong> H\u0131zl\u0131 bir \u015fekilde karikat\u00fcr fikirleri \u00fcretmek i\u00e7in.<\/li>\n\n\n\n<li class=\"\"><strong>\u0130\u00e7erik Olu\u015fturucular:<\/strong> \u0130\u00e7eriklerine e\u011flenceli bir unsur ekledikleri i\u00e7in.<\/li>\n<\/ul>\n\n\n\n<h3 class=\"wp-block-heading\" id=\"comparison-of-ai-cartoon-generators\">Yapay Zeka Karikat\u00fcr \u00dcrete\u00e7lerinin Kar\u015f\u0131la\u015ft\u0131r\u0131lmas\u0131<\/h3>\n\n\n\n<figure class=\"wp-block-table\"><table class=\"has-fixed-layout\"><thead><tr><th>Alet<\/th><th>Art\u0131lar\u0131<\/th><th>Eksiler<\/th><th>\u00d6zellikler<\/th><th>Tavsiyeler<\/th><\/tr><\/thead><tbody><tr><td><a href=\"https:\/\/aiartfree.online\/tr\/ai-karikatur-jeneratoru\/\" target=\"_blank\" data-type=\"link\" data-id=\"https:\/\/aiartfree.online\/ai-cartoon-generator\/\" rel=\"noreferrer noopener\">AI Karikat\u00fcr Olu\u015fturucu<\/a><\/td><td>Kullan\u0131m\u0131 kolay, \u00fccretsiz<\/td><td>S\u0131n\u0131rl\u0131 \u00f6zelle\u015ftirme<\/td><td>Foto\u011fraftan karikat\u00fcre, farkl\u0131 stiller<\/td><td>Temel kullan\u0131m i\u00e7in iyi<\/td><\/tr><tr><td>ToonMe<\/td><td>Y\u00fcksek kalite, h\u0131zl\u0131<\/td><td>\u00dccretsiz s\u00fcr\u00fcmde filigran<\/td><td>\u00c7e\u015fitli karikat\u00fcr stilleri, h\u0131zl\u0131 i\u015fleme<\/td><td>Y\u00fcksek kaliteli g\u00f6r\u00fcnt\u00fcler i\u00e7in en iyisi<\/td><\/tr><tr><td>Foto\u011fraf Laboratuvar\u0131<\/td><td>Bir\u00e7ok etki<\/td><td>\u00dccretsiz s\u00fcr\u00fcmde reklamlar<\/td><td>\u00c7oklu efektler ve filtreler<\/td><td>\u00c7e\u015fitli efektler i\u00e7in harika<\/td><\/tr><tr><td>PicsArt<\/td><td>\u00c7ok y\u00f6nl\u00fc, \u00e7ok say\u0131da ara\u00e7<\/td><td>Oturum a\u00e7ma gerektirir<\/td><td>Foto\u011fraf d\u00fczenleme, karikat\u00fcr efektleri<\/td><td>\u0130leri d\u00fczey kullan\u0131c\u0131lar i\u00e7in en iyisi<\/td><\/tr><tr><td>BeFunky<\/td><td>Kullan\u0131m\u0131 kolay<\/td><td>S\u0131n\u0131rl\u0131 \u00fccretsiz \u00f6zellikler<\/td><td>Basit d\u00fczenleme, \u00e7izgi film efektleri<\/td><td>Yeni ba\u015flayanlar i\u00e7in iyi<\/td><\/tr><tr><td>Derin Sanat Efektleri<\/td><td>Y\u00fcksek kalite<\/td><td>HD i\u00e7in \u00f6deme gerektirir<\/td><td>Yapay zeka taraf\u0131ndan olu\u015fturulan sanat stilleri<\/td><td>Y\u00fcksek kaliteli sonu\u00e7lar i\u00e7in en iyisi<\/td><\/tr><tr><td>Prisma<\/td><td>\u015e\u0131k sonu\u00e7lar<\/td><td>S\u0131n\u0131rl\u0131 say\u0131da \u00fccretsiz stil<\/td><td>\u00c7e\u015fitli sanatsal filtreler<\/td><td>Sanatsal stiller i\u00e7in harika<\/td><\/tr><tr><td>Painnt<\/td><td>Bir\u00e7ok stil<\/td><td>\u00dccretsiz s\u00fcr\u00fcmde filigran<\/td><td>Sanatsal filtreler ve stiller<\/td><td>Sanatsal \u00e7e\u015fitlilik i\u00e7in en iyisi<\/td><\/tr><tr><td>LunaPic<\/td><td>\u00dccretsiz, \u00e7ok y\u00f6nl\u00fc<\/td><td>Eski aray\u00fcz<\/td><td>Bir\u00e7ok efekt ve ara\u00e7<\/td><td>\u00dccretsiz kullan\u0131m i\u00e7in en iyisi<\/td><\/tr><tr><td>Fotor<\/td><td>Kullan\u0131m\u0131 kolay, \u00e7ok y\u00f6nl\u00fc<\/td><td>S\u0131n\u0131rl\u0131 \u00fccretsiz \u00f6zellikler<\/td><td>D\u00fczenleme ara\u00e7lar\u0131, \u00e7izgi film efektleri<\/td><td>Genel kullan\u0131m i\u00e7in en iyisi<\/td><\/tr><\/tbody><\/table><\/figure>\n\n\n\n<h3 class=\"wp-block-heading\" id=\"faq\">SSS<\/h3>\n\n\n\n<p class=\"\"><strong>1. Yapay zeka karikat\u00fcr jenerat\u00f6r\u00fc nedir?<\/strong><br>Yapay zeka karikat\u00fcr jenerat\u00f6r\u00fc, foto\u011fraflar\u0131 karikat\u00fcr g\u00f6r\u00fcnt\u00fclerine d\u00f6n\u00fc\u015ft\u00fcrmek i\u00e7in yapay zeka kullanan bir ara\u00e7t\u0131r.<\/p>\n\n\n\n<p class=\"\"><strong>2. Yapay zeka karikat\u00fcr jenerat\u00f6r\u00fc nas\u0131l \u00e7al\u0131\u015f\u0131r?<\/strong><br>Foto\u011fraf \u00f6zelliklerini analiz etmek ve karikat\u00fcr benzeri g\u00f6r\u00fcnt\u00fclere d\u00f6n\u00fc\u015ft\u00fcrmek i\u00e7in makine \u00f6\u011frenimi algoritmalar\u0131 kullan\u0131r.<\/p>\n\n\n\n<p class=\"\"><strong>3. Yapay zeka karikat\u00fcr jenerat\u00f6rleri \u00fccretsiz mi?<\/strong><br>Bir\u00e7ok ara\u00e7 temel \u00f6zelliklere sahip \u00fccretsiz s\u00fcr\u00fcmler sunar, ancak baz\u0131lar\u0131n\u0131n premium se\u00e7enekleri olabilir.<\/p>\n\n\n\n<p class=\"\"><strong>4. En iyi yapay zeka karikat\u00fcr jenerat\u00f6rleri hangileridir?<\/strong><br>En iyi ara\u00e7lardan baz\u0131lar\u0131 ToonMe, Photo Lab ve Prisma'd\u0131r.<\/p>\n\n\n\n<p class=\"\"><strong>5. Karikat\u00fcr stillerini \u00f6zelle\u015ftirebilir miyim?<\/strong><br>Evet, bir\u00e7ok ara\u00e7 karikat\u00fcr stillerinin \u00f6zelle\u015ftirilmesine izin verir.<\/p>\n\n\n\n<p class=\"\"><strong>6. \u00c7evrimi\u00e7i yapay zeka karikat\u00fcr jenerat\u00f6rlerini kullanmak g\u00fcvenli midir?<\/strong><br>\u00c7o\u011fu sayg\u0131n ara\u00e7 g\u00fcvenlidir, ancak her zaman g\u00fcvenlik ve gizlilik politikalar\u0131n\u0131 kontrol edin.<\/p>\n\n\n\n<p class=\"\"><strong>7. AI karikat\u00fcr jenerat\u00f6rlerini ticari ama\u00e7lar i\u00e7in kullanabilir miyim?<\/strong><br>Bu, arac\u0131n kullan\u0131m ko\u015fullar\u0131na ba\u011fl\u0131d\u0131r; baz\u0131lar\u0131 ticari kullan\u0131ma izin verirken baz\u0131lar\u0131 vermeyebilir.<\/p>\n\n\n\n<p class=\"\"><strong>8. Bir foto\u011fraf\u0131 karikat\u00fcrize etmek ne kadar s\u00fcrer?<\/strong><br>\u0130\u015flem s\u00fcreleri de\u011fi\u015fmekle birlikte genellikle h\u0131zl\u0131d\u0131r, genellikle sadece birka\u00e7 saniyedir.<\/p>\n\n\n\n<p class=\"\"><strong>9. AI karikat\u00fcr jenerat\u00f6rleri herhangi bir foto\u011fraf \u00fczerinde \u00e7al\u0131\u015fabilir mi?<\/strong><br>En iyi net, y\u00fcksek kaliteli foto\u011fraflarda \u00e7al\u0131\u015f\u0131rlar.<\/p>\n\n\n\n<p class=\"\"><strong>10. Yeni ba\u015flayanlar i\u00e7in en iyi AI karikat\u00fcr jenerat\u00f6r\u00fc nedir?<\/strong><br>BeFunky ve Cartoonify basitlikleri ve kullan\u0131m kolayl\u0131klar\u0131 nedeniyle yeni ba\u015flayanlar i\u00e7in harika se\u00e7eneklerdir.<\/p>\n\n\n\n<p class=\"\">Yapay zeka karikat\u00fcr olu\u015fturucu kullanmak, foto\u011fraflar\u0131n\u0131zdan benzersiz ve ilgi \u00e7ekici karikat\u00fcr g\u00f6r\u00fcnt\u00fcleri olu\u015fturman\u0131n e\u011flenceli ve kolay bir yoludur. \u0130ster sosyal medya i\u00e7in i\u00e7erik, ister benzersiz bir profil resmi olu\u015fturmak, ister sadece biraz e\u011flenmek istiyor olun, bu ara\u00e7lar ihtiya\u00e7lar\u0131n\u0131z\u0131 kar\u015f\u0131layacak \u00e7e\u015fitli \u00f6zellikler sunar. <\/p>\n\n\n\n<p class=\"\">Ba\u015fka sorular\u0131n\u0131z varsa, l\u00fctfen sorunuz <a href=\"https:\/\/chatgpt4o.space\/\" data-type=\"link\" data-id=\"https:\/\/chatgpt4o.space\/\" target=\"_blank\" rel=\"noreferrer noopener\">\u00fccretsiz \u00e7evrimi\u00e7i ChatGPT 4o mini<\/a><\/p>","protected":false},"excerpt":{"rendered":"<p>Before vs After How to use AI Cartoon Generator *&nbsp;Depending on your internet speed, loading the model may take a few seconds.* There will be caching during continuous generation, and the new image will appear after about 3 seconds. Introduction of AI Cartoon Generator Creating cartoon versions of photos has become a popular trend in &#8230; <a title=\"AI Karikat\u00fcr Olu\u015fturucu\" class=\"read-more\" href=\"https:\/\/aiartfree.online\/tr\/ai-karikatur-jeneratoru\/\" aria-label=\"Read more about AI Cartoon Generator\">Devam\u0131n\u0131 oku<\/a><\/p>","protected":false},"author":1,"featured_media":2875,"parent":0,"menu_order":0,"comment_status":"open","ping_status":"closed","template":"","meta":{"nf_dc_page":"","footnotes":""},"class_list":["post-2941","page","type-page","status-publish","has-post-thumbnail"],"jetpack_sharing_enabled":true,"_links":{"self":[{"href":"https:\/\/aiartfree.online\/tr\/wp-json\/wp\/v2\/pages\/2941","targetHints":{"allow":["GET"]}}],"collection":[{"href":"https:\/\/aiartfree.online\/tr\/wp-json\/wp\/v2\/pages"}],"about":[{"href":"https:\/\/aiartfree.online\/tr\/wp-json\/wp\/v2\/types\/page"}],"author":[{"embeddable":true,"href":"https:\/\/aiartfree.online\/tr\/wp-json\/wp\/v2\/users\/1"}],"replies":[{"embeddable":true,"href":"https:\/\/aiartfree.online\/tr\/wp-json\/wp\/v2\/comments?post=2941"}],"version-history":[{"count":0,"href":"https:\/\/aiartfree.online\/tr\/wp-json\/wp\/v2\/pages\/2941\/revisions"}],"wp:featuredmedia":[{"embeddable":true,"href":"https:\/\/aiartfree.online\/tr\/wp-json\/wp\/v2\/media\/2875"}],"wp:attachment":[{"href":"https:\/\/aiartfree.online\/tr\/wp-json\/wp\/v2\/media?parent=2941"}],"curies":[{"name":"wp","href":"https:\/\/api.w.org\/{rel}","templated":true}]}}