{"id":2889,"date":"2024-07-18T12:53:54","date_gmt":"2024-07-18T12:53:54","guid":{"rendered":"https:\/\/aiartfree.online\/?page_id=2889"},"modified":"2024-07-20T06:31:00","modified_gmt":"2024-07-20T06:31:00","slug":"free-dalle-3","status":"publish","type":"page","link":"https:\/\/aiartfree.online\/tr\/ucretsiz-dalle-3\/","title":{"rendered":"\u00dccretsiz DALL-E 3"},"content":{"rendered":"<h2 class=\"wp-block-heading\">\u00dccretsiz DALL-E 3 nas\u0131l kullan\u0131l\u0131r?<\/h2>\n\n\n\n<ol class=\"wp-block-list\">\n<li class=\"\">\u0130stemlerinizi girin<\/li>\n\n\n\n<li class=\"\">\"\u00c7al\u0131\u015ft\u0131r \"a t\u0131klay\u0131n<\/li>\n\n\n\n<li class=\"\">Bekle, i\u015fte bu!<\/li>\n<\/ol>\n\n\n\n<p class=\"\"><em>* \u0130nternet h\u0131z\u0131n\u0131za ba\u011fl\u0131 olarak modelin y\u00fcklenmesi birka\u00e7 saniye s\u00fcrebilir.<br>* S\u00fcrekli olu\u015fturma s\u0131ras\u0131nda \u00f6nbelle\u011fe alma olacakt\u0131r ve yeni g\u00f6r\u00fcnt\u00fc yakla\u015f\u0131k 3 saniye sonra g\u00f6r\u00fcnecektir.<\/em><\/p>\n\n\n\n<div style=\"text-align: center; border: 2px solid; border-image-source: linear-gradient(to right, #16b86c, #912899); border-image-slice: 1; box-shadow: 0 0 10px rgba(0, 0, 0, 0.1); border-radius: 15px;\">\n  <iframe loading=\"lazy\"\n    src=\"https:\/\/ehristoforu-dalle-3-xl-lora-v2.hf.space\"\n    frameborder=\"0\"\n    width=\"600\"\n    height=\"950\"\n    style=\"display: inline-block; margin: 0 auto;\"\n  ><\/iframe>\n<\/div>\n\n\n\n<div style=\"height:100px\" aria-hidden=\"true\" class=\"wp-block-spacer\"><\/div>\n\n\n\n<h1 class=\"gb-headline gb-headline-b91c046b gb-headline-text\"><strong>\u00dccretsiz DALL-E 3'\u00fcn Tan\u0131t\u0131m\u0131<\/strong><\/h1>\n\n\n\n<figure class=\"wp-block-image size-large is-resized\"><img data-recalc-dims=\"1\" decoding=\"async\" width=\"1024\" height=\"1024\"   loading=\"lazy\" src=\"https:\/\/i0.wp.com\/aiartfree.online\/wp-content\/uploads\/2024\/07\/avocado-square-1-1-1-1-1-1-1-1-1-1-1-1-1.jpg?resize=1024%2C1024&#038;ssl=1\" alt=\"\u00dccretsiz \u00c7evrimi\u00e7i DALL-E 3: Metin komutlar\u0131ndan y\u00fcksek kaliteli g\u00f6r\u00fcnt\u00fcler \/ videolar \u00fcreten AI modeli, sanatsal beceriler gerektirmeden AI taraf\u0131ndan olu\u015fturulan i\u00e7erik olu\u015fturmada devrim yarat\u0131yor.\" class=\"wp-image-2825\" style=\"width:416px;height:auto\" srcset=\"https:\/\/i0.wp.com\/aiartfree.online\/wp-content\/uploads\/2024\/07\/avocado-square-1-1-1-1-1-1-1-1-1-1-1-1-1.jpg?resize=1024%2C1024&amp;ssl=1 1024w, https:\/\/i0.wp.com\/aiartfree.online\/wp-content\/uploads\/2024\/07\/avocado-square-1-1-1-1-1-1-1-1-1-1-1-1-1.jpg?resize=300%2C300&amp;ssl=1 300w, https:\/\/i0.wp.com\/aiartfree.online\/wp-content\/uploads\/2024\/07\/avocado-square-1-1-1-1-1-1-1-1-1-1-1-1-1.jpg?resize=100%2C100&amp;ssl=1 100w, https:\/\/i0.wp.com\/aiartfree.online\/wp-content\/uploads\/2024\/07\/avocado-square-1-1-1-1-1-1-1-1-1-1-1-1-1.jpg?resize=600%2C600&amp;ssl=1 600w, https:\/\/i0.wp.com\/aiartfree.online\/wp-content\/uploads\/2024\/07\/avocado-square-1-1-1-1-1-1-1-1-1-1-1-1-1.jpg?resize=150%2C150&amp;ssl=1 150w, https:\/\/i0.wp.com\/aiartfree.online\/wp-content\/uploads\/2024\/07\/avocado-square-1-1-1-1-1-1-1-1-1-1-1-1-1.jpg?resize=768%2C768&amp;ssl=1 768w, https:\/\/i0.wp.com\/aiartfree.online\/wp-content\/uploads\/2024\/07\/avocado-square-1-1-1-1-1-1-1-1-1-1-1-1-1.jpg?resize=1536%2C1536&amp;ssl=1 1536w, https:\/\/i0.wp.com\/aiartfree.online\/wp-content\/uploads\/2024\/07\/avocado-square-1-1-1-1-1-1-1-1-1-1-1-1-1.jpg?resize=12%2C12&amp;ssl=1 12w, https:\/\/i0.wp.com\/aiartfree.online\/wp-content\/uploads\/2024\/07\/avocado-square-1-1-1-1-1-1-1-1-1-1-1-1-1.jpg?w=1792&amp;ssl=1 1792w\" sizes=\"auto, (max-width: 1024px) 100vw, 1024px\" \/><\/figure>\n\n\n\n<h2 class=\"wp-block-heading\"><strong>Ana hatlar:<\/strong><\/h2>\n\n\n\n<ul class=\"wp-block-list\">\n<li class=\"\">\u00dccretsiz Online DALL-E 3 nedir?<\/li>\n\n\n\n<li class=\"\">Neden \u00dccretsiz Online DALL-E 3 Kullanmal\u0131?<\/li>\n\n\n\n<li class=\"\">\u00dccretsiz Online DALL-E 3 Kullanman\u0131n Faydalar\u0131<\/li>\n\n\n\n<li class=\"\">\u00dccretsiz Online DALL-E 3 Ne Zaman Kullan\u0131l\u0131r?<\/li>\n\n\n\n<li class=\"\">\u00dccretsiz Online DALL-E 3'ten Kimler Yararlanabilir<\/li>\n\n\n\n<li class=\"\">\u00dccretsiz \u00c7evrimi\u00e7i DALL-E 3 Ara\u00e7lar\u0131 ve Kaynaklar\u0131<\/li>\n\n\n\n<li class=\"\">SSS: \u00dccretsiz Online DALL-E 3 hakk\u0131nda S\u0131k\u00e7a Sorulan Sorular<\/li>\n<\/ul>\n\n\n\n<h3 class=\"wp-block-heading\" id=\"6b4aa913\"><a href=\"https:\/\/dromerosm-groq-llama3.hf.space\/#6b4aa913\" target=\"_blank\" rel=\"noopener\"><\/a>\u00dccretsiz DALL-E 3 nedir?<\/h3>\n\n\n\n<p class=\"\">Free Online DALL-E 3, kullan\u0131c\u0131lar\u0131n metin komutlar\u0131n\u0131 kullanarak y\u00fcksek kaliteli g\u00f6r\u00fcnt\u00fcler ve videolar olu\u015fturmas\u0131na olanak tan\u0131yan bir t\u00fcr yapay zeka (AI) modelidir. Bu yenilik\u00e7i teknoloji, kullan\u0131c\u0131lar\u0131n kapsaml\u0131 sanatsal beceriler gerektirmeden \u00e7arp\u0131c\u0131 g\u00f6rseller olu\u015fturmas\u0131n\u0131 sa\u011flayarak yapay zeka taraf\u0131ndan olu\u015fturulan i\u00e7erik alan\u0131nda devrim yaratm\u0131\u015ft\u0131r.<\/p>\n\n\n\n<h3 class=\"wp-block-heading\" id=\"1403ba15\"><a href=\"https:\/\/dromerosm-groq-llama3.hf.space\/#1403ba15\" target=\"_blank\" rel=\"noopener\"><\/a>Neden \u00dccretsiz DALL-E 3 Kullanmal\u0131?<\/h3>\n\n\n\n<p class=\"\">\u00dccretsiz Online DALL-E 3, hem bireyler hem de i\u015fletmeler i\u00e7in say\u0131s\u0131z avantaj sunar. Bu teknoloji g\u00f6z al\u0131c\u0131 reklamlar, sosyal medya i\u00e7erikleri ve hatta t\u00fcm hikayeleri olu\u015fturmak i\u00e7in kullan\u0131labilir. Uygulamalar\u0131 s\u0131n\u0131rs\u0131zd\u0131r ve y\u00fcksek kaliteli g\u00f6rseller \u00fcretme yetene\u011fi onu pazarlama, e\u011flence ve e\u011fitim dahil olmak \u00fczere bir\u00e7ok sekt\u00f6r i\u00e7in \u00f6nemli bir ara\u00e7 haline getirmi\u015ftir.<\/p>\n\n\n\n<h3 class=\"wp-block-heading\" id=\"6a9ba0cf\"><a href=\"https:\/\/dromerosm-groq-llama3.hf.space\/#6a9ba0cf\" target=\"_blank\" rel=\"noopener\"><\/a>\u00dccretsiz DALL-E 3 Kullanman\u0131n Faydalar\u0131<\/h3>\n\n\n\n<p class=\"\">\u0130\u015fte \u00dccretsiz \u00c7evrimi\u00e7i DALL-E 3 kullanman\u0131n faydalar\u0131ndan baz\u0131lar\u0131:<\/p>\n\n\n\n<ul class=\"wp-block-list\">\n<li class=\"\"><strong>Benzersiz G\u00f6r\u00fcnt\u00fc Kalitesi<\/strong>: \u00dccretsiz Online DALL-E 3, profesyonel sanat\u00e7\u0131lar taraf\u0131ndan yarat\u0131lanlarla kar\u015f\u0131la\u015ft\u0131r\u0131labilir g\u00f6r\u00fcnt\u00fcler \u00fcretir.<\/li>\n\n\n\n<li class=\"\"><strong>Zaman Verimli<\/strong>: Bu teknoloji, kullan\u0131c\u0131lar\u0131n birka\u00e7 dakika i\u00e7inde y\u00fcksek kaliteli g\u00f6rseller olu\u015fturmas\u0131na olanak tan\u0131yarak zamandan ve emekten tasarruf sa\u011flar.<\/li>\n\n\n\n<li class=\"\"><strong>Uygun Maliyetli<\/strong>: \u00dccretsiz Online DALL-E 3, profesyonel sanat\u00e7\u0131lar\u0131 i\u015fe alma veya pahal\u0131 yaz\u0131l\u0131mlar sat\u0131n alma ihtiyac\u0131n\u0131 ortadan kald\u0131r\u0131r.<\/li>\n<\/ul>\n\n\n\n<h3 class=\"wp-block-heading\" id=\"5ca44098\"><a href=\"https:\/\/dromerosm-groq-llama3.hf.space\/#5ca44098\" target=\"_blank\" rel=\"noopener\"><\/a>\u00dccretsiz DALL-E 3 Ne Zaman Kullan\u0131l\u0131r?<\/h3>\n\n\n\n<p class=\"\">\u00dccretsiz \u00c7evrimi\u00e7i DALL-E 3, a\u015fa\u011f\u0131dakiler de dahil olmak \u00fczere \u00e7e\u015fitli senaryolar i\u00e7in uygundur:<\/p>\n\n\n\n<ul class=\"wp-block-list\">\n<li class=\"\"><strong>Pazarlama Kampanyalar\u0131<\/strong>: Hedef kitlenizin dikkatini \u00e7ekmek i\u00e7in g\u00f6z al\u0131c\u0131 reklamlar ve sosyal medya i\u00e7erikleri olu\u015fturun.<\/li>\n\n\n\n<li class=\"\"><strong>Hikaye Anlat\u0131m\u0131<\/strong>: Karakterler, arka planlar ve aksesuarlar da dahil olmak \u00fczere t\u00fcm hikayeleri olu\u015fturmak i\u00e7in \u00dccretsiz Online DALL-E 3'\u00fc kullan\u0131n.<\/li>\n\n\n\n<li class=\"\"><strong>E\u011fitim<\/strong>: Etkile\u015fimli ve ilgi \u00e7ekici e\u011fitim i\u00e7eri\u011fi olu\u015fturmak i\u00e7in bu teknolojiden yararlan\u0131n.<\/li>\n<\/ul>\n\n\n\n<h3 class=\"wp-block-heading\" id=\"a38adbc\"><a href=\"https:\/\/dromerosm-groq-llama3.hf.space\/#a38adbc\" target=\"_blank\" rel=\"noopener\"><\/a>\u00dccretsiz DALL-E 3'ten Kimler Yararlanabilir<\/h3>\n\n\n\n<p class=\"\">\u00dccretsiz \u00c7evrimi\u00e7i DALL-E 3, a\u015fa\u011f\u0131dakiler de dahil olmak \u00fczere \u00e7e\u015fitli bireylere ve sekt\u00f6rlere fayda sa\u011flayabilir:<\/p>\n\n\n\n<ul class=\"wp-block-list\">\n<li class=\"\"><strong>Pazarlamac\u0131lar<\/strong>: Pazarlama kampanyalar\u0131 i\u00e7in y\u00fcksek kaliteli g\u00f6rseller olu\u015fturun.<\/li>\n\n\n\n<li class=\"\"><strong>Sanat\u00e7\u0131lar<\/strong>: Sanat eserleri i\u00e7in ilham kayna\u011f\u0131 olu\u015fturabilir veya yeni eserler yaratmak i\u00e7in bir ara\u00e7 olarak kullanabilirler.<\/li>\n\n\n\n<li class=\"\"><strong>E\u011fitimciler<\/strong>: Etkile\u015fimli ve ilgi \u00e7ekici e\u011fitim i\u00e7eri\u011fi olu\u015fturun.<\/li>\n<\/ul>\n\n\n\n<h3 class=\"wp-block-heading\" id=\"5e6df429\"><a href=\"https:\/\/dromerosm-groq-llama3.hf.space\/#5e6df429\" target=\"_blank\" rel=\"noopener\"><\/a>\u00dccretsiz \u00c7evrimi\u00e7i DALL-E 3 Ara\u00e7lar\u0131 ve Kaynaklar\u0131<\/h3>\n\n\n\n<p class=\"\">\u0130\u015fte \u00dccretsiz \u00c7evrimi\u00e7i DALL-E 3'e ba\u015flaman\u0131za yard\u0131mc\u0131 olabilecek baz\u0131 \u00e7evrimi\u00e7i kaynaklar ve ara\u00e7lar:<\/p>\n\n\n\n<figure class=\"wp-block-table\"><table class=\"has-fixed-layout\"><thead><tr><th>Kaynak<\/th><th>A\u00e7\u0131klama<\/th><th>Web sitesi<\/th><\/tr><\/thead><tbody><tr><td>AI Art \u00dccretsiz \u00c7evrimi\u00e7i<\/td><td>\u00dccretsiz \u00e7evrimi\u00e7i DALL-E 3 modeli sunan bir platform<\/td><td><a href=\"https:\/\/aiartfree.online\/tr\/free-online-dalle-3\/\" target=\"_blank\" rel=\"noreferrer noopener\">https:\/\/aiartfree.online\/free-online-dall%c2%b7e-3\/<\/a><\/td><\/tr><tr><td>DALL-E 3 GitHub<\/td><td>DALL-E 3 i\u00e7in resmi GitHub deposu<\/td><td><a href=\"https:\/\/github.com\/dalle\/dalle-3\" target=\"_blank\" rel=\"noreferrer noopener\">https:\/\/github.com\/dalle\/dalle-3<\/a><\/td><\/tr><tr><td>Yapay Zeka Taraf\u0131ndan Olu\u015fturulan Sanat Toplulu\u011fu<\/td><td>Yapay zeka taraf\u0131ndan \u00fcretilen sanat\u0131 ve DALL-E 3'\u00fc tart\u0131\u015fan bir topluluk<\/td><td><a href=\"https:\/\/www.ai-generated-art.com\/\" target=\"_blank\" rel=\"noreferrer noopener\">https:\/\/www.ai-generated-art.com\/<\/a><\/td><\/tr><tr><td>&#8230;<\/td><td>&#8230;<\/td><td>&#8230;<\/td><\/tr><\/tbody><\/table><\/figure>\n\n\n\n<p class=\"\"><strong>Avantajlar:<\/strong><\/p>\n\n\n\n<ul class=\"wp-block-list\">\n<li class=\"\">Kullan\u0131c\u0131 dostu aray\u00fcz<\/li>\n\n\n\n<li class=\"\">Y\u00fcksek kaliteli g\u00f6r\u00fcnt\u00fc \u00fcretimi<\/li>\n\n\n\n<li class=\"\">Uygun maliyetli<\/li>\n<\/ul>\n\n\n\n<p class=\"\"><strong>Dezavantajlar:<\/strong><\/p>\n\n\n\n<ul class=\"wp-block-list\">\n<li class=\"\">S\u0131n\u0131rl\u0131 \u00f6zelle\u015ftirme se\u00e7enekleri<\/li>\n\n\n\n<li class=\"\">Teknik bilgi gerektirir<\/li>\n<\/ul>\n\n\n\n<p class=\"\"><strong>Zorluklar:<\/strong><\/p>\n\n\n\n<ul class=\"wp-block-list\">\n<li class=\"\">Olu\u015fturulan g\u00f6r\u00fcnt\u00fclerin \u00f6nyarg\u0131l\u0131 olmad\u0131\u011f\u0131ndan emin olmak<\/li>\n\n\n\n<li class=\"\">Telif hakk\u0131 ve m\u00fclkiyet sorunlar\u0131n\u0131n ele al\u0131nmas\u0131<\/li>\n<\/ul>\n\n\n\n<p class=\"\"><strong>\u00d6neri:<\/strong><\/p>\n\n\n\n<p class=\"\">Ara\u015ft\u0131rmalar\u0131m\u0131za dayanarak, \u015funlar\u0131 kullanman\u0131z\u0131 \u00f6neririz&nbsp;<a href=\"https:\/\/aiartfree.online\/tr\/free-online-dall\u00b7e-3\/\" target=\"_blank\" rel=\"noreferrer noopener\">AI Art \u00dccretsiz \u00c7evrimi\u00e7i<\/a>&nbsp;Kullan\u0131c\u0131 dostu aray\u00fcz\u00fc ve y\u00fcksek kaliteli g\u00f6r\u00fcnt\u00fc \u00fcretimi i\u00e7in.<\/p>\n\n\n\n<h3 class=\"wp-block-heading\" id=\"b571c93a\"><a href=\"https:\/\/dromerosm-groq-llama3.hf.space\/#b571c93a\" target=\"_blank\" rel=\"noopener\"><\/a>SSS: \u00dccretsiz Online DALL-E 3 hakk\u0131nda S\u0131k\u00e7a Sorulan Sorular<\/h3>\n\n\n\n<p class=\"\">\u0130\u015fte \u00dccretsiz \u00c7evrimi\u00e7i DALL-E 3 hakk\u0131nda s\u0131k sorulan baz\u0131 sorular:<\/p>\n\n\n\n<p class=\"\"><strong>S1: Free DALL-E 3'\u00fc kullanmak \u00fccretsiz mi?<\/strong>\u00a0A1: Evet, Free Online DALL-E 3'\u00fcn kullan\u0131m\u0131 \u00fccretsizdir ve iste\u011fe ba\u011fl\u0131 \u00fccretli y\u00fckseltmeler mevcuttur.<\/p>\n\n\n\n<p class=\"\"><strong>S2: Free DALL-E 3'\u00fc ticari ama\u00e7larla kullanabilir miyim?<\/strong>\u00a0A2: Evet, Free Online DALL-E 3'\u00fc ticari ama\u00e7lar i\u00e7in kullanabilirsiniz, ancak l\u00fctfen kullan\u0131m ko\u015fullar\u0131na uydu\u011funuzdan emin olun.<\/p>\n\n\n\n<p class=\"\"><strong>S3: Free Online DALL-E 3 kullanarak bir g\u00f6r\u00fcnt\u00fc olu\u015fturmak ne kadar s\u00fcrer?<\/strong>&nbsp;A3: Olu\u015fturma s\u00fcresi g\u00f6r\u00fcnt\u00fcn\u00fcn karma\u015f\u0131kl\u0131\u011f\u0131na ve kullan\u0131lan hesaplama kaynaklar\u0131na ba\u011fl\u0131d\u0131r. Ortalama olarak, bir g\u00f6r\u00fcnt\u00fcn\u00fcn olu\u015fturulmas\u0131 yakla\u015f\u0131k 1-5 dakika s\u00fcrer.<\/p>\n\n\n\n<p class=\"\"><strong>S4: Olu\u015fturulan g\u00f6r\u00fcnt\u00fcleri \u00f6zelle\u015ftirebilir miyim?<\/strong>&nbsp;A4: Evet, d\u00fczenleme yaz\u0131l\u0131m\u0131 ve stil aktar\u0131m algoritmalar\u0131 dahil olmak \u00fczere \u00e7e\u015fitli ara\u00e7lar ve teknikler kullanarak olu\u015fturulan g\u00f6r\u00fcnt\u00fcleri \u00f6zelle\u015ftirebilirsiniz.<\/p>\n\n\n\n<p class=\"\"><strong>S5: \u00dccretsiz Online DALL-E 3 yeni ba\u015flayanlar i\u00e7in uygun mu?<\/strong>&nbsp;A5: Evet, Free Online DALL-E 3 yeni ba\u015flayanlar i\u00e7in uygundur, sezgisel bir aray\u00fcz ve s\u00fcre\u00e7 boyunca size rehberlik edecek ara\u00e7 ipu\u00e7lar\u0131na sahiptir.<\/p>\n\n\n\n<p class=\"\"><strong>S6: Video olu\u015fturmak i\u00e7in Free Online DALL-E 3 kullanabilir miyim?<\/strong>&nbsp;A6: Evet, Free Online DALL-E 3 video olu\u015fturmak i\u00e7in kullan\u0131labilir ve minimum \u00e7abayla \u00e7arp\u0131c\u0131 videolar olu\u015fturman\u0131za olanak tan\u0131r.<\/p>\n\n\n\n<p class=\"\"><strong>S7: \u00dccretsiz Online DALL-E 3 kullan\u0131m\u0131nda herhangi bir s\u0131n\u0131rlama var m\u0131?<\/strong>&nbsp;A7: Evet, Free Online DALL-E 3'\u00fc kullanman\u0131n s\u0131n\u0131rl\u0131 \u00f6zelle\u015ftirme se\u00e7enekleri ve olu\u015fturulan g\u00f6r\u00fcnt\u00fclerdeki potansiyel \u00f6nyarg\u0131lar gibi s\u0131n\u0131rlamalar\u0131 vard\u0131r.<\/p>\n\n\n\n<p class=\"\"><strong>S8: Hikaye anlat\u0131m\u0131 i\u00e7in Free Online DALL-E 3 kullanabilir miyim?<\/strong>&nbsp;C8: Evet, Free Online DALL-E 3 hikaye anlat\u0131m\u0131 i\u00e7in kullan\u0131labilir ve karakterler, arka planlar ve sahne donan\u0131mlar\u0131 ile t\u00fcm hikayeleri olu\u015fturman\u0131za olanak tan\u0131r.<\/p>\n\n\n\n<p class=\"\"><strong>S9: \u00dccretsiz Online DALL-E 3 e\u011fitim i\u00e7in uygun mu?<\/strong>&nbsp;A9: Evet, \u00dccretsiz Online DALL-E 3 e\u011fitim i\u00e7in uygundur ve e\u011fitimcilerin etkile\u015fimli ve ilgi \u00e7ekici e\u011fitim i\u00e7eri\u011fi olu\u015fturmas\u0131na olanak tan\u0131r.<\/p>\n\n\n\n<p class=\"\"><strong>S10: \u00dccretsiz Online DALL-E 3'e nas\u0131l ba\u015flayabilirim?<\/strong>&nbsp;A10: \u00dccretsiz Online DALL-E 3'e ba\u015flamak i\u00e7in web sitesini ziyaret etmeniz, bir hesap a\u00e7man\u0131z ve verilen e\u011fitimleri ve y\u00f6nergeleri takip etmeniz yeterlidir.<\/p>","protected":false},"excerpt":{"rendered":"<p>How to use the Free DALL\u00b7E 3 *&nbsp;Depending on your internet speed, loading the model may take a few seconds.* There will be caching during continuous generation, and the new image will appear after about 3 seconds. Introduction of Free DALL\u00b7E 3 Outline: What is Free DALL\u00b7E 3? Free Online DALL\u00b7E 3 is a type &#8230; <a title=\"\u00dccretsiz DALL-E 3\" class=\"read-more\" href=\"https:\/\/aiartfree.online\/tr\/ucretsiz-dalle-3\/\" aria-label=\"Read more about Free DALL\u00b7E 3\">Devam\u0131n\u0131 oku<\/a><\/p>","protected":false},"author":1,"featured_media":0,"parent":0,"menu_order":0,"comment_status":"open","ping_status":"closed","template":"","meta":{"nf_dc_page":"","footnotes":""},"class_list":["post-2889","page","type-page","status-publish"],"jetpack_sharing_enabled":true,"_links":{"self":[{"href":"https:\/\/aiartfree.online\/tr\/wp-json\/wp\/v2\/pages\/2889","targetHints":{"allow":["GET"]}}],"collection":[{"href":"https:\/\/aiartfree.online\/tr\/wp-json\/wp\/v2\/pages"}],"about":[{"href":"https:\/\/aiartfree.online\/tr\/wp-json\/wp\/v2\/types\/page"}],"author":[{"embeddable":true,"href":"https:\/\/aiartfree.online\/tr\/wp-json\/wp\/v2\/users\/1"}],"replies":[{"embeddable":true,"href":"https:\/\/aiartfree.online\/tr\/wp-json\/wp\/v2\/comments?post=2889"}],"version-history":[{"count":0,"href":"https:\/\/aiartfree.online\/tr\/wp-json\/wp\/v2\/pages\/2889\/revisions"}],"wp:attachment":[{"href":"https:\/\/aiartfree.online\/tr\/wp-json\/wp\/v2\/media?parent=2889"}],"curies":[{"name":"wp","href":"https:\/\/api.w.org\/{rel}","templated":true}]}}