{"id":2888,"date":"2024-07-18T11:45:49","date_gmt":"2024-07-18T11:45:49","guid":{"rendered":"https:\/\/aiartfree.online\/?page_id=2888"},"modified":"2025-03-07T08:01:42","modified_gmt":"2025-03-07T08:01:42","slug":"free-online-stable-diffusion-3","status":"publish","type":"page","link":"https:\/\/aiartfree.online\/tr\/ucretsiz-cevrimici-kararli-difuzyon-3\/","title":{"rendered":"\u00dccretsiz \u00c7evrimi\u00e7i Kararl\u0131 Dif\u00fczyon 3"},"content":{"rendered":"<h2 class=\"wp-block-heading has-text-align-center\" id=\"what-our-users-made\">Kullan\u0131c\u0131lar\u0131m\u0131z ne yapt\u0131<\/h2>\n\n\n\n<figure class=\"gb-block-image gb-block-image-1822da1f\"><img data-recalc-dims=\"1\" decoding=\"async\" loading=\"lazy\" width=\"1200\" height=\"199\" class=\"gb-image gb-image-1822da1f\" src=\"https:\/\/i0.wp.com\/aiartfree.online\/wp-content\/uploads\/2024\/08\/WX20240802-163255%402x-scaled.webp?resize=1200%2C199&#038;ssl=1\" alt=\"Stable Diffusion 3, kullan\u0131c\u0131lar\u0131n metin komutlar\u0131n\u0131 kullanarak y\u00fcksek kaliteli g\u00f6r\u00fcnt\u00fcler olu\u015fturmas\u0131na olanak tan\u0131yan ve kullan\u0131c\u0131lar\u0131n sanatsal beceriler olmadan g\u00f6rseller olu\u015fturmas\u0131na olanak tan\u0131yan bir yapay zeka modelidir.\" title=\"WX20240802-163255@2x\" srcset=\"https:\/\/i0.wp.com\/aiartfree.online\/wp-content\/uploads\/2024\/08\/WX20240802-163255%402x-scaled.webp?w=2560&amp;ssl=1 2560w, https:\/\/i0.wp.com\/aiartfree.online\/wp-content\/uploads\/2024\/08\/WX20240802-163255%402x-scaled.webp?resize=300%2C50&amp;ssl=1 300w, https:\/\/i0.wp.com\/aiartfree.online\/wp-content\/uploads\/2024\/08\/WX20240802-163255%402x-scaled.webp?resize=1024%2C170&amp;ssl=1 1024w, https:\/\/i0.wp.com\/aiartfree.online\/wp-content\/uploads\/2024\/08\/WX20240802-163255%402x-scaled.webp?resize=768%2C127&amp;ssl=1 768w, https:\/\/i0.wp.com\/aiartfree.online\/wp-content\/uploads\/2024\/08\/WX20240802-163255%402x-scaled.webp?resize=1536%2C254&amp;ssl=1 1536w, https:\/\/i0.wp.com\/aiartfree.online\/wp-content\/uploads\/2024\/08\/WX20240802-163255%402x-scaled.webp?resize=2048%2C339&amp;ssl=1 2048w, https:\/\/i0.wp.com\/aiartfree.online\/wp-content\/uploads\/2024\/08\/WX20240802-163255%402x-scaled.webp?resize=18%2C3&amp;ssl=1 18w, https:\/\/i0.wp.com\/aiartfree.online\/wp-content\/uploads\/2024\/08\/WX20240802-163255%402x-scaled.webp?resize=600%2C99&amp;ssl=1 600w, https:\/\/i0.wp.com\/aiartfree.online\/wp-content\/uploads\/2024\/08\/WX20240802-163255%402x-scaled.webp?w=2400&amp;ssl=1 2400w\" sizes=\"auto, (max-width: 1200px) 100vw, 1200px\" \/><\/figure>\n\n\n\n<h2 class=\"wp-block-heading\" id=\"how-to-use-the-free-free-online-stable-diffusion-3\">\u00dccretsiz Online Kararl\u0131 Dif\u00fczyon 3 nas\u0131l kullan\u0131l\u0131r?<\/h2>\n\n\n\n<ol class=\"wp-block-list\">\n<li class=\"\">\u0130stemlerinizi girin<\/li>\n\n\n\n<li class=\"\">\"\u00c7al\u0131\u015ft\u0131r \"a t\u0131klay\u0131n<\/li>\n\n\n\n<li class=\"\">Bekle, i\u015fte bu!<\/li>\n\n\n\n<li class=\"\">Sonu\u00e7tan memnun de\u011fil misiniz? <br>Sorun de\u011fil! Devrim niteli\u011finde istemler elde etmek i\u00e7in a\u015fa\u011f\u0131daki \u0130stem Olu\u015fturucuyu kullan\u0131n \uff5e<\/li>\n\n\n\n<li class=\"\">Akl\u0131n\u0131zda herhangi bir d\u00fc\u015f\u00fcnce yok mu?<br>Sorun de\u011fil! <a href=\"#maodian\" data-type=\"internal\" data-id=\"#maodian\">\u0130pucu Galerimize g\u00f6z atmak i\u00e7in t\u0131klay\u0131n<\/a><\/li>\n<\/ol>\n\n\n\n<p class=\"\">* Akl\u0131n\u0131zda herhangi bir d\u00fc\u015f\u00fcnce yoksa a\u015fa\u011f\u0131daki \u00f6rneklerimizi denemekten \u00e7ekinmeyin<\/p>\n\n\n\n<h3 class=\"wp-block-heading\" id=\"prompt-examples\">\u0130stem \u00d6rnekleri<\/h3>\n\n\n\n<ol style=\"font-size:16px\" class=\"wp-block-list\">\n<li class=\"\">morgan freeman'in harley davidson motosi\u0307klete bi\u0307ndi\u0307\u011fi\u0307 nefes kesen son derece detayli \u00e7i\u0307zgi\u0307 roman i\u0307ll\u00fcstrasyonu, karanlik ve cesur<\/li>\n\n\n\n<li class=\"\">Nefes kesen \u00e7izgi roman ill\u00fcstrasyonu Bir nebulan\u0131n u\u00e7suz bucaks\u0131z geni\u015fli\u011finin ortas\u0131nda, yaln\u0131z bir astronot \u0131\u015f\u0131k sa\u00e7an bir y\u0131ld\u0131z gemisine ba\u011fl\u0131 olarak y\u00fczmektedir. Nebulan\u0131n \u0131\u015f\u0131lt\u0131l\u0131 gazlar\u0131 etrafta dans ediyor, canl\u0131 renkleri elbiseye yans\u0131tarak bir \u0131\u015f\u0131k ve hareket balesi yarat\u0131yor.<\/li>\n\n\n\n<li class=\"\">K\u0131yamet sonras\u0131 \u00e7orak topraklardaki bir kav\u015fakta, hurda metalden yap\u0131lm\u0131\u015f gitar\u0131yla eski d\u00fcnyan\u0131n hik\u00e2yelerini anlatan bir gezginin nefes kesici grafik roman ill\u00fcstrasyonu. Mutant yarat\u0131klar kamp ate\u015finin etraf\u0131nda toplan\u0131r, g\u00f6zleri \u00f6zlemle doludur.<\/li>\n\n\n\n<li class=\"\">Canl\u0131 bir \u00e7ay\u0131rda rengarenk kelebekleri kovalayan bir \u00e7ocu\u011fun nefes kesici \u00e7izgi roman ill\u00fcstrasyonu.<\/li>\n\n\n\n<li class=\"\">Nefes kesici grafik roman ill\u00fcstrasyonu Dalgalar\u0131n hik\u00e2yelerle \u00f6r\u00fcld\u00fc\u011f\u00fc bir kumsalda, ay \u0131\u015f\u0131\u011f\u0131ndan dokuma tezg\u00e2h\u0131 olan bir hik\u00e2ye anlat\u0131c\u0131s\u0131 gelgitlerden masallar \u00e7\u0131kar\u0131r. Deniz kabuklar\u0131 efsaneler f\u0131s\u0131ldar ve ufuk hen\u00fcz anlat\u0131lmam\u0131\u015f maceralar\u0131n goblenidir.<\/li>\n\n\n\n<li class=\"\">Bir \u00e7\u00f6l\u00fcn \u00fczerinde s\u00fcz\u00fclerek av\u0131n\u0131 arayan bir \u015fahinin nefes kesici \u00e7izgi roman ill\u00fcstrasyonu.<\/li>\n\n\n\n<li class=\"\">Nefes kesici \u00e7izgi roman ill\u00fcstrasyonu Kuzey Kutup Dairesi'nin derinliklerinde bir aurora g\u00f6ky\u00fcz\u00fcn\u00fc ye\u015fil, pembe ve morun canl\u0131 tonlar\u0131yla boyuyor. A\u015fa\u011f\u0131daki kar, bu \u0131\u015f\u0131k dans\u0131n\u0131 yans\u0131t\u0131r ve d\u00fcnya b\u00fcy\u00fcleyici bir renk senfonisiyle sar\u0131l\u0131r.<\/li>\n\n\n\n<li class=\"\">Bir m\u00fc\u015fterinin s\u0131rt\u0131ndaki karma\u015f\u0131k bir tasar\u0131m\u0131 detayland\u0131ran bir d\u00f6vme sanat\u00e7\u0131s\u0131n\u0131n nefes kesici \u00e7izgi roman ill\u00fcstrasyonu.<\/li>\n\n\n\n<li class=\"\">Renkli ipeklere b\u00fcr\u00fcnm\u00fc\u015f bir kad\u0131n\u0131n mum \u0131\u015f\u0131\u011f\u0131yla ayd\u0131nlat\u0131lm\u0131\u015f bir \u00e7ad\u0131rda tarot kartlar\u0131n\u0131 okuyu\u015funu g\u00f6steren nefes kesici bir \u00e7izgi roman ill\u00fcstrasyonu.<\/li>\n\n\n\n<li class=\"\">\u0130ki ma\u011farac\u0131n\u0131n derin bir ma\u011faran\u0131n haritas\u0131n\u0131 \u00e7\u0131kard\u0131\u011f\u0131, me\u015falelerin yolu ayd\u0131nlatt\u0131\u011f\u0131 nefes kesici grafik roman ill\u00fcstrasyonu.<\/li>\n<\/ol>\n\n\n\n<figure class=\"gb-block-image gb-block-image-032aac41\"><a href=\"https:\/\/fas.st\/t\/9U4PYbm7\" target=\"_blank\" rel=\"noopener noreferrer\"><img data-recalc-dims=\"1\" decoding=\"async\" loading=\"lazy\" width=\"1200\" height=\"365\" class=\"gb-image gb-image-032aac41\" src=\"https:\/\/i0.wp.com\/aiartfree.online\/wp-content\/uploads\/2025\/03\/WX20250307-115412%402x.webp?resize=1200%2C365&#038;ssl=1\" alt=\"\" title=\"WX20250307-115412@2x\" srcset=\"https:\/\/i0.wp.com\/aiartfree.online\/wp-content\/uploads\/2025\/03\/WX20250307-115412%402x.webp?w=1942&amp;ssl=1 1942w, https:\/\/i0.wp.com\/aiartfree.online\/wp-content\/uploads\/2025\/03\/WX20250307-115412%402x.webp?resize=300%2C91&amp;ssl=1 300w, https:\/\/i0.wp.com\/aiartfree.online\/wp-content\/uploads\/2025\/03\/WX20250307-115412%402x.webp?resize=1024%2C312&amp;ssl=1 1024w, https:\/\/i0.wp.com\/aiartfree.online\/wp-content\/uploads\/2025\/03\/WX20250307-115412%402x.webp?resize=768%2C234&amp;ssl=1 768w, https:\/\/i0.wp.com\/aiartfree.online\/wp-content\/uploads\/2025\/03\/WX20250307-115412%402x.webp?resize=1536%2C467&amp;ssl=1 1536w, https:\/\/i0.wp.com\/aiartfree.online\/wp-content\/uploads\/2025\/03\/WX20250307-115412%402x.webp?resize=18%2C5&amp;ssl=1 18w, https:\/\/i0.wp.com\/aiartfree.online\/wp-content\/uploads\/2025\/03\/WX20250307-115412%402x.webp?resize=600%2C183&amp;ssl=1 600w\" sizes=\"auto, (max-width: 1200px) 100vw, 1200px\" \/><\/a><\/figure>\n\n\n\n<p class=\"\"><em>* \u0130nternet h\u0131z\u0131n\u0131za ba\u011fl\u0131 olarak modelin y\u00fcklenmesi birka\u00e7 saniye s\u00fcrebilir.<br>* S\u00fcrekli olu\u015fturma s\u0131ras\u0131nda \u00f6nbelle\u011fe alma olacakt\u0131r ve yeni g\u00f6r\u00fcnt\u00fc yakla\u015f\u0131k 3 saniye sonra g\u00f6r\u00fcnecektir.<\/em><\/p>\n\n\n\n<div class=\"iframe-wrapper\" style=\"position: relative; width: 100%; height: 1260px;\">\n  <div class=\"loading\" style=\"position: absolute; top: 50px; left: 50%; transform: translate(-50%, -50%); width: 40px; height: 40px; border: 3px solid #f0f0f0; border-top: 3px solid #db7093; border-radius: 50%; animation: spin 1s linear infinite;\"><\/div>\n  <iframe loading=\"lazy\" src=\"https:\/\/prodia-fast-stable-diffusion.hf.space\" frameborder=\"0\" width=\"100%\" height=\"100%\" style=\"position: absolute; top: 0; left: 0; opacity: 0; transition: opacity 0.3s;\" onload=\"this.style.opacity=1;this.previousElementSibling.style.display='none';\"><\/iframe>\n<\/div>\n\n<style>\n@keyframes spin {\n  0% { transform: translate(-50%, -50%) rotate(0deg); }\n  100% { transform: translate(-50%, -50%) rotate(360deg); }\n}\n<\/style>\n\n\n\n<div style=\"text-align: center; border: 2px solid; border-image-source: linear-gradient(to right, #16b86c, #912899); border-image-slice: 1; box-shadow: 0 0 10px rgba(0, 0, 0, 0.1); border-radius: 15px;\">\n  <iframe loading=\"lazy\"\n    src=\"https:\/\/doevent-stable-diffusion-prompt-generator.hf.space\"\n    frameborder=\"0\"\n    width=\"100%\"\n    height=\"900\"\n    style=\"display: inline-block; margin: 0 auto;\"\n  ><\/iframe>\n<\/div>\n\n\n\n<div style=\"height:50px\" aria-hidden=\"true\" class=\"wp-block-spacer\"><\/div>\n\n\n\n<h2 class=\"wp-block-heading has-text-align-center\" id=\"drawing-prompts-gallery-of-stable-diffusion\">\u00c7izim \u0130pu\u00e7lar\u0131 Kararl\u0131 Dif\u00fczyon Galerisi<\/h2>\n\n\n\n<h3 class=\"wp-block-heading\" id=\"how-to-use-it\">Nas\u0131l kullan\u0131l\u0131r?<\/h3>\n\n\n\n<ol class=\"wp-block-list\">\n<li class=\"\">\u0130stemi \u00e7o\u011faltmak i\u00e7in resmin sa\u011f \u00fcst simgesine t\u0131klay\u0131n<\/li>\n\n\n\n<li class=\"\">Yukar\u0131 kayd\u0131r\u0131n ve nesil i\u00e7in devrim yaratan isteminizi yap\u0131\u015ft\u0131r\u0131n<\/li>\n<\/ol>\n\n\n\n<div style=\"text-align: center; border: 2px solid; border-image-source: linear-gradient(to right, #16b86c, #912899); border-image-slice: 1; box-shadow: 0 0 10px rgba(0, 0, 0, 0.1); border-radius: 15px; position: relative;\">\n  <div id=\"loading\" style=\"position: absolute; top: 100px; left: 50%; transform: translate(-50%, -50%); z-index: 1000;\">\n    <div style=\"width: 50px; height: 50px; border: 5px solid #f3f3f3; border-top: 5px solid #16b86c; border-radius: 50%; animation: spin 1s linear infinite;\"><\/div>\n  <\/div>\n  <iframe loading=\"lazy\"\n    src=\"https:\/\/prithivmlmods-top-prompt-collection.static.hf.space\"\n    frameborder=\"0\"\n    width=\"100%\"\n    height=\"2600\"\n    style=\"display: inline-block; margin: 0 auto;\"\n    onload=\"document.getElementById('loading').style.display='none';\"\n  ><\/iframe>\n<\/div>\n\n<style>\n  @keyframes spin {\n    0% { transform: rotate(0deg); }\n    100% { transform: rotate(360deg); }\n  }\n<\/style>\n\n\n\n<div style=\"height:50px\" aria-hidden=\"true\" class=\"wp-block-spacer\"><\/div>\n\n\n\n<h2 class=\"wp-block-heading\" id=\"introduction-of-free-online-stable-diffusion-3\">Serbest \u00c7evrimi\u00e7i Kararl\u0131 Dif\u00fczyonun Tan\u0131t\u0131m\u0131 3<\/h2>\n\n\n\n<p class=\"\">Free Online Stable Diffusion 3'\u00fcn yapay zeka ile \u00fcretilen sanat d\u00fcnyas\u0131nda nas\u0131l devrim yaratt\u0131\u011f\u0131n\u0131 ke\u015ffedin. Bu k\u0131lavuz, tan\u0131m\u0131 ve faydalar\u0131ndan ideal kullan\u0131c\u0131lar\u0131na ve s\u0131k sorulan sorulara kadar bu g\u00fc\u00e7l\u00fc ara\u00e7 hakk\u0131nda bilmeniz gereken her \u015feyi kapsayacakt\u0131r.<\/p>\n\n\n\n<div class=\"wp-block-rank-math-toc-block\" id=\"rank-math-toc\"><h3>\u0130\u00e7indekiler<\/h3><nav><ul><li><a href=\"#how-to-use-it\">Nas\u0131l kullan\u0131l\u0131r?<\/a><\/li><li><a href=\"#\ufffc-what-is-free-online-stable-diffusion-3\">\ufffc\u00dccretsiz \u00c7evrimi\u00e7i Kararl\u0131 Dif\u00fczyon 3 nedir?<\/a><\/li><li><a href=\"#\ufffc-why-use-free-online-stable-diffusion-3\">\ufffcNeden \u00dccretsiz \u00c7evrimi\u00e7i Kararl\u0131 Dif\u00fczyon 3 Kullanmal\u0131?<\/a><\/li><li><a href=\"#\ufffc-benefits-of-using-free-online-stable-diffusion-3\">\ufffc\u00dccretsiz \u00c7evrimi\u00e7i Kararl\u0131 Dif\u00fczyon Kullanman\u0131n Faydalar\u0131 3<\/a><\/li><li><a href=\"#\ufffc-when-to-use-free-online-stable-diffusion-3\">\ufffc\u00dccretsiz \u00c7evrimi\u00e7i Kararl\u0131 Dif\u00fczyon Ne Zaman Kullan\u0131l\u0131r 3<\/a><\/li><li><a href=\"#\ufffc-who-can-benefit-from-free-online-stable-diffusion-3\">\ufffc\u00dccretsiz \u00c7evrimi\u00e7i Kararl\u0131 Dif\u00fczyondan Kimler Faydalanabilir 3<\/a><\/li><li><a href=\"#\ufffc-free-online-stable-diffusion-3-tools-and-resources\">\ufffc\u00dccretsiz \u00c7evrimi\u00e7i Kararl\u0131 Dif\u00fczyon 3 Ara\u00e7lar\u0131 ve Kaynaklar\u0131<\/a><\/li><li><a href=\"#\ufffcfaq-frequently-asked-questions-about-free-online-stable-diffusion-3\">\ufffcFAQ: Free Online Stable Diffusion 3 hakk\u0131nda S\u0131k\u00e7a Sorulan Sorular<\/a><\/li><\/ul><\/nav><\/div>\n\n\n\n<h3 class=\"wp-block-heading\" id=\"\ufffc-what-is-free-online-stable-diffusion-3\"><a href=\"https:\/\/dromerosm-groq-llama3.hf.space\/#57aaf246\" target=\"_blank\" rel=\"noopener\"><\/a>\u00dccretsiz \u00c7evrimi\u00e7i Kararl\u0131 Dif\u00fczyon 3 nedir?<\/h3>\n\n\n\n<p class=\"\">Free Online Stable Diffusion 3, kullan\u0131c\u0131lar\u0131n metin komutlar\u0131n\u0131 kullanarak y\u00fcksek kaliteli g\u00f6r\u00fcnt\u00fcler ve videolar olu\u015fturmas\u0131na olanak tan\u0131yan bir t\u00fcr yapay zeka (AI) modelidir. Bu yenilik\u00e7i teknoloji, kullan\u0131c\u0131lar\u0131n kapsaml\u0131 sanatsal beceriler gerektirmeden \u00e7arp\u0131c\u0131 g\u00f6rseller olu\u015fturmas\u0131n\u0131 sa\u011flayarak yapay zeka taraf\u0131ndan olu\u015fturulan i\u00e7erik alan\u0131nda devrim yaratm\u0131\u015ft\u0131r.<\/p>\n\n\n\n<h3 class=\"wp-block-heading\" id=\"\ufffc-why-use-free-online-stable-diffusion-3\"><a href=\"https:\/\/dromerosm-groq-llama3.hf.space\/#1b6e5ba1\" target=\"_blank\" rel=\"noopener\"><\/a>Neden \u00dccretsiz \u00c7evrimi\u00e7i Kararl\u0131 Dif\u00fczyon 3 Kullan\u0131lmal\u0131?<\/h3>\n\n\n\n<p class=\"\">Free Online Stable Diffusion 3, hem bireyler hem de i\u015fletmeler i\u00e7in say\u0131s\u0131z avantaj sunar. Bu teknoloji g\u00f6z al\u0131c\u0131 reklamlar, sosyal medya i\u00e7erikleri ve hatta t\u00fcm hikayeleri olu\u015fturmak i\u00e7in kullan\u0131labilir. Uygulamalar\u0131 s\u0131n\u0131rs\u0131zd\u0131r ve y\u00fcksek kaliteli g\u00f6rseller \u00fcretme yetene\u011fi onu pazarlama, e\u011flence ve e\u011fitim dahil olmak \u00fczere bir\u00e7ok sekt\u00f6r i\u00e7in \u00f6nemli bir ara\u00e7 haline getirmi\u015ftir.<\/p>\n\n\n\n<h3 class=\"wp-block-heading\" id=\"\ufffc-benefits-of-using-free-online-stable-diffusion-3\"><a href=\"https:\/\/dromerosm-groq-llama3.hf.space\/#10ad74a\" target=\"_blank\" rel=\"noopener\"><\/a>\u00dccretsiz \u00c7evrimi\u00e7i Kararl\u0131 Dif\u00fczyon Kullanman\u0131n Faydalar\u0131 3<\/h3>\n\n\n\n<p class=\"\">\u0130\u015fte \u00dccretsiz \u00c7evrimi\u00e7i Kararl\u0131 Dif\u00fczyon 3'\u00fc kullanman\u0131n faydalar\u0131ndan baz\u0131lar\u0131:<\/p>\n\n\n\n<ul class=\"wp-block-list\">\n<li class=\"\"><strong>Benzersiz G\u00f6r\u00fcnt\u00fc Kalitesi<\/strong>: \u00dccretsiz Online Stable Diffusion 3, profesyonel sanat\u00e7\u0131lar taraf\u0131ndan yarat\u0131lanlarla kar\u015f\u0131la\u015ft\u0131r\u0131labilir g\u00f6r\u00fcnt\u00fcler \u00fcretir.<\/li>\n\n\n\n<li class=\"\"><strong>Zaman Verimli<\/strong>: Bu teknoloji, kullan\u0131c\u0131lar\u0131n birka\u00e7 dakika i\u00e7inde y\u00fcksek kaliteli g\u00f6rseller olu\u015fturmas\u0131na olanak tan\u0131yarak zamandan ve emekten tasarruf sa\u011flar.<\/li>\n\n\n\n<li class=\"\"><strong>Uygun Maliyetli<\/strong>: \u00dccretsiz \u00c7evrimi\u00e7i Stable Diffusion 3, profesyonel sanat\u00e7\u0131lar\u0131 i\u015fe alma veya pahal\u0131 yaz\u0131l\u0131m sat\u0131n alma ihtiyac\u0131n\u0131 ortadan kald\u0131r\u0131r.<\/li>\n<\/ul>\n\n\n\n<h3 class=\"wp-block-heading\" id=\"\ufffc-when-to-use-free-online-stable-diffusion-3\"><a href=\"https:\/\/dromerosm-groq-llama3.hf.space\/#fa570b08\" target=\"_blank\" rel=\"noopener\"><\/a>\u00dccretsiz \u00c7evrimi\u00e7i Kararl\u0131 Dif\u00fczyon 3 Ne Zaman Kullan\u0131l\u0131r?<\/h3>\n\n\n\n<p class=\"\">Free Online Stable Diffusion 3, a\u015fa\u011f\u0131dakiler de dahil olmak \u00fczere \u00e7e\u015fitli senaryolar i\u00e7in uygundur:<\/p>\n\n\n\n<ul class=\"wp-block-list\">\n<li class=\"\"><strong>Pazarlama Kampanyalar\u0131<\/strong>: Hedef kitlenizin dikkatini \u00e7ekmek i\u00e7in g\u00f6z al\u0131c\u0131 reklamlar ve sosyal medya i\u00e7erikleri olu\u015fturun.<\/li>\n\n\n\n<li class=\"\"><strong>Hikaye Anlat\u0131m\u0131<\/strong>: Karakterler, arka planlar ve dekorlar dahil olmak \u00fczere t\u00fcm hikayeleri olu\u015fturmak i\u00e7in \u00dccretsiz \u00c7evrimi\u00e7i Kararl\u0131 Dif\u00fczyon 3'\u00fc kullan\u0131n.<\/li>\n\n\n\n<li class=\"\"><strong>E\u011fitim<\/strong>: Etkile\u015fimli ve ilgi \u00e7ekici e\u011fitim i\u00e7eri\u011fi olu\u015fturmak i\u00e7in bu teknolojiden yararlan\u0131n.<\/li>\n<\/ul>\n\n\n\n<h3 class=\"wp-block-heading\" id=\"\ufffc-who-can-benefit-from-free-online-stable-diffusion-3\"><a href=\"https:\/\/dromerosm-groq-llama3.hf.space\/#8a0a08f4\" target=\"_blank\" rel=\"noopener\"><\/a>\u00dccretsiz \u00c7evrimi\u00e7i Kararl\u0131 Dif\u00fczyondan Kimler Yararlanabilir 3<\/h3>\n\n\n\n<p class=\"\">\u00dccretsiz \u00c7evrimi\u00e7i Kararl\u0131 Dif\u00fczyon 3, a\u015fa\u011f\u0131dakiler de dahil olmak \u00fczere \u00e7e\u015fitli bireylere ve sekt\u00f6rlere fayda sa\u011flayabilir:<\/p>\n\n\n\n<ul class=\"wp-block-list\">\n<li class=\"\"><strong>Pazarlamac\u0131lar<\/strong>: Pazarlama kampanyalar\u0131 i\u00e7in y\u00fcksek kaliteli g\u00f6rseller olu\u015fturun.<\/li>\n\n\n\n<li class=\"\"><strong>Sanat\u00e7\u0131lar<\/strong>: Sanat eserleri i\u00e7in ilham kayna\u011f\u0131 olu\u015fturabilir veya yeni eserler yaratmak i\u00e7in bir ara\u00e7 olarak kullanabilirler.<\/li>\n\n\n\n<li class=\"\"><strong>E\u011fitimciler<\/strong>: Etkile\u015fimli ve ilgi \u00e7ekici e\u011fitim i\u00e7eri\u011fi olu\u015fturun.<\/li>\n<\/ul>\n\n\n\n<h3 class=\"wp-block-heading\" id=\"\ufffc-free-online-stable-diffusion-3-tools-and-resources\"><a href=\"https:\/\/dromerosm-groq-llama3.hf.space\/#d1f9532f\" target=\"_blank\" rel=\"noopener\"><\/a>\u00dccretsiz \u00c7evrimi\u00e7i Kararl\u0131 Dif\u00fczyon 3 Ara\u00e7lar\u0131 ve Kaynaklar\u0131<\/h3>\n\n\n\n<p class=\"\">\u0130\u015fte \u00dccretsiz \u00c7evrimi\u00e7i Kararl\u0131 Dif\u00fczyon 3'e ba\u015flaman\u0131za yard\u0131mc\u0131 olabilecek baz\u0131 \u00e7evrimi\u00e7i kaynaklar ve ara\u00e7lar:<\/p>\n\n\n\n<figure class=\"wp-block-table\"><table class=\"has-fixed-layout\"><thead><tr><th>Kaynak<\/th><th>A\u00e7\u0131klama<\/th><th>Web sitesi<\/th><\/tr><\/thead><tbody><tr><td>AI Art \u00dccretsiz \u00c7evrimi\u00e7i<\/td><td>\u00dccretsiz \u00e7evrimi\u00e7i istikrarl\u0131 dif\u00fczyon 3 modeli sunan bir platform<\/td><td><a href=\"https:\/\/aiartfree.online\/tr\/ucretsiz-cevrimici-kararli-difuzyon-3\/\" target=\"_blank\" rel=\"noreferrer noopener\">https:\/\/aiartfree.online\/free-online-stable-diffusion-3<\/a><\/td><\/tr><tr><td>Kararl\u0131 Dif\u00fczyon 3 GitHub<\/td><td>Stable Diffusion 3 i\u00e7in resmi GitHub deposu<\/td><td><a href=\"https:\/\/github.com\/stablediffusion\/stablediffusion-3\" target=\"_blank\" rel=\"noreferrer noopener\">https:\/\/github.com\/stablediffusion\/stablediffusion-3<\/a><\/td><\/tr><tr><td>Yapay Zeka Taraf\u0131ndan Olu\u015fturulan Sanat Toplulu\u011fu<\/td><td>Yapay zeka taraf\u0131ndan \u00fcretilen sanat\u0131 ve Kararl\u0131 Dif\u00fczyon 3'\u00fc tart\u0131\u015fan bir topluluk<\/td><td><a href=\"https:\/\/www.ai-generated-art.com\/\" target=\"_blank\" rel=\"noreferrer noopener\">https:\/\/www.ai-generated-art.com\/<\/a><\/td><\/tr><tr><td>&#8230;<\/td><td>&#8230;<\/td><td>&#8230;<\/td><\/tr><\/tbody><\/table><\/figure>\n\n\n\n<p class=\"\"><strong>Avantajlar:<\/strong><\/p>\n\n\n\n<ul class=\"wp-block-list\">\n<li class=\"\">Kullan\u0131c\u0131 dostu aray\u00fcz<\/li>\n\n\n\n<li class=\"\">Y\u00fcksek kaliteli g\u00f6r\u00fcnt\u00fc \u00fcretimi<\/li>\n\n\n\n<li class=\"\">Uygun maliyetli<\/li>\n<\/ul>\n\n\n\n<p class=\"\"><strong>Dezavantajlar:<\/strong><\/p>\n\n\n\n<ul class=\"wp-block-list\">\n<li class=\"\">S\u0131n\u0131rl\u0131 \u00f6zelle\u015ftirme se\u00e7enekleri<\/li>\n\n\n\n<li class=\"\">Teknik bilgi gerektirir<\/li>\n<\/ul>\n\n\n\n<p class=\"\"><strong>Zorluklar:<\/strong><\/p>\n\n\n\n<ul class=\"wp-block-list\">\n<li class=\"\">Olu\u015fturulan g\u00f6r\u00fcnt\u00fclerin \u00f6nyarg\u0131l\u0131 olmad\u0131\u011f\u0131ndan emin olmak<\/li>\n\n\n\n<li class=\"\">Telif hakk\u0131 ve m\u00fclkiyet sorunlar\u0131n\u0131n ele al\u0131nmas\u0131<\/li>\n<\/ul>\n\n\n\n<p class=\"\"><strong>\u00d6neri:<\/strong><\/p>\n\n\n\n<p class=\"\">Ara\u015ft\u0131rmalar\u0131m\u0131za dayanarak, \u015funlar\u0131 kullanman\u0131z\u0131 \u00f6neririz&nbsp;<a href=\"https:\/\/aiartfree.online\/tr\/ucretsiz-cevrimici-kararli-difuzyon-3\/\" target=\"_blank\" rel=\"noreferrer noopener\">AI Art \u00dccretsiz \u00c7evrimi\u00e7i<\/a>&nbsp;Kullan\u0131c\u0131 dostu aray\u00fcz\u00fc ve y\u00fcksek kaliteli g\u00f6r\u00fcnt\u00fc \u00fcretimi i\u00e7in.<\/p>\n\n\n\n<h3 class=\"wp-block-heading\" id=\"\ufffcfaq-frequently-asked-questions-about-free-online-stable-diffusion-3\"><a href=\"https:\/\/dromerosm-groq-llama3.hf.space\/#5a006b1f\" target=\"_blank\" rel=\"noopener\"><\/a>SSS: \u00dccretsiz \u00c7evrimi\u00e7i Kararl\u0131 Dif\u00fczyon 3 hakk\u0131nda S\u0131k\u00e7a Sorulan Sorular<\/h3>\n\n\n\n<p class=\"\">Free Online Stable Diffusion 3 hakk\u0131nda s\u0131k\u00e7a sorulan baz\u0131 sorular\u0131 burada bulabilirsiniz:<\/p>\n\n\n\n<p class=\"\"><strong>S1: Free Online Stable Diffusion 3'\u00fc kullanmak \u00fccretsiz mi?<\/strong>&nbsp;A1: Evet, Free Online Stable Diffusion 3'\u00fcn kullan\u0131m\u0131 \u00fccretsizdir ve iste\u011fe ba\u011fl\u0131 \u00fccretli y\u00fckseltmeler yap\u0131labilir.<\/p>\n\n\n\n<p class=\"\"><strong>S2: Free Online Stable Diffusion 3'\u00fc ticari ama\u00e7larla kullanabilir miyim?<\/strong>&nbsp;A2: Evet, Free Online Stable Diffusion 3'\u00fc ticari ama\u00e7larla kullanabilirsiniz, ancak l\u00fctfen kullan\u0131m ko\u015fullar\u0131na uydu\u011funuzdan emin olun.<\/p>\n\n\n\n<p class=\"\"><strong>S3: Free Online Stable Diffusion 3 kullanarak bir g\u00f6r\u00fcnt\u00fc olu\u015fturmak ne kadar s\u00fcrer?<\/strong>&nbsp;A3: Olu\u015fturma s\u00fcresi g\u00f6r\u00fcnt\u00fcn\u00fcn karma\u015f\u0131kl\u0131\u011f\u0131na ve kullan\u0131lan hesaplama kaynaklar\u0131na ba\u011fl\u0131d\u0131r. Ortalama olarak, bir g\u00f6r\u00fcnt\u00fcn\u00fcn olu\u015fturulmas\u0131 yakla\u015f\u0131k 1-5 dakika s\u00fcrer.<\/p>\n\n\n\n<p class=\"\"><strong>S4: Olu\u015fturulan g\u00f6r\u00fcnt\u00fcleri \u00f6zelle\u015ftirebilir miyim?<\/strong>&nbsp;A4: Evet, d\u00fczenleme yaz\u0131l\u0131m\u0131 ve stil aktar\u0131m algoritmalar\u0131 dahil olmak \u00fczere \u00e7e\u015fitli ara\u00e7lar ve teknikler kullanarak olu\u015fturulan g\u00f6r\u00fcnt\u00fcleri \u00f6zelle\u015ftirebilirsiniz.<\/p>\n\n\n\n<p class=\"\"><strong>S5: Free Online Stable Diffusion 3 yeni ba\u015flayanlar i\u00e7in uygun mu?<\/strong>&nbsp;A5: Evet, Free Online Stable Diffusion 3 sezgisel aray\u00fcz\u00fc ve s\u00fcre\u00e7 boyunca size rehberlik edecek ara\u00e7 ipu\u00e7lar\u0131yla yeni ba\u015flayanlar i\u00e7in uygundur.<\/p>\n\n\n\n<p class=\"\"><strong>S6: Video \u00fcretimi i\u00e7in Free Online Stable Diffusion 3 kullanabilir miyim?<\/strong>&nbsp;A6: Evet, Free Online Stable Diffusion 3 video olu\u015fturmak i\u00e7in kullan\u0131labilir ve minimum \u00e7abayla \u00e7arp\u0131c\u0131 videolar olu\u015fturman\u0131za olanak tan\u0131r.<\/p>\n\n\n\n<p class=\"\"><strong>S7: Free Online Stable Diffusion 3 kullan\u0131m\u0131nda herhangi bir s\u0131n\u0131rlama var m\u0131?<\/strong>&nbsp;A7: Evet, Free Online Stable Diffusion 3 kullan\u0131m\u0131nda s\u0131n\u0131rl\u0131 \u00f6zelle\u015ftirme se\u00e7enekleri ve olu\u015fturulan g\u00f6r\u00fcnt\u00fclerdeki potansiyel \u00f6nyarg\u0131lar gibi s\u0131n\u0131rlamalar vard\u0131r.<\/p>\n\n\n\n<p class=\"\"><strong>S8: Hikaye anlat\u0131m\u0131 i\u00e7in Free Online Stable Diffusion 3 kullanabilir miyim?<\/strong>&nbsp;A8: Evet, Free Online Stable Diffusion 3 hikaye anlat\u0131m\u0131 i\u00e7in kullan\u0131labilir ve karakterler, arka planlar ve dekorlarla t\u00fcm hikayeleri olu\u015fturman\u0131za olanak tan\u0131r.<\/p>\n\n\n\n<p class=\"\"><strong>S9: Free Online Stable Diffusion 3 e\u011fitim i\u00e7in uygun mu?<\/strong>&nbsp;A9: Evet, Free Online Stable Diffusion 3 e\u011fitim i\u00e7in uygundur ve e\u011fitimcilerin etkile\u015fimli ve ilgi \u00e7ekici e\u011fitim i\u00e7eri\u011fi olu\u015fturmas\u0131na olanak tan\u0131r.<\/p>\n\n\n\n<p class=\"\"><strong>S10: Free Online Stable Diffusion 3'e nas\u0131l ba\u015flayabilirim?<\/strong>&nbsp;A10: Free Online Stable Diffusion 3'\u00fc kullanmaya ba\u015flamak i\u00e7in web sitesini ziyaret etmeniz, bir hesap a\u00e7man\u0131z ve verilen e\u011fitimleri ve y\u00f6nergeleri takip etmeniz yeterlidir.<\/p>","protected":false},"excerpt":{"rendered":"<p>What our users made How to use the Free Free Online Stable Diffusion 3 * Feel free to try our examples below if you don&#8217;t have any thoughts in your mind Prompt Examples *&nbsp;Depending on your internet speed, loading the model may take a few seconds.* There will be caching during continuous generation, and the &#8230; <a title=\"\u00dccretsiz \u00c7evrimi\u00e7i Kararl\u0131 Dif\u00fczyon 3\" class=\"read-more\" href=\"https:\/\/aiartfree.online\/tr\/ucretsiz-cevrimici-kararli-difuzyon-3\/\" aria-label=\"Read more about Free Online Stable Diffusion 3\">Devam\u0131n\u0131 oku<\/a><\/p>","protected":false},"author":1,"featured_media":0,"parent":0,"menu_order":0,"comment_status":"open","ping_status":"closed","template":"","meta":{"nf_dc_page":"","footnotes":""},"class_list":["post-2888","page","type-page","status-publish"],"jetpack_sharing_enabled":true,"_links":{"self":[{"href":"https:\/\/aiartfree.online\/tr\/wp-json\/wp\/v2\/pages\/2888","targetHints":{"allow":["GET"]}}],"collection":[{"href":"https:\/\/aiartfree.online\/tr\/wp-json\/wp\/v2\/pages"}],"about":[{"href":"https:\/\/aiartfree.online\/tr\/wp-json\/wp\/v2\/types\/page"}],"author":[{"embeddable":true,"href":"https:\/\/aiartfree.online\/tr\/wp-json\/wp\/v2\/users\/1"}],"replies":[{"embeddable":true,"href":"https:\/\/aiartfree.online\/tr\/wp-json\/wp\/v2\/comments?post=2888"}],"version-history":[{"count":1,"href":"https:\/\/aiartfree.online\/tr\/wp-json\/wp\/v2\/pages\/2888\/revisions"}],"predecessor-version":[{"id":3592,"href":"https:\/\/aiartfree.online\/tr\/wp-json\/wp\/v2\/pages\/2888\/revisions\/3592"}],"wp:attachment":[{"href":"https:\/\/aiartfree.online\/tr\/wp-json\/wp\/v2\/media?parent=2888"}],"curies":[{"name":"wp","href":"https:\/\/api.w.org\/{rel}","templated":true}]}}