{"id":2880,"date":"2024-07-17T14:18:31","date_gmt":"2024-07-17T14:18:31","guid":{"rendered":"https:\/\/aiartfree.online\/?page_id=2880"},"modified":"2024-07-20T10:51:32","modified_gmt":"2024-07-20T10:51:32","slug":"ai-image-enhancer","status":"publish","type":"page","link":"https:\/\/aiartfree.online\/tr\/ai-goruntu-geli\u0307sti\u0307ri\u0307ci\u0307\/","title":{"rendered":"AI G\u00f6r\u00fcnt\u00fc \u0130yile\u015ftirici"},"content":{"rendered":"<h2 class=\"wp-block-heading\">AI Image Enhancer nas\u0131l kullan\u0131l\u0131r?<\/h2>\n\n\n\n<ol class=\"wp-block-list\">\n<li class=\"\">Resminizi b\u0131rak\u0131n veya y\u00fckleyin<\/li>\n\n\n\n<li class=\"\">\"G\u00f6nder \"e t\u0131klay\u0131n<\/li>\n\n\n\n<li class=\"\">Bekle, i\u015fte bu!<\/li>\n<\/ol>\n\n\n\n<p class=\"\"><em>* \u0130nternet h\u0131z\u0131n\u0131za ba\u011fl\u0131 olarak modelin y\u00fcklenmesi birka\u00e7 saniye s\u00fcrebilir.<br>* S\u00fcrekli olu\u015fturma s\u0131ras\u0131nda \u00f6nbelle\u011fe alma olacakt\u0131r ve yeni g\u00f6r\u00fcnt\u00fc yakla\u015f\u0131k 3 saniye sonra g\u00f6r\u00fcnecektir.<\/em><\/p>\n\n\n\n<div style=\"text-align: center;\">\n  <iframe loading=\"lazy\"\n    src=\"https:\/\/sczhou-codeformer.hf.space\"\n    frameborder=\"0\"\n    width=\"1200\"\n    height=\"2500\"\n    style=\"display: inline-block; margin: 0 auto;\"\n  ><\/iframe>\n<\/div>\n\n\n\n<div style=\"height:50px\" aria-hidden=\"true\" class=\"wp-block-spacer\"><\/div>\n\n\n\n<h2 class=\"wp-block-heading\">AI G\u00f6r\u00fcnt\u00fc Geli\u015ftiricinin Tan\u0131t\u0131m\u0131<\/h2>\n\n\n\n<p class=\"\">G\u00f6r\u00fcnt\u00fc kalitesini art\u0131rmak, emlaktan sosyal medya pazarlamas\u0131na kadar \u00e7e\u015fitli sekt\u00f6rler i\u00e7in \u00e7ok \u00f6nemlidir. Yapay zekan\u0131n y\u00fckseli\u015fiyle birlikte AI Image Enhancer gibi ara\u00e7lar, foto\u011fraf \u00e7\u00f6z\u00fcn\u00fcrl\u00fc\u011f\u00fcn\u00fc art\u0131rma ve genel g\u00f6r\u00fcnt\u00fc kalitesini iyile\u015ftirme y\u00f6ntemlerimizde devrim yaratt\u0131. Bu makalede, yapay zeka g\u00f6r\u00fcnt\u00fc geli\u015ftiricilerin faydalar\u0131n\u0131, kullan\u0131mlar\u0131 i\u00e7in en iyi senaryolar\u0131 ke\u015ffedecek ve bug\u00fcn mevcut olan en iyi ara\u00e7lar i\u00e7in kapsaml\u0131 bir rehber sunaca\u011f\u0131z.<\/p>\n\n\n\n<figure class=\"wp-block-image size-large is-resized\"><img data-recalc-dims=\"1\" decoding=\"async\" width=\"1024\" height=\"568\"   loading=\"lazy\" src=\"https:\/\/i0.wp.com\/aiartfree.online\/wp-content\/uploads\/2024\/07\/WX20240717-181127%402x-1-1-1-1-1-1.jpg?resize=1024%2C568&#038;ssl=1\" alt=\"AI G\u00f6r\u00fcnt\u00fc \u0130yile\u015ftirici\" class=\"wp-image-2881\" style=\"width:591px;height:auto\" srcset=\"https:\/\/i0.wp.com\/aiartfree.online\/wp-content\/uploads\/2024\/07\/WX20240717-181127%402x-1-1-1-1-1-1.jpg?resize=1024%2C568&amp;ssl=1 1024w, https:\/\/i0.wp.com\/aiartfree.online\/wp-content\/uploads\/2024\/07\/WX20240717-181127%402x-1-1-1-1-1-1.jpg?resize=300%2C166&amp;ssl=1 300w, https:\/\/i0.wp.com\/aiartfree.online\/wp-content\/uploads\/2024\/07\/WX20240717-181127%402x-1-1-1-1-1-1.jpg?resize=768%2C426&amp;ssl=1 768w, https:\/\/i0.wp.com\/aiartfree.online\/wp-content\/uploads\/2024\/07\/WX20240717-181127%402x-1-1-1-1-1-1.jpg?resize=1536%2C852&amp;ssl=1 1536w, https:\/\/i0.wp.com\/aiartfree.online\/wp-content\/uploads\/2024\/07\/WX20240717-181127%402x-1-1-1-1-1-1.jpg?resize=2048%2C1136&amp;ssl=1 2048w, https:\/\/i0.wp.com\/aiartfree.online\/wp-content\/uploads\/2024\/07\/WX20240717-181127%402x-1-1-1-1-1-1.jpg?resize=18%2C10&amp;ssl=1 18w, https:\/\/i0.wp.com\/aiartfree.online\/wp-content\/uploads\/2024\/07\/WX20240717-181127%402x-1-1-1-1-1-1.jpg?resize=600%2C333&amp;ssl=1 600w\" sizes=\"auto, (max-width: 1024px) 100vw, 1024px\" \/><\/figure>\n\n\n\n<h2 class=\"wp-block-heading\">\u0130\u00e7indekiler<\/h2>\n\n\n\n<ol class=\"wp-block-list\">\n<li class=\"\">Yapay Zeka G\u00f6r\u00fcnt\u00fc \u0130yile\u015ftirici nedir?<\/li>\n\n\n\n<li class=\"\">Neden Yapay Zeka G\u00f6r\u00fcnt\u00fc \u0130yile\u015ftirici Kullanmal\u0131?<\/li>\n\n\n\n<li class=\"\">Yapay Zeka G\u00f6r\u00fcnt\u00fc \u0130yile\u015ftirici Kullanman\u0131n Faydalar\u0131<\/li>\n\n\n\n<li class=\"\">Yapay Zeka G\u00f6r\u00fcnt\u00fc \u0130yile\u015ftirici Ne Zaman Kullan\u0131lmal\u0131?<\/li>\n\n\n\n<li class=\"\">Yapay Zeka G\u00f6r\u00fcnt\u00fc \u0130yile\u015ftiricisini Kimler Kullanmal\u0131?<\/li>\n\n\n\n<li class=\"\">En \u0130yi 10 Yapay Zeka G\u00f6r\u00fcnt\u00fc \u0130yile\u015ftirici Ara\u00e7<\/li>\n\n\n\n<li class=\"\">En \u0130yi Yapay Zeka G\u00f6r\u00fcnt\u00fc \u0130yile\u015ftirici Arac\u0131<\/li>\n\n\n\n<li class=\"\">SSS<\/li>\n<\/ol>\n\n\n\n<h3 class=\"wp-block-heading\">Yapay Zeka G\u00f6r\u00fcnt\u00fc \u0130yile\u015ftirici nedir?<\/h3>\n\n\n\n<p class=\"\">Yapay Zeka G\u00f6r\u00fcnt\u00fc \u0130yile\u015ftirici, g\u00f6r\u00fcnt\u00fclerin kalitesini art\u0131rmak i\u00e7in tasarlanm\u0131\u015f yapay zeka taraf\u0131ndan desteklenen bir ara\u00e7t\u0131r. Bu ara\u00e7lar foto\u011fraf \u00e7\u00f6z\u00fcn\u00fcrl\u00fc\u011f\u00fcn\u00fc art\u0131rabilir, foto\u011fraf netli\u011fini geli\u015ftirebilir ve g\u00f6r\u00fcnt\u00fcleri daha keskin ve daha ayr\u0131nt\u0131l\u0131 hale getirmek i\u00e7in y\u00fckseltebilir. Yapay zeka g\u00f6r\u00fcnt\u00fc geli\u015ftiriciler, geli\u015fmi\u015f algoritmalar kullanarak kusurlar\u0131 tespit edip d\u00fczeltebilir ve foto\u011fraflar\u0131n daha profesyonel ve g\u00f6rsel olarak \u00e7ekici g\u00f6r\u00fcnmesini sa\u011flayabilir.<\/p>\n\n\n\n<h3 class=\"wp-block-heading\">Neden Yapay Zeka G\u00f6r\u00fcnt\u00fc \u0130yile\u015ftirici Kullanmal\u0131?<\/h3>\n\n\n\n<p class=\"\">AI G\u00f6r\u00fcnt\u00fc \u0130yile\u015ftirici kullanmak, g\u00f6r\u00fcnt\u00fclerinin kalitesini h\u0131zl\u0131 ve verimli bir \u015fekilde iyile\u015ftirmek isteyen herkes i\u00e7in \u00e7ok \u00f6nemlidir. \u0130ster grafik tasar\u0131mc\u0131, ister emlak\u00e7\u0131 ya da sosyal medya y\u00f6neticisi olun, g\u00f6r\u00fcnt\u00fc kalitesini art\u0131rmak i\u015finizin nas\u0131l alg\u0131land\u0131\u011f\u0131 konusunda \u00f6nemli bir fark yaratabilir. Yapay zeka g\u00f6r\u00fcnt\u00fc geli\u015ftiricileri, \u00e7\u00f6z\u00fcn\u00fcrl\u00fck ve kaliteyi iyile\u015ftirme s\u00fcrecini otomatikle\u015ftirerek zamandan tasarruf sa\u011flar ve di\u011fer \u00f6nemli g\u00f6revlere odaklanman\u0131za olanak tan\u0131r.<\/p>\n\n\n\n<h3 class=\"wp-block-heading\">Yapay Zeka G\u00f6r\u00fcnt\u00fc \u0130yile\u015ftirici Kullanman\u0131n Faydalar\u0131<\/h3>\n\n\n\n<ol class=\"wp-block-list\">\n<li class=\"\"><strong>Foto\u011fraf \u00c7\u00f6z\u00fcn\u00fcrl\u00fc\u011f\u00fcn\u00fc Art\u0131r\u0131n<\/strong>: Yapay zeka g\u00f6r\u00fcnt\u00fc geli\u015ftiricileri g\u00f6r\u00fcnt\u00fcleri y\u00fckselterek y\u00fcksek kaliteli bask\u0131lar ve b\u00fcy\u00fck ekranlar i\u00e7in uygun hale getirebilir.<\/li>\n\n\n\n<li class=\"\"><strong>Foto\u011fraf Netli\u011fini Art\u0131r\u0131n<\/strong>: Bu ara\u00e7lar g\u00f6r\u00fcnt\u00fc keskinli\u011fini art\u0131r\u0131r, bulan\u0131kl\u0131\u011f\u0131 giderir ve ayr\u0131nt\u0131lar\u0131 daha g\u00f6r\u00fcn\u00fcr hale getirir.<\/li>\n\n\n\n<li class=\"\"><strong>Genel Kaliteyi \u0130yile\u015ftirin<\/strong>: AI g\u00f6r\u00fcnt\u00fc geli\u015ftiriciler, y\u00fcksek kaliteli g\u00f6r\u00fcnt\u00fcler \u00fcretmek i\u00e7in renkleri, kontrast\u0131 ve parlakl\u0131\u011f\u0131 ayarlayabilir.<\/li>\n\n\n\n<li class=\"\"><strong>Zaman Kazan\u0131n<\/strong>: Geli\u015ftirme s\u00fcrecinin otomatikle\u015ftirilmesi, g\u00f6r\u00fcnt\u00fcleri manuel olarak d\u00fczenlemek i\u00e7in gereken s\u00fcreyi azalt\u0131r.<\/li>\n\n\n\n<li class=\"\"><strong>Uygun Maliyetli<\/strong>: Yapay zeka g\u00f6r\u00fcnt\u00fc geli\u015ftiricilerine yat\u0131r\u0131m yapmak, profesyonel foto\u011fraf edit\u00f6rlerini i\u015fe almaya k\u0131yasla tasarruf sa\u011flayabilir.<\/li>\n<\/ol>\n\n\n\n<h3 class=\"wp-block-heading\">Yapay Zeka G\u00f6r\u00fcnt\u00fc \u0130yile\u015ftirici Ne Zaman Kullan\u0131lmal\u0131?<\/h3>\n\n\n\n<p class=\"\">AI G\u00f6r\u00fcnt\u00fc \u0130yile\u015ftiriciler, a\u015fa\u011f\u0131dakiler de dahil olmak \u00fczere \u00e7e\u015fitli senaryolar i\u00e7in uygundur:<\/p>\n\n\n\n<ul class=\"wp-block-list\">\n<li class=\"\"><strong>Gayrimenkul<\/strong>: Potansiyel al\u0131c\u0131lar\u0131 \u00e7ekmek i\u00e7in m\u00fclk foto\u011fraflar\u0131n\u0131n iyile\u015ftirilmesi.<\/li>\n\n\n\n<li class=\"\"><strong>Sosyal Medya<\/strong>: G\u00f6nderiler ve reklamlar i\u00e7in y\u00fcksek kaliteli g\u00f6rseller olu\u015fturma.<\/li>\n\n\n\n<li class=\"\"><strong>Grafik Tasar\u0131m<\/strong>: Dijital ve bas\u0131l\u0131 medyada kullan\u0131lmak \u00fczere g\u00f6r\u00fcnt\u00fclerin iyile\u015ftirilmesi.<\/li>\n\n\n\n<li class=\"\"><strong>E-ticaret<\/strong>: Sat\u0131\u015flar\u0131 art\u0131rmak i\u00e7in \u00fcr\u00fcn foto\u011fraflar\u0131n\u0131 iyile\u015ftirme.<\/li>\n\n\n\n<li class=\"\"><strong>Foto\u011fraf\u00e7\u0131l\u0131k<\/strong>: Bask\u0131lar ve portf\u00f6yler i\u00e7in g\u00f6r\u00fcnt\u00fcleri y\u00fckseltme.<\/li>\n<\/ul>\n\n\n\n<h3 class=\"wp-block-heading\">Yapay Zeka G\u00f6r\u00fcnt\u00fc \u0130yile\u015ftiricisini Kimler Kullanmal\u0131?<\/h3>\n\n\n\n<p class=\"\">AI G\u00f6r\u00fcnt\u00fc Geli\u015ftiriciler \u015funlar i\u00e7in faydal\u0131d\u0131r:<\/p>\n\n\n\n<ul class=\"wp-block-list\">\n<li class=\"\"><strong>Foto\u011fraf\u00e7\u0131lar<\/strong>: G\u00f6r\u00fcnt\u00fclerini geli\u015ftirmek ve y\u00fckseltmek i\u00e7in.<\/li>\n\n\n\n<li class=\"\"><strong>Emlak Acenteleri<\/strong>: \u0130lanlar i\u00e7in m\u00fclk g\u00f6rsellerini iyile\u015ftirmek.<\/li>\n\n\n\n<li class=\"\"><strong>Grafik Tasar\u0131mc\u0131lar<\/strong>: Projeleri i\u00e7in y\u00fcksek kaliteli g\u00f6r\u00fcnt\u00fcler sa\u011flamak.<\/li>\n\n\n\n<li class=\"\"><strong>Sosyal Medya Y\u00f6neticileri<\/strong>: G\u00f6rsel olarak \u00e7ekici g\u00f6nderiler olu\u015fturmak i\u00e7in.<\/li>\n\n\n\n<li class=\"\"><strong>E-ticaret \u0130\u015fletmeleri<\/strong>: \u00dcr\u00fcn imajlar\u0131n\u0131 geli\u015ftirmek ve m\u00fc\u015fterileri \u00e7ekmek i\u00e7in.<\/li>\n<\/ul>\n\n\n\n<h3 class=\"wp-block-heading\">En \u0130yi 10 Yapay Zeka G\u00f6r\u00fcnt\u00fc \u0130yile\u015ftirici Ara\u00e7<\/h3>\n\n\n\n<p class=\"\">\u0130\u015fte avantajlar\u0131 ve zorluklar\u0131 da dahil olmak \u00fczere en iyi 10 yapay zeka g\u00f6r\u00fcnt\u00fc iyile\u015ftirme arac\u0131n\u0131n bir \u00f6zeti:<\/p>\n\n\n\n<figure class=\"wp-block-table\"><table class=\"has-fixed-layout\"><thead><tr><th>Ara\u00e7 Ad\u0131<\/th><th>\u00d6zet<\/th><th>Art\u0131lar\u0131<\/th><th>Eksiler<\/th><th>Avantajlar<\/th><th>Zorluklar<\/th><th>Tavsiyeler<\/th><\/tr><\/thead><tbody><tr><td><strong><a href=\"https:\/\/aiartfree.online\/tr\/ai-goruntu-geli\u0307sti\u0307ri\u0307ci\u0307\/\" target=\"_blank\" data-type=\"link\" data-id=\"https:\/\/aiartfree.online\/ai-image-enhancer\" rel=\"noreferrer noopener\">AI G\u00f6r\u00fcnt\u00fc \u0130yile\u015ftirici<\/a><\/strong><\/td><td>G\u00f6r\u00fcnt\u00fc kalitesini h\u0131zl\u0131 ve kolay bir \u015fekilde art\u0131r\u0131r<\/td><td>Kullan\u0131m\u0131 kolay, \u00dccretsiz<\/td><td>S\u0131n\u0131rl\u0131 \u00f6zellikler<\/td><td>Yeni ba\u015flayanlar i\u00e7in harika<\/td><td>S\u0131n\u0131rl\u0131 geli\u015fmi\u015f se\u00e7enekler<\/td><td>H\u0131zl\u0131 d\u00fczeltmeler i\u00e7in ideal<\/td><\/tr><tr><td><strong>Geli\u015ftirelim<\/strong><\/td><td>G\u00f6r\u00fcnt\u00fcleri 16x'e kadar b\u00fcy\u00fct\u00fcr<\/td><td>Y\u00fcksek kaliteli sonu\u00e7lar<\/td><td>Abonelik tabanl\u0131<\/td><td>Profesyonel d\u00fczeyde kalite<\/td><td>\u00d6deme gerektirir<\/td><td>Profesyonel kullan\u0131m i\u00e7in en iyisi<\/td><\/tr><tr><td><strong>Vance AI<\/strong><\/td><td>Yapay zeka destekli g\u00f6r\u00fcnt\u00fc iyile\u015ftirici<\/td><td>\u00c7oklu geli\u015ftirme se\u00e7enekleri<\/td><td>Baz\u0131 \u00f6zellikler \u00fccretlidir<\/td><td>\u00c7ok y\u00f6nl\u00fc ara\u00e7 seti<\/td><td>Premium abonelik gerektirir<\/td><td>\u00c7ok y\u00f6nl\u00fc kullan\u0131m i\u00e7in iyi<\/td><\/tr><tr><td><strong>Derin G\u00f6r\u00fcnt\u00fc<\/strong><\/td><td>Toplu i\u015fleme \u00f6zelli\u011fi<\/td><td>Ayn\u0131 anda birden fazla g\u00f6r\u00fcnt\u00fcy\u00fc i\u015fler<\/td><td>Hesap kurulumu gerektirir<\/td><td>Zaman a\u00e7\u0131s\u0131ndan verimli<\/td><td>\u0130lk kurulum gerekli<\/td><td>Toplu geli\u015ftirmeler i\u00e7in en iyisi<\/td><\/tr><tr><td><strong>Waifu2x<\/strong><\/td><td>Anime odakl\u0131 g\u00f6r\u00fcnt\u00fc geli\u015ftirici<\/td><td>Sanat eserleri i\u00e7in \u00f6zel<\/td><td>Anime tarz\u0131 ile s\u0131n\u0131rl\u0131<\/td><td>Anime g\u00f6r\u00fcnt\u00fcleri i\u00e7in harika<\/td><td>S\u0131n\u0131rl\u0131 uygulama<\/td><td>Anime sanat\u00e7\u0131lar\u0131 i\u00e7in en iyisi<\/td><\/tr><tr><td><strong><a href=\"https:\/\/www.fotor.com\/\" data-type=\"link\" data-id=\"https:\/\/www.fotor.com\/\" rel=\"nofollow noopener\" target=\"_blank\">Fotor<\/a><\/strong><\/td><td>Geli\u015ftirme \u00f6zelliklerine sahip \u00e7evrimi\u00e7i foto\u011fraf edit\u00f6r\u00fc<\/td><td>Kapsaml\u0131 d\u00fczenleme ara\u00e7lar\u0131<\/td><td>\u00dccretsiz s\u00fcr\u00fcmde reklamlar<\/td><td>Hepsi bir arada \u00e7\u00f6z\u00fcm<\/td><td>Reklam destekli \u00fccretsiz s\u00fcr\u00fcm<\/td><td>G\u00fcnl\u00fck kullan\u0131m i\u00e7in iyi<\/td><\/tr><tr><td><strong>ImgLarger<\/strong><\/td><td>Yapay zeka y\u00fckseltme arac\u0131<\/td><td>\u0130yi y\u00fckseltme sonu\u00e7lar\u0131<\/td><td>\u0130nternet ba\u011flant\u0131s\u0131 gerektirir<\/td><td>Y\u00fcksek kaliteli y\u00fckseltme<\/td><td>\u0130nternet h\u0131z\u0131na ba\u011fl\u0131<\/td><td>\u00c7evrimi\u00e7i kullan\u0131m i\u00e7in en iyisi<\/td><\/tr><tr><td><strong>L\u00fcks Resimler<\/strong><\/td><td>\u00c7evrimi\u00e7i g\u00f6r\u00fcnt\u00fc geli\u015ftirici<\/td><td>Kullan\u0131c\u0131 dostu aray\u00fcz<\/td><td>S\u0131n\u0131rl\u0131 \u00fccretsiz kullan\u0131m<\/td><td>Kullan\u0131m\u0131 kolay<\/td><td>\u00c7evrimi\u00e7i kullan\u0131mla s\u0131n\u0131rl\u0131d\u0131r<\/td><td>Ara s\u0131ra kullan\u0131m i\u00e7in en iyisi<\/td><\/tr><tr><td><strong>G\u00f6r\u00fcnt\u00fc Y\u00fckseltici<\/strong><\/td><td>Yapay zeka tabanl\u0131 geli\u015ftirme<\/td><td>Verimli i\u015fleme<\/td><td>\u00dccretli \u00f6zellikler<\/td><td>H\u0131zl\u0131 ve verimli<\/td><td>Abonelik tabanl\u0131<\/td><td>D\u00fczenli kullan\u0131m i\u00e7in en iyisi<\/td><\/tr><tr><td><strong>AI G\u00f6r\u00fcnt\u00fc B\u00fcy\u00fct\u00fcc\u00fc<\/strong><\/td><td>G\u00f6r\u00fcnt\u00fc b\u00fcy\u00fctme konusunda uzman<\/td><td>Y\u00fcksek kaliteli b\u00fcy\u00fctme<\/td><td>\u00dccretsiz s\u00fcr\u00fcm s\u0131n\u0131rlamalar\u0131<\/td><td>Y\u00fcksek b\u00fcy\u00fctme kalitesi<\/td><td>S\u0131n\u0131rl\u0131 \u00fccretsiz se\u00e7enekler<\/td><td>Y\u00fcksek kaliteli b\u00fcy\u00fctme i\u00e7in en iyisi<\/td><\/tr><\/tbody><\/table><\/figure>\n\n\n\n<h3 class=\"wp-block-heading\">En \u0130yi Yapay Zeka G\u00f6r\u00fcnt\u00fc \u0130yile\u015ftirici Arac\u0131<\/h3>\n\n\n\n<p class=\"\">Mevcut \u00e7e\u015fitli ara\u00e7lar aras\u0131nda en iyi AI g\u00f6r\u00fcnt\u00fc geli\u015ftirici <a href=\"https:\/\/aiartfree.online\/tr\/ai-goruntu-geli\u0307sti\u0307ri\u0307ci\u0307\/\">AI G\u00f6r\u00fcnt\u00fc \u0130yile\u015ftirici<\/a>. Geli\u015fmi\u015f \u00f6zellikler, kullan\u0131m kolayl\u0131\u011f\u0131 ve y\u00fcksek kaliteli sonu\u00e7lar\u0131n m\u00fckemmel bir kar\u0131\u015f\u0131m\u0131n\u0131 sunarak hem profesyoneller hem de s\u0131radan kullan\u0131c\u0131lar i\u00e7in idealdir.<\/p>\n\n\n\n<h3 class=\"wp-block-heading\">SSS<\/h3>\n\n\n\n<ol class=\"wp-block-list\">\n<li class=\"\"><strong>Yapay Zeka G\u00f6r\u00fcnt\u00fc \u0130yile\u015ftirici nedir?<\/strong> Yapay Zeka G\u00f6r\u00fcnt\u00fc Geli\u015ftirici, g\u00f6r\u00fcnt\u00fclerin kalitesini ve \u00e7\u00f6z\u00fcn\u00fcrl\u00fc\u011f\u00fcn\u00fc iyile\u015ftirmek i\u00e7in yapay zeka kullanan bir ara\u00e7t\u0131r.<\/li>\n\n\n\n<li class=\"\"><strong>Yapay zeka g\u00f6r\u00fcnt\u00fc kalitesini nas\u0131l iyile\u015ftirir?<\/strong> Yapay zeka algoritmalar\u0131 g\u00f6r\u00fcnt\u00fc ayr\u0131nt\u0131lar\u0131n\u0131 analiz edip geli\u015ftirerek kusurlar\u0131 d\u00fczeltir ve \u00e7\u00f6z\u00fcn\u00fcrl\u00fc\u011f\u00fc art\u0131r\u0131r.<\/li>\n\n\n\n<li class=\"\"><strong>Yapay zekal\u0131 bir g\u00f6r\u00fcnt\u00fc geli\u015ftiriciye yat\u0131r\u0131m yapmaya de\u011fer mi?<\/strong> Evet, zaman kazand\u0131r\u0131yor ve y\u00fcksek kaliteli sonu\u00e7lar \u00fcretiyor, bu da onu bir\u00e7ok kullan\u0131c\u0131 i\u00e7in de\u011ferli bir ara\u00e7 haline getiriyor.<\/li>\n\n\n\n<li class=\"\"><strong>Yapay zeka g\u00f6r\u00fcnt\u00fc geli\u015ftiricileri toplu i\u015flemeyi ger\u00e7ekle\u015ftirebilir mi?<\/strong> Deep Image gibi baz\u0131 ara\u00e7lar toplu i\u015fleme \u00f6zellikleri sunar.<\/li>\n\n\n\n<li class=\"\"><strong>\u00dccretsiz yapay zeka g\u00f6r\u00fcnt\u00fc iyile\u015ftirme ara\u00e7lar\u0131 var m\u0131?<\/strong> Evet, Enhance.Pho.to gibi ara\u00e7lar \u00fccretsiz temel geli\u015ftirme \u00f6zellikleri sunar.<\/li>\n\n\n\n<li class=\"\"><strong>Profesyonel kullan\u0131m i\u00e7in en iyi AI g\u00f6r\u00fcnt\u00fc geli\u015ftirici hangisidir?<\/strong> AI Image Enhancer, geli\u015fmi\u015f \u00f6zellikleri ve y\u00fcksek kaliteli sonu\u00e7lar\u0131 i\u00e7in \u00f6nerilir.<\/li>\n\n\n\n<li class=\"\"><strong>Yapay zeka g\u00f6r\u00fcnt\u00fc geli\u015ftiricileri sosyal medya g\u00f6rselleri i\u00e7in kullan\u0131labilir mi?<\/strong> Evet, sosyal medya payla\u015f\u0131mlar\u0131 i\u00e7in y\u00fcksek kaliteli g\u00f6r\u00fcnt\u00fcler olu\u015fturmak i\u00e7in idealdirler.<\/li>\n\n\n\n<li class=\"\"><strong>Yapay zeka g\u00f6r\u00fcnt\u00fc geli\u015ftiricileri y\u00fckseltmeyi destekliyor mu?<\/strong> Evet, bir\u00e7ok yapay zeka g\u00f6r\u00fcnt\u00fc geli\u015ftiricisi g\u00f6r\u00fcnt\u00fcleri daha y\u00fcksek \u00e7\u00f6z\u00fcn\u00fcrl\u00fcklere y\u00fckseltebilir.<\/li>\n\n\n\n<li class=\"\"><strong>Yapay zeka g\u00f6r\u00fcnt\u00fc geli\u015ftiricilerinin kullan\u0131m\u0131 kolay m\u0131?<\/strong> \u00c7o\u011fu AI g\u00f6r\u00fcnt\u00fc geli\u015ftirici kullan\u0131c\u0131 dostudur ve kullan\u0131m kolayl\u0131\u011f\u0131 i\u00e7in tasarlanm\u0131\u015ft\u0131r.<\/li>\n\n\n\n<li class=\"\"><strong>Yapay zekal\u0131 g\u00f6r\u00fcnt\u00fc geli\u015ftiricilerden hangi sekt\u00f6rler yararlan\u0131yor?<\/strong> Emlak, e-ticaret, grafik tasar\u0131m ve sosyal medya gibi sekt\u00f6rler yapay zeka g\u00f6r\u00fcnt\u00fc geli\u015ftiricilerini kullanmaktan b\u00fcy\u00fck \u00f6l\u00e7\u00fcde faydalanabilir.<\/li>\n<\/ol>","protected":false},"excerpt":{"rendered":"<p>How to use AI Image Enhancer *&nbsp;Depending on your internet speed, loading the model may take a few seconds.* There will be caching during continuous generation, and the new image will appear after about 3 seconds. Introduction of AI Image Enhancer Enhancing image quality is crucial for various industries, from real estate to social media &#8230; <a title=\"AI G\u00f6r\u00fcnt\u00fc \u0130yile\u015ftirici\" class=\"read-more\" href=\"https:\/\/aiartfree.online\/tr\/ai-goruntu-geli\u0307sti\u0307ri\u0307ci\u0307\/\" aria-label=\"Read more about AI Image Enhancer\">Devam\u0131n\u0131 oku<\/a><\/p>","protected":false},"author":1,"featured_media":0,"parent":0,"menu_order":0,"comment_status":"open","ping_status":"closed","template":"","meta":{"nf_dc_page":"","footnotes":""},"class_list":["post-2880","page","type-page","status-publish"],"jetpack_sharing_enabled":true,"_links":{"self":[{"href":"https:\/\/aiartfree.online\/tr\/wp-json\/wp\/v2\/pages\/2880","targetHints":{"allow":["GET"]}}],"collection":[{"href":"https:\/\/aiartfree.online\/tr\/wp-json\/wp\/v2\/pages"}],"about":[{"href":"https:\/\/aiartfree.online\/tr\/wp-json\/wp\/v2\/types\/page"}],"author":[{"embeddable":true,"href":"https:\/\/aiartfree.online\/tr\/wp-json\/wp\/v2\/users\/1"}],"replies":[{"embeddable":true,"href":"https:\/\/aiartfree.online\/tr\/wp-json\/wp\/v2\/comments?post=2880"}],"version-history":[{"count":0,"href":"https:\/\/aiartfree.online\/tr\/wp-json\/wp\/v2\/pages\/2880\/revisions"}],"wp:attachment":[{"href":"https:\/\/aiartfree.online\/tr\/wp-json\/wp\/v2\/media?parent=2880"}],"curies":[{"name":"wp","href":"https:\/\/api.w.org\/{rel}","templated":true}]}}