{"id":2876,"date":"2024-07-17T14:02:17","date_gmt":"2024-07-17T14:02:17","guid":{"rendered":"https:\/\/aiartfree.online\/?page_id=2876"},"modified":"2025-03-07T08:07:03","modified_gmt":"2025-03-07T08:07:03","slug":"anime-ai-generator","status":"publish","type":"page","link":"https:\/\/aiartfree.online\/tr\/anime-ai-jeneratoru\/","title":{"rendered":"Anime Yapay Zeka Olu\u015fturucu"},"content":{"rendered":"<h2 class=\"wp-block-heading has-text-align-center\">\u00d6ncesi ve Sonras\u0131<\/h2>\n\n\n\n<figure class=\"gb-block-image gb-block-image-1822da1f\"><img data-recalc-dims=\"1\" decoding=\"async\" loading=\"lazy\" width=\"300\" height=\"179\" class=\"gb-image gb-image-1822da1f\" src=\"https:\/\/i0.wp.com\/aiartfree.online\/wp-content\/uploads\/2024\/07\/WX20240719-123748%402x.jpg?resize=300%2C179&#038;ssl=1\" alt=\"anime-ai-generator\/\" title=\"WX20240719-123748@2x\" srcset=\"https:\/\/i0.wp.com\/aiartfree.online\/wp-content\/uploads\/2024\/07\/WX20240719-123748%402x.jpg?resize=300%2C179&amp;ssl=1 300w, https:\/\/i0.wp.com\/aiartfree.online\/wp-content\/uploads\/2024\/07\/WX20240719-123748%402x.jpg?resize=1024%2C613&amp;ssl=1 1024w, https:\/\/i0.wp.com\/aiartfree.online\/wp-content\/uploads\/2024\/07\/WX20240719-123748%402x.jpg?resize=768%2C459&amp;ssl=1 768w, https:\/\/i0.wp.com\/aiartfree.online\/wp-content\/uploads\/2024\/07\/WX20240719-123748%402x.jpg?resize=18%2C12&amp;ssl=1 18w, https:\/\/i0.wp.com\/aiartfree.online\/wp-content\/uploads\/2024\/07\/WX20240719-123748%402x.jpg?resize=600%2C359&amp;ssl=1 600w, https:\/\/i0.wp.com\/aiartfree.online\/wp-content\/uploads\/2024\/07\/WX20240719-123748%402x.jpg?w=1314&amp;ssl=1 1314w\" sizes=\"auto, (max-width: 300px) 100vw, 300px\" \/><\/figure>\n\n\n\n<h2 class=\"wp-block-heading\">Anime AI Generator nas\u0131l kullan\u0131l\u0131r<\/h2>\n\n\n\n<ol class=\"wp-block-list\">\n<li class=\"\">\u0130steminizi girin veya \u0130stem \u00d6rneklerinden birini se\u00e7in<\/li>\n\n\n\n<li class=\"\">\"Olu\u015ftur \"a t\u0131klay\u0131n<\/li>\n\n\n\n<li class=\"\">Bekle, i\u015fte bu!<\/li>\n<\/ol>\n\n\n\n<h3 class=\"wp-block-heading\">\u0130stem \u00d6rnekleri<\/h3>\n\n\n\n<ul class=\"wp-block-list has-small-font-size\">\n<li class=\"\">g\u00fczel kad\u0131n, gece, y\u0131ld\u0131zlarla, karma\u015f\u0131k, zarif, son derece detayl\u0131, dijital boyama, artstation, konsept sanat, p\u00fcr\u00fczs\u00fcz, keskin odak, ill\u00fcstrasyon, art by ( ( artgerm ) ) ) ve greg rutkowski! ve ( ( alphonse mucha ) ), frank frazetta ve boris vallejo'dan b\u00fcy\u00fck \u00f6l\u00e7\u00fcde etkilenen sword and<\/li>\n\n\n\n<li class=\"\">g\u00fczel kad\u0131n, gece, bilim kurgu, fantezi, karma\u015f\u0131k, zarif, takato yamamoto, mavi elbise, b\u00fcy\u00fcl\u00fc, son derece detayl\u0131, dijital boyama, artstation, konsept sanat, p\u00fcr\u00fczs\u00fcz,b keskin odak, ill\u00fcstrasyon, artgerm ve greg rutkowski ve alphonse mucha taraf\u0131ndan sanat<\/li>\n\n\n\n<li class=\"\">g\u00fczel kad\u0131n \uff0c plajda b\u00fcy\u00fck g\u00f6\u011f\u00fcsler, rahatlat\u0131c\u0131, ruhani, r\u00fcya gibi, arkadan ayd\u0131nlatmal\u0131, son derece ayr\u0131nt\u0131l\u0131, ger\u00e7ek\u00e7i ayd\u0131nlatma, keskin odak, \u00fc\u00e7te bir kural\u0131, artgerm, wlop, arney freytag, rossdraws, frank frazetta, andrei riabovitchev, hd, oktan, 4 k,<\/li>\n\n\n\n<li class=\"\">g\u00fczel kad\u0131n \uff0c b\u00fcy\u00fck g\u00f6\u011f\u00fcsler, domme metresi, steampunk, utanga\u00e7 g\u00fcl\u00fcmseyen, 4k, Prenz Cushart ve WLOP'un sanat\u0131ndan ilham alan \u00e7arp\u0131c\u0131 3d render \uff0c Mat resim, ba\u015fyap\u0131t | Alphonse Mucha \uff0c artstation ve pixiv'de trend \uff0c K\u00fc\u00e7\u00fck ayr\u0131nt\u0131<\/li>\n\n\n\n<li class=\"\">g\u00fczel kad\u0131n, gece, y\u0131ld\u0131zlarla, karma\u015f\u0131k, zarif, son derece detayl\u0131, dijital boyama, artstation, konsept sanat, p\u00fcr\u00fczs\u00fcz, keskin odak, ill\u00fcstrasyon, art by ( ( artgerm ) ) ) ve greg rutkowski! ve ( ( alphonse mucha ) ), frank frazetta ve boris vallejo'dan b\u00fcy\u00fck \u00f6l\u00e7\u00fcde etkilenen k\u0131l\u0131\u00e7<\/li>\n<\/ul>\n\n\n\n<figure class=\"gb-block-image gb-block-image-032aac41\"><a href=\"https:\/\/fas.st\/t\/9U4PYbm7\" target=\"_blank\" rel=\"noopener noreferrer\"><img data-recalc-dims=\"1\" decoding=\"async\" loading=\"lazy\" width=\"1200\" height=\"365\" class=\"gb-image gb-image-032aac41\" src=\"https:\/\/i0.wp.com\/aiartfree.online\/wp-content\/uploads\/2025\/03\/WX20250307-115412%402x.webp?resize=1200%2C365&#038;ssl=1\" alt=\"\" title=\"WX20250307-115412@2x\" srcset=\"https:\/\/i0.wp.com\/aiartfree.online\/wp-content\/uploads\/2025\/03\/WX20250307-115412%402x.webp?w=1942&amp;ssl=1 1942w, https:\/\/i0.wp.com\/aiartfree.online\/wp-content\/uploads\/2025\/03\/WX20250307-115412%402x.webp?resize=300%2C91&amp;ssl=1 300w, https:\/\/i0.wp.com\/aiartfree.online\/wp-content\/uploads\/2025\/03\/WX20250307-115412%402x.webp?resize=1024%2C312&amp;ssl=1 1024w, https:\/\/i0.wp.com\/aiartfree.online\/wp-content\/uploads\/2025\/03\/WX20250307-115412%402x.webp?resize=768%2C234&amp;ssl=1 768w, https:\/\/i0.wp.com\/aiartfree.online\/wp-content\/uploads\/2025\/03\/WX20250307-115412%402x.webp?resize=1536%2C467&amp;ssl=1 1536w, https:\/\/i0.wp.com\/aiartfree.online\/wp-content\/uploads\/2025\/03\/WX20250307-115412%402x.webp?resize=18%2C5&amp;ssl=1 18w, https:\/\/i0.wp.com\/aiartfree.online\/wp-content\/uploads\/2025\/03\/WX20250307-115412%402x.webp?resize=600%2C183&amp;ssl=1 600w\" sizes=\"auto, (max-width: 1200px) 100vw, 1200px\" \/><\/a><\/figure>\n\n\n\n<p class=\"\"><em>* \u0130nternet h\u0131z\u0131n\u0131za ba\u011fl\u0131 olarak modelin y\u00fcklenmesi birka\u00e7 saniye s\u00fcrebilir.<br>* S\u00fcrekli olu\u015fturma s\u0131ras\u0131nda \u00f6nbelle\u011fe alma olacakt\u0131r ve yeni g\u00f6r\u00fcnt\u00fc yakla\u015f\u0131k 3 saniye sonra g\u00f6r\u00fcnecektir.<\/em><\/p>\n\n\n\n<div class=\"iframe-wrapper\" style=\"position: relative; width: 100%; height: 1600px;\">\n  <div class=\"loading\" style=\"position: absolute; top: 50px; left: 50%; transform: translate(-50%, -50%); width: 40px; height: 40px; border: 3px solid #f0f0f0; border-top: 3px solid #db7093; border-radius: 50%; animation: spin 1s linear infinite;\"><\/div>\n  <iframe loading=\"lazy\" src=\"https:\/\/cagliostrolab-animagine-xl-3-1.hf.space\" frameborder=\"0\" width=\"100%\" height=\"100%\" style=\"position: absolute; top: 0; left: 0; opacity: 0; transition: opacity 0.3s;\" onload=\"this.style.opacity=1;this.previousElementSibling.style.display='none';\"><\/iframe>\n<\/div>\n\n<style>\n@keyframes spin {\n  0% { transform: translate(-50%, -50%) rotate(0deg); }\n  100% { transform: translate(-50%, -50%) rotate(360deg); }\n}\n<\/style>\n\n\n\n<div style=\"height:50px\" aria-hidden=\"true\" class=\"wp-block-spacer\"><\/div>\n\n\n\n<h2 class=\"wp-block-heading\">Anime AI Jenerat\u00f6r\u00fcn\u00fcn Tan\u0131t\u0131m\u0131<\/h2>\n\n\n\n<p class=\"\">Anime AI Jenerat\u00f6rleri, sofistike yapay zeka algoritmalar\u0131 kullanarak anime tarz\u0131 sanat yaratma \u015feklimizde devrim yarat\u0131yor. Bu ara\u00e7lar foto\u011fraflar\u0131 anime g\u00f6r\u00fcnt\u00fclerine d\u00f6n\u00fc\u015ft\u00fcrebilir, benzersiz anime karakterleri olu\u015fturabilir ve \u00e7ok daha fazlas\u0131n\u0131 yapabilir. Bu makalede Anime AI Jenerat\u00f6rlerinin ne oldu\u011fu, faydalar\u0131 ve nas\u0131l etkili bir \u015fekilde kullan\u0131laca\u011f\u0131 ele al\u0131nacakt\u0131r.<\/p>\n\n\n\n<figure class=\"wp-block-image size-large is-resized\"><img data-recalc-dims=\"1\" decoding=\"async\" width=\"1024\" height=\"829\"   loading=\"lazy\" src=\"https:\/\/i0.wp.com\/aiartfree.online\/wp-content\/uploads\/2024\/07\/WX120240719-122659%402x-1-1-1.jpg?resize=1024%2C829&#038;ssl=1\" alt=\"Anime Yapay Zeka Olu\u015fturucu\" class=\"wp-image-2952\" style=\"width:630px;height:auto\" srcset=\"https:\/\/i0.wp.com\/aiartfree.online\/wp-content\/uploads\/2024\/07\/WX120240719-122659%402x-1-1-1.jpg?resize=1024%2C829&amp;ssl=1 1024w, https:\/\/i0.wp.com\/aiartfree.online\/wp-content\/uploads\/2024\/07\/WX120240719-122659%402x-1-1-1.jpg?resize=300%2C243&amp;ssl=1 300w, https:\/\/i0.wp.com\/aiartfree.online\/wp-content\/uploads\/2024\/07\/WX120240719-122659%402x-1-1-1.jpg?resize=768%2C622&amp;ssl=1 768w, https:\/\/i0.wp.com\/aiartfree.online\/wp-content\/uploads\/2024\/07\/WX120240719-122659%402x-1-1-1.jpg?resize=1536%2C1244&amp;ssl=1 1536w, https:\/\/i0.wp.com\/aiartfree.online\/wp-content\/uploads\/2024\/07\/WX120240719-122659%402x-1-1-1.jpg?resize=2048%2C1659&amp;ssl=1 2048w, https:\/\/i0.wp.com\/aiartfree.online\/wp-content\/uploads\/2024\/07\/WX120240719-122659%402x-1-1-1.jpg?resize=15%2C12&amp;ssl=1 15w, https:\/\/i0.wp.com\/aiartfree.online\/wp-content\/uploads\/2024\/07\/WX120240719-122659%402x-1-1-1.jpg?resize=600%2C486&amp;ssl=1 600w\" sizes=\"auto, (max-width: 1024px) 100vw, 1024px\" \/><\/figure>\n\n\n\n<h3 class=\"wp-block-heading\">\u0130\u00e7indekiler<\/h3>\n\n\n\n<ol class=\"wp-block-list\">\n<li class=\"\"><a href=\"#what-is-an-anime-ai-generator\">Anime Yapay Zeka Jenerat\u00f6r\u00fc nedir?<\/a><\/li>\n\n\n\n<li class=\"\"><a href=\"#why-use-an-anime-ai-generator\">Neden Anime Yapay Zeka Olu\u015fturucu Kullanmal\u0131?<\/a><\/li>\n\n\n\n<li class=\"\"><a href=\"#benefits-of-using-an-anime-ai-generator\">Anime Yapay Zeka Olu\u015fturucu Kullanman\u0131n Faydalar\u0131<\/a><\/li>\n\n\n\n<li class=\"\"><a href=\"#when-to-use-an-anime-ai-generator\">Anime Yapay Zeka Olu\u015fturucu Ne Zaman Kullan\u0131l\u0131r?<\/a><\/li>\n\n\n\n<li class=\"\"><a href=\"#who-should-use-an-anime-ai-generator\">Anime Yapay Zeka Olu\u015fturucuyu Kimler Kullanmal\u0131?<\/a><\/li>\n\n\n\n<li class=\"\"><a href=\"#anime-ai-generator-tools-and-information\">Anime AI Generator Ara\u00e7lar\u0131 ve Bilgileri<\/a><\/li>\n\n\n\n<li class=\"\"><a href=\"#frequently-asked-questions\">S\u0131k\u00e7a Sorulan Sorular<\/a><\/li>\n\n\n\n<li class=\"\"><a href=\"#conclusion\">Sonu\u00e7<\/a><\/li>\n<\/ol>\n\n\n\n<h3 class=\"wp-block-heading\">Anime Yapay Zeka Jenerat\u00f6r\u00fc nedir?<\/h3>\n\n\n\n<p class=\"\">Anime AI Generator, foto\u011fraflar veya metin istemleri gibi \u00e7e\u015fitli girdilerden anime tarz\u0131 g\u00f6r\u00fcnt\u00fcler olu\u015fturmak i\u00e7in geli\u015fmi\u015f AI algoritmalar\u0131 kullanan bir ara\u00e7t\u0131r. Bu jenerat\u00f6rler, makine \u00f6\u011frenimi tekniklerinden yararlanarak y\u00fcksek kaliteli, stilize anime sanat\u0131n\u0131 h\u0131zl\u0131 ve verimli bir \u015fekilde \u00fcretebilir.<\/p>\n\n\n\n<h3 class=\"wp-block-heading\">Neden Anime Yapay Zeka Olu\u015fturucu Kullanmal\u0131?<\/h3>\n\n\n\n<p class=\"\">Anime AI Jenerat\u00f6rleri, geli\u015fmi\u015f sanatsal becerilere ihtiya\u00e7 duymadan anime tarz\u0131 sanat eserleri olu\u015fturmak isteyen herkes i\u00e7in gereklidir. Bu ara\u00e7lar ki\u015fisel yapay zeka projeleri, sosyal medya i\u00e7in yapay zeka sanat\u0131 olu\u015fturma ve hatta oyun tasar\u0131m\u0131 ve animasyonda profesyonel ama\u00e7lar i\u00e7in kullan\u0131labilir.<\/p>\n\n\n\n<h3 class=\"wp-block-heading\">Anime Yapay Zeka Olu\u015fturucu Kullanman\u0131n Faydalar\u0131<\/h3>\n\n\n\n<ul class=\"wp-block-list\">\n<li class=\"\"><strong>Verimlilik<\/strong>: H\u0131zl\u0131 bir \u015fekilde y\u00fcksek kaliteli anime g\u00f6r\u00fcnt\u00fcleri olu\u015fturur.<\/li>\n\n\n\n<li class=\"\"><strong>Yarat\u0131c\u0131l\u0131k<\/strong>: Benzersiz ve ki\u015fiselle\u015ftirilmi\u015f anime sanat\u0131na izin verir.<\/li>\n\n\n\n<li class=\"\"><strong>Eri\u015filebilirlik<\/strong>: Anime sanat\u0131 yarat\u0131m\u0131n\u0131 sanat\u00e7\u0131 olmayanlar i\u00e7in eri\u015filebilir hale getirir.<\/li>\n\n\n\n<li class=\"\"><strong>Uygun Maliyetli<\/strong>: Pahal\u0131 sanat yaz\u0131l\u0131mlar\u0131na veya sanat\u00e7\u0131 kiralamaya olan ihtiyac\u0131 azalt\u0131r.<\/li>\n\n\n\n<li class=\"\"><strong>\u00c7ok Y\u00f6nl\u00fcl\u00fck<\/strong>: Ki\u015fisel projelerden profesyonel kullan\u0131ma kadar \u00e7e\u015fitli ama\u00e7lar i\u00e7in kullan\u0131labilir.<\/li>\n<\/ul>\n\n\n\n<h3 class=\"wp-block-heading\">Anime Yapay Zeka Olu\u015fturucu Ne Zaman Kullan\u0131l\u0131r?<\/h3>\n\n\n\n<p class=\"\">Anime Yapay Zeka Jenerat\u00f6rleri \u00e7e\u015fitli senaryolar i\u00e7in idealdir:<\/p>\n\n\n\n<ul class=\"wp-block-list\">\n<li class=\"\"><strong>Ki\u015fisel Sanat Yaratmak<\/strong>: E\u011flence i\u00e7in veya hobi olarak.<\/li>\n\n\n\n<li class=\"\"><strong>Sosyal Medya \u0130\u00e7eri\u011fi<\/strong>: Sosyal medya platformlar\u0131 i\u00e7in benzersiz i\u00e7erik \u00fcretme.<\/li>\n\n\n\n<li class=\"\"><strong>Oyun Tasar\u0131m\u0131<\/strong>: Video oyunlar\u0131 i\u00e7in karakter ve sahne yaratma.<\/li>\n\n\n\n<li class=\"\"><strong>Animasyon Projeleri<\/strong>: Animasyon projeleri i\u00e7in \u00f6\u011feler \u00fcretmek.<\/li>\n\n\n\n<li class=\"\"><strong>Pazarlama<\/strong>: Tan\u0131t\u0131m materyalleri ve ilgi \u00e7ekici g\u00f6rseller olu\u015fturmak.<\/li>\n<\/ul>\n\n\n\n<h3 class=\"wp-block-heading\">Kimler Kullanmal\u0131?<\/h3>\n\n\n\n<p class=\"\">\u015eunlar i\u00e7in uygundur:<\/p>\n\n\n\n<ul class=\"wp-block-list\">\n<li class=\"\"><strong>Sanat\u00e7\u0131lar<\/strong>: Ara\u00e7 setlerini geni\u015fletmek istiyorlar.<\/li>\n\n\n\n<li class=\"\"><strong>Sanat\u00e7\u0131 Olmayanlar<\/strong>: Kapsaml\u0131 bir e\u011fitim almadan anime sanat\u0131 yaratmak istemek.<\/li>\n\n\n\n<li class=\"\"><strong>Oyun Geli\u015ftiricileri<\/strong>: Oyunlar i\u00e7in varl\u0131klara ihtiyac\u0131m var.<\/li>\n\n\n\n<li class=\"\"><strong>\u0130\u00e7erik Olu\u015fturucular<\/strong>: Platformlar\u0131 i\u00e7in ilgi \u00e7ekici g\u00f6rseller ar\u0131yor.<\/li>\n\n\n\n<li class=\"\"><strong>Pazarlama Profesyonelleri<\/strong>: \u00c7ekici tan\u0131t\u0131m i\u00e7eri\u011fi haz\u0131rlama.<\/li>\n<\/ul>\n\n\n\n<h3 class=\"wp-block-heading\">Anime AI Generator Ara\u00e7lar\u0131 ve Bilgileri<\/h3>\n\n\n\n<p class=\"\">A\u015fa\u011f\u0131da en iyi Anime AI Generator ara\u00e7lar\u0131n\u0131, art\u0131lar\u0131n\u0131, eksilerini ve daha fazlas\u0131n\u0131 \u00f6zetleyen bir tablo bulunmaktad\u0131r:<\/p>\n\n\n\n<figure class=\"wp-block-table\"><table class=\"has-fixed-layout\"><thead><tr><th>Ara\u00e7\/Web Sitesi<\/th><th>Art\u0131lar\u0131<\/th><th>Eksiler<\/th><th>Avantajlar<\/th><th>Zorluklar<\/th><th>Tavsiyeler<\/th><\/tr><\/thead><tbody><tr><td><a href=\"https:\/\/aiartfree.online\/tr\/anime-ai-jeneratoru\/\" target=\"_blank\" rel=\"noreferrer noopener\">AIArtFree<\/a><\/td><td>\u00dccretsiz, kullan\u0131m\u0131 kolay<\/td><td>S\u0131n\u0131rl\u0131 \u00f6zellikler<\/td><td>Yeni ba\u015flayanlar i\u00e7in harika<\/td><td>\u0130nternet gerektirir<\/td><td>H\u0131zl\u0131 projeler i\u00e7in en iyisi<\/td><\/tr><tr><td><a href=\"https:\/\/deepart.io\" rel=\"nofollow noopener\" target=\"_blank\">DeepArt<\/a><\/td><td>Y\u00fcksek kaliteli \u00e7\u0131kt\u0131<\/td><td>Abonelik gerektirir<\/td><td>Profesyonel sonu\u00e7lar<\/td><td>Pahal\u0131<\/td><td>Ciddi projeler i\u00e7in en iyisi<\/td><\/tr><tr><td><a href=\"https:\/\/artbreeder.com\" rel=\"nofollow noopener\" target=\"_blank\">Artbreeder<\/a><\/td><td>\u0130\u015fbirlik\u00e7i, \u00e7ok y\u00f6nl\u00fc<\/td><td>\u00d6\u011frenme e\u011frisi<\/td><td>Yarat\u0131c\u0131 esneklik<\/td><td>Karma\u015f\u0131k aray\u00fcz<\/td><td>\u0130\u015fbirli\u011fine dayal\u0131 sanat i\u00e7in en iyisi<\/td><\/tr><tr><td><a href=\"https:\/\/toonme.com\" rel=\"nofollow noopener\" target=\"_blank\">ToonMe<\/a><\/td><td>Basit, e\u011flenceli<\/td><td>\u00dccretsiz s\u00fcr\u00fcmde reklamlar<\/td><td>Sosyal medya i\u00e7in harika<\/td><td>S\u0131n\u0131rl\u0131 stiller<\/td><td>G\u00fcnl\u00fck kullan\u0131m i\u00e7in en iyisi<\/td><\/tr><tr><td><a href=\"https:\/\/nudeai.beauty\/en\/nude-anime\/\" data-type=\"link\" data-id=\"https:\/\/nudeai.beauty\/en\/nude-anime\/\" target=\"_blank\" rel=\"noreferrer noopener\">Anime Laboratuvarlar\u0131<\/a><\/td><td>\u00d6zelle\u015ftirilebilir karakterler<\/td><td>Anime k\u0131zlarla s\u0131n\u0131rl\u0131<\/td><td>Son derece detayl\u0131<\/td><td>Ni\u015f odak<\/td><td>Karakter yaratmak i\u00e7in en iyisi<\/td><\/tr><tr><td><a>PaintsChainer<\/a><\/td><td>\u00dccretsiz, \u00e7ok y\u00f6nl\u00fc<\/td><td>Japonca aray\u00fcz<\/td><td>Otomatik renklendirme<\/td><td>Dil engeli<\/td><td>Otomatik renklendirme i\u00e7in en iyisi<\/td><\/tr><tr><td><a href=\"https:\/\/crypko.ai\" rel=\"nofollow noopener\" target=\"_blank\">Crypko<\/a><\/td><td>Profesyonel anime y\u00fczleri<\/td><td>Jeton gerektirir<\/td><td>Detayl\u0131 sonu\u00e7lar<\/td><td>Jeton sistemi<\/td><td>Y\u00fcz hatlar\u0131 i\u00e7in en iyisi<\/td><\/tr><tr><td><a href=\"https:\/\/pixiv.net\" rel=\"nofollow noopener\" target=\"_blank\">Pixiv<\/a><\/td><td>B\u00fcy\u00fck topluluk<\/td><td>\u00dcyelik gerektirir<\/td><td>Kapsaml\u0131 kaynaklar<\/td><td>Ezici<\/td><td>Toplum sanat\u0131 i\u00e7in en iyisi<\/td><\/tr><tr><td><a href=\"https:\/\/www.thiswaifudoesnotexist.net\" rel=\"nofollow noopener\" target=\"_blank\">Bu Waifu Yok<\/a><\/td><td>E\u015fsiz waifuslar<\/td><td>S\u0131n\u0131rl\u0131 \u00f6zelle\u015ftirme<\/td><td>Sonsuz \u00e7e\u015fitlilik<\/td><td>Spesifik odak<\/td><td>Benzersiz y\u00fczler i\u00e7in en iyisi<\/td><\/tr><tr><td><a href=\"https:\/\/gansketch.com\" rel=\"nofollow noopener\" target=\"_blank\">GanSketch<\/a><\/td><td>Ger\u00e7ek zamanl\u0131 \u00fcretim<\/td><td>Beta s\u00fcr\u00fcm<\/td><td>H\u0131zl\u0131 sonu\u00e7lar<\/td><td>Geli\u015ftirme a\u015famas\u0131<\/td><td>Deneyler i\u00e7in en iyisi<\/td><\/tr><\/tbody><\/table><\/figure>\n\n\n\n<p class=\"\"><strong>En iyi alet: <a href=\"https:\/\/aiartfree.online\/tr\/anime-ai-jeneratoru\/\">AIArtFree<\/a><\/strong><\/p>\n\n\n\n<h3 class=\"wp-block-heading\">S\u0131k\u00e7a Sorulan Sorular<\/h3>\n\n\n\n<p class=\"\"><strong>S: Yeni ba\u015flayanlar i\u00e7in en iyi Anime AI Generator nedir?<\/strong> C: AIArtFree, kullan\u0131m kolayl\u0131\u011f\u0131 ve \u00fccretsiz eri\u015fimi nedeniyle yeni ba\u015flayanlar i\u00e7in \u00f6nerilir.<\/p>\n\n\n\n<p class=\"\"><strong>S: Anime AI Generator'\u0131 ticari ama\u00e7lar i\u00e7in kullanabilir miyim?<\/strong> C: Evet, bir\u00e7ok Anime AI Olu\u015fturucu ticari projeler i\u00e7in kullan\u0131labilir, ancak her arac\u0131n \u00f6zel hizmet \u015fartlar\u0131n\u0131 kontrol etmek \u00f6nemlidir.<\/p>\n\n\n\n<p class=\"\"><strong>S: Anime Yapay Zeka Jenerat\u00f6rleri nas\u0131l \u00e7al\u0131\u015f\u0131r?<\/strong> C: Kullan\u0131c\u0131 girdilerine dayal\u0131 yeni g\u00f6r\u00fcnt\u00fcler olu\u015fturmak i\u00e7in anime sanat\u0131n\u0131n b\u00fcy\u00fck veri k\u00fcmeleri \u00fczerinde e\u011fitilmi\u015f makine \u00f6\u011frenimi algoritmalar\u0131n\u0131 kullan\u0131yorlar.<\/p>\n\n\n\n<p class=\"\"><strong>S: Anime AI Jenerat\u00f6rlerini kullanmak \u00fccretsiz mi?<\/strong> C: AIArtFree gibi baz\u0131 ara\u00e7lar \u00fccretsizdir, di\u011ferleri ise abonelik veya sat\u0131n alma gerektirebilir.<\/p>\n\n\n\n<p class=\"\"><strong>S: Anime AI Generator ile ne t\u00fcr girdiler kullanabilirim?<\/strong> C: Yayg\u0131n girdiler aras\u0131nda foto\u011fraflar, \u00e7izimler ve metin istemleri bulunur.<\/p>\n\n\n\n<p class=\"\"><strong>S: Olu\u015fturulan anime g\u00f6r\u00fcnt\u00fclerini \u00f6zelle\u015ftirebilir miyim?<\/strong> C: Evet, \u00e7o\u011fu olu\u015fturucu, olu\u015fturulan resmin stilini ve \u00f6zelliklerini de\u011fi\u015ftirmek i\u00e7in \u00f6zelle\u015ftirme se\u00e7enekleri sunar.<\/p>\n\n\n\n<p class=\"\"><strong>S: Bir AI g\u00f6r\u00fcnt\u00fc olu\u015fturucu ile bir Anime AI Olu\u015fturucu aras\u0131ndaki fark nedir?<\/strong> C: Bir Anime AI Olu\u015fturucu, anime tarz\u0131 g\u00f6r\u00fcnt\u00fcler olu\u015fturmak i\u00e7in \u00f6zel olarak tasarlanm\u0131\u015ft\u0131r, genel bir AI g\u00f6r\u00fcnt\u00fc olu\u015fturucu ise \u00e7e\u015fitli stiller \u00fcretebilir.<\/p>\n\n\n\n<p class=\"\"><strong>S: Anime AI Generator kullanmak i\u00e7in herhangi bir \u00f6zel beceriye ihtiyac\u0131m var m\u0131?<\/strong> C: Hay\u0131r, bu ara\u00e7lar kullan\u0131c\u0131 dostu ve herkes taraf\u0131ndan eri\u015filebilir olacak \u015fekilde tasarlanm\u0131\u015ft\u0131r.<\/p>\n\n\n\n<p class=\"\"><strong>S: Bir anime g\u00f6r\u00fcnt\u00fcs\u00fc olu\u015fturmak ne kadar s\u00fcrer?<\/strong> C: Olu\u015fturma s\u00fcresi araca g\u00f6re de\u011fi\u015fir ancak genellikle birka\u00e7 saniye ile birka\u00e7 dakika aras\u0131nda de\u011fi\u015fir.<\/p>\n\n\n\n<p class=\"\"><strong>S: Anime AI Generator kullanarak oyunum i\u00e7in anime karakterleri olu\u015fturabilir miyim?<\/strong> C: Evet, bu ara\u00e7lar video oyunlar\u0131 i\u00e7in karakterler ve di\u011fer varl\u0131klar olu\u015fturmak i\u00e7in m\u00fckemmeldir.<\/p>\n\n\n\n<h3 class=\"wp-block-heading\">Sonu\u00e7<\/h3>\n\n\n\n<p class=\"\">Anime AI Jenerat\u00f6rleri, anime tarz\u0131 sanat\u0131 zahmetsizce olu\u015fturmak i\u00e7in g\u00fc\u00e7l\u00fc ara\u00e7lard\u0131r. \u0130ster profesyonel bir sanat\u00e7\u0131 ister hobici olun, bu jenerat\u00f6rler yarat\u0131c\u0131 vizyonlar\u0131n\u0131z\u0131 hayata ge\u00e7irmenize yard\u0131mc\u0131 olabilir. En iyi deneyim i\u00e7in \u015funlar\u0131 kullanmay\u0131 deneyin <a href=\"https:\/\/aiartfree.online\/tr\/anime-ai-jeneratoru\/\">AIArtFree<\/a> yapay zeka taraf\u0131ndan \u00fcretilen anime sanat\u0131n\u0131n d\u00fcnyas\u0131n\u0131 ke\u015ffetmek i\u00e7in.<\/p>","protected":false},"excerpt":{"rendered":"<p>Before vs After How to use Anime AI Generator Prompt Examples *&nbsp;Depending on your internet speed, loading the model may take a few seconds.* There will be caching during continuous generation, and the new image will appear after about 3 seconds. Introduction of Anime AI Generator Anime AI Generators are revolutionizing the way we create &#8230; <a title=\"Anime Yapay Zeka Olu\u015fturucu\" class=\"read-more\" href=\"https:\/\/aiartfree.online\/tr\/anime-ai-jeneratoru\/\" aria-label=\"Read more about Anime AI Generator\">Devam\u0131n\u0131 oku<\/a><\/p>","protected":false},"author":1,"featured_media":0,"parent":0,"menu_order":0,"comment_status":"open","ping_status":"closed","template":"","meta":{"nf_dc_page":"","footnotes":""},"class_list":["post-2876","page","type-page","status-publish"],"jetpack_sharing_enabled":true,"_links":{"self":[{"href":"https:\/\/aiartfree.online\/tr\/wp-json\/wp\/v2\/pages\/2876","targetHints":{"allow":["GET"]}}],"collection":[{"href":"https:\/\/aiartfree.online\/tr\/wp-json\/wp\/v2\/pages"}],"about":[{"href":"https:\/\/aiartfree.online\/tr\/wp-json\/wp\/v2\/types\/page"}],"author":[{"embeddable":true,"href":"https:\/\/aiartfree.online\/tr\/wp-json\/wp\/v2\/users\/1"}],"replies":[{"embeddable":true,"href":"https:\/\/aiartfree.online\/tr\/wp-json\/wp\/v2\/comments?post=2876"}],"version-history":[{"count":1,"href":"https:\/\/aiartfree.online\/tr\/wp-json\/wp\/v2\/pages\/2876\/revisions"}],"predecessor-version":[{"id":3595,"href":"https:\/\/aiartfree.online\/tr\/wp-json\/wp\/v2\/pages\/2876\/revisions\/3595"}],"wp:attachment":[{"href":"https:\/\/aiartfree.online\/tr\/wp-json\/wp\/v2\/media?parent=2876"}],"curies":[{"name":"wp","href":"https:\/\/api.w.org\/{rel}","templated":true}]}}