{"id":2853,"date":"2024-07-17T13:47:43","date_gmt":"2024-07-17T13:47:43","guid":{"rendered":"https:\/\/aiartfree.online\/?page_id=2853"},"modified":"2024-07-20T09:39:23","modified_gmt":"2024-07-20T09:39:23","slug":"free-pixar-ai-generator","status":"publish","type":"page","link":"https:\/\/aiartfree.online\/tr\/ucretsiz-pixar-ai-olusturucu\/","title":{"rendered":"\u00dccretsiz Pixar Yapay Zeka Olu\u015fturucu"},"content":{"rendered":"<h2 class=\"wp-block-heading\">\u00dccretsiz Pixar Yapay Zeka Olu\u015fturucu nas\u0131l kullan\u0131l\u0131r?<\/h2>\n\n\n\n<ol class=\"wp-block-list\">\n<li class=\"\">\u0130stemlerinizi girin<\/li>\n\n\n\n<li class=\"\">\"\u00c7al\u0131\u015ft\u0131r \"a t\u0131klay\u0131n<\/li>\n\n\n\n<li class=\"\">Bekle, i\u015fte bu!<\/li>\n<\/ol>\n\n\n\n<p class=\"\"><em>* \u0130nternet h\u0131z\u0131n\u0131za ba\u011fl\u0131 olarak modelin y\u00fcklenmesi birka\u00e7 saniye s\u00fcrebilir.<br>* S\u00fcrekli olu\u015fturma s\u0131ras\u0131nda \u00f6nbelle\u011fe alma olacakt\u0131r ve yeni g\u00f6r\u00fcnt\u00fc yakla\u015f\u0131k 3 saniye sonra g\u00f6r\u00fcnecektir.<\/em><\/p>\n\n\n\n<h3 class=\"wp-block-heading\">\u00d6rnek Giri\u015f<\/h3>\n\n\n\n<ul class=\"wp-block-list\">\n<li class=\"\">A\u00e7\u0131k kahverengi dalgal\u0131 sa\u00e7l\u0131 ve a\u00e7\u0131k kahverengi g\u00f6zl\u00fc gen\u00e7 bir adam bir koltukta oturuyor ve do\u011frudan kameraya bak\u0131yor, pixar tarz\u0131, disney pixar, ofis arka plan\u0131, ultra detayl\u0131, 1 adam<\/li>\n\n\n\n<li class=\"\">\u00c7izgi film 3D g\u00fcne\u015fli parlak Pixar tarz\u0131 g\u00f6r\u00fcnt\u00fc : s\u00fcper kahraman : tam kost\u00fcm : sinematik -ar 68:128 -stylize 750 -v 5.2<\/li>\n\n\n\n<li class=\"\">3 boyutlu g\u00f6r\u00fcnt\u00fc, sevimli k\u0131z, Pixar tarz\u0131nda, -ar 1:2 ,-stylize 750.<\/li>\n<\/ul>\n\n\n\n<div style=\"text-align: center; border: 2px solid; border-image-source: linear-gradient(to right, #16b86c, #912899); border-image-slice: 1; box-shadow: 0 0 10px rgba(0, 0, 0, 0.1); border-radius: 15px;\">\n  <iframe loading=\"lazy\"\n    src=\"https:\/\/ucanbaklava-stablediffusionapi-disney-pixar-cartoon.hf.space\"\n    frameborder=\"0\"\n    width=\"800\"\n    height=\"500\"\n    style=\"display: inline-block; margin: 0 auto;\"\n  ><\/iframe>\n<\/div>\n\n\n\n<div style=\"height:50px\" aria-hidden=\"true\" class=\"wp-block-spacer\"><\/div>\n\n\n\n<h2 class=\"wp-block-heading\" id=\"introduction-of-free-online-pixar-ai-generator\"><strong>\u00dccretsiz Pixar AI Olu\u015fturucunun Tan\u0131t\u0131m\u0131<\/strong><\/h2>\n\n\n\n<figure class=\"wp-block-image size-full is-resized\"><img data-recalc-dims=\"1\" decoding=\"async\" width=\"938\" height=\"626\"   loading=\"lazy\" src=\"https:\/\/i0.wp.com\/aiartfree.online\/wp-content\/uploads\/2024\/07\/WX20240717-174206%402x.jpg?resize=938%2C626&#038;ssl=1\" alt=\"\u00dccretsiz \u00c7evrimi\u00e7i Pixar Yapay Zeka Olu\u015fturucu\" class=\"wp-image-2852\" style=\"width:530px;height:auto\" srcset=\"https:\/\/i0.wp.com\/aiartfree.online\/wp-content\/uploads\/2024\/07\/WX20240717-174206%402x.jpg?w=938&amp;ssl=1 938w, https:\/\/i0.wp.com\/aiartfree.online\/wp-content\/uploads\/2024\/07\/WX20240717-174206%402x.jpg?resize=300%2C200&amp;ssl=1 300w, https:\/\/i0.wp.com\/aiartfree.online\/wp-content\/uploads\/2024\/07\/WX20240717-174206%402x.jpg?resize=768%2C513&amp;ssl=1 768w, https:\/\/i0.wp.com\/aiartfree.online\/wp-content\/uploads\/2024\/07\/WX20240717-174206%402x.jpg?resize=18%2C12&amp;ssl=1 18w, https:\/\/i0.wp.com\/aiartfree.online\/wp-content\/uploads\/2024\/07\/WX20240717-174206%402x.jpg?resize=600%2C400&amp;ssl=1 600w\" sizes=\"auto, (max-width: 938px) 100vw, 938px\" \/><\/figure>\n\n\n\n<h3 class=\"wp-block-heading\" id=\"what-is-a-free-online-pixar-ai-generator\"><a href=\"https:\/\/dromerosm-groq-llama3.hf.space\/#what-is-a-free-online-pixar-ai-generator\" target=\"_blank\" rel=\"noopener\"><\/a><strong>\u00dccretsiz Pixar Yapay Zeka Olu\u015fturucu nedir?<\/strong><\/h3>\n\n\n\n<p class=\"\">A Free Online Pixar AI Generator, kullan\u0131c\u0131lar\u0131n herhangi bir finansal maliyet olmadan yapay zeka (AI) kullanarak Pixar tarz\u0131 sanat eserleri \u00fcretmelerini sa\u011flayan bir ara\u00e7t\u0131r. Bu yenilik\u00e7i teknoloji, Pixar'\u0131n sevilen filmlerini an\u0131msatan \u00e7arp\u0131c\u0131 animasyonlar ve g\u00f6r\u00fcnt\u00fcler olu\u015fturmak i\u00e7in makine \u00f6\u011frenimi algoritmalar\u0131n\u0131 kullan\u0131r.<\/p>\n\n\n\n<p class=\"\"><strong>\u0130\u00e7indekiler<\/strong><\/p>\n\n\n\n<ol class=\"wp-block-list\">\n<li class=\"\"><a href=\"https:\/\/dromerosm-groq-llama3.hf.space\/#what-is-a-free-online-pixar-ai-generator\" target=\"_blank\" rel=\"noopener\">\u00dccretsiz \u00c7evrimi\u00e7i Pixar Yapay Zeka Olu\u015fturucu nedir?<\/a><\/li>\n\n\n\n<li class=\"\"><a href=\"https:\/\/dromerosm-groq-llama3.hf.space\/#why-use-a-free-online-pixar-ai-generator\" target=\"_blank\" rel=\"noopener\">Neden \u00dccretsiz \u00c7evrimi\u00e7i Pixar Yapay Zeka Olu\u015fturucu Kullanmal\u0131?<\/a><\/li>\n\n\n\n<li class=\"\"><a href=\"https:\/\/dromerosm-groq-llama3.hf.space\/#benefits-of-using-a-free-online-pixar-ai-generator\" target=\"_blank\" rel=\"noopener\">\u00dccretsiz \u00c7evrimi\u00e7i Pixar Yapay Zeka Olu\u015fturucu Kullanman\u0131n Faydalar\u0131<\/a><\/li>\n\n\n\n<li class=\"\"><a href=\"https:\/\/dromerosm-groq-llama3.hf.space\/#when-to-use-a-free-online-pixar-ai-generator\" target=\"_blank\" rel=\"noopener\">\u00dccretsiz \u00c7evrimi\u00e7i Pixar Yapay Zeka Olu\u015fturucu Ne Zaman Kullan\u0131l\u0131r?<\/a><\/li>\n\n\n\n<li class=\"\"><a href=\"https:\/\/dromerosm-groq-llama3.hf.space\/#who-can-benefit-from-a-free-online-pixar-ai-generator\" target=\"_blank\" rel=\"noopener\">\u00dccretsiz \u00c7evrimi\u00e7i Pixar Yapay Zeka Olu\u015fturucudan Kimler Yararlanabilir?<\/a><\/li>\n\n\n\n<li class=\"\"><a href=\"https:\/\/dromerosm-groq-llama3.hf.space\/#related-information-and-tools\" target=\"_blank\" rel=\"noopener\">\u0130lgili Bilgi ve Ara\u00e7lar<\/a><\/li>\n\n\n\n<li class=\"\"><a href=\"https:\/\/dromerosm-groq-llama3.hf.space\/#faqs\" target=\"_blank\" rel=\"noopener\">SSS<\/a><\/li>\n<\/ol>\n\n\n\n<h3 class=\"wp-block-heading\" id=\"why-use-a-free-online-pixar-ai-generator\"><a href=\"https:\/\/dromerosm-groq-llama3.hf.space\/#why-use-a-free-online-pixar-ai-generator\" target=\"_blank\" rel=\"noopener\"><\/a><strong>Neden \u00dccretsiz Pixar Yapay Zeka Olu\u015fturucu Kullanmal\u0131?<\/strong><\/h3>\n\n\n\n<p class=\"\">\u00c7e\u015fitli sekt\u00f6rlerde y\u00fcksek kaliteli g\u00f6rsellere olan talebin artmas\u0131yla birlikte, \u00dccretsiz \u00c7evrimi\u00e7i Pixar AI Olu\u015fturucu oyunun kurallar\u0131n\u0131 de\u011fi\u015ftirebilir. Bu ara\u00e7, bireylerin kapsaml\u0131 grafik tasar\u0131m deneyimi gerektirmeden \u00e7arp\u0131c\u0131 animasyonlar ve g\u00f6r\u00fcnt\u00fcler olu\u015fturmas\u0131na olanak tan\u0131r. Ayr\u0131ca, zaman ve kaynak tasarrufu sa\u011flayarak me\u015fgul profesyoneller ve giri\u015fimciler i\u00e7in cazip bir se\u00e7enek haline getirir.<\/p>\n\n\n\n<h3 class=\"wp-block-heading\" id=\"benefits-of-using-a-free-online-pixar-ai-generator\"><a href=\"https:\/\/dromerosm-groq-llama3.hf.space\/#benefits-of-using-a-free-online-pixar-ai-generator\" target=\"_blank\" rel=\"noopener\"><\/a><strong>\u00dccretsiz Pixar Yapay Zeka Olu\u015fturucu Kullanman\u0131n Faydalar\u0131<\/strong><\/h3>\n\n\n\n<p class=\"\">\u00dccretsiz \u00c7evrimi\u00e7i Pixar AI Olu\u015fturucu kullanman\u0131n faydalar\u0131ndan baz\u0131lar\u0131 \u015funlard\u0131r:<\/p>\n\n\n\n<ul class=\"wp-block-list\">\n<li class=\"\"><strong>Uygun maliyetli<\/strong>: Pahal\u0131 grafik tasar\u0131m yaz\u0131l\u0131mlar\u0131na para harcaman\u0131za veya profesyonel bir tasar\u0131mc\u0131 tutman\u0131za gerek yok.<\/li>\n\n\n\n<li class=\"\"><strong>Zaman tasarrufu<\/strong>: Minimum \u00e7abayla h\u0131zl\u0131 bir \u015fekilde y\u00fcksek kaliteli g\u00f6rseller olu\u015fturun.<\/li>\n\n\n\n<li class=\"\"><strong>Eri\u015filebilirlik<\/strong>: Arac\u0131 kullanmak i\u00e7in \u00f6nceden grafik tasar\u0131m deneyimi gerekmez.<\/li>\n\n\n\n<li class=\"\"><strong>Esneklik<\/strong>: Sosyal medya, reklam ve e\u011fitim gibi \u00e7e\u015fitli ama\u00e7lar i\u00e7in kullan\u0131labilir.<\/li>\n<\/ul>\n\n\n\n<h3 class=\"wp-block-heading\" id=\"when-to-use-a-free-online-pixar-ai-generator\"><a href=\"https:\/\/dromerosm-groq-llama3.hf.space\/#when-to-use-a-free-online-pixar-ai-generator\" target=\"_blank\" rel=\"noopener\"><\/a><strong>\u00dccretsiz Pixar Yapay Zeka Olu\u015fturucu Ne Zaman Kullan\u0131l\u0131r?<\/strong><\/h3>\n\n\n\n<p class=\"\">\u00dccretsiz \u00c7evrimi\u00e7i Pixar AI Olu\u015fturucu, a\u015fa\u011f\u0131dakiler de dahil olmak \u00fczere \u00e7e\u015fitli senaryolarda kullan\u0131labilir:<\/p>\n\n\n\n<ul class=\"wp-block-list\">\n<li class=\"\"><strong>Sosyal medya pazarlamas\u0131<\/strong>: Sosyal medya kampanyalar\u0131 i\u00e7in ilgi \u00e7ekici g\u00f6rseller olu\u015fturun.<\/li>\n\n\n\n<li class=\"\"><strong>Reklamc\u0131l\u0131k<\/strong>: \u00c7evrimi\u00e7i ve \u00e7evrimd\u0131\u015f\u0131 tan\u0131t\u0131mlar i\u00e7in g\u00f6z al\u0131c\u0131 reklamlar geli\u015ftirin.<\/li>\n\n\n\n<li class=\"\"><strong>E\u011fitim<\/strong>: Video ve infografik gibi e\u011fitim materyalleri olu\u015fturmak i\u00e7in bu arac\u0131 kullan\u0131n.<\/li>\n\n\n\n<li class=\"\"><strong>\u0130\u00e7erik olu\u015fturma<\/strong>: Blog yaz\u0131lar\u0131, videolar ve di\u011fer \u00e7evrimi\u00e7i i\u00e7erikler i\u00e7in g\u00f6rseller olu\u015fturun.<\/li>\n<\/ul>\n\n\n\n<h3 class=\"wp-block-heading\" id=\"who-can-benefit-from-a-free-online-pixar-ai-generator\"><a href=\"https:\/\/dromerosm-groq-llama3.hf.space\/#who-can-benefit-from-a-free-online-pixar-ai-generator\" target=\"_blank\" rel=\"noopener\"><\/a><strong>\u00dccretsiz Pixar Yapay Zeka Olu\u015fturucudan Kimler Faydalanabilir?<\/strong><\/h3>\n\n\n\n<p class=\"\">\u00c7e\u015fitli sekt\u00f6rlerden ve mesleklerden bireyler, \u00dccretsiz \u00c7evrimi\u00e7i Pixar Yapay Zeka Olu\u015fturucu'yu kullanarak fayda sa\u011flayabilir:<\/p>\n\n\n\n<ul class=\"wp-block-list\">\n<li class=\"\"><strong>Pazarlamac\u0131lar<\/strong>: Sosyal medya ve reklam kampanyalar\u0131 i\u00e7in ilgi \u00e7ekici g\u00f6rseller olu\u015fturun.<\/li>\n\n\n\n<li class=\"\"><strong>E\u011fitimciler<\/strong>: Etkile\u015fimli ve ilgi \u00e7ekici e\u011fitim materyalleri geli\u015ftirin.<\/li>\n\n\n\n<li class=\"\"><strong>\u0130\u00e7erik olu\u015fturucular<\/strong>: Blog yaz\u0131lar\u0131, videolar ve di\u011fer \u00e7evrimi\u00e7i i\u00e7erikler i\u00e7in y\u00fcksek kaliteli g\u00f6rseller olu\u015fturun.<\/li>\n\n\n\n<li class=\"\"><strong>Giri\u015fimciler<\/strong>: \u0130\u015f tan\u0131t\u0131mlar\u0131 ve reklamlar i\u00e7in \u00e7arp\u0131c\u0131 g\u00f6rseller olu\u015fturmak \u00fczere bu arac\u0131 kullan\u0131n.<\/li>\n<\/ul>\n\n\n\n<h3 class=\"wp-block-heading\" id=\"related-information-and-tools\"><a href=\"https:\/\/dromerosm-groq-llama3.hf.space\/#related-information-and-tools\" target=\"_blank\" rel=\"noopener\"><\/a><strong>\u0130lgili Bilgi ve Ara\u00e7lar<\/strong><\/h3>\n\n\n\n<p class=\"\">Burada \u00dccretsiz \u00c7evrimi\u00e7i Pixar Yapay Zeka Olu\u015fturucular\u0131 ile ilgili bilgi ve ara\u00e7lar sa\u011flayan 10 web sitesi bulunmaktad\u0131r:<\/p>\n\n\n\n<figure class=\"wp-block-table\"><table class=\"has-fixed-layout\"><thead><tr><th>Web sitesi<\/th><th>A\u00e7\u0131klama<\/th><\/tr><\/thead><tbody><tr><td><a href=\"https:\/\/aiartfree.online\/tr\/free-online-pixar-ai-generator\/\" target=\"_blank\" rel=\"noreferrer noopener\">aiartfree.online<\/a><\/td><td>\u00c7e\u015fitli \u015fablonlar ve tasar\u0131mlar i\u00e7eren \u00fccretsiz bir \u00e7evrimi\u00e7i Pixar AI olu\u015fturucu sunar.<\/td><\/tr><tr><td><a href=\"https:\/\/pix2pix.io\/\" target=\"_blank\" rel=\"noreferrer noopener nofollow\">pix2pix.io<\/a><\/td><td>Eskizlerden g\u00f6r\u00fcnt\u00fc olu\u015fturmak i\u00e7in yapay zeka kullanan bir platform.<\/td><\/tr><tr><td><a href=\"https:\/\/deepdreamgenerator.com\/\" target=\"_blank\" rel=\"noreferrer noopener nofollow\">deepdreamgenerator.com<\/a><\/td><td>Ger\u00e7ek\u00fcst\u00fc g\u00f6r\u00fcnt\u00fcler olu\u015fturmak i\u00e7in yapay zeka kullanan web tabanl\u0131 bir ara\u00e7.<\/td><\/tr><tr><td><a href=\"https:\/\/www.artbreeder.com\/\" target=\"_blank\" rel=\"noreferrer noopener nofollow\">artbreeder.com<\/a><\/td><td>Kullan\u0131c\u0131lar\u0131n yapay zeka kullanarak orijinal sanat eserleri yaratmas\u0131na ve geli\u015ftirmesine olanak tan\u0131yan bir platform.<\/td><\/tr><tr><td><a href=\"https:\/\/ganbreeder.app\/\" target=\"_blank\" rel=\"noreferrer noopener nofollow\">ganbreeder.app<\/a><\/td><td>Sanat eseri \u00fcretmek i\u00e7in yapay zeka kullanan web tabanl\u0131 bir ara\u00e7.<\/td><\/tr><tr><td><a href=\"https:\/\/prism.app\/\" target=\"_blank\" rel=\"noreferrer noopener nofollow\">prism.app<\/a><\/td><td>Pixar tarz\u0131 bir jenerat\u00f6r de dahil olmak \u00fczere yapay zeka destekli tasar\u0131m ara\u00e7lar\u0131 sunan bir platform.<\/td><\/tr><tr><td><a href=\"https:\/\/adicraft.org\/\" target=\"_blank\" rel=\"noreferrer noopener nofollow\">adicraft.org<\/a><\/td><td>Pixar tarz\u0131 bir jenerat\u00f6r de dahil olmak \u00fczere yapay zeka destekli tasar\u0131m ara\u00e7lar\u0131 sa\u011flayan kar amac\u0131 g\u00fctmeyen bir kurulu\u015f.<\/td><\/tr><tr><td><a href=\"https:\/\/aiartist.io\/\" target=\"_blank\" rel=\"noreferrer noopener nofollow\">aiartist.io<\/a><\/td><td>Pixar tarz\u0131 bir jenerat\u00f6r de dahil olmak \u00fczere yapay zeka destekli tasar\u0131m ara\u00e7lar\u0131 sunan bir platform.<\/td><\/tr><tr><td><a href=\"https:\/\/ai-generated-art.org\/\" target=\"_blank\" rel=\"noreferrer noopener nofollow\">_AI-generated-art.org<\/a><\/td><td>Yapay zeka taraf\u0131ndan \u00fcretilen sanat hakk\u0131nda bilgi ve kaynak sa\u011flayan bir web sitesi.<\/td><\/tr><tr><td><a href=\"https:\/\/generative-art.org\/\" target=\"_blank\" rel=\"noreferrer noopener nofollow\">generative-art.org<\/a><\/td><td>\u00dcretken sanat hakk\u0131nda bilgi ve kaynak sa\u011flayan bir web sitesi.<\/td><\/tr><\/tbody><\/table><\/figure>\n\n\n\n<p class=\"\"><strong>Avantajlar, Dezavantajlar, G\u00fc\u00e7l\u00fc ve Zay\u0131f Y\u00f6nler ve \u00d6neriler<\/strong><\/p>\n\n\n\n<ul class=\"wp-block-list\">\n<li class=\"\"><strong>Avantajlar<\/strong>: Uygun maliyetli, zaman kazand\u0131ran, eri\u015filebilir ve esnek.<\/li>\n\n\n\n<li class=\"\"><strong>Dezavantajlar<\/strong>: S\u0131n\u0131rl\u0131 \u00f6zelle\u015ftirme se\u00e7enekleri, yapay zeka algoritmalar\u0131na ba\u011f\u0131ml\u0131l\u0131k ve potansiyel kalite sorunlar\u0131.<\/li>\n\n\n\n<li class=\"\"><strong>G\u00fc\u00e7l\u00fc Y\u00f6nler<\/strong>: Y\u00fcksek kaliteli g\u00f6rseller \u00fcretebilir, yo\u011fun profesyoneller ve giri\u015fimciler i\u00e7in idealdir.<\/li>\n\n\n\n<li class=\"\"><strong>Zay\u0131f Y\u00f6nler<\/strong>: Biraz grafik tasar\u0131m bilgisi, \u00e7\u0131kt\u0131 \u00fczerinde s\u0131n\u0131rl\u0131 kontrol gerektirebilir.<\/li>\n\n\n\n<li class=\"\"><strong>Tavsiye<\/strong>: Y\u00fcksek kaliteli Pixar tarz\u0131 g\u00f6rseller i\u00e7in aiartfree.online gibi sayg\u0131n bir \u00e7evrimi\u00e7i platform kullan\u0131n.<\/li>\n<\/ul>\n\n\n\n<h3 class=\"wp-block-heading\" id=\"faqs\"><a href=\"https:\/\/dromerosm-groq-llama3.hf.space\/#faqs\" target=\"_blank\" rel=\"noopener\"><\/a><strong>SSS<\/strong><\/h3>\n\n\n\n<ol class=\"wp-block-list\">\n<li class=\"\"><strong>S: \u00dccretsiz Pixar AI Olu\u015fturucunun kullan\u0131m\u0131 kolay m\u0131?<\/strong>&nbsp;C: Evet, \u00e7o\u011fu \u00e7evrimi\u00e7i platform minimum grafik tasar\u0131m deneyimi gerektiren kullan\u0131c\u0131 dostu aray\u00fczler sunar.<\/li>\n\n\n\n<li class=\"\"><strong>S: \u00dccretsiz Pixar AI Olu\u015fturucunun \u00e7\u0131kt\u0131s\u0131n\u0131 \u00f6zelle\u015ftirebilir miyim?<\/strong>&nbsp;C: Evet, \u00e7o\u011fu platform renk \u015femalar\u0131 ve \u015fablonlar gibi \u00f6zelle\u015ftirme se\u00e7enekleri sunar.<\/li>\n\n\n\n<li class=\"\"><strong>S: \u00dccretsiz Pixar Yapay Zeka Olu\u015fturucular\u0131 yaln\u0131zca profesyoneller i\u00e7in mi?<\/strong>&nbsp;C: Hay\u0131r, bireyler, giri\u015fimciler ve e\u011fitimciler de dahil olmak \u00fczere herkes bu ara\u00e7lar\u0131 kullanabilir.<\/li>\n\n\n\n<li class=\"\"><strong>S: \u00dccretsiz Pixar AI Olu\u015fturucuyu ticari ama\u00e7lar i\u00e7in kullanabilir miyim?<\/strong>&nbsp;C: Evet, \u00e7o\u011fu platform ticari kullan\u0131ma izin verir, ancak h\u00fck\u00fcm ve ko\u015fullar\u0131 kontrol etti\u011finizden emin olun.<\/li>\n\n\n\n<li class=\"\"><strong>S: \u00dccretsiz Pixar AI Olu\u015fturucu kullanarak bir g\u00f6r\u00fcnt\u00fc olu\u015fturmak ne kadar s\u00fcrer?<\/strong>&nbsp;C: \u0130\u015flem s\u00fcresi platforma ve tasar\u0131m\u0131n karma\u015f\u0131kl\u0131\u011f\u0131na ba\u011fl\u0131 olarak de\u011fi\u015fir.<\/li>\n\n\n\n<li class=\"\"><strong>S: \u00dccretsiz Pixar AI Olu\u015fturucuya kendi g\u00f6rsellerimi y\u00fckleyebilir miyim?<\/strong>&nbsp;C: Evet, baz\u0131 platformlar kullan\u0131c\u0131lar\u0131n d\u00fczenleme ve geli\u015ftirme i\u00e7in kendi g\u00f6rsellerini y\u00fcklemelerine izin verir.<\/li>\n\n\n\n<li class=\"\"><strong>S: \u00dccretsiz \u00c7evrimi\u00e7i Pixar Yapay Zeka Olu\u015fturucular\u0131 pahal\u0131 m\u0131?<\/strong>&nbsp;C: Hay\u0131r, \u00e7o\u011fu platform \u00fccretsiz veya d\u00fc\u015f\u00fck maliyetli hizmetler sunar, baz\u0131lar\u0131 ise \u00fccret kar\u015f\u0131l\u0131\u011f\u0131nda premium \u00f6zellikler sunar.<\/li>\n\n\n\n<li class=\"\"><strong>S: \u00dccretsiz \u00c7evrimi\u00e7i Pixar AI Olu\u015fturucuyu e\u011fitim ama\u00e7l\u0131 kullanabilir miyim?<\/strong>&nbsp;C: Evet, bir\u00e7ok platform \u00f6\u011frenciler ve \u00f6\u011fretmenler i\u00e7in e\u011fitim kaynaklar\u0131 ve ara\u00e7lar\u0131 sunuyor.<\/li>\n\n\n\n<li class=\"\"><strong>S: \u00dccretsiz \u00c7evrimi\u00e7i Pixar Yapay Zeka Olu\u015fturucu nas\u0131l \u00e7al\u0131\u015f\u0131r?<\/strong>&nbsp;C: Bu ara\u00e7lar, kullan\u0131c\u0131 girdisine ve tasar\u0131m \u015fablonlar\u0131na dayal\u0131 g\u00f6r\u00fcnt\u00fcler olu\u015fturmak i\u00e7in makine \u00f6\u011frenimi algoritmalar\u0131n\u0131 kullan\u0131r.<\/li>\n\n\n\n<li class=\"\"><strong>S: \u00dccretsiz \u00c7evrimi\u00e7i Pixar Yapay Zeka Olu\u015fturucu sosyal medya pazarlamas\u0131 i\u00e7in uygun mu?<\/strong>&nbsp;C: Evet, bu ara\u00e7lar sosyal medya kampanyalar\u0131 i\u00e7in ilgi \u00e7ekici g\u00f6rseller olu\u015fturmak i\u00e7in kullan\u0131labilir.<\/li>\n<\/ol>","protected":false},"excerpt":{"rendered":"<p>How to use the Free Pixar AI Generator *&nbsp;Depending on your internet speed, loading the model may take a few seconds.* There will be caching during continuous generation, and the new image will appear after about 3 seconds. Example Input Introduction of Free Pixar AI Generator What is a Free Pixar AI Generator? A Free &#8230; <a title=\"\u00dccretsiz Pixar Yapay Zeka Olu\u015fturucu\" class=\"read-more\" href=\"https:\/\/aiartfree.online\/tr\/ucretsiz-pixar-ai-olusturucu\/\" aria-label=\"Read more about Free Pixar AI Generator\">Devam\u0131n\u0131 oku<\/a><\/p>","protected":false},"author":1,"featured_media":0,"parent":0,"menu_order":0,"comment_status":"open","ping_status":"closed","template":"","meta":{"nf_dc_page":"","footnotes":""},"class_list":["post-2853","page","type-page","status-publish"],"jetpack_sharing_enabled":true,"_links":{"self":[{"href":"https:\/\/aiartfree.online\/tr\/wp-json\/wp\/v2\/pages\/2853","targetHints":{"allow":["GET"]}}],"collection":[{"href":"https:\/\/aiartfree.online\/tr\/wp-json\/wp\/v2\/pages"}],"about":[{"href":"https:\/\/aiartfree.online\/tr\/wp-json\/wp\/v2\/types\/page"}],"author":[{"embeddable":true,"href":"https:\/\/aiartfree.online\/tr\/wp-json\/wp\/v2\/users\/1"}],"replies":[{"embeddable":true,"href":"https:\/\/aiartfree.online\/tr\/wp-json\/wp\/v2\/comments?post=2853"}],"version-history":[{"count":0,"href":"https:\/\/aiartfree.online\/tr\/wp-json\/wp\/v2\/pages\/2853\/revisions"}],"wp:attachment":[{"href":"https:\/\/aiartfree.online\/tr\/wp-json\/wp\/v2\/media?parent=2853"}],"curies":[{"name":"wp","href":"https:\/\/api.w.org\/{rel}","templated":true}]}}