{"id":2807,"date":"2022-05-10T20:36:42","date_gmt":"2022-05-10T19:36:42","guid":{"rendered":"https:\/\/gp-inbound.wordifysites.com\/?page_id=82"},"modified":"2024-07-18T10:49:06","modified_gmt":"2024-07-18T10:49:06","slug":"contact-free-ai-art-generator","status":"publish","type":"page","link":"https:\/\/aiartfree.online\/tr\/ucretsiz-ai-art-ureteci-ile-iletisime-gecin\/","title":{"rendered":"Bize Ula\u015f\u0131n"},"content":{"rendered":"<figure class=\"gb-block-image gb-block-image-6abc9adb\"><img data-recalc-dims=\"1\" decoding=\"async\" loading=\"lazy\" width=\"1200\" height=\"675\" class=\"gb-image gb-image-6abc9adb\" src=\"https:\/\/i0.wp.com\/aiartfree.online\/wp-content\/uploads\/2023\/03\/map.jpg?resize=1200%2C675&#038;ssl=1\" alt=\"\" title=\"harita\" srcset=\"https:\/\/i0.wp.com\/aiartfree.online\/wp-content\/uploads\/2023\/03\/map.jpg?w=1980&amp;ssl=1 1980w, https:\/\/i0.wp.com\/aiartfree.online\/wp-content\/uploads\/2023\/03\/map.jpg?resize=600%2C338&amp;ssl=1 600w, https:\/\/i0.wp.com\/aiartfree.online\/wp-content\/uploads\/2023\/03\/map.jpg?resize=300%2C169&amp;ssl=1 300w, https:\/\/i0.wp.com\/aiartfree.online\/wp-content\/uploads\/2023\/03\/map.jpg?resize=1024%2C576&amp;ssl=1 1024w, https:\/\/i0.wp.com\/aiartfree.online\/wp-content\/uploads\/2023\/03\/map.jpg?resize=768%2C432&amp;ssl=1 768w, https:\/\/i0.wp.com\/aiartfree.online\/wp-content\/uploads\/2023\/03\/map.jpg?resize=1536%2C864&amp;ssl=1 1536w, https:\/\/i0.wp.com\/aiartfree.online\/wp-content\/uploads\/2023\/03\/map.jpg?resize=18%2C10&amp;ssl=1 18w\" sizes=\"auto, (max-width: 1200px) 100vw, 1200px\" \/><\/figure>\n\n\n<section class=\"gb-container gb-container-efcc007f\">\n\n<h2 class=\"gb-headline gb-headline-887ae2d8 gb-headline-text\">\u0130leti\u015fime ge\u00e7in<\/h2>\n\n\n\n<p class=\"gb-headline gb-headline-c307d429 gb-headline-text\">Yarat\u0131c\u0131l\u0131\u011f\u0131n s\u0131n\u0131rlar\u0131n\u0131n yapay zekan\u0131n g\u00fcc\u00fcyle bulu\u015ftu\u011fu Free AI Art Generator'a ho\u015f geldiniz! \ud83e\udd16<br>Geli\u015fmi\u015f yapay zeka algoritmalar\u0131n\u0131 ve ara\u00e7lar\u0131n\u0131 herkes i\u00e7in eri\u015filebilir hale getirme, sanat\u00e7\u0131lar\u0131 ve yarat\u0131c\u0131lar\u0131 \u00fccretsiz olarak \u00e7arp\u0131c\u0131 yapay zeka ile olu\u015fturulmu\u015f g\u00f6r\u00fcnt\u00fcler ve sanat eserleri \u00fcretmeleri i\u00e7in g\u00fc\u00e7lendirme konusunda tutkuluyuz. En son teknolojimizle, \u00fcretken yapay zeka, Kararl\u0131 Dif\u00fczyon ve daha fazlas\u0131n\u0131 ke\u015ffedebilir ve hayal g\u00fcc\u00fcn\u00fcz\u00fc daha \u00f6nce hi\u00e7 olmad\u0131\u011f\u0131 gibi ortaya \u00e7\u0131karabilirsiniz.<\/p>\n\n\n<div class=\"gb-container gb-container-93e859dc\">\n<div class=\"gb-container gb-container-16e44cdc\">\n\n<h2 class=\"gb-headline gb-headline-387184d6 gb-headline-text\">Bize ula\u015fmak i\u00e7in<\/h2>\n\n\n\n<ul class=\"wp-block-list\">\n<li class=\"\">Yapay zeka destekli sanat ara\u00e7lar\u0131m\u0131z ve jenerat\u00f6rlerimiz hakk\u0131nda genel sorular veya geri bildirimler<\/li>\n\n\n\n<li class=\"\">Ortakl\u0131k f\u0131rsatlar\u0131 veya i\u015fbirlikleri<\/li>\n\n\n\n<li class=\"\">Yapay zeka taraf\u0131ndan \u00fcretilen sanat eserlerinin olu\u015fturulmas\u0131nda teknik destek veya yard\u0131m<\/li>\n\n\n\n<li class=\"\">Entegre edilecek yeni \u00f6zellikler veya yapay zeka algoritmalar\u0131 i\u00e7in \u00f6neriler<\/li>\n\n\n\n<li class=\"\">Ba\u015fka sorular\u0131n\u0131z veya yorumlar\u0131n\u0131z varsa<\/li>\n<\/ul>\n\n\n\n<p class=\"gb-headline gb-headline-5b255efd\"><span class=\"gb-icon\"><svg viewbox=\"0 0 368.666 368.666\" xmlns=\"http:\/\/www.w3.org\/2000\/svg\"><path d=\"M184.333 0C102.011 0 35.037 66.974 35.037 149.297c0 33.968 11.132 65.959 32.193 92.515C94.5 276.195 173.8 357.833 177.164 361.291l7.169 7.375 7.17-7.374c3.363-3.459 82.688-85.116 109.963-119.51 21.042-26.534 32.164-58.515 32.164-92.485C333.63 66.974 266.656 0 184.333 0zm101.464 229.355c-21.957 27.687-80.921 89.278-101.463 110.581-20.54-21.302-79.482-82.875-101.434-110.552-18.23-22.984-27.863-50.677-27.863-80.087C55.037 78.002 113.039 20 184.333 20S313.63 78.002 313.63 149.297c0 29.411-9.625 57.095-27.833 80.058z\"><\/path><path d=\"M184.333 59.265c-48.729 0-88.374 39.645-88.374 88.374s39.644 88.374 88.374 88.374 88.374-39.644 88.374-88.374c.001-48.73-39.644-88.374-88.374-88.374zm0 156.748c-37.701 0-68.374-30.672-68.374-68.374s30.672-68.374 68.374-68.374 68.374 30.672 68.374 68.374c.001 37.701-30.673 68.374-68.374 68.374z\"><\/path><path d=\"m180.672 154.314-25.112-19.98-12.453 15.652 40.69 32.371 43.333-53.934-15.593-12.526z\"><\/path><\/svg><\/span><span class=\"gb-headline-text\">12 Princes Street, Edinburgh, EH6 1AL, Birle\u015fik Krall\u0131k<\/span><\/p>\n\n<\/div>\n\n<div class=\"gb-container gb-container-d4701180\">\n\n<h3 class=\"gb-headline gb-headline-8c73a68a gb-headline-text\">Bize Bir Mail B\u0131rak\u0131n<\/h3>\n\n\n\n<p class=\"gb-headline gb-headline-b1839c0f gb-headline-text\">Sizden haber almak isteriz! \u0130ster ilham arayan bir sanat\u00e7\u0131, ister yenilik\u00e7i \u00e7\u00f6z\u00fcmler arayan bir i\u015fletme ya da sadece sanat ve teknolojinin kesi\u015fiminden etkilenen biri olun, sizi dinlemek ve yard\u0131mc\u0131 olmak i\u00e7in buraday\u0131z.<\/p>\n\n\n<div class=\"wpforms-container wpforms-container-full wpforms-block wpforms-block-f9bd5ff9-c080-4a61-b9d1-8c53773b3bdc wpforms-render-modern\" id=\"wpforms-2489\"><form id=\"wpforms-form-2489\" class=\"wpforms-validate wpforms-form\" data-formid=\"2489\" method=\"post\" enctype=\"multipart\/form-data\" action=\"\/tr\/wp-json\/wp\/v2\/pages\/2807\" data-token=\"5297f783885c807ff9921114f96bfa8a\" data-token-time=\"1776978684\" data-trp-original-action=\"\/tr\/wp-json\/wp\/v2\/pages\/2807\"><noscript class=\"wpforms-error-noscript\">Bu formu bitirebilmek i\u00e7in taray\u0131c\u0131n\u0131zda JavaScript&#039;i etkinle\u015ftirin.<\/noscript><div id=\"wpforms-error-noscript\" style=\"display: none;\">Bu formu bitirebilmek i\u00e7in taray\u0131c\u0131n\u0131zda JavaScript&#039;i etkinle\u015ftirin.<\/div><div class=\"wpforms-field-container\"><div id=\"wpforms-2489-field_0-container\" class=\"wpforms-field wpforms-field-name\" data-field-id=\"0\"><label class=\"wpforms-field-label\" for=\"wpforms-2489-field_0\">\u0130sim <span class=\"wpforms-required-label\" aria-hidden=\"true\">*<\/span><\/label><input type=\"text\" id=\"wpforms-2489-field_0\" class=\"wpforms-field-medium wpforms-field-required\" name=\"wpforms[fields][0]\" aria-errormessage=\"wpforms-2489-field_0-error\" required><\/div><div id=\"wpforms-2489-field_1-container\" class=\"wpforms-field wpforms-field-email\" data-field-id=\"1\"><label class=\"wpforms-field-label\" for=\"wpforms-2489-field_1\">E-posta <span class=\"wpforms-required-label\" aria-hidden=\"true\">*<\/span><\/label><input type=\"email\" id=\"wpforms-2489-field_1\" class=\"wpforms-field-medium wpforms-field-required\" name=\"wpforms[fields][1]\" spellcheck=\"false\" aria-errormessage=\"wpforms-2489-field_1-error\" required><\/div><div id=\"wpforms-2489-field_2-container\" class=\"wpforms-field wpforms-field-textarea\" data-field-id=\"2\"><label class=\"wpforms-field-label\" for=\"wpforms-2489-field_2\">Yorum veya Mesaj <span class=\"wpforms-required-label\" aria-hidden=\"true\">*<\/span><\/label><textarea id=\"wpforms-2489-field_2\" class=\"wpforms-field-medium wpforms-field-required\" name=\"wpforms[fields][2]\" aria-errormessage=\"wpforms-2489-field_2-error\" required><\/textarea><\/div><\/div><!-- .wpforms-field-container --><div class=\"wpforms-submit-container\" ><input type=\"hidden\" name=\"wpforms[id]\" value=\"2489\"><input type=\"hidden\" name=\"page_title\" value=\"\"><input type=\"hidden\" name=\"page_url\" value=\"https:\/\/aiartfree.online\/tr\/wp-json\/wp\/v2\/pages\/2807\"><input type=\"hidden\" name=\"url_referer\" value=\"\"><button type=\"submit\" name=\"wpforms[submit]\" id=\"wpforms-submit-2489\" class=\"wpforms-submit\" data-alt-text=\"Sending...\" data-submit-text=\"Submit\" aria-live=\"assertive\" value=\"wpforms-submit\">G\u00f6nder<\/button><\/div><input type=\"hidden\" name=\"trp-form-language\" value=\"tr\"\/><\/form><\/div>  <!-- .wpforms-container -->\n<\/div>\n<\/div>\n\n\n<div style=\"height:40px\" aria-hidden=\"true\" class=\"wp-block-spacer\"><\/div>\n\n\n\n<h2 class=\"gb-headline gb-headline-f952b484 gb-headline-text\"><strong>Neden \u00dccretsiz AI Art Generator'\u0131 Se\u00e7melisiniz?<\/strong><\/h2>\n\n\n\n<p class=\"has-text-align-center\">\u00dccretsiz yapay zeka sanat ara\u00e7lar\u0131 ve jenerat\u00f6rleri sunma taahh\u00fcd\u00fcm\u00fcz, inovasyon ve kullan\u0131c\u0131 deneyimine olan tutkumuzla birle\u015fti\u011finde bizi di\u011ferlerinden ay\u0131r\u0131yor. Son teknoloji yapay zeka algoritmalar\u0131m\u0131z ve sezgisel aray\u00fcz\u00fcm\u00fczle, metin istemleri, g\u00f6r\u00fcnt\u00fc y\u00fckseltme ve daha fazlas\u0131n\u0131n t\u00fcm potansiyelini ke\u015ffederek kolayl\u0131kla \u00e7arp\u0131c\u0131 yapay zeka ile olu\u015fturulmu\u015f sanat eserleri olu\u015fturabilirsiniz.<br><\/p>\n\n\n\n<div style=\"height:40px\" aria-hidden=\"true\" class=\"wp-block-spacer\"><\/div>\n\n\n\n<h2 class=\"gb-headline gb-headline-04a855f0 gb-headline-text\"><strong>\u00dccretsiz AI Art Generator ile Yaratmaya Bug\u00fcn Ba\u015flay\u0131n!<\/strong><\/h2>\n\n\n\n<p class=\"has-text-align-center\">Bizi ziyaret edin <a href=\"https:\/\/aiartfree.online\/tr\/\" target=\"_blank\" data-type=\"page\" data-id=\"2853\" rel=\"noreferrer noopener\">Anasayfa<\/a> \u00fccretsiz yapay zeka sanat \u00fcretimi d\u00fcnyas\u0131n\u0131 ke\u015ffetmek ve yapay zeka taraf\u0131ndan \u00fcretilen g\u00f6r\u00fcnt\u00fclerin, canl\u0131 renklerin ve sanatsal ifadenin sonsuz olanaklar\u0131n\u0131 ke\u015ffetmek i\u00e7in!<\/p>\n\n\n\n<p class=\"has-text-align-center\">Unutmay\u0131n, Free AI Art Generator'da kendimizi yarat\u0131c\u0131l\u0131\u011f\u0131 g\u00fc\u00e7lendirmeye ve yapay zeka destekli sanat ara\u00e7lar\u0131yla m\u00fcmk\u00fcn olan\u0131n s\u0131n\u0131rlar\u0131n\u0131 zorlamaya adad\u0131k. \u0130leti\u015fime ge\u00e7in ve birlikte harika bir \u015fey yaratal\u0131m! \ud83c\udfa8<\/p>\n\n\n\n<p class=\"has-text-align-center\">Bu taslak, do\u011fal bir ak\u0131\u015f ve tonu korurken gerekli anahtar kelimeleri i\u00e7ermektedir. Markan\u0131z\u0131n sesine ve tarz\u0131na uymas\u0131 i\u00e7in gerekti\u011fi gibi de\u011fi\u015ftirmekten \u00e7ekinmeyin. Web sitenizde iyi \u015fanslar! \ud83d\ude0a<\/p>\n\n<\/section>\n\n\n<p class=\"\"><\/p>","protected":false},"excerpt":{"rendered":"<p>Get in touch Welcome to Free AI Art Generator, where the boundaries of creativity meet the power of artificial intelligence! \ud83e\udd16We&#8217;re passionate about making advanced AI algorithms and tools accessible to everyone, empowering artists and creatives to generate stunning AI-generated images and artwork for free. With our cutting-edge technology, you can explore the world of &#8230; <a title=\"Bize Ula\u015f\u0131n\" class=\"read-more\" href=\"https:\/\/aiartfree.online\/tr\/ucretsiz-ai-art-ureteci-ile-iletisime-gecin\/\" aria-label=\"Read more about Contact Us\">Devam\u0131n\u0131 oku<\/a><\/p>","protected":false},"author":1,"featured_media":0,"parent":0,"menu_order":0,"comment_status":"closed","ping_status":"closed","template":"","meta":{"nf_dc_page":"","footnotes":""},"class_list":["post-2807","page","type-page","status-publish"],"jetpack_sharing_enabled":true,"_links":{"self":[{"href":"https:\/\/aiartfree.online\/tr\/wp-json\/wp\/v2\/pages\/2807","targetHints":{"allow":["GET"]}}],"collection":[{"href":"https:\/\/aiartfree.online\/tr\/wp-json\/wp\/v2\/pages"}],"about":[{"href":"https:\/\/aiartfree.online\/tr\/wp-json\/wp\/v2\/types\/page"}],"author":[{"embeddable":true,"href":"https:\/\/aiartfree.online\/tr\/wp-json\/wp\/v2\/users\/1"}],"replies":[{"embeddable":true,"href":"https:\/\/aiartfree.online\/tr\/wp-json\/wp\/v2\/comments?post=2807"}],"version-history":[{"count":0,"href":"https:\/\/aiartfree.online\/tr\/wp-json\/wp\/v2\/pages\/2807\/revisions"}],"wp:attachment":[{"href":"https:\/\/aiartfree.online\/tr\/wp-json\/wp\/v2\/media?parent=2807"}],"curies":[{"name":"wp","href":"https:\/\/api.w.org\/{rel}","templated":true}]}}