{"id":3558,"date":"2024-08-05T07:35:25","date_gmt":"2024-08-05T07:35:25","guid":{"rendered":"https:\/\/aiartfree.online\/?page_id=3558"},"modified":"2024-08-16T10:09:07","modified_gmt":"2024-08-16T10:09:07","slug":"flux-ai-image-generator-flux1","status":"publish","type":"page","link":"https:\/\/aiartfree.online\/sv\/flux-ai-bildgenerator-flux1\/","title":{"rendered":"Flux AI Image Generator | Drivs av Flux.1"},"content":{"rendered":"<h2 class=\"wp-block-heading has-text-align-center\">Galleri f\u00f6r Flux.1<\/h2>\n\n\n\n<figure class=\"gb-block-image gb-block-image-1822da1f\"><img data-recalc-dims=\"1\" decoding=\"async\" loading=\"lazy\" width=\"1024\" height=\"725\" class=\"gb-image gb-image-1822da1f\" src=\"https:\/\/i0.wp.com\/aiartfree.online\/wp-content\/uploads\/2024\/08\/WX20240803-154751%402x-1024x725.webp?resize=1024%2C725&#038;ssl=1\" alt=\"Flux AI Image Generator av Black Forest Labs, med modellerna Flux.1, Flux.1 Pro, Flux.1 Dev och Flux.1 Schnell. Obegr\u00e4nsat, h\u00f6gkvalitativt, gratis, ingen registrering.\" title=\"WX20240803-154751@2x\" srcset=\"https:\/\/i0.wp.com\/aiartfree.online\/wp-content\/uploads\/2024\/08\/WX20240803-154751%402x.jpg?resize=1024%2C725&amp;ssl=1 1024w, https:\/\/i0.wp.com\/aiartfree.online\/wp-content\/uploads\/2024\/08\/WX20240803-154751%402x.jpg?resize=300%2C212&amp;ssl=1 300w, https:\/\/i0.wp.com\/aiartfree.online\/wp-content\/uploads\/2024\/08\/WX20240803-154751%402x.jpg?resize=768%2C544&amp;ssl=1 768w, https:\/\/i0.wp.com\/aiartfree.online\/wp-content\/uploads\/2024\/08\/WX20240803-154751%402x.jpg?resize=1536%2C1087&amp;ssl=1 1536w, https:\/\/i0.wp.com\/aiartfree.online\/wp-content\/uploads\/2024\/08\/WX20240803-154751%402x.jpg?resize=18%2C12&amp;ssl=1 18w, https:\/\/i0.wp.com\/aiartfree.online\/wp-content\/uploads\/2024\/08\/WX20240803-154751%402x.jpg?resize=600%2C425&amp;ssl=1 600w, https:\/\/i0.wp.com\/aiartfree.online\/wp-content\/uploads\/2024\/08\/WX20240803-154751%402x.jpg?w=2046&amp;ssl=1 2046w\" sizes=\"auto, (max-width: 1024px) 100vw, 1024px\" \/><\/figure>\n\n\n\n<h2 class=\"wp-block-heading\">S\u00e5 h\u00e4r anv\u00e4nder du Flux AI Image Generator<\/h2>\n\n\n\n<ol class=\"wp-block-list\">\n<li class=\"\">Ange din uppmaning<\/li>\n\n\n\n<li class=\"\">Klicka p\u00e5 \"Skicka\"<\/li>\n\n\n\n<li class=\"\">V\u00e4nta, det var det!<\/li>\n<\/ol>\n\n\n\n<p class=\"\">* Bl\u00e4ddra ner f\u00f6r att kontrollera v\u00e5ra Prompt Exempel nedan om du inte har n\u00e5gra tankar i ditt sinne<\/p>\n\n\n\n<p class=\"\"><em>* Om du anv\u00e4nder den h\u00e4r modellen intensivt under en kort period kan det orsaka brist p\u00e5 GPU-resurser. V\u00e4nta n\u00e5gra minuter innan du \u00e5terupptar anv\u00e4ndningen.<\/em><br>* Det kan returnera ett fel n\u00e4r det \u00e4r en anv\u00e4ndningstopp.&nbsp;<em>V\u00e4nta n\u00e5gra minuter innan du \u00e5terupptar anv\u00e4ndningen.<\/em><\/p>\n\n\n\n<p class=\"\"><em>* Beroende p\u00e5 din internethastighet kan laddningen av modellen ta&nbsp;<\/em>upp till 10 sekunder \u2193<\/p>\n\n\n\n<div class=\"iframe-wrapper\" style=\"position: relative; width: 100%; height: 700px;\">\n  <div class=\"loading\" style=\"position: absolute; top: 50px; left: 50%; transform: translate(-50%, -50%); width: 40px; height: 40px; border: 3px solid #f0f0f0; border-top: 3px solid #db7093; border-radius: 50%; animation: spin 1s linear infinite;\"><\/div>\n  <iframe loading=\"lazy\" src=\"https:\/\/rooc-flux-1-dev.hf.space\" frameborder=\"0\" width=\"100%\" height=\"100%\" style=\"position: absolute; top: 0; left: 0; opacity: 0; transition: opacity 0.3s;\" onload=\"this.style.opacity=1;this.previousElementSibling.style.display='none';\"><\/iframe>\n<\/div>\n\n<style>\n@keyframes spin {\n  0% { transform: translate(-50%, -50%) rotate(0deg); }\n  100% { transform: translate(-50%, -50%) rotate(360deg); }\n}\n<\/style>\n\n\n\n<h2 class=\"wp-block-heading\" id=\"maodian\">Prompt exempel p\u00e5 Flux.1<\/h2>\n\n\n\n<p class=\"\">Kopiera och klistra in n\u00e4r du g\u00e5r!<\/p>\n\n\n\n<ol style=\"font-size:15px\" class=\"wp-block-list\">\n<li class=\"\">en portal in i en mytisk skog p\u00e5 v\u00e4ggen i mitt lilla st\u00f6kiga sovrum<\/li>\n\n\n\n<li class=\"\">detaljerad filmisk dof-rendering av en gammal dammig detaljerad CRT-monitor p\u00e5 ett tr\u00e4bord i ett svagt rum med f\u00f6rem\u00e5l runt, r\u00f6rigt smutsigt rum. P\u00e5 sk\u00e4rmen syns bokst\u00e4verna \"FLUX\" som lyser mjukt. Rendering av h\u00e5rd yta med h\u00f6g detaljrikedom<\/li>\n\n\n\n<li class=\"\">Undervattensscen med tv\u00e5 ugglor som sitter vid ett fint matbord med ett t\u00e4nt ljus i mitten, de tv\u00e5 ugglorna \u00e4ter en h\u00e4rlig middag tillsammans. Den v\u00e4nstra ugglan \u00e4r kl\u00e4dd i smoking, den h\u00f6gra ugglan i en fin kl\u00e4nning. I bakgrunden passerar en ub\u00e5t med texten \"What a Hoot\" m\u00e5lad p\u00e5 sidan. Det simmar runt sm\u00e5 maneter l\u00e4ngst ner i bilden under bordet, filmiskt vackert digitalt konstverk<\/li>\n\n\n\n<li class=\"\">En maskin som genererar o\u00e4ndligt m\u00e5nga polaroidbilder och bl\u00e5ser upp dem i luften. Realistiskt foto fr\u00e5n National Geographic<\/li>\n\n\n\n<li class=\"\">Typografi, futuristisk fin lasersp\u00e5rning, futuristisk japan landsbygd natur turism och keramik, steven meisel, kaws, rolf armstrong, mondrian, kandinsky, perfekt geometri abstrakt akryl, oktan hyperrealism fotorealistisk airbrush collage m\u00e5lning, m\u00f6rk monokrom, fluorescerande f\u00e4rger, minimalistisk tredjedelsregel, \u00e5ttiotal eros<\/li>\n\n\n\n<li class=\"\">ett gammalt piano i mitt vardagsrum<\/li>\n\n\n\n<li class=\"\">Fotografi av en lada p\u00e5 ett f\u00e4lt<\/li>\n\n\n\n<li class=\"\">vackert anime konstverk, en s\u00f6t anime catgirl som ser deprimerad ut och h\u00e5ller en bit papper med ett leende ritat p\u00e5 det \u00f6ver munnen, hon \u00e4r p\u00e5 v\u00e4g att gr\u00e5ta<\/li>\n\n\n\n<li class=\"\">vackert anime-konstverk, en s\u00f6t anime-flickas silhuett, dubbelexponering, skimrande nebulosagalax, svart bakgrund, eteriskt sken, blomning, hdr<\/li>\n\n\n\n<li class=\"\">abstrakt krom 80-tal scifi automat av hajime sorayama airbrush strage objekt, singel verital linje, generativ konst, p5js, dithering<\/li>\n\n\n\n<li class=\"\">fotografi av ett vackert kaf\u00e9 i Freiburg<\/li>\n\n\n\n<li class=\"\">en galen vetenskapsman som bygger en massiv, enorm, otrolig k\u00f6 som str\u00e4cker sig fr\u00e5n kontorsbordet hela v\u00e4gen ut i rymden d\u00e4r den r\u00f6r vid m\u00e5nen<\/li>\n\n\n\n<li class=\"\">filmfoto av en grupp p\u00e5 tre kvinnor p\u00e5 en gata i centrum, de h\u00e5ller upp sina h\u00e4nder mot kameran<\/li>\n\n\n\n<li class=\"\">En g\u00f6md cenote i hj\u00e4rtat av en frodig djungel lockar med kristallklart turkost vatten. Levande smaragdgr\u00f6na vinrankor faller nerf\u00f6r vittrade kalkstensv\u00e4ggar och deras rankor kysser knappt vattenytan. Gyllene solstr\u00e5lar tr\u00e4nger in genom ett naturligt takf\u00f6nster ovanf\u00f6r och skapar ett mystiskt samspel mellan ljus och skugga p\u00e5 grottv\u00e4ggarna. Skimrande fj\u00e4rilar fladdrar mellan exotiska orkid\u00e9er som klamrar sig fast vid klipph\u00e4llar. En delvis neds\u00e4nkt mayaruin, vars invecklade sniderier har mjukats upp av tiden, st\u00e5r som en tyst vaktpost vid vattenbrynet. Sv\u00e4rmar av sm\u00e5 silverfiskar pilar genom det kristallklara djupet och deras fj\u00e4ll glittrar som undervattensstj\u00e4rnor. L\u00e4ngst bort i cenoten faller ett litet vattenfall melodiskt ner i poolen och dess dimma skapar flyktiga regnb\u00e5gar i det fl\u00e4ckiga ljuset.<\/li>\n\n\n\n<li class=\"\">en liten astronaut som kl\u00e4cks ur ett \u00e4gg p\u00e5 m\u00e5nen<\/li>\n\n\n\n<li class=\"\">gammal man med glas\u00f6gon portr\u00e4tt, foto, 50mm, f1.4, naturligt ljus, Path\u00e9chrome<\/li>\n\n\n\n<li class=\"\">vackert anime konstverk, en s\u00f6t anime flicka som st\u00e5r ensam i nattm\u00f6rkret b\u00e4r en \u00f6verdimensionerad svart regnrock med en liten v\u00e4ska. hon h\u00e5ller ett svart paraply, paraplyet har m\u00e5ngf\u00e4rgad LED g\u00f6md inuti som lyser ner p\u00e5 henne, sm\u00e5 rosenblad fladdrar genom luften runt henne, anime screencap stil, r\u00f6da \u00f6gon, medelh\u00e5rigt h\u00e5r<\/li>\n\n\n\n<li class=\"\">filmiskt episkt konstverk av ett o\u00e4ndligt galaktiskt k\u00f6pcentrum<\/li>\n\n\n\n<li class=\"\">abstrakt krom 80-tal scifi automat, airbrush<\/li>\n\n\n\n<li class=\"\">tjock fl\u00e4ckig oljem\u00e5lning med penseldrag av en stor val som flyter mjukt p\u00e5 natthimlen h\u00f6gt \u00f6ver en stad<\/li>\n<\/ol>\n\n\n\n<div style=\"height:100px\" aria-hidden=\"true\" class=\"wp-block-spacer\"><\/div>\n\n\n\n<h2 class=\"wp-block-heading\">Flux AI bildgenerator: Den ultimata guiden<\/h2>\n\n\n\n<p class=\"\">Flux AI Image Generator \u00e4r en innovativ text-till-bild-generationsmodell med \u00f6ppen k\u00e4llkod som \u00e4r utformad f\u00f6r att skapa h\u00f6gkvalitativa bilder fr\u00e5n textbeskrivningar. Detta avancerade AI-verktyg \u00e4r k\u00e4nt f\u00f6r sin flexibilitet och de m\u00e5nga olika utdatastilar som det st\u00f6der.<\/p>\n\n\n\n<h3 class=\"wp-block-heading\">Inledning<\/h3>\n\n\n\n<h4 class=\"wp-block-heading\">Vad \u00e4r Flux AI Image Generator?<\/h4>\n\n\n\n<p class=\"\">Flux AI Image Generator \u00e4r en \u00f6ppen k\u00e4llkodsmodell som \u00e4r utformad f\u00f6r att omvandla text till bilder. Verktyget \u00e4r mycket m\u00e5ngsidigt och kan producera h\u00f6gkvalitativa bilder i en m\u00e4ngd olika stilar. Som ett projekt med \u00f6ppen k\u00e4llkod till\u00e5ter det anv\u00e4ndare att \u00e4ndra och anpassa koden f\u00f6r att passa deras behov, vilket g\u00f6r det till en kraftfull resurs f\u00f6r b\u00e5de utvecklare och konstn\u00e4rer.<\/p>\n\n\n\n<h4 class=\"wp-block-heading\">Bakgrund och utvecklare<\/h4>\n\n\n\n<p class=\"\">Flux AI Image Generator utvecklas av Black Forest Labs, en ledande enhet inom AI-omr\u00e5det som \u00e4r k\u00e4nd f\u00f6r sina bidrag till artificiell intelligens och maskininl\u00e4rning. Utvecklingen av Flux AI Image Generator \u00e4r n\u00e4ra kopplad till andra framst\u00e5ende projekt som Stable Diffusion, vilket ytterligare f\u00f6rst\u00e4rker dess trov\u00e4rdighet och kapacitet.<\/p>\n\n\n\n<h3 class=\"wp-block-heading\">Funktioner och specifikationer<\/h3>\n\n\n\n<h4 class=\"wp-block-heading\">Tekniska specifikationer<\/h4>\n\n\n\n<p class=\"\">Flux-modellen har imponerande 1,2 miljarder parametrar, vilket g\u00f6r den till ett robust verktyg f\u00f6r bildgenerering. Den finns i tre versioner: Flux Dev, Flux Schnell och Flux Pro, som alla tillgodoser olika anv\u00e4ndarbehov och prestandakrav.<\/p>\n\n\n\n<h4 class=\"wp-block-heading\">Centrala funktioner<\/h4>\n\n\n\n<ul class=\"wp-block-list\">\n<li class=\"\"><strong>H\u00f6gkvalitativ bildgenerering<\/strong>: Flux AI Image Generator utm\u00e4rker sig genom att producera detaljerade och estetiskt tilltalande bilder.<\/li>\n\n\n\n<li class=\"\"><strong>M\u00e5ngsidighet i utmatningsstilar<\/strong>: Anv\u00e4ndarna kan v\u00e4lja mellan ett brett utbud av stilar, vilket ger flexibilitet i kreativa projekt.<\/li>\n\n\n\n<li class=\"\"><strong>J\u00e4mf\u00f6relse med konkurrenter<\/strong>: J\u00e4mf\u00f6rt med andra bildgeneratorer som Midjourney och DALL-E 3 erbjuder Flux \u00f6verl\u00e4gsen flexibilitet och kvalitet.<\/li>\n<\/ul>\n\n\n\n<h4 class=\"wp-block-heading\">Prestanda och optimering<\/h4>\n\n\n\n<ul class=\"wp-block-list\">\n<li class=\"\"><strong>Snabb bildgenerering<\/strong>: Flux \u00e4r optimerat f\u00f6r snabbhet och kan snabbt generera bilder utan att kompromissa med kvaliteten.<\/li>\n\n\n\n<li class=\"\"><strong>Kompatibilitet med h\u00e5rdvara<\/strong>: Den anpassar sig v\u00e4l till olika h\u00e5rdvarumilj\u00f6er och s\u00e4kerst\u00e4ller smidig drift p\u00e5 olika plattformar.<\/li>\n\n\n\n<li class=\"\"><strong>Integration av plattformar<\/strong>: Flux kan integreras med m\u00e5nga olika plattformar, vilket g\u00f6r det till ett m\u00e5ngsidigt verktyg f\u00f6r utvecklare.<\/li>\n<\/ul>\n\n\n\n<h3 class=\"wp-block-heading\">Hur man anv\u00e4nder Flux AI Image Generator<\/h3>\n\n\n\n<h4 class=\"wp-block-heading\">Komma ig\u00e5ng<\/h4>\n\n\n\n<ul class=\"wp-block-list\">\n<li class=\"\"><strong>Installation och konfiguration<\/strong>: Installationen av Flux AI Image Generator best\u00e5r av enkla installationssteg och konfigurationsprocesser.<\/li>\n\n\n\n<li class=\"\"><strong>Handledning f\u00f6r grundl\u00e4ggande anv\u00e4ndning<\/strong>: Anv\u00e4ndare kan f\u00f6lja enkla handledningar f\u00f6r att snabbt b\u00f6rja generera bilder.<\/li>\n<\/ul>\n\n\n\n<h4 class=\"wp-block-heading\">Avancerade funktioner<\/h4>\n\n\n\n<ul class=\"wp-block-list\">\n<li class=\"\"><strong>Avancerade tekniker<\/strong>: F\u00f6r mer erfarna anv\u00e4ndare erbjuder Flux avancerade funktioner och b\u00e4sta praxis f\u00f6r att maximera dess potential.<\/li>\n\n\n\n<li class=\"\"><strong>Integration med andra verktyg<\/strong>: Flux kan kombineras med andra verktyg och plattformar, till exempel ComfyUI, f\u00f6r att f\u00f6rb\u00e4ttra dess kapacitet.<\/li>\n<\/ul>\n\n\n\n<h3 class=\"wp-block-heading\">Praktiska till\u00e4mpningar<\/h3>\n\n\n\n<h4 class=\"wp-block-heading\">Anv\u00e4ndningsfall<\/h4>\n\n\n\n<ul class=\"wp-block-list\">\n<li class=\"\"><strong>Design och reklam<\/strong>: Flux anv\u00e4nds ofta inom design och reklam och hj\u00e4lper yrkesverksamma att skapa fantastiska bilder.<\/li>\n\n\n\n<li class=\"\"><strong>Konstn\u00e4rligt skapande<\/strong>: Konstn\u00e4rer anv\u00e4nder Flux f\u00f6r att f\u00f6rverkliga sina fantasifulla koncept.<\/li>\n\n\n\n<li class=\"\"><strong>Framg\u00e5ngsrika ber\u00e4ttelser<\/strong>: M\u00e5nga anv\u00e4ndare har delat med sig av sina framg\u00e5ngshistorier, som visar p\u00e5 de olika anv\u00e4ndningsomr\u00e5dena f\u00f6r Flux AI Image Generator.<\/li>\n<\/ul>\n\n\n\n<h4 class=\"wp-block-heading\">Gemenskap och st\u00f6d<\/h4>\n\n\n\n<ul class=\"wp-block-list\">\n<li class=\"\"><strong>Anv\u00e4ndargemenskap<\/strong>: En livlig gemenskap av anv\u00e4ndare bidrar till den p\u00e5g\u00e5ende utvecklingen och supporten av Flux.<\/li>\n\n\n\n<li class=\"\"><strong>Resurser f\u00f6r teknisk support<\/strong>: Omfattande resurser finns tillg\u00e4ngliga f\u00f6r att hj\u00e4lpa anv\u00e4ndarna att fels\u00f6ka och optimera anv\u00e4ndningen av verktyget.<\/li>\n<\/ul>\n\n\n\n<h3 class=\"wp-block-heading\">Framtida utveckling<\/h3>\n\n\n\n<h4 class=\"wp-block-heading\">Uppdateringar och planer<\/h4>\n\n\n\n<ul class=\"wp-block-list\">\n<li class=\"\"><strong>Nya funktioner<\/strong>: I kommande versioner av Flux kommer nya funktioner och f\u00f6rb\u00e4ttringar att inf\u00f6ras.<\/li>\n\n\n\n<li class=\"\"><strong>L\u00e5ngsiktig vision<\/strong>: Utvecklarna har en tydlig f\u00e4rdplan f\u00f6r den l\u00e5ngsiktiga utvecklingen av verktyget.<\/li>\n<\/ul>\n\n\n\n<h4 class=\"wp-block-heading\">Expansion av ekosystem<\/h4>\n\n\n\n<ul class=\"wp-block-list\">\n<li class=\"\"><strong>Integration med andra AI-verktyg<\/strong>: Det finns planer p\u00e5 att integrera Flux med andra AI-verktyg och plattformar.<\/li>\n\n\n\n<li class=\"\"><strong>Potentiella samarbeten<\/strong>: M\u00f6jligheter till kommersiella till\u00e4mpningar och samarbeten unders\u00f6ks.<\/li>\n<\/ul>\n\n\n\n<h3 class=\"wp-block-heading\">10 viktiga verktyg och resurser f\u00f6r Flux AI Image Generator<\/h3>\n\n\n\n<figure class=\"wp-block-table\"><table class=\"has-fixed-layout\"><thead><tr><th>Verktyg\/Resurs<\/th><th>Beskrivning<\/th><th>F\u00f6rdelar<\/th><th>Nackdelar<\/th><\/tr><\/thead><tbody><tr><td><a href=\"https:\/\/flux-ai.online\/\" target=\"_blank\" data-type=\"link\" data-id=\"https:\/\/flux-ai.online\/\" rel=\"noreferrer noopener\">Flux AI-webbplats<\/a><\/td><td>B\u00e4sta webbplatsen f\u00f6r Flux AI.<\/td><td>Omfattande resurser.<\/td><td>Ingen.<\/td><\/tr><tr><td>Flux GitHub<\/td><td>Repository med kod och uppdateringar.<\/td><td>Tillg\u00e5ng till k\u00e4llkod.<\/td><td>Kr\u00e4ver teknisk kunskap.<\/td><\/tr><tr><td><a href=\"https:\/\/aiartfree.online\/sv\/flux-ai-bildgenerator-flux1\/\" target=\"_blank\" data-type=\"link\" data-id=\"https:\/\/aiartfree.online\/flux-ai-image-generator-flux1\" rel=\"noreferrer noopener\">AI Konst Fri<\/a><\/td><td>Anv\u00e4ndarv\u00e4nligt gr\u00e4nssnitt f\u00f6r Flux AI.<\/td><td>Anv\u00e4ndarv\u00e4nligt, ingen registrering kr\u00e4vs.<\/td><td>Begr\u00e4nsade avancerade funktioner.<\/td><\/tr><tr><td>ComfyUI<\/td><td>Integrationsverktyg f\u00f6r Flux.<\/td><td>F\u00f6rb\u00e4ttrar funktionaliteten.<\/td><td>Komplex installation.<\/td><\/tr><tr><td>Stabil diffusion<\/td><td>Relaterat projekt f\u00f6r bildgenerering.<\/td><td>H\u00f6gkvalitativa utg\u00e5ngar.<\/td><td>Kr\u00e4ver kraftfull h\u00e5rdvara.<\/td><\/tr><tr><td>Flux handledning<\/td><td>Steg-f\u00f6r-steg-guider och handledning.<\/td><td>Enkel inl\u00e4rningskurva.<\/td><td>Inte alltid uppdaterad.<\/td><\/tr><tr><td>Dekryptera<\/td><td>Nyheter och uppdateringar om AI-teknik.<\/td><td>Uppdaterad information.<\/td><td>Varierar i djup.<\/td><\/tr><tr><td>AI-nyheter<\/td><td>Senaste nytt om AI-utvecklingen.<\/td><td>Bred t\u00e4ckning.<\/td><td>Allm\u00e4n information.<\/td><\/tr><tr><td>Tech Crunch<\/td><td>Nyheter och uppdateringar om teknik.<\/td><td>F\u00f6rdjupande artiklar.<\/td><td>Kan vara teknisk.<\/td><\/tr><tr><td>AI Veckovis<\/td><td>Veckovisa uppdateringar om AI-framsteg.<\/td><td>Regelbundna uppdateringar.<\/td><td>Prenumeration kr\u00e4vs f\u00f6r full \u00e5tkomst.<\/td><\/tr><\/tbody><\/table><\/figure>\n\n\n\n<h3 class=\"wp-block-heading\">10 vanliga fr\u00e5gor om Flux AI Image Generator<\/h3>\n\n\n\n<ol class=\"wp-block-list\">\n<li class=\"\"><strong>Vad \u00e4r Flux AI Image Generator?<\/strong>\n<ul class=\"wp-block-list\">\n<li class=\"\">Flux AI Image Generator \u00e4r en text-till-bild-modell med \u00f6ppen k\u00e4llkod som utvecklats av Black Forest Labs.<\/li>\n<\/ul>\n<\/li>\n\n\n\n<li class=\"\"><strong>Hur installerar jag Flux AI Image Generator?<\/strong>\n<ul class=\"wp-block-list\">\n<li class=\"\">Installationsguider finns tillg\u00e4ngliga p\u00e5 det officiella GitHub-arkivet.<\/li>\n<\/ul>\n<\/li>\n\n\n\n<li class=\"\"><strong>Vilka \u00e4r de olika versionerna av Flux?<\/strong>\n<ul class=\"wp-block-list\">\n<li class=\"\">Flux Dev, Flux Schnell och Flux Pro.<\/li>\n<\/ul>\n<\/li>\n\n\n\n<li class=\"\"><strong>Kan jag anv\u00e4nda Flux f\u00f6r kommersiella projekt?<\/strong>\n<ul class=\"wp-block-list\">\n<li class=\"\">Ja, Flux kan anv\u00e4ndas f\u00f6r kommersiella \u00e4ndam\u00e5l.<\/li>\n<\/ul>\n<\/li>\n\n\n\n<li class=\"\"><strong>Vilken h\u00e5rdvara kr\u00e4vs f\u00f6r Flux?<\/strong>\n<ul class=\"wp-block-list\">\n<li class=\"\">Flux \u00e4r kompatibelt med olika h\u00e5rdvarukonfigurationer, men kraftfulla GPU:er rekommenderas f\u00f6r optimal prestanda.<\/li>\n<\/ul>\n<\/li>\n\n\n\n<li class=\"\"><strong>Hur st\u00e5r sig Flux i j\u00e4mf\u00f6relse med andra bildgeneratorer?<\/strong>\n<ul class=\"wp-block-list\">\n<li class=\"\">Flux erbjuder \u00f6verl\u00e4gsen flexibilitet och kvalitet j\u00e4mf\u00f6rt med konkurrenter som Midjourney och DALL-E 3.<\/li>\n<\/ul>\n<\/li>\n\n\n\n<li class=\"\"><strong>Var kan jag hitta tutorials f\u00f6r Flux?<\/strong>\n<ul class=\"wp-block-list\">\n<li class=\"\">Handledning finns p\u00e5 den officiella Flux AI Tutorials-webbplatsen.<\/li>\n<\/ul>\n<\/li>\n\n\n\n<li class=\"\"><strong>Vilken typ av support finns tillg\u00e4nglig f\u00f6r Flux-anv\u00e4ndare?<\/strong>\n<ul class=\"wp-block-list\">\n<li class=\"\">En anv\u00e4ndargrupp och resurser f\u00f6r teknisk support finns tillg\u00e4ngliga.<\/li>\n<\/ul>\n<\/li>\n\n\n\n<li class=\"\"><strong>Hur kan jag bidra till Flux-projektet?<\/strong>\n<ul class=\"wp-block-list\">\n<li class=\"\">Bidrag kan g\u00f6ras via GitHub-f\u00f6rvaret.<\/li>\n<\/ul>\n<\/li>\n\n\n\n<li class=\"\"><strong>Vilka \u00e4r framtidsplanerna f\u00f6r Flux?<\/strong>\n<ul class=\"wp-block-list\">\n<li class=\"\">Utvecklarna har beskrivit en f\u00e4rdplan f\u00f6r nya funktioner och utvidgningar av ekosystemet.<\/li>\n<\/ul>\n<\/li>\n<\/ol>\n\n\n\n<h3 class=\"wp-block-heading\">Slutsats<\/h3>\n\n\n\n<h4 class=\"wp-block-heading\">Centrala f\u00f6rdelar<\/h4>\n\n\n\n<p class=\"\">Flux AI Image Generator utm\u00e4rker sig genom sin h\u00f6gkvalitativa bildgenerering, m\u00e5ngsidiga utdatastilar och robusta prestanda. Det \u00e4r ett ledande verktyg inom AI-bildgenerering och erbjuder unika f\u00f6rdelar j\u00e4mf\u00f6rt med sina konkurrenter.<\/p>\n\n\n\n<h4 class=\"wp-block-heading\">Komma ig\u00e5ng<\/h4>\n\n\n\n<p class=\"\">F\u00f6r att b\u00f6rja anv\u00e4nda Flux, f\u00f6lj installationsguiderna och utforska de tillg\u00e4ngliga handledningarna. Flux AI Image Generator \u00e4r tillg\u00e4nglig f\u00f6r b\u00e5de nyb\u00f6rjare och avancerade anv\u00e4ndare, vilket g\u00f6r det till ett m\u00e5ngsidigt verktyg f\u00f6r olika applikationer.<\/p>\n\n\n\n<p class=\"\">F\u00f6r mer information och resurser, bes\u00f6k <a href=\"https:\/\/blackforestlabs.ai\/\" target=\"_blank\" rel=\"noopener\">Flux officiella webbplats<\/a> och <a href=\"https:\/\/github.com\/black-forest-labs\/flux\" target=\"_blank\" rel=\"noopener\">GitHub-f\u00f6rvar<\/a>.<\/p>","protected":false},"excerpt":{"rendered":"<p>Gallery of Flux.1 How to use the Flux AI Image Generator * Scroll down to check our Prompt Examples below if you don\u2019t have any thoughts in your mind * If you use this model intensively over a short period, it may cause GPU resource shortages. Please wait a few minutes before resuming use.* It &#8230; <a title=\"Flux AI Image Generator | Drivs av Flux.1\" class=\"read-more\" href=\"https:\/\/aiartfree.online\/sv\/flux-ai-bildgenerator-flux1\/\" aria-label=\"L\u00e4s mer om Flux AI Image Generator | Powered by Flux.1\">L\u00e4s mer<\/a><\/p>","protected":false},"author":1,"featured_media":3559,"parent":0,"menu_order":0,"comment_status":"closed","ping_status":"closed","template":"","meta":{"nf_dc_page":"","footnotes":""},"class_list":["post-3558","page","type-page","status-publish","has-post-thumbnail"],"jetpack_sharing_enabled":true,"_links":{"self":[{"href":"https:\/\/aiartfree.online\/sv\/wp-json\/wp\/v2\/pages\/3558","targetHints":{"allow":["GET"]}}],"collection":[{"href":"https:\/\/aiartfree.online\/sv\/wp-json\/wp\/v2\/pages"}],"about":[{"href":"https:\/\/aiartfree.online\/sv\/wp-json\/wp\/v2\/types\/page"}],"author":[{"embeddable":true,"href":"https:\/\/aiartfree.online\/sv\/wp-json\/wp\/v2\/users\/1"}],"replies":[{"embeddable":true,"href":"https:\/\/aiartfree.online\/sv\/wp-json\/wp\/v2\/comments?post=3558"}],"version-history":[{"count":0,"href":"https:\/\/aiartfree.online\/sv\/wp-json\/wp\/v2\/pages\/3558\/revisions"}],"wp:featuredmedia":[{"embeddable":true,"href":"https:\/\/aiartfree.online\/sv\/wp-json\/wp\/v2\/media\/3559"}],"wp:attachment":[{"href":"https:\/\/aiartfree.online\/sv\/wp-json\/wp\/v2\/media?parent=3558"}],"curies":[{"name":"wp","href":"https:\/\/api.w.org\/{rel}","templated":true}]}}