{"id":3445,"date":"2024-08-01T18:39:36","date_gmt":"2024-08-01T18:39:36","guid":{"rendered":"https:\/\/aiartfree.online\/?page_id=3445"},"modified":"2025-03-07T08:17:45","modified_gmt":"2025-03-07T08:17:45","slug":"unblur-image","status":"publish","type":"page","link":"https:\/\/aiartfree.online\/sv\/oskarp-bild\/","title":{"rendered":"Unblur Image"},"content":{"rendered":"<h2 class=\"wp-block-heading has-text-align-center\" id=\"before-vs-after\">F\u00f6re vs efter<\/h2>\n\n\n\n<figure class=\"gb-block-image gb-block-image-1822da1f\"><img data-recalc-dims=\"1\" decoding=\"async\" loading=\"lazy\" width=\"1200\" height=\"704\" class=\"gb-image gb-image-1822da1f\" src=\"https:\/\/i0.wp.com\/aiartfree.online\/wp-content\/uploads\/2024\/08\/WX20240801-215741%402x-scaled.webp?resize=1200%2C704&#038;ssl=1\" alt=\"Unblur bild online med v\u00e5rt AI-verktyg. 100% gratis, ingen registrering kr\u00e4vs och obegr\u00e4nsad anv\u00e4ndning. F\u00f6rb\u00e4ttra bildkvaliteten, ta bort osk\u00e4rpa och fixa suddiga foton f\u00f6r k\u00e4rlek.\" title=\"WX20240801-215741@2x\" srcset=\"https:\/\/i0.wp.com\/aiartfree.online\/wp-content\/uploads\/2024\/08\/WX20240801-215741%402x-scaled.webp?w=2560&amp;ssl=1 2560w, https:\/\/i0.wp.com\/aiartfree.online\/wp-content\/uploads\/2024\/08\/WX20240801-215741%402x-scaled.webp?resize=300%2C176&amp;ssl=1 300w, https:\/\/i0.wp.com\/aiartfree.online\/wp-content\/uploads\/2024\/08\/WX20240801-215741%402x-scaled.webp?resize=1024%2C601&amp;ssl=1 1024w, https:\/\/i0.wp.com\/aiartfree.online\/wp-content\/uploads\/2024\/08\/WX20240801-215741%402x-scaled.webp?resize=768%2C451&amp;ssl=1 768w, https:\/\/i0.wp.com\/aiartfree.online\/wp-content\/uploads\/2024\/08\/WX20240801-215741%402x-scaled.webp?resize=1536%2C901&amp;ssl=1 1536w, https:\/\/i0.wp.com\/aiartfree.online\/wp-content\/uploads\/2024\/08\/WX20240801-215741%402x-scaled.webp?resize=2048%2C1202&amp;ssl=1 2048w, https:\/\/i0.wp.com\/aiartfree.online\/wp-content\/uploads\/2024\/08\/WX20240801-215741%402x-scaled.webp?resize=18%2C12&amp;ssl=1 18w, https:\/\/i0.wp.com\/aiartfree.online\/wp-content\/uploads\/2024\/08\/WX20240801-215741%402x-scaled.webp?resize=600%2C352&amp;ssl=1 600w, https:\/\/i0.wp.com\/aiartfree.online\/wp-content\/uploads\/2024\/08\/WX20240801-215741%402x-scaled.webp?w=2400&amp;ssl=1 2400w\" sizes=\"auto, (max-width: 1200px) 100vw, 1200px\" \/><\/figure>\n\n\n\n<h2 class=\"wp-block-heading\" id=\"how-to-use-the-unblur-image\">Hur man anv\u00e4nder Unblur Image<\/h2>\n\n\n\n<ol class=\"wp-block-list\">\n<li class=\"\">Ladda upp din bild<\/li>\n\n\n\n<li class=\"\">Klicka p\u00e5 \"Skicka\"<\/li>\n\n\n\n<li class=\"\">V\u00e4nta, det var det!<\/li>\n<\/ol>\n\n\n\n<a class=\"gb-button gb-button-113f8659 gb-button-text\" href=\"https:\/\/www.basedlabs.ai\/apps\/ai-image-upscaler?via=rocnubi\" target=\"_blank\" rel=\"noopener noreferrer\">Try Latest Upscaler AI Now <\/a>\n\n\n\n<p class=\"\"><em>* Beroende p\u00e5 din internethastighet kan laddningen av modellen ta <\/em>upp till 10 sekunder \u2193<\/p>\n\n\n\n<div class=\"iframe-wrapper\" style=\"position: relative; width: 100%; height: 1700px;\">\n  <div class=\"loading\" style=\"position: absolute; top: 50px; left: 50%; transform: translate(-50%, -50%); width: 40px; height: 40px; border: 3px solid #f0f0f0; border-top: 3px solid #db7093; border-radius: 50%; animation: spin 1s linear infinite;\"><\/div>\n  <iframe loading=\"lazy\" src=\"https:\/\/algoworks-image-face-upscale-restoration-gfpgan-pub.hf.space\" frameborder=\"0\" width=\"100%\" height=\"100%\" style=\"position: absolute; top: 0; left: 0; opacity: 0; transition: opacity 0.3s;\" onload=\"this.style.opacity=1;this.previousElementSibling.style.display='none';\"><\/iframe>\n<\/div>\n\n<style>\n@keyframes spin {\n  0% { transform: translate(-50%, -50%) rotate(0deg); }\n  100% { transform: translate(-50%, -50%) rotate(360deg); }\n}\n<\/style>\n\n\n\n<div style=\"height:60px\" aria-hidden=\"true\" class=\"wp-block-spacer\"><\/div>\n\n\n\n<h2 class=\"wp-block-heading\" id=\"unblur-image-the-ultimate-guide-to-ai-powered-photo-blur-removal\">Unblur Image: Den ultimata guiden till AI-driven borttagning av fotoosk\u00e4rpa<\/h2>\n\n\n\n<div class=\"wp-block-rank-math-toc-block\" id=\"rank-math-toc\"><h3>Inneh\u00e5llsf\u00f6rteckning<\/h3><nav><ul><li><a href=\"#outline\">\u00d6versikt<\/a><\/li><li><a href=\"#what-is-unblur-image\">Vad \u00e4r Unblur Image?<\/a><\/li><li><a href=\"#why-use-unblur-image\">Varf\u00f6r anv\u00e4nda Unblur Image?<\/a><\/li><li><a href=\"#main-features-of-unblur-image\">Huvudfunktioner i Unblur Image<\/a><ul><li><a href=\"#ai-powered-unblur-tool\">AI-baserat verktyg f\u00f6r osk\u00e4rpa<\/a><\/li><li><a href=\"#photo-sharpener\">Bildsk\u00e4rpningsverktyg<\/a><\/li><li><a href=\"#remove-motion-blur\">Ta bort r\u00f6relseosk\u00e4rpa<\/a><\/li><li><a href=\"#unblur-text\">Osk\u00e4rpa text<\/a><\/li><li><a href=\"#online-accessibility\">Tillg\u00e4nglighet online<\/a><\/li><\/ul><\/li><li><a href=\"#target-audience-and-uses\">M\u00e5lgrupp och anv\u00e4ndningsomr\u00e5den<\/a><\/li><li><a href=\"#industry-applications-and-uses\">Till\u00e4mpningar och anv\u00e4ndningsomr\u00e5den inom industrin<\/a><\/li><li><a href=\"#how-to-use-unblur-image\">Hur man anv\u00e4nder Unblur Image<\/a><\/li><li><a href=\"#unblur-image-usage-cases\">Anv\u00e4ndningsfall f\u00f6r oskarp bild<\/a><ul><li><a href=\"#enhance-portraits\">F\u00f6rb\u00e4ttra portr\u00e4tten<\/a><\/li><li><a href=\"#restore-old-photos\">\u00c5terskapa gamla foton<\/a><\/li><li><a href=\"#improve-product-photos\">F\u00f6rb\u00e4ttra produktbilderna<\/a><\/li><li><a href=\"#fix-blurry-text\">Fixa suddig text<\/a><\/li><li><a href=\"#correct-camera-shake\">Korrigera kameraskakningar<\/a><\/li><\/ul><\/li><li><a href=\"#comparison-table-of-unblur-image-tools\">J\u00e4mf\u00f6relsetabell \u00f6ver verktyg f\u00f6r oskarp bild<\/a><\/li><li><a href=\"#advantages-disadvantages-and-challenges-of-the-industry\">Branschens f\u00f6rdelar, nackdelar och utmaningar<\/a><ul><li><a href=\"#advantages\">F\u00f6rdelar<\/a><\/li><li><a href=\"#disadvantages\">Nackdelar<\/a><\/li><li><a href=\"#challenges\">Utmaningar<\/a><\/li><\/ul><\/li><li><a href=\"#frequently-asked-questions\">Vanliga fr\u00e5gor och svar<\/a><\/li><li><a href=\"#summary\">Sammanfattning<\/a><\/li><\/ul><\/nav><\/div>\n\n\n\n<h3 class=\"wp-block-heading\" id=\"outline\">\u00d6versikt<\/h3>\n\n\n\n<p class=\"\">I den h\u00e4r omfattande guiden kommer vi att utforska v\u00e4rlden av osk\u00e4rpa i bilder, dess f\u00f6rdelar, funktioner, m\u00e5lgrupp och praktiska anv\u00e4ndningsomr\u00e5den. Vi kommer ocks\u00e5 att tillhandah\u00e5lla steg-f\u00f6r-steg-instruktioner, anv\u00e4ndningsfall och en j\u00e4mf\u00f6relsetabell \u00f6ver de b\u00e4sta tillg\u00e4ngliga verktygen. Slutligen kommer vi att ta upp vanliga fr\u00e5gor och erbjuda en sammanfattning med viktiga f\u00f6rdelar och en uppmaning till handling.<\/p>\n\n\n\n<h3 class=\"wp-block-heading\" id=\"what-is-unblur-image\">Vad \u00e4r Unblur Image?<\/h3>\n\n\n\n<p class=\"\">Unblur Image \u00e4r en process d\u00e4r AI-drivna verktyg anv\u00e4nds f\u00f6r att ta bort osk\u00e4rpa och f\u00f6rb\u00e4ttra sk\u00e4rpan i bilder. Oavsett om det orsakas av kameraskakningar, r\u00f6relseosk\u00e4rpa eller d\u00e5lig fokusering kan dessa verktyg \u00e5terst\u00e4lla bildkvaliteten och g\u00f6ra suddiga foton klara igen.<\/p>\n\n\n\n<h3 class=\"wp-block-heading\" id=\"why-use-unblur-image\">Varf\u00f6r anv\u00e4nda Unblur Image?<\/h3>\n\n\n\n<p class=\"\">Det finns flera f\u00f6rdelar med att anv\u00e4nda ett verktyg f\u00f6r oskarp bild:<\/p>\n\n\n\n<ul class=\"wp-block-list\">\n<li class=\"\"><strong>F\u00f6rb\u00e4ttra bildkvaliteten:<\/strong> F\u00f6rb\u00e4ttra tydligheten och detaljrikedomen i dina foton.<\/li>\n\n\n\n<li class=\"\"><strong>\u00c5terst\u00e4ll gamla foton:<\/strong> Ge nytt liv \u00e5t gamla, suddiga bilder.<\/li>\n\n\n\n<li class=\"\"><strong>Professionella resultat:<\/strong> Uppn\u00e5 h\u00f6gkvalitativa resultat utan att beh\u00f6va avancerade kunskaper i fotoredigering.<\/li>\n\n\n\n<li class=\"\"><strong>Bekv\u00e4mlighet:<\/strong> Ta enkelt bort osk\u00e4rpa fr\u00e5n bilder online utan att ladda ner programvara.<\/li>\n\n\n\n<li class=\"\"><strong>Effektivitet:<\/strong> Fixa snabbt suddiga foton med bara n\u00e5gra klick.<\/li>\n<\/ul>\n\n\n\n<p class=\"\">M\u00e4nniskor s\u00f6ker ofta efter l\u00f6sningar f\u00f6r att g\u00f6ra en oskarp bild klar, fixa oskarpa foton och ta bort osk\u00e4rpa fr\u00e5n bilder. Dessa verktyg ger svar p\u00e5 dessa vanliga problem.<\/p>\n\n\n\n<h3 class=\"wp-block-heading\" id=\"main-features-of-unblur-image\">Huvudfunktioner i Unblur Image<\/h3>\n\n\n\n<h4 class=\"wp-block-heading\" id=\"ai-powered-unblur-tool\">AI-baserat verktyg f\u00f6r osk\u00e4rpa<\/h4>\n\n\n\n<p class=\"\">Utnyttja kraften i AI f\u00f6r att exakt ta bort osk\u00e4rpa och f\u00f6rb\u00e4ttra bilddetaljer.<\/p>\n\n\n\n<h4 class=\"wp-block-heading\" id=\"photo-sharpener\">Bildsk\u00e4rpningsverktyg<\/h4>\n\n\n\n<p class=\"\">Sk\u00e4rpa bilder f\u00f6r att \u00e5terst\u00e4lla fina detaljer som f\u00f6rsvunnit p\u00e5 grund av osk\u00e4rpa.<\/p>\n\n\n\n<h4 class=\"wp-block-heading\" id=\"remove-motion-blur\">Ta bort r\u00f6relseosk\u00e4rpa<\/h4>\n\n\n\n<p class=\"\">Rikta in sig p\u00e5 och minska r\u00f6relseosk\u00e4rpa som orsakas av kameraskakningar eller r\u00f6relser.<\/p>\n\n\n\n<h4 class=\"wp-block-heading\" id=\"unblur-text\">Osk\u00e4rpa text<\/h4>\n\n\n\n<p class=\"\">F\u00f6rb\u00e4ttra l\u00e4sbarheten av suddig text i bilder.<\/p>\n\n\n\n<h4 class=\"wp-block-heading\" id=\"online-accessibility\">Tillg\u00e4nglighet online<\/h4>\n\n\n\n<p class=\"\">Unblur bilder direkt fr\u00e5n din webbl\u00e4sare utan registrering kr\u00e4vs, erbjuder 100% gratis och obegr\u00e4nsad tillg\u00e5ng.<\/p>\n\n\n\n<h3 class=\"wp-block-heading\" id=\"target-audience-and-uses\">M\u00e5lgrupp och anv\u00e4ndningsomr\u00e5den<\/h3>\n\n\n\n<p class=\"\">M\u00e5lgruppen f\u00f6r unblur bildverktyg inkluderar:<\/p>\n\n\n\n<ul class=\"wp-block-list\">\n<li class=\"\"><strong>Fotografer:<\/strong> F\u00f6rb\u00e4ttra kvaliteten p\u00e5 foton som tagits under mindre bra f\u00f6rh\u00e5llanden.<\/li>\n\n\n\n<li class=\"\"><strong>Grafiska formgivare:<\/strong> F\u00f6rb\u00e4ttra bilder f\u00f6r anv\u00e4ndning i olika designprojekt.<\/li>\n\n\n\n<li class=\"\"><strong>Anv\u00e4ndare av sociala medier:<\/strong> Se till att foton som delas online \u00e4r tydliga och av h\u00f6g kvalitet.<\/li>\n\n\n\n<li class=\"\"><strong>Familjer:<\/strong> \u00c5terst\u00e4ll gamla familjefoton som har blivit suddiga med tiden.<\/li>\n\n\n\n<li class=\"\"><strong>Studenter och yrkesverksamma:<\/strong> Avl\u00e4gsna oskarp text i bilder f\u00f6r b\u00e4ttre l\u00e4sbarhet i presentationer och dokument.<\/li>\n<\/ul>\n\n\n\n<h3 class=\"wp-block-heading\" id=\"industry-applications-and-uses\">Till\u00e4mpningar och anv\u00e4ndningsomr\u00e5den inom industrin<\/h3>\n\n\n\n<p class=\"\">Unblur-bildverktyg anv\u00e4nds ofta i flera branscher, inklusive:<\/p>\n\n\n\n<ul class=\"wp-block-list\">\n<li class=\"\"><strong>Fotografering:<\/strong> F\u00f6rb\u00e4ttra tydligheten i professionella foton.<\/li>\n\n\n\n<li class=\"\"><strong>E-handel:<\/strong> F\u00f6rb\u00e4ttra produktbilderna f\u00f6r att locka kunder.<\/li>\n\n\n\n<li class=\"\"><strong>Media och reklam:<\/strong> S\u00e4kerst\u00e4ll h\u00f6gkvalitativa bilder i marknadsf\u00f6ringsmaterial.<\/li>\n\n\n\n<li class=\"\"><strong>H\u00e4lso- och sjukv\u00e5rd:<\/strong> F\u00f6rb\u00e4ttra l\u00e4sbarheten hos skannade dokument och medicinska bilder.<\/li>\n\n\n\n<li class=\"\"><strong>Utbildning:<\/strong> F\u00f6rb\u00e4ttra kvaliteten p\u00e5 utbildningsmaterial och presentationer.<\/li>\n<\/ul>\n\n\n\n<h3 class=\"wp-block-heading\" id=\"how-to-use-unblur-image\">Hur man anv\u00e4nder Unblur Image<\/h3>\n\n\n\n<p class=\"\">F\u00f6lj dessa steg f\u00f6r att g\u00f6ra en bild oskarp med hj\u00e4lp av det rekommenderade verktyget:<\/p>\n\n\n\n<ol class=\"wp-block-list\">\n<li class=\"\"><strong>\u00d6ppna verktyget:<\/strong> G\u00e5 till <a href=\"https:\/\/aiartfree.online\/sv\/oskarp-bild\/\">Verktyg f\u00f6r oskarp bild<\/a>.<\/li>\n\n\n\n<li class=\"\"><strong>Ladda upp din bild:<\/strong> Klicka p\u00e5 uppladdningsknappen och v\u00e4lj den suddiga bild som du vill fixa.<\/li>\n\n\n\n<li class=\"\"><strong>Justera inst\u00e4llningarna:<\/strong> Anv\u00e4nd de tillg\u00e4ngliga inst\u00e4llningarna f\u00f6r att finjustera osk\u00e4rpeprocessen.<\/li>\n\n\n\n<li class=\"\"><strong>Till\u00e4mpa \u00e4ndringar:<\/strong> Klicka p\u00e5 \"Unblur\"-knappen f\u00f6r att bearbeta bilden.<\/li>\n\n\n\n<li class=\"\"><strong>Ladda ner resultatet:<\/strong> N\u00e4r processen \u00e4r klar kan du ladda ner den f\u00f6rb\u00e4ttrade bilden.<\/li>\n<\/ol>\n\n\n\n<h3 class=\"wp-block-heading\" id=\"unblur-image-usage-cases\">Anv\u00e4ndningsfall f\u00f6r oskarp bild<\/h3>\n\n\n\n<h4 class=\"wp-block-heading\" id=\"enhance-portraits\">F\u00f6rb\u00e4ttra portr\u00e4tten<\/h4>\n\n\n\n<p class=\"\">G\u00f6r portr\u00e4ttbilder oskarpa f\u00f6r att framh\u00e4va ansiktsdrag och f\u00f6rb\u00e4ttra den \u00f6vergripande bildkvaliteten.<\/p>\n\n\n\n<h4 class=\"wp-block-heading\" id=\"restore-old-photos\">\u00c5terskapa gamla foton<\/h4>\n\n\n\n<p class=\"\">Anv\u00e4nd osk\u00e4rpeverktyg f\u00f6r att g\u00f6ra gamla, suddiga familjefoton tydligare och bevara minnen.<\/p>\n\n\n\n<h4 class=\"wp-block-heading\" id=\"improve-product-photos\">F\u00f6rb\u00e4ttra produktbilderna<\/h4>\n\n\n\n<p class=\"\">F\u00f6rb\u00e4ttra kvaliteten p\u00e5 produktbilder f\u00f6r e-handelswebbplatser, s\u00e5 att de blir mer tilltalande f\u00f6r kunderna.<\/p>\n\n\n\n<h4 class=\"wp-block-heading\" id=\"fix-blurry-text\">Fixa suddig text<\/h4>\n\n\n\n<p class=\"\">G\u00f6r texten i skannade dokument eller bilder suddigare f\u00f6r att f\u00f6rb\u00e4ttra l\u00e4sbarheten.<\/p>\n\n\n\n<h4 class=\"wp-block-heading\" id=\"correct-camera-shake\">Korrigera kameraskakningar<\/h4>\n\n\n\n<p class=\"\">Ta bort r\u00f6relseosk\u00e4rpa som orsakas av kameraskakningar i foton som tas n\u00e4r du \u00e4r p\u00e5 spr\u00e5ng.<\/p>\n\n\n\n<h3 class=\"wp-block-heading\" id=\"comparison-table-of-unblur-image-tools\">J\u00e4mf\u00f6relsetabell \u00f6ver verktyg f\u00f6r oskarp bild<\/h3>\n\n\n\n<figure class=\"wp-block-table\"><table class=\"has-fixed-layout\"><thead><tr><th>Verktygets namn<\/th><th>URL till webbplats<\/th><th>F\u00f6rdelar<\/th><th>Nackdelar<\/th><\/tr><\/thead><tbody><tr><td>AI Art Gratis osk\u00e4rpa bildverktyg<\/td><td><a href=\"https:\/\/aiartfree.online\/sv\/oskarp-bild\/\">https:\/\/aiartfree.online\/Unblur-Image<\/a><\/td><td>100% Gratis, Ingen registrering, Obegr\u00e4nsat<\/td><td>Begr\u00e4nsade avancerade funktioner<\/td><\/tr><tr><td>Fotor<\/td><td>https:\/\/www.fotor.com<\/td><td>L\u00e4tt att anv\u00e4nda, flera redigeringsverktyg<\/td><td>Kr\u00e4ver konto f\u00f6r full \u00e5tkomst<\/td><\/tr><tr><td>F\u00f6rb\u00e4ttra.Pho.till<\/td><td>https:\/\/enhance.pho.to<\/td><td>Gratis, enkelt gr\u00e4nssnitt<\/td><td>Begr\u00e4nsade funktioner<\/td><\/tr><tr><td>LunaPic<\/td><td>https:\/\/www.lunapic.com<\/td><td>Gratis, Online-verktyg<\/td><td>Annonser p\u00e5 webbplatsen<\/td><\/tr><tr><td>PineTools<\/td><td>https:\/\/www.pinetools.com<\/td><td>Gratis, M\u00e5nga olika verktyg<\/td><td>Grundl\u00e4ggande gr\u00e4nssnitt<\/td><\/tr><tr><td>Fotopea<\/td><td>https:\/\/www.photopea.com<\/td><td>Kraftfull, gratis<\/td><td>Kan vara komplicerat f\u00f6r nyb\u00f6rjare<\/td><\/tr><tr><td>Adobe Photoshop Express<\/td><td>https:\/\/www.photoshop.com\/tools<\/td><td>P\u00e5litligt varum\u00e4rke, resultat av h\u00f6g kvalitet<\/td><td>Begr\u00e4nsad gratisversion<\/td><\/tr><tr><td>Snapseed<\/td><td>https:\/\/snapseed.online<\/td><td>Mobilv\u00e4nlig, enkel att anv\u00e4nda<\/td><td>Kr\u00e4ver nedladdning<\/td><\/tr><tr><td>GIMP<\/td><td>https:\/\/www.gimp.org<\/td><td>Gratis, \u00f6ppen k\u00e4llkod<\/td><td>Brant inl\u00e4rningskurva<\/td><\/tr><tr><td>VanceAI<\/td><td><a href=\"https:\/\/vanceai.com\" target=\"_blank\" rel=\"noopener\">https:\/\/vanceai.com<\/a><\/td><td>AI-driven, resultat av h\u00f6g kvalitet<\/td><td>Betalad prenumeration kr\u00e4vs<\/td><\/tr><\/tbody><\/table><\/figure>\n\n\n\n<h3 class=\"wp-block-heading\" id=\"advantages-disadvantages-and-challenges-of-the-industry\">Branschens f\u00f6rdelar, nackdelar och utmaningar<\/h3>\n\n\n\n<h4 class=\"wp-block-heading\" id=\"advantages\">F\u00f6rdelar<\/h4>\n\n\n\n<ul class=\"wp-block-list\">\n<li class=\"\"><strong>Tillg\u00e4nglighet:<\/strong> De flesta verktyg finns tillg\u00e4ngliga online, vilket g\u00f6r dem l\u00e4ttillg\u00e4ngliga.<\/li>\n\n\n\n<li class=\"\"><strong>Kostnadseffektivt:<\/strong> M\u00e5nga verktyg erbjuder gratisversioner med kraftfulla funktioner.<\/li>\n\n\n\n<li class=\"\"><strong>Anv\u00e4ndarv\u00e4nlig:<\/strong> Utformad f\u00f6r anv\u00e4ndare med varierande kunskapsniv\u00e5er.<\/li>\n<\/ul>\n\n\n\n<h4 class=\"wp-block-heading\" id=\"disadvantages\">Nackdelar<\/h4>\n\n\n\n<ul class=\"wp-block-list\">\n<li class=\"\"><strong>Kvalitetsavvikelse:<\/strong> Resultaten kan variera beroende p\u00e5 vilket verktyg som anv\u00e4nds.<\/li>\n\n\n\n<li class=\"\"><strong>Inl\u00e4rningskurva:<\/strong> Vissa verktyg kan kr\u00e4va tid f\u00f6r att l\u00e4ra sig och beh\u00e4rska.<\/li>\n\n\n\n<li class=\"\"><strong>Prenumerationsavgifter:<\/strong> Avancerade funktioner kan kr\u00e4va betalda prenumerationer.<\/li>\n<\/ul>\n\n\n\n<h4 class=\"wp-block-heading\" id=\"challenges\">Utmaningar<\/h4>\n\n\n\n<ul class=\"wp-block-list\">\n<li class=\"\"><strong>Uppr\u00e4tth\u00e5llande av kvalitet:<\/strong> S\u00e4kerst\u00e4ller konsekvent h\u00f6gkvalitativa resultat f\u00f6r olika bilder.<\/li>\n\n\n\n<li class=\"\"><strong>Begr\u00e4nsningar i tekniken:<\/strong> AI-teknik kan inte hantera alla typer av osk\u00e4rpa perfekt.<\/li>\n\n\n\n<li class=\"\"><strong>Anv\u00e4ndarens f\u00f6rv\u00e4ntningar:<\/strong> Uppfylla olika anv\u00e4ndares f\u00f6rv\u00e4ntningar f\u00f6r olika anv\u00e4ndningsomr\u00e5den.<\/li>\n<\/ul>\n\n\n\n<h3 class=\"wp-block-heading\" id=\"frequently-asked-questions\">Vanliga fr\u00e5gor och svar<\/h3>\n\n\n\n<ol class=\"wp-block-list\">\n<li class=\"\"><strong>Hur g\u00f6r jag en bild oskarp?<\/strong>\n<ul class=\"wp-block-list\">\n<li class=\"\">Anv\u00e4nd ett onlineverktyg som <a href=\"https:\/\/aiartfree.online\/sv\/oskarp-bild\/\">AI Art Gratis osk\u00e4rpa bildverktyg<\/a> f\u00f6r att ladda upp och bearbeta din bild.<\/li>\n<\/ul>\n<\/li>\n\n\n\n<li class=\"\"><strong>Hur kan man g\u00f6ra bilder oskarpa?<\/strong>\n<ul class=\"wp-block-list\">\n<li class=\"\">V\u00e4lj ett p\u00e5litligt verktyg, ladda upp din bild, justera inst\u00e4llningarna och anv\u00e4nd osk\u00e4rpeeffekten.<\/li>\n<\/ul>\n<\/li>\n\n\n\n<li class=\"\"><strong>Hur kan man g\u00f6ra en bild oskarp?<\/strong>\n<ul class=\"wp-block-list\">\n<li class=\"\">F\u00f6lj steg-f\u00f6r-steg-guiden ovan med hj\u00e4lp av ett AI-drivet verktyg.<\/li>\n<\/ul>\n<\/li>\n\n\n\n<li class=\"\"><strong>Hur kan jag g\u00f6ra en bild oskarp p\u00e5 iPhone?<\/strong>\n<ul class=\"wp-block-list\">\n<li class=\"\">\u00d6ppna din webbl\u00e4sare och bes\u00f6k <a href=\"https:\/\/aiartfree.online\/sv\/oskarp-bild\/\">AI Art Gratis osk\u00e4rpa bildverktyg<\/a> f\u00f6r att g\u00f6ra bilden oskarp.<\/li>\n<\/ul>\n<\/li>\n\n\n\n<li class=\"\"><strong>Hur g\u00f6r jag en bild oskarp i Photoshop?<\/strong>\n<ul class=\"wp-block-list\">\n<li class=\"\">\u00d6ppna din webbl\u00e4sare och bes\u00f6k <a href=\"https:\/\/aiartfree.online\/sv\/oskarp-bild\/\">AI Art Gratis osk\u00e4rpa bildverktyg<\/a> f\u00f6r att anv\u00e4nda ett enklare alternativ.<\/li>\n<\/ul>\n<\/li>\n\n\n\n<li class=\"\"><strong>Hur g\u00f6r man en suddig bild tydlig?<\/strong>\n<ul class=\"wp-block-list\">\n<li class=\"\">Anv\u00e4nd ett fotosk\u00e4rpningsverktyg f\u00f6r att f\u00f6rb\u00e4ttra bildens sk\u00e4rpa.<\/li>\n<\/ul>\n<\/li>\n\n\n\n<li class=\"\"><strong>Hur g\u00f6r jag ett foto oskarpt?<\/strong>\n<ul class=\"wp-block-list\">\n<li class=\"\">F\u00f6lj stegen i avsnittet \"Hur man anv\u00e4nder Unblur Image\" f\u00f6r att ta bort osk\u00e4rpa fr\u00e5n ditt foto.<\/li>\n<\/ul>\n<\/li>\n\n\n\n<li class=\"\"><strong>Hur fixar jag suddiga foton?<\/strong>\n<ul class=\"wp-block-list\">\n<li class=\"\">Anv\u00e4nd ett osk\u00e4rpeverktyg online f\u00f6r att \u00e5terst\u00e4lla tydligheten i dina suddiga foton.<\/li>\n<\/ul>\n<\/li>\n\n\n\n<li class=\"\"><strong>Vad \u00e4r det b\u00e4sta unblur-verktyget?<\/strong>\n<ul class=\"wp-block-list\">\n<li class=\"\">Den <a href=\"https:\/\/aiartfree.online\/sv\/oskarp-bild\/\">AI Art Gratis osk\u00e4rpa bildverktyg<\/a> rekommenderas varmt f\u00f6r sin anv\u00e4ndarv\u00e4nlighet och sina kraftfulla funktioner.<\/li>\n<\/ul>\n<\/li>\n\n\n\n<li class=\"\"><strong>Hur kan jag g\u00f6ra text i en bild oskarp?<\/strong>\n<ul class=\"wp-block-list\">\n<li class=\"\">Anv\u00e4nd ett verktyg f\u00f6r oskarp text f\u00f6r att f\u00f6rb\u00e4ttra l\u00e4sbarheten f\u00f6r oskarp text i dina bilder.<\/li>\n<\/ul>\n<\/li>\n<\/ol>\n\n\n\n<h3 class=\"wp-block-heading\" id=\"summary\">Sammanfattning<\/h3>\n\n\n\n<p class=\"\">Det har aldrig varit enklare att g\u00f6ra bilder oskarpa med hj\u00e4lp av kraftfulla AI-drivna verktyg. Oavsett om du vill f\u00f6rb\u00e4ttra portr\u00e4ttfoton, \u00e5terst\u00e4lla gamla bilder eller fixa suddig text erbjuder dessa verktyg en bekv\u00e4m och effektiv l\u00f6sning. Bes\u00f6ka <a href=\"https:\/\/aiartfree.online\/sv\/oskarp-bild\/\">AI Art Gratis osk\u00e4rpa bildverktyg<\/a> f\u00f6r att uppleva det b\u00e4sta osk\u00e4rpaverktyget som finns, 100% gratis och obegr\u00e4nsat, utan registrering kr\u00e4vs. F\u00f6rvandla dina suddiga bilder till klara, h\u00f6gkvalitativa foton idag!<\/p>","protected":false},"excerpt":{"rendered":"<p>Before vs After How to use the Unblur Image *&nbsp;Depending on your internet speed, loading the model may take up to 10 seconds \u2193 Unblur Image: The Ultimate Guide to AI-Powered Photo Blur Removal Outline In this comprehensive guide, we will explore the world of image unblurring, its advantages, functions, target audience, and practical uses. &#8230; <a title=\"Unblur Image\" class=\"read-more\" href=\"https:\/\/aiartfree.online\/sv\/oskarp-bild\/\" aria-label=\"L\u00e4s mer om Unblur Image\">L\u00e4s mer<\/a><\/p>","protected":false},"author":1,"featured_media":3450,"parent":0,"menu_order":0,"comment_status":"open","ping_status":"closed","template":"","meta":{"nf_dc_page":"","footnotes":""},"class_list":["post-3445","page","type-page","status-publish","has-post-thumbnail"],"jetpack_sharing_enabled":true,"_links":{"self":[{"href":"https:\/\/aiartfree.online\/sv\/wp-json\/wp\/v2\/pages\/3445","targetHints":{"allow":["GET"]}}],"collection":[{"href":"https:\/\/aiartfree.online\/sv\/wp-json\/wp\/v2\/pages"}],"about":[{"href":"https:\/\/aiartfree.online\/sv\/wp-json\/wp\/v2\/types\/page"}],"author":[{"embeddable":true,"href":"https:\/\/aiartfree.online\/sv\/wp-json\/wp\/v2\/users\/1"}],"replies":[{"embeddable":true,"href":"https:\/\/aiartfree.online\/sv\/wp-json\/wp\/v2\/comments?post=3445"}],"version-history":[{"count":1,"href":"https:\/\/aiartfree.online\/sv\/wp-json\/wp\/v2\/pages\/3445\/revisions"}],"predecessor-version":[{"id":3597,"href":"https:\/\/aiartfree.online\/sv\/wp-json\/wp\/v2\/pages\/3445\/revisions\/3597"}],"wp:featuredmedia":[{"embeddable":true,"href":"https:\/\/aiartfree.online\/sv\/wp-json\/wp\/v2\/media\/3450"}],"wp:attachment":[{"href":"https:\/\/aiartfree.online\/sv\/wp-json\/wp\/v2\/media?parent=3445"}],"curies":[{"name":"wp","href":"https:\/\/api.w.org\/{rel}","templated":true}]}}