{"id":3444,"date":"2024-08-02T05:54:16","date_gmt":"2024-08-02T05:54:16","guid":{"rendered":"https:\/\/aiartfree.online\/?page_id=3444"},"modified":"2025-03-07T08:03:21","modified_gmt":"2025-03-07T08:03:21","slug":"ai-picture-generator","status":"publish","type":"page","link":"https:\/\/aiartfree.online\/sv\/ai-bildgenerator\/","title":{"rendered":"AI-bildgenerator"},"content":{"rendered":"<h2 class=\"wp-block-heading has-text-align-center\">Vad v\u00e5ra anv\u00e4ndare tyckte<\/h2>\n\n\n\n<figure class=\"gb-block-image gb-block-image-1822da1f\"><img data-recalc-dims=\"1\" decoding=\"async\" loading=\"lazy\" width=\"1112\" height=\"576\" class=\"gb-image gb-image-1822da1f\" src=\"https:\/\/i0.wp.com\/aiartfree.online\/wp-content\/uploads\/2024\/08\/WX20240802-111707%402x.jpg?resize=1112%2C576&#038;ssl=1\" alt=\"Skapa fantastiska och unika bilder utan anstr\u00e4ngning med AI Art Free. V\u00e5r 100% gratis AI-bildgenerator erbjuder obegr\u00e4nsad tillg\u00e5ng och h\u00f6gkvalitativa resultat, perfekt f\u00f6r sociala medier, marknadsf\u00f6ring och personligt bruk. Ingen registrering kr\u00e4vs - skriv bara in en textfr\u00e5ga och l\u00e5t v\u00e5r AI omvandla dina id\u00e9er till vackra bilder. Utforska o\u00e4ndliga m\u00f6jligheter med v\u00e5rt kraftfulla och l\u00e4ttanv\u00e4nda verktyg idag!\" title=\"WX20240802-111707@2x\" srcset=\"https:\/\/i0.wp.com\/aiartfree.online\/wp-content\/uploads\/2024\/08\/WX20240802-111707%402x.jpg?w=1112&amp;ssl=1 1112w, https:\/\/i0.wp.com\/aiartfree.online\/wp-content\/uploads\/2024\/08\/WX20240802-111707%402x.jpg?resize=300%2C155&amp;ssl=1 300w, https:\/\/i0.wp.com\/aiartfree.online\/wp-content\/uploads\/2024\/08\/WX20240802-111707%402x.jpg?resize=1024%2C530&amp;ssl=1 1024w, https:\/\/i0.wp.com\/aiartfree.online\/wp-content\/uploads\/2024\/08\/WX20240802-111707%402x.jpg?resize=768%2C398&amp;ssl=1 768w, https:\/\/i0.wp.com\/aiartfree.online\/wp-content\/uploads\/2024\/08\/WX20240802-111707%402x.jpg?resize=18%2C9&amp;ssl=1 18w, https:\/\/i0.wp.com\/aiartfree.online\/wp-content\/uploads\/2024\/08\/WX20240802-111707%402x.jpg?resize=600%2C311&amp;ssl=1 600w\" sizes=\"auto, (max-width: 1112px) 100vw, 1112px\" \/><\/figure>\n\n\n\n<h2 class=\"wp-block-heading\">S\u00e5 h\u00e4r anv\u00e4nder du AI Picture Generator<\/h2>\n\n\n\n<ol class=\"wp-block-list\">\n<li class=\"\">Ladda upp din ljudfil<\/li>\n\n\n\n<li class=\"\">Klicka p\u00e5 \"\u00d6vers\u00e4tt\"<\/li>\n\n\n\n<li class=\"\">V\u00e4nta, det var det!<\/li>\n<\/ol>\n\n\n\n<p class=\"\">* Testa g\u00e4rna v\u00e5ra exempel nedan om du inte har n\u00e5gra tankar i huvudet<\/p>\n\n\n\n<h2 class=\"wp-block-heading\">Exempel p\u00e5 uppmaningar<\/h2>\n\n\n\n<ol style=\"font-size:16px\" class=\"wp-block-list\">\n<li class=\"\">hisnande mycket detaljerad grafisk romanillustration av morgan freeman som k\u00f6r en harley davidson motorcykel , m\u00f6rk och grusig<\/li>\n\n\n\n<li class=\"\">hisnande grafisk romanillustration Mitt i den vidstr\u00e4ckta nebulosan flyter en ensam astronaut, fastbunden vid ett lysande rymdskepp. Nebulosans str\u00e5lande gaser dansar runt och reflekterar livfulla f\u00e4rger p\u00e5 dr\u00e4kten, vilket skapar en balett av ljus och r\u00f6relse.<\/li>\n\n\n\n<li class=\"\">hisnande grafisk illustration av Vid ett v\u00e4gsk\u00e4l i en postapokalyptisk \u00f6demark sjunger en vandrare med en gitarr gjord av metallskrot ber\u00e4ttelser om den gamla v\u00e4rlden. Mutanta varelser samlas runt l\u00e4gerelden, deras \u00f6gon fyllda av l\u00e4ngtan.<\/li>\n\n\n\n<li class=\"\">hisnande grafisk romanillustration av ett barn som jagar f\u00e4rgglada fj\u00e4rilar p\u00e5 en livfull \u00e4ng.<\/li>\n\n\n\n<li class=\"\">hisnande grafisk romanillustration P\u00e5 en strand d\u00e4r v\u00e5gorna \u00e4r v\u00e4vda av ber\u00e4ttelser, skapar en sagober\u00e4ttare med en v\u00e4vstol av m\u00e5nsken ber\u00e4ttelser fr\u00e5n tidvattnet. Sn\u00e4ckor viskar legender och horisonten \u00e4r en v\u00e4v av \u00e4ventyr som \u00e4nnu inte har ber\u00e4ttats.<\/li>\n\n\n\n<li class=\"\">hisnande grafisk romanillustration av en falk som sv\u00e4var \u00f6ver en \u00f6ken och letar efter byte.<\/li>\n\n\n\n<li class=\"\">hisnande grafisk romanillustration Djupt inne i polcirkeln m\u00e5lar ett norrsken himlen med livfulla nyanser av gr\u00f6nt, rosa och lila. Sn\u00f6n nedanf\u00f6r reflekterar denna ljusdans och v\u00e4rlden omsluts av en fascinerande f\u00e4rgsymfoni.<\/li>\n\n\n\n<li class=\"\">hisnande grafisk romanillustration av en tatuerare som utf\u00f6r en invecklad design p\u00e5 en kunds rygg.<\/li>\n\n\n\n<li class=\"\">hisnande grafisk romanillustration av en kvinna, draperad i f\u00e4rgglatt siden, som l\u00e4ser tarotkort i ett t\u00e4lt upplyst av levande ljus.<\/li>\n\n\n\n<li class=\"\">hisnande grafisk romanillustration av tv\u00e5 speleologer som kartl\u00e4gger en djup grotta med facklor som lyser upp v\u00e4gen.<\/li>\n<\/ol>\n\n\n\n<figure class=\"gb-block-image gb-block-image-032aac41\"><a href=\"https:\/\/fas.st\/t\/9U4PYbm7\" target=\"_blank\" rel=\"noopener noreferrer\"><img data-recalc-dims=\"1\" decoding=\"async\" loading=\"lazy\" width=\"1200\" height=\"365\" class=\"gb-image gb-image-032aac41\" src=\"https:\/\/i0.wp.com\/aiartfree.online\/wp-content\/uploads\/2025\/03\/WX20250307-115412%402x.webp?resize=1200%2C365&#038;ssl=1\" alt=\"\" title=\"WX20250307-115412@2x\" srcset=\"https:\/\/i0.wp.com\/aiartfree.online\/wp-content\/uploads\/2025\/03\/WX20250307-115412%402x.webp?w=1942&amp;ssl=1 1942w, https:\/\/i0.wp.com\/aiartfree.online\/wp-content\/uploads\/2025\/03\/WX20250307-115412%402x.webp?resize=300%2C91&amp;ssl=1 300w, https:\/\/i0.wp.com\/aiartfree.online\/wp-content\/uploads\/2025\/03\/WX20250307-115412%402x.webp?resize=1024%2C312&amp;ssl=1 1024w, https:\/\/i0.wp.com\/aiartfree.online\/wp-content\/uploads\/2025\/03\/WX20250307-115412%402x.webp?resize=768%2C234&amp;ssl=1 768w, https:\/\/i0.wp.com\/aiartfree.online\/wp-content\/uploads\/2025\/03\/WX20250307-115412%402x.webp?resize=1536%2C467&amp;ssl=1 1536w, https:\/\/i0.wp.com\/aiartfree.online\/wp-content\/uploads\/2025\/03\/WX20250307-115412%402x.webp?resize=18%2C5&amp;ssl=1 18w, https:\/\/i0.wp.com\/aiartfree.online\/wp-content\/uploads\/2025\/03\/WX20250307-115412%402x.webp?resize=600%2C183&amp;ssl=1 600w\" sizes=\"auto, (max-width: 1200px) 100vw, 1200px\" \/><\/a><\/figure>\n\n\n\n<p class=\"\"><em>* Beroende p\u00e5 din internethastighet kan laddningen av modellen ta <\/em>upp till 10 sekunder \u2193<\/p>\n\n\n\n<div class=\"iframe-wrapper\" style=\"position: relative; width: 100%; height: 1000px;\">\n  <div class=\"loading\" style=\"position: absolute; top: 50px; left: 50%; transform: translate(-50%, -50%); width: 40px; height: 40px; border: 3px solid #f0f0f0; border-top: 3px solid #db7093; border-radius: 50%; animation: spin 1s linear infinite;\"><\/div>\n  <iframe loading=\"lazy\" src=\"https:\/\/ap123-sdxl-lightning.hf.space\" frameborder=\"0\" width=\"100%\" height=\"100%\" style=\"position: absolute; top: 0; left: 0; opacity: 0; transition: opacity 0.3s;\" onload=\"this.style.opacity=1;this.previousElementSibling.style.display='none';\"><\/iframe>\n<\/div>\n\n<style>\n@keyframes spin {\n  0% { transform: translate(-50%, -50%) rotate(0deg); }\n  100% { transform: translate(-50%, -50%) rotate(360deg); }\n}\n<\/style>\n\n\n\n<div style=\"height:80px\" aria-hidden=\"true\" class=\"wp-block-spacer\"><\/div>\n\n\n\n<h2 class=\"wp-block-heading\">AI-bildgenerator: Den ultimata guiden<\/h2>\n\n\n\n<h3 class=\"wp-block-heading\">\u00d6versikt<\/h3>\n\n\n\n<p class=\"\">AI-bildgeneratorer revolutionerar hur vi skapar bilder och erbjuder 100% gratis, obegr\u00e4nsade, h\u00f6gkvalitativa och unika bilder. Den h\u00e4r guiden utforskar definition, f\u00f6rdelar, funktioner, m\u00e5lgrupp, anv\u00e4ndningsfall, branschf\u00f6rdelar och utmaningar. Vi kommer ocks\u00e5 att granska de b\u00e4sta verktygen och tillhandah\u00e5lla ett FAQ-avsnitt f\u00f6r att ta itu med vanliga fr\u00e5gor.<\/p>\n\n\n\n<h3 class=\"wp-block-heading\">Inneh\u00e5llsf\u00f6rteckning<\/h3>\n\n\n\n<ul class=\"wp-block-list\">\n<li class=\"\"><a href=\"#what-is-an-ai-picture-generator\">Vad \u00e4r en AI-bildgenerator?<\/a><\/li>\n\n\n\n<li class=\"\"><a href=\"#why-use-an-ai-picture-generator\">Varf\u00f6r anv\u00e4nda en AI-bildgenerator<\/a><\/li>\n\n\n\n<li class=\"\"><a href=\"#main-features-of-ai-picture-generators\">Huvudfunktioner i AI-bildgeneratorer<\/a>\n<ul class=\"wp-block-list\">\n<li class=\"\"><a href=\"#100-free\">100% Fri<\/a><\/li>\n\n\n\n<li class=\"\"><a href=\"#unlimited-usage\">Obegr\u00e4nsad anv\u00e4ndning<\/a><\/li>\n\n\n\n<li class=\"\"><a href=\"#high-quality-outputs\">H\u00f6gkvalitativa utg\u00e5ngar<\/a><\/li>\n<\/ul>\n<\/li>\n\n\n\n<li class=\"\"><a href=\"#who-should-use-ai-picture-generators\">Vem b\u00f6r anv\u00e4nda AI-bildgeneratorer<\/a><\/li>\n\n\n\n<li class=\"\"><a href=\"#industry-applications-of-ai-picture-generators\">Industriella till\u00e4mpningar av AI-bildgeneratorer<\/a><\/li>\n\n\n\n<li class=\"\"><a href=\"#how-to-use-an-ai-picture-generator\">Hur man anv\u00e4nder en AI-bildgenerator<\/a><\/li>\n\n\n\n<li class=\"\"><a href=\"#ai-picture-generator-use-cases\">Anv\u00e4ndningsfall f\u00f6r AI-bildgenerator<\/a>\n<ul class=\"wp-block-list\">\n<li class=\"\"><a href=\"#social-media-content-creation\">Skapande av inneh\u00e5ll f\u00f6r sociala medier<\/a><\/li>\n\n\n\n<li class=\"\"><a href=\"#marketing-and-advertising\">Marknadsf\u00f6ring och reklam<\/a><\/li>\n\n\n\n<li class=\"\"><a href=\"#website-design\">Webbplatsdesign<\/a><\/li>\n<\/ul>\n<\/li>\n\n\n\n<li class=\"\"><a href=\"#top-10-ai-picture-generators-and-their-pros-and-cons\">Topp 10 AI-bildgeneratorer och deras f\u00f6r- och nackdelar<\/a><\/li>\n\n\n\n<li class=\"\"><a href=\"#pros-cons-and-challenges-in-the-ai-picture-generator-industry\">F\u00f6rdelar, nackdelar och utmaningar inom AI Picture Generator-industrin<\/a><\/li>\n\n\n\n<li class=\"\"><a href=\"#faq\">VANLIGA FR\u00c5GOR<\/a><\/li>\n\n\n\n<li class=\"\"><a href=\"#summary-and-call-to-action\">Sammanfattning och uppmaning till handling<\/a><\/li>\n<\/ul>\n\n\n\n<h3 class=\"wp-block-heading\">Vad \u00e4r en AI-bildgenerator?<\/h3>\n\n\n\n<p class=\"\">En AI-bildgenerator \u00e4r ett verktyg som anv\u00e4nder artificiell intelligens f\u00f6r att skapa bilder fr\u00e5n textmeddelanden. Dessa verktyg kan generera unika, h\u00f6gkvalitativa bilder baserat p\u00e5 beskrivningar som anv\u00e4ndaren tillhandah\u00e5ller, vilket m\u00f6jligg\u00f6r kreativitet och effektivitet i bildskapandet.<\/p>\n\n\n\n<h3 class=\"wp-block-heading\">Varf\u00f6r anv\u00e4nda en AI-bildgenerator<\/h3>\n\n\n\n<p class=\"\">AI-bildgeneratorer erbjuder m\u00e5nga f\u00f6rdelar:<\/p>\n\n\n\n<ul class=\"wp-block-list\">\n<li class=\"\"><strong>100% Gratis:<\/strong> M\u00e5nga verktyg, till exempel <a href=\"https:\/\/aiartfree.online\/sv\/ai-bildgenerator\/\">AI Konst Fri<\/a>ger fri tillg\u00e5ng.<\/li>\n\n\n\n<li class=\"\"><strong>Obegr\u00e4nsad anv\u00e4ndning:<\/strong> Inga begr\u00e4nsningar av antalet bilder som genereras.<\/li>\n\n\n\n<li class=\"\"><strong>H\u00f6gkvalitativa utg\u00e5ngar:<\/strong> Producerar bilder av professionell kvalitet.<\/li>\n\n\n\n<li class=\"\"><strong>Ingen registrering kr\u00e4vs:<\/strong> Enkel och snabb \u00e5tkomst.<\/li>\n\n\n\n<li class=\"\"><strong>AI-genererade bilder:<\/strong> S\u00e4kerst\u00e4ller originalitet och kreativitet.<\/li>\n<\/ul>\n\n\n\n<h3 class=\"wp-block-heading\">Huvudfunktioner i AI-bildgeneratorer<\/h3>\n\n\n\n<h4 class=\"wp-block-heading\">100% Fri<\/h4>\n\n\n\n<p class=\"\">AI-bildgeneratorer som <a href=\"https:\/\/aiartfree.online\/sv\/ai-bildgenerator\/\">AI Konst Fri<\/a> erbjuder helt kostnadsfria tj\u00e4nster, vilket g\u00f6r dem tillg\u00e4ngliga f\u00f6r alla.<\/p>\n\n\n\n<h4 class=\"wp-block-heading\">Obegr\u00e4nsad anv\u00e4ndning<\/h4>\n\n\n\n<p class=\"\">Med dessa verktyg kan anv\u00e4ndarna generera ett obegr\u00e4nsat antal bilder, vilket ger st\u00f6d f\u00f6r omfattande kreativitet utan begr\u00e4nsningar.<\/p>\n\n\n\n<h4 class=\"wp-block-heading\">H\u00f6gkvalitativa utg\u00e5ngar<\/h4>\n\n\n\n<p class=\"\">AI-bildgeneratorer producerar h\u00f6guppl\u00f6sta bilder av professionell kvalitet som l\u00e4mpar sig f\u00f6r olika till\u00e4mpningar.<\/p>\n\n\n\n<h3 class=\"wp-block-heading\">Vem b\u00f6r anv\u00e4nda AI-bildgeneratorer<\/h3>\n\n\n\n<ul class=\"wp-block-list\">\n<li class=\"\"><strong>Skapare av inneh\u00e5ll:<\/strong> Bloggare, vloggare och influencers i sociala medier.<\/li>\n\n\n\n<li class=\"\"><strong>Marknadsf\u00f6rare:<\/strong> Reklamfolk som beh\u00f6ver unika bilder.<\/li>\n\n\n\n<li class=\"\"><strong>Webbdesigners:<\/strong> Utvecklare som s\u00f6ker anpassade bilder f\u00f6r webbplatser.<\/li>\n\n\n\n<li class=\"\"><strong>Artister:<\/strong> Personer som vill utforska AI-genererad konst.<\/li>\n<\/ul>\n\n\n\n<h3 class=\"wp-block-heading\">Industriella till\u00e4mpningar av AI-bildgeneratorer<\/h3>\n\n\n\n<ul class=\"wp-block-list\">\n<li class=\"\"><strong>Reklam:<\/strong> Skapa i\u00f6gonfallande visuella element f\u00f6r marknadsf\u00f6ringskampanjer.<\/li>\n\n\n\n<li class=\"\"><strong>E-handel:<\/strong> Utformning av produktbilder och f\u00f6rb\u00e4ttring av onlinelistor.<\/li>\n\n\n\n<li class=\"\"><strong>Media och underh\u00e5llning:<\/strong> Skapa visuella element f\u00f6r publikationer och multimediaprojekt.<\/li>\n\n\n\n<li class=\"\"><strong>Utbildning:<\/strong> Framtagning av utbildningsmaterial och visuella hj\u00e4lpmedel.<\/li>\n<\/ul>\n\n\n\n<h3 class=\"wp-block-heading\">Hur man anv\u00e4nder en AI-bildgenerator<\/h3>\n\n\n\n<ol class=\"wp-block-list\">\n<li class=\"\"><strong>Ange en textprompt:<\/strong> Beskriv den bild du vill skapa.<\/li>\n\n\n\n<li class=\"\"><strong>V\u00e4lj Inst\u00e4llningar:<\/strong> V\u00e4lj stil, uppl\u00f6sning och andra inst\u00e4llningar.<\/li>\n\n\n\n<li class=\"\"><strong>Generera bild:<\/strong> Klicka f\u00f6r att skapa bilden.<\/li>\n\n\n\n<li class=\"\"><strong>Ladda ner och anv\u00e4nd:<\/strong> Spara och anv\u00e4nd den genererade bilden.<\/li>\n<\/ol>\n\n\n\n<h3 class=\"wp-block-heading\">Anv\u00e4ndningsfall f\u00f6r AI-bildgenerator<\/h3>\n\n\n\n<h4 class=\"wp-block-heading\">Skapande av inneh\u00e5ll f\u00f6r sociala medier<\/h4>\n\n\n\n<p class=\"\">AI-genererade bilder kan f\u00f6rb\u00e4ttra inl\u00e4gg, ber\u00e4ttelser och annonser i sociala medier med unika bilder.<\/p>\n\n\n\n<h4 class=\"wp-block-heading\">Marknadsf\u00f6ring och reklam<\/h4>\n\n\n\n<p class=\"\">F\u00f6retag kan anv\u00e4nda AI-genererade bilder f\u00f6r marknadsf\u00f6ringsmaterial, annonser och banners.<\/p>\n\n\n\n<h4 class=\"wp-block-heading\">Webbplatsdesign<\/h4>\n\n\n\n<p class=\"\">Webbutvecklare kan skapa anpassad grafik f\u00f6r webbplatser, vilket ger ett unikt och professionellt utseende.<\/p>\n\n\n\n<h3 class=\"wp-block-heading\">Topp 10 AI-bildgeneratorer och deras f\u00f6r- och nackdelar<\/h3>\n\n\n\n<figure class=\"wp-block-table\"><table class=\"has-fixed-layout\"><thead><tr><th>Verktyg<\/th><th>Webbplats<\/th><th>Proffs<\/th><th>Nackdelar<\/th><\/tr><\/thead><tbody><tr><td>AI Konst Fri<\/td><td><a href=\"https:\/\/aiartfree.online\/sv\/ai-bildgenerator\/\">aiartfree.online<\/a><\/td><td>100% Gratis, obegr\u00e4nsad, h\u00f6g kvalitet<\/td><td>Ingen<\/td><\/tr><tr><td>DALL-E 2<\/td><td><a href=\"https:\/\/www.openai.com\/dall-e-2\" target=\"_blank\" rel=\"noopener\">openai.com<\/a><\/td><td>H\u00f6g kvalitet, kreativ<\/td><td>Begr\u00e4nsad fri anv\u00e4ndning<\/td><\/tr><tr><td>DeepArt<\/td><td><a href=\"https:\/\/deepart.io\" target=\"_blank\" rel=\"noopener\">deepart.io<\/a><\/td><td>Konstn\u00e4rliga stilar, unika bilder<\/td><td>Betalda planer<\/td><\/tr><tr><td>Konstuppf\u00f6dare<\/td><td><a href=\"https:\/\/artbreeder.com\" target=\"_blank\" rel=\"noopener\">artbreeder.com<\/a><\/td><td>Samarbetsinriktad, anpassningsbar<\/td><td>Inl\u00e4rningskurva<\/td><\/tr><tr><td>NattCaf\u00e9<\/td><td><a>nattkaf\u00e9.studio<\/a><\/td><td>L\u00e4tt att anv\u00e4nda, olika stilar<\/td><td>Vissa funktioner betalda<\/td><\/tr><tr><td>Landningsbana ML<\/td><td><a href=\"https:\/\/runwayml.com\" target=\"_blank\" rel=\"noopener\">runwayml.com<\/a><\/td><td>Professionella verktyg, m\u00e5ngsidiga<\/td><td>Prenumeration kr\u00e4vs<\/td><\/tr><tr><td>Stor s\u00f6mn<\/td><td><a href=\"https:\/\/bigsleep.dev\" target=\"_blank\" rel=\"noopener\">bigsleep.dev<\/a><\/td><td>Realistiska bilder, \u00f6ppen k\u00e4llkod<\/td><td>Kr\u00e4ver teknisk kunskap<\/td><\/tr><tr><td>F\u00e4rgerKedja<\/td><td><a>paintschainer.preferred.tech<\/a><\/td><td>AI-f\u00e4rgning, anv\u00e4ndarv\u00e4nligt<\/td><td>Begr\u00e4nsade funktioner<\/td><\/tr><tr><td>Picas<\/td><td><a href=\"https:\/\/picas.tech\" target=\"_blank\" rel=\"noopener\">picas.tech<\/a><\/td><td>Snabba, kreativa filter<\/td><td>Vattenm\u00e4rkta bilder<\/td><\/tr><tr><td>GauGAN<\/td><td><a href=\"https:\/\/nvidia.com\/research\/ai\/augan\" target=\"_blank\" rel=\"noopener\">nvidia.com<\/a><\/td><td>Realistiska landskap, h\u00f6g kvalitet<\/td><td>Kr\u00e4ver GPU<\/td><\/tr><\/tbody><\/table><\/figure>\n\n\n\n<h3 class=\"wp-block-heading\">F\u00f6rdelar, nackdelar och utmaningar inom AI Picture Generator-industrin<\/h3>\n\n\n\n<h4 class=\"wp-block-heading\">Proffs<\/h4>\n\n\n\n<ul class=\"wp-block-list\">\n<li class=\"\"><strong>Tillg\u00e4nglighet:<\/strong> Verktyg som AI Art Free erbjuder gratis, obegr\u00e4nsad tillg\u00e5ng.<\/li>\n\n\n\n<li class=\"\"><strong>Kreativitet:<\/strong> AI kan producera unika och kreativa bilder.<\/li>\n\n\n\n<li class=\"\"><strong>Effektivitet:<\/strong> Sparar tid vid generering av visualiseringar.<\/li>\n<\/ul>\n\n\n\n<h4 class=\"wp-block-heading\">Nackdelar<\/h4>\n\n\n\n<ul class=\"wp-block-list\">\n<li class=\"\"><strong>Variabilitet i kvalitet:<\/strong> Vissa verktyg kan ge inkonsekventa resultat.<\/li>\n\n\n\n<li class=\"\"><strong>Inl\u00e4rningskurva:<\/strong> Kr\u00e4ver viss f\u00f6rst\u00e5else f\u00f6r att kunna anv\u00e4ndas effektivt.<\/li>\n\n\n\n<li class=\"\"><strong>Beroende av textmeddelanden:<\/strong> Kvaliteten p\u00e5 bilderna beror p\u00e5 kvaliteten p\u00e5 beskrivningarna.<\/li>\n<\/ul>\n\n\n\n<h4 class=\"wp-block-heading\">Utmaningar<\/h4>\n\n\n\n<ul class=\"wp-block-list\">\n<li class=\"\"><strong>Etiska \u00f6verv\u00e4ganden:<\/strong> Fr\u00e5gor som r\u00f6r upphovsr\u00e4tt och originalitet.<\/li>\n\n\n\n<li class=\"\"><strong>Tekniska begr\u00e4nsningar:<\/strong> Vissa verktyg kr\u00e4ver avancerad h\u00e5rdvara.<\/li>\n\n\n\n<li class=\"\"><strong>M\u00e4ttnad p\u00e5 marknaden:<\/strong> Det finns m\u00e5nga verktyg, vilket g\u00f6r det sv\u00e5rt att v\u00e4lja det b\u00e4sta.<\/li>\n<\/ul>\n\n\n\n<h3 class=\"wp-block-heading\">VANLIGA FR\u00c5GOR<\/h3>\n\n\n\n<ol class=\"wp-block-list\">\n<li class=\"\"><strong>\u00c4r den h\u00e4r bilden AI-genererad?<\/strong>\n<ul class=\"wp-block-list\">\n<li class=\"\">AI-genererade bilder skapas med hj\u00e4lp av algoritmer som baseras p\u00e5 textmeddelanden.<\/li>\n<\/ul>\n<\/li>\n\n\n\n<li class=\"\"><strong>Hur vet man om en bild \u00e4r AI-genererad?<\/strong>\n<ul class=\"wp-block-list\">\n<li class=\"\">Leta efter unika, ofta surrealistiska element och avsaknad av brister som finns i konst som skapats av m\u00e4nniskor.<\/li>\n<\/ul>\n<\/li>\n\n\n\n<li class=\"\"><strong>Hur genererar man AI-bilder?<\/strong>\n<ul class=\"wp-block-list\">\n<li class=\"\">Anv\u00e4nd verktyg som <a href=\"https:\/\/aiartfree.online\/sv\/ai-bildgenerator\/\">AI Konst Fri<\/a> genom att ange textmeddelanden.<\/li>\n<\/ul>\n<\/li>\n\n\n\n<li class=\"\"><strong>Hur genererar man bilder med AI?<\/strong>\n<ul class=\"wp-block-list\">\n<li class=\"\">Skriv in en textbeskrivning och l\u00e5t AI bearbeta och skapa bilden.<\/li>\n<\/ul>\n<\/li>\n\n\n\n<li class=\"\"><strong>Hur g\u00f6r man AI-genererade bilder?<\/strong>\n<ul class=\"wp-block-list\">\n<li class=\"\">Anv\u00e4nd AI-bildgeneratorer f\u00f6r att konvertera textbeskrivningar till bilder.<\/li>\n<\/ul>\n<\/li>\n\n\n\n<li class=\"\"><strong>Vad \u00e4r den b\u00e4sta AI-bildgeneratorn?<\/strong>\n<ul class=\"wp-block-list\">\n<li class=\"\"><a href=\"https:\/\/aiartfree.online\/sv\/ai-bildgenerator\/\">AI Konst Fri<\/a> rekommenderas starkt f\u00f6r sina gratis och obegr\u00e4nsade funktioner.<\/li>\n<\/ul>\n<\/li>\n\n\n\n<li class=\"\"><strong>Kan AI-genererade bilder anv\u00e4ndas kommersiellt?<\/strong>\n<ul class=\"wp-block-list\">\n<li class=\"\">Ja, m\u00e5nga AI-bildgeneratorer till\u00e5ter kommersiell anv\u00e4ndning, men kontrollera villkoren f\u00f6r det specifika verktyget.<\/li>\n<\/ul>\n<\/li>\n\n\n\n<li class=\"\"><strong>\u00c4r AI-genererade bilder upphovsr\u00e4ttsfria?<\/strong>\n<ul class=\"wp-block-list\">\n<li class=\"\">Ofta ja, men kontrollera med det specifika verktyget.<\/li>\n<\/ul>\n<\/li>\n\n\n\n<li class=\"\"><strong>Vilka stilar kan AI-genererade bilder ha?<\/strong>\n<ul class=\"wp-block-list\">\n<li class=\"\">AI kan generera olika stilar, fr\u00e5n realistisk till abstrakt konst.<\/li>\n<\/ul>\n<\/li>\n\n\n\n<li class=\"\"><strong>Hur kan vi f\u00f6rb\u00e4ttra AI-genererade bilder?<\/strong>\n<ul class=\"wp-block-list\">\n<li class=\"\">Anv\u00e4nd fotoredigeringsverktyg f\u00f6r att f\u00f6rfina och f\u00f6rb\u00e4ttra bilderna.<\/li>\n<\/ul>\n<\/li>\n<\/ol>\n\n\n\n<h3 class=\"wp-block-heading\">Sammanfattning<\/h3>\n\n\n\n<p class=\"\">AI-bildgeneratorer som <a href=\"https:\/\/aiartfree.online\/sv\/ai-bildgenerator\/\">AI Konst Fri<\/a> erbjuder 100% gratis, obegr\u00e4nsad, h\u00f6gkvalitativ och unik bildskapande l\u00f6sningar. Dessa verktyg riktar sig till ett brett spektrum av anv\u00e4ndare, fr\u00e5n inneh\u00e5llsskapare till marknadsf\u00f6rare, och ger ett effektivt och kreativt s\u00e4tt att skapa bilder. Omfamna framtidens bildskapande med AI och omvandla ditt visuella inneh\u00e5ll utan anstr\u00e4ngning.<\/p>\n\n\n\n<p class=\"\">\u00c4r du redo att skapa fantastiska bilder? Bes\u00f6k oss <a href=\"https:\/\/aiartfree.online\/sv\/ai-bildgenerator\/\">AI Konst Fri<\/a> och b\u00f6rja generera pengar idag!<\/p>\n\n\n\n<p class=\"\"><\/p>","protected":false},"excerpt":{"rendered":"<p>What our users made How to use the AI Picture Generator * Feel free to try our examples below if you don&#8217;t have any thoughts in your mind Prompt Examples *&nbsp;Depending on your internet speed, loading the model may take up to 10 seconds \u2193 AI Picture Generator: The Ultimate Guide Outline AI picture generators &#8230; <a title=\"AI-bildgenerator\" class=\"read-more\" href=\"https:\/\/aiartfree.online\/sv\/ai-bildgenerator\/\" aria-label=\"L\u00e4s mer om AI Picture Generator\">L\u00e4s mer<\/a><\/p>","protected":false},"author":1,"featured_media":3468,"parent":0,"menu_order":0,"comment_status":"open","ping_status":"closed","template":"","meta":{"nf_dc_page":"","footnotes":""},"class_list":["post-3444","page","type-page","status-publish","has-post-thumbnail"],"jetpack_sharing_enabled":true,"_links":{"self":[{"href":"https:\/\/aiartfree.online\/sv\/wp-json\/wp\/v2\/pages\/3444","targetHints":{"allow":["GET"]}}],"collection":[{"href":"https:\/\/aiartfree.online\/sv\/wp-json\/wp\/v2\/pages"}],"about":[{"href":"https:\/\/aiartfree.online\/sv\/wp-json\/wp\/v2\/types\/page"}],"author":[{"embeddable":true,"href":"https:\/\/aiartfree.online\/sv\/wp-json\/wp\/v2\/users\/1"}],"replies":[{"embeddable":true,"href":"https:\/\/aiartfree.online\/sv\/wp-json\/wp\/v2\/comments?post=3444"}],"version-history":[{"count":1,"href":"https:\/\/aiartfree.online\/sv\/wp-json\/wp\/v2\/pages\/3444\/revisions"}],"predecessor-version":[{"id":3594,"href":"https:\/\/aiartfree.online\/sv\/wp-json\/wp\/v2\/pages\/3444\/revisions\/3594"}],"wp:featuredmedia":[{"embeddable":true,"href":"https:\/\/aiartfree.online\/sv\/wp-json\/wp\/v2\/media\/3468"}],"wp:attachment":[{"href":"https:\/\/aiartfree.online\/sv\/wp-json\/wp\/v2\/media?parent=3444"}],"curies":[{"name":"wp","href":"https:\/\/api.w.org\/{rel}","templated":true}]}}