{"id":3416,"date":"2024-08-01T09:41:23","date_gmt":"2024-08-01T09:41:23","guid":{"rendered":"https:\/\/aiartfree.online\/?page_id=3416"},"modified":"2024-08-02T11:15:00","modified_gmt":"2024-08-02T11:15:00","slug":"html-code-generator","status":"publish","type":"page","link":"https:\/\/aiartfree.online\/sv\/html-kodgenerator\/","title":{"rendered":"HTML-kodgenerator"},"content":{"rendered":"<h2 class=\"wp-block-heading has-text-align-center\">F\u00f6re vs efter<\/h2>\n\n\n\n<figure class=\"gb-block-image gb-block-image-1822da1f\"><img data-recalc-dims=\"1\" decoding=\"async\" loading=\"lazy\" width=\"1200\" height=\"707\" class=\"gb-image gb-image-1822da1f\" src=\"https:\/\/i0.wp.com\/aiartfree.online\/wp-content\/uploads\/2024\/08\/WX20240801-145150%402x-jpg.webp?resize=1200%2C707&#038;ssl=1\" alt=\"HTML Code Generator - Gratis sk\u00e4rmdumpar online till HTML-koder\" title=\"WX20240801-145150@2x\" srcset=\"https:\/\/i0.wp.com\/aiartfree.online\/wp-content\/uploads\/2024\/08\/WX20240801-145150%402x-jpg.webp?w=1904&amp;ssl=1 1904w, https:\/\/i0.wp.com\/aiartfree.online\/wp-content\/uploads\/2024\/08\/WX20240801-145150%402x-jpg.webp?resize=300%2C177&amp;ssl=1 300w, https:\/\/i0.wp.com\/aiartfree.online\/wp-content\/uploads\/2024\/08\/WX20240801-145150%402x-jpg.webp?resize=1024%2C603&amp;ssl=1 1024w, https:\/\/i0.wp.com\/aiartfree.online\/wp-content\/uploads\/2024\/08\/WX20240801-145150%402x-jpg.webp?resize=768%2C453&amp;ssl=1 768w, https:\/\/i0.wp.com\/aiartfree.online\/wp-content\/uploads\/2024\/08\/WX20240801-145150%402x-jpg.webp?resize=1536%2C905&amp;ssl=1 1536w, https:\/\/i0.wp.com\/aiartfree.online\/wp-content\/uploads\/2024\/08\/WX20240801-145150%402x-jpg.webp?resize=18%2C12&amp;ssl=1 18w, https:\/\/i0.wp.com\/aiartfree.online\/wp-content\/uploads\/2024\/08\/WX20240801-145150%402x-jpg.webp?resize=600%2C354&amp;ssl=1 600w\" sizes=\"auto, (max-width: 1200px) 100vw, 1200px\" \/><\/figure>\n\n\n\n<h2 class=\"wp-block-heading\">S\u00e5 h\u00e4r anv\u00e4nder du HTML-kodgeneratorn<\/h2>\n\n\n\n<ol class=\"wp-block-list\">\n<li class=\"\">Ladda upp en sk\u00e4rmdump fr\u00e5n din favoritwebbplats<\/li>\n\n\n\n<li class=\"\">Klicka p\u00e5 \"Skicka\"<\/li>\n\n\n\n<li class=\"\">V\u00e4nta, det var det!<\/li>\n<\/ol>\n\n\n\n<p class=\"\">* Testa g\u00e4rna v\u00e5ra exempel nedan om du inte har n\u00e5gra tankar i huvudet<\/p>\n\n\n\n<p class=\"\"><em>* Beroende p\u00e5 din internethastighet kan laddningen av modellen ta <\/em>upp till 10 sekunder \u2193<\/p>\n\n\n\n<div class=\"iframe-wrapper\" style=\"position: relative; width: 100%; height: 1800px;\">\n  <div class=\"loading\" style=\"position: absolute; top: 50px; left: 50%; transform: translate(-50%, -50%); width: 40px; height: 40px; border: 3px solid #f0f0f0; border-top: 3px solid #db7093; border-radius: 50%; animation: spin 1s linear infinite;\"><\/div>\n  <iframe loading=\"lazy\" src=\"https:\/\/huggingfacem4-screenshot2html.hf.space\" frameborder=\"0\" width=\"100%\" height=\"100%\" style=\"position: absolute; top: 0; left: 0; opacity: 0; transition: opacity 0.3s;\" onload=\"this.style.opacity=1;this.previousElementSibling.style.display='none';\"><\/iframe>\n<\/div>\n\n<style>\n@keyframes spin {\n  0% { transform: translate(-50%, -50%) rotate(0deg); }\n  100% { transform: translate(-50%, -50%) rotate(360deg); }\n}\n<\/style>\n\n\n\n<div style=\"height:80px\" aria-hidden=\"true\" class=\"wp-block-spacer\"><\/div>\n\n\n\n<h2 class=\"wp-block-heading\">Effektiva och anv\u00e4ndarv\u00e4nliga HTML-kodgeneratorer: Det ultimata verktyget f\u00f6r webbutveckling<\/h2>\n\n\n\n<h3 class=\"wp-block-heading\">Vad \u00e4r HTML Code Generator?<\/h3>\n\n\n\n<p class=\"\">En HTML-kodgenerator \u00e4r ett verktyg som \u00e4r utformat f\u00f6r att f\u00f6renkla processen med att skapa HTML-kod. Det g\u00f6r det m\u00f6jligt f\u00f6r anv\u00e4ndare att generera HTML-kod snabbt och effektivt utan att beh\u00f6va skriva koden manuellt. Dessa verktyg \u00e4r s\u00e4rskilt anv\u00e4ndbara f\u00f6r personer som kanske inte har n\u00e5gon omfattande kodningserfarenhet men som beh\u00f6ver skapa HTML-kod f\u00f6r olika \u00e4ndam\u00e5l som webbutveckling, e-postmallar eller inb\u00e4ddning av media.<\/p>\n\n\n\n<h3 class=\"wp-block-heading\">Varf\u00f6r anv\u00e4nda en HTML-kodgenerator?<\/h3>\n\n\n\n<h4 class=\"wp-block-heading\">Stora f\u00f6rdelar<\/h4>\n\n\n\n<ul class=\"wp-block-list\">\n<li class=\"\"><strong>Effektivitet<\/strong>: Snabbar upp kodningsprocessen avsev\u00e4rt.<\/li>\n\n\n\n<li class=\"\"><strong>Anv\u00e4ndarv\u00e4nlig<\/strong>: Kr\u00e4ver ingen tidigare kunskap om kodning.<\/li>\n\n\n\n<li class=\"\"><strong>Minskning av fel<\/strong>: Minimerar kodningsfel och ger en renare kod.<\/li>\n\n\n\n<li class=\"\"><strong>M\u00e5ngsidighet<\/strong>: Kan generera en m\u00e4ngd olika HTML-element.<\/li>\n\n\n\n<li class=\"\"><strong>Anpassning<\/strong>: G\u00f6r det m\u00f6jligt f\u00f6r anv\u00e4ndare att anpassa den genererade koden efter behov.<\/li>\n<\/ul>\n\n\n\n<h4 class=\"wp-block-heading\">Vanliga anv\u00e4ndarfr\u00e5gor<\/h4>\n\n\n\n<ol class=\"wp-block-list\">\n<li class=\"\"><strong>Hur genererar jag HTML-kod fr\u00e5n sk\u00e4rmdumpar?<\/strong>\n<ul class=\"wp-block-list\">\n<li class=\"\">Anv\u00e4nd v\u00e5rt rekommenderade verktyg: <a href=\"https:\/\/aiartfree.online\/sv\/html-kodgenerator\/\">HTML-kodgenerator<\/a><\/li>\n<\/ul>\n<\/li>\n\n\n\n<li class=\"\"><strong>Kan Adobe XD generera HTML-kod?<\/strong>\n<ul class=\"wp-block-list\">\n<li class=\"\">Adobe XD \u00e4r i f\u00f6rsta hand ett designverktyg och genererar inte HTML-kod direkt.<\/li>\n<\/ul>\n<\/li>\n\n\n\n<li class=\"\"><strong>Hur genererar man automatiskt HTML-kod i VSCode?<\/strong>\n<ul class=\"wp-block-list\">\n<li class=\"\">Anv\u00e4nd till\u00e4gg som Emmet f\u00f6r att automatiskt generera HTML-kod i VSCode.<\/li>\n<\/ul>\n<\/li>\n<\/ol>\n\n\n\n<h3 class=\"wp-block-heading\">Huvudfunktioner i HTML-kodgeneratorer<\/h3>\n\n\n\n<h4 class=\"wp-block-heading\">HTML-textgenerator<\/h4>\n\n\n\n<p class=\"\">G\u00f6r det m\u00f6jligt f\u00f6r anv\u00e4ndare att mata in text och f\u00e5 motsvarande HTML-kod.<\/p>\n\n\n\n<h4 class=\"wp-block-heading\">HTML-skapare f\u00f6r tabeller<\/h4>\n\n\n\n<p class=\"\">Genererar HTML-kod f\u00f6r tabeller, vilket g\u00f6r det l\u00e4ttare att skapa komplexa tabellstrukturer.<\/p>\n\n\n\n<h4 class=\"wp-block-heading\">AI HTML-generator<\/h4>\n\n\n\n<p class=\"\">Anv\u00e4nder artificiell intelligens f\u00f6r att generera HTML-kod, vilket g\u00f6r processen snabbare och mer intuitiv.<\/p>\n\n\n\n<h4 class=\"wp-block-heading\">Skapare av HTML-tabeller<\/h4>\n\n\n\n<p class=\"\">F\u00f6renklar skapandet av HTML-tabeller genom att tillhandah\u00e5lla ett l\u00e4ttanv\u00e4nt gr\u00e4nssnitt.<\/p>\n\n\n\n<h4 class=\"wp-block-heading\">Generera HTML-kod fr\u00e5n text<\/h4>\n\n\n\n<p class=\"\">Omvandlar vanlig text till formaterad HTML-kod.<\/p>\n\n\n\n<h4 class=\"wp-block-heading\">Generera HTML-kod fr\u00e5n bild<\/h4>\n\n\n\n<p class=\"\">Konverterar bilder till HTML-kod, anv\u00e4ndbart f\u00f6r att b\u00e4dda in media i webbsidor.<\/p>\n\n\n\n<h4 class=\"wp-block-heading\">Ingen registrering kr\u00e4vs<\/h4>\n\n\n\n<p class=\"\">Anv\u00e4ndare kan generera HTML-kod utan att beh\u00f6va skapa ett konto.<\/p>\n\n\n\n<h4 class=\"wp-block-heading\">100% Fri och obegr\u00e4nsad anv\u00e4ndning<\/h4>\n\n\n\n<p class=\"\">Verktyget \u00e4r helt gratis att anv\u00e4nda och det finns inga begr\u00e4nsningar f\u00f6r hur m\u00e5nga koder som kan genereras.<\/p>\n\n\n\n<h3 class=\"wp-block-heading\">M\u00e5lgrupp och anv\u00e4ndningsomr\u00e5den<\/h3>\n\n\n\n<h4 class=\"wp-block-heading\">L\u00e4mplig f\u00f6r:<\/h4>\n\n\n\n<ul class=\"wp-block-list\">\n<li class=\"\"><strong>Webbutvecklare<\/strong>: F\u00f6r att snabbt skapa och utforma prototyper f\u00f6r webbsidor.<\/li>\n\n\n\n<li class=\"\"><strong>Formgivare<\/strong>: F\u00f6r inb\u00e4ddning av designelement i HTML.<\/li>\n\n\n\n<li class=\"\"><strong>Skapare av inneh\u00e5ll<\/strong>: F\u00f6r att formatera inneh\u00e5ll f\u00f6r bloggar, e-postmeddelanden och webbplatser.<\/li>\n\n\n\n<li class=\"\"><strong>Studenter och utbildare<\/strong>: F\u00f6r inl\u00e4rning och undervisning i HTML.<\/li>\n<\/ul>\n\n\n\n<h4 class=\"wp-block-heading\">Till\u00e4mpningar inom industrin:<\/h4>\n\n\n\n<ul class=\"wp-block-list\">\n<li class=\"\"><strong>E-handel<\/strong>: Skapa produktlistor och beskrivningar.<\/li>\n\n\n\n<li class=\"\"><strong>Digital marknadsf\u00f6ring<\/strong>: Utformning av e-postmallar och landningssidor.<\/li>\n\n\n\n<li class=\"\"><strong>Utbildning<\/strong>: Undervisning i HTML och webbutveckling.<\/li>\n\n\n\n<li class=\"\"><strong>Media och underh\u00e5llning<\/strong>: Inb\u00e4ddning av multimediainneh\u00e5ll p\u00e5 webbplatser.<\/li>\n<\/ul>\n\n\n\n<h3 class=\"wp-block-heading\">S\u00e5 h\u00e4r anv\u00e4nder du en HTML-kodgenerator<\/h3>\n\n\n\n<ol class=\"wp-block-list\">\n<li class=\"\"><strong>F\u00e5 tillg\u00e5ng till verktyget<\/strong>\n<ul class=\"wp-block-list\">\n<li class=\"\">Bes\u00f6k <a href=\"https:\/\/aiartfree.online\/sv\/html-kodgenerator\/\">HTML-kodgenerator<\/a>.<\/li>\n<\/ul>\n<\/li>\n\n\n\n<li class=\"\"><strong>V\u00e4lj typ av kod<\/strong>\n<ul class=\"wp-block-list\">\n<li class=\"\">V\u00e4lj mellan alternativ som text, tabell eller bild-till-kod.<\/li>\n<\/ul>\n<\/li>\n\n\n\n<li class=\"\"><strong>Skriv in ditt inneh\u00e5ll<\/strong>\n<ul class=\"wp-block-list\">\n<li class=\"\">Skriv in texten eller ladda upp bilden som du vill konvertera.<\/li>\n<\/ul>\n<\/li>\n\n\n\n<li class=\"\"><strong>Generera koden<\/strong>\n<ul class=\"wp-block-list\">\n<li class=\"\">Klicka p\u00e5 knappen Generera f\u00f6r att f\u00e5 din HTML-kod.<\/li>\n<\/ul>\n<\/li>\n\n\n\n<li class=\"\"><strong>Kopiera och anv\u00e4nd<\/strong>\n<ul class=\"wp-block-list\">\n<li class=\"\">Kopiera den genererade koden och klistra in den i ditt projekt.<\/li>\n<\/ul>\n<\/li>\n<\/ol>\n\n\n\n<h3 class=\"wp-block-heading\">Anv\u00e4ndningsfall f\u00f6r generatorer av HTML-kod<\/h3>\n\n\n\n<h4 class=\"wp-block-heading\">Webbutveckling<\/h4>\n\n\n\n<p class=\"\">Skapa strukturerade webbsidor med minimal anstr\u00e4ngning.<\/p>\n\n\n\n<h4 class=\"wp-block-heading\">E-postmarknadsf\u00f6ring<\/h4>\n\n\n\n<p class=\"\">Utformning av responsiva e-postmallar.<\/p>\n\n\n\n<h4 class=\"wp-block-heading\">Bloggande<\/h4>\n\n\n\n<p class=\"\">Formatering av blogginl\u00e4gg med HTML f\u00f6r b\u00e4ttre presentation.<\/p>\n\n\n\n<h4 class=\"wp-block-heading\">Utbildning online<\/h4>\n\n\n\n<p class=\"\">Hj\u00e4lper studenter att \u00f6va och f\u00f6rst\u00e5 HTML-kodning.<\/p>\n\n\n\n<h4 class=\"wp-block-heading\">Digital annonsering<\/h4>\n\n\n\n<p class=\"\">Skapa annonsbanners och landningssidor.<\/p>\n\n\n\n<h3 class=\"wp-block-heading\">Information fr\u00e5n 10 relaterade webbplatser<\/h3>\n\n\n\n<figure class=\"wp-block-table\"><table class=\"has-fixed-layout\"><thead><tr><th>Webbplats<\/th><th>Funktioner<\/th><th>F\u00f6rdelar<\/th><th>Utmaningar<\/th><th>URL<\/th><\/tr><\/thead><tbody><tr><td><strong><a href=\"https:\/\/aiartfree.online\/sv\/html-kodgenerator\/\" data-type=\"link\" data-id=\"https:\/\/aiartfree.online\/html-code-generator\">HTML Code Generator fr\u00e5n sk\u00e4rmdumpar<\/a><\/strong><\/td><td>HTML-kod exempel, handledning<\/td><td>Helt\u00e4ckande, gratis<\/td><td>Grundl\u00e4ggande funktioner<\/td><td><a href=\"https:\/\/aiartfree.online\/sv\/html-kodgenerator\/\">https:\/\/aiartfree.online\/html-code-generator<\/a><\/td><\/tr><tr><td>Kod Beautify<\/td><td>HTML-visningsprogram, Minifierare<\/td><td>Enkel att anv\u00e4nda, snabb<\/td><td>Annonser n\u00e4rvarande<\/td><td>codebeautify.org<\/td><\/tr><tr><td>HTML online<\/td><td>HTML-redigerare, Cleaner<\/td><td>Anv\u00e4ndarv\u00e4nlig, gratis<\/td><td>Begr\u00e4nsad anpassning<\/td><td>html-reng\u00f6rare.com<\/td><\/tr><tr><td>HTML-kodgenerator<\/td><td>Text till HTML, tabellgenerator<\/td><td>Effektivt, ingen registrering<\/td><td>Grundl\u00e4ggande design<\/td><td>html-kod-generator.com<\/td><\/tr><tr><td>Pinjev\u00e4xt<\/td><td>Visuell HTML-redigerare<\/td><td>Professionella funktioner<\/td><td>Dyrt<\/td><td>pinegrow.com<\/td><\/tr><tr><td>HTML5-redigerare<\/td><td>HTML-redigerare online<\/td><td>Gratis, ingen registrering<\/td><td>Annonser n\u00e4rvarande<\/td><td>html5-editor.net<\/td><\/tr><tr><td>Quackit<\/td><td>Handledning och exempel p\u00e5 HTML-kod<\/td><td>Utbildning, Gratis<\/td><td>Grundl\u00e4ggande funktioner<\/td><td>quackit.com<\/td><\/tr><tr><td>Fri formattering<\/td><td>HTML-formaterare, f\u00f6rsk\u00f6nare<\/td><td>Snabbt, gratis<\/td><td>Annonser n\u00e4rvarande<\/td><td>friformatter.com<\/td><\/tr><tr><td>JSFiddle<\/td><td>Online-redigerare, HTML, CSS, JS<\/td><td>Samarbetsinriktad, m\u00e5ngsidig<\/td><td>Kr\u00e4ver inloggning<\/td><td>jsfiddle.net<\/td><\/tr><tr><td>HTML-tabellgenerator<\/td><td>Tabellskapare, anpassning<\/td><td>L\u00e4tt att anv\u00e4nda, gratis<\/td><td>Begr\u00e4nsade funktioner<\/td><td>rapidtables.com<\/td><\/tr><\/tbody><\/table><\/figure>\n\n\n\n<h3 class=\"wp-block-heading\">F\u00f6r- och nackdelar med branschen f\u00f6r generering av HTML-kod<\/h3>\n\n\n\n<h4 class=\"wp-block-heading\">F\u00f6rdelar:<\/h4>\n\n\n\n<ul class=\"wp-block-list\">\n<li class=\"\"><strong>Tillg\u00e4nglighet<\/strong>: Verktygen \u00e4r gratis tillg\u00e4ngliga online.<\/li>\n\n\n\n<li class=\"\"><strong>Tidsbesparande<\/strong>: Snabbar upp kodningsprocessen.<\/li>\n\n\n\n<li class=\"\"><strong>Anv\u00e4ndarv\u00e4nlig<\/strong>: L\u00e4mplig f\u00f6r b\u00e5de nyb\u00f6rjare och proffs.<\/li>\n<\/ul>\n\n\n\n<h4 class=\"wp-block-heading\">Nackdelar:<\/h4>\n\n\n\n<ul class=\"wp-block-list\">\n<li class=\"\"><strong>Gr\u00e4nser f\u00f6r kundanpassning<\/strong>: Vissa verktyg erbjuder begr\u00e4nsad anpassning.<\/li>\n\n\n\n<li class=\"\"><strong>Beroende av Internet<\/strong>: Kr\u00e4ver en internetanslutning.<\/li>\n\n\n\n<li class=\"\"><strong>Inl\u00e4rningskurva<\/strong>: Vissa avancerade funktioner kan kr\u00e4va inl\u00e4rning.<\/li>\n<\/ul>\n\n\n\n<h4 class=\"wp-block-heading\">F\u00f6rdelar och utmaningar:<\/h4>\n\n\n\n<ul class=\"wp-block-list\">\n<li class=\"\"><strong>F\u00f6rdelar<\/strong>: Effektivitet, noggrannhet, m\u00e5ngsidighet.<\/li>\n\n\n\n<li class=\"\"><strong>Utmaningar<\/strong>: Anpassning, internetberoende, inl\u00e4rningskrav.<\/li>\n<\/ul>\n\n\n\n<h4 class=\"wp-block-heading\">Rekommendationer:<\/h4>\n\n\n\n<ul class=\"wp-block-list\">\n<li class=\"\">Anv\u00e4nd v\u00e4lrenommerade verktyg med starkt st\u00f6d.<\/li>\n\n\n\n<li class=\"\">Kombinera med manuell kodning f\u00f6r mer komplexa uppgifter.<\/li>\n\n\n\n<li class=\"\">Uppdatera regelbundet dina kunskaper om nya verktyg och funktioner.<\/li>\n<\/ul>\n\n\n\n<h3 class=\"wp-block-heading\">VANLIGA FR\u00c5GOR<\/h3>\n\n\n\n<ol class=\"wp-block-list\">\n<li class=\"\"><strong>Hur genererar jag HTML-kod fr\u00e5n sk\u00e4rmdumpar?<\/strong>\n<ul class=\"wp-block-list\">\n<li class=\"\">Anv\u00e4nd v\u00e5rt rekommenderade verktyg: <a href=\"https:\/\/aiartfree.online\/sv\/html-kodgenerator\/\">HTML-kodgenerator<\/a><\/li>\n<\/ul>\n<\/li>\n\n\n\n<li class=\"\"><strong>Kan Adobe XD generera HTML-kod?<\/strong>\n<ul class=\"wp-block-list\">\n<li class=\"\">Adobe XD genererar inte HTML-kod direkt.<\/li>\n<\/ul>\n<\/li>\n\n\n\n<li class=\"\"><strong>Hur genererar man automatiskt HTML-kod i VSCode?<\/strong>\n<ul class=\"wp-block-list\">\n<li class=\"\">Anv\u00e4nd till\u00e4gg som Emmet.<\/li>\n<\/ul>\n<\/li>\n\n\n\n<li class=\"\"><strong>Hur genererar jag HTML-kod?<\/strong>\n<ul class=\"wp-block-list\">\n<li class=\"\">Anv\u00e4nd v\u00e5rt rekommenderade verktyg: <a href=\"https:\/\/aiartfree.online\/sv\/html-kodgenerator\/\">HTML-kodgenerator<\/a><\/li>\n<\/ul>\n<\/li>\n\n\n\n<li class=\"\"><strong>Hur genererar jag HTML-kod fr\u00e5n en bild?<\/strong>\n<ul class=\"wp-block-list\">\n<li class=\"\">Anv\u00e4nd v\u00e5rt rekommenderade verktyg: <a href=\"https:\/\/aiartfree.online\/sv\/html-kodgenerator\/\">HTML-kodgenerator<\/a><\/li>\n<\/ul>\n<\/li>\n\n\n\n<li class=\"\"><strong>Finns det en gratis HTML-kodgenerator?<\/strong>\n<ul class=\"wp-block-list\">\n<li class=\"\">Ja, m\u00e5nga verktyg \u00e4r 100% gratis och obegr\u00e4nsade.<\/li>\n<\/ul>\n<\/li>\n\n\n\n<li class=\"\"><strong>Kan jag generera HTML-kod utan att registrera mig?<\/strong>\n<ul class=\"wp-block-list\">\n<li class=\"\">Ja, v\u00e5rt verktyg kr\u00e4ver ingen registrering.<\/li>\n<\/ul>\n<\/li>\n\n\n\n<li class=\"\"><strong>Vilken \u00e4r den b\u00e4sta HTML-kodgeneratorn?<\/strong>\n<ul class=\"wp-block-list\">\n<li class=\"\">V\u00e5rt verktyg rekommenderas varmt f\u00f6r sina funktioner och sin anv\u00e4ndarv\u00e4nlighet.<\/li>\n<\/ul>\n<\/li>\n\n\n\n<li class=\"\"><strong>Hur skapar jag en tabell i HTML p\u00e5 ett enkelt s\u00e4tt?<\/strong>\n<ul class=\"wp-block-list\">\n<li class=\"\">Anv\u00e4nd ett verktyg f\u00f6r att skapa HTML-tabeller.<\/li>\n<\/ul>\n<\/li>\n\n\n\n<li class=\"\"><strong>Kan jag generera HTML-kod f\u00f6r text?<\/strong><\/li>\n<\/ol>\n\n\n\n<ul class=\"wp-block-list\">\n<li class=\"\">Ja, anv\u00e4nd v\u00e5r HTML-textgenerator.<\/li>\n<\/ul>\n\n\n\n<h3 class=\"wp-block-heading\">Sammanfattning<\/h3>\n\n\n\n<h4 class=\"wp-block-heading\">Huvudsakliga f\u00f6rdelar:<\/h4>\n\n\n\n<ul class=\"wp-block-list\">\n<li class=\"\"><strong>Effektivitet<\/strong>: Snabbar upp kodningsprocessen.<\/li>\n\n\n\n<li class=\"\"><strong>Anv\u00e4ndarv\u00e4nlig<\/strong>: L\u00e4mplig f\u00f6r alla kunskapsniv\u00e5er.<\/li>\n\n\n\n<li class=\"\"><strong>M\u00e5ngsidighet<\/strong>: Genererar olika HTML-element.<\/li>\n<\/ul>\n\n\n\n<p class=\"\">B\u00f6rja anv\u00e4nda v\u00e5r <a href=\"https:\/\/aiartfree.online\/sv\/html-kodgenerator\/\">HTML-kodgenerator<\/a> idag f\u00f6r att skapa HTML-kod utan anstr\u00e4ngning och f\u00f6rb\u00e4ttra dina webbutvecklingsprojekt.<\/p>\n\n\n\n<p class=\"\">Om du har n\u00e5gra ytterligare fr\u00e5gor kan du st\u00e4lla dem h\u00e4r <a href=\"https:\/\/chatgpt4o.space\/\" target=\"_blank\" data-type=\"link\" data-id=\"https:\/\/chatgpt4o.space\/\" rel=\"noreferrer noopener\">gratis online Chat GPT 4o<\/a>.<br><\/p>","protected":false},"excerpt":{"rendered":"<p>Before vs After How to use the HTML Code Generator * Feel free to try our examples below if you don&#8217;t have any thoughts in your mind *&nbsp;Depending on your internet speed, loading the model may take up to 10 seconds \u2193 Efficient and User-Friendly HTML Code Generators: The Ultimate Tool for Web Development What &#8230; <a title=\"HTML-kodgenerator\" class=\"read-more\" href=\"https:\/\/aiartfree.online\/sv\/html-kodgenerator\/\" aria-label=\"L\u00e4s mer om HTML Code Generator\">L\u00e4s mer<\/a><\/p>","protected":false},"author":1,"featured_media":3427,"parent":0,"menu_order":0,"comment_status":"open","ping_status":"closed","template":"","meta":{"nf_dc_page":"","footnotes":""},"class_list":["post-3416","page","type-page","status-publish","has-post-thumbnail"],"jetpack_sharing_enabled":true,"_links":{"self":[{"href":"https:\/\/aiartfree.online\/sv\/wp-json\/wp\/v2\/pages\/3416","targetHints":{"allow":["GET"]}}],"collection":[{"href":"https:\/\/aiartfree.online\/sv\/wp-json\/wp\/v2\/pages"}],"about":[{"href":"https:\/\/aiartfree.online\/sv\/wp-json\/wp\/v2\/types\/page"}],"author":[{"embeddable":true,"href":"https:\/\/aiartfree.online\/sv\/wp-json\/wp\/v2\/users\/1"}],"replies":[{"embeddable":true,"href":"https:\/\/aiartfree.online\/sv\/wp-json\/wp\/v2\/comments?post=3416"}],"version-history":[{"count":0,"href":"https:\/\/aiartfree.online\/sv\/wp-json\/wp\/v2\/pages\/3416\/revisions"}],"wp:featuredmedia":[{"embeddable":true,"href":"https:\/\/aiartfree.online\/sv\/wp-json\/wp\/v2\/media\/3427"}],"wp:attachment":[{"href":"https:\/\/aiartfree.online\/sv\/wp-json\/wp\/v2\/media?parent=3416"}],"curies":[{"name":"wp","href":"https:\/\/api.w.org\/{rel}","templated":true}]}}