{"id":3412,"date":"2024-08-01T08:56:22","date_gmt":"2024-08-01T08:56:22","guid":{"rendered":"https:\/\/aiartfree.online\/?page_id=3412"},"modified":"2024-08-01T09:11:21","modified_gmt":"2024-08-01T09:11:21","slug":"speech-to-text","status":"publish","type":"page","link":"https:\/\/aiartfree.online\/sv\/tal-till-text\/","title":{"rendered":"Tal till text"},"content":{"rendered":"<h2 class=\"wp-block-heading\">S\u00e5 h\u00e4r anv\u00e4nder du funktionen Tal till text<\/h2>\n\n\n\n<ol class=\"wp-block-list\">\n<li class=\"\">Ladda upp din ljudfil, v\u00e4nta en sekund<\/li>\n\n\n\n<li class=\"\">Klicka p\u00e5 \"Transkribera ljud\"<\/li>\n\n\n\n<li class=\"\">V\u00e4nta, det var det!<\/li>\n<\/ol>\n\n\n\n<p class=\"\">* Posten \u00e4r f\u00f6r n\u00e4rvarande inte tillg\u00e4nglig<\/p>\n\n\n\n<p class=\"\"><em>* Beroende p\u00e5 din internethastighet kan laddningen av modellen ta <\/em>upp till 10 sekunder \u2193<\/p>\n\n\n\n<div style=\"text-align: center; border: 2px solid; border-image-source: linear-gradient(to right, #16b86c, #912899); border-image-slice: 1; box-shadow: 0 0 10px rgba(0, 0, 0, 0.1); border-radius: 15px; position: relative;\">\n  <div class=\"loading\" style=\"position: absolute; top: 100px; left: 50%; transform: translate(-50%, -50%); width: 40px; height: 40px; border: 3px solid #f0f0f0; border-top: 3px solid #16b86c; border-radius: 50%; animation: spin 1s linear infinite;\"><\/div>\n  <iframe loading=\"lazy\"\n    src=\"https:\/\/xenova-whisper-web.static.hf.space\"\n    frameborder=\"0\"\n    width=\"100%\"\n    height=\"900\"\n    style=\"display: inline-block; margin: 0 auto; opacity: 0; transition: opacity 0.3s;\"\n    onload=\"this.style.opacity=1;this.previousElementSibling.style.display='none';\"\n  ><\/iframe>\n<\/div>\n<style>\n@keyframes spin {\n  0% { transform: translate(-50%, -50%) rotate(0deg); }\n  100% { transform: translate(-50%, -50%) rotate(360deg); }\n}\n<\/style>\n\n\n\n<div style=\"height:80px\" aria-hidden=\"true\" class=\"wp-block-spacer\"><\/div>\n\n\n\n<h2 class=\"wp-block-heading\">Den ultimata guiden till tal till text<\/h2>\n\n\n\n<h3 class=\"wp-block-heading\">Sammanfattning<\/h3>\n\n\n\n<p class=\"\">Den h\u00e4r artikeln ger en omfattande \u00f6versikt \u00f6ver tal-till-text-teknik, inklusive dess definition, f\u00f6rdelar, huvudfunktioner, m\u00e5lgrupp och anv\u00e4ndningsinstruktioner. Den belyser olika anv\u00e4ndningsfall och erbjuder en detaljerad j\u00e4mf\u00f6relse av de b\u00e4sta verktygen och information fr\u00e5n 10 relaterade webbplatser. Artikeln avslutas med en diskussion om branschens f\u00f6r- och nackdelar samt svar p\u00e5 vanliga fr\u00e5gor.<\/p>\n\n\n\n<figure class=\"wp-block-image size-large is-resized\"><img data-recalc-dims=\"1\" data-dominant-color=\"f3f5f6\" data-has-transparency=\"false\" decoding=\"async\" width=\"1024\" height=\"616\"   loading=\"lazy\" src=\"https:\/\/i0.wp.com\/aiartfree.online\/wp-content\/uploads\/2024\/08\/WX20240801-130434%402x-1-1024x616.webp?resize=1024%2C616&#038;ssl=1\" alt=\"Speech to Text, \u00e4ven k\u00e4nt som r\u00f6stigenk\u00e4nning eller taligenk\u00e4nning, \u00e4r en teknik som omvandlar talade ord till skriven text. Den utnyttjar sofistikerade algoritmer och artificiell intelligens f\u00f6r att f\u00f6rst\u00e5 och transkribera m\u00e4nskligt tal i realtid eller fr\u00e5n inspelade ljudfiler.\" class=\"wp-image-3418 not-transparent\" style=\"--dominant-color: #f3f5f6; width:691px;height:auto\" srcset=\"https:\/\/i0.wp.com\/aiartfree.online\/wp-content\/uploads\/2024\/08\/WX20240801-130434%402x-1-jpg.webp?resize=1024%2C616&amp;ssl=1 1024w, https:\/\/i0.wp.com\/aiartfree.online\/wp-content\/uploads\/2024\/08\/WX20240801-130434%402x-1-jpg.webp?resize=300%2C180&amp;ssl=1 300w, https:\/\/i0.wp.com\/aiartfree.online\/wp-content\/uploads\/2024\/08\/WX20240801-130434%402x-1-jpg.webp?resize=768%2C462&amp;ssl=1 768w, https:\/\/i0.wp.com\/aiartfree.online\/wp-content\/uploads\/2024\/08\/WX20240801-130434%402x-1-jpg.webp?resize=1536%2C923&amp;ssl=1 1536w, https:\/\/i0.wp.com\/aiartfree.online\/wp-content\/uploads\/2024\/08\/WX20240801-130434%402x-1-jpg.webp?resize=18%2C12&amp;ssl=1 18w, https:\/\/i0.wp.com\/aiartfree.online\/wp-content\/uploads\/2024\/08\/WX20240801-130434%402x-1-jpg.webp?resize=600%2C361&amp;ssl=1 600w, https:\/\/i0.wp.com\/aiartfree.online\/wp-content\/uploads\/2024\/08\/WX20240801-130434%402x-1-jpg.webp?w=1898&amp;ssl=1 1898w\" sizes=\"auto, (max-width: 1024px) 100vw, 1024px\" \/><\/figure>\n\n\n\n<h3 class=\"wp-block-heading\">Inneh\u00e5llsf\u00f6rteckning<\/h3>\n\n\n\n<ol class=\"wp-block-list\">\n<li class=\"\"><a href=\"#what-is-speech-to-text\">Vad \u00e4r tal till text?<\/a><\/li>\n\n\n\n<li class=\"\"><a href=\"#why-use-speech-to-text\">Varf\u00f6r anv\u00e4nda tal till text?<\/a><\/li>\n\n\n\n<li class=\"\"><a href=\"#main-features-of-speech-to-text\">Huvudfunktioner f\u00f6r tal till text<\/a><\/li>\n\n\n\n<li class=\"\"><a href=\"#who-should-use-speech-to-text\">Vem b\u00f6r anv\u00e4nda tal till text?<\/a><\/li>\n\n\n\n<li class=\"\"><a href=\"#how-to-use-speech-to-text\">S\u00e5 h\u00e4r anv\u00e4nder du tal till text<\/a><\/li>\n\n\n\n<li class=\"\"><a href=\"#speech-to-text-use-cases\">Anv\u00e4ndningsfall f\u00f6r tal till text<\/a><\/li>\n\n\n\n<li class=\"\"><a href=\"#top-10-tools-and-information\">Topp 10 verktyg och information<\/a><\/li>\n\n\n\n<li class=\"\"><a href=\"#industry-pros-and-cons\">Branschens f\u00f6r- och nackdelar<\/a><\/li>\n\n\n\n<li class=\"\"><a href=\"#faq\">VANLIGA FR\u00c5GOR<\/a><\/li>\n\n\n\n<li class=\"\"><a href=\"#summary\">Sammanfattning<\/a><\/li>\n<\/ol>\n\n\n\n<h2 class=\"wp-block-heading\">Vad \u00e4r tal till text?<\/h2>\n\n\n\n<p class=\"\">Speech to Text, \u00e4ven k\u00e4nt som r\u00f6stigenk\u00e4nning eller taligenk\u00e4nning, \u00e4r en teknik som omvandlar talade ord till skriven text. Den utnyttjar sofistikerade algoritmer och artificiell intelligens f\u00f6r att f\u00f6rst\u00e5 och transkribera m\u00e4nskligt tal i realtid eller fr\u00e5n inspelade ljudfiler.<\/p>\n\n\n\n<h2 class=\"wp-block-heading\">Varf\u00f6r anv\u00e4nda tal till text?<\/h2>\n\n\n\n<p class=\"\">Tal-till-text-tekniken erbjuder m\u00e5nga f\u00f6rdelar som g\u00f6r den till ett viktigt verktyg f\u00f6r olika anv\u00e4ndare och branscher. Viktiga f\u00f6rdelar inkluderar:<\/p>\n\n\n\n<ul class=\"wp-block-list\">\n<li class=\"\"><strong>Effektivitet<\/strong>: Snabbar upp processen med att skapa skriftligt inneh\u00e5ll.<\/li>\n\n\n\n<li class=\"\"><strong>Tillg\u00e4nglighet<\/strong>: Hj\u00e4lper personer med funktionsneds\u00e4ttning eller personer som f\u00f6redrar r\u00f6stinmatning.<\/li>\n\n\n\n<li class=\"\"><strong>Bekv\u00e4mlighet<\/strong>: Ger m\u00f6jlighet till handsfree-anv\u00e4ndning och multitasking.<\/li>\n\n\n\n<li class=\"\"><strong>Noggrannhet<\/strong>: Avancerade algoritmer minskar felen och f\u00f6rb\u00e4ttrar transkriptionskvaliteten.<\/li>\n\n\n\n<li class=\"\"><strong>M\u00e5ngsidighet<\/strong>: St\u00f6der flera spr\u00e5k och kan integreras med andra verktyg som Google Docs och Google Drive.<\/li>\n<\/ul>\n\n\n\n<h2 class=\"wp-block-heading\">Huvudfunktioner f\u00f6r tal till text<\/h2>\n\n\n\n<h3 class=\"wp-block-heading\">Transkription i realtid<\/h3>\n\n\n\n<p class=\"\">Omvandlar talade ord till text direkt, vilket ger omedelbar feedback och m\u00f6jligg\u00f6r s\u00f6ml\u00f6s kommunikation och dokumentation.<\/p>\n\n\n\n<h3 class=\"wp-block-heading\">Transkription av ljudfiler<\/h3>\n\n\n\n<p class=\"\">Bearbetar f\u00f6rinspelade ljudfiler, vilket g\u00f6r det enkelt att transkribera m\u00f6ten, f\u00f6rel\u00e4sningar och intervjuer.<\/p>\n\n\n\n<h3 class=\"wp-block-heading\">St\u00f6d f\u00f6r flera spr\u00e5k<\/h3>\n\n\n\n<p class=\"\">K\u00e4nner igen och transkriberar tal p\u00e5 olika spr\u00e5k och v\u00e4nder sig till en global publik.<\/p>\n\n\n\n<h3 class=\"wp-block-heading\">R\u00f6stinmatning och r\u00f6ststyrning<\/h3>\n\n\n\n<p class=\"\">G\u00f6r det m\u00f6jligt f\u00f6r anv\u00e4ndare att skriva och styra sina enheter med hj\u00e4lp av r\u00f6stkommandon, vilket \u00f6kar produktiviteten och tillg\u00e4ngligheten.<\/p>\n\n\n\n<h3 class=\"wp-block-heading\">Hantering av bakgrundsljud<\/h3>\n\n\n\n<p class=\"\">Filtrerar bort bakgrundsljud f\u00f6r att f\u00f6rb\u00e4ttra noggrannheten i transkriptionerna, vilket s\u00e4kerst\u00e4ller tydlig och exakt textutmatning.<\/p>\n\n\n\n<h2 class=\"wp-block-heading\">Vem b\u00f6r anv\u00e4nda tal till text?<\/h2>\n\n\n\n<h3 class=\"wp-block-heading\">Individer med funktionsneds\u00e4ttning<\/h3>\n\n\n\n<p class=\"\">Ett v\u00e4rdefullt verktyg f\u00f6r personer med fysiska begr\u00e4nsningar som g\u00f6r det m\u00f6jligt f\u00f6r dem att interagera med teknik genom r\u00f6stkommandon.<\/p>\n\n\n\n<h3 class=\"wp-block-heading\">Yrkesverksamma och studenter<\/h3>\n\n\n\n<p class=\"\">Perfekt f\u00f6r att skapa dokument, g\u00f6ra anteckningar och transkribera m\u00f6ten eller f\u00f6rel\u00e4sningar snabbt och exakt.<\/p>\n\n\n\n<h3 class=\"wp-block-heading\">Skapare av inneh\u00e5ll<\/h3>\n\n\n\n<p class=\"\">F\u00f6rb\u00e4ttrar effektiviteten i skapandet av inneh\u00e5ll genom att omvandla talade id\u00e9er till text, vilket sparar tid och anstr\u00e4ngning.<\/p>\n\n\n\n<h3 class=\"wp-block-heading\">Flerspr\u00e5kiga anv\u00e4ndare<\/h3>\n\n\n\n<p class=\"\">Hj\u00e4lper anv\u00e4ndare som beh\u00f6ver transkribera tal p\u00e5 olika spr\u00e5k, vilket underl\u00e4ttar kommunikation och dokumentation \u00f6ver spr\u00e5kliga barri\u00e4rer.<\/p>\n\n\n\n<h2 class=\"wp-block-heading\">S\u00e5 h\u00e4r anv\u00e4nder du tal till text<\/h2>\n\n\n\n<h3 class=\"wp-block-heading\">Steg-f\u00f6r-steg-instruktioner<\/h3>\n\n\n\n<ol class=\"wp-block-list\">\n<li class=\"\"><strong>V\u00e4lj ett verktyg<\/strong>: V\u00e4lj ett p\u00e5litligt tal-till-text-verktyg som <a href=\"https:\/\/aiartfree.online\/sv\/tal-till-text\/\">aiartfree.online<\/a>.<\/li>\n\n\n\n<li class=\"\"><strong>\u00d6ppna applikationen<\/strong>: \u00d6ppna webbappen p\u00e5 din enhet.<\/li>\n\n\n\n<li class=\"\"><strong>Tryck p\u00e5 mikrofonen<\/strong>: Aktivera mikrofonen f\u00f6r att starta inspelningen.<\/li>\n\n\n\n<li class=\"\"><strong>Tala klart och tydligt<\/strong>: Se till att du talar tydligt och undvik bakgrundsljud.<\/li>\n\n\n\n<li class=\"\"><strong>Redigera och spara<\/strong>: Granska transkriptionen f\u00f6r att se om den \u00e4r korrekt, g\u00f6r n\u00f6dv\u00e4ndiga \u00e4ndringar och spara dokumentet.<\/li>\n<\/ol>\n\n\n\n<h2 class=\"wp-block-heading\">Anv\u00e4ndningsfall f\u00f6r tal till text<\/h2>\n\n\n\n<h3 class=\"wp-block-heading\">Akademisk transkription<\/h3>\n\n\n\n<p class=\"\">Studenter och l\u00e4rare kan transkribera f\u00f6rel\u00e4sningar och forskningsintervjuer f\u00f6r enkel referens och studier.<\/p>\n\n\n\n<h3 class=\"wp-block-heading\">Aff\u00e4rsm\u00f6ten<\/h3>\n\n\n\n<p class=\"\">Professionella kan transkribera m\u00f6ten, brainstormingsessioner och konferenser f\u00f6r korrekt registrering och delning.<\/p>\n\n\n\n<h3 class=\"wp-block-heading\">Skapande av inneh\u00e5ll<\/h3>\n\n\n\n<p class=\"\">F\u00f6rfattare och bloggare kan diktera sina id\u00e9er och sitt inneh\u00e5ll, vilket p\u00e5skyndar skrivprocessen.<\/p>\n\n\n\n<h3 class=\"wp-block-heading\">Tillg\u00e4nglighet<\/h3>\n\n\n\n<p class=\"\">Personer med funktionsneds\u00e4ttning kan anv\u00e4nda tal-till-text f\u00f6r att l\u00e4ttare kunna interagera med tekniken och skapa dokument utan att beh\u00f6va skriva.<\/p>\n\n\n\n<h3 class=\"wp-block-heading\">Kundservice<\/h3>\n\n\n\n<p class=\"\">F\u00f6retag kan transkribera kundsamtal f\u00f6r kvalitetskontroll och utbildnings\u00e4ndam\u00e5l.<\/p>\n\n\n\n<h2 class=\"wp-block-heading\">Topp 10 verktyg och information<\/h2>\n\n\n\n<figure class=\"wp-block-table\"><table class=\"has-fixed-layout\"><thead><tr><th>Verktyg\/webbplats<\/th><th>Funktioner<\/th><th>F\u00f6rdelar<\/th><th>Utmaningar<\/th><th>Rekommendationer<\/th><\/tr><\/thead><tbody><tr><td><a>Google Docs r\u00f6sttypning<\/a><\/td><td>Integration med Google Docs, transkribering i realtid<\/td><td>Enkel att anv\u00e4nda, ingen registrering kr\u00e4vs<\/td><td>Kr\u00e4ver internetanslutning<\/td><td>Perfekt f\u00f6r anv\u00e4ndare av Google Drive<\/td><\/tr><tr><td><a href=\"https:\/\/otter.ai\/\" target=\"_blank\" rel=\"noopener\">Otter.ai<\/a><\/td><td>Avancerad AI, transkribering i realtid<\/td><td>St\u00f6d f\u00f6r flera spr\u00e5k, funktioner f\u00f6r samarbete<\/td><td>Begr\u00e4nsad gratisversion<\/td><td>B\u00e4st f\u00f6r samarbete i team<\/td><\/tr><tr><td><a href=\"https:\/\/www.rev.com\/\" target=\"_blank\" rel=\"noopener\">Rev.com<\/a><\/td><td>M\u00e4nskliga transkriptionstj\u00e4nster<\/td><td>H\u00f6g noggrannhet, snabb leverans<\/td><td>Betald tj\u00e4nst<\/td><td>L\u00e4mplig f\u00f6r h\u00f6gkvalitativa transkriptioner<\/td><\/tr><tr><td><a href=\"https:\/\/www.temi.com\/\" target=\"_blank\" rel=\"noopener\">Temi.com<\/a><\/td><td>Automatiserad transkribering<\/td><td>Prisv\u00e4rd, snabb<\/td><td>L\u00e4gre noggrannhet \u00e4n m\u00e4nskliga tj\u00e4nster<\/td><td>Bra f\u00f6r snabba, billiga transkriptioner<\/td><\/tr><tr><td><a href=\"https:\/\/www.descript.com\/\" target=\"_blank\" rel=\"noopener\">Descript<\/a><\/td><td>Ljud- och videotranskription, redigeringsfunktioner<\/td><td>Integreras med redigeringsprogram, exakt<\/td><td>Kr\u00e4ver prenumeration<\/td><td>Perfekt f\u00f6r podcastare och videoredigerare<\/td><\/tr><tr><td><a href=\"https:\/\/www.trint.com\/\" target=\"_blank\" rel=\"noopener\">Trint<\/a><\/td><td>AI-transkription, redigeringsverktyg<\/td><td>H\u00f6g noggrannhet, enkel att anv\u00e4nda<\/td><td>Begr\u00e4nsad gratisversion<\/td><td>B\u00e4st f\u00f6r journalister och forskare<\/td><\/tr><tr><td><a href=\"https:\/\/sonix.ai\/\" target=\"_blank\" rel=\"noopener\">Sonix.ai<\/a><\/td><td>Automatiserad transkribering, st\u00f6d f\u00f6r flera spr\u00e5k<\/td><td>Exakt, snabb<\/td><td>Prenumeration kr\u00e4vs<\/td><td>Perfekt f\u00f6r flerspr\u00e5kiga anv\u00e4ndare<\/td><\/tr><tr><td><a href=\"https:\/\/www.speechtexter.com\/\" target=\"_blank\" rel=\"noopener\">SpeechTexter<\/a><\/td><td>Transkription i realtid, st\u00f6d f\u00f6r m\u00e5nga spr\u00e5k<\/td><td>Gratis, ingen registrering kr\u00e4vs<\/td><td>Internetanslutning kr\u00e4vs<\/td><td>B\u00e4st f\u00f6r tillf\u00e4lliga anv\u00e4ndare<\/td><\/tr><tr><td><a>Nuance Dragon<\/a><\/td><td>Professionell programvara f\u00f6r transkription<\/td><td>Mycket exakt, anpassningsbar<\/td><td>Dyrt<\/td><td>L\u00e4mplig f\u00f6r professionell anv\u00e4ndning<\/td><\/tr><tr><td><a href=\"https:\/\/azure.microsoft.com\/en-us\/services\/cognitive-services\/speech-to-text\/\" target=\"_blank\" rel=\"noopener\">Microsoft Azure Tal<\/a><\/td><td>Molnbaserad, skalbar<\/td><td>H\u00f6g precision, integreras med andra Microsoft-tj\u00e4nster<\/td><td>Kr\u00e4ver teknisk kunskap<\/td><td>B\u00e4st f\u00f6r f\u00f6retagsl\u00f6sningar<\/td><\/tr><\/tbody><\/table><\/figure>\n\n\n\n<h2 class=\"wp-block-heading\">Branschens f\u00f6r- och nackdelar<\/h2>\n\n\n\n<h3 class=\"wp-block-heading\">Proffs<\/h3>\n\n\n\n<ul class=\"wp-block-list\">\n<li class=\"\"><strong>Effektivitet<\/strong>: Snabbar upp transkriberingsprocessen.<\/li>\n\n\n\n<li class=\"\"><strong>Tillg\u00e4nglighet<\/strong>: G\u00f6r tekniken mer tillg\u00e4nglig f\u00f6r personer med funktionsneds\u00e4ttning.<\/li>\n\n\n\n<li class=\"\"><strong>Flerspr\u00e5kigt st\u00f6d<\/strong>: Underl\u00e4ttar kommunikation p\u00e5 flera spr\u00e5k.<\/li>\n<\/ul>\n\n\n\n<h3 class=\"wp-block-heading\">Nackdelar<\/h3>\n\n\n\n<ul class=\"wp-block-list\">\n<li class=\"\"><strong>Noggrannhet<\/strong>: Kan ha sv\u00e5rt att hantera accenter och bakgrundsljud.<\/li>\n\n\n\n<li class=\"\"><strong>Integritet<\/strong>: Oro \u00f6ver s\u00e4kerheten f\u00f6r transkriberade data.<\/li>\n\n\n\n<li class=\"\"><strong>Kostnad<\/strong>: Vissa h\u00f6gkvalitativa verktyg kr\u00e4ver prenumerationer eller avgifter.<\/li>\n<\/ul>\n\n\n\n<h2 class=\"wp-block-heading\">VANLIGA FR\u00c5GOR<\/h2>\n\n\n\n<h3 class=\"wp-block-heading\">Vad \u00e4r det b\u00e4sta gratis tal-till-text-verktyget?<\/h3>\n\n\n\n<p class=\"\">Det b\u00e4sta gratisverktyget \u00e4r <a>Google Docs r\u00f6sttypning<\/a>som erbjuder enkel integration och ingen registrering kr\u00e4vs.<\/p>\n\n\n\n<h3 class=\"wp-block-heading\">Hur exakt \u00e4r programvara f\u00f6r tal-till-text?<\/h3>\n\n\n\n<p class=\"\">Noggrannheten varierar beroende p\u00e5 verktyg, men avancerade AI-modeller som de som anv\u00e4nds av Otter.ai och Rev.com ger h\u00f6g noggrannhet.<\/p>\n\n\n\n<h3 class=\"wp-block-heading\">Kan tal-till-text hantera flera spr\u00e5k?<\/h3>\n\n\n\n<p class=\"\">Ja, m\u00e5nga verktyg st\u00f6der flera spr\u00e5k, till exempel Otter.ai och Sonix.ai.<\/p>\n\n\n\n<h3 class=\"wp-block-heading\">\u00c4r tal-till-text s\u00e4kert?<\/h3>\n\n\n\n<p class=\"\">De flesta v\u00e4lrenommerade verktyg har starka s\u00e4kerhets\u00e5tg\u00e4rder, men l\u00e4s alltid igenom deras integritetspolicy.<\/p>\n\n\n\n<h3 class=\"wp-block-heading\">Kan jag anv\u00e4nda tal-till-text offline?<\/h3>\n\n\n\n<p class=\"\">Vissa verktyg erbjuder offlinefunktioner, men de flesta kr\u00e4ver en internetanslutning f\u00f6r bearbetning i realtid.<\/p>\n\n\n\n<h3 class=\"wp-block-heading\">Hur f\u00f6rb\u00e4ttrar jag noggrannheten i transkriberingen?<\/h3>\n\n\n\n<p class=\"\">Tala tydligt, minimera bakgrundsljud och anv\u00e4nd en mikrofon av h\u00f6g kvalitet.<\/p>\n\n\n\n<h3 class=\"wp-block-heading\">Finns det appar f\u00f6r tal-till-text i mobilen?<\/h3>\n\n\n\n<p class=\"\">Ja, m\u00e5nga verktyg som Google Docs Voice Typing och Otter.ai erbjuder mobilappar.<\/p>\n\n\n\n<h3 class=\"wp-block-heading\">Kan jag redigera den transkriberade texten?<\/h3>\n\n\n\n<p class=\"\">Ja, de flesta verktyg l\u00e5ter dig redigera transkriptionen s\u00e5 att den blir korrekt.<\/p>\n\n\n\n<h3 class=\"wp-block-heading\">Vilka \u00e4r de viktigaste anv\u00e4ndningsomr\u00e5dena f\u00f6r tal-till-text?<\/h3>\n\n\n\n<p class=\"\">Vanliga anv\u00e4ndningsomr\u00e5den \u00e4r akademisk transkribering, aff\u00e4rsm\u00f6ten, skapande av inneh\u00e5ll, tillg\u00e4nglighet och kundservice.<\/p>\n\n\n\n<h3 class=\"wp-block-heading\">Hur integrerar jag tal-till-text med andra verktyg?<\/h3>\n\n\n\n<p class=\"\">M\u00e5nga verktyg erbjuder integrationer med plattformar som Google Drive, Microsoft Office och olika redigeringsprogram.<\/p>\n\n\n\n<h2 class=\"wp-block-heading\">Sammanfattning<\/h2>\n\n\n\n<p class=\"\">Tal-till-text-teknik erbjuder m\u00e5nga f\u00f6rdelar, bland annat \u00f6kad effektivitet, f\u00f6rb\u00e4ttrad tillg\u00e4nglighet och m\u00e5ngsidigt spr\u00e5kst\u00f6d. Verktyg som <a href=\"https:\/\/aiartfree.online\/sv\/tal-till-text\/\">aiartfree.online<\/a> och Google Docs Voice Typing erbjuder tillf\u00f6rlitliga och anv\u00e4ndarv\u00e4nliga alternativ. Oavsett om det \u00e4r f\u00f6r professionellt, akademiskt eller personligt bruk kan tal-till-text effektivisera uppgifter och f\u00f6rb\u00e4ttra produktiviteten. Prova dessa verktyg redan idag och upplev hur enkelt det \u00e4r att omvandla talade ord till skriven text!<\/p>","protected":false},"excerpt":{"rendered":"<p>How to use the Speech to Text * Record is currently not available *\u00a0Depending on your internet speed, loading the model may take up to 10 seconds \u2193 The Ultimate Guide to Speech to Text Summary Outline This article provides a comprehensive overview of speech-to-text technology, including its definition, advantages, main features, target audience, and &#8230; <a title=\"Tal till text\" class=\"read-more\" href=\"https:\/\/aiartfree.online\/sv\/tal-till-text\/\" aria-label=\"L\u00e4s mer om Speech to Text\">L\u00e4s mer<\/a><\/p>","protected":false},"author":1,"featured_media":3418,"parent":0,"menu_order":0,"comment_status":"closed","ping_status":"closed","template":"","meta":{"nf_dc_page":"","footnotes":""},"class_list":["post-3412","page","type-page","status-publish","has-post-thumbnail"],"jetpack_sharing_enabled":true,"_links":{"self":[{"href":"https:\/\/aiartfree.online\/sv\/wp-json\/wp\/v2\/pages\/3412","targetHints":{"allow":["GET"]}}],"collection":[{"href":"https:\/\/aiartfree.online\/sv\/wp-json\/wp\/v2\/pages"}],"about":[{"href":"https:\/\/aiartfree.online\/sv\/wp-json\/wp\/v2\/types\/page"}],"author":[{"embeddable":true,"href":"https:\/\/aiartfree.online\/sv\/wp-json\/wp\/v2\/users\/1"}],"replies":[{"embeddable":true,"href":"https:\/\/aiartfree.online\/sv\/wp-json\/wp\/v2\/comments?post=3412"}],"version-history":[{"count":0,"href":"https:\/\/aiartfree.online\/sv\/wp-json\/wp\/v2\/pages\/3412\/revisions"}],"wp:featuredmedia":[{"embeddable":true,"href":"https:\/\/aiartfree.online\/sv\/wp-json\/wp\/v2\/media\/3418"}],"wp:attachment":[{"href":"https:\/\/aiartfree.online\/sv\/wp-json\/wp\/v2\/media?parent=3412"}],"curies":[{"name":"wp","href":"https:\/\/api.w.org\/{rel}","templated":true}]}}