{"id":3366,"date":"2024-07-31T07:54:51","date_gmt":"2024-07-31T07:54:51","guid":{"rendered":"https:\/\/aiartfree.online\/?page_id=3366"},"modified":"2024-08-02T10:41:37","modified_gmt":"2024-08-02T10:41:37","slug":"ai-background-generator","status":"publish","type":"page","link":"https:\/\/aiartfree.online\/sv\/ai-bakgrundsgenerator\/","title":{"rendered":"AI-bakgrundsgenerator"},"content":{"rendered":"<h2 class=\"wp-block-heading has-text-align-center\" id=\"before-vs-after\">F\u00f6re vs efter<\/h2>\n\n\n\n<figure class=\"gb-block-image gb-block-image-1822da1f\"><img data-recalc-dims=\"1\" decoding=\"async\" loading=\"lazy\" width=\"1200\" height=\"423\" class=\"gb-image gb-image-1822da1f\" src=\"https:\/\/i0.wp.com\/aiartfree.online\/wp-content\/uploads\/2024\/07\/WX20240731-145349%402x-scaled.webp?resize=1200%2C423&#038;ssl=1\" alt=\"AI-bakgrundsgenerator | Gratis bakgrundsv\u00e4xlare, obegr\u00e4nsad\" title=\"WX20240731-145349@2x\" srcset=\"https:\/\/i0.wp.com\/aiartfree.online\/wp-content\/uploads\/2024\/07\/WX20240731-145349%402x-scaled.webp?w=2560&amp;ssl=1 2560w, https:\/\/i0.wp.com\/aiartfree.online\/wp-content\/uploads\/2024\/07\/WX20240731-145349%402x-scaled.webp?resize=300%2C106&amp;ssl=1 300w, https:\/\/i0.wp.com\/aiartfree.online\/wp-content\/uploads\/2024\/07\/WX20240731-145349%402x-scaled.webp?resize=1024%2C361&amp;ssl=1 1024w, https:\/\/i0.wp.com\/aiartfree.online\/wp-content\/uploads\/2024\/07\/WX20240731-145349%402x-scaled.webp?resize=768%2C271&amp;ssl=1 768w, https:\/\/i0.wp.com\/aiartfree.online\/wp-content\/uploads\/2024\/07\/WX20240731-145349%402x-scaled.webp?resize=1536%2C541&amp;ssl=1 1536w, https:\/\/i0.wp.com\/aiartfree.online\/wp-content\/uploads\/2024\/07\/WX20240731-145349%402x-scaled.webp?resize=2048%2C721&amp;ssl=1 2048w, https:\/\/i0.wp.com\/aiartfree.online\/wp-content\/uploads\/2024\/07\/WX20240731-145349%402x-scaled.webp?resize=18%2C6&amp;ssl=1 18w, https:\/\/i0.wp.com\/aiartfree.online\/wp-content\/uploads\/2024\/07\/WX20240731-145349%402x-scaled.webp?resize=600%2C211&amp;ssl=1 600w, https:\/\/i0.wp.com\/aiartfree.online\/wp-content\/uploads\/2024\/07\/WX20240731-145349%402x-scaled.webp?w=2400&amp;ssl=1 2400w\" sizes=\"auto, (max-width: 1200px) 100vw, 1200px\" \/><\/figure>\n\n\n\n<h2 class=\"wp-block-heading\" id=\"how-to-use-the-ai-background-generator\">S\u00e5 h\u00e4r anv\u00e4nder du AI-bakgrundsgeneratorn<\/h2>\n\n\n\n<ol class=\"wp-block-list\">\n<li class=\"\">Sl\u00e4pp eller ladda upp din bild<\/li>\n\n\n\n<li class=\"\">Ange din uppmaning (V\u00e4lj <strong>Ta bort bakgrund<\/strong> om din bild \u00e4r med bakgrund f\u00f6r att f\u00e5 ett b\u00e4ttre resultat)<\/li>\n\n\n\n<li class=\"\">Klicka p\u00e5 \"Generera\"<\/li>\n\n\n\n<li class=\"\">V\u00e4nta, det var det!<\/li>\n<\/ol>\n\n\n\n<p class=\"\">* Testa g\u00e4rna v\u00e5ra exempel nedan om du inte har n\u00e5gra tankar i huvudet<\/p>\n\n\n\n<p class=\"\"><em>* Beroende p\u00e5 din internethastighet kan det ta n\u00e5gra sekunder att ladda modellen.<br>* Under den kontinuerliga genereringen sker en cachning och den nya bilden visas efter ca 3 sekunder.<\/em><\/p>\n\n\n<div class=\"gb-container gb-container-968be51b\">\n\n<div class=\"iframe-wrapper\" style=\"position: relative; width: 100%; height: 2650px;\">\n  <div class=\"loading\" style=\"position: absolute; top: 100px; left: 50%; transform: translate(-50%, -50%); width: 40px; height: 40px; border: 3px solid #f0f0f0; border-top: 3px solid #db7093; border-radius: 50%; animation: spin 1s linear infinite;\"><\/div>\n  <iframe loading=\"lazy\" src=\"https:\/\/fotographerai-fai-fuzer.hf.space\" frameborder=\"0\" width=\"100%\" height=\"100%\" style=\"position: absolute; top: 0; left: 0; opacity: 0; transition: opacity 0.3s;\" onload=\"this.style.opacity=1;this.previousElementSibling.style.display='none';\"><\/iframe>\n<\/div>\n\n<style>\n@keyframes spin {\n  0% { transform: translate(-50%, -50%) rotate(0deg); }\n  100% { transform: translate(-50%, -50%) rotate(360deg); }\n}\n<\/style>\n\n<\/div>\n\n\n<div style=\"height:100px\" aria-hidden=\"true\" class=\"wp-block-spacer\"><\/div>\n\n\n\n<h2 class=\"wp-block-heading\" id=\"ai-background-generator-revolutionizing-image-creation\">AI-bakgrundsgenerator: Revolutionerande bildskapande<\/h2>\n\n\n\n<p class=\"\">I den h\u00e4r artikeln utforskar vi AI-bakgrundsgeneratorer, deras f\u00f6rdelar och hur de f\u00f6r\u00e4ndrar digitala bilder. Vi g\u00e5r igenom allt fr\u00e5n grundl\u00e4ggande begrepp till avancerade till\u00e4mpningar och hj\u00e4lper dig att f\u00f6rst\u00e5 varf\u00f6r det h\u00e4r verktyget h\u00e5ller p\u00e5 att bli oumb\u00e4rligt f\u00f6r b\u00e5de kreat\u00f6rer och f\u00f6retag.<\/p>\n\n\n\n<div class=\"wp-block-rank-math-toc-block\" id=\"rank-math-toc\"><h3>Inneh\u00e5llsf\u00f6rteckning<\/h3><nav><ul><li><a href=\"#what-is-an-ai-background-generator\">Vad \u00e4r en AI-bakgrundsgenerator?<\/a><\/li><li><a href=\"#why-use-an-ai-background-generator\">Varf\u00f6r anv\u00e4nda en AI-bakgrundsgenerator?<\/a><\/li><li><a href=\"#main-features-of-ai-background-generators\">Huvudfunktioner i AI-bakgrundsgeneratorer<\/a><ul><li><a href=\"#1-image-generation-from-text\">1. Bildgenerering fr\u00e5n text<\/a><\/li><li><a href=\"#2-style-transfer\">2. \u00d6verf\u00f6ring av stil<\/a><\/li><li><a href=\"#3-background-removal-and-replacement\">3. Borttagning och ers\u00e4ttning av bakgrund<\/a><\/li><li><a href=\"#4-resolution-enhancement\">4. F\u00f6rb\u00e4ttrad uppl\u00f6sning<\/a><\/li><\/ul><\/li><li><a href=\"#who-should-use-ai-background-generators\">Vem b\u00f6r anv\u00e4nda AI-bakgrundsgeneratorer?<\/a><\/li><li><a href=\"#industries-benefiting-from-ai-background-generators\">Industrier som drar nytta av AI-bakgrundsgeneratorer<\/a><\/li><li><a href=\"#how-to-use-an-ai-background-generator\">Hur man anv\u00e4nder en AI-bakgrundsgenerator<\/a><\/li><li><a href=\"#use-cases-for-ai-background-generators\">Anv\u00e4ndningsfall f\u00f6r AI-bakgrundsgeneratorer<\/a><ul><li><a href=\"#e-commerce-product-images\">Produktbilder f\u00f6r e-handel<\/a><\/li><li><a href=\"#social-media-content\">Inneh\u00e5ll i sociala medier<\/a><\/li><li><a href=\"#video-production\">Videoproduktion<\/a><\/li><li><a href=\"#website-design\">Webbplatsdesign<\/a><\/li><\/ul><\/li><li><a href=\"#10-ai-background-generator-tools-pros-cons-and-features\">10 AI-bakgrundsgeneratorverktyg: F\u00f6rdelar, nackdelar och funktioner<\/a><\/li><li><a href=\"#advantages-challenges-and-recommendations-for-the-ai-background-generation-industry\">F\u00f6rdelar, utmaningar och rekommendationer f\u00f6r branschen f\u00f6r generering av AI-bakgrund<\/a><ul><li><a href=\"#advantages\">F\u00f6rdelar<\/a><\/li><li><a href=\"#challenges\">Utmaningar<\/a><\/li><li><a href=\"#recommendations\">Rekommendationer<\/a><\/li><\/ul><\/li><li><a href=\"#faq\">VANLIGA FR\u00c5GOR<\/a><\/li><li><a href=\"#conclusion\">Slutsats<\/a><\/li><\/ul><\/nav><\/div>\n\n\n\n<h3 class=\"wp-block-heading\" id=\"what-is-an-ai-background-generator\">Vad \u00e4r en AI-bakgrundsgenerator?<\/h3>\n\n\n\n<p class=\"\">En AI-bakgrundsgenerator \u00e4r ett banbrytande verktyg som anv\u00e4nder artificiell intelligens f\u00f6r att skapa fantastiska, unika bakgrunder f\u00f6r olika digitala projekt. Denna teknik nr 1 g\u00f6r det m\u00f6jligt f\u00f6r anv\u00e4ndare att producera h\u00f6gkvalitativa bilder utan behov av omfattande f\u00e4rdigheter i grafisk design eller dyr programvara.<\/p>\n\n\n\n<h3 class=\"wp-block-heading\" id=\"why-use-an-ai-background-generator\">Varf\u00f6r anv\u00e4nda en AI-bakgrundsgenerator?<\/h3>\n\n\n\n<p class=\"\">Att anv\u00e4nda en AI-bakgrundsgenerator erbjuder m\u00e5nga f\u00f6rdelar:<\/p>\n\n\n\n<ol class=\"wp-block-list\">\n<li class=\"\">Tidsbesparande: Generera bakgrundsbilder p\u00e5 n\u00e5gra sekunder<\/li>\n\n\n\n<li class=\"\">Kostnadseffektivt: M\u00e5nga alternativ \u00e4r 100% gratis och obegr\u00e4nsade<\/li>\n\n\n\n<li class=\"\">M\u00e5ngsidig: Skapa bakgrunder f\u00f6r olika \u00e4ndam\u00e5l<\/li>\n\n\n\n<li class=\"\">Inga designkunskaper kr\u00e4vs: AI g\u00f6r grovjobbet<\/li>\n\n\n\n<li class=\"\">Anpassningsbar: Skr\u00e4ddarsy utdata efter dina specifika behov<\/li>\n<\/ol>\n\n\n\n<h3 class=\"wp-block-heading\" id=\"main-features-of-ai-background-generators\">Huvudfunktioner i AI-bakgrundsgeneratorer<\/h3>\n\n\n\n<h4 class=\"wp-block-heading\" id=\"1-image-generation-from-text\">1. Bildgenerering fr\u00e5n text<\/h4>\n\n\n\n<p class=\"\">AI-bakgrundsgeneratorer kan skapa bilder baserat p\u00e5 textbeskrivningar, vilket m\u00f6jligg\u00f6r otroligt specifika och anpassade resultat.<\/p>\n\n\n\n<h4 class=\"wp-block-heading\" id=\"2-style-transfer\">2. \u00d6verf\u00f6ring av stil<\/h4>\n\n\n\n<p class=\"\">Till\u00e4mpa konstn\u00e4rliga stilar p\u00e5 befintliga bilder eller skapa nya i specifika stilar, fr\u00e5n fotorealistiska till abstrakta.<\/p>\n\n\n\n<h4 class=\"wp-block-heading\" id=\"3-background-removal-and-replacement\">3. Borttagning och ers\u00e4ttning av bakgrund<\/h4>\n\n\n\n<p class=\"\">Ta enkelt bort och \u00e4ndra bakgrunden p\u00e5 foton, perfekt f\u00f6r produktbilder eller portr\u00e4tt.<\/p>\n\n\n\n<h4 class=\"wp-block-heading\" id=\"4-resolution-enhancement\">4. F\u00f6rb\u00e4ttrad uppl\u00f6sning<\/h4>\n\n\n\n<p class=\"\">Uppgradera och f\u00f6rb\u00e4ttra kvaliteten p\u00e5 befintliga bilder eller skapa h\u00f6guppl\u00f6sta bakgrunder fr\u00e5n grunden.<\/p>\n\n\n\n<h3 class=\"wp-block-heading\" id=\"who-should-use-ai-background-generators\">Vem b\u00f6r anv\u00e4nda AI-bakgrundsgeneratorer?<\/h3>\n\n\n\n<ul class=\"wp-block-list\">\n<li class=\"\">Grafiska formgivare<\/li>\n\n\n\n<li class=\"\">Marknadsf\u00f6rare f\u00f6r sociala medier<\/li>\n\n\n\n<li class=\"\">E-handelsf\u00f6retag<\/li>\n\n\n\n<li class=\"\">Spelutvecklare (t.ex. f\u00f6r dnd background generator ai)<\/li>\n\n\n\n<li class=\"\">Skapare av inneh\u00e5ll<\/li>\n\n\n\n<li class=\"\">Fotografer<\/li>\n<\/ul>\n\n\n\n<h3 class=\"wp-block-heading\" id=\"industries-benefiting-from-ai-background-generators\">Industrier som drar nytta av AI-bakgrundsgeneratorer<\/h3>\n\n\n\n<ul class=\"wp-block-list\">\n<li class=\"\">Reklam och marknadsf\u00f6ring<\/li>\n\n\n\n<li class=\"\">E-handel och produktfotografering<\/li>\n\n\n\n<li class=\"\">Spel och underh\u00e5llning<\/li>\n\n\n\n<li class=\"\">Fastigheter<\/li>\n\n\n\n<li class=\"\">Mode och livsstil<\/li>\n\n\n\n<li class=\"\">Utbildning och e-learning<\/li>\n<\/ul>\n\n\n\n<h3 class=\"wp-block-heading\" id=\"how-to-use-an-ai-background-generator\">Hur man anv\u00e4nder en AI-bakgrundsgenerator<\/h3>\n\n\n\n<ol class=\"wp-block-list\">\n<li class=\"\">V\u00e4lj ett p\u00e5litligt verktyg f\u00f6r att generera AI-bakgrund<\/li>\n\n\n\n<li class=\"\">V\u00e4lj \u00f6nskad funktion (t.ex. generera ny bild, ta bort bakgrund)<\/li>\n\n\n\n<li class=\"\">Ange textbeskrivning eller ladda upp en bild<\/li>\n\n\n\n<li class=\"\">Justera inst\u00e4llningarna efter behov<\/li>\n\n\n\n<li class=\"\">Generera bakgrunden<\/li>\n\n\n\n<li class=\"\">Ladda ner och anv\u00e4nd din nya bakgrund<\/li>\n<\/ol>\n\n\n\n<h3 class=\"wp-block-heading\" id=\"use-cases-for-ai-background-generators\">Anv\u00e4ndningsfall f\u00f6r AI-bakgrundsgeneratorer<\/h3>\n\n\n\n<h4 class=\"wp-block-heading\" id=\"e-commerce-product-images\">Produktbilder f\u00f6r e-handel<\/h4>\n\n\n\n<p class=\"\">Skapa professionella produktbilder med ai genererade vackra blombilder med suddig bakgrund eller andra l\u00e4mpliga sammanhang.<\/p>\n\n\n\n<h4 class=\"wp-block-heading\" id=\"social-media-content\">Inneh\u00e5ll i sociala medier<\/h4>\n\n\n\n<p class=\"\">Skapa i\u00f6gonfallande bakgrunder f\u00f6r inl\u00e4gg, ber\u00e4ttelser och annonser.<\/p>\n\n\n\n<h4 class=\"wp-block-heading\" id=\"video-production\">Videoproduktion<\/h4>\n\n\n\n<p class=\"\">Skapa unika bakgrunder f\u00f6r videoprojekt, virtuella kulisser eller ers\u00e4ttningar f\u00f6r green screen.<\/p>\n\n\n\n<h4 class=\"wp-block-heading\" id=\"website-design\">Webbplatsdesign<\/h4>\n\n\n\n<p class=\"\">Utveckla anpassade bakgrunder f\u00f6r webbsidor, rubriker och banners.<\/p>\n\n\n\n<h3 class=\"wp-block-heading\" id=\"10-ai-background-generator-tools-pros-cons-and-features\">10 AI-bakgrundsgeneratorverktyg: F\u00f6rdelar, nackdelar och funktioner<\/h3>\n\n\n\n<figure class=\"wp-block-table\"><table class=\"has-fixed-layout\"><thead><tr><th>Verktyg<\/th><th>Proffs<\/th><th>Nackdelar<\/th><th>Funktioner<\/th><th>URL<\/th><\/tr><\/thead><tbody><tr><td>AIArtFree<\/td><td>100% Gratis, ingen registrering, obegr\u00e4nsad anv\u00e4ndning<\/td><td>Begr\u00e4nsade avancerade funktioner<\/td><td>AI bakgrundsgenerator, Borttagning av bakgrund<\/td><td><a href=\"https:\/\/aiartfree.online\/sv\/ai-bakgrundsgenerator\/\">https:\/\/aiartfree.online\/ai-background-generator\/<\/a><\/td><\/tr><tr><td>DALL-E 2<\/td><td>H\u00f6gkvalitativa utdata, m\u00e5ngsidig<\/td><td>Avgiftsbelagd tj\u00e4nst, kr\u00e4ver OpenAI-konto<\/td><td>Text-till-bild-generering, Bildredigering<\/td><td><a href=\"https:\/\/openai.com\/dall-e-2\" target=\"_blank\" rel=\"noreferrer noopener\">https:\/\/openai.com\/dall-e-2<\/a><\/td><\/tr><tr><td>Midjourney<\/td><td>Konstn\u00e4rliga resultat, samh\u00e4llsdrivna<\/td><td>Avgiftsbelagd tj\u00e4nst, Discord-baserat gr\u00e4nssnitt<\/td><td>Generering av text-till-bild, anpassning av stil<\/td><td>https:\/\/www.midjourney.com<\/td><\/tr><tr><td>Stabil diffusion<\/td><td>\u00d6ppen k\u00e4llkod, anpassningsbar<\/td><td>Kr\u00e4ver teknisk kunskap f\u00f6r att st\u00e4lla in<\/td><td>Generering av text-till-bild, \u00f6vers\u00e4ttning av bild-till-bild<\/td><td>https:\/\/stability.ai<\/td><\/tr><tr><td>Canva<\/td><td>Anv\u00e4ndarv\u00e4nligt gr\u00e4nssnitt, integrerade designverktyg<\/td><td>Begr\u00e4nsade AI-funktioner i gratisversionen<\/td><td>Borttagning av bakgrund, bildgenerering (med Magic Studio)<\/td><td>https:\/\/www.canva.com<\/td><\/tr><tr><td>Ta bort.bg<\/td><td>Specialiserar sig p\u00e5 borttagning av bakgrund, API tillg\u00e4ngligt<\/td><td>Endast begr\u00e4nsad till borttagning av bakgrund<\/td><td>Automatisk borttagning av bakgrund, Persondetektering<\/td><td>https:\/\/www.remove.bg<\/td><\/tr><tr><td>Pixlr<\/td><td>Kostnadsfri grundversion, webbaserad<\/td><td>Avancerade funktioner kr\u00e4ver abonnemang<\/td><td>Borttagning av AI-bakgrund, Verktyg f\u00f6r bildredigering<\/td><td>https:\/\/pixlr.com<\/td><\/tr><tr><td>FotoRum<\/td><td>Mobilv\u00e4nlig, bra f\u00f6r produktbilder<\/td><td>Fullst\u00e4ndiga funktioner kr\u00e4ver prenumeration<\/td><td>Borttagning av bakgrund, borttagning av objekt, AI-bildgenerering<\/td><td>https:\/\/www.photoroom.com<\/td><\/tr><tr><td>Konstuppf\u00f6dare<\/td><td>Unika funktioner f\u00f6r bildblandning<\/td><td>Inl\u00e4rningskurva f\u00f6r b\u00e4sta resultat<\/td><td>Bildmixning, Stil\u00f6verf\u00f6ring<\/td><td>https:\/\/www.artbreeder.com<\/td><\/tr><tr><td>Fotor<\/td><td>L\u00e4tt att anv\u00e4nda, flera AI-verktyg<\/td><td>Vissa funktioner l\u00e5sta bakom betalv\u00e4gg<\/td><td>Borttagning av bakgrund, AI art generator, Fotoeffekter<\/td><td>https:\/\/www.fotor.com<\/td><\/tr><\/tbody><\/table><figcaption class=\"wp-element-caption\">Denna tabell ger en mer omfattande \u00f6versikt \u00f6ver olika AI-bakgrundsgeneratorverktyg, inklusive deras f\u00f6rdelar, nackdelar, nyckelfunktioner och webbadresser.<\/figcaption><\/figure>\n\n\n\n<h3 class=\"wp-block-heading\" id=\"advantages-challenges-and-recommendations-for-the-ai-background-generation-industry\">F\u00f6rdelar, utmaningar och rekommendationer f\u00f6r branschen f\u00f6r generering av AI-bakgrund<\/h3>\n\n\n\n<h4 class=\"wp-block-heading\" id=\"advantages\">F\u00f6rdelar<\/h4>\n\n\n\n<ul class=\"wp-block-list\">\n<li class=\"\">Snabb innovation inom AI-teknik<\/li>\n\n\n\n<li class=\"\">\u00d6kad efterfr\u00e5gan inom olika sektorer<\/li>\n\n\n\n<li class=\"\">M\u00f6jlighet till integration med andra AI-verktyg<\/li>\n<\/ul>\n\n\n\n<h4 class=\"wp-block-heading\" id=\"challenges\">Utmaningar<\/h4>\n\n\n\n<ul class=\"wp-block-list\">\n<li class=\"\">Upphovsr\u00e4tt och etiska fr\u00e5gor<\/li>\n\n\n\n<li class=\"\">S\u00e4kerst\u00e4lla bildkvalitet och enhetlighet<\/li>\n\n\n\n<li class=\"\">Balans mellan automatisering och m\u00e4nsklig kreativitet<\/li>\n<\/ul>\n\n\n\n<h4 class=\"wp-block-heading\" id=\"recommendations\">Rekommendationer<\/h4>\n\n\n\n<ul class=\"wp-block-list\">\n<li class=\"\">Fokus p\u00e5 anv\u00e4ndarv\u00e4nliga gr\u00e4nssnitt<\/li>\n\n\n\n<li class=\"\">Utveckla branschspecifika funktioner<\/li>\n\n\n\n<li class=\"\">Prioritera etiska AI-metoder och transparens<\/li>\n<\/ul>\n\n\n\n<h3 class=\"wp-block-heading\" id=\"faq\">VANLIGA FR\u00c5GOR<\/h3>\n\n\n\n<ol class=\"wp-block-list\">\n<li class=\"\">Hur genererar jag AI-bakgrund i Photoshop?<br>\u00c4ven om Photoshop erbjuder vissa AI-funktioner \u00e4r det snabbare, enklare och gratis att anv\u00e4nda ett s\u00e4rskilt verktyg som https:\/\/aiartfree.online\/ai-background-generator\/.<\/li>\n\n\n\n<li class=\"\">Hur genererar AI en bakgrund i Photoshop?<br>Ist\u00e4llet f\u00f6r att anv\u00e4nda Photoshop kan du prova v\u00e5r kostnadsfria AI-bakgrundsgenerator f\u00f6r snabbare och enklare resultat.<\/li>\n\n\n\n<li class=\"\">Hur genererar AI bakgrund?<br>Bes\u00f6k https:\/\/aiartfree.online\/ai-background-generator\/, skriv in \u00f6nskad beskrivning eller ladda upp en bild och l\u00e5t AI skapa en bakgrund \u00e5t dig.<\/li>\n\n\n\n<li class=\"\">Kan jag anv\u00e4nda AI-genererade bakgrunder kommersiellt?<br>Det beror p\u00e5 verktyget och dess anv\u00e4ndarvillkor. Kontrollera alltid licensavtalet f\u00f6re kommersiell anv\u00e4ndning.<\/li>\n\n\n\n<li class=\"\">\u00c4r AI-bakgrundsgeneratorer gratis?<br>M\u00e5nga verktyg erbjuder gratis alternativ, som v\u00e5r 100% gratis och obegr\u00e4nsad generator p\u00e5 https:\/\/aiartfree.online\/ai-background-generator\/.<\/li>\n\n\n\n<li class=\"\">Kan AI-bakgrundsgeneratorer skapa realistiska bilder?<br>Ja, m\u00e5nga AI-verktyg kan skapa mycket realistiska bakgrunder och bilder.<\/li>\n\n\n\n<li class=\"\">Hur tar jag bort bakgrunden fr\u00e5n en befintlig bild?<br>De flesta AI-bakgrundsgeneratorer erbjuder funktioner f\u00f6r borttagning av bakgrund. Ladda bara upp din bild och v\u00e4lj alternativet f\u00f6r att ta bort bakgrunden.<\/li>\n\n\n\n<li class=\"\">Kan jag skapa bakgrunder f\u00f6r specifika teman som fantasy eller sci-fi?<br>Ja, absolut! AI-generatorer kan skapa bakgrunder f\u00f6r olika teman baserat p\u00e5 dina textbeskrivningar.<\/li>\n\n\n\n<li class=\"\">Finns det n\u00e5gra begr\u00e4nsningar f\u00f6r AI-genererade bakgrunder?<br>\u00c4ven om AI-generatorer \u00e4r kraftfulla kan de ibland producera inkonsekvenser eller orealistiska element. Granska alltid resultaten och redigera dem eventuellt.<\/li>\n\n\n\n<li class=\"\">Hur kan jag se till att mina AI-genererade bakgrunder \u00e4r unika?<br>Anv\u00e4nd specifika uppmaningar, kombinera flera generationer eller l\u00e4gg till personliga detaljer f\u00f6r att g\u00f6ra dina bakgrunder helt unika.<\/li>\n<\/ol>\n\n\n\n<h3 class=\"wp-block-heading\" id=\"conclusion\">Slutsats<\/h3>\n\n\n\n<p class=\"\">AI-bakgrundsgeneratorer revolutionerar s\u00e4ttet vi skapar och manipulerar digitala bilder. Med verktyg som https:\/\/aiartfree.online\/ai-background-generator\/ som erbjuder 100% gratis, obegr\u00e4nsat och inga registreringsalternativ \u00e4r det l\u00e4ttare \u00e4n n\u00e5gonsin att producera fantastiska bilder f\u00f6r alla projekt. Oavsett om du \u00e4r en professionell designer eller en avslappnad skapare, ger AI-bakgrundsgeneratorer en tillg\u00e4nglig, effektiv och kraftfull l\u00f6sning f\u00f6r dina bildbehov. Prova en idag och upplev framtiden f\u00f6r digital kreativitet!<\/p>","protected":false},"excerpt":{"rendered":"<p>Before vs After How to use the AI Background Generator * Feel free to try our examples below if you don&#8217;t have any thoughts in your mind *&nbsp;Depending on your internet speed, loading the model may take a few seconds.* There will be caching during continuous generation, and the new image will appear after about &#8230; <a title=\"AI-bakgrundsgenerator\" class=\"read-more\" href=\"https:\/\/aiartfree.online\/sv\/ai-bakgrundsgenerator\/\" aria-label=\"L\u00e4s mer om AI Background Generator\">L\u00e4s mer<\/a><\/p>","protected":false},"author":1,"featured_media":3377,"parent":0,"menu_order":0,"comment_status":"open","ping_status":"closed","template":"","meta":{"nf_dc_page":"","footnotes":""},"class_list":["post-3366","page","type-page","status-publish","has-post-thumbnail"],"jetpack_sharing_enabled":true,"_links":{"self":[{"href":"https:\/\/aiartfree.online\/sv\/wp-json\/wp\/v2\/pages\/3366","targetHints":{"allow":["GET"]}}],"collection":[{"href":"https:\/\/aiartfree.online\/sv\/wp-json\/wp\/v2\/pages"}],"about":[{"href":"https:\/\/aiartfree.online\/sv\/wp-json\/wp\/v2\/types\/page"}],"author":[{"embeddable":true,"href":"https:\/\/aiartfree.online\/sv\/wp-json\/wp\/v2\/users\/1"}],"replies":[{"embeddable":true,"href":"https:\/\/aiartfree.online\/sv\/wp-json\/wp\/v2\/comments?post=3366"}],"version-history":[{"count":0,"href":"https:\/\/aiartfree.online\/sv\/wp-json\/wp\/v2\/pages\/3366\/revisions"}],"wp:featuredmedia":[{"embeddable":true,"href":"https:\/\/aiartfree.online\/sv\/wp-json\/wp\/v2\/media\/3377"}],"wp:attachment":[{"href":"https:\/\/aiartfree.online\/sv\/wp-json\/wp\/v2\/media?parent=3366"}],"curies":[{"name":"wp","href":"https:\/\/api.w.org\/{rel}","templated":true}]}}