{"id":3351,"date":"2024-07-30T17:07:44","date_gmt":"2024-07-30T17:07:44","guid":{"rendered":"https:\/\/aiartfree.online\/?page_id=3351"},"modified":"2024-08-16T10:09:07","modified_gmt":"2024-08-16T10:09:07","slug":"ai-voice-generator","status":"publish","type":"page","link":"https:\/\/aiartfree.online\/sv\/ai-rostgenerator\/","title":{"rendered":"AI r\u00f6stgenerator"},"content":{"rendered":"<h2 class=\"wp-block-heading\" id=\"how-to-use-the-ai-voice-generator\">S\u00e5 h\u00e4r anv\u00e4nder du AI Voice Generator<\/h2>\n\n\n\n<ol class=\"wp-block-list\">\n<li class=\"\">Skriv in din text<\/li>\n\n\n\n<li class=\"\">V\u00e4lj en r\u00f6st<\/li>\n\n\n\n<li class=\"\">Klicka p\u00e5 \"Skicka\"<\/li>\n\n\n\n<li class=\"\">V\u00e4nta, det var det!<\/li>\n<\/ol>\n\n\n\n<p class=\"\">* Testa g\u00e4rna v\u00e5ra exempel nedan om du inte har n\u00e5gra tankar i huvudet<\/p>\n\n\n\n<p class=\"\"><em>* Beroende p\u00e5 din internethastighet kan laddningen av modellen ta <\/em>upp till 10 sekunder \u2193<\/p>\n\n\n\n<div class=\"iframe-wrapper\" style=\"position: relative; width: 100%; height: 1000px;\">\n  <div class=\"loading\" style=\"position: absolute; top: 50px; left: 50%; transform: translate(-50%, -50%); width: 40px; height: 40px; border: 3px solid #f0f0f0; border-top: 3px solid #db7093; border-radius: 50%; animation: spin 1s linear infinite;\"><\/div>\n  <iframe loading=\"lazy\" src=\"https:\/\/innoai-edge-tts-text-to-speech.hf.space\" frameborder=\"0\" width=\"100%\" height=\"100%\" style=\"position: absolute; top: 0; left: 0; opacity: 0; transition: opacity 0.3s;\" onload=\"this.style.opacity=1;this.previousElementSibling.style.display='none';\"><\/iframe>\n<\/div>\n\n<style>\n@keyframes spin {\n  0% { transform: translate(-50%, -50%) rotate(0deg); }\n  100% { transform: translate(-50%, -50%) rotate(360deg); }\n}\n<\/style>\n\n\n\n<div style=\"height:80px\" aria-hidden=\"true\" class=\"wp-block-spacer\"><\/div>\n\n\n\n<h2 class=\"wp-block-heading\" id=\"the-ultimate-guide-to-ai-voice-generators\">Den ultimata guiden till AI-r\u00f6stgeneratorer<\/h2>\n\n\n\n<h3 class=\"wp-block-heading\" id=\"outline\">\u00d6versikt<\/h3>\n\n\n\n<p class=\"\">AI-r\u00f6stgeneratorer har revolutionerat v\u00e5rt s\u00e4tt att skapa ljudinneh\u00e5ll genom att erbjuda h\u00f6gkvalitativa, ultrarealistiska r\u00f6ster som l\u00e5ter som m\u00e4nskligt tal. Den h\u00e4r guiden utforskar definition, f\u00f6rdelar, funktioner, m\u00e5lgrupp, branschanv\u00e4ndning, steg-f\u00f6r-steg-instruktioner, anv\u00e4ndningsfall, verktyg, branschens f\u00f6r- och nackdelar och vanliga fr\u00e5gor om AI-r\u00f6stgeneratorer.<\/p>\n\n\n\n<figure class=\"wp-block-image size-large is-resized\"><img data-recalc-dims=\"1\" data-dominant-color=\"52455b\" data-has-transparency=\"false\" decoding=\"async\" width=\"1024\" height=\"585\"   loading=\"lazy\" src=\"https:\/\/i0.wp.com\/aiartfree.online\/wp-content\/uploads\/2024\/08\/out-0-1.webp?resize=1024%2C585&#038;ssl=1\" alt=\"Uppt\u00e4ck den b\u00e4sta AI Voice Generator p\u00e5 AIArtFree. Generera h\u00f6gkvalitativa, ultrarealistiska r\u00f6ster utan anstr\u00e4ngning f\u00f6r inneh\u00e5llsskapande och voiceovers. Ingen begr\u00e4nsning. B\u00e4sta AI-r\u00f6stgenerator - 100% Gratis, obegr\u00e4nsad, ingen registrering\" class=\"wp-image-3458 not-transparent\" style=\"--dominant-color: #52455b; width:598px;height:auto\" srcset=\"https:\/\/i0.wp.com\/aiartfree.online\/wp-content\/uploads\/2024\/08\/out-0-1.webp?resize=1024%2C585&amp;ssl=1 1024w, https:\/\/i0.wp.com\/aiartfree.online\/wp-content\/uploads\/2024\/08\/out-0-1.webp?resize=300%2C171&amp;ssl=1 300w, https:\/\/i0.wp.com\/aiartfree.online\/wp-content\/uploads\/2024\/08\/out-0-1.webp?resize=768%2C439&amp;ssl=1 768w, https:\/\/i0.wp.com\/aiartfree.online\/wp-content\/uploads\/2024\/08\/out-0-1.webp?resize=18%2C10&amp;ssl=1 18w, https:\/\/i0.wp.com\/aiartfree.online\/wp-content\/uploads\/2024\/08\/out-0-1.webp?resize=600%2C343&amp;ssl=1 600w, https:\/\/i0.wp.com\/aiartfree.online\/wp-content\/uploads\/2024\/08\/out-0-1.webp?w=1344&amp;ssl=1 1344w\" sizes=\"auto, (max-width: 1024px) 100vw, 1024px\" \/><\/figure>\n\n\n\n<div class=\"wp-block-rank-math-toc-block\" id=\"rank-math-toc\"><h3>Inneh\u00e5llsf\u00f6rteckning<\/h3><nav><ul><li><a href=\"#outline\">\u00d6versikt<\/a><\/li><li><a href=\"#what-is-an-ai-voice-generator\">Vad \u00e4r en AI-r\u00f6stgenerator?<\/a><\/li><li><a href=\"#why-use-an-ai-voice-generator\">Varf\u00f6r anv\u00e4nda en AI-r\u00f6stgenerator<\/a><\/li><li><a href=\"#main-features-of-ai-voice-generators\">Huvudfunktioner i AI-r\u00f6stgeneratorer<\/a><ul><li><a href=\"#text-to-speech-ai\">Text till tal AI<\/a><\/li><li><a href=\"#ultra-realistic-voices\">Ultra-realistiska r\u00f6ster<\/a><\/li><li><a href=\"#generative-ai\">Generativ AI<\/a><\/li><li><a href=\"#multiple-languages-and-accents\">Flera spr\u00e5k och accenter<\/a><\/li><li><a href=\"#high-quality-voiceovers\">R\u00f6ster av h\u00f6g kvalitet<\/a><\/li><\/ul><\/li><li><a href=\"#who-should-use-ai-voice-generators\">Vem b\u00f6r anv\u00e4nda AI-r\u00f6stgeneratorer?<\/a><\/li><li><a href=\"#industry-uses-of-ai-voice-generators\">Industriella anv\u00e4ndningsomr\u00e5den f\u00f6r AI-r\u00f6stgeneratorer<\/a><ul><li><a href=\"#media-and-entertainment\">Media och underh\u00e5llning<\/a><\/li><li><a href=\"#education\">Utbildning<\/a><\/li><li><a href=\"#customer-service\">Kundservice<\/a><\/li><li><a href=\"#marketing\">Marknadsf\u00f6ring<\/a><\/li><\/ul><\/li><li><a href=\"#how-to-use-an-ai-voice-generator\">Hur man anv\u00e4nder en AI-r\u00f6stgenerator<\/a><\/li><li><a href=\"#ai-voice-generator-usage-cases\">Anv\u00e4ndningsfall f\u00f6r AI-r\u00f6stgenerator<\/a><ul><li><a href=\"#content-creation\">Skapande av inneh\u00e5ll<\/a><\/li><li><a href=\"#education-1\">Utbildning<\/a><\/li><li><a href=\"#business-communication\">Aff\u00e4rskommunikation<\/a><\/li><li><a href=\"#marketing-2\">Marknadsf\u00f6ring<\/a><\/li><\/ul><\/li><li><a href=\"#top-10-ai-voice-generator-tools\">Topp 10 AI Voice Generator-verktyg<\/a><\/li><li><a href=\"#industry-pros-and-cons\">Branschens f\u00f6r- och nackdelar<\/a><ul><li><a href=\"#pros\">Proffs<\/a><\/li><li><a href=\"#cons\">Nackdelar<\/a><\/li><li><a href=\"#advantages\">F\u00f6rdelar<\/a><\/li><li><a href=\"#challenges\">Utmaningar<\/a><\/li><li><a href=\"#suggestions\">F\u00f6rslag<\/a><\/li><\/ul><\/li><li><a href=\"#frequently-asked-questions\">Vanliga fr\u00e5gor och svar<\/a><\/li><\/ul><\/nav><\/div>\n\n\n\n<h3 class=\"wp-block-heading\" id=\"what-is-an-ai-voice-generator\">Vad \u00e4r en AI-r\u00f6stgenerator?<\/h3>\n\n\n\n<p class=\"\">En AI Voice Generator \u00e4r en programvara som anv\u00e4nder artificiell intelligens f\u00f6r att konvertera text till realistiskt m\u00e4nniskoliknande tal. Den utnyttjar avancerade neurala n\u00e4tverk och generativ AI f\u00f6r att skapa h\u00f6gkvalitativt ljud som kan anv\u00e4ndas i olika applikationer, fr\u00e5n inneh\u00e5llsskapande till voiceovers och mer d\u00e4rtill.<\/p>\n\n\n\n<h3 class=\"wp-block-heading\" id=\"why-use-an-ai-voice-generator\">Varf\u00f6r anv\u00e4nda en AI-r\u00f6stgenerator<\/h3>\n\n\n\n<p class=\"\">Det finns m\u00e5nga f\u00f6rdelar med att anv\u00e4nda en AI-r\u00f6stgenerator:<\/p>\n\n\n\n<ul class=\"wp-block-list\">\n<li class=\"\"><strong>100% Fri<\/strong>: M\u00e5nga plattformar erbjuder gratisversioner f\u00f6r anv\u00e4ndare.<\/li>\n\n\n\n<li class=\"\"><strong>Obegr\u00e4nsad anv\u00e4ndning<\/strong>: Skapa s\u00e5 m\u00e5nga voiceovers som beh\u00f6vs utan begr\u00e4nsningar.<\/li>\n\n\n\n<li class=\"\"><strong>Ingen registrering kr\u00e4vs<\/strong>: L\u00e4ttillg\u00e4nglig utan att du beh\u00f6ver ett konto.<\/li>\n\n\n\n<li class=\"\"><strong>H\u00f6gkvalitativ produktion<\/strong>: Producerar r\u00f6ster som l\u00e5ter n\u00e4stan identiska med m\u00e4nskligt tal.<\/li>\n\n\n\n<li class=\"\"><strong>Brett spr\u00e5k- och accentst\u00f6d<\/strong>: Kan generera r\u00f6ster p\u00e5 flera spr\u00e5k och med olika accenter.<\/li>\n\n\n\n<li class=\"\"><strong>Effektivitet och hastighet<\/strong>: Genererar snabbt ljud fr\u00e5n text, vilket sparar tid och anstr\u00e4ngning.<\/li>\n\n\n\n<li class=\"\"><strong>Global r\u00e4ckvidd f\u00f6r publiken<\/strong>: G\u00f6r inneh\u00e5llet tillg\u00e4ngligt f\u00f6r en bredare publik genom att st\u00f6dja olika spr\u00e5k.<\/li>\n<\/ul>\n\n\n\n<h3 class=\"wp-block-heading\" id=\"main-features-of-ai-voice-generators\">Huvudfunktioner i AI-r\u00f6stgeneratorer<\/h3>\n\n\n\n<h4 class=\"wp-block-heading\" id=\"text-to-speech-ai\">Text till tal AI<\/h4>\n\n\n\n<p class=\"\">Omvandlar skriven text till talade ord med naturligt klingande r\u00f6ster.<\/p>\n\n\n\n<h4 class=\"wp-block-heading\" id=\"ultra-realistic-voices\">Ultra-realistiska r\u00f6ster<\/h4>\n\n\n\n<p class=\"\">Genererar r\u00f6ster som inte g\u00e5r att skilja fr\u00e5n riktiga m\u00e4nskliga r\u00f6ster, vilket f\u00f6rb\u00e4ttrar lyssnarens upplevelse.<\/p>\n\n\n\n<h4 class=\"wp-block-heading\" id=\"generative-ai\">Generativ AI<\/h4>\n\n\n\n<p class=\"\">Anv\u00e4nder avancerade AI-modeller f\u00f6r att producera varierade och h\u00f6gkvalitativa ljudutg\u00e5ngar.<\/p>\n\n\n\n<h4 class=\"wp-block-heading\" id=\"multiple-languages-and-accents\">Flera spr\u00e5k och accenter<\/h4>\n\n\n\n<p class=\"\">St\u00f6djer ett brett spektrum av spr\u00e5k och accenter och v\u00e4nder sig till en global publik.<\/p>\n\n\n\n<h4 class=\"wp-block-heading\" id=\"high-quality-voiceovers\">R\u00f6ster av h\u00f6g kvalitet<\/h4>\n\n\n\n<p class=\"\">Skapar professionella voiceovers som passar f\u00f6r olika till\u00e4mpningar, t.ex. videor och presentationer.<\/p>\n\n\n\n<h3 class=\"wp-block-heading\" id=\"who-should-use-ai-voice-generators\">Vem b\u00f6r anv\u00e4nda AI-r\u00f6stgeneratorer?<\/h3>\n\n\n\n<ul class=\"wp-block-list\">\n<li class=\"\"><strong>Skapare av inneh\u00e5ll<\/strong>: F\u00f6rb\u00e4ttrar video-, podcast- och annat multimediainneh\u00e5ll med realistiska voiceovers.<\/li>\n\n\n\n<li class=\"\"><strong>Utbildare<\/strong>: Konverterar utbildningsmaterial till ljudformat, vilket g\u00f6r inl\u00e4rningen mer tillg\u00e4nglig.<\/li>\n\n\n\n<li class=\"\"><strong>F\u00f6retag<\/strong>: F\u00f6rb\u00e4ttrar kundservicen med automatiserade, men \u00e4nd\u00e5 m\u00e4nniskoliknande, svar.<\/li>\n\n\n\n<li class=\"\"><strong>Marknadsf\u00f6rare<\/strong>: Skapar engagerande ljudinneh\u00e5ll f\u00f6r annonser och sociala medier.<\/li>\n<\/ul>\n\n\n\n<h3 class=\"wp-block-heading\" id=\"industry-uses-of-ai-voice-generators\">Industriella anv\u00e4ndningsomr\u00e5den f\u00f6r AI-r\u00f6stgeneratorer<\/h3>\n\n\n\n<h4 class=\"wp-block-heading\" id=\"media-and-entertainment\">Media och underh\u00e5llning<\/h4>\n\n\n\n<p class=\"\">Anv\u00e4nds f\u00f6r voiceover i videor, filmer och animationer.<\/p>\n\n\n\n<h4 class=\"wp-block-heading\" id=\"education\">Utbildning<\/h4>\n\n\n\n<p class=\"\">Hj\u00e4lper till att skapa ljudb\u00f6cker och inneh\u00e5ll f\u00f6r e-learning.<\/p>\n\n\n\n<h4 class=\"wp-block-heading\" id=\"customer-service\">Kundservice<\/h4>\n\n\n\n<p class=\"\">Powers r\u00f6stassistenter och automatiserade kundtj\u00e4nstsystem.<\/p>\n\n\n\n<h4 class=\"wp-block-heading\" id=\"marketing\">Marknadsf\u00f6ring<\/h4>\n\n\n\n<p class=\"\">Skapar ljudannonser och marknadsf\u00f6ringsinneh\u00e5ll.<\/p>\n\n\n\n<h3 class=\"wp-block-heading\" id=\"how-to-use-an-ai-voice-generator\">Hur man anv\u00e4nder en AI-r\u00f6stgenerator<\/h3>\n\n\n\n<ol class=\"wp-block-list\">\n<li class=\"\"><strong>V\u00e4lj ett verktyg<\/strong>: V\u00e4lj ett verktyg som&nbsp;<a href=\"https:\/\/aiartfree.online\/sv\/ai-rostgenerator\/\">AI r\u00f6stgenerator<\/a>.<\/li>\n\n\n\n<li class=\"\"><strong>Inmatad text<\/strong>: Ange den text som du vill konvertera till tal.<\/li>\n\n\n\n<li class=\"\"><strong>V\u00e4lj r\u00f6st och spr\u00e5k<\/strong>: V\u00e4lj \u00f6nskad r\u00f6st- och spr\u00e5kinst\u00e4llning.<\/li>\n\n\n\n<li class=\"\"><strong>Generera ljud<\/strong>: Klicka p\u00e5 knappen Generera f\u00f6r att skapa voiceovern.<\/li>\n\n\n\n<li class=\"\"><strong>Ladda ner och anv\u00e4nd<\/strong>: Ladda ner den genererade ljudfilen f\u00f6r ditt projekt.<\/li>\n<\/ol>\n\n\n\n<h3 class=\"wp-block-heading\" id=\"ai-voice-generator-usage-cases\">Anv\u00e4ndningsfall f\u00f6r AI-r\u00f6stgenerator<\/h3>\n\n\n\n<h4 class=\"wp-block-heading\" id=\"content-creation\">Skapande av inneh\u00e5ll<\/h4>\n\n\n\n<p class=\"\">Skapa voiceovers f\u00f6r YouTube-videor, podcasts och annat multimediainneh\u00e5ll.<\/p>\n\n\n\n<h4 class=\"wp-block-heading\" id=\"education-1\">Utbildning<\/h4>\n\n\n\n<p class=\"\">Generering av ljudversioner av l\u00e4rob\u00f6cker och l\u00e4romedel.<\/p>\n\n\n\n<h4 class=\"wp-block-heading\" id=\"business-communication\">Aff\u00e4rskommunikation<\/h4>\n\n\n\n<p class=\"\">F\u00f6rb\u00e4ttring av interaktiva r\u00f6stsvarssystem (IVR) med realistiska r\u00f6ster.<\/p>\n\n\n\n<h4 class=\"wp-block-heading\" id=\"marketing-2\">Marknadsf\u00f6ring<\/h4>\n\n\n\n<p class=\"\">Producera ljudreklam f\u00f6r olika plattformar.<\/p>\n\n\n\n<h3 class=\"wp-block-heading\" id=\"top-10-ai-voice-generator-tools\">Topp 10 AI Voice Generator-verktyg<\/h3>\n\n\n\n<figure class=\"wp-block-table\"><table class=\"has-fixed-layout\"><thead><tr><th>Verktyg<\/th><th>Funktioner<\/th><th>F\u00f6rdelar<\/th><th>Utmaningar<\/th><th>URL<\/th><\/tr><\/thead><tbody><tr><td><strong>AI r\u00f6stgenerator<\/strong><\/td><td>100% Gratis, ingen registrering, h\u00f6gkvalitativa r\u00f6ster<\/td><td>Obegr\u00e4nsad anv\u00e4ndning, enkel att anv\u00e4nda<\/td><td>Begr\u00e4nsade avancerade funktioner<\/td><td><a href=\"https:\/\/aiartfree.online\/sv\/ai-rostgenerator\/\">aiartfree.online\/ai-voice-generator<\/a><\/td><\/tr><tr><td><strong>Google Text-till-tal<\/strong><\/td><td>St\u00f6d f\u00f6r flera spr\u00e5k och accenter<\/td><td>H\u00f6gkvalitativ produktion<\/td><td>Kr\u00e4ver Google-konto<\/td><td>moln.google.com\/text-till-tal<\/td><\/tr><tr><td><strong>Amazon Polly<\/strong><\/td><td>Stort utbud av r\u00f6ster, bearbetning i realtid<\/td><td>Skalbarhet<\/td><td>Kostnaderna kan stiga<\/td><td>aws.amazon.com\/polly<\/td><\/tr><tr><td><strong>IBM Watson Text till tal<\/strong><\/td><td>Anpassningsbara r\u00f6ster, h\u00f6g kvalitet<\/td><td>Avancerade funktioner<\/td><td>Struktur f\u00f6r priss\u00e4ttning<\/td><td>ibm.com\/cloud\/watson-text-till-tal<\/td><\/tr><tr><td><strong>Microsoft Azure TTS<\/strong><\/td><td>Neurala r\u00f6ster, omfattande spr\u00e5kst\u00f6d<\/td><td>Integration med Azure-tj\u00e4nster<\/td><td>Priss\u00e4ttning<\/td><td>azure.microsoft.com\/services\/cognitive-services\/text-till-tal<\/td><\/tr><tr><td><strong>iSpeech<\/strong><\/td><td>L\u00e4tt att anv\u00e4nda, flera spr\u00e5k<\/td><td>Begr\u00e4nsad gratisversion<\/td><td>&#8211;<\/td><td>ispeech.org<\/td><\/tr><tr><td><strong>Responsiv r\u00f6st<\/strong><\/td><td>Webbaserad, enkel integration<\/td><td>Grundl\u00e4ggande r\u00f6ster<\/td><td>Begr\u00e4nsade funktioner i gratisversionen<\/td><td>responsivevoice.org<\/td><\/tr><tr><td><strong>NaturalReader<\/strong><\/td><td>Enkelt gr\u00e4nssnitt, h\u00f6gkvalitativa r\u00f6ster<\/td><td>Offline-\u00e5tkomst<\/td><td>Begr\u00e4nsad anpassning<\/td><td>naturliga l\u00e4sare.com<\/td><\/tr><tr><td><strong>Balabolka<\/strong><\/td><td>Gratis, st\u00f6der olika format<\/td><td>Grundl\u00e4ggande gr\u00e4nssnitt<\/td><td>&#8211;<\/td><td>balabolka.se<\/td><\/tr><tr><td><strong>ReadSpeaker<\/strong><\/td><td>Anpassningsbara r\u00f6ster av h\u00f6g kvalitet<\/td><td>Avancerade funktioner<\/td><td>Kostnad<\/td><td><a href=\"https:\/\/readspeaker.com\/\" target=\"_blank\" rel=\"noopener\">readspeaker.com<\/a><\/td><\/tr><\/tbody><\/table><\/figure>\n\n\n\n<h3 class=\"wp-block-heading\" id=\"industry-pros-and-cons\">Branschens f\u00f6r- och nackdelar<\/h3>\n\n\n\n<h4 class=\"wp-block-heading\" id=\"pros\">Proffs<\/h4>\n\n\n\n<ul class=\"wp-block-list\">\n<li class=\"\"><strong>Tillg\u00e4nglighet<\/strong>: G\u00f6r inneh\u00e5llet tillg\u00e4ngligt f\u00f6r synskadade anv\u00e4ndare.<\/li>\n\n\n\n<li class=\"\"><strong>Effektivitet<\/strong>: Sparar tid vid skapandet av inneh\u00e5ll.<\/li>\n\n\n\n<li class=\"\"><strong>Kostnadseffektivt<\/strong>: Minskar behovet av m\u00e4nskliga r\u00f6stsk\u00e5despelare.<\/li>\n\n\n\n<li class=\"\"><strong>Skalbarhet<\/strong>: Enkelt skalbar f\u00f6r stora projekt.<\/li>\n<\/ul>\n\n\n\n<h4 class=\"wp-block-heading\" id=\"cons\">Nackdelar<\/h4>\n\n\n\n<ul class=\"wp-block-list\">\n<li class=\"\"><strong>Variation i kvalitet<\/strong>: Kvaliteten kan variera mellan olika verktyg.<\/li>\n\n\n\n<li class=\"\"><strong>Accent- och spr\u00e5kbegr\u00e4nsningar<\/strong>: Alla accenter och spr\u00e5k st\u00f6ds inte p\u00e5 samma s\u00e4tt.<\/li>\n\n\n\n<li class=\"\"><strong>Inledande inst\u00e4llning<\/strong>: Vissa verktyg kr\u00e4ver en inl\u00e4rningskurva.<\/li>\n<\/ul>\n\n\n\n<h4 class=\"wp-block-heading\" id=\"advantages\">F\u00f6rdelar<\/h4>\n\n\n\n<ul class=\"wp-block-list\">\n<li class=\"\"><strong>H\u00f6gkvalitativ produktion<\/strong>: Producerar ljud av professionell kvalitet.<\/li>\n\n\n\n<li class=\"\"><strong>Anpassning<\/strong>: M\u00f6jligg\u00f6r r\u00f6st- och spr\u00e5kanpassning.<\/li>\n\n\n\n<li class=\"\"><strong>Integration<\/strong>: Kan integreras med olika applikationer.<\/li>\n<\/ul>\n\n\n\n<h4 class=\"wp-block-heading\" id=\"challenges\">Utmaningar<\/h4>\n\n\n\n<ul class=\"wp-block-list\">\n<li class=\"\"><strong>Kostnad<\/strong>: Avancerade funktioner kan komma med ett pris.<\/li>\n\n\n\n<li class=\"\"><strong>Tekniska krav<\/strong>: Vissa verktyg kan kr\u00e4va teknisk kunskap.<\/li>\n\n\n\n<li class=\"\"><strong>R\u00f6stens naturlighet<\/strong>: Att uppn\u00e5 perfekt naturlighet kan vara en utmaning.<\/li>\n<\/ul>\n\n\n\n<h4 class=\"wp-block-heading\" id=\"suggestions\">F\u00f6rslag<\/h4>\n\n\n\n<ul class=\"wp-block-list\">\n<li class=\"\"><strong>V\u00e4lj r\u00e4tt verktyg<\/strong>: V\u00e4lj ett verktyg som passar dina behov och din budget.<\/li>\n\n\n\n<li class=\"\"><strong>Experiment<\/strong>: Testa olika inst\u00e4llningar f\u00f6r att uppn\u00e5 b\u00e4sta resultat.<\/li>\n\n\n\n<li class=\"\"><strong>H\u00e5ll dig uppdaterad<\/strong>: H\u00e5ll dig uppdaterad med de senaste framstegen inom AI-r\u00f6stteknik.<\/li>\n<\/ul>\n\n\n\n<h3 class=\"wp-block-heading\" id=\"frequently-asked-questions\">Vanliga fr\u00e5gor och svar<\/h3>\n\n\n\n<ol class=\"wp-block-list\">\n<li class=\"\"><strong>Vilken AI-r\u00f6stgenerator anv\u00e4nder alla?<\/strong><br>De flesta anv\u00e4nder verktyg som Google Text-to-Speech och Amazon Polly p\u00e5 grund av deras h\u00f6ga kvalitet och tillf\u00f6rlitlighet.<\/li>\n\n\n\n<li class=\"\"><strong>Hur anv\u00e4nder man en AI-r\u00f6stgenerator?<\/strong><br>V\u00e4lj ett verktyg, mata in din text, v\u00e4lj r\u00f6st- och spr\u00e5kinst\u00e4llningar, generera ljudet och ladda ner det.<\/li>\n\n\n\n<li class=\"\"><strong>Vad \u00e4r den b\u00e4sta AI-r\u00f6stgeneratorn?<\/strong><br>Den b\u00e4sta AI-r\u00f6stgeneratorn beror p\u00e5 dina behov, men de b\u00e4sta alternativen inkluderar AI Voice Generator, Google Text-to-Speech och Amazon Polly.<\/li>\n\n\n\n<li class=\"\"><strong>Hur genererar man en AI-r\u00f6st?<\/strong><br>Anv\u00e4nd ett AI-r\u00f6stgenereringsverktyg, mata in din text, v\u00e4lj inst\u00e4llningar och generera r\u00f6sten.<\/li>\n\n\n\n<li class=\"\"><strong>Hur g\u00f6r man en AI-r\u00f6stgenerator?<\/strong><br>F\u00f6r att skapa en AI-r\u00f6stgenerator kr\u00e4vs avancerade programmeringskunskaper och kunskap om maskininl\u00e4rning och neurala n\u00e4tverk.<\/li>\n\n\n\n<li class=\"\"><strong>Vilka \u00e4r de b\u00e4sta gratis AI-r\u00f6stgeneratorerna?<\/strong><br>AI Voice Generator och iSpeech \u00e4r popul\u00e4ra gratisalternativ.<\/li>\n\n\n\n<li class=\"\"><strong>Kan AI-r\u00f6stgeneratorer l\u00e4sa upp text?<\/strong><br>Ja, AI-r\u00f6stgeneratorer kan konvertera text till tal och l\u00e4sa upp den h\u00f6gt.<\/li>\n<\/ol>","protected":false},"excerpt":{"rendered":"<p>How to use the AI Voice Generator * Feel free to try our examples below if you don&#8217;t have any thoughts in your mind *&nbsp;Depending on your internet speed, loading the model may take up to 10 seconds \u2193 The Ultimate Guide to AI Voice Generators Outline AI Voice Generators have revolutionized the way we &#8230; <a title=\"AI r\u00f6stgenerator\" class=\"read-more\" href=\"https:\/\/aiartfree.online\/sv\/ai-rostgenerator\/\" aria-label=\"L\u00e4s mer om AI Voice Generator\">L\u00e4s mer<\/a><\/p>","protected":false},"author":1,"featured_media":3458,"parent":0,"menu_order":0,"comment_status":"open","ping_status":"closed","template":"","meta":{"nf_dc_page":"","footnotes":""},"class_list":["post-3351","page","type-page","status-publish","has-post-thumbnail"],"jetpack_sharing_enabled":true,"_links":{"self":[{"href":"https:\/\/aiartfree.online\/sv\/wp-json\/wp\/v2\/pages\/3351","targetHints":{"allow":["GET"]}}],"collection":[{"href":"https:\/\/aiartfree.online\/sv\/wp-json\/wp\/v2\/pages"}],"about":[{"href":"https:\/\/aiartfree.online\/sv\/wp-json\/wp\/v2\/types\/page"}],"author":[{"embeddable":true,"href":"https:\/\/aiartfree.online\/sv\/wp-json\/wp\/v2\/users\/1"}],"replies":[{"embeddable":true,"href":"https:\/\/aiartfree.online\/sv\/wp-json\/wp\/v2\/comments?post=3351"}],"version-history":[{"count":0,"href":"https:\/\/aiartfree.online\/sv\/wp-json\/wp\/v2\/pages\/3351\/revisions"}],"wp:featuredmedia":[{"embeddable":true,"href":"https:\/\/aiartfree.online\/sv\/wp-json\/wp\/v2\/media\/3458"}],"wp:attachment":[{"href":"https:\/\/aiartfree.online\/sv\/wp-json\/wp\/v2\/media?parent=3351"}],"curies":[{"name":"wp","href":"https:\/\/api.w.org\/{rel}","templated":true}]}}