{"id":3340,"date":"2024-07-30T15:52:48","date_gmt":"2024-07-30T15:52:48","guid":{"rendered":"https:\/\/aiartfree.online\/?page_id=3340"},"modified":"2024-08-02T10:02:12","modified_gmt":"2024-08-02T10:02:12","slug":"transcript","status":"publish","type":"page","link":"https:\/\/aiartfree.online\/sv\/avskrift\/","title":{"rendered":"Avskrift"},"content":{"rendered":"<h2 class=\"wp-block-heading\" id=\"how-to-use-transcript\" style=\"font-size:23px\">Hur man anv\u00e4nder Transcript<\/h2>\n\n\n\n<ol class=\"wp-block-list\">\n<li class=\"\">V\u00e4lj <strong>Mikrofon<\/strong> eller <strong>Ljudfil<\/strong> eller <strong>YouTube<\/strong> fr\u00e5n den \u00f6vre fliken<\/li>\n\n\n\n<li class=\"\">Ladda upp ditt inneh\u00e5ll<\/li>\n\n\n\n<li class=\"\">V\u00e4lj \"Returnera tidsst\u00e4mplar\"<\/li>\n\n\n\n<li class=\"\">Klicka p\u00e5 \"Skicka\"<\/li>\n\n\n\n<li class=\"\">V\u00e4nta, det var det!<\/li>\n<\/ol>\n\n\n\n<p class=\"\">* <em>Beroende p\u00e5 din internethastighet kan det ta n\u00e5gra sekunder att ladda modellen.<\/em> \u2193<\/p>\n\n\n\n<div class=\"iframe-wrapper\" style=\"position: relative; width: 100%; height: 1400px;\">\n  <div class=\"loading\" style=\"position: absolute; top: 50px; left: 50%; transform: translate(-50%, -50%); width: 40px; height: 40px; border: 3px solid #f0f0f0; border-top: 3px solid #db7093; border-radius: 50%; animation: spin 1s linear infinite;\"><\/div>\n  <iframe loading=\"lazy\" src=\"https:\/\/sanchit-gandhi-whisper-jax.hf.space\" frameborder=\"0\" width=\"100%\" height=\"100%\" style=\"position: absolute; top: 0; left: 0; opacity: 0; transition: opacity 0.3s;\" onload=\"this.style.opacity=1;this.previousElementSibling.style.display='none';\"><\/iframe>\n<\/div>\n\n<style>\n@keyframes spin {\n  0% { transform: translate(-50%, -50%) rotate(0deg); }\n  100% { transform: translate(-50%, -50%) rotate(360deg); }\n}\n<\/style>\n\n\n\n<div style=\"height:60px\" aria-hidden=\"true\" class=\"wp-block-spacer\"><\/div>\n\n\n\n<h2 class=\"wp-block-heading\" id=\"how-to-use-transcript-services-your-ultimate-guide\">Hur man anv\u00e4nder avskriftstj\u00e4nster: Din ultimata guide<\/h2>\n\n\n\n<h3 class=\"wp-block-heading\" id=\"introduction\">Inledning<\/h3>\n\n\n\n<p class=\"\">Transkriptionstj\u00e4nster har revolutionerat v\u00e5rt s\u00e4tt att hantera ljud- och videoinneh\u00e5ll genom att omvandla talade ord till skriven text. Oavsett om du \u00e4r student, yrkesverksam eller inneh\u00e5llsskapare kan du f\u00f6rb\u00e4ttra din produktivitet och tillg\u00e4nglighet avsev\u00e4rt genom att f\u00f6rst\u00e5 hur transkribering fungerar.<\/p>\n\n\n\n<figure class=\"wp-block-image size-large is-resized\"><img data-recalc-dims=\"1\" data-dominant-color=\"b7aaa7\" data-has-transparency=\"false\" decoding=\"async\" width=\"1024\" height=\"640\"   loading=\"lazy\" src=\"https:\/\/i0.wp.com\/aiartfree.online\/wp-content\/uploads\/2024\/07\/WX20240730-200353%402x-1024x640.webp?resize=1024%2C640&#038;ssl=1\" alt=\"Nr 1 gratis och obegr\u00e4nsad transkriptionstj\u00e4nst. Ingen registrering. Konvertera ljud till text, YouTube-videotranskription, F\u00e5 dina gymnasie- och h\u00f6gskoleutskrifter online\" class=\"wp-image-3345 not-transparent\" style=\"--dominant-color: #b7aaa7; width:578px;height:auto\" srcset=\"https:\/\/i0.wp.com\/aiartfree.online\/wp-content\/uploads\/2024\/07\/WX20240730-200353%402x.jpg?resize=1024%2C640&amp;ssl=1 1024w, https:\/\/i0.wp.com\/aiartfree.online\/wp-content\/uploads\/2024\/07\/WX20240730-200353%402x.jpg?resize=300%2C188&amp;ssl=1 300w, https:\/\/i0.wp.com\/aiartfree.online\/wp-content\/uploads\/2024\/07\/WX20240730-200353%402x.jpg?resize=768%2C480&amp;ssl=1 768w, https:\/\/i0.wp.com\/aiartfree.online\/wp-content\/uploads\/2024\/07\/WX20240730-200353%402x.jpg?resize=1536%2C960&amp;ssl=1 1536w, https:\/\/i0.wp.com\/aiartfree.online\/wp-content\/uploads\/2024\/07\/WX20240730-200353%402x.jpg?resize=18%2C12&amp;ssl=1 18w, https:\/\/i0.wp.com\/aiartfree.online\/wp-content\/uploads\/2024\/07\/WX20240730-200353%402x.jpg?resize=600%2C375&amp;ssl=1 600w, https:\/\/i0.wp.com\/aiartfree.online\/wp-content\/uploads\/2024\/07\/WX20240730-200353%402x.jpg?w=1808&amp;ssl=1 1808w\" sizes=\"auto, (max-width: 1024px) 100vw, 1024px\" \/><\/figure>\n\n\n\n<div class=\"wp-block-rank-math-toc-block\" id=\"rank-math-toc\"><h3>Inneh\u00e5llsf\u00f6rteckning<\/h3><nav><ul><li><a href=\"#introduction\">Inledning<\/a><\/li><li><a href=\"#what-is-transcript\">Vad \u00e4r Transcript?<\/a><\/li><li><a href=\"#why-use-transcript-services\">Varf\u00f6r anv\u00e4nda Transcript Services?<\/a><\/li><li><a href=\"#main-features-of-transcript-services\">Huvudsakliga funktioner i avskriftstj\u00e4nster<\/a><ul><li><a href=\"#100-free\">100% Fri<\/a><\/li><li><a href=\"#unlimited-transcription\">Obegr\u00e4nsad transkription<\/a><\/li><li><a href=\"#no-1-choice\">Val nr 1<\/a><\/li><li><a href=\"#no-sign-up-required\">Ingen registrering kr\u00e4vs<\/a><\/li><\/ul><\/li><li><a href=\"#who-should-use-transcription-services\">Vem b\u00f6r anv\u00e4nda sig av transkriptionstj\u00e4nster?<\/a><\/li><li><a href=\"#industries-benefiting-from-transcription-services\">Branscher som drar nytta av transkriptionstj\u00e4nster<\/a><\/li><li><a href=\"#how-to-use-transcription-services-step-by-step\">Hur man anv\u00e4nder transkriptionstj\u00e4nster: Steg-f\u00f6r-steg<\/a><\/li><li><a href=\"#use-cases-of-transcription-services\">Anv\u00e4ndningsfall f\u00f6r transkriptionstj\u00e4nster<\/a><\/li><li><a href=\"#top-10-transcription-tools-and-resources\">Topp 10 verktyg och resurser f\u00f6r transkribering<\/a><\/li><li><a href=\"#advantages-disadvantages-and-challenges-in-the-transcription-industry\">F\u00f6rdelar, nackdelar och utmaningar i transkriptionsbranschen<\/a><ul><li><a href=\"#advantages\">F\u00f6rdelar<\/a><\/li><li><a href=\"#disadvantages\">Nackdelar<\/a><\/li><li><a href=\"#challenges\">Utmaningar<\/a><\/li><\/ul><\/li><li><a href=\"#frequently-asked-questions-faq\">Vanliga fr\u00e5gor och svar (FAQ)<\/a><\/li><li><a href=\"#conclusion\">Slutsats<\/a><\/li><\/ul><\/nav><\/div>\n\n\n\n<h3 class=\"wp-block-heading\" id=\"what-is-transcript\">Vad \u00e4r Transcript?<\/h3>\n\n\n\n<p class=\"\">Transkription \u00e4r processen att omvandla talat spr\u00e5k till skriven text. Den h\u00e4r tj\u00e4nsten kan anv\u00e4ndas f\u00f6r att transkribera olika former av ljud, inklusive intervjuer, f\u00f6rel\u00e4sningar, podcasts och videor, till l\u00e4sbara dokument.<\/p>\n\n\n\n<h3 class=\"wp-block-heading\" id=\"why-use-transcript-services\">Varf\u00f6r anv\u00e4nda Transcript Services?<\/h3>\n\n\n\n<p class=\"\">Transkriptionstj\u00e4nster erbjuder m\u00e5nga f\u00f6rdelar:<\/p>\n\n\n\n<ul class=\"wp-block-list\">\n<li class=\"\"><strong>Tillg\u00e4nglighet:<\/strong> Utskrifter g\u00f6r inneh\u00e5llet tillg\u00e4ngligt f\u00f6r personer med h\u00f6rselneds\u00e4ttning.<\/li>\n\n\n\n<li class=\"\"><strong>S\u00f6kbarhet:<\/strong> Textdokument kan enkelt s\u00f6kas, indexeras och refereras till.<\/li>\n\n\n\n<li class=\"\"><strong>Noggrannhet:<\/strong> Professionella transkriptionstj\u00e4nster s\u00e4kerst\u00e4ller h\u00f6g noggrannhet i det transkriberade inneh\u00e5llet.<\/li>\n\n\n\n<li class=\"\"><strong>Effektivitet:<\/strong> Sparar tid j\u00e4mf\u00f6rt med manuell transkribering.<\/li>\n<\/ul>\n\n\n\n<h3 class=\"wp-block-heading\" id=\"main-features-of-transcript-services\">Huvudsakliga funktioner i avskriftstj\u00e4nster<\/h3>\n\n\n\n<h4 class=\"wp-block-heading\" id=\"100-free\">100% Fri<\/h4>\n\n\n\n<p class=\"\">M\u00e5nga transkriptionstj\u00e4nster erbjuder gratis planer, vilket g\u00f6r dem tillg\u00e4ngliga f\u00f6r alla utan ekonomiska begr\u00e4nsningar.<\/p>\n\n\n\n<h4 class=\"wp-block-heading\" id=\"unlimited-transcription\">Obegr\u00e4nsad transkription<\/h4>\n\n\n\n<p class=\"\">Vissa tj\u00e4nster erbjuder obegr\u00e4nsad transkriberingskapacitet, s\u00e5 att anv\u00e4ndarna kan transkribera s\u00e5 m\u00e5nga filer som beh\u00f6vs.<\/p>\n\n\n\n<h4 class=\"wp-block-heading\" id=\"no-1-choice\">Val nr 1<\/h4>\n\n\n\n<p class=\"\">Ledande transkriptionstj\u00e4nster rankas ofta som det b\u00e4sta valet p\u00e5 grund av deras tillf\u00f6rlitlighet, noggrannhet och anv\u00e4ndarv\u00e4nlighet.<\/p>\n\n\n\n<h4 class=\"wp-block-heading\" id=\"no-sign-up-required\">Ingen registrering kr\u00e4vs<\/h4>\n\n\n\n<p class=\"\">Bekv\u00e4mlighet \u00e4r en nyckelfunktion, med vissa plattformar som erbjuder transkriptionstj\u00e4nster utan behov av registrering.<\/p>\n\n\n\n<h3 class=\"wp-block-heading\" id=\"who-should-use-transcription-services\">Vem b\u00f6r anv\u00e4nda sig av transkriptionstj\u00e4nster?<\/h3>\n\n\n\n<p class=\"\">Transkriptionstj\u00e4nster \u00e4r idealiska f\u00f6r:<\/p>\n\n\n\n<ul class=\"wp-block-list\">\n<li class=\"\"><strong>Studenter:<\/strong> Att omvandla f\u00f6rel\u00e4sningar och diskussioner till anteckningar.<\/li>\n\n\n\n<li class=\"\"><strong>Professionella:<\/strong> F\u00f6r att skapa m\u00f6tesprotokoll och transkribera intervjuer.<\/li>\n\n\n\n<li class=\"\"><strong>Skapare av inneh\u00e5ll:<\/strong> Att generera textinneh\u00e5ll fr\u00e5n podcasts och videor.<\/li>\n\n\n\n<li class=\"\"><strong>Forskare:<\/strong> F\u00f6r dokumentation av muntliga ber\u00e4ttelser och intervjuer.<\/li>\n<\/ul>\n\n\n\n<h3 class=\"wp-block-heading\" id=\"industries-benefiting-from-transcription-services\">Branscher som drar nytta av transkriptionstj\u00e4nster<\/h3>\n\n\n\n<p class=\"\">Transkriptionstj\u00e4nster \u00e4r f\u00f6rdelaktiga i olika branscher som t.ex:<\/p>\n\n\n\n<ul class=\"wp-block-list\">\n<li class=\"\"><strong>Utbildning:<\/strong> F\u00f6r f\u00f6rel\u00e4sningstranskriptioner och forskningsdokumentation.<\/li>\n\n\n\n<li class=\"\"><strong>Media:<\/strong> Att transkribera intervjuer och skapa undertexter.<\/li>\n\n\n\n<li class=\"\"><strong>Juridisk:<\/strong> F\u00f6r domstolsutskrifter och juridisk dokumentation.<\/li>\n\n\n\n<li class=\"\"><strong>H\u00e4lso- och sjukv\u00e5rd:<\/strong> F\u00f6r transkribering av medicinska diktat och patientjournaler.<\/li>\n<\/ul>\n\n\n\n<h3 class=\"wp-block-heading\" id=\"how-to-use-transcription-services-step-by-step\">Hur man anv\u00e4nder transkriptionstj\u00e4nster: Steg-f\u00f6r-steg<\/h3>\n\n\n\n<ol class=\"wp-block-list\">\n<li class=\"\"><strong>V\u00e4lj en tj\u00e4nst:<\/strong> V\u00e4lj en transkriptionstj\u00e4nst som passar dina behov. Rekommenderat verktyg: <a href=\"https:\/\/aiartfree.online\/sv\/avskrift\/\">https:\/\/aiartfree.online\/transcript<\/a>.<\/li>\n\n\n\n<li class=\"\"><strong>Ladda upp ljud-\/videofil:<\/strong> Ladda upp den fil du vill ha transkriberad.<\/li>\n\n\n\n<li class=\"\"><strong>St\u00e4ll in preferenser:<\/strong> V\u00e4lj \u00f6nskade inst\u00e4llningar, t.ex. spr\u00e5k, format och eventuella specialkrav.<\/li>\n\n\n\n<li class=\"\"><strong>Starta transkription:<\/strong> Starta transkriberingsprocessen.<\/li>\n\n\n\n<li class=\"\"><strong>Granska och redigera:<\/strong> N\u00e4r transkriberingen \u00e4r klar granskar du den och g\u00f6r eventuella n\u00f6dv\u00e4ndiga \u00e4ndringar.<\/li>\n\n\n\n<li class=\"\"><strong>Ladda ner och anv\u00e4nd:<\/strong> Ladda ner den slutliga utskriften f\u00f6r eget bruk.<\/li>\n<\/ol>\n\n\n\n<h3 class=\"wp-block-heading\" id=\"use-cases-of-transcription-services\">Anv\u00e4ndningsfall f\u00f6r transkriptionstj\u00e4nster<\/h3>\n\n\n\n<ul class=\"wp-block-list\">\n<li class=\"\"><strong>Akademisk forskning:<\/strong> Transkribering av intervjuer f\u00f6r kvalitativ forskning.<\/li>\n\n\n\n<li class=\"\"><strong>Skapande av inneh\u00e5ll:<\/strong> Skapa blogginl\u00e4gg och artiklar fr\u00e5n podcasts.<\/li>\n\n\n\n<li class=\"\"><strong>Juridisk dokumentation:<\/strong> Transkribering av vittnesm\u00e5l och domstolsf\u00f6rhandlingar.<\/li>\n\n\n\n<li class=\"\"><strong>Aff\u00e4rsm\u00f6ten:<\/strong> Skapa detaljerade m\u00f6tesprotokoll.<\/li>\n<\/ul>\n\n\n\n<h3 class=\"wp-block-heading\" id=\"top-10-transcription-tools-and-resources\">Topp 10 verktyg och resurser f\u00f6r transkribering<\/h3>\n\n\n\n<p class=\"\">H\u00e4r \u00e4r en tabell som sammanfattar de 10 b\u00e4sta transkriptionsverktygen och deras funktioner:<\/p>\n\n\n\n<figure class=\"wp-block-table\"><table class=\"has-fixed-layout\"><thead><tr><th>Verktyg\/webbplats<\/th><th>Funktioner<\/th><th>Proffs<\/th><th>Nackdelar<\/th><th>URL<\/th><\/tr><\/thead><tbody><tr><td><strong>AI Konst Fri<\/strong><\/td><td>Ljud till text, transkription av video<\/td><td>Gratis, ingen registrering, obegr\u00e4nsat<\/td><td>Begr\u00e4nsad anpassning<\/td><td><a href=\"https:\/\/aiartfree.online\/sv\/avskrift\/\">L\u00e4nk<\/a><\/td><\/tr><tr><td><strong>TranscribeMe<\/strong><\/td><td>H\u00f6g noggrannhet, m\u00e4nsklig och AI-transkription<\/td><td>Tillf\u00f6rlitlig, flera format<\/td><td>Betald tj\u00e4nst<\/td><td><a href=\"https:\/\/www.transcribeme.com\" target=\"_blank\" rel=\"noopener\">L\u00e4nk<\/a><\/td><\/tr><tr><td><strong>Otter.ai<\/strong><\/td><td>Transkribering i realtid, samarbetsverktyg<\/td><td>Enkel att anv\u00e4nda, mobilapp<\/td><td>Begr\u00e4nsad kostnadsfri plan<\/td><td><a href=\"https:\/\/otter.ai\" target=\"_blank\" rel=\"noopener\">L\u00e4nk<\/a><\/td><\/tr><tr><td><strong>Sonix<\/strong><\/td><td>Automatiserad transkribering, st\u00f6d f\u00f6r flera spr\u00e5k<\/td><td>Snabb och exakt<\/td><td>Prenumeration kr\u00e4vs<\/td><td><a href=\"https:\/\/sonix.ai\" target=\"_blank\" rel=\"noopener\">L\u00e4nk<\/a><\/td><\/tr><tr><td><strong>Rev<\/strong><\/td><td>M\u00e4nsklig transkription, textning<\/td><td>H\u00f6g kvalitet, snabb leverans<\/td><td>Dyrt<\/td><td><a href=\"https:\/\/www.rev.com\" target=\"_blank\" rel=\"noopener\">L\u00e4nk<\/a><\/td><\/tr><tr><td><strong>Temi<\/strong><\/td><td>Prisv\u00e4rd automatiserad transkription<\/td><td>Snabb och anv\u00e4ndarv\u00e4nlig<\/td><td>Inte alltid korrekt<\/td><td><a href=\"https:\/\/www.temi.com\" target=\"_blank\" rel=\"noopener\">L\u00e4nk<\/a><\/td><\/tr><tr><td><strong>Descript<\/strong><\/td><td>Ljud- och videoredigering, transkribering<\/td><td>M\u00e5ngsidig, kraftfull<\/td><td>Inl\u00e4rningskurva<\/td><td><a href=\"https:\/\/www.descript.com\" target=\"_blank\" rel=\"noopener\">L\u00e4nk<\/a><\/td><\/tr><tr><td><strong>Trint<\/strong><\/td><td>AI-drivna verktyg f\u00f6r transkribering och redigering<\/td><td>Exakt, flexibel<\/td><td>Dyrt<\/td><td><a href=\"https:\/\/trint.com\" target=\"_blank\" rel=\"noopener\">L\u00e4nk<\/a><\/td><\/tr><tr><td><strong>Glad skribent<\/strong><\/td><td>Flerspr\u00e5kiga verktyg f\u00f6r samarbete<\/td><td>Korrekt, bra support<\/td><td>Prenumeration kr\u00e4vs<\/td><td><a href=\"https:\/\/www.happyscribe.com\" target=\"_blank\" rel=\"noopener\">L\u00e4nk<\/a><\/td><\/tr><tr><td><strong>Scribie<\/strong><\/td><td>Manuell och automatiserad transkribering<\/td><td>Prisv\u00e4rd, korrekt<\/td><td>Begr\u00e4nsad kostnadsfri plan<\/td><td><a href=\"https:\/\/www.scribie.com\" target=\"_blank\" rel=\"noopener\">L\u00e4nk<\/a><\/td><\/tr><\/tbody><\/table><\/figure>\n\n\n\n<h3 class=\"wp-block-heading\" id=\"advantages-disadvantages-and-challenges-in-the-transcription-industry\">F\u00f6rdelar, nackdelar och utmaningar i transkriptionsbranschen<\/h3>\n\n\n\n<h4 class=\"wp-block-heading\" id=\"advantages\">F\u00f6rdelar<\/h4>\n\n\n\n<ul class=\"wp-block-list\">\n<li class=\"\"><strong>F\u00f6rb\u00e4ttrad tillg\u00e4nglighet:<\/strong> G\u00f6r inneh\u00e5llet tillg\u00e4ngligt f\u00f6r alla.<\/li>\n\n\n\n<li class=\"\"><strong>F\u00f6rb\u00e4ttrad produktivitet:<\/strong> Sparar tid och anstr\u00e4ngning vid konvertering av tal till text.<\/li>\n\n\n\n<li class=\"\"><strong>B\u00e4ttre dokumentation:<\/strong> Exakta protokoll fr\u00e5n m\u00f6ten, intervjuer med mera.<\/li>\n<\/ul>\n\n\n\n<h4 class=\"wp-block-heading\" id=\"disadvantages\">Nackdelar<\/h4>\n\n\n\n<ul class=\"wp-block-list\">\n<li class=\"\"><strong>Kostnad:<\/strong> Vissa tj\u00e4nster kan vara dyra.<\/li>\n\n\n\n<li class=\"\"><strong>Problem med noggrannhet:<\/strong> Automatiserade tj\u00e4nster kanske inte alltid \u00e4r korrekta.<\/li>\n\n\n\n<li class=\"\"><strong>Sekretessfr\u00e5gor:<\/strong> Hantering av k\u00e4nslig information kan vara ett problem.<\/li>\n<\/ul>\n\n\n\n<h4 class=\"wp-block-heading\" id=\"challenges\">Utmaningar<\/h4>\n\n\n\n<ul class=\"wp-block-list\">\n<li class=\"\"><strong>Variabilitet i talet:<\/strong> Accenter, dialekter och d\u00e5lig ljudkvalitet kan p\u00e5verka noggrannheten.<\/li>\n\n\n\n<li class=\"\"><strong>Tekniska begr\u00e4nsningar:<\/strong> AI-transkribering har fortfarande problem med sammanhang och homofoner.<\/li>\n<\/ul>\n\n\n\n<h3 class=\"wp-block-heading\" id=\"frequently-asked-questions-faq\">Vanliga fr\u00e5gor och svar (FAQ)<\/h3>\n\n\n\n<ol class=\"wp-block-list\">\n<li class=\"\"><strong>Var sker transkriptionen?<\/strong> Transkribering sker n\u00e4r det finns ett behov av att omvandla talat spr\u00e5k till text, vilket ofta g\u00f6rs med hj\u00e4lp av transkriberingstj\u00e4nster och programvara.<\/li>\n\n\n\n<li class=\"\"><strong>Hur f\u00e5r man transkriptioner fr\u00e5n gymnasiet?<\/strong> Du kan f\u00e5 utskrifter fr\u00e5n gymnasiet genom att kontakta din skolas administrativa kontor eller g\u00e5 in p\u00e5 deras onlineportal.<\/li>\n\n\n\n<li class=\"\"><strong>Vad \u00e4r transkription?<\/strong> Transkribering \u00e4r processen att omvandla talat spr\u00e5k till skriven text.<\/li>\n\n\n\n<li class=\"\"><strong>Var sker transkriberingen?<\/strong> Transkribering sker i olika milj\u00f6er, inklusive skolor, kontor och leverant\u00f6rer av transkriptionstj\u00e4nster.<\/li>\n\n\n\n<li class=\"\"><strong>Hur f\u00e5r jag en utskrift fr\u00e5n Aeries?<\/strong> F\u00f6r att f\u00e5 ett utdrag fr\u00e5n Aeries, logga in p\u00e5 ditt Aeries-konto, navigera till avsnittet om utdrag och f\u00f6lj instruktionerna f\u00f6r att beg\u00e4ra ditt utdrag.<\/li>\n\n\n\n<li class=\"\"><strong>Vad finns det f\u00f6r olika typer av utskrifter?<\/strong> Typer av transkriptioner inkluderar akademiska transkriptioner, medicinska transkriptioner, juridiska transkriptioner och medietranskriptioner.<\/li>\n\n\n\n<li class=\"\"><strong>Hur transkriberar jag YouTube-videor?<\/strong> Anv\u00e4nd verktyg som <a href=\"https:\/\/aiartfree.online\/sv\/avskrift\/\">https:\/\/aiartfree.online\/transcript<\/a> f\u00f6r att ladda upp YouTube-videor och f\u00e5 transkriptioner.<\/li>\n\n\n\n<li class=\"\"><strong>Vad \u00e4r IRS-utskrift?<\/strong> En IRS-utskrift \u00e4r en sammanfattning av din skattedeklarationsinformation som tillhandah\u00e5lls av Internal Revenue Service.<\/li>\n\n\n\n<li class=\"\"><strong>Hur f\u00e5r man college-utskrifter?<\/strong> Beg\u00e4r utskrifter fr\u00e5n college fr\u00e5n ditt l\u00e4ros\u00e4tes registratorskontor eller deras onlinetj\u00e4nster.<\/li>\n\n\n\n<li class=\"\"><strong>Vad \u00e4r transkriptionsjobb?<\/strong> Transkriberingsjobb inneb\u00e4r att man lyssnar p\u00e5 ljudinspelningar och skriver ut det man h\u00f6r i ett skriftligt format.<\/li>\n<\/ol>\n\n\n\n<h3 class=\"wp-block-heading\" id=\"conclusion\">Slutsats<\/h3>\n\n\n\n<p class=\"\">Transkriptionstj\u00e4nster erbjuder en m\u00e4ngd f\u00f6rdelar, fr\u00e5n f\u00f6rb\u00e4ttrad tillg\u00e4nglighet till \u00f6kad produktivitet. Med verktyg som <a href=\"https:\/\/aiartfree.online\/sv\/avskrift\/\">https:\/\/aiartfree.online\/transcript<\/a>kan du enkelt konvertera dina ljud- och videofiler till text. Utforska de b\u00e4sta verktygen, f\u00f6rst\u00e5 deras funktioner och v\u00e4lj r\u00e4tt tj\u00e4nst f\u00f6r dina behov. B\u00f6rja transkribera idag och frig\u00f6r den fulla potentialen i ditt inneh\u00e5ll!<\/p>\n\n\n\n<p class=\"\">Bes\u00f6k <a href=\"https:\/\/aiartfree.online\/sv\/avskrift\/\">https:\/\/aiartfree.online\/transcript<\/a> nu f\u00f6r att uppleva den b\u00e4sta gratis och obegr\u00e4nsade transkriptionstj\u00e4nsten utan kr\u00e5ngel med registrering!<\/p>","protected":false},"excerpt":{"rendered":"<p>How to use Transcript * Depending on your internet speed, loading the model may take a few seconds. \u2193 How to Use Transcript Services: Your Ultimate Guide Introduction Transcription services have revolutionized the way we handle audio and video content by converting spoken words into written text. Whether you&#8217;re a student, professional, or content creator, &#8230; <a title=\"Avskrift\" class=\"read-more\" href=\"https:\/\/aiartfree.online\/sv\/avskrift\/\" aria-label=\"L\u00e4s mer om Transcript\">L\u00e4s mer<\/a><\/p>","protected":false},"author":1,"featured_media":3345,"parent":0,"menu_order":0,"comment_status":"open","ping_status":"closed","template":"","meta":{"nf_dc_page":"","footnotes":""},"class_list":["post-3340","page","type-page","status-publish","has-post-thumbnail"],"jetpack_sharing_enabled":true,"_links":{"self":[{"href":"https:\/\/aiartfree.online\/sv\/wp-json\/wp\/v2\/pages\/3340","targetHints":{"allow":["GET"]}}],"collection":[{"href":"https:\/\/aiartfree.online\/sv\/wp-json\/wp\/v2\/pages"}],"about":[{"href":"https:\/\/aiartfree.online\/sv\/wp-json\/wp\/v2\/types\/page"}],"author":[{"embeddable":true,"href":"https:\/\/aiartfree.online\/sv\/wp-json\/wp\/v2\/users\/1"}],"replies":[{"embeddable":true,"href":"https:\/\/aiartfree.online\/sv\/wp-json\/wp\/v2\/comments?post=3340"}],"version-history":[{"count":0,"href":"https:\/\/aiartfree.online\/sv\/wp-json\/wp\/v2\/pages\/3340\/revisions"}],"wp:featuredmedia":[{"embeddable":true,"href":"https:\/\/aiartfree.online\/sv\/wp-json\/wp\/v2\/media\/3345"}],"wp:attachment":[{"href":"https:\/\/aiartfree.online\/sv\/wp-json\/wp\/v2\/media?parent=3340"}],"curies":[{"name":"wp","href":"https:\/\/api.w.org\/{rel}","templated":true}]}}