{"id":3319,"date":"2024-07-30T11:47:20","date_gmt":"2024-07-30T11:47:20","guid":{"rendered":"https:\/\/aiartfree.online\/?page_id=3319"},"modified":"2025-03-07T08:27:06","modified_gmt":"2025-03-07T08:27:06","slug":"youtube-transcript","status":"publish","type":"page","link":"https:\/\/aiartfree.online\/sv\/youtube-transkription\/","title":{"rendered":"YouTube Transkription"},"content":{"rendered":"<h2 class=\"wp-block-heading\" style=\"font-size:23px\">Hur man anv\u00e4nder YouTube Transcript<\/h2>\n\n\n\n<ol class=\"wp-block-list\">\n<li class=\"\">V\u00e4lj <strong>YouTube<\/strong> fr\u00e5n den \u00f6vre fliken<\/li>\n\n\n\n<li class=\"\">Klistra in din YouTube-URL<\/li>\n\n\n\n<li class=\"\">V\u00e4lj \"Returnera tidsst\u00e4mplar\"<\/li>\n\n\n\n<li class=\"\">Klicka p\u00e5 \"Skicka\"<\/li>\n\n\n\n<li class=\"\">V\u00e4nta, det var det!<\/li>\n<\/ol>\n\n\n\n<figure class=\"gb-block-image gb-block-image-4dfafe81\"><a href=\"https:\/\/fas.st\/t\/XmtmoHSk\" target=\"_blank\" rel=\"noopener noreferrer\"><img data-recalc-dims=\"1\" decoding=\"async\" loading=\"lazy\" width=\"1200\" height=\"368\" class=\"gb-image gb-image-4dfafe81\" src=\"https:\/\/i0.wp.com\/aiartfree.online\/wp-content\/uploads\/2025\/03\/WX20250307-114300%402x.webp?resize=1200%2C368&#038;ssl=1\" alt=\"\" title=\"WX20250307-114300@2x\" srcset=\"https:\/\/i0.wp.com\/aiartfree.online\/wp-content\/uploads\/2025\/03\/WX20250307-114300%402x.webp?w=1900&amp;ssl=1 1900w, https:\/\/i0.wp.com\/aiartfree.online\/wp-content\/uploads\/2025\/03\/WX20250307-114300%402x.webp?resize=300%2C92&amp;ssl=1 300w, https:\/\/i0.wp.com\/aiartfree.online\/wp-content\/uploads\/2025\/03\/WX20250307-114300%402x.webp?resize=1024%2C314&amp;ssl=1 1024w, https:\/\/i0.wp.com\/aiartfree.online\/wp-content\/uploads\/2025\/03\/WX20250307-114300%402x.webp?resize=768%2C235&amp;ssl=1 768w, https:\/\/i0.wp.com\/aiartfree.online\/wp-content\/uploads\/2025\/03\/WX20250307-114300%402x.webp?resize=1536%2C471&amp;ssl=1 1536w, https:\/\/i0.wp.com\/aiartfree.online\/wp-content\/uploads\/2025\/03\/WX20250307-114300%402x.webp?resize=18%2C6&amp;ssl=1 18w, https:\/\/i0.wp.com\/aiartfree.online\/wp-content\/uploads\/2025\/03\/WX20250307-114300%402x.webp?resize=600%2C184&amp;ssl=1 600w\" sizes=\"auto, (max-width: 1200px) 100vw, 1200px\" \/><\/a><\/figure>\n\n\n\n<p class=\"\">* <em>Beroende p\u00e5 din internethastighet kan det ta n\u00e5gra sekunder att ladda modellen.<\/em> \u2193<\/p>\n\n\n\n<style>\n  .iframe-container {\n    text-align: center;\n    border: 2px solid;\n    border-image-source: linear-gradient(to right, #16b86c, #912899);\n    border-image-slice: 1;\n    box-shadow: 0 0 10px rgba(0, 0, 0, 0.1);\n    border-radius: 15px;\n    position: relative; \/* \u4f7f loader \u7edd\u5bf9\u5b9a\u4f4d\u6709\u6548 *\/\n  }\n  .loader {\n    position: absolute;\n    top: 100px;\n    left: 50%;\n    transform: translate(-50%, -50%);\n    width: 40px;\n    height: 40px;\n    border: 4px solid #f3f3f3;\n    border-top: 4px solid #9834db;\n    border-radius: 50%;\n    animation: spin 1s linear infinite;\n  }\n  @keyframes spin {\n    0% { transform: translate(-50%, -50%) rotate(0deg); }\n    100% { transform: translate(-50%, -50%) rotate(360deg); }\n  }\n  iframe {\n    width: 100%;\n    height: 1550px;\n    border: none;\n    display: inline-block;\n    margin: 0 auto;\n    opacity: 0;\n    transition: opacity 0.3s ease;\n  }\n<\/style>\n\n<div class=\"iframe-container\">\n  <div id=\"loader\" class=\"loader\"><\/div>\n  <iframe\n    src=\"https:\/\/sanchit-gandhi-whisper-jax.hf.space\"\n    frameborder=\"0\"\n    onload=\"this.style.opacity=1;document.getElementById('loader').style.display='none';\"\n  ><\/iframe>\n<\/div>\n\n\n\n<div style=\"height:60px\" aria-hidden=\"true\" class=\"wp-block-spacer\"><\/div>\n\n\n\n<h2 class=\"wp-block-heading\">Den ultimata guiden f\u00f6r YouTube-transskript<\/h2>\n\n\n\n<h3 class=\"wp-block-heading\">Inneh\u00e5llsf\u00f6rteckning<\/h3>\n\n\n\n<ol class=\"wp-block-list\">\n<li class=\"\"><a href=\"#introduction\">Inledning<\/a><\/li>\n\n\n\n<li class=\"\"><a href=\"#what-is-a-youtube-transcript\">Vad \u00e4r ett YouTube-transkript?<\/a><\/li>\n\n\n\n<li class=\"\"><a href=\"#why-use-youtube-transcripts\">Varf\u00f6r anv\u00e4nda YouTube-transkriptioner?<\/a><\/li>\n\n\n\n<li class=\"\"><a href=\"#main-features-of-youtube-transcripts\">Huvudfunktioner i YouTube Transkriptioner<\/a>\n<ul class=\"wp-block-list\">\n<li class=\"\"><a href=\"#transcription-accuracy\">Noggrannhet i transkriptionen<\/a><\/li>\n\n\n\n<li class=\"\"><a href=\"#time-stamped-transcripts\">Tidsst\u00e4mplade utskrifter<\/a><\/li>\n\n\n\n<li class=\"\"><a href=\"#download-options\">Ladda ner alternativ<\/a><\/li>\n\n\n\n<li class=\"\"><a href=\"#editing-and-customization\">Redigering och anpassning<\/a><\/li>\n<\/ul>\n<\/li>\n\n\n\n<li class=\"\"><a href=\"#who-should-use-youtube-transcripts\">Vem ska anv\u00e4nda YouTube-transkriptioner?<\/a><\/li>\n\n\n\n<li class=\"\"><a href=\"#industries-benefiting-from-youtube-transcripts\">Branscher som drar nytta av YouTube-utskrifter<\/a><\/li>\n\n\n\n<li class=\"\"><a href=\"#how-to-use-youtube-transcripts\">Hur man anv\u00e4nder YouTube-utskrifter<\/a><\/li>\n\n\n\n<li class=\"\"><a href=\"#use-cases-of-youtube-transcripts\">Anv\u00e4ndningsfall f\u00f6r YouTube-utskrifter<\/a>\n<ul class=\"wp-block-list\">\n<li class=\"\"><a href=\"#content-creators\">Skapare av inneh\u00e5ll<\/a><\/li>\n\n\n\n<li class=\"\"><a href=\"#educators\">Utbildare<\/a><\/li>\n\n\n\n<li class=\"\"><a href=\"#marketers\">Marknadsf\u00f6rare<\/a><\/li>\n<\/ul>\n<\/li>\n\n\n\n<li class=\"\"><a href=\"#top-10-youtube-transcript-tools-and-information\">Topp 10 YouTube-transkriberingsverktyg och information<\/a><\/li>\n\n\n\n<li class=\"\"><a href=\"#advantages-disadvantages-and-challenges-in-the-industry\">F\u00f6rdelar, nackdelar och utmaningar i branschen<\/a><\/li>\n\n\n\n<li class=\"\"><a href=\"#faq\">VANLIGA FR\u00c5GOR<\/a><\/li>\n\n\n\n<li class=\"\"><a href=\"#conclusion\">Slutsats<\/a><\/li>\n<\/ol>\n\n\n\n<h3 class=\"wp-block-heading\">Inledning<\/h3>\n\n\n\n<p class=\"\">I den digitala tids\u00e5ldern \u00e4r tillg\u00e4ngligheten till inneh\u00e5ll av st\u00f6rsta vikt. Ett av de mest anv\u00e4ndbara verktygen f\u00f6r att f\u00f6rb\u00e4ttra tillg\u00e4ngligheten och engagemanget \u00e4r YouTube-utskriften. Den h\u00e4r guiden kommer att f\u00f6rdjupa sig i vad ett YouTube-transkript \u00e4r, varf\u00f6r det \u00e4r viktigt och hur man anv\u00e4nder det effektivt. Vi kommer ocks\u00e5 att utforska de b\u00e4sta tillg\u00e4ngliga verktygen, inklusive v\u00e5r b\u00e4sta rekommendation, <a href=\"https:\/\/aiartfree.online\/sv\/youtube-transkription\/\">https:\/\/aiartfree.online\/youtube-transcript\/<\/a>och tillhandah\u00e5lla en omfattande FAQ-sektion f\u00f6r att besvara vanliga fr\u00e5gor.<\/p>\n\n\n\n<figure class=\"wp-block-image size-full is-resized\"><img data-recalc-dims=\"1\" data-dominant-color=\"987d7b\" data-has-transparency=\"false\" decoding=\"async\" width=\"1024\" height=\"710\"   loading=\"lazy\" src=\"https:\/\/i0.wp.com\/aiartfree.online\/wp-content\/uploads\/2024\/07\/image-28-jpg.webp?resize=1024%2C710&#038;ssl=1\" alt=\"YouTube Transkription\" class=\"wp-image-3337 not-transparent\" style=\"--dominant-color: #987d7b; width:561px;height:auto\" srcset=\"https:\/\/i0.wp.com\/aiartfree.online\/wp-content\/uploads\/2024\/07\/image-28-jpg.webp?w=1024&amp;ssl=1 1024w, https:\/\/i0.wp.com\/aiartfree.online\/wp-content\/uploads\/2024\/07\/image-28-jpg.webp?resize=300%2C208&amp;ssl=1 300w, https:\/\/i0.wp.com\/aiartfree.online\/wp-content\/uploads\/2024\/07\/image-28-jpg.webp?resize=768%2C533&amp;ssl=1 768w, https:\/\/i0.wp.com\/aiartfree.online\/wp-content\/uploads\/2024\/07\/image-28-jpg.webp?resize=18%2C12&amp;ssl=1 18w, https:\/\/i0.wp.com\/aiartfree.online\/wp-content\/uploads\/2024\/07\/image-28-jpg.webp?resize=600%2C416&amp;ssl=1 600w\" sizes=\"auto, (max-width: 1024px) 100vw, 1024px\" \/><\/figure>\n\n\n\n<h3 class=\"wp-block-heading\">Vad \u00e4r ett YouTube-transkript?<\/h3>\n\n\n\n<p class=\"\">Ett YouTube-transkript \u00e4r en textuell representation av det talade inneh\u00e5llet i en YouTube-video. Det f\u00e5ngar varje ord som s\u00e4gs, ofta med tidsst\u00e4mplar, vilket g\u00f6r det l\u00e4ttare f\u00f6r tittarna att f\u00f6lja med, s\u00f6ka efter specifikt inneh\u00e5ll och anv\u00e4nda informationen p\u00e5 olika s\u00e4tt.<\/p>\n\n\n\n<h3 class=\"wp-block-heading\">Varf\u00f6r anv\u00e4nda YouTube-transkriptioner?<\/h3>\n\n\n\n<p class=\"\">Att anv\u00e4nda YouTube-transkriptioner ger m\u00e5nga f\u00f6rdelar:<\/p>\n\n\n\n<ol class=\"wp-block-list\">\n<li class=\"\"><strong>Tillg\u00e4nglighet<\/strong>: Utskrifter g\u00f6r inneh\u00e5llet tillg\u00e4ngligt f\u00f6r personer med h\u00f6rselneds\u00e4ttning.<\/li>\n\n\n\n<li class=\"\"><strong>S\u00f6kbarhet<\/strong>: Texttranskriptioner f\u00f6rb\u00e4ttrar s\u00f6kmotoroptimeringen (SEO) genom att g\u00f6ra videoinneh\u00e5ll s\u00f6kbart med nyckelord.<\/li>\n\n\n\n<li class=\"\"><strong>\u00c5teranv\u00e4ndning av inneh\u00e5ll<\/strong>: Transkriptioner kan \u00e5teranv\u00e4ndas i blogginl\u00e4gg, artiklar eller inneh\u00e5ll i sociala medier.<\/li>\n\n\n\n<li class=\"\"><strong>F\u00f6rst\u00e5else<\/strong>: Personer med annat modersm\u00e5l \u00e4n svenska kan f\u00f6rst\u00e5 videoinneh\u00e5llet b\u00e4ttre genom att l\u00e4sa med.<\/li>\n\n\n\n<li class=\"\"><strong>Engagemang<\/strong>: Transkriptioner h\u00e5ller tittarna engagerade genom att l\u00e5ta dem f\u00f6lja med i videon i textform.<\/li>\n<\/ol>\n\n\n\n<h3 class=\"wp-block-heading\">Huvudfunktioner i YouTube Transkriptioner<\/h3>\n\n\n\n<h4 class=\"wp-block-heading\">Noggrannhet i transkriptionen<\/h4>\n\n\n\n<p class=\"\">Noggrann transkribering \u00e4r avg\u00f6rande f\u00f6r hur anv\u00e4ndbar en utskrift \u00e4r. De b\u00e4sta verktygen erbjuder h\u00f6g noggrannhet, vilket minskar behovet av omfattande manuella korrigeringar.<\/p>\n\n\n\n<h4 class=\"wp-block-heading\">Tidsst\u00e4mplade utskrifter<\/h4>\n\n\n\n<p class=\"\">Tidsst\u00e4mplar g\u00f6r det enkelt f\u00f6r anv\u00e4ndare att navigera i videon och hoppa till specifika delar av inneh\u00e5llet efter behov.<\/p>\n\n\n\n<h4 class=\"wp-block-heading\">Ladda ner alternativ<\/h4>\n\n\n\n<p class=\"\">De b\u00e4sta verktygen tillhandah\u00e5ller olika nedladdningsformat (t.ex. SRT, TXT) f\u00f6r att s\u00e4kerst\u00e4lla kompatibilitet med olika plattformar och program.<\/p>\n\n\n\n<h4 class=\"wp-block-heading\">Redigering och anpassning<\/h4>\n\n\n\n<p class=\"\">M\u00f6jligheten att redigera och anpassa utskrifter s\u00e4kerst\u00e4ller att de uppfyller specifika anv\u00e4ndarbehov, till exempel genom att l\u00e4gga till anteckningar eller korrigera felaktigheter.<\/p>\n\n\n\n<h3 class=\"wp-block-heading\">Vem ska anv\u00e4nda YouTube-transkriptioner?<\/h3>\n\n\n\n<ul class=\"wp-block-list\">\n<li class=\"\"><strong>Skapare av inneh\u00e5ll<\/strong>: F\u00f6r att f\u00f6rb\u00e4ttra SEO och engagemang.<\/li>\n\n\n\n<li class=\"\"><strong>Utbildare<\/strong>: Att tillhandah\u00e5lla tillg\u00e4ngliga l\u00e4romedel.<\/li>\n\n\n\n<li class=\"\"><strong>Marknadsf\u00f6rare<\/strong>: F\u00f6r att extrahera inneh\u00e5ll f\u00f6r kampanjer och analys.<\/li>\n\n\n\n<li class=\"\"><strong>Forskare<\/strong>: Att transkribera intervjuer och presentationer f\u00f6r dataanalys.<\/li>\n\n\n\n<li class=\"\"><strong>Tittare<\/strong>: F\u00f6r att f\u00f6lja med i videor och f\u00f6rb\u00e4ttra f\u00f6rst\u00e5elsen.<\/li>\n<\/ul>\n\n\n\n<h3 class=\"wp-block-heading\">Branscher som drar nytta av YouTube-utskrifter<\/h3>\n\n\n\n<ul class=\"wp-block-list\">\n<li class=\"\"><strong>Utbildning<\/strong>: F\u00f6rb\u00e4ttra l\u00e4randeresurser.<\/li>\n\n\n\n<li class=\"\"><strong>Marknadsf\u00f6ring<\/strong>: F\u00f6rb\u00e4ttra inneh\u00e5llets r\u00e4ckvidd och engagemang.<\/li>\n\n\n\n<li class=\"\"><strong>Underh\u00e5llning<\/strong>: G\u00f6ra inneh\u00e5llet tillg\u00e4ngligt f\u00f6r en bredare publik.<\/li>\n\n\n\n<li class=\"\"><strong>Forskning<\/strong>: Underl\u00e4tta dataanalys och dokumentation.<\/li>\n\n\n\n<li class=\"\"><strong>H\u00e4lso- och sjukv\u00e5rd<\/strong>: Transkribering av medicinska f\u00f6rel\u00e4sningar och seminarier f\u00f6r professionell utveckling.<\/li>\n<\/ul>\n\n\n\n<h3 class=\"wp-block-heading\">Hur man anv\u00e4nder YouTube-utskrifter<\/h3>\n\n\n\n<ol class=\"wp-block-list\">\n<li class=\"\"><strong>Verktyg f\u00f6r att hitta en avskrift<\/strong>: Anv\u00e4nd ett p\u00e5litligt verktyg som <a href=\"https:\/\/aiartfree.online\/sv\/youtube-transkription\/\">https:\/\/aiartfree.online\/youtube-transcript\/<\/a>.<\/li>\n\n\n\n<li class=\"\"><strong>Ladda upp eller l\u00e4nka till videon<\/strong>: Ange l\u00e4nken till YouTube-videon.<\/li>\n\n\n\n<li class=\"\"><strong>Generera utskrifter<\/strong>: L\u00e5t verktyget bearbeta videon och generera transkriptionen.<\/li>\n\n\n\n<li class=\"\"><strong>Redigera och anpassa<\/strong>: G\u00f6r eventuella n\u00f6dv\u00e4ndiga \u00e4ndringar i utskriften.<\/li>\n\n\n\n<li class=\"\"><strong>Nedladdningar<\/strong>: Spara utskriften i \u00f6nskat format.<\/li>\n<\/ol>\n\n\n\n<h3 class=\"wp-block-heading\">Anv\u00e4ndningsfall f\u00f6r YouTube-utskrifter<\/h3>\n\n\n\n<h4 class=\"wp-block-heading\">Skapare av inneh\u00e5ll<\/h4>\n\n\n\n<p class=\"\">Inneh\u00e5llsskapare kan anv\u00e4nda transkriptioner f\u00f6r att f\u00f6rb\u00e4ttra SEO, vilket g\u00f6r deras videor mer uppt\u00e4ckbara. Transkriptioner kan ocks\u00e5 \u00e5teranv\u00e4ndas i blogginl\u00e4gg eller inneh\u00e5ll p\u00e5 sociala medier.<\/p>\n\n\n\n<h4 class=\"wp-block-heading\">Utbildare<\/h4>\n\n\n\n<p class=\"\">Utbildare kan tillhandah\u00e5lla utskrifter till studenter f\u00f6r att f\u00f6rb\u00e4ttra inl\u00e4rningen och tillg\u00e4ngligheten. Utskrifter \u00e4r ocks\u00e5 anv\u00e4ndbara f\u00f6r att skapa studiematerial och referensdokument.<\/p>\n\n\n\n<h4 class=\"wp-block-heading\">Marknadsf\u00f6rare<\/h4>\n\n\n\n<p class=\"\">Marknadsf\u00f6rare kan anv\u00e4nda utskrifter f\u00f6r att extrahera viktig information f\u00f6r kampanjer, skapa blogginl\u00e4gg och analysera konsumentbeteende och preferenser.<\/p>\n\n\n\n<h3 class=\"wp-block-heading\">Topp 10 YouTube-transkriberingsverktyg och information<\/h3>\n\n\n\n<figure class=\"wp-block-table\"><table class=\"has-fixed-layout\"><thead><tr><th>Webbplats<\/th><th>F\u00f6rdelar<\/th><th>Nackdelar<\/th><th>Utmaningar<\/th><th>F\u00f6rslag<\/th><\/tr><\/thead><tbody><tr><td><a href=\"https:\/\/aiartfree.online\/sv\/youtube-transkription\/\">YouTube Transkription<\/a><\/td><td>100% Gratis, obegr\u00e4nsad, ingen registrering, h\u00f6g noggrannhet<\/td><td>Begr\u00e4nsat spr\u00e5kst\u00f6d<\/td><td>S\u00e4kerst\u00e4lla h\u00f6g noggrannhet i alla videor<\/td><td>Ut\u00f6ka spr\u00e5kst\u00f6det<\/td><\/tr><tr><td>otter.ai<\/td><td>Exakta, samarbetsinriktade funktioner<\/td><td>Prenumeration kr\u00e4vs<\/td><td>Hantering av kostnader f\u00f6r stora team<\/td><td>Erbjuda mer prisv\u00e4rda planer<\/td><\/tr><tr><td>rev.com<\/td><td>Professionell noggrannhet, snabb handl\u00e4ggning<\/td><td>Kostsamt f\u00f6r l\u00e5nga videor<\/td><td>Bibeh\u00e5llen prisv\u00e4rdhet<\/td><td>Inf\u00f6r differentierad priss\u00e4ttning<\/td><\/tr><tr><td>temi.com<\/td><td>Prisv\u00e4rd, anv\u00e4ndarv\u00e4nlig<\/td><td>Noggrannheten kan variera<\/td><td>Balans mellan kostnad och kvalitet<\/td><td>F\u00f6rb\u00e4ttra noggrannheten<\/td><\/tr><tr><td>transcribeme.com<\/td><td>H\u00f6g noggrannhet, m\u00e4nsklig transkription tillg\u00e4nglig<\/td><td>Dyrt<\/td><td>Hantera kostnader f\u00f6r transkription<\/td><td>Erbjuda rabatter f\u00f6r bulkbest\u00e4llningar<\/td><\/tr><tr><td>sonix.ai<\/td><td>Snabb, kan integreras med redigeringsprogram<\/td><td>Prenumeration kr\u00e4vs<\/td><td>Motivera abonnemangskostnader<\/td><td>Erbjuda fler testalternativ<\/td><\/tr><tr><td>scribie.com<\/td><td>Prisv\u00e4rd, manuell transkription tillg\u00e4nglig<\/td><td>Begr\u00e4nsade funktioner<\/td><td>F\u00f6rb\u00e4ttrad funktionsupps\u00e4ttning<\/td><td>Ut\u00f6ka funktioner<\/td><\/tr><tr><td>happyscribe.com<\/td><td>Flerspr\u00e5kigt st\u00f6d, Anv\u00e4ndarv\u00e4nligt<\/td><td>Prenumeration kr\u00e4vs<\/td><td>Kostnadshantering<\/td><td>Inf\u00f6ra mer flexibel priss\u00e4ttning<\/td><\/tr><tr><td>descript.com<\/td><td>Redigeringsfunktioner, h\u00f6g noggrannhet<\/td><td>Brantare inl\u00e4rningskurva<\/td><td>Anv\u00e4ndarv\u00e4nligt gr\u00e4nssnitt<\/td><td>F\u00f6renkla gr\u00e4nssnittet<\/td><\/tr><tr><td><a href=\"https:\/\/trint.com\" target=\"_blank\" rel=\"noopener\">trint.com<\/a><\/td><td>Snabb, Samarbetsverktyg<\/td><td>Dyrt f\u00f6r enskilda anv\u00e4ndare<\/td><td>Kostnadseffektivitet<\/td><td>Erbjuda fler individuella anv\u00e4ndarplaner<\/td><\/tr><\/tbody><\/table><\/figure>\n\n\n\n<h3 class=\"wp-block-heading\">F\u00f6rdelar, nackdelar och utmaningar i branschen<\/h3>\n\n\n\n<h4 class=\"wp-block-heading\">F\u00f6rdelar<\/h4>\n\n\n\n<ul class=\"wp-block-list\">\n<li class=\"\">F\u00f6rb\u00e4ttrad tillg\u00e4nglighet och engagemang.<\/li>\n\n\n\n<li class=\"\">F\u00f6rb\u00e4ttrad SEO och uppt\u00e4ckbarhet.<\/li>\n\n\n\n<li class=\"\">M\u00e5ngsidigt \u00e5teranv\u00e4ndande av inneh\u00e5ll.<\/li>\n<\/ul>\n\n\n\n<h4 class=\"wp-block-heading\">Nackdelar<\/h4>\n\n\n\n<ul class=\"wp-block-list\">\n<li class=\"\">Varierande noggrannhet i olika verktyg.<\/li>\n\n\n\n<li class=\"\">Kostnader i samband med h\u00f6gkvalitativa transkriptionstj\u00e4nster.<\/li>\n<\/ul>\n\n\n\n<h4 class=\"wp-block-heading\">Utmaningar<\/h4>\n\n\n\n<ul class=\"wp-block-list\">\n<li class=\"\">Balans mellan kostnad och noggrannhet.<\/li>\n\n\n\n<li class=\"\">S\u00e4kerst\u00e4lla flerspr\u00e5kig support och anpassningsm\u00f6jligheter.<\/li>\n<\/ul>\n\n\n\n<h4 class=\"wp-block-heading\">F\u00f6rslag<\/h4>\n\n\n\n<ul class=\"wp-block-list\">\n<li class=\"\">Ut\u00f6ka spr\u00e5kst\u00f6det.<\/li>\n\n\n\n<li class=\"\">Erbjuda mer flexibla och prisv\u00e4rda prisplaner.<\/li>\n\n\n\n<li class=\"\">F\u00f6rb\u00e4ttra anv\u00e4ndargr\u00e4nssnitten f\u00f6r b\u00e4ttre anv\u00e4ndbarhet.<\/li>\n<\/ul>\n\n\n\n<h3 class=\"wp-block-heading\">VANLIGA FR\u00c5GOR<\/h3>\n\n\n\n<ol class=\"wp-block-list\">\n<li class=\"\"><strong>Hur f\u00e5r jag transkription av en YouTube-video?<\/strong>\n<ul class=\"wp-block-list\">\n<li class=\"\">Anv\u00e4nd ett verktyg som <a href=\"https:\/\/aiartfree.online\/sv\/youtube-transkription\/\">https:\/\/aiartfree.online\/youtube-transcript\/<\/a> f\u00f6r att enkelt generera utskrifter.<\/li>\n<\/ul>\n<\/li>\n\n\n\n<li class=\"\"><strong>Hur laddar jag ner ett transkript p\u00e5 YouTube?<\/strong>\n<ul class=\"wp-block-list\">\n<li class=\"\">Anv\u00e4nd YouTubes inbyggda transkriptionsfunktion eller ett verktyg fr\u00e5n tredje part f\u00f6r att ladda ner transkriptet.<\/li>\n<\/ul>\n<\/li>\n\n\n\n<li class=\"\"><strong>Hur f\u00e5r jag en utskrift av en YouTube-video?<\/strong>\n<ul class=\"wp-block-list\">\n<li class=\"\">Kopiera videol\u00e4nken och anv\u00e4nd ett transkriptionsverktyg f\u00f6r att generera och ladda ner utskriften.<\/li>\n<\/ul>\n<\/li>\n\n\n\n<li class=\"\"><strong>Hur f\u00e5r jag utskriften av en YouTube-video?<\/strong>\n<ul class=\"wp-block-list\">\n<li class=\"\">Anv\u00e4nd onlineverktyg som <a href=\"https:\/\/aiartfree.online\/sv\/\">aiartfree.online<\/a> f\u00f6r enkel generering av transkript.<\/li>\n<\/ul>\n<\/li>\n\n\n\n<li class=\"\"><strong>Hur f\u00e5r man transkript fr\u00e5n YouTube-video?<\/strong>\n<ul class=\"wp-block-list\">\n<li class=\"\">Klistra in videol\u00e4nken i ett verktyg f\u00f6r att generera utskrifter och ladda ner resultatet.<\/li>\n<\/ul>\n<\/li>\n\n\n\n<li class=\"\"><strong>Hur laddar jag ner transkript fr\u00e5n YouTube?<\/strong>\n<ul class=\"wp-block-list\">\n<li class=\"\">Anv\u00e4nd tj\u00e4nster fr\u00e5n tredje part f\u00f6r att ladda ner utskriften i olika format.<\/li>\n<\/ul>\n<\/li>\n\n\n\n<li class=\"\"><strong>Hur f\u00e5r jag YouTube-transkript?<\/strong>\n<ul class=\"wp-block-list\">\n<li class=\"\">F\u00e5 tillg\u00e5ng till videons transkribering via YouTube eller anv\u00e4nd externa verktyg f\u00f6r f\u00f6rb\u00e4ttrade funktioner.<\/li>\n<\/ul>\n<\/li>\n\n\n\n<li class=\"\"><strong>Hur genererar jag transkript f\u00f6r YouTube-videor?<\/strong>\n<ul class=\"wp-block-list\">\n<li class=\"\">Anv\u00e4nd automatiserade transkriptionstj\u00e4nster f\u00f6r snabba och korrekta resultat.<\/li>\n<\/ul>\n<\/li>\n\n\n\n<li class=\"\"><strong>Hur redigerar jag YouTube-transkript?<\/strong>\n<ul class=\"wp-block-list\">\n<li class=\"\">Ladda ner utskriften och g\u00f6r \u00e4ndringar i den med hj\u00e4lp av ett textredigeringsprogram.<\/li>\n<\/ul>\n<\/li>\n\n\n\n<li class=\"\"><strong>Hur anv\u00e4nder jag YouTube-transkript?<\/strong>\n<ul class=\"wp-block-list\">\n<li class=\"\">F\u00f6lj med i videon, s\u00f6k efter specifika termer eller \u00e5teranv\u00e4nd inneh\u00e5llet f\u00f6r andra anv\u00e4ndningsomr\u00e5den.<\/li>\n<\/ul>\n<\/li>\n<\/ol>\n\n\n\n<figure class=\"wp-block-image size-large is-resized\"><img data-recalc-dims=\"1\" data-dominant-color=\"888685\" data-has-transparency=\"false\" decoding=\"async\" width=\"1024\" height=\"490\"   loading=\"lazy\" src=\"https:\/\/i0.wp.com\/aiartfree.online\/wp-content\/uploads\/2024\/07\/WX20240730-201649%402x-1024x490.webp?resize=1024%2C490&#038;ssl=1\" alt=\"\" class=\"wp-image-3349 not-transparent\" style=\"--dominant-color: #888685; width:700px;height:auto\" srcset=\"https:\/\/i0.wp.com\/aiartfree.online\/wp-content\/uploads\/2024\/07\/WX20240730-201649%402x.jpg?resize=1024%2C490&amp;ssl=1 1024w, https:\/\/i0.wp.com\/aiartfree.online\/wp-content\/uploads\/2024\/07\/WX20240730-201649%402x.jpg?resize=300%2C144&amp;ssl=1 300w, https:\/\/i0.wp.com\/aiartfree.online\/wp-content\/uploads\/2024\/07\/WX20240730-201649%402x.jpg?resize=768%2C367&amp;ssl=1 768w, https:\/\/i0.wp.com\/aiartfree.online\/wp-content\/uploads\/2024\/07\/WX20240730-201649%402x.jpg?resize=1536%2C735&amp;ssl=1 1536w, https:\/\/i0.wp.com\/aiartfree.online\/wp-content\/uploads\/2024\/07\/WX20240730-201649%402x.jpg?resize=18%2C9&amp;ssl=1 18w, https:\/\/i0.wp.com\/aiartfree.online\/wp-content\/uploads\/2024\/07\/WX20240730-201649%402x.jpg?resize=600%2C287&amp;ssl=1 600w, https:\/\/i0.wp.com\/aiartfree.online\/wp-content\/uploads\/2024\/07\/WX20240730-201649%402x.jpg?w=1944&amp;ssl=1 1944w\" sizes=\"auto, (max-width: 1024px) 100vw, 1024px\" \/><\/figure>\n\n\n\n<h3 class=\"wp-block-heading\">Slutsats<\/h3>\n\n\n\n<p class=\"\">YouTube-transkriptioner \u00e4r ov\u00e4rderliga f\u00f6r att f\u00f6rb\u00e4ttra tillg\u00e4ngligheten, SEO och \u00e5teranv\u00e4ndning av inneh\u00e5ll. Genom att anv\u00e4nda p\u00e5litliga verktyg som <a href=\"https:\/\/aiartfree.online\/sv\/youtube-transkription\/\">https:\/\/aiartfree.online\/youtube-transcript\/<\/a>kan du enkelt generera, redigera och ladda ner transkriptioner. Utnyttja kraften i transkriptioner f\u00f6r att f\u00f6rb\u00e4ttra ditt videoinneh\u00e5ll och n\u00e5 en bredare publik.<\/p>\n\n\n\n<p class=\"\"><\/p>","protected":false},"excerpt":{"rendered":"<p>How to use YouTube Transcript * Depending on your internet speed, loading the model may take a few seconds. \u2193 The Ultimate Guide For YouTube Transcript Table of Contents Introduction In the digital age, content accessibility is paramount. One of the most useful tools for enhancing accessibility and engagement is the YouTube transcript. This guide &#8230; <a title=\"YouTube Transkription\" class=\"read-more\" href=\"https:\/\/aiartfree.online\/sv\/youtube-transkription\/\" aria-label=\"L\u00e4s mer om YouTube Transcript\">L\u00e4s mer<\/a><\/p>","protected":false},"author":1,"featured_media":3349,"parent":0,"menu_order":0,"comment_status":"open","ping_status":"closed","template":"","meta":{"nf_dc_page":"","footnotes":""},"class_list":["post-3319","page","type-page","status-publish","has-post-thumbnail"],"jetpack_sharing_enabled":true,"_links":{"self":[{"href":"https:\/\/aiartfree.online\/sv\/wp-json\/wp\/v2\/pages\/3319","targetHints":{"allow":["GET"]}}],"collection":[{"href":"https:\/\/aiartfree.online\/sv\/wp-json\/wp\/v2\/pages"}],"about":[{"href":"https:\/\/aiartfree.online\/sv\/wp-json\/wp\/v2\/types\/page"}],"author":[{"embeddable":true,"href":"https:\/\/aiartfree.online\/sv\/wp-json\/wp\/v2\/users\/1"}],"replies":[{"embeddable":true,"href":"https:\/\/aiartfree.online\/sv\/wp-json\/wp\/v2\/comments?post=3319"}],"version-history":[{"count":1,"href":"https:\/\/aiartfree.online\/sv\/wp-json\/wp\/v2\/pages\/3319\/revisions"}],"predecessor-version":[{"id":3604,"href":"https:\/\/aiartfree.online\/sv\/wp-json\/wp\/v2\/pages\/3319\/revisions\/3604"}],"wp:featuredmedia":[{"embeddable":true,"href":"https:\/\/aiartfree.online\/sv\/wp-json\/wp\/v2\/media\/3349"}],"wp:attachment":[{"href":"https:\/\/aiartfree.online\/sv\/wp-json\/wp\/v2\/media?parent=3319"}],"curies":[{"name":"wp","href":"https:\/\/api.w.org\/{rel}","templated":true}]}}