{"id":3292,"date":"2024-07-29T12:48:46","date_gmt":"2024-07-29T12:48:46","guid":{"rendered":"https:\/\/aiartfree.online\/?page_id=3292"},"modified":"2024-08-02T10:03:15","modified_gmt":"2024-08-02T10:03:15","slug":"vocal-remover","status":"publish","type":"page","link":"https:\/\/aiartfree.online\/sv\/sangborttagare\/","title":{"rendered":"Vocal Remover"},"content":{"rendered":"<h2 class=\"wp-block-heading\" id=\"how-to-use-vocal-remover\">Hur man anv\u00e4nder Vocal Remover<\/h2>\n\n\n\n<ol class=\"wp-block-list\">\n<li class=\"\">V\u00e4lj processmetod<\/li>\n\n\n\n<li class=\"\">V\u00e4lj VR-modell<\/li>\n\n\n\n<li class=\"\">V\u00e4lj f\u00f6nsterstorlek<\/li>\n\n\n\n<li class=\"\">Ladda upp eller sl\u00e4pp din ljudfil<\/li>\n\n\n\n<li class=\"\">Klicka p\u00e5 \"Starta bearbetning\"<\/li>\n\n\n\n<li class=\"\">V\u00e4nta, det var det!<\/li>\n<\/ol>\n\n\n\n<p class=\"\"><em>* Beroende p\u00e5 din internethastighet kan det ta n\u00e5gra sekunder att ladda modellen.<br>* Under den kontinuerliga genereringen sker en cachning och den nya bilden visas efter ca 3 sekunder.<\/em><\/p>\n\n\n\n<div class=\"iframe-wrapper\" style=\"position: relative; width: 100%; height: 1300px;\">\n  <div class=\"loading\" style=\"position: absolute; top: 50px; left: 50%; transform: translate(-50%, -50%); width: 40px; height: 40px; border: 3px solid #f0f0f0; border-top: 3px solid #db7093; border-radius: 50%; animation: spin 1s linear infinite;\"><\/div>\n  <iframe loading=\"lazy\" src=\"https:\/\/r3gm-ultimate-vocal-remover-webui.hf.space\" frameborder=\"0\" width=\"100%\" height=\"100%\" style=\"position: absolute; top: 0; left: 0; opacity: 0; transition: opacity 0.3s;\" onload=\"this.style.opacity=1;this.previousElementSibling.style.display='none';\"><\/iframe>\n<\/div>\n\n<style>\n@keyframes spin {\n  0% { transform: translate(-50%, -50%) rotate(0deg); }\n  100% { transform: translate(-50%, -50%) rotate(360deg); }\n}\n<\/style>\n\n\n\n<div style=\"height:50px\" aria-hidden=\"true\" class=\"wp-block-spacer\"><\/div>\n\n\n\n<h2 class=\"wp-block-heading\" id=\"vocal-remover-the-ultimate-guide-to-removing-vocals-from-songs\">Vocal Remover: Den ultimata guiden f\u00f6r att ta bort s\u00e5ng fr\u00e5n l\u00e5tar<\/h2>\n\n\n\n<div class=\"wp-block-rank-math-toc-block\" id=\"rank-math-toc\"><h3>Inneh\u00e5llsf\u00f6rteckning<\/h3><nav><ul><li><a href=\"#introduction\">Inledning<\/a><\/li><li><a href=\"#what-is-a-vocal-remover\">Vad \u00e4r en Vocal Remover?<\/a><\/li><li><a href=\"#why-use-a-vocal-remover\">Varf\u00f6r anv\u00e4nda en Vocal Remover?<\/a><\/li><li><a href=\"#who-can-benefit-from-using-a-vocal-remover\">Vem kan dra nytta av att anv\u00e4nda en Vocal Remover?<\/a><\/li><li><a href=\"#top-10-vocal-remover-tools-pros-cons-advantages-challenges-and-recommendations\">Topp 10 verktyg f\u00f6r borttagning av s\u00e5ng: F\u00f6r- och nackdelar, f\u00f6rdelar, utmaningar och rekommendationer<\/a><\/li><li><a href=\"#faq-frequently-asked-questions-about-vocal-removers\">VANLIGA FR\u00c5GOR: Vanliga fr\u00e5gor om Vocal Removers<\/a><\/li><li><a href=\"#conclusion\">Slutsats<\/a><\/li><\/ul><\/nav><\/div>\n\n\n\n<h3 class=\"wp-block-heading\" id=\"introduction\">Inledning<\/h3>\n\n\n\n<p class=\"\">Att ta bort s\u00e5ng fr\u00e5n l\u00e5tar kan vara en game-changer f\u00f6r musiker, producenter och hobbyister. Oavsett om du skapar karaokesp\u00e5r, remixar l\u00e5tar eller extraherar s\u00e5ng f\u00f6r utbildnings\u00e4ndam\u00e5l kan vokalborttagare g\u00f6ra processen enkel och effektiv. Den h\u00e4r artikeln kommer att utforska ins och outs f\u00f6r vokalborttagare, diskutera de b\u00e4sta tillg\u00e4ngliga verktygen och tillhandah\u00e5lla ett detaljerat FAQ-avsnitt f\u00f6r att svara p\u00e5 vanliga fr\u00e5gor.<\/p>\n\n\n\n<figure class=\"wp-block-image size-full is-resized\"><img data-recalc-dims=\"1\" data-dominant-color=\"58514d\" data-has-transparency=\"false\" decoding=\"async\" width=\"1024\" height=\"1024\"   loading=\"lazy\" src=\"https:\/\/i0.wp.com\/aiartfree.online\/wp-content\/uploads\/2024\/07\/image-31-2.webp?resize=1024%2C1024&#038;ssl=1\" alt=\"Uppt\u00e4ck de b\u00e4sta verktygen f\u00f6r att ta bort s\u00e5ng fr\u00e5n en l\u00e5t. Utforska gratis, obegr\u00e4nsade alternativ utan registrering och AI-driven AI Vocal Remover.\" class=\"wp-image-3297 not-transparent\" style=\"--dominant-color: #58514d; width:536px;height:auto\" srcset=\"https:\/\/i0.wp.com\/aiartfree.online\/wp-content\/uploads\/2024\/07\/image-31-2.webp?w=1024&amp;ssl=1 1024w, https:\/\/i0.wp.com\/aiartfree.online\/wp-content\/uploads\/2024\/07\/image-31-2.webp?resize=300%2C300&amp;ssl=1 300w, https:\/\/i0.wp.com\/aiartfree.online\/wp-content\/uploads\/2024\/07\/image-31-2.webp?resize=150%2C150&amp;ssl=1 150w, https:\/\/i0.wp.com\/aiartfree.online\/wp-content\/uploads\/2024\/07\/image-31-2.webp?resize=768%2C768&amp;ssl=1 768w, https:\/\/i0.wp.com\/aiartfree.online\/wp-content\/uploads\/2024\/07\/image-31-2.webp?resize=12%2C12&amp;ssl=1 12w, https:\/\/i0.wp.com\/aiartfree.online\/wp-content\/uploads\/2024\/07\/image-31-2.webp?resize=600%2C600&amp;ssl=1 600w, https:\/\/i0.wp.com\/aiartfree.online\/wp-content\/uploads\/2024\/07\/image-31-2.webp?resize=100%2C100&amp;ssl=1 100w\" sizes=\"auto, (max-width: 1024px) 100vw, 1024px\" \/><\/figure>\n\n\n\n<h3 class=\"wp-block-heading\" id=\"what-is-a-vocal-remover\">Vad \u00e4r en Vocal Remover?<\/h3>\n\n\n\n<p class=\"\">En vocal remover \u00e4r en programvara eller ett verktyg som anv\u00e4nder ljudbehandlingsalgoritmer f\u00f6r att isolera och ta bort s\u00e5ng fr\u00e5n ett musiksp\u00e5r. Den h\u00e4r processen innefattar vanligtvis fasavbrott och frekvensfiltreringstekniker f\u00f6r att skilja mellan vokala och instrumentala komponenter i en l\u00e5t.<\/p>\n\n\n\n<h3 class=\"wp-block-heading\" id=\"why-use-a-vocal-remover\">Varf\u00f6r anv\u00e4nda en Vocal Remover?<\/h3>\n\n\n\n<p class=\"\">Att anv\u00e4nda en s\u00e5ngborttagare ger flera f\u00f6rdelar:<\/p>\n\n\n\n<ul class=\"wp-block-list\">\n<li class=\"\"><strong>Kreativ frihet:<\/strong> G\u00f6r det m\u00f6jligt f\u00f6r musiker och producenter att skapa instrumentala versioner eller remixer av l\u00e5tar.<\/li>\n\n\n\n<li class=\"\"><strong>Karaoke-sp\u00e5r:<\/strong> G\u00f6r det m\u00f6jligt att skapa karaoke-sp\u00e5r genom att ta bort den ursprungliga s\u00e5ngen.<\/li>\n\n\n\n<li class=\"\"><strong>Verktyg f\u00f6r l\u00e4rande:<\/strong> Hj\u00e4lper musikstudenter och s\u00e5ngare att \u00f6va genom att sjunga tillsammans med instrumentala sp\u00e5r.<\/li>\n\n\n\n<li class=\"\"><strong>Skapande av inneh\u00e5ll:<\/strong> Anv\u00e4ndbart f\u00f6r inneh\u00e5llsskapare som beh\u00f6ver bakgrundsmusik utan s\u00e5ng.<\/li>\n<\/ul>\n\n\n\n<h3 class=\"wp-block-heading\" id=\"who-can-benefit-from-using-a-vocal-remover\">Vem kan dra nytta av att anv\u00e4nda en Vocal Remover?<\/h3>\n\n\n\n<p class=\"\">Vocal removers \u00e4r f\u00f6rdelaktiga f\u00f6r olika grupper, inklusive:<\/p>\n\n\n\n<ul class=\"wp-block-list\">\n<li class=\"\"><strong>Musiker och producenter:<\/strong> F\u00f6r att skapa remixer och instrumentala l\u00e5tar.<\/li>\n\n\n\n<li class=\"\"><strong>Karaoke-entusiaster:<\/strong> F\u00f6r att skapa karaoke-sp\u00e5r f\u00f6r s\u00e5ng.<\/li>\n\n\n\n<li class=\"\"><strong>Musikstudenter och l\u00e4rare:<\/strong> F\u00f6r utbildnings\u00e4ndam\u00e5l.<\/li>\n\n\n\n<li class=\"\"><strong>Skapare av inneh\u00e5ll:<\/strong> F\u00f6r att anv\u00e4nda bakgrundsmusik i videor eller presentationer.<\/li>\n\n\n\n<li class=\"\"><strong>DJ:s:<\/strong> F\u00f6r att skapa unika mixar och mashups.<\/li>\n<\/ul>\n\n\n\n<h3 class=\"wp-block-heading\" id=\"top-10-vocal-remover-tools-pros-cons-advantages-challenges-and-recommendations\">Topp 10 verktyg f\u00f6r borttagning av s\u00e5ng: F\u00f6r- och nackdelar, f\u00f6rdelar, utmaningar och rekommendationer<\/h3>\n\n\n\n<figure class=\"wp-block-table\"><table class=\"has-fixed-layout\"><thead><tr><th>Verktyg\/webbplats<\/th><th>Proffs<\/th><th>Nackdelar<\/th><th>F\u00f6rdelar<\/th><th>Utmaningar<\/th><th>Rekommendationer<\/th><\/tr><\/thead><tbody><tr><td><a href=\"https:\/\/aiartfree.online\/sv\/sangborttagare\/\">AI Art Free Vocal Remover<\/a><\/td><td>Gratis, obegr\u00e4nsat, ingen registrering, h\u00f6g ljudkvalitet<\/td><td>Begr\u00e4nsade anpassningsm\u00f6jligheter<\/td><td>Enkel att anv\u00e4nda, AI-driven<\/td><td>Hanterar kanske inte alla ljudformat<\/td><td>Perfekt f\u00f6r snabb och h\u00f6gkvalitativ borttagning av s\u00e5ng<\/td><\/tr><tr><td>Noteburner AI Vocal Remover<\/td><td>H\u00f6gkvalitativ vokal extraktion, anv\u00e4ndarv\u00e4nligt gr\u00e4nssnitt<\/td><td>Kr\u00e4ver k\u00f6p efter provperiod<\/td><td>Avancerade AI-algoritmer, bra kundsupport<\/td><td>H\u00f6gre kostnad j\u00e4mf\u00f6rt med andra verktyg<\/td><td>Idealisk f\u00f6r professionella som vill ha exakt borttagning av r\u00f6ster<\/td><\/tr><tr><td>PhonicMind<\/td><td>St\u00f6djer olika format, kapacitet f\u00f6r batchbearbetning<\/td><td>Betald tj\u00e4nst<\/td><td>Exakt separation av s\u00e5ng och instrument<\/td><td>Kr\u00e4ver stark internetuppkoppling<\/td><td>B\u00e4st f\u00f6r batchbearbetning och h\u00f6g noggrannhet<\/td><\/tr><tr><td>Lalal.ai<\/td><td>Enkla steg, ingen installation av programvara kr\u00e4vs<\/td><td>Begr\u00e4nsad fri anv\u00e4ndning<\/td><td>Snabb bearbetning, st\u00f6djer b\u00e5de ljud- och videofiler<\/td><td>Begr\u00e4nsad till korta banor i gratisversionen<\/td><td>L\u00e4mplig f\u00f6r anv\u00e4ndare som beh\u00f6ver snabb och okomplicerad borttagning av st\u00e4mband<\/td><\/tr><tr><td>Audacity<\/td><td>Gratis och \u00f6ppen k\u00e4llkod, Omfattande ljudredigeringsfunktioner<\/td><td>Brantare inl\u00e4rningskurva, manuell process<\/td><td>Anpassningsbar, st\u00f6djer flera format<\/td><td>Kr\u00e4ver viss teknisk kunskap<\/td><td>Perfekt f\u00f6r anv\u00e4ndare som beh\u00f6ver avancerade ljudredigeringsfunktioner<\/td><\/tr><tr><td>Spleeter<\/td><td>\u00d6ppen k\u00e4llkod, Python-baserad, mycket anpassningsbar<\/td><td>Kr\u00e4ver teknisk expertis, Kommandoradsverktyg<\/td><td>Kraftfulla AI-algoritmer, gratis<\/td><td>Installation och konfigurering kan vara komplicerad<\/td><td>B\u00e4st f\u00f6r tekniskt kunniga anv\u00e4ndare och utvecklare<\/td><\/tr><tr><td>VocalRemover.org<\/td><td>Gratis onlineverktyg, anv\u00e4ndarv\u00e4nligt gr\u00e4nssnitt<\/td><td>Begr\u00e4nsad till online-anv\u00e4ndning, annonser kan vara p\u00e5tr\u00e4ngande<\/td><td>Snabb och enkel att anv\u00e4nda, ingen nedladdning av programvara kr\u00e4vs<\/td><td>Ljudkvaliteten kan variera beroende p\u00e5 sp\u00e5r<\/td><td>Perfekt f\u00f6r vardagliga anv\u00e4ndare och snabba arbetsuppgifter<\/td><\/tr><tr><td><a href=\"http:\/\/X-Minus.pro\" target=\"_blank\" data-type=\"link\" data-id=\"X-Minus.pro\" rel=\"noreferrer noopener\">X-Minus.pro<\/a><\/td><td>H\u00f6gkvalitativ utdata, st\u00f6d f\u00f6r flera spr\u00e5k<\/td><td>Prenumerationsbaserad<\/td><td>H\u00f6g noggrannhet, batchbearbetning<\/td><td>Kr\u00e4ver prenumeration f\u00f6r fullst\u00e4ndiga funktioner<\/td><td>Idealisk f\u00f6r frekventa anv\u00e4ndare som beh\u00f6ver j\u00e4mn kvalitet<\/td><\/tr><tr><td>Karaoke vad som helst<\/td><td>Fri programvara, enkelt gr\u00e4nssnitt<\/td><td>Begr\u00e4nsade funktioner, endast Windows<\/td><td>Enkel att anv\u00e4nda, effektiv f\u00f6r grundl\u00e4ggande r\u00f6stborttagning<\/td><td>Endast tillg\u00e4ngligt p\u00e5 Windows<\/td><td>Bra f\u00f6r nyb\u00f6rjare<\/td><\/tr><tr><td>WavePad ljudredigerare<\/td><td>Omfattande ljudredigeringssvit, st\u00f6d f\u00f6r flera format<\/td><td>Betald programvara<\/td><td>M\u00e5ngsidig, inneh\u00e5ller m\u00e5nga ljudeffekter<\/td><td>Kan vara \u00f6verv\u00e4ldigande f\u00f6r nya anv\u00e4ndare<\/td><td>Utm\u00e4rkt f\u00f6r anv\u00e4ndare som beh\u00f6ver en ljudredigeringssvit med alla funktioner<\/td><\/tr><\/tbody><\/table><\/figure>\n\n\n\n<h3 class=\"wp-block-heading\" id=\"faq-frequently-asked-questions-about-vocal-removers\">VANLIGA FR\u00c5GOR: Vanliga fr\u00e5gor om Vocal Removers<\/h3>\n\n\n\n<ol class=\"wp-block-list\">\n<li class=\"\"><strong>Hur tar man bort s\u00e5ng fr\u00e5n en l\u00e5t?<\/strong>\n<ul class=\"wp-block-list\">\n<li class=\"\">Du kan anv\u00e4nda verktyg f\u00f6r borttagning av s\u00e5ng som AI Art Free Vocal Remover eller Audacity f\u00f6r att isolera och ta bort s\u00e5ng fr\u00e5n ett sp\u00e5r.<\/li>\n<\/ul>\n<\/li>\n\n\n\n<li class=\"\"><strong>Hur tar man bort s\u00e5ng fr\u00e5n en l\u00e5t?<\/strong>\n<ul class=\"wp-block-list\">\n<li class=\"\">De flesta verktyg anv\u00e4nder fasupph\u00e4vning och frekvensfiltrering f\u00f6r att ta bort s\u00e5ng. Ladda bara upp ditt sp\u00e5r och f\u00f6lj verktygets instruktioner.<\/li>\n<\/ul>\n<\/li>\n\n\n\n<li class=\"\"><strong>Hur kan jag ta bort s\u00e5ng fr\u00e5n en l\u00e5t?<\/strong>\n<ul class=\"wp-block-list\">\n<li class=\"\">V\u00e4lj ett verktyg f\u00f6r borttagning av s\u00e5ng, ladda upp din ljudfil och l\u00e5t verktyget bearbeta filen f\u00f6r att ta bort s\u00e5ngen.<\/li>\n<\/ul>\n<\/li>\n\n\n\n<li class=\"\"><strong>Hur tar man bort s\u00e5ng fr\u00e5n ett sp\u00e5r?<\/strong>\n<ul class=\"wp-block-list\">\n<li class=\"\">Anv\u00e4nd programvara som Noteburner AI Vocal Remover eller onlineverktyg som Lalal.ai f\u00f6r att bearbeta och ta bort s\u00e5ng fr\u00e5n ditt sp\u00e5r.<\/li>\n<\/ul>\n<\/li>\n\n\n\n<li class=\"\"><strong>Hur tar man bort s\u00e5ng fr\u00e5n musik?<\/strong>\n<ul class=\"wp-block-list\">\n<li class=\"\">Verktyg som PhonicMind och VocalRemover.org erbjuder enkla s\u00e4tt att ta bort s\u00e5ng fr\u00e5n musiksp\u00e5r online.<\/li>\n<\/ul>\n<\/li>\n\n\n\n<li class=\"\"><strong>\u00c4r det m\u00f6jligt att ta bort s\u00e5ng fr\u00e5n en l\u00e5t helt och h\u00e5llet?<\/strong>\n<ul class=\"wp-block-list\">\n<li class=\"\">Det \u00e4r en utmaning att ta bort s\u00e5ng helt utan att p\u00e5verka ljudkvaliteten, men avancerade verktyg kan uppn\u00e5 h\u00f6g precision.<\/li>\n<\/ul>\n<\/li>\n\n\n\n<li class=\"\"><strong>Vad \u00e4r den b\u00e4sta s\u00e5ngborttagaren?<\/strong>\n<ul class=\"wp-block-list\">\n<li class=\"\">Den b\u00e4sta s\u00e5ngborttagaren beror p\u00e5 dina behov. AI Art Free Vocal Remover \u00e4r utm\u00e4rkt f\u00f6r snabb anv\u00e4ndning, medan Noteburner AI Vocal Remover \u00e4r utm\u00e4rkt f\u00f6r proffs.<\/li>\n<\/ul>\n<\/li>\n\n\n\n<li class=\"\"><strong>Kan r\u00f6stborttagare separera s\u00e5ng fr\u00e5n bakgrundsmusik p\u00e5 ett korrekt s\u00e4tt?<\/strong>\n<ul class=\"wp-block-list\">\n<li class=\"\">Ja, m\u00e5nga s\u00e5ngborttagare, s\u00e4rskilt de som anv\u00e4nder AI-algoritmer, kan noggrant separera s\u00e5ng fr\u00e5n bakgrundsmusik.<\/li>\n<\/ul>\n<\/li>\n\n\n\n<li class=\"\"><strong>Finns det n\u00e5gra gratis verktyg f\u00f6r borttagning av s\u00e5ng?<\/strong>\n<ul class=\"wp-block-list\">\n<li class=\"\">Ja, verktyg som VocalRemover.org och Audacity erbjuder gratis alternativ f\u00f6r att ta bort s\u00e5ng fr\u00e5n l\u00e5tar.<\/li>\n<\/ul>\n<\/li>\n\n\n\n<li class=\"\"><strong>Fungerar vokalborttagare p\u00e5 alla ljudfiler?<\/strong>\n<ul class=\"wp-block-list\">\n<li class=\"\">De flesta s\u00e5ngborttagare st\u00f6der vanliga ljudformat, men effektiviteten kan variera beroende p\u00e5 sp\u00e5rets kvalitet och komplexitet.<\/li>\n<\/ul>\n<\/li>\n<\/ol>\n\n\n\n<h3 class=\"wp-block-heading\" id=\"conclusion\">Slutsats<\/h3>\n\n\n\n<p class=\"\">Vocal removers \u00e4r ov\u00e4rderliga verktyg f\u00f6r musiker, producenter och inneh\u00e5llsskapare. Med r\u00e4tt verktyg kan du enkelt skapa instrumentala versioner, remixer och karaokesp\u00e5r. Den h\u00e4r guiden ger en \u00f6versikt \u00f6ver de b\u00e4sta verktygen f\u00f6r r\u00f6stborttagning som finns tillg\u00e4ngliga, tillsammans med deras f\u00f6rdelar, nackdelar och rekommendationer f\u00f6r att hj\u00e4lpa dig att g\u00f6ra ett v\u00e4lgrundat val.<\/p>","protected":false},"excerpt":{"rendered":"<p>How to use Vocal Remover *&nbsp;Depending on your internet speed, loading the model may take a few seconds.* There will be caching during continuous generation, and the new image will appear after about 3 seconds. Vocal Remover: The Ultimate Guide to Removing Vocals from Songs Introduction Removing vocals from songs can be a game-changer for &#8230; <a title=\"Vocal Remover\" class=\"read-more\" href=\"https:\/\/aiartfree.online\/sv\/sangborttagare\/\" aria-label=\"L\u00e4s mer om Vocal Remover\">L\u00e4s mer<\/a><\/p>","protected":false},"author":1,"featured_media":3297,"parent":0,"menu_order":0,"comment_status":"closed","ping_status":"closed","template":"","meta":{"nf_dc_page":"","footnotes":""},"class_list":["post-3292","page","type-page","status-publish","has-post-thumbnail"],"jetpack_sharing_enabled":true,"_links":{"self":[{"href":"https:\/\/aiartfree.online\/sv\/wp-json\/wp\/v2\/pages\/3292","targetHints":{"allow":["GET"]}}],"collection":[{"href":"https:\/\/aiartfree.online\/sv\/wp-json\/wp\/v2\/pages"}],"about":[{"href":"https:\/\/aiartfree.online\/sv\/wp-json\/wp\/v2\/types\/page"}],"author":[{"embeddable":true,"href":"https:\/\/aiartfree.online\/sv\/wp-json\/wp\/v2\/users\/1"}],"replies":[{"embeddable":true,"href":"https:\/\/aiartfree.online\/sv\/wp-json\/wp\/v2\/comments?post=3292"}],"version-history":[{"count":0,"href":"https:\/\/aiartfree.online\/sv\/wp-json\/wp\/v2\/pages\/3292\/revisions"}],"wp:featuredmedia":[{"embeddable":true,"href":"https:\/\/aiartfree.online\/sv\/wp-json\/wp\/v2\/media\/3297"}],"wp:attachment":[{"href":"https:\/\/aiartfree.online\/sv\/wp-json\/wp\/v2\/media?parent=3292"}],"curies":[{"name":"wp","href":"https:\/\/api.w.org\/{rel}","templated":true}]}}