{"id":3281,"date":"2024-07-28T12:00:16","date_gmt":"2024-07-28T12:00:16","guid":{"rendered":"https:\/\/aiartfree.online\/?page_id=3281"},"modified":"2024-08-02T11:09:05","modified_gmt":"2024-08-02T11:09:05","slug":"watermark-remover","status":"publish","type":"page","link":"https:\/\/aiartfree.online\/sv\/borttagning-av-vattenstampel\/","title":{"rendered":"Borttagning av vattenst\u00e4mpel"},"content":{"rendered":"<h2 class=\"wp-block-heading has-text-align-center\" id=\"before-vs-after\">F\u00f6re vs efter<\/h2>\n\n\n\n<figure class=\"gb-block-image gb-block-image-1822da1f\"><img data-recalc-dims=\"1\" decoding=\"async\" loading=\"lazy\" width=\"1024\" height=\"518\" class=\"gb-image gb-image-1822da1f\" src=\"https:\/\/i0.wp.com\/aiartfree.online\/wp-content\/uploads\/2024\/07\/WX20240729-171649%402x-1024x518.webp?resize=1024%2C518&#038;ssl=1\" alt=\"En vattenst\u00e4mpelborttagare anv\u00e4nder AI f\u00f6r att radera logotyper, text eller grafik som lagts p\u00e5 foton eller videor och \u00e5terst\u00e4ller originalmediet genom att ta bort \u00e4garm\u00e4rken.\" title=\"WX20240729-171649@2x\" srcset=\"https:\/\/i0.wp.com\/aiartfree.online\/wp-content\/uploads\/2024\/07\/WX20240729-171649%402x-scaled.webp?resize=1024%2C518&amp;ssl=1 1024w, https:\/\/i0.wp.com\/aiartfree.online\/wp-content\/uploads\/2024\/07\/WX20240729-171649%402x-scaled.webp?resize=300%2C152&amp;ssl=1 300w, https:\/\/i0.wp.com\/aiartfree.online\/wp-content\/uploads\/2024\/07\/WX20240729-171649%402x-scaled.webp?resize=768%2C388&amp;ssl=1 768w, https:\/\/i0.wp.com\/aiartfree.online\/wp-content\/uploads\/2024\/07\/WX20240729-171649%402x-scaled.webp?resize=1536%2C777&amp;ssl=1 1536w, https:\/\/i0.wp.com\/aiartfree.online\/wp-content\/uploads\/2024\/07\/WX20240729-171649%402x-scaled.webp?resize=2048%2C1036&amp;ssl=1 2048w, https:\/\/i0.wp.com\/aiartfree.online\/wp-content\/uploads\/2024\/07\/WX20240729-171649%402x-scaled.webp?resize=18%2C9&amp;ssl=1 18w, https:\/\/i0.wp.com\/aiartfree.online\/wp-content\/uploads\/2024\/07\/WX20240729-171649%402x-scaled.webp?resize=600%2C303&amp;ssl=1 600w, https:\/\/i0.wp.com\/aiartfree.online\/wp-content\/uploads\/2024\/07\/WX20240729-171649%402x-scaled.webp?w=2400&amp;ssl=1 2400w\" sizes=\"auto, (max-width: 1024px) 100vw, 1024px\" \/><\/figure>\n\n\n\n<h2 class=\"wp-block-heading\" id=\"how-to-use-watermark-remover\">Hur man anv\u00e4nder Watermark Remover<\/h2>\n\n\n\n<ol class=\"wp-block-list\">\n<li class=\"\">Sl\u00e4pp eller ladda upp din bild<\/li>\n\n\n\n<li class=\"\"><strong>Rita (pensla) den del av bilden som du vill ta bort<\/strong><\/li>\n\n\n\n<li class=\"\">Klicka p\u00e5 \"Skicka\"<\/li>\n\n\n\n<li class=\"\">V\u00e4nta, det var det!<\/li>\n<\/ol>\n\n\n\n<p class=\"\"><em>* Beroende p\u00e5 din internethastighet kan det ta n\u00e5gra sekunder att ladda modellen.<br>* Under den kontinuerliga genereringen sker en cachning och den nya bilden visas efter ca 3 sekunder.<\/em><\/p>\n\n\n\n<div style=\"text-align: center; border: 2px solid; border-image-source: linear-gradient(to right, #16b86c, #912899); border-image-slice: 1; box-shadow: 0 0 10px rgba(0, 0, 0, 0.1); border-radius: 15px; position: relative;\">\n  <div id=\"loading\" style=\"position: absolute; top: 100px; left: 50%; transform: translate(-50%, -50%); z-index: 1000;\">\n    <div style=\"width: 50px; height: 50px; border: 5px solid #f3f3f3; border-top: 5px solid #16b86c; border-radius: 50%; animation: spin 1s linear infinite;\"><\/div>\n  <\/div>\n  <iframe loading=\"lazy\"\n    src=\"https:\/\/rooc-remove-photo-object.hf.space\"\n    frameborder=\"0\"\n    width=\"100%\"\n    height=\"2500\"\n    style=\"display: inline-block; margin: 0 auto;\"\n    onload=\"document.getElementById('loading').style.display='none';\"\n  ><\/iframe>\n<\/div>\n\n<style>\n  @keyframes spin {\n    0% { transform: rotate(0deg); }\n    100% { transform: rotate(360deg); }\n  }\n<\/style>\n\n\n\n<div style=\"height:50px\" aria-hidden=\"true\" class=\"wp-block-spacer\"><\/div>\n\n\n\n<h2 class=\"wp-block-heading\" id=\"introduction-of-watermark-remover\">Introduktion av vattenst\u00e4mpelborttagare<\/h2>\n\n\n\n<div class=\"wp-block-rank-math-toc-block\" id=\"rank-math-toc\"><h3>Inneh\u00e5llsf\u00f6rteckning<\/h3><nav><ul><li><a href=\"#what-is-a-watermark-remover\">Vad \u00e4r en borttagare av vattenst\u00e4mpel?<\/a><\/li><li><a href=\"#why-use-a-watermark-remover\">Varf\u00f6r anv\u00e4nda en vattenst\u00e4mpelborttagare?<\/a><\/li><li><a href=\"#who-can-benefit-from-using-a-watermark-remover\">Vem kan dra nytta av att anv\u00e4nda en vattenst\u00e4mpelborttagare?<\/a><\/li><li><a href=\"#top-10-watermark-remover-tools-features-pros-cons-advantages-challenges-and-suggestions\">Topp 10 verktyg f\u00f6r borttagning av vattenst\u00e4mpel: Funktioner, f\u00f6rdelar, nackdelar, f\u00f6rdelar, utmaningar och f\u00f6rslag<\/a><\/li><li><a href=\"#frequently-asked-questions-faq\">Vanliga fr\u00e5gor och svar (FAQ)<\/a><\/li><\/ul><\/nav><\/div>\n\n\n\n<h3 class=\"wp-block-heading\" id=\"what-is-a-watermark-remover\">Vad \u00e4r en borttagare av vattenst\u00e4mpel?<\/h3>\n\n\n\n<p class=\"\">En vattenst\u00e4mpelborttagare \u00e4r ett verktyg eller en programvara som \u00e4r utformad f\u00f6r att ta bort vattenst\u00e4mplar fr\u00e5n foton eller videor. Vattenst\u00e4mplar \u00e4r vanligtvis logotyper, text eller annan grafik som l\u00e4ggs p\u00e5 bilder eller videor f\u00f6r att ange \u00e4gander\u00e4tt eller upphovsr\u00e4tt. En vattenst\u00e4mpelborttagare anv\u00e4nder avancerade algoritmer, ofta drivna av AI, f\u00f6r att identifiera och radera dessa vattenst\u00e4mplar, vilket l\u00e4mnar originalbilden eller videon intakt.<\/p>\n\n\n\n<h3 class=\"wp-block-heading\" id=\"why-use-a-watermark-remover\">Varf\u00f6r anv\u00e4nda en vattenst\u00e4mpelborttagare?<\/h3>\n\n\n\n<p class=\"\">Att anv\u00e4nda en vattenst\u00e4mpelborttagare kan vara avg\u00f6rande av flera sk\u00e4l:<\/p>\n\n\n\n<ul class=\"wp-block-list\">\n<li class=\"\"><strong>Restaurering<\/strong>: Hj\u00e4lper till att \u00e5terst\u00e4lla originalmedia utan n\u00e5gra hinder.<\/li>\n\n\n\n<li class=\"\"><strong>Professionell anv\u00e4ndning<\/strong>: Oumb\u00e4rlig f\u00f6r fotografer, videografer och designers som beh\u00f6ver rena bilder och videor f\u00f6r sitt arbete.<\/li>\n\n\n\n<li class=\"\"><strong>Redigering av inneh\u00e5ll<\/strong>: G\u00f6r det m\u00f6jligt f\u00f6r anv\u00e4ndare att redigera och \u00e5teranv\u00e4nda media utan att distraheras av vattenst\u00e4mplar.<\/li>\n\n\n\n<li class=\"\"><strong>Juridisk anv\u00e4ndning<\/strong>: Det \u00e4r viktigt att ta bort vattenst\u00e4mplar fr\u00e5n media som du har r\u00e4tt till men som har vattenst\u00e4mplats p\u00e5 grund av tidigare anv\u00e4ndning eller distribution.<\/li>\n<\/ul>\n\n\n\n<h3 class=\"wp-block-heading\" id=\"who-can-benefit-from-using-a-watermark-remover\">Vem kan dra nytta av att anv\u00e4nda en vattenst\u00e4mpelborttagare?<\/h3>\n\n\n\n<p class=\"\">Olika individer och branscher kan dra nytta av att anv\u00e4nda en vattenst\u00e4mpelborttagare, inklusive:<\/p>\n\n\n\n<ul class=\"wp-block-list\">\n<li class=\"\"><strong>Fotografer<\/strong>: Att reng\u00f6ra sina bilder f\u00f6r portfoliopresentation.<\/li>\n\n\n\n<li class=\"\"><strong>Skapare av inneh\u00e5ll<\/strong>: F\u00f6r att skapa vattenst\u00e4mpelfritt inneh\u00e5ll f\u00f6r sociala medier och webbplatser.<\/li>\n\n\n\n<li class=\"\"><strong>Professionella marknadsf\u00f6rare<\/strong>: F\u00f6r att s\u00e4kerst\u00e4lla att reklammaterialet \u00e4r rent och ser professionellt ut.<\/li>\n\n\n\n<li class=\"\"><strong>Utbildare<\/strong>: F\u00f6r att anv\u00e4nda bilder och videor i presentationer och utbildningsmaterial utan distraktioner.<\/li>\n\n\n\n<li class=\"\"><strong>F\u00f6retag<\/strong>: Att uppr\u00e4tth\u00e5lla en professionell image i marknadsf\u00f6rings- och varum\u00e4rkesmaterial.<\/li>\n<\/ul>\n\n\n\n<h3 class=\"wp-block-heading\" id=\"top-10-watermark-remover-tools-features-pros-cons-advantages-challenges-and-suggestions\">Topp 10 verktyg f\u00f6r borttagning av vattenst\u00e4mpel: Funktioner, f\u00f6rdelar, nackdelar, f\u00f6rdelar, utmaningar och f\u00f6rslag<\/h3>\n\n\n\n<figure class=\"wp-block-table\"><table class=\"has-fixed-layout\"><thead><tr><th>Verktygets namn<\/th><th>URL<\/th><th>Funktioner<\/th><th>Proffs<\/th><th>Nackdelar<\/th><th>F\u00f6rdelar<\/th><th>Utmaningar<\/th><th>F\u00f6rslag<\/th><\/tr><\/thead><tbody><tr><td>AI Art gratis borttagning av vattenst\u00e4mpel<\/td><td><a href=\"https:\/\/aiartfree.online\/sv\/borttagning-av-vattenstampel\/\">AI Konst Fri<\/a><\/td><td>Gratis, obegr\u00e4nsad, ingen registrering, AI-driven, anv\u00e4ndarv\u00e4nlig<\/td><td>L\u00e4tt att anv\u00e4nda, Gratis, Ingen registrering kr\u00e4vs, H\u00f6gkvalitativ utdata<\/td><td>Begr\u00e4nsade avancerade funktioner<\/td><td>Utm\u00e4rkt f\u00f6r snabb och enkel borttagning<\/td><td>Fungerar kanske inte s\u00e5 bra p\u00e5 komplexa bakgrunder<\/td><td>Idealisk f\u00f6r tillf\u00e4lliga anv\u00e4ndare som beh\u00f6ver snabb borttagning av vattenst\u00e4mplar<\/td><\/tr><tr><td>Ta bort.bg<\/td><td>Ta bort.bg<\/td><td>AI-driven, St\u00f6der foton<\/td><td>H\u00f6g noggrannhet, anv\u00e4ndarv\u00e4nlig<\/td><td>Begr\u00e4nsad till foton, inte gratis<\/td><td>Perfekt f\u00f6r fotografer<\/td><td>Prenumeration kr\u00e4vs f\u00f6r premiumfunktioner<\/td><td>Perfekt f\u00f6r anv\u00e4ndare som fokuserar p\u00e5 foton<\/td><\/tr><tr><td>Inpaint<\/td><td>Inpaint<\/td><td>Manuellt val, St\u00f6djer olika format<\/td><td>H\u00f6g kontroll, m\u00e5ngsidig<\/td><td>Manuell process kan vara tidskr\u00e4vande<\/td><td>Idealisk f\u00f6r detaljarbete<\/td><td>Brant inl\u00e4rningskurva<\/td><td>Rekommenderas f\u00f6r avancerade anv\u00e4ndare<\/td><\/tr><tr><td>Apowersoft vattenst\u00e4mpel borttagare<\/td><td>Apowersoft<\/td><td>Batchbehandling, st\u00f6d f\u00f6r foton och videor<\/td><td>Effektiv, m\u00e5ngsidig<\/td><td>Prenumeration kr\u00e4vs f\u00f6r fullst\u00e4ndiga funktioner<\/td><td>Bra f\u00f6r st\u00f6rre uppgifter<\/td><td>Kan vara kostsamt<\/td><td>B\u00e4st f\u00f6r frekventa anv\u00e4ndare med stora behov<\/td><\/tr><tr><td>HitPaw vattenst\u00e4mpel borttagare<\/td><td>HitPaw<\/td><td>St\u00f6d f\u00f6r foton och videor, AI-driven<\/td><td>H\u00f6g kvalitet, m\u00e5ngsidig<\/td><td>Prenumeration kr\u00e4vs f\u00f6r fullst\u00e4ndiga funktioner<\/td><td>L\u00e4mplig f\u00f6r b\u00e5de foton och videor<\/td><td>Kan vara dyrt<\/td><td>Perfekt f\u00f6r professionella anv\u00e4ndare<\/td><\/tr><tr><td>SoftOrbits borttagning av fotost\u00e4mpel<\/td><td>SoftOrbits<\/td><td>AI-driven, st\u00f6djer batchbearbetning<\/td><td>Effektivt, exakt<\/td><td>Prenumeration kr\u00e4vs f\u00f6r premiumfunktioner<\/td><td>Idealisk f\u00f6r massuppgifter<\/td><td>Dyrt f\u00f6r tillf\u00e4lliga anv\u00e4ndare<\/td><td>Rekommenderas f\u00f6r frekventa anv\u00e4ndare<\/td><\/tr><tr><td>Wondershare Fotophire<\/td><td>Fotofyr<\/td><td>St\u00f6djer olika format, l\u00e4tt att anv\u00e4nda<\/td><td>M\u00e5ngsidig, anv\u00e4ndarv\u00e4nlig<\/td><td>Prenumeration kr\u00e4vs f\u00f6r fullst\u00e4ndiga funktioner<\/td><td>Bra f\u00f6r nyb\u00f6rjare<\/td><td>Dyrt<\/td><td>Idealisk f\u00f6r nya anv\u00e4ndare<\/td><\/tr><tr><td>GIMP<\/td><td>GIMP<\/td><td>Gratis, \u00d6ppen k\u00e4llkod, Manuell redigering<\/td><td>Mycket anpassningsbar, gratis<\/td><td>Brant inl\u00e4rningskurva<\/td><td>Idealisk f\u00f6r detaljerad redigering<\/td><td>Komplexa gr\u00e4nssnitt<\/td><td>B\u00e4st f\u00f6r avancerade anv\u00e4ndare<\/td><\/tr><tr><td>PhotoWorks<\/td><td>PhotoWorks<\/td><td>AI-driven, st\u00f6djer olika format<\/td><td>Exakt, l\u00e4tt att anv\u00e4nda<\/td><td>Prenumeration kr\u00e4vs f\u00f6r fullst\u00e4ndiga funktioner<\/td><td>Perfekt f\u00f6r b\u00e5de vardagligt och professionellt bruk<\/td><td>Kan vara kostsamt<\/td><td>Perfekt f\u00f6r alla anv\u00e4ndarniv\u00e5er<\/td><\/tr><tr><td>Pixlr<\/td><td><a href=\"https:\/\/bingimagecreator.online\/\" target=\"_blank\" data-type=\"link\" data-id=\"https:\/\/bingimagecreator.online\/\" rel=\"noreferrer noopener\">Pixlr<\/a><\/td><td>Gratis, Onlineverktyg, Manuell redigering<\/td><td>Tillg\u00e4nglig, Gratis<\/td><td>Begr\u00e4nsade avancerade funktioner<\/td><td>Bra f\u00f6r snabba redigeringar<\/td><td>Begr\u00e4nsade funktioner<\/td><td>B\u00e4st f\u00f6r snabba och enkla uppgifter<\/td><\/tr><\/tbody><\/table><\/figure>\n\n\n\n<h3 class=\"wp-block-heading\" id=\"frequently-asked-questions-faq\">Vanliga fr\u00e5gor och svar (FAQ)<\/h3>\n\n\n\n<ol class=\"wp-block-list\">\n<li class=\"\"><strong>Hur tar man bort vattenst\u00e4mpel fr\u00e5n foto?<\/strong>\n<ul class=\"wp-block-list\">\n<li class=\"\">F\u00f6r att ta bort en vattenst\u00e4mpel fr\u00e5n ett foto kan du anv\u00e4nda onlineverktyg som AI Art Free Watermark Remover. Ladda bara upp fotot, v\u00e4lj vattenst\u00e4mpelomr\u00e5det s\u00e5 tar verktyget automatiskt bort det \u00e5t dig.<\/li>\n<\/ul>\n<\/li>\n\n\n\n<li class=\"\"><strong>Hur tar man bort vattenst\u00e4mpel fr\u00e5n video?<\/strong>\n<ul class=\"wp-block-list\">\n<li class=\"\">Anv\u00e4nd verktyg som Apowersoft Watermark Remover som st\u00f6der videoformat. Ladda upp videon, v\u00e4lj vattenst\u00e4mpelomr\u00e5det och verktyget kommer att bearbeta videon f\u00f6r att ta bort vattenst\u00e4mpeln.<\/li>\n<\/ul>\n<\/li>\n\n\n\n<li class=\"\"><strong>Finns det en gratis vattenst\u00e4mpelborttagare?<\/strong>\n<ul class=\"wp-block-list\">\n<li class=\"\">Ja, AI Art Free Watermark Remover \u00e4r ett gratis verktyg som till\u00e5ter obegr\u00e4nsad anv\u00e4ndning utan registrering.<\/li>\n<\/ul>\n<\/li>\n\n\n\n<li class=\"\"><strong>Kan AI ta bort vattenst\u00e4mplar?<\/strong>\n<ul class=\"wp-block-list\">\n<li class=\"\">Ja, AI-drivna verktyg som AI Art Free Watermark Remover och Remove.bg kan effektivt ta bort vattenst\u00e4mplar fr\u00e5n bilder med avancerade algoritmer.<\/li>\n<\/ul>\n<\/li>\n\n\n\n<li class=\"\"><strong>Vad \u00e4r den b\u00e4sta vattenst\u00e4mpelborttagaren f\u00f6r foton?<\/strong>\n<ul class=\"wp-block-list\">\n<li class=\"\">AI Art Free Watermark Remover och Remove.bg \u00e4r bland de b\u00e4sta verktygen f\u00f6r att ta bort vattenst\u00e4mplar fr\u00e5n foton p\u00e5 grund av deras h\u00f6ga noggrannhet och anv\u00e4ndarv\u00e4nlighet.<\/li>\n<\/ul>\n<\/li>\n\n\n\n<li class=\"\"><strong>Vad \u00e4r den b\u00e4sta vattenst\u00e4mpelborttagaren f\u00f6r videor?<\/strong>\n<ul class=\"wp-block-list\">\n<li class=\"\">Apowersoft Watermark Remover och HitPaw Watermark Remover \u00e4r utm\u00e4rkta val f\u00f6r att ta bort vattenst\u00e4mplar fr\u00e5n videor.<\/li>\n<\/ul>\n<\/li>\n\n\n\n<li class=\"\"><strong>Finns det n\u00e5gra vattenst\u00e4mpelborttagare med obegr\u00e4nsad anv\u00e4ndning?<\/strong>\n<ul class=\"wp-block-list\">\n<li class=\"\">Ja, AI Art Free Watermark Remover erbjuder obegr\u00e4nsad anv\u00e4ndning utan n\u00e5gon registrering eller prenumeration.<\/li>\n<\/ul>\n<\/li>\n\n\n\n<li class=\"\"><strong>Hur tar man bort o\u00f6nskade objekt fr\u00e5n bilder?<\/strong>\n<ul class=\"wp-block-list\">\n<li class=\"\">Verktyg som Inpaint g\u00f6r det m\u00f6jligt att manuellt markera och ta bort o\u00f6nskade objekt fr\u00e5n bilder, vilket ger exakt kontroll \u00f6ver redigeringsprocessen.<\/li>\n<\/ul>\n<\/li>\n\n\n\n<li class=\"\"><strong>Finns det anv\u00e4ndarv\u00e4nliga vattenst\u00e4mpelborttagare?<\/strong>\n<ul class=\"wp-block-list\">\n<li class=\"\">Ja, verktyg som AI Art Free Watermark Remover och Wondershare Fotophire \u00e4r k\u00e4nda f\u00f6r sina anv\u00e4ndarv\u00e4nliga gr\u00e4nssnitt.<\/li>\n<\/ul>\n<\/li>\n\n\n\n<li class=\"\"><strong>Kan vattenst\u00e4mpelborttagare bibeh\u00e5lla originalkvaliteten?<\/strong>\n<ul class=\"wp-block-list\">\n<li class=\"\">H\u00f6gkvalitativa verktyg som AI Art Free Watermark Remover och HitPaw Watermark Remover \u00e4r utformade f\u00f6r att bibeh\u00e5lla den ursprungliga kvaliteten p\u00e5 bilder och videor efter att ha tagit bort vattenst\u00e4mplar.<\/li>\n<\/ul>\n<\/li>\n<\/ol>","protected":false},"excerpt":{"rendered":"<p>Before vs After How to use Watermark Remover *&nbsp;Depending on your internet speed, loading the model may take a few seconds.* There will be caching during continuous generation, and the new image will appear after about 3 seconds. Introduction of Watermark Remover What is a Watermark Remover? A watermark remover is a tool or software &#8230; <a title=\"Borttagning av vattenst\u00e4mpel\" class=\"read-more\" href=\"https:\/\/aiartfree.online\/sv\/borttagning-av-vattenstampel\/\" aria-label=\"L\u00e4s mer om Watermark Remover\">L\u00e4s mer<\/a><\/p>","protected":false},"author":1,"featured_media":3304,"parent":0,"menu_order":0,"comment_status":"open","ping_status":"closed","template":"","meta":{"nf_dc_page":"","footnotes":""},"class_list":["post-3281","page","type-page","status-publish","has-post-thumbnail"],"jetpack_sharing_enabled":true,"_links":{"self":[{"href":"https:\/\/aiartfree.online\/sv\/wp-json\/wp\/v2\/pages\/3281","targetHints":{"allow":["GET"]}}],"collection":[{"href":"https:\/\/aiartfree.online\/sv\/wp-json\/wp\/v2\/pages"}],"about":[{"href":"https:\/\/aiartfree.online\/sv\/wp-json\/wp\/v2\/types\/page"}],"author":[{"embeddable":true,"href":"https:\/\/aiartfree.online\/sv\/wp-json\/wp\/v2\/users\/1"}],"replies":[{"embeddable":true,"href":"https:\/\/aiartfree.online\/sv\/wp-json\/wp\/v2\/comments?post=3281"}],"version-history":[{"count":0,"href":"https:\/\/aiartfree.online\/sv\/wp-json\/wp\/v2\/pages\/3281\/revisions"}],"wp:featuredmedia":[{"embeddable":true,"href":"https:\/\/aiartfree.online\/sv\/wp-json\/wp\/v2\/media\/3304"}],"wp:attachment":[{"href":"https:\/\/aiartfree.online\/sv\/wp-json\/wp\/v2\/media?parent=3281"}],"curies":[{"name":"wp","href":"https:\/\/api.w.org\/{rel}","templated":true}]}}