{"id":3270,"date":"2024-07-28T10:35:14","date_gmt":"2024-07-28T10:35:14","guid":{"rendered":"https:\/\/aiartfree.online\/?page_id=3270"},"modified":"2024-07-31T13:03:11","modified_gmt":"2024-07-31T13:03:11","slug":"ai-photo-generator","status":"publish","type":"page","link":"https:\/\/aiartfree.online\/sv\/ai-foto-generator\/","title":{"rendered":"AI-fotogenerator"},"content":{"rendered":"<h2 class=\"wp-block-heading has-text-align-center\">Vad v\u00e5ra anv\u00e4ndare skapade<\/h2>\n\n\n\n<figure class=\"gb-block-image gb-block-image-1822da1f\"><img data-recalc-dims=\"1\" decoding=\"async\" loading=\"lazy\" width=\"1200\" height=\"823\" class=\"gb-image gb-image-1822da1f\" src=\"https:\/\/i0.wp.com\/aiartfree.online\/wp-content\/uploads\/2024\/07\/WX20240731-165815%402x.jpg?resize=1200%2C823&#038;ssl=1\" alt=\"AI-fotogenerator\" title=\"WX20240731-165815@2x\" srcset=\"https:\/\/i0.wp.com\/aiartfree.online\/wp-content\/uploads\/2024\/07\/WX20240731-165815%402x.jpg?w=1630&amp;ssl=1 1630w, https:\/\/i0.wp.com\/aiartfree.online\/wp-content\/uploads\/2024\/07\/WX20240731-165815%402x.jpg?resize=300%2C206&amp;ssl=1 300w, https:\/\/i0.wp.com\/aiartfree.online\/wp-content\/uploads\/2024\/07\/WX20240731-165815%402x.jpg?resize=1024%2C702&amp;ssl=1 1024w, https:\/\/i0.wp.com\/aiartfree.online\/wp-content\/uploads\/2024\/07\/WX20240731-165815%402x.jpg?resize=768%2C527&amp;ssl=1 768w, https:\/\/i0.wp.com\/aiartfree.online\/wp-content\/uploads\/2024\/07\/WX20240731-165815%402x.jpg?resize=1536%2C1054&amp;ssl=1 1536w, https:\/\/i0.wp.com\/aiartfree.online\/wp-content\/uploads\/2024\/07\/WX20240731-165815%402x.jpg?resize=18%2C12&amp;ssl=1 18w, https:\/\/i0.wp.com\/aiartfree.online\/wp-content\/uploads\/2024\/07\/WX20240731-165815%402x.jpg?resize=600%2C412&amp;ssl=1 600w\" sizes=\"auto, (max-width: 1200px) 100vw, 1200px\" \/><\/figure>\n\n\n\n<h2 class=\"wp-block-heading\">Hur man anv\u00e4nder AI Photo Generator<\/h2>\n\n\n\n<ol class=\"wp-block-list\">\n<li class=\"\">Skriv in din fr\u00e5ga eller v\u00e4lj ett av fr\u00e5geexemplen<\/li>\n\n\n\n<li class=\"\">Klicka p\u00e5 \"Generera\"<\/li>\n\n\n\n<li class=\"\">V\u00e4nta, det var det!<\/li>\n<\/ol>\n\n\n\n<h3 class=\"wp-block-heading has-medium-font-size\">Exempel p\u00e5 uppmaningar<\/h3>\n\n\n\n<ul class=\"wp-block-list has-small-font-size\">\n<li class=\"\">vacker kvinna, natt, med stj\u00e4rnor, intrikat, elegant, mycket detaljerad, j\u00e4mn, skarp fokus<\/li>\n\n\n\n<li class=\"\">vacker kvinna, natt, sci-fi, fantasy, intrikat, elegant, bl\u00e5 kl\u00e4nning, magisk, mycket detaljerad, sl\u00e4t,b skarp fokus, illustration<\/li>\n\n\n\n<li class=\"\">vacker kvinna p\u00e5 stranden, avkopplande, eterisk, dr\u00f6msk, motljus, mycket detaljerad, realistisk belysning, skarp fokus, tredjedelsregel, hd, octane, 4k<\/li>\n\n\n\n<li class=\"\">vacker kvinna, stora br\u00f6st, domme \u00e4lskarinna, steampunk, blyg leende, 4k, Liten detalj<\/li>\n\n\n\n<li class=\"\">vacker kvinna, natt, med stj\u00e4rnor, intrikat, elegant, mycket detaljerad, j\u00e4mn, skarp fokus<\/li>\n<\/ul>\n\n\n\n<p class=\"\">Anv\u00e4ndning&nbsp;<a href=\"https:\/\/aiartfree.online\/sv\/promptgenerator\/\" target=\"_blank\" data-type=\"page\" data-id=\"3164\" rel=\"noreferrer noopener\">Promptgenerator<\/a>&nbsp;f\u00f6r att utvidga gr\u00e4nserna f\u00f6r din fantasi<\/p>\n\n\n\n<p class=\"\"><em>* Beroende p\u00e5 din internethastighet kan det ta n\u00e5gra sekunder att ladda modellen.<br>* Under den kontinuerliga genereringen sker en cachning och den nya bilden visas efter ca 3 sekunder.<\/em><\/p>\n\n\n\n<div class=\"iframe-wrapper\" style=\"position: relative; width: 100%; height: 950px;\">\n  <div class=\"loading\" style=\"position: absolute; top: 50px; left: 50%; transform: translate(-50%, -50%); width: 40px; height: 40px; border: 3px solid #f0f0f0; border-top: 3px solid #db7093; border-radius: 50%; animation: spin 1s linear infinite;\"><\/div>\n  <iframe loading=\"lazy\" src=\"https:\/\/playgroundai-playground-v2-5.hf.space\" frameborder=\"0\" width=\"100%\" height=\"100%\" style=\"position: absolute; top: 0; left: 0; opacity: 0; transition: opacity 0.3s;\" onload=\"this.style.opacity=1;this.previousElementSibling.style.display='none';\"><\/iframe>\n<\/div>\n\n<style>\n@keyframes spin {\n  0% { transform: translate(-50%, -50%) rotate(0deg); }\n  100% { transform: translate(-50%, -50%) rotate(360deg); }\n}\n<\/style>\n\n\n\n<div style=\"height:50px\" aria-hidden=\"true\" class=\"wp-block-spacer\"><\/div>\n\n\n\n<h2 class=\"wp-block-heading\">Introduktion av AI Photo Generator<\/h2>\n\n\n\n<p class=\"\">I den snabba digitala v\u00e4rlden har AI-fotogeneratorer blivit viktiga verktyg f\u00f6r konstn\u00e4rer, marknadsf\u00f6rare och inneh\u00e5llsskapare. Den h\u00e4r artikeln kommer att f\u00f6rdjupa sig i vad AI-fotogeneratorer \u00e4r, deras betydelse och hur de kan anv\u00e4ndas i olika branscher. Dessutom kommer vi att utforska de b\u00e4sta AI-fotogeneratorerna som finns tillg\u00e4ngliga idag, inklusive det starkt rekommenderade verktyget fr\u00e5n <a href=\"https:\/\/aiartfree.online\/sv\/ai-foto-generator\/\">AI Konst Fri<\/a>.<\/p>\n\n\n\n<figure class=\"wp-block-image size-full is-resized\"><img data-recalc-dims=\"1\" data-dominant-color=\"70574e\" data-has-transparency=\"false\" decoding=\"async\" width=\"1024\" height=\"1024\"   loading=\"lazy\" src=\"https:\/\/i0.wp.com\/aiartfree.online\/wp-content\/uploads\/2024\/07\/image-30.webp?resize=1024%2C1024&#038;ssl=1\" alt=\"I den snabba digitala v\u00e4rlden har AI-fotogeneratorer blivit viktiga verktyg f\u00f6r konstn\u00e4rer, marknadsf\u00f6rare och inneh\u00e5llsskapare. Den h\u00e4r artikeln kommer att f\u00f6rdjupa sig i vad AI-fotogeneratorer \u00e4r, deras betydelse och hur de kan anv\u00e4ndas i olika branscher. Dessutom kommer vi att utforska de b\u00e4sta AI-fotogeneratorerna som finns tillg\u00e4ngliga idag, inklusive det starkt rekommenderade verktyget fr\u00e5n AI Art Free.\" class=\"wp-image-3278 not-transparent\" style=\"--dominant-color: #70574e; width:436px;height:auto\" srcset=\"https:\/\/i0.wp.com\/aiartfree.online\/wp-content\/uploads\/2024\/07\/image-30.webp?w=1024&amp;ssl=1 1024w, https:\/\/i0.wp.com\/aiartfree.online\/wp-content\/uploads\/2024\/07\/image-30.webp?resize=300%2C300&amp;ssl=1 300w, https:\/\/i0.wp.com\/aiartfree.online\/wp-content\/uploads\/2024\/07\/image-30.webp?resize=150%2C150&amp;ssl=1 150w, https:\/\/i0.wp.com\/aiartfree.online\/wp-content\/uploads\/2024\/07\/image-30.webp?resize=768%2C768&amp;ssl=1 768w, https:\/\/i0.wp.com\/aiartfree.online\/wp-content\/uploads\/2024\/07\/image-30.webp?resize=12%2C12&amp;ssl=1 12w, https:\/\/i0.wp.com\/aiartfree.online\/wp-content\/uploads\/2024\/07\/image-30.webp?resize=600%2C600&amp;ssl=1 600w, https:\/\/i0.wp.com\/aiartfree.online\/wp-content\/uploads\/2024\/07\/image-30.webp?resize=100%2C100&amp;ssl=1 100w\" sizes=\"auto, (max-width: 1024px) 100vw, 1024px\" \/><\/figure>\n\n\n\n<h3 class=\"wp-block-heading\">Inneh\u00e5llsf\u00f6rteckning<\/h3>\n\n\n\n<ol class=\"wp-block-list\">\n<li class=\"\"><a href=\"#what-is-an-ai-photo-generator\">Vad \u00e4r en AI-fotogenerator?<\/a><\/li>\n\n\n\n<li class=\"\"><a href=\"#why-use-an-ai-photo-generator\">Varf\u00f6r anv\u00e4nda en AI-fotogenerator?<\/a><\/li>\n\n\n\n<li class=\"\"><a href=\"#who-can-benefit-from-ai-photo-generators\">Vem kan dra nytta av AI-fotogeneratorer?<\/a><\/li>\n\n\n\n<li class=\"\"><a href=\"#top-10-ai-photo-generators\">Topp 10 AI-fotogeneratorer<\/a><\/li>\n\n\n\n<li class=\"\"><a href=\"#faq\">VANLIGA FR\u00c5GOR<\/a><\/li>\n<\/ol>\n\n\n\n<h3 class=\"wp-block-heading\">Vad \u00e4r en AI-fotogenerator?<\/h3>\n\n\n\n<p class=\"\">En AI-fotogenerator, \u00e4ven k\u00e4nd som en AI-bildgenerator, \u00e4r ett verktyg som drivs av artificiell intelligens och maskininl\u00e4rning som omvandlar textmeddelanden till unika bilder. Dessa verktyg anv\u00e4nder generativ AI f\u00f6r att skapa livfulla och m\u00e5ngsidiga bilder baserat p\u00e5 textbeskrivningar fr\u00e5n anv\u00e4ndaren.<\/p>\n\n\n\n<h3 class=\"wp-block-heading\">Varf\u00f6r anv\u00e4nda en AI-fotogenerator?<\/h3>\n\n\n\n<p class=\"\">AI-fotogeneratorer \u00e4r avg\u00f6rande f\u00f6r att skapa unika bilder snabbt och effektivt. De erbjuder m\u00e5nga f\u00f6rdelar:<\/p>\n\n\n\n<ul class=\"wp-block-list\">\n<li class=\"\"><strong>Kreativitet:<\/strong> De hj\u00e4lper till att skapa unika och kreativa bilder som sticker ut.<\/li>\n\n\n\n<li class=\"\"><strong>Effektivitet:<\/strong> De sparar tid genom att producera h\u00f6gkvalitativa bilder direkt.<\/li>\n\n\n\n<li class=\"\"><strong>M\u00e5ngsidighet:<\/strong> De kan anv\u00e4ndas f\u00f6r olika \u00e4ndam\u00e5l, fr\u00e5n inl\u00e4gg i sociala medier till marknadsf\u00f6ringsmaterial.<\/li>\n<\/ul>\n\n\n\n<h3 class=\"wp-block-heading\">Vem kan dra nytta av AI-fotogeneratorer?<\/h3>\n\n\n\n<ul class=\"wp-block-list\">\n<li class=\"\"><strong>Artister:<\/strong> F\u00f6r att skapa unika digitala konstverk.<\/li>\n\n\n\n<li class=\"\"><strong>Marknadsf\u00f6rare:<\/strong> F\u00f6r att generera kvalitetsbilder f\u00f6r kampanjer.<\/li>\n\n\n\n<li class=\"\"><strong>Skapare av inneh\u00e5ll:<\/strong> F\u00f6r att f\u00f6rb\u00e4ttra blogginl\u00e4gg, inneh\u00e5ll i sociala medier och mycket mer.<\/li>\n\n\n\n<li class=\"\"><strong>Verksamheter:<\/strong> F\u00f6r utformning av marknadsf\u00f6ringsmaterial, webbplatser och annonser.<\/li>\n<\/ul>\n\n\n\n<h3 class=\"wp-block-heading\">Topp 10 AI-fotogeneratorer<\/h3>\n\n\n\n<figure class=\"wp-block-table\"><table class=\"has-fixed-layout\"><thead><tr><th><strong>Verktyg<\/strong><\/th><th><strong>Webbplats<\/strong><\/th><th><strong>F\u00f6rdelar<\/strong><\/th><th><strong>Nackdelar<\/strong><\/th><th><strong>Utmaningar<\/strong><\/th><th><strong>F\u00f6rslag<\/strong><\/th><\/tr><\/thead><tbody><tr><td><strong>AI Konst Fri<\/strong><\/td><td><a href=\"https:\/\/aiartfree.online\/sv\/ai-foto-generator\/\">aiartfree.online<\/a><\/td><td>Gratis, l\u00e4tt att anv\u00e4nda, ger bilder av h\u00f6g kvalitet<\/td><td>Begr\u00e4nsad anpassning<\/td><td>Kr\u00e4ver konstant internetuppkoppling<\/td><td>Regelbundna uppdateringar f\u00f6r att f\u00f6rb\u00e4ttra funktionerna<\/td><\/tr><tr><td><strong>DeepArt<\/strong><\/td><td><a href=\"https:\/\/deepart.io\" target=\"_blank\" rel=\"noopener\">deepart.io<\/a><\/td><td>Fantastiska konstn\u00e4rliga filter<\/td><td>L\u00e5ngsam bearbetning<\/td><td>Inte alltid korrekt<\/td><td>F\u00f6rb\u00e4ttra bearbetningshastigheten<\/td><\/tr><tr><td><strong>Landningsbana ML<\/strong><\/td><td><a href=\"https:\/\/runwayml.com\" target=\"_blank\" rel=\"noopener\">runwayml.com<\/a><\/td><td>M\u00e5ngsidig, professionell kvalitet<\/td><td>Dyrt<\/td><td>Brant inl\u00e4rningskurva<\/td><td>Tillhandah\u00e5lla handledning<\/td><\/tr><tr><td><strong>Konstuppf\u00f6dare<\/strong><\/td><td><a href=\"https:\/\/artbreeder.com\" target=\"_blank\" rel=\"noopener\">artbreeder.com<\/a><\/td><td>Samarbete, unika resultat<\/td><td>Begr\u00e4nsad gratisversion<\/td><td>Gr\u00e4nssnittet kan vara komplext<\/td><td>F\u00f6renkla anv\u00e4ndargr\u00e4nssnittet<\/td><\/tr><tr><td><strong>DALL-E<\/strong><\/td><td><a href=\"https:\/\/aiartfree.online\/sv\/fri-dalle-3\/\" data-type=\"page\" data-id=\"2889\">openai.com\/dall-e<\/a><\/td><td>H\u00f6gkvalitativa bilder, innovativa<\/td><td>Begr\u00e4nsad \u00e5tkomst<\/td><td>H\u00f6g efterfr\u00e5gan<\/td><td>\u00d6ka tillg\u00e4ngligheten<\/td><\/tr><tr><td><strong>Generator f\u00f6r djupa dr\u00f6mmar<\/strong><\/td><td><a href=\"https:\/\/deepdreamgenerator.com\" target=\"_blank\" rel=\"noopener\">deepdreamgenerator.com<\/a><\/td><td>Surrealistiska, konstn\u00e4rliga bilder<\/td><td>Kan vara abstrakt<\/td><td>Inte l\u00e4mplig f\u00f6r alla \u00e4ndam\u00e5l<\/td><td>Erbjud fler stilar<\/td><\/tr><tr><td><strong>NattCaf\u00e9<\/strong><\/td><td><a href=\"https:\/\/nightcafe.studio\" target=\"_blank\" rel=\"noopener\">nattkaf\u00e9.studio<\/a><\/td><td>L\u00e4tt att anv\u00e4nda, gemensamma funktioner<\/td><td>Begr\u00e4nsade fria valm\u00f6jligheter<\/td><td>Kan vara dyrt<\/td><td>Fler kostnadsfria funktioner<\/td><\/tr><tr><td><strong>Stor s\u00f6mn<\/strong><\/td><td><a href=\"https:\/\/bigsleep.dev\" target=\"_blank\" rel=\"noopener\">bigsleep.dev<\/a><\/td><td>\u00d6ppen k\u00e4llkod, anpassningsbar<\/td><td>Kr\u00e4ver teknisk kunskap<\/td><td>Komplex installation<\/td><td>Tillhandah\u00e5lla fler guider<\/td><\/tr><tr><td><strong>Ganbreeder<\/strong><\/td><td><a href=\"https:\/\/ganbreeder.app\" target=\"_blank\" rel=\"noopener\">ganbreeder.app<\/a><\/td><td>Samarbetsvillig, kreativ<\/td><td>Kan vara of\u00f6ruts\u00e4gbar<\/td><td>Gr\u00e4nssnittet kunde vara b\u00e4ttre<\/td><td>F\u00f6rb\u00e4ttra f\u00f6ruts\u00e4gbarheten<\/td><\/tr><tr><td><strong>StilGAN2<\/strong><\/td><td><a href=\"https:\/\/github.com\/NVlabs\/stylegan2\" target=\"_blank\" rel=\"noopener\">github.com\/NVlabs\/stylegan2<\/a><\/td><td>H\u00f6gkvalitativa resultat<\/td><td>Kr\u00e4ver tekniska f\u00e4rdigheter<\/td><td>Sv\u00e5rt att s\u00e4tta upp<\/td><td>Mer anv\u00e4ndarv\u00e4nliga handledningar<\/td><\/tr><\/tbody><\/table><\/figure>\n\n\n\n<h3 class=\"wp-block-heading\">VANLIGA FR\u00c5GOR<\/h3>\n\n\n\n<h4 class=\"wp-block-heading\">Hur vet man om ett foto \u00e4r AI-genererat?<\/h4>\n\n\n\n<p class=\"\">F\u00f6r att avg\u00f6ra om ett foto \u00e4r AI-genererat ska du leta efter subtila avvikelser, onaturliga m\u00f6nster och brist p\u00e5 fina detaljer som \u00e4r vanliga i AI-genererade bilder.<\/p>\n\n\n\n<h4 class=\"wp-block-heading\">Hur genererar man AI-foton?<\/h4>\n\n\n\n<p class=\"\">Du kan generera AI-foton genom att anv\u00e4nda en AI-fotogenerator som <a href=\"https:\/\/aiartfree.online\/sv\/ai-foto-generator\/\">AI Konst Fri<\/a>. Skriv bara in en textfr\u00e5ga och l\u00e5t AI skapa bilden.<\/p>\n\n\n\n<h4 class=\"wp-block-heading\">\u00c4r det h\u00e4r fotot AI-genererat?<\/h4>\n\n\n\n<p class=\"\">F\u00f6r att kontrollera om ett foto \u00e4r AI-genererat kan du anv\u00e4nda verktyg som \u00e4r utformade f\u00f6r att uppt\u00e4cka AI-genererat inneh\u00e5ll eller analysera bilden f\u00f6r inkonsekvenser.<\/p>\n\n\n\n<h4 class=\"wp-block-heading\">Vad \u00e4r den b\u00e4sta AI-fotogeneratorn?<\/h4>\n\n\n\n<p class=\"\">Den b\u00e4sta AI-fotogeneratorn varierar beroende p\u00e5 dina behov, men <a href=\"https:\/\/aiartfree.online\/sv\/ai-foto-generator\/\">AI Konst Fri<\/a> rekommenderas starkt f\u00f6r sin anv\u00e4ndarv\u00e4nlighet och kvalitet.<\/p>\n\n\n\n<h4 class=\"wp-block-heading\">Hur skapar man AI-genererade foton?<\/h4>\n\n\n\n<p class=\"\">Du kan skapa AI-genererade foton genom att mata in beskrivande textmeddelanden i en AI-fotogenerator, som skapar bilder baserat p\u00e5 dina beskrivningar.<\/p>\n\n\n\n<h3 class=\"wp-block-heading\">Ytterligare moduler<\/h3>\n\n\n\n<h4 class=\"wp-block-heading\">F\u00f6rst\u00e5 generativ AI och dess p\u00e5verkan<\/h4>\n\n\n\n<p class=\"\">Generativ AI, som driver AI-fotogeneratorer, \u00e4r en typ av artificiell intelligens som kan skapa nytt inneh\u00e5ll fr\u00e5n befintliga data. Denna teknik revolutionerar kreativa branscher genom att g\u00f6ra det m\u00f6jligt att skapa unika bilder, musik och text.<\/p>\n\n\n\n<h4 class=\"wp-block-heading\">F\u00f6rdelarna med att anv\u00e4nda AI-fotogeneratorer f\u00f6r sociala medier<\/h4>\n\n\n\n<p class=\"\">AI-fotogeneratorer \u00e4r ov\u00e4rderliga f\u00f6r sociala medier eftersom de g\u00f6r det m\u00f6jligt att skapa engagerande och unika bilder som f\u00e5ngar publikens uppm\u00e4rksamhet och driver engagemang.<\/p>\n\n\n\n<h4 class=\"wp-block-heading\">Maskininl\u00e4rningens roll i AI-fotogeneratorer<\/h4>\n\n\n\n<p class=\"\">Maskininl\u00e4rning \u00e4r ryggraden i AI-fotogeneratorer. Det g\u00f6r att dessa verktyg kan l\u00e4ra sig fr\u00e5n stora datam\u00e4ngder och f\u00f6rb\u00e4ttra kvaliteten och relevansen f\u00f6r de bilder de producerar \u00f6ver tid.<\/p>\n\n\n\n<h3 class=\"wp-block-heading\">Slutsats<\/h3>\n\n\n\n<p class=\"\">AI-fotogeneratorer \u00e4r kraftfulla verktyg som utnyttjar artificiell intelligens och maskininl\u00e4rning f\u00f6r att skapa unika bilder av h\u00f6g kvalitet. Oavsett om du \u00e4r konstn\u00e4r, marknadsf\u00f6rare eller inneh\u00e5llsskapare kan dessa verktyg avsev\u00e4rt f\u00f6rb\u00e4ttra din kreativa process och produktion. Genom att f\u00f6rst\u00e5 deras f\u00f6rdelar och utmaningar kan du f\u00e5 ut det mesta av dessa innovativa verktyg f\u00f6r att producera fantastiska bilder som sticker ut i alla medier.<\/p>\n\n\n\n<p class=\"\">F\u00f6r b\u00e4sta m\u00f6jliga upplevelse, b\u00f6rja med <a href=\"https:\/\/aiartfree.online\/sv\/ai-foto-generator\/\">AI Konst Fri<\/a> verktyg, som erbjuder ett enkelt och gratis s\u00e4tt att generera h\u00f6gkvalitativa AI-foton.<\/p>","protected":false},"excerpt":{"rendered":"<p>What our users created How to use AI Photo Generator Prompt Examples Use&nbsp;Prompt Generator&nbsp;to Expand the Boundaries of Your Imagination *&nbsp;Depending on your internet speed, loading the model may take a few seconds.* There will be caching during continuous generation, and the new image will appear after about 3 seconds. Introduction of AI Photo Generator &#8230; <a title=\"AI-fotogenerator\" class=\"read-more\" href=\"https:\/\/aiartfree.online\/sv\/ai-foto-generator\/\" aria-label=\"L\u00e4s mer om AI Photo Generator\">L\u00e4s mer<\/a><\/p>","protected":false},"author":1,"featured_media":3392,"parent":0,"menu_order":0,"comment_status":"open","ping_status":"closed","template":"","meta":{"nf_dc_page":"","footnotes":""},"class_list":["post-3270","page","type-page","status-publish","has-post-thumbnail"],"jetpack_sharing_enabled":true,"_links":{"self":[{"href":"https:\/\/aiartfree.online\/sv\/wp-json\/wp\/v2\/pages\/3270","targetHints":{"allow":["GET"]}}],"collection":[{"href":"https:\/\/aiartfree.online\/sv\/wp-json\/wp\/v2\/pages"}],"about":[{"href":"https:\/\/aiartfree.online\/sv\/wp-json\/wp\/v2\/types\/page"}],"author":[{"embeddable":true,"href":"https:\/\/aiartfree.online\/sv\/wp-json\/wp\/v2\/users\/1"}],"replies":[{"embeddable":true,"href":"https:\/\/aiartfree.online\/sv\/wp-json\/wp\/v2\/comments?post=3270"}],"version-history":[{"count":0,"href":"https:\/\/aiartfree.online\/sv\/wp-json\/wp\/v2\/pages\/3270\/revisions"}],"wp:featuredmedia":[{"embeddable":true,"href":"https:\/\/aiartfree.online\/sv\/wp-json\/wp\/v2\/media\/3392"}],"wp:attachment":[{"href":"https:\/\/aiartfree.online\/sv\/wp-json\/wp\/v2\/media?parent=3270"}],"curies":[{"name":"wp","href":"https:\/\/api.w.org\/{rel}","templated":true}]}}