{"id":3117,"date":"2024-07-21T07:42:10","date_gmt":"2024-07-21T07:42:10","guid":{"rendered":"https:\/\/aiartfree.online\/?page_id=3117"},"modified":"2024-07-21T07:47:21","modified_gmt":"2024-07-21T07:47:21","slug":"free-ai-art-generator","status":"publish","type":"page","link":"https:\/\/aiartfree.online\/sv\/gratis-ai-konstgenerator\/","title":{"rendered":"Gratis AI-konstgenerator"},"content":{"rendered":"<p class=\"has-text-align-center\">Skapa fantastiska AI-genererade konstverk med toppmoderna, kostnadsfria AI-konstverktyg.<\/p>\n\n\n<div class=\"gb-grid-wrapper gb-grid-wrapper-cd9cd360\">\n<div class=\"gb-grid-column gb-grid-column-11112ac1\"><div class=\"gb-container gb-container-11112ac1\">\n\n<figure class=\"gb-block-image gb-block-image-3cedc626\"><a href=\"https:\/\/aiartfree.online\/sv\/ai-karaktarsgenerator\/\" target=\"_blank\" rel=\"noopener noreferrer\"><img data-recalc-dims=\"1\" decoding=\"async\" loading=\"lazy\" width=\"1200\" height=\"1190\" class=\"gb-image gb-image-3cedc626\" src=\"https:\/\/i0.wp.com\/aiartfree.online\/wp-content\/uploads\/2024\/07\/WX20240719-144752%402x.jpg?resize=1200%2C1190&#038;ssl=1\" alt=\"AI-karakt\u00e4rsgenerator\" title=\"WX20240719-144752@2x\" srcset=\"https:\/\/i0.wp.com\/aiartfree.online\/wp-content\/uploads\/2024\/07\/WX20240719-144752%402x.jpg?w=1632&amp;ssl=1 1632w, https:\/\/i0.wp.com\/aiartfree.online\/wp-content\/uploads\/2024\/07\/WX20240719-144752%402x.jpg?resize=300%2C297&amp;ssl=1 300w, https:\/\/i0.wp.com\/aiartfree.online\/wp-content\/uploads\/2024\/07\/WX20240719-144752%402x.jpg?resize=1024%2C1015&amp;ssl=1 1024w, https:\/\/i0.wp.com\/aiartfree.online\/wp-content\/uploads\/2024\/07\/WX20240719-144752%402x.jpg?resize=150%2C150&amp;ssl=1 150w, https:\/\/i0.wp.com\/aiartfree.online\/wp-content\/uploads\/2024\/07\/WX20240719-144752%402x.jpg?resize=768%2C761&amp;ssl=1 768w, https:\/\/i0.wp.com\/aiartfree.online\/wp-content\/uploads\/2024\/07\/WX20240719-144752%402x.jpg?resize=1536%2C1523&amp;ssl=1 1536w, https:\/\/i0.wp.com\/aiartfree.online\/wp-content\/uploads\/2024\/07\/WX20240719-144752%402x.jpg?resize=12%2C12&amp;ssl=1 12w, https:\/\/i0.wp.com\/aiartfree.online\/wp-content\/uploads\/2024\/07\/WX20240719-144752%402x.jpg?resize=600%2C595&amp;ssl=1 600w, https:\/\/i0.wp.com\/aiartfree.online\/wp-content\/uploads\/2024\/07\/WX20240719-144752%402x.jpg?resize=100%2C100&amp;ssl=1 100w\" sizes=\"auto, (max-width: 1200px) 100vw, 1200px\" \/><\/a><\/figure>\n\n\n\n<h3 class=\"gb-headline gb-headline-efcb9b85 gb-headline-text\">AI-karakt\u00e4rsgenerator<\/h3>\n\n\n\n<p class=\"gb-headline gb-headline-f3afe0a5 gb-headline-text\">Med AI Character Generator kan du skapa unika karakt\u00e4rer med hj\u00e4lp av AI-algoritmer och generativ AI-teknik.<\/p>\n\n<\/div><\/div>\n\n<div class=\"gb-grid-column gb-grid-column-d5a6cb82\"><div class=\"gb-container gb-container-d5a6cb82\">\n\n<figure class=\"gb-block-image gb-block-image-b9b8fce6\"><a href=\"https:\/\/aiartfree.online\/sv\/gratis-pixar-ai-generator\/\" target=\"_blank\" rel=\"noopener noreferrer\"><img data-recalc-dims=\"1\" decoding=\"async\" loading=\"lazy\" width=\"938\" height=\"626\" class=\"gb-image gb-image-b9b8fce6\" src=\"https:\/\/i0.wp.com\/aiartfree.online\/wp-content\/uploads\/2024\/07\/WX20240717-174206%402x.jpg?resize=938%2C626&#038;ssl=1\" alt=\"pixar ai generator\" title=\"WX20240717-174206@2x\" srcset=\"https:\/\/i0.wp.com\/aiartfree.online\/wp-content\/uploads\/2024\/07\/WX20240717-174206%402x.jpg?w=938&amp;ssl=1 938w, https:\/\/i0.wp.com\/aiartfree.online\/wp-content\/uploads\/2024\/07\/WX20240717-174206%402x.jpg?resize=300%2C200&amp;ssl=1 300w, https:\/\/i0.wp.com\/aiartfree.online\/wp-content\/uploads\/2024\/07\/WX20240717-174206%402x.jpg?resize=768%2C513&amp;ssl=1 768w, https:\/\/i0.wp.com\/aiartfree.online\/wp-content\/uploads\/2024\/07\/WX20240717-174206%402x.jpg?resize=18%2C12&amp;ssl=1 18w, https:\/\/i0.wp.com\/aiartfree.online\/wp-content\/uploads\/2024\/07\/WX20240717-174206%402x.jpg?resize=600%2C400&amp;ssl=1 600w\" sizes=\"auto, (max-width: 938px) 100vw, 938px\" \/><\/a><\/figure>\n\n\n\n<h3 class=\"gb-headline gb-headline-0c51996c gb-headline-text\">Pixar AI Generator<\/h3>\n\n\n\n<p class=\"gb-headline gb-headline-83bb38c0 gb-headline-text\">F\u00f6rvandla dina id\u00e9er till AI-genererad konst i Pixar-stil med gratis online banbrytande generativ AI.<\/p>\n\n<\/div><\/div>\n\n<div class=\"gb-grid-column gb-grid-column-bdb1b3f6\"><div class=\"gb-container gb-container-bdb1b3f6\">\n\n<figure class=\"gb-block-image gb-block-image-129ad6ad\"><a href=\"https:\/\/aiartfree.online\/sv\/anime-ai-generator\/\" target=\"_blank\" rel=\"noopener noreferrer\"><img data-recalc-dims=\"1\" decoding=\"async\" loading=\"lazy\" width=\"1200\" height=\"718\" class=\"gb-image gb-image-129ad6ad\" src=\"https:\/\/i0.wp.com\/aiartfree.online\/wp-content\/uploads\/2024\/07\/WX20240719-123748%402x.jpg?resize=1200%2C718&#038;ssl=1\" alt=\"anime-ai-generator\/\" title=\"WX20240719-123748@2x\" srcset=\"https:\/\/i0.wp.com\/aiartfree.online\/wp-content\/uploads\/2024\/07\/WX20240719-123748%402x.jpg?w=1314&amp;ssl=1 1314w, https:\/\/i0.wp.com\/aiartfree.online\/wp-content\/uploads\/2024\/07\/WX20240719-123748%402x.jpg?resize=300%2C179&amp;ssl=1 300w, https:\/\/i0.wp.com\/aiartfree.online\/wp-content\/uploads\/2024\/07\/WX20240719-123748%402x.jpg?resize=1024%2C613&amp;ssl=1 1024w, https:\/\/i0.wp.com\/aiartfree.online\/wp-content\/uploads\/2024\/07\/WX20240719-123748%402x.jpg?resize=768%2C459&amp;ssl=1 768w, https:\/\/i0.wp.com\/aiartfree.online\/wp-content\/uploads\/2024\/07\/WX20240719-123748%402x.jpg?resize=18%2C12&amp;ssl=1 18w, https:\/\/i0.wp.com\/aiartfree.online\/wp-content\/uploads\/2024\/07\/WX20240719-123748%402x.jpg?resize=600%2C359&amp;ssl=1 600w\" sizes=\"auto, (max-width: 1200px) 100vw, 1200px\" \/><\/a><\/figure>\n\n\n\n<h3 class=\"gb-headline gb-headline-3dd3b4a8 gb-headline-text\">Anime AI Generator<\/h3>\n\n\n\n<p class=\"gb-headline gb-headline-9bb27b5a gb-headline-text\">Skapa levande animekonst med hj\u00e4lp av Anime AI Generator som drivs av avancerade AI-algoritmer.<\/p>\n\n<\/div><\/div>\n\n<div class=\"gb-grid-column gb-grid-column-cd81c4c8\"><div class=\"gb-container gb-container-cd81c4c8\">\n\n<figure class=\"gb-block-image gb-block-image-420788f4\"><a href=\"https:\/\/aiartfree.online\/sv\/ai-tecknad-generator\/\" target=\"_blank\" rel=\"noopener noreferrer\"><img data-recalc-dims=\"1\" decoding=\"async\" loading=\"lazy\" width=\"1200\" height=\"596\" class=\"gb-image gb-image-420788f4\" src=\"https:\/\/i0.wp.com\/aiartfree.online\/wp-content\/uploads\/2024\/07\/WX20240717-175407%402x-1-1-1-scaled.jpg?resize=1200%2C596&#038;ssl=1\" alt=\"AI Generator f\u00f6r tecknad film\" title=\"WX20240717-175407@2x (1) (1) (1)\" srcset=\"https:\/\/i0.wp.com\/aiartfree.online\/wp-content\/uploads\/2024\/07\/WX20240717-175407%402x-1-1-1-scaled.jpg?w=2560&amp;ssl=1 2560w, https:\/\/i0.wp.com\/aiartfree.online\/wp-content\/uploads\/2024\/07\/WX20240717-175407%402x-1-1-1-scaled.jpg?resize=300%2C149&amp;ssl=1 300w, https:\/\/i0.wp.com\/aiartfree.online\/wp-content\/uploads\/2024\/07\/WX20240717-175407%402x-1-1-1-scaled.jpg?resize=1024%2C508&amp;ssl=1 1024w, https:\/\/i0.wp.com\/aiartfree.online\/wp-content\/uploads\/2024\/07\/WX20240717-175407%402x-1-1-1-scaled.jpg?resize=768%2C381&amp;ssl=1 768w, https:\/\/i0.wp.com\/aiartfree.online\/wp-content\/uploads\/2024\/07\/WX20240717-175407%402x-1-1-1-scaled.jpg?resize=1536%2C763&amp;ssl=1 1536w, https:\/\/i0.wp.com\/aiartfree.online\/wp-content\/uploads\/2024\/07\/WX20240717-175407%402x-1-1-1-scaled.jpg?resize=2048%2C1017&amp;ssl=1 2048w, https:\/\/i0.wp.com\/aiartfree.online\/wp-content\/uploads\/2024\/07\/WX20240717-175407%402x-1-1-1-scaled.jpg?resize=18%2C9&amp;ssl=1 18w, https:\/\/i0.wp.com\/aiartfree.online\/wp-content\/uploads\/2024\/07\/WX20240717-175407%402x-1-1-1-scaled.jpg?resize=600%2C298&amp;ssl=1 600w, https:\/\/i0.wp.com\/aiartfree.online\/wp-content\/uploads\/2024\/07\/WX20240717-175407%402x-1-1-1-scaled.jpg?w=2400&amp;ssl=1 2400w\" sizes=\"auto, (max-width: 1200px) 100vw, 1200px\" \/><\/a><\/figure>\n\n\n\n<h3 class=\"gb-headline gb-headline-3b87d18c gb-headline-text\">AI Generator f\u00f6r tecknad film<\/h3>\n\n\n\n<p class=\"gb-headline gb-headline-51b4b755 gb-headline-text\">Konvertera foton till animerade bilder med hj\u00e4lp av avancerade AI-drivna algoritmer och njut av att skapa unik AI-genererad konst.<\/p>\n\n<\/div><\/div>\n\n<div class=\"gb-grid-column gb-grid-column-b86d2319\"><div class=\"gb-container gb-container-b86d2319\">\n\n<figure class=\"gb-block-image gb-block-image-5898855b\"><a href=\"https:\/\/aiartfree.online\/sv\/ai-3d-modellgenerator\/\" target=\"_blank\" rel=\"noopener noreferrer\"><img data-recalc-dims=\"1\" decoding=\"async\" loading=\"lazy\" width=\"1200\" height=\"787\" class=\"gb-image gb-image-5898855b\" src=\"https:\/\/i0.wp.com\/aiartfree.online\/wp-content\/uploads\/2024\/07\/WX20240719-153337%402x-1-1.jpg?resize=1200%2C787&#038;ssl=1\" alt=\"Generator f\u00f6r 2D- till 3D-modeller\" title=\"WX20240719-153337@2x (1) (1)\" srcset=\"https:\/\/i0.wp.com\/aiartfree.online\/wp-content\/uploads\/2024\/07\/WX20240719-153337%402x-1-1.jpg?w=1768&amp;ssl=1 1768w, https:\/\/i0.wp.com\/aiartfree.online\/wp-content\/uploads\/2024\/07\/WX20240719-153337%402x-1-1.jpg?resize=300%2C197&amp;ssl=1 300w, https:\/\/i0.wp.com\/aiartfree.online\/wp-content\/uploads\/2024\/07\/WX20240719-153337%402x-1-1.jpg?resize=1024%2C672&amp;ssl=1 1024w, https:\/\/i0.wp.com\/aiartfree.online\/wp-content\/uploads\/2024\/07\/WX20240719-153337%402x-1-1.jpg?resize=768%2C504&amp;ssl=1 768w, https:\/\/i0.wp.com\/aiartfree.online\/wp-content\/uploads\/2024\/07\/WX20240719-153337%402x-1-1.jpg?resize=1536%2C1008&amp;ssl=1 1536w, https:\/\/i0.wp.com\/aiartfree.online\/wp-content\/uploads\/2024\/07\/WX20240719-153337%402x-1-1.jpg?resize=18%2C12&amp;ssl=1 18w, https:\/\/i0.wp.com\/aiartfree.online\/wp-content\/uploads\/2024\/07\/WX20240719-153337%402x-1-1.jpg?resize=600%2C394&amp;ssl=1 600w\" sizes=\"auto, (max-width: 1200px) 100vw, 1200px\" \/><\/a><\/figure>\n\n\n\n<h3 class=\"gb-headline gb-headline-d9fff2b4 gb-headline-text\">AI 3d-modellgenerator<\/h3>\n\n\n\n<p class=\"gb-headline gb-headline-0faba709 gb-headline-text\">AI 3D Model Generator hj\u00e4lper dig att skapa toppmoderna 3D-modeller med AI-driven finjustering.<\/p>\n\n<\/div><\/div>\n\n<div class=\"gb-grid-column gb-grid-column-bb7fbb28\"><div class=\"gb-container gb-container-bb7fbb28\">\n\n<figure class=\"gb-block-image gb-block-image-b44f128d\"><a href=\"https:\/\/aiartfree.online\/sv\/ai-ritningsgenerator\/\" target=\"_blank\" rel=\"noopener noreferrer\"><img data-recalc-dims=\"1\" decoding=\"async\" loading=\"lazy\" width=\"1200\" height=\"1200\" class=\"gb-image gb-image-b44f128d\" src=\"https:\/\/i0.wp.com\/aiartfree.online\/wp-content\/uploads\/2024\/07\/WX20240719-141958%402x.jpg?resize=1200%2C1200&#038;ssl=1\" alt=\"ai-ritningsgenerator\" title=\"WX20240719-141958@2x\" srcset=\"https:\/\/i0.wp.com\/aiartfree.online\/wp-content\/uploads\/2024\/07\/WX20240719-141958%402x.jpg?w=1414&amp;ssl=1 1414w, https:\/\/i0.wp.com\/aiartfree.online\/wp-content\/uploads\/2024\/07\/WX20240719-141958%402x.jpg?resize=300%2C300&amp;ssl=1 300w, https:\/\/i0.wp.com\/aiartfree.online\/wp-content\/uploads\/2024\/07\/WX20240719-141958%402x.jpg?resize=1024%2C1024&amp;ssl=1 1024w, https:\/\/i0.wp.com\/aiartfree.online\/wp-content\/uploads\/2024\/07\/WX20240719-141958%402x.jpg?resize=150%2C150&amp;ssl=1 150w, https:\/\/i0.wp.com\/aiartfree.online\/wp-content\/uploads\/2024\/07\/WX20240719-141958%402x.jpg?resize=768%2C768&amp;ssl=1 768w, https:\/\/i0.wp.com\/aiartfree.online\/wp-content\/uploads\/2024\/07\/WX20240719-141958%402x.jpg?resize=12%2C12&amp;ssl=1 12w, https:\/\/i0.wp.com\/aiartfree.online\/wp-content\/uploads\/2024\/07\/WX20240719-141958%402x.jpg?resize=600%2C600&amp;ssl=1 600w, https:\/\/i0.wp.com\/aiartfree.online\/wp-content\/uploads\/2024\/07\/WX20240719-141958%402x.jpg?resize=100%2C100&amp;ssl=1 100w\" sizes=\"auto, (max-width: 1200px) 100vw, 1200px\" \/><\/a><\/figure>\n\n\n\n<h3 class=\"gb-headline gb-headline-fc2626d2 gb-headline-text\">AI-ritningsgenerator<\/h3>\n\n\n\n<p class=\"gb-headline gb-headline-83918771 gb-headline-text\">AI Drawing Generator omvandlar textmeddelanden till AI-genererade konstverk med maskininl\u00e4rning.<\/p>\n\n<\/div><\/div>\n<\/div>\n\n\n<div style=\"height:100px\" aria-hidden=\"true\" class=\"wp-block-spacer\"><\/div>\n\n\n\n<h2 class=\"wp-block-heading\" id=\"free-ai-art-generator-unlocking-the-power-of-artificial-intelligence-in-art\"><strong>Gratis AI Art Generator: Frig\u00f6r kraften hos artificiell intelligens i konsten<\/strong><\/h2>\n\n\n\n<h3 class=\"wp-block-heading\" id=\"outline\"><a href=\"https:\/\/dromerosm-groq-llama3.hf.space\/#outline\" target=\"_blank\" rel=\"noopener\"><\/a>Skiss:<\/h3>\n\n\n\n<ul class=\"wp-block-list\">\n<li class=\"\">Vad \u00e4r en gratis AI Art Generator?<\/li>\n\n\n\n<li class=\"\">Betydelsen av gratis AI-konstgeneratorer<\/li>\n\n\n\n<li class=\"\">F\u00f6rdelar med att anv\u00e4nda en gratis AI Art Generator<\/li>\n\n\n\n<li class=\"\">L\u00e4mpliga scenarier f\u00f6r att anv\u00e4nda en gratis AI Art Generator<\/li>\n\n\n\n<li class=\"\">Vem kan anv\u00e4nda en gratis AI Art Generator?<\/li>\n\n\n\n<li class=\"\">Topp 10 relaterade verktyg och f\u00f6rdelar och nackdelar<\/li>\n\n\n\n<li class=\"\">10 Vanliga fr\u00e5gor<\/li>\n<\/ul>\n\n\n\n<h3 class=\"wp-block-heading\" id=\"what-is-a-free-ai-art-generator\"><a href=\"https:\/\/dromerosm-groq-llama3.hf.space\/#what-is-a-free-ai-art-generator\" target=\"_blank\" rel=\"noopener\"><\/a><strong>Vad \u00e4r en gratis AI Art Generator?<\/strong><\/h3>\n\n\n\n<p class=\"\">En gratis AI-konstgenerator \u00e4r ett onlineverktyg som anv\u00e4nder artificiell intelligens (AI) f\u00f6r att generera konstverk baserat p\u00e5 anv\u00e4ndarinmatning, till exempel textmeddelanden eller bilder. Dessa verktyg anv\u00e4nder maskininl\u00e4rningsalgoritmer och generativa AI-tekniker, som stabil diffusion, f\u00f6r att skapa unika och livfulla konstverk.<\/p>\n\n\n\n<p class=\"\">\u00d6kningen av gratis AI-konstgeneratorer har demokratiserat konstv\u00e4rlden, vilket g\u00f6r det m\u00f6jligt f\u00f6r alla att skapa fantastiska konstverk utan att kr\u00e4va omfattande konstn\u00e4rliga f\u00e4rdigheter eller erfarenhet.<\/p>\n\n\n\n<h3 class=\"wp-block-heading\" id=\"importance-of-free-ai-art-generators\"><a href=\"https:\/\/dromerosm-groq-llama3.hf.space\/#importance-of-free-ai-art-generators\" target=\"_blank\" rel=\"noopener\"><\/a><strong>Betydelsen av gratis AI-konstgeneratorer<\/strong><\/h3>\n\n\n\n<p class=\"\">Gratis AI-konstgeneratorer har blivit viktiga f\u00f6r olika branscher, inklusive sociala medier, reklam och design. De erbjuder en rad f\u00f6rdelar, bland annat:<\/p>\n\n\n\n<ul class=\"wp-block-list\">\n<li class=\"\"><strong>Tidsbesparande<\/strong>: Gratis AI-konstgeneratorer kan producera h\u00f6gkvalitativa konstverk p\u00e5 n\u00e5gra minuter, vilket sparar anv\u00e4ndare timmar av manuellt arbete.<\/li>\n\n\n\n<li class=\"\"><strong>Kostnadseffektivt<\/strong>: Dessa verktyg eliminerar behovet av att anst\u00e4lla m\u00e4nskliga konstn\u00e4rer eller k\u00f6pa dyra designprogram.<\/li>\n\n\n\n<li class=\"\"><strong>Kreativ frihet<\/strong>: Gratis AI-konstgeneratorer ger anv\u00e4ndarna m\u00f6jlighet att experimentera med olika stilar, teman och id\u00e9er, vilket fr\u00e4mjar kreativitet och innovation.<\/li>\n<\/ul>\n\n\n\n<h3 class=\"wp-block-heading\" id=\"benefits-of-using-a-free-ai-art-generator\"><a href=\"https:\/\/dromerosm-groq-llama3.hf.space\/#benefits-of-using-a-free-ai-art-generator\" target=\"_blank\" rel=\"noopener\"><\/a><strong>F\u00f6rdelar med att anv\u00e4nda en gratis AI Art Generator<\/strong><\/h3>\n\n\n\n<p class=\"\">Att anv\u00e4nda en gratis AI-konstgenerator kan ge m\u00e5nga f\u00f6rdelar, inklusive:<\/p>\n\n\n\n<ul class=\"wp-block-list\">\n<li class=\"\"><strong>Konstverk av professionell kvalitet<\/strong>: Gratis AI-konstgeneratorer kan producera konstverk som konkurrerar med m\u00e4nskliga konstn\u00e4rer, vilket ger anv\u00e4ndarna en professionell kvalitet utan den rej\u00e4la prislappen.<\/li>\n\n\n\n<li class=\"\"><strong>\u00d6kad produktivitet<\/strong>: Med m\u00f6jligheten att generera illustrationer snabbt och effektivt kan anv\u00e4ndarna fokusera p\u00e5 andra aspekter av sina projekt, vilket f\u00f6rb\u00e4ttrar den totala produktiviteten.<\/li>\n\n\n\n<li class=\"\"><strong>Obegr\u00e4nsad kreativitet<\/strong>: Gratis AI-konstgeneratorer erbjuder ett stort antal kreativa m\u00f6jligheter, s\u00e5 att anv\u00e4ndarna kan experimentera med olika stilar, teman och id\u00e9er.<\/li>\n<\/ul>\n\n\n\n<h3 class=\"wp-block-heading\" id=\"suitable-scenarios-for-using-a-free-ai-art-generator\"><a href=\"https:\/\/dromerosm-groq-llama3.hf.space\/#suitable-scenarios-for-using-a-free-ai-art-generator\" target=\"_blank\" rel=\"noopener\"><\/a><strong>L\u00e4mpliga scenarier f\u00f6r att anv\u00e4nda en gratis AI Art Generator<\/strong><\/h3>\n\n\n\n<p class=\"\">Gratis AI-konstgeneratorer \u00e4r l\u00e4mpliga f\u00f6r olika scenarier, inklusive:<\/p>\n\n\n\n<ul class=\"wp-block-list\">\n<li class=\"\"><strong>Skapande av inneh\u00e5ll f\u00f6r sociala medier<\/strong>: Skapa enkelt i\u00f6gonfallande inl\u00e4gg, banners och annonser f\u00f6r sociala medier.<\/li>\n\n\n\n<li class=\"\"><strong>Reklam och marknadsf\u00f6ring<\/strong>: Anv\u00e4nd gratis AI-konstgeneratorer f\u00f6r att skapa fantastiska annonser, flygblad och reklammaterial.<\/li>\n\n\n\n<li class=\"\"><strong>Design- och konstprojekt<\/strong>: Experimentera med olika stilar och teman f\u00f6r att skapa unika konstverk, illustrationer och m\u00f6nster.<\/li>\n<\/ul>\n\n\n\n<h3 class=\"wp-block-heading\" id=\"who-can-use-a-free-ai-art-generator\"><a href=\"https:\/\/dromerosm-groq-llama3.hf.space\/#who-can-use-a-free-ai-art-generator\" target=\"_blank\" rel=\"noopener\"><\/a><strong>Vem kan anv\u00e4nda en gratis AI Art Generator?<\/strong><\/h3>\n\n\n\n<p class=\"\">Vem som helst kan anv\u00e4nda en gratis AI-artgenerator, oavsett deras konstn\u00e4rliga f\u00e4rdigheter eller erfarenhet. Dessa verktyg \u00e4r perfekta f\u00f6r:<\/p>\n\n\n\n<ul class=\"wp-block-list\">\n<li class=\"\"><strong>Marknadsf\u00f6ringsexperter<\/strong>: Skapa enkelt engagerande inneh\u00e5ll och annonser f\u00f6r sociala medier.<\/li>\n\n\n\n<li class=\"\"><strong>Formgivare och konstn\u00e4rer<\/strong>: Experimentera med nya stilar och teman, eller anv\u00e4nd gratis AI-konstgeneratorer som utg\u00e5ngspunkt f\u00f6r sina projekt.<\/li>\n\n\n\n<li class=\"\"><strong>\u00c4gare av sm\u00e5f\u00f6retag<\/strong>: Producera konstverk av professionell kvalitet utan att det kostar skjortan.<\/li>\n<\/ul>\n\n\n\n<h3 class=\"wp-block-heading\" id=\"top-10-related-tools-and-pros-cons\"><a href=\"https:\/\/dromerosm-groq-llama3.hf.space\/#top-10-related-tools-and-pros-cons\" target=\"_blank\" rel=\"noopener\"><\/a><strong>Topp 10 relaterade verktyg och f\u00f6rdelar och nackdelar<\/strong><\/h3>\n\n\n\n<p class=\"\">H\u00e4r \u00e4r de 10 b\u00e4sta relaterade verktygen till gratis AI-konstgeneratorer, tillsammans med deras f\u00f6r- och nackdelar:<\/p>\n\n\n\n<figure class=\"wp-block-table\"><table class=\"has-fixed-layout\"><thead><tr><th>Verktyg<\/th><th>Proffs<\/th><th>Nackdelar<\/th><\/tr><\/thead><tbody><tr><td><a href=\"https:\/\/aiartfree.online\/sv\/gratis-ai-konstgenerator\/\" target=\"_blank\" rel=\"noreferrer noopener\">AI-konst gratis online<\/a><\/td><td>Anv\u00e4ndarv\u00e4nligt gr\u00e4nssnitt, h\u00f6gkvalitativ utdata<\/td><td>Begr\u00e4nsade anpassningsm\u00f6jligheter<\/td><\/tr><tr><td>Generator f\u00f6r djupa dr\u00f6mmar<\/td><td>Unikt, dr\u00f6mlikt konstverk<\/td><td>Begr\u00e4nsad kontroll \u00f6ver produktionen<\/td><\/tr><tr><td>Prisma<\/td><td>Konverterar foton till konstverk i olika stilar<\/td><td>Begr\u00e4nsade anpassningsm\u00f6jligheter<\/td><\/tr><tr><td>Konstuppf\u00f6dare<\/td><td>Interaktivt, anv\u00e4ndardrivet skapande av konstverk<\/td><td>Brant inl\u00e4rningskurva<\/td><\/tr><tr><td>Dreamscope<\/td><td>AI-driven konstverksgenerator med olika stilar<\/td><td>Begr\u00e4nsad kontroll \u00f6ver produktionen<\/td><\/tr><tr><td>AI M\u00e5lare<\/td><td>Skapar realistiska konstverk i oljem\u00e5lningsstil<\/td><td>Begr\u00e4nsade anpassningsm\u00f6jligheter<\/td><\/tr><tr><td>AI Portr\u00e4tt<\/td><td>Omvandlar foton till AI-genererade portr\u00e4tt<\/td><td>Begr\u00e4nsad kontroll \u00f6ver produktionen<\/td><\/tr><tr><td>MyDeepArt<\/td><td>Anv\u00e4ndarv\u00e4nligt gr\u00e4nssnitt, h\u00f6gkvalitativ utdata<\/td><td>Begr\u00e4nsade anpassningsm\u00f6jligheter<\/td><\/tr><tr><td>AI Art Maker<\/td><td>Skapar unika, abstrakta konstverk<\/td><td>Begr\u00e4nsad kontroll \u00f6ver produktionen<\/td><\/tr><tr><td>F\u00e4rgerKedja<\/td><td>AI-driven m\u00e5lningsgenerator med olika stilar<\/td><td>Brant inl\u00e4rningskurva<\/td><\/tr><\/tbody><\/table><\/figure>\n\n\n\n<h3 class=\"wp-block-heading\" id=\"10-faqs\"><a href=\"https:\/\/dromerosm-groq-llama3.hf.space\/#10-faqs\" target=\"_blank\" rel=\"noopener\"><\/a><strong>10 Vanliga fr\u00e5gor<\/strong><\/h3>\n\n\n\n<p class=\"\">H\u00e4r \u00e4r de 10 vanligaste fr\u00e5gorna om gratis AI-konstgeneratorer:<\/p>\n\n\n\n<ol class=\"wp-block-list\">\n<li class=\"\"><strong>Vad \u00e4r en gratis AI-konstgenerator?<\/strong>\u00a0En gratis AI-konstgenerator \u00e4r ett onlineverktyg som anv\u00e4nder artificiell intelligens f\u00f6r att generera konstverk baserat p\u00e5 anv\u00e4ndarinmatning.<\/li>\n\n\n\n<li class=\"\"><strong>Hur fungerar gratis AI-konstgeneratorer?<\/strong>\u00a0Gratis AI-konstgeneratorer anv\u00e4nder maskininl\u00e4rningsalgoritmer och generativa AI-tekniker f\u00f6r att skapa unika konstverk baserat p\u00e5 anv\u00e4ndarens inmatning.<\/li>\n\n\n\n<li class=\"\"><strong>Vilka \u00e4r f\u00f6rdelarna med att anv\u00e4nda en gratis AI-konstgenerator?<\/strong>\u00a0Gratis AI-konstgeneratorer erbjuder tidsbesparande, kostnadseffektiva och kreativa frihetsf\u00f6rdelar.<\/li>\n\n\n\n<li class=\"\"><strong>Kan n\u00e5gon anv\u00e4nda en gratis AI-artgenerator?<\/strong>\u00a0Ja, vem som helst kan anv\u00e4nda en gratis AI-konstgenerator, oavsett deras konstn\u00e4rliga f\u00e4rdigheter eller erfarenhet.<\/li>\n\n\n\n<li class=\"\"><strong>Vilka \u00e4r de l\u00e4mpliga scenarierna f\u00f6r att anv\u00e4nda en gratis AI-konstgenerator?<\/strong>\u00a0Gratis AI-konstgeneratorer \u00e4r l\u00e4mpliga f\u00f6r inneh\u00e5llsskapande p\u00e5 sociala medier, reklam, design och konstprojekt.<\/li>\n\n\n\n<li class=\"\"><strong>Hur anv\u00e4nder jag en gratis AI art generator?<\/strong>\u00a0Skriv bara in din text eller bild, s\u00e5 genererar verktyget ett unikt konstverk.<\/li>\n\n\n\n<li class=\"\"><strong>Vilken \u00e4r kvaliteten p\u00e5 konstverk som genereras av gratis AI-konstgeneratorer?<\/strong>\u00a0Gratis AI-konstgeneratorer kan producera konstverk av professionell kvalitet som konkurrerar med m\u00e4nskliga konstn\u00e4rer.<\/li>\n\n\n\n<li class=\"\"><strong>Kan jag anpassa utdata fr\u00e5n en gratis AI-konstgenerator?<\/strong>\u00a0Vissa gratis AI-konstgeneratorer erbjuder begr\u00e4nsade anpassningsalternativ, medan andra ger mer avancerade kontroller.<\/li>\n\n\n\n<li class=\"\"><strong>\u00c4r gratis AI art-generatorer l\u00e4tta att anv\u00e4nda?<\/strong>\u00a0Ja, de flesta gratis AI-konstgeneratorer har anv\u00e4ndarv\u00e4nliga gr\u00e4nssnitt som g\u00f6r det enkelt att skapa konstverk.<\/li>\n\n\n\n<li class=\"\"><strong>\u00c4r gratis AI-konstgeneratorer gratis att anv\u00e4nda?<\/strong>\u00a0Ja, de flesta gratis AI-konstgeneratorer \u00e4r gratis att anv\u00e4nda, med vissa som erbjuder premiumfunktioner eller prenumerationer.<\/li>\n<\/ol>","protected":false},"excerpt":{"rendered":"<p>Generate stunning AI-generated artwork with state-of-the-art, free AI art tools. Free AI Art Generator: Unlocking the Power of Artificial Intelligence in Art Outline: What is a Free AI Art Generator? A free AI art generator is an online tool that uses artificial intelligence (AI) to generate artwork based on user input, such as text prompts &#8230; <a title=\"Gratis AI-konstgenerator\" class=\"read-more\" href=\"https:\/\/aiartfree.online\/sv\/gratis-ai-konstgenerator\/\" aria-label=\"L\u00e4s mer om Free AI Art Generator\">L\u00e4s mer<\/a><\/p>","protected":false},"author":1,"featured_media":0,"parent":0,"menu_order":0,"comment_status":"closed","ping_status":"closed","template":"","meta":{"nf_dc_page":"","footnotes":""},"class_list":["post-3117","page","type-page","status-publish"],"jetpack_sharing_enabled":true,"_links":{"self":[{"href":"https:\/\/aiartfree.online\/sv\/wp-json\/wp\/v2\/pages\/3117","targetHints":{"allow":["GET"]}}],"collection":[{"href":"https:\/\/aiartfree.online\/sv\/wp-json\/wp\/v2\/pages"}],"about":[{"href":"https:\/\/aiartfree.online\/sv\/wp-json\/wp\/v2\/types\/page"}],"author":[{"embeddable":true,"href":"https:\/\/aiartfree.online\/sv\/wp-json\/wp\/v2\/users\/1"}],"replies":[{"embeddable":true,"href":"https:\/\/aiartfree.online\/sv\/wp-json\/wp\/v2\/comments?post=3117"}],"version-history":[{"count":0,"href":"https:\/\/aiartfree.online\/sv\/wp-json\/wp\/v2\/pages\/3117\/revisions"}],"wp:attachment":[{"href":"https:\/\/aiartfree.online\/sv\/wp-json\/wp\/v2\/media?parent=3117"}],"curies":[{"name":"wp","href":"https:\/\/api.w.org\/{rel}","templated":true}]}}