{"id":3116,"date":"2024-07-21T07:42:22","date_gmt":"2024-07-21T07:42:22","guid":{"rendered":"https:\/\/aiartfree.online\/?page_id=3116"},"modified":"2024-07-21T07:51:46","modified_gmt":"2024-07-21T07:51:46","slug":"free-ai-image-generator","status":"publish","type":"page","link":"https:\/\/aiartfree.online\/sv\/gratis-ai-bildgenerator\/","title":{"rendered":"Gratis AI-bildgenerator"},"content":{"rendered":"<p class=\"has-text-align-center\">Skapa livfulla AI-genererade bilder med hj\u00e4lp av avancerade AI-algoritmer och textmeddelanden.<\/p>\n\n\n<div class=\"gb-grid-wrapper gb-grid-wrapper-060dec2f\">\n<div class=\"gb-grid-column gb-grid-column-04dcb2bb\"><div class=\"gb-container gb-container-04dcb2bb\">\n\n<figure class=\"gb-block-image gb-block-image-2373db5f\"><a href=\"https:\/\/aiartfree.online\/sv\/gratis-online-midjourney\/\" target=\"_blank\" rel=\"noopener noreferrer\"><img data-recalc-dims=\"1\" decoding=\"async\" loading=\"lazy\" width=\"1024\" height=\"768\" class=\"gb-image gb-image-2373db5f\" src=\"https:\/\/i0.wp.com\/aiartfree.online\/wp-content\/uploads\/2024\/07\/What-Is-Midjourney-AI-and-How-Does-It-Work-1.jpg?resize=1024%2C768&#038;ssl=1\" alt=\"Gratis Midjourney online\" title=\"Vad \u00e4r Midjourney-AI och hur fungerar det-1\" srcset=\"https:\/\/i0.wp.com\/aiartfree.online\/wp-content\/uploads\/2024\/07\/What-Is-Midjourney-AI-and-How-Does-It-Work-1.jpg?w=1024&amp;ssl=1 1024w, https:\/\/i0.wp.com\/aiartfree.online\/wp-content\/uploads\/2024\/07\/What-Is-Midjourney-AI-and-How-Does-It-Work-1.jpg?resize=600%2C450&amp;ssl=1 600w, https:\/\/i0.wp.com\/aiartfree.online\/wp-content\/uploads\/2024\/07\/What-Is-Midjourney-AI-and-How-Does-It-Work-1.jpg?resize=300%2C225&amp;ssl=1 300w, https:\/\/i0.wp.com\/aiartfree.online\/wp-content\/uploads\/2024\/07\/What-Is-Midjourney-AI-and-How-Does-It-Work-1.jpg?resize=768%2C576&amp;ssl=1 768w, https:\/\/i0.wp.com\/aiartfree.online\/wp-content\/uploads\/2024\/07\/What-Is-Midjourney-AI-and-How-Does-It-Work-1.jpg?resize=16%2C12&amp;ssl=1 16w\" sizes=\"auto, (max-width: 1024px) 100vw, 1024px\" \/><\/a><\/figure>\n\n\n\n<h3 class=\"gb-headline gb-headline-b94667ce gb-headline-text\">Gratis Midjourney online<\/h3>\n\n\n\n<p class=\"gb-headline gb-headline-a433ec01 gb-headline-text\">Skapa fantastiska AI-genererade konstverk utan anstr\u00e4ngning med Midjourney.<\/p>\n\n<\/div><\/div>\n\n<div class=\"gb-grid-column gb-grid-column-d389befc\"><div class=\"gb-container gb-container-d389befc\">\n\n<figure class=\"gb-block-image gb-block-image-e89bda53\"><a href=\"https:\/\/aiartfree.online\/sv\/gratis-online-stabil-diffusion-3\/\" target=\"_blank\" rel=\"noopener noreferrer\"><img data-recalc-dims=\"1\" decoding=\"async\" loading=\"lazy\" width=\"1200\" height=\"686\" class=\"gb-image gb-image-e89bda53\" src=\"https:\/\/i0.wp.com\/aiartfree.online\/wp-content\/uploads\/2024\/07\/image-90.jpg?resize=1200%2C686&#038;ssl=1\" alt=\"Gratis online Stabil diffusion 3\" title=\"bild-90\" srcset=\"https:\/\/i0.wp.com\/aiartfree.online\/wp-content\/uploads\/2024\/07\/image-90.jpg?w=1344&amp;ssl=1 1344w, https:\/\/i0.wp.com\/aiartfree.online\/wp-content\/uploads\/2024\/07\/image-90.jpg?resize=600%2C343&amp;ssl=1 600w, https:\/\/i0.wp.com\/aiartfree.online\/wp-content\/uploads\/2024\/07\/image-90.jpg?resize=300%2C171&amp;ssl=1 300w, https:\/\/i0.wp.com\/aiartfree.online\/wp-content\/uploads\/2024\/07\/image-90.jpg?resize=1024%2C585&amp;ssl=1 1024w, https:\/\/i0.wp.com\/aiartfree.online\/wp-content\/uploads\/2024\/07\/image-90.jpg?resize=768%2C439&amp;ssl=1 768w, https:\/\/i0.wp.com\/aiartfree.online\/wp-content\/uploads\/2024\/07\/image-90.jpg?resize=18%2C10&amp;ssl=1 18w\" sizes=\"auto, (max-width: 1200px) 100vw, 1200px\" \/><\/a><\/figure>\n\n\n\n<h3 class=\"gb-headline gb-headline-adce07b4 gb-headline-text\">Stabil diffusion 3<\/h3>\n\n\n\n<p class=\"gb-headline gb-headline-499da18c gb-headline-text\">Anv\u00e4nd Stable Diffusion 3 f\u00f6r att skapa bilder med avancerade AI-algoritmer.<\/p>\n\n<\/div><\/div>\n\n<div class=\"gb-grid-column gb-grid-column-5c592b98\"><div class=\"gb-container gb-container-5c592b98\">\n\n<figure class=\".wp-block-image {  position: relative; overflow: hidden; } img max-width: 100%; transition: transform 0.3s; .wp-block-image:hover transform: scale(1.2); gb-block-image gb-block-image-357d3677\"><a href=\"https:\/\/aiartfree.online\/sv\/fri-dalle-3\/\" target=\"_blank\" rel=\"noopener noreferrer\"><img data-recalc-dims=\"1\" decoding=\"async\" loading=\"lazy\" width=\"1200\" height=\"1200\" class=\"gb-image gb-image-357d3677 .wp-block-image {     position: relative;     overflow: hidden; } .wp-block-image img {     max-width: 100%;     transition: transform 0.3s; } .wp-block-image:hover img {     transform: scale(1.2); }\" src=\"https:\/\/i0.wp.com\/aiartfree.online\/wp-content\/uploads\/2024\/07\/avocado-square-1-1-1-1-1-1-1-1-1-1-1-1-1.jpg?resize=1200%2C1200&#038;ssl=1\" alt=\"Gratis online DALL-E 3\" title=\"avokado-fyrkant (1) (1) (1) (1) (1) (1) (1) (1) (1) (1) (1) (1) (1) (1)\" srcset=\"https:\/\/i0.wp.com\/aiartfree.online\/wp-content\/uploads\/2024\/07\/avocado-square-1-1-1-1-1-1-1-1-1-1-1-1-1.jpg?w=1792&amp;ssl=1 1792w, https:\/\/i0.wp.com\/aiartfree.online\/wp-content\/uploads\/2024\/07\/avocado-square-1-1-1-1-1-1-1-1-1-1-1-1-1.jpg?resize=300%2C300&amp;ssl=1 300w, https:\/\/i0.wp.com\/aiartfree.online\/wp-content\/uploads\/2024\/07\/avocado-square-1-1-1-1-1-1-1-1-1-1-1-1-1.jpg?resize=100%2C100&amp;ssl=1 100w, https:\/\/i0.wp.com\/aiartfree.online\/wp-content\/uploads\/2024\/07\/avocado-square-1-1-1-1-1-1-1-1-1-1-1-1-1.jpg?resize=600%2C600&amp;ssl=1 600w, https:\/\/i0.wp.com\/aiartfree.online\/wp-content\/uploads\/2024\/07\/avocado-square-1-1-1-1-1-1-1-1-1-1-1-1-1.jpg?resize=1024%2C1024&amp;ssl=1 1024w, https:\/\/i0.wp.com\/aiartfree.online\/wp-content\/uploads\/2024\/07\/avocado-square-1-1-1-1-1-1-1-1-1-1-1-1-1.jpg?resize=150%2C150&amp;ssl=1 150w, https:\/\/i0.wp.com\/aiartfree.online\/wp-content\/uploads\/2024\/07\/avocado-square-1-1-1-1-1-1-1-1-1-1-1-1-1.jpg?resize=768%2C768&amp;ssl=1 768w, https:\/\/i0.wp.com\/aiartfree.online\/wp-content\/uploads\/2024\/07\/avocado-square-1-1-1-1-1-1-1-1-1-1-1-1-1.jpg?resize=1536%2C1536&amp;ssl=1 1536w, https:\/\/i0.wp.com\/aiartfree.online\/wp-content\/uploads\/2024\/07\/avocado-square-1-1-1-1-1-1-1-1-1-1-1-1-1.jpg?resize=12%2C12&amp;ssl=1 12w\" sizes=\"auto, (max-width: 1200px) 100vw, 1200px\" \/><\/a><\/figure>\n\n\n\n<h3 class=\"gb-headline gb-headline-757b1ea4 gb-headline-text\">DALL-E 3<\/h3>\n\n\n\n<p class=\"gb-headline gb-headline-fe2eab63 gb-headline-text\">Utforska kreativa m\u00f6jligheter med gratis online DALL-E 3 gratis.<\/p>\n\n<\/div><\/div>\n\n<div class=\"gb-grid-column gb-grid-column-f814b0e2\"><div class=\"gb-container gb-container-f814b0e2\">\n\n<figure class=\".wp-block-image {  position: relative; overflow: hidden; } img max-width: 100%; transition: transform 0.3s; .wp-block-image:hover transform: scale(1.2); gb-block-image gb-block-image-c52efc8e\"><a href=\"https:\/\/aiartfree.online\/sv\/bing-ai-bildgenerator\/\" target=\"_blank\" rel=\"noopener noreferrer\"><img data-recalc-dims=\"1\" decoding=\"async\" loading=\"lazy\" width=\"1024\" height=\"1024\" class=\"gb-image gb-image-c52efc8e .wp-block-image {     position: relative;     overflow: hidden; } .wp-block-image img {     max-width: 100%;     transition: transform 0.3s; } .wp-block-image:hover img {     transform: scale(1.2); }\" src=\"https:\/\/i0.wp.com\/aiartfree.online\/wp-content\/uploads\/2024\/07\/b9cb406d-bffd-446e-9f65-c20776dc6cda.jpg?resize=1024%2C1024&#038;ssl=1\" alt=\"\" title=\"b9cb406d-bffd-446e-9f65-c20776dc6cda\" srcset=\"https:\/\/i0.wp.com\/aiartfree.online\/wp-content\/uploads\/2024\/07\/b9cb406d-bffd-446e-9f65-c20776dc6cda.jpg?w=1024&amp;ssl=1 1024w, https:\/\/i0.wp.com\/aiartfree.online\/wp-content\/uploads\/2024\/07\/b9cb406d-bffd-446e-9f65-c20776dc6cda.jpg?resize=300%2C300&amp;ssl=1 300w, https:\/\/i0.wp.com\/aiartfree.online\/wp-content\/uploads\/2024\/07\/b9cb406d-bffd-446e-9f65-c20776dc6cda.jpg?resize=150%2C150&amp;ssl=1 150w, https:\/\/i0.wp.com\/aiartfree.online\/wp-content\/uploads\/2024\/07\/b9cb406d-bffd-446e-9f65-c20776dc6cda.jpg?resize=768%2C768&amp;ssl=1 768w, https:\/\/i0.wp.com\/aiartfree.online\/wp-content\/uploads\/2024\/07\/b9cb406d-bffd-446e-9f65-c20776dc6cda.jpg?resize=12%2C12&amp;ssl=1 12w, https:\/\/i0.wp.com\/aiartfree.online\/wp-content\/uploads\/2024\/07\/b9cb406d-bffd-446e-9f65-c20776dc6cda.jpg?resize=600%2C600&amp;ssl=1 600w, https:\/\/i0.wp.com\/aiartfree.online\/wp-content\/uploads\/2024\/07\/b9cb406d-bffd-446e-9f65-c20776dc6cda.jpg?resize=100%2C100&amp;ssl=1 100w\" sizes=\"auto, (max-width: 1024px) 100vw, 1024px\" \/><\/a><\/figure>\n\n\n\n<h3 class=\"gb-headline gb-headline-44aa6af8 gb-headline-text\">Bing AI bildgenerator<\/h3>\n\n\n\n<p class=\"gb-headline gb-headline-27d06265 gb-headline-text\">Anv\u00e4nd Bing AI Image Generator f\u00f6r att skapa fantastiska AI-genererade bilder med en enkel textfr\u00e5ga.<\/p>\n\n<\/div><\/div>\n<\/div>\n\n\n<div style=\"height:100px\" aria-hidden=\"true\" class=\"wp-block-spacer\"><\/div>\n\n\n\n<h2 class=\"wp-block-heading has-text-align-center\" id=\"what-is-a-free-ai-image-generator\"><strong>Gratis AI-bildgenerator: Revolutionerande skapande av visuellt inneh\u00e5ll<\/strong><a href=\"https:\/\/dromerosm-groq-llama3.hf.space\/#what-is-a-free-ai-image-generator\" target=\"_blank\" rel=\"noopener\"><\/a><\/h2>\n\n\n\n<h3 class=\"wp-block-heading\" id=\"outline\"><a href=\"https:\/\/dromerosm-groq-llama3.hf.space\/#outline\" target=\"_blank\" rel=\"noopener\"><\/a>Skiss:<\/h3>\n\n\n\n<ul class=\"wp-block-list\">\n<li class=\"\">Vad \u00e4r en gratis AI-bildgenerator?<\/li>\n\n\n\n<li class=\"\">Betydelsen av gratis AI-bildgeneratorer<\/li>\n\n\n\n<li class=\"\">F\u00f6rdelar med att anv\u00e4nda en gratis AI-bildgenerator<\/li>\n\n\n\n<li class=\"\">L\u00e4mpliga scenarier f\u00f6r att anv\u00e4nda en gratis AI-bildgenerator<\/li>\n\n\n\n<li class=\"\">Vem kan anv\u00e4nda en gratis AI-bildgenerator?<\/li>\n\n\n\n<li class=\"\">Topp 10 relaterade verktyg och f\u00f6rdelar och nackdelar<\/li>\n\n\n\n<li class=\"\">10 Vanliga fr\u00e5gor<\/li>\n<\/ul>\n\n\n\n<h3 class=\"wp-block-heading\" id=\"what-is-a-free-ai-image-generator\"><a href=\"https:\/\/dromerosm-groq-llama3.hf.space\/#what-is-a-free-ai-image-generator\" target=\"_blank\" rel=\"noopener\"><\/a><strong>Vad \u00e4r en gratis AI-bildgenerator?<\/strong><\/h3>\n\n\n\n<p class=\"\">En gratis AI-bildgenerator \u00e4r ett onlineverktyg som anv\u00e4nder artificiell intelligens (AI) f\u00f6r att generera h\u00f6gkvalitativa bilder baserat p\u00e5 anv\u00e4ndarinmatning, till exempel textmeddelanden eller enkla skisser. Dessa verktyg anv\u00e4nder maskininl\u00e4rningsalgoritmer och generativa AI-tekniker, som stabil diffusion, f\u00f6r att skapa unika och realistiska bilder.<\/p>\n\n\n\n<p class=\"\">\u00d6kningen av gratis AI-bildgeneratorer har demokratiserat omr\u00e5det f\u00f6r skapande av visuellt inneh\u00e5ll, vilket g\u00f6r det m\u00f6jligt f\u00f6r alla att producera bilder av professionell kvalitet utan att kr\u00e4va omfattande konstn\u00e4rliga f\u00e4rdigheter eller erfarenhet.<\/p>\n\n\n\n<h3 class=\"wp-block-heading\" id=\"importance-of-free-ai-image-generators\"><a href=\"https:\/\/dromerosm-groq-llama3.hf.space\/#importance-of-free-ai-image-generators\" target=\"_blank\" rel=\"noopener\"><\/a><strong>Betydelsen av gratis AI-bildgeneratorer<\/strong><\/h3>\n\n\n\n<p class=\"\">Gratis AI-bildgeneratorer har blivit viktiga f\u00f6r olika branscher, inklusive sociala medier, reklam och design. De erbjuder en rad f\u00f6rdelar, bland annat:<\/p>\n\n\n\n<ul class=\"wp-block-list\">\n<li class=\"\"><strong>Tidsbesparande<\/strong>: Gratis AI-bildgeneratorer kan producera h\u00f6gkvalitativa bilder p\u00e5 n\u00e5gra minuter, vilket sparar anv\u00e4ndare timmar av manuellt arbete.<\/li>\n\n\n\n<li class=\"\"><strong>Kostnadseffektivt<\/strong>: Dessa verktyg eliminerar behovet av att anst\u00e4lla m\u00e4nskliga designers eller k\u00f6pa dyr programvara.<\/li>\n\n\n\n<li class=\"\"><strong>Kreativ frihet<\/strong>: Gratis AI-bildgeneratorer ger anv\u00e4ndarna m\u00f6jlighet att experimentera med olika stilar, teman och id\u00e9er, vilket fr\u00e4mjar kreativitet och innovation.<\/li>\n<\/ul>\n\n\n\n<h3 class=\"wp-block-heading\" id=\"benefits-of-using-a-free-ai-image-generator\"><a href=\"https:\/\/dromerosm-groq-llama3.hf.space\/#benefits-of-using-a-free-ai-image-generator\" target=\"_blank\" rel=\"noopener\"><\/a><strong>F\u00f6rdelar med att anv\u00e4nda en gratis AI-bildgenerator<\/strong><\/h3>\n\n\n\n<p class=\"\">Att anv\u00e4nda en gratis AI-bildgenerator kan ge m\u00e5nga f\u00f6rdelar, bland annat:<\/p>\n\n\n\n<ul class=\"wp-block-list\">\n<li class=\"\"><strong>Bilder i professionell kvalitet<\/strong>: Gratis AI-bildgeneratorer kan producera bilder som konkurrerar med m\u00e4nskliga designers, vilket ger anv\u00e4ndarna en professionell kvalitet utan den rej\u00e4la prislappen.<\/li>\n\n\n\n<li class=\"\"><strong>\u00d6kad produktivitet<\/strong>: Med m\u00f6jligheten att generera bilder snabbt och effektivt kan anv\u00e4ndarna fokusera p\u00e5 andra aspekter av sina projekt, vilket f\u00f6rb\u00e4ttrar den totala produktiviteten.<\/li>\n\n\n\n<li class=\"\"><strong>Obegr\u00e4nsad kreativitet<\/strong>: Gratis AI-bildgeneratorer erbjuder ett stort utbud av kreativa m\u00f6jligheter, s\u00e5 att anv\u00e4ndarna kan experimentera med olika stilar, teman och id\u00e9er.<\/li>\n<\/ul>\n\n\n\n<h3 class=\"wp-block-heading\" id=\"suitable-scenarios-for-using-a-free-ai-image-generator\"><a href=\"https:\/\/dromerosm-groq-llama3.hf.space\/#suitable-scenarios-for-using-a-free-ai-image-generator\" target=\"_blank\" rel=\"noopener\"><\/a><strong>L\u00e4mpliga scenarier f\u00f6r att anv\u00e4nda en gratis AI-bildgenerator<\/strong><\/h3>\n\n\n\n<p class=\"\">Gratis AI-bildgeneratorer \u00e4r l\u00e4mpliga f\u00f6r olika scenarier, inklusive:<\/p>\n\n\n\n<ul class=\"wp-block-list\">\n<li class=\"\"><strong>Skapande av inneh\u00e5ll f\u00f6r sociala medier<\/strong>: Skapa enkelt i\u00f6gonfallande inl\u00e4gg, banners och annonser f\u00f6r sociala medier.<\/li>\n\n\n\n<li class=\"\"><strong>Reklam och marknadsf\u00f6ring<\/strong>: Anv\u00e4nd gratis AI-bildgeneratorer f\u00f6r att skapa fantastiska annonser, flygblad och reklammaterial.<\/li>\n\n\n\n<li class=\"\"><strong>Design- och konstprojekt<\/strong>: Experimentera med olika stilar och teman f\u00f6r att skapa unika konstverk, illustrationer och m\u00f6nster.<\/li>\n<\/ul>\n\n\n\n<h3 class=\"wp-block-heading\" id=\"who-can-use-a-free-ai-image-generator\"><a href=\"https:\/\/dromerosm-groq-llama3.hf.space\/#who-can-use-a-free-ai-image-generator\" target=\"_blank\" rel=\"noopener\"><\/a><strong>Vem kan anv\u00e4nda en gratis AI-bildgenerator?<\/strong><\/h3>\n\n\n\n<p class=\"\">Vem som helst kan anv\u00e4nda en gratis AI-bildgenerator, oavsett deras konstn\u00e4rliga f\u00e4rdigheter eller erfarenhet. Dessa verktyg \u00e4r perfekta f\u00f6r:<\/p>\n\n\n\n<ul class=\"wp-block-list\">\n<li class=\"\"><strong>Marknadsf\u00f6ringsexperter<\/strong>: Skapa enkelt engagerande inneh\u00e5ll och annonser f\u00f6r sociala medier.<\/li>\n\n\n\n<li class=\"\"><strong>Formgivare och konstn\u00e4rer<\/strong>: Experimentera med nya stilar och teman, eller anv\u00e4nd gratis AI-bildgeneratorer som utg\u00e5ngspunkt f\u00f6r sina projekt.<\/li>\n\n\n\n<li class=\"\"><strong>\u00c4gare av sm\u00e5f\u00f6retag<\/strong>: Producera bilder av professionell kvalitet utan att det kostar skjortan.<\/li>\n<\/ul>\n\n\n\n<h3 class=\"wp-block-heading\" id=\"top-10-related-tools-and-pros-cons\"><a href=\"https:\/\/dromerosm-groq-llama3.hf.space\/#top-10-related-tools-and-pros-cons\" target=\"_blank\" rel=\"noopener\"><\/a><strong>Topp 10 relaterade verktyg och f\u00f6rdelar och nackdelar<\/strong><\/h3>\n\n\n\n<p class=\"\">H\u00e4r \u00e4r de 10 b\u00e4sta relaterade verktygen till gratis AI-bildgeneratorer, tillsammans med deras f\u00f6r- och nackdelar:<\/p>\n\n\n\n<figure class=\"wp-block-table\"><table class=\"has-fixed-layout\"><thead><tr><th>Verktyg<\/th><th>Proffs<\/th><th>Nackdelar<\/th><\/tr><\/thead><tbody><tr><td><a href=\"https:\/\/aiartfree.online\/sv\/gratis-ai-bildgenerator\/\" target=\"_blank\" rel=\"noreferrer noopener\">AI-konst gratis online<\/a><\/td><td>Anv\u00e4ndarv\u00e4nligt gr\u00e4nssnitt, h\u00f6gkvalitativ utdata<\/td><td>Begr\u00e4nsade anpassningsm\u00f6jligheter<\/td><\/tr><tr><td>Generator f\u00f6r djupa dr\u00f6mmar<\/td><td>Unika, dr\u00f6mlika bilder<\/td><td>Begr\u00e4nsad kontroll \u00f6ver produktionen<\/td><\/tr><tr><td>Prisma<\/td><td>Konverterar foton till konstverk i olika stilar<\/td><td>Begr\u00e4nsade anpassningsm\u00f6jligheter<\/td><\/tr><tr><td>Konstuppf\u00f6dare<\/td><td>Interaktivt, anv\u00e4ndardrivet bildskapande<\/td><td>Brant inl\u00e4rningskurva<\/td><\/tr><tr><td>Dreamscope<\/td><td>AI-driven bildgenerator med olika stilar<\/td><td>Begr\u00e4nsad kontroll \u00f6ver produktionen<\/td><\/tr><tr><td>AI M\u00e5lare<\/td><td>Skapar realistiska bilder i oljem\u00e5lningsstil<\/td><td>Begr\u00e4nsade anpassningsm\u00f6jligheter<\/td><\/tr><tr><td>AI Portr\u00e4tt<\/td><td>Omvandlar foton till AI-genererade portr\u00e4tt<\/td><td>Begr\u00e4nsad kontroll \u00f6ver produktionen<\/td><\/tr><tr><td>MyDeepArt<\/td><td>Anv\u00e4ndarv\u00e4nligt gr\u00e4nssnitt, h\u00f6gkvalitativ utdata<\/td><td>Begr\u00e4nsade anpassningsm\u00f6jligheter<\/td><\/tr><tr><td>AI Art Maker<\/td><td>Skapar unika, abstrakta bilder<\/td><td>Begr\u00e4nsad kontroll \u00f6ver produktionen<\/td><\/tr><tr><td>F\u00e4rgerKedja<\/td><td>AI-driven m\u00e5lningsgenerator med olika stilar<\/td><td>Brant inl\u00e4rningskurva<\/td><\/tr><\/tbody><\/table><\/figure>\n\n\n\n<h3 class=\"wp-block-heading\" id=\"10-faqs\"><a href=\"https:\/\/dromerosm-groq-llama3.hf.space\/#10-faqs\" target=\"_blank\" rel=\"noopener\"><\/a><strong>10 Vanliga fr\u00e5gor<\/strong><\/h3>\n\n\n\n<p class=\"\">H\u00e4r \u00e4r de 10 vanligaste fr\u00e5gorna om gratis AI-bildgeneratorer:<\/p>\n\n\n\n<ol class=\"wp-block-list\">\n<li class=\"\"><strong>Vad \u00e4r en gratis AI-bildgenerator?<\/strong>\u00a0En gratis AI-bildgenerator \u00e4r ett onlineverktyg som anv\u00e4nder artificiell intelligens f\u00f6r att generera h\u00f6gkvalitativa bilder baserat p\u00e5 anv\u00e4ndarinmatning.<\/li>\n\n\n\n<li class=\"\"><strong>Hur fungerar gratis AI-bildgeneratorer?<\/strong>\u00a0Gratis AI-bildgeneratorer anv\u00e4nder maskininl\u00e4rningsalgoritmer och generativa AI-tekniker f\u00f6r att skapa unika och realistiska bilder.<\/li>\n\n\n\n<li class=\"\"><strong>Vilka \u00e4r f\u00f6rdelarna med att anv\u00e4nda en gratis AI-bildgenerator?<\/strong>\u00a0Gratis AI-bildgeneratorer erbjuder tidsbesparande, kostnadseffektiva och kreativa frihetsf\u00f6rdelar.<\/li>\n\n\n\n<li class=\"\"><strong>Kan n\u00e5gon anv\u00e4nda en gratis AI-bildgenerator?<\/strong>\u00a0Ja, vem som helst kan anv\u00e4nda en gratis AI-bildgenerator, oavsett deras konstn\u00e4rliga f\u00e4rdigheter eller erfarenhet.<\/li>\n\n\n\n<li class=\"\"><strong>Vilka \u00e4r de l\u00e4mpliga scenarierna f\u00f6r att anv\u00e4nda en gratis AI-bildgenerator?<\/strong>\u00a0Gratis AI-bildgeneratorer \u00e4r l\u00e4mpliga f\u00f6r inneh\u00e5llsskapande i sociala medier, reklam, design och konstprojekt.<\/li>\n\n\n\n<li class=\"\"><strong>Hur anv\u00e4nder jag en gratis AI-bildgenerator?<\/strong>\u00a0Skriv bara in din text eller en enkel skiss s\u00e5 genererar verktyget en unik bild.<\/li>\n\n\n\n<li class=\"\"><strong>Vilken \u00e4r kvaliteten p\u00e5 de bilder som genereras av gratis AI-bildgeneratorer?<\/strong>\u00a0Gratis AI-bildgeneratorer kan producera bilder av professionell kvalitet som konkurrerar med m\u00e4nskliga designers.<\/li>\n\n\n\n<li class=\"\"><strong>Kan jag anpassa utdata fr\u00e5n en gratis AI-bildgenerator?<\/strong>\u00a0Vissa gratis AI-bildgeneratorer erbjuder begr\u00e4nsade anpassningsalternativ, medan andra ger mer avancerade kontroller.<\/li>\n\n\n\n<li class=\"\"><strong>\u00c4r gratis AI-bildgeneratorer l\u00e4tta att anv\u00e4nda?<\/strong>\u00a0Ja, de flesta gratis AI-bildgeneratorer har anv\u00e4ndarv\u00e4nliga gr\u00e4nssnitt som g\u00f6r det enkelt att generera bilder.<\/li>\n\n\n\n<li class=\"\"><strong>\u00c4r gratis AI-bildgeneratorer fria att anv\u00e4nda?<\/strong>\u00a0Ja, de flesta gratis AI-bildgeneratorer \u00e4r gratis att anv\u00e4nda, men vissa erbjuder premiumfunktioner eller prenumerationer.<\/li>\n<\/ol>","protected":false},"excerpt":{"rendered":"<p>Create vibrant AI-generated images using advanced AI algorithms and text prompts. Free AI Image Generator: Revolutionizing Visual Content Creation Outline: What is a Free AI Image Generator? A free AI image generator is an online tool that uses artificial intelligence (AI) to generate high-quality images based on user input, such as text prompts or simple &#8230; <a title=\"Gratis AI-bildgenerator\" class=\"read-more\" href=\"https:\/\/aiartfree.online\/sv\/gratis-ai-bildgenerator\/\" aria-label=\"L\u00e4s mer om Free AI Image Generator\">L\u00e4s mer<\/a><\/p>","protected":false},"author":1,"featured_media":0,"parent":0,"menu_order":0,"comment_status":"closed","ping_status":"closed","template":"","meta":{"nf_dc_page":"","footnotes":""},"class_list":["post-3116","page","type-page","status-publish"],"jetpack_sharing_enabled":true,"_links":{"self":[{"href":"https:\/\/aiartfree.online\/sv\/wp-json\/wp\/v2\/pages\/3116","targetHints":{"allow":["GET"]}}],"collection":[{"href":"https:\/\/aiartfree.online\/sv\/wp-json\/wp\/v2\/pages"}],"about":[{"href":"https:\/\/aiartfree.online\/sv\/wp-json\/wp\/v2\/types\/page"}],"author":[{"embeddable":true,"href":"https:\/\/aiartfree.online\/sv\/wp-json\/wp\/v2\/users\/1"}],"replies":[{"embeddable":true,"href":"https:\/\/aiartfree.online\/sv\/wp-json\/wp\/v2\/comments?post=3116"}],"version-history":[{"count":0,"href":"https:\/\/aiartfree.online\/sv\/wp-json\/wp\/v2\/pages\/3116\/revisions"}],"wp:attachment":[{"href":"https:\/\/aiartfree.online\/sv\/wp-json\/wp\/v2\/media?parent=3116"}],"curies":[{"name":"wp","href":"https:\/\/api.w.org\/{rel}","templated":true}]}}