{"id":2993,"date":"2024-07-19T18:13:29","date_gmt":"2024-07-19T18:13:29","guid":{"rendered":"https:\/\/aiartfree.online\/?page_id=2993"},"modified":"2025-03-07T08:22:54","modified_gmt":"2025-03-07T08:22:54","slug":"ai-video-generator","status":"publish","type":"page","link":"https:\/\/aiartfree.online\/sv\/ai-video-generator\/","title":{"rendered":"AI-videogenerator"},"content":{"rendered":"<h2 class=\"wp-block-heading has-text-align-center\">Vad andra anv\u00e4ndare gjorde med AI Video Generator<\/h2>\n\n\n\n<p class=\"has-text-align-center\">Fr\u00e5gest\u00e4llning: 1 flicka, off-shoulder, l\u00e4tt leende, gl\u00e4nsande hud b\u00e4sta kvalitet, m\u00e4sterverk, fotorealistisk, v\u00e4nd dig om<\/p>\n\n\n\n<figure class=\"gb-block-image gb-block-image-1822da1f\"><img data-recalc-dims=\"1\" decoding=\"async\" loading=\"lazy\" width=\"512\" height=\"512\" class=\"gb-image gb-image-1822da1f\" src=\"https:\/\/i0.wp.com\/aiartfree.online\/wp-content\/uploads\/2024\/08\/ezgif-3-82e27c0ca1.gif?resize=512%2C512&#038;ssl=1\" alt=\"Skapa fantastiska videor utan anstr\u00e4ngning med v\u00e5r AI-videogenerator. Njut av 100% gratis, obegr\u00e4nsad anv\u00e4ndning utan registrering. Perfekt f\u00f6r inneh\u00e5llsskapare, marknadsf\u00f6rare och utbildare som vill skapa AI-driven videoproduktion av h\u00f6g kvalitet.\" title=\"ezgif-3-82e27c0ca1\"\/><\/figure>\n\n\n\n<h2 class=\"wp-block-heading\">3 steg f\u00f6r att anv\u00e4nda AI-videogenerator<\/h2>\n\n\n\n<ol class=\"wp-block-list\">\n<li class=\"\">Ange din uppmaning<\/li>\n\n\n\n<li class=\"\">Klicka p\u00e5 \"Animera\"<\/li>\n\n\n\n<li class=\"\">V\u00e4nta, det var det!<\/li>\n<\/ol>\n\n\n\n<figure class=\"gb-block-image gb-block-image-4dfafe81\"><a href=\"https:\/\/fas.st\/t\/XmtmoHSk\" target=\"_blank\" rel=\"noopener noreferrer\"><img data-recalc-dims=\"1\" decoding=\"async\" loading=\"lazy\" width=\"1200\" height=\"368\" class=\"gb-image gb-image-4dfafe81\" src=\"https:\/\/i0.wp.com\/aiartfree.online\/wp-content\/uploads\/2025\/03\/WX20250307-114300%402x.webp?resize=1200%2C368&#038;ssl=1\" alt=\"\" title=\"WX20250307-114300@2x\" srcset=\"https:\/\/i0.wp.com\/aiartfree.online\/wp-content\/uploads\/2025\/03\/WX20250307-114300%402x.webp?w=1900&amp;ssl=1 1900w, https:\/\/i0.wp.com\/aiartfree.online\/wp-content\/uploads\/2025\/03\/WX20250307-114300%402x.webp?resize=300%2C92&amp;ssl=1 300w, https:\/\/i0.wp.com\/aiartfree.online\/wp-content\/uploads\/2025\/03\/WX20250307-114300%402x.webp?resize=1024%2C314&amp;ssl=1 1024w, https:\/\/i0.wp.com\/aiartfree.online\/wp-content\/uploads\/2025\/03\/WX20250307-114300%402x.webp?resize=768%2C235&amp;ssl=1 768w, https:\/\/i0.wp.com\/aiartfree.online\/wp-content\/uploads\/2025\/03\/WX20250307-114300%402x.webp?resize=1536%2C471&amp;ssl=1 1536w, https:\/\/i0.wp.com\/aiartfree.online\/wp-content\/uploads\/2025\/03\/WX20250307-114300%402x.webp?resize=18%2C6&amp;ssl=1 18w, https:\/\/i0.wp.com\/aiartfree.online\/wp-content\/uploads\/2025\/03\/WX20250307-114300%402x.webp?resize=600%2C184&amp;ssl=1 600w\" sizes=\"auto, (max-width: 1200px) 100vw, 1200px\" \/><\/a><\/figure>\n\n\n\n<p class=\"\"><em>* Beroende p\u00e5 din internethastighet kan laddningen av modellen ta <\/em>upp till 10 sekunder \u2193<\/p>\n\n\n\n<div class=\"iframe-wrapper\" style=\"position: relative; width: 100%; height: 2300px;\">\n  <div class=\"loading\" style=\"position: absolute; top: 50px; left: 50%; transform: translate(-50%, -50%); width: 40px; height: 40px; border: 3px solid #f0f0f0; border-top: 3px solid #db7093; border-radius: 50%; animation: spin 1s linear infinite;\"><\/div>\n  <iframe loading=\"lazy\" src=\"https:\/\/guoyww-animatediff.hf.space\" frameborder=\"0\" width=\"100%\" height=\"100%\" style=\"position: absolute; top: 0; left: 0; opacity: 0; transition: opacity 0.3s;\" onload=\"this.style.opacity=1;this.previousElementSibling.style.display='none';\"><\/iframe>\n<\/div>\n\n<style>\n@keyframes spin {\n  0% { transform: translate(-50%, -50%) rotate(0deg); }\n  100% { transform: translate(-50%, -50%) rotate(360deg); }\n}\n<\/style>\n\n\n\n<div style=\"height:50px\" aria-hidden=\"true\" class=\"wp-block-spacer\"><\/div>\n\n\n\n<h2 class=\"wp-block-heading\">Introduktion av AI Video Generator<\/h2>\n\n\n\n<p class=\"\">I det moderna digitala landskapet revolutionerar AI-videogeneratorer skapandet av inneh\u00e5ll. Dessa avancerade verktyg utnyttjar kraften i artificiell intelligens f\u00f6r att effektivisera och f\u00f6rb\u00e4ttra videoproduktionen, vilket g\u00f6r den tillg\u00e4nglig f\u00f6r en bredare publik. I den h\u00e4r artikeln kommer vi att utforska begreppet AI-videogeneratorer, deras betydelse och deras till\u00e4mpningar inom olika branscher. Vi kommer ocks\u00e5 att ge en omfattande \u00f6versikt \u00f6ver de b\u00e4sta tillg\u00e4ngliga verktygen, med s\u00e4rskilt fokus p\u00e5 den h\u00f6gst rankade AI-videogeneratorn, <a href=\"https:\/\/aiartfree.online\/sv\/ai-video-generator\/\">AI Konst Fri<\/a>.<\/p>\n\n\n\n<figure class=\"gb-block-image gb-block-image-94da07aa\"><img data-recalc-dims=\"1\" decoding=\"async\" loading=\"lazy\" width=\"300\" height=\"170\" class=\"gb-image gb-image-94da07aa\" src=\"https:\/\/i0.wp.com\/aiartfree.online\/wp-content\/uploads\/2024\/07\/WX20240720-101347%402x.jpg?resize=300%2C170&#038;ssl=1\" alt=\"En AI-videogenerator \u00e4r en sofistikerad mjukvaruapplikation som anv\u00e4nder artificiell intelligens f\u00f6r att skapa videor automatiskt. Dessa verktyg kan omvandla textmeddelanden, bilder eller till och med r\u00e5a videofilmer till polerade videor av professionell kvalitet. De inneh\u00e5ller olika AI-tekniker som naturlig spr\u00e5kbehandling (NLP), datorseende och maskininl\u00e4rning f\u00f6r att analysera och tolka indata och generera inneh\u00e5ll som \u00e4r b\u00e5de engagerande och visuellt tilltalande.\" title=\"WX20240720-101347@2x\" srcset=\"https:\/\/i0.wp.com\/aiartfree.online\/wp-content\/uploads\/2024\/07\/WX20240720-101347%402x.jpg?resize=300%2C170&amp;ssl=1 300w, https:\/\/i0.wp.com\/aiartfree.online\/wp-content\/uploads\/2024\/07\/WX20240720-101347%402x.jpg?resize=1024%2C579&amp;ssl=1 1024w, https:\/\/i0.wp.com\/aiartfree.online\/wp-content\/uploads\/2024\/07\/WX20240720-101347%402x.jpg?resize=768%2C434&amp;ssl=1 768w, https:\/\/i0.wp.com\/aiartfree.online\/wp-content\/uploads\/2024\/07\/WX20240720-101347%402x.jpg?resize=18%2C10&amp;ssl=1 18w, https:\/\/i0.wp.com\/aiartfree.online\/wp-content\/uploads\/2024\/07\/WX20240720-101347%402x.jpg?resize=600%2C339&amp;ssl=1 600w, https:\/\/i0.wp.com\/aiartfree.online\/wp-content\/uploads\/2024\/07\/WX20240720-101347%402x.jpg?w=1030&amp;ssl=1 1030w\" sizes=\"auto, (max-width: 300px) 100vw, 300px\" \/><\/figure>\n\n\n\n<h3 class=\"wp-block-heading\">Inneh\u00e5llsf\u00f6rteckning<\/h3>\n\n\n\n<ol class=\"wp-block-list\">\n<li class=\"\"><a href=\"#what-is-an-ai-video-generator\">Vad \u00e4r en AI-videogenerator?<\/a><\/li>\n\n\n\n<li class=\"\"><a href=\"#why-use-an-ai-video-generator\">Varf\u00f6r anv\u00e4nda en AI-videogenerator?<\/a><\/li>\n\n\n\n<li class=\"\"><a href=\"#suitable-industries-and-people\">L\u00e4mpliga branscher och personer<\/a><\/li>\n\n\n\n<li class=\"\"><a href=\"#related-tools-and-information\">Relaterade verktyg och information<\/a><\/li>\n\n\n\n<li class=\"\"><a href=\"#frequently-asked-questions-faq\">Vanliga fr\u00e5gor och svar (FAQ)<\/a><\/li>\n<\/ol>\n\n\n\n<h3 class=\"wp-block-heading\">Vad \u00e4r en AI-videogenerator?<\/h3>\n\n\n\n<p class=\"\">En AI-videogenerator \u00e4r en sofistikerad mjukvaruapplikation som anv\u00e4nder artificiell intelligens f\u00f6r att skapa videor automatiskt. Dessa verktyg kan omvandla textmeddelanden, bilder eller till och med r\u00e5a videofilmer till polerade videor av professionell kvalitet. De inneh\u00e5ller olika AI-tekniker som naturlig spr\u00e5kbehandling (NLP), datorseende och maskininl\u00e4rning f\u00f6r att analysera och tolka indata och generera inneh\u00e5ll som \u00e4r b\u00e5de engagerande och visuellt tilltalande.<\/p>\n\n\n\n<h3 class=\"wp-block-heading\">Varf\u00f6r anv\u00e4nda en AI-videogenerator?<\/h3>\n\n\n\n<p class=\"\">AI-videogeneratorer erbjuder m\u00e5nga f\u00f6rdelar som g\u00f6r dem oumb\u00e4rliga inom videoproduktion:<\/p>\n\n\n\n<ul class=\"wp-block-list\">\n<li class=\"\"><strong>Effektivitet<\/strong>: Dessa verktyg minskar avsev\u00e4rt den tid och anstr\u00e4ngning som kr\u00e4vs f\u00f6r att skapa videor, vilket m\u00f6jligg\u00f6r snabba produktionscykler.<\/li>\n\n\n\n<li class=\"\"><strong>Kostnadseffektivt<\/strong>: Genom att automatisera m\u00e5nga aspekter av videoskapandet kan AI-videogeneratorer s\u00e4nka produktionskostnaderna och g\u00f6ra h\u00f6gkvalitativt videoinneh\u00e5ll tillg\u00e4ngligt f\u00f6r f\u00f6retag och privatpersoner med begr\u00e4nsade budgetar.<\/li>\n\n\n\n<li class=\"\"><strong>Samst\u00e4mmighet<\/strong>: AI s\u00e4kerst\u00e4ller enhetlighet i stil och kvalitet och uppr\u00e4tth\u00e5ller varum\u00e4rkeskonsistens i allt videoinneh\u00e5ll.<\/li>\n\n\n\n<li class=\"\"><strong>Tillg\u00e4nglighet<\/strong>: \u00c4ven de som har liten eller ingen erfarenhet av videoredigering kan producera professionella videor, vilket demokratiserar skapandet av inneh\u00e5ll.<\/li>\n\n\n\n<li class=\"\"><strong>Anpassning<\/strong>: AI-videogeneratorer m\u00f6jligg\u00f6r enkel personalisering, vilket g\u00f6r det m\u00f6jligt f\u00f6r skapare att skr\u00e4ddarsy videor till specifika m\u00e5lgrupper eller marknadsf\u00f6ringskampanjer.<\/li>\n<\/ul>\n\n\n\n<h3 class=\"wp-block-heading\">L\u00e4mpliga branscher och personer<\/h3>\n\n\n\n<p class=\"\">AI-videogeneratorer \u00e4r m\u00e5ngsidiga verktyg som kan vara till nytta f\u00f6r ett stort antal anv\u00e4ndare i olika branscher:<\/p>\n\n\n\n<ul class=\"wp-block-list\">\n<li class=\"\"><strong>Professionella marknadsf\u00f6rare<\/strong>: F\u00f6r att skapa engagerande reklamvideor, annonser och inneh\u00e5ll f\u00f6r sociala medier.<\/li>\n\n\n\n<li class=\"\"><strong>Utbildare och instrukt\u00f6rer<\/strong>: F\u00f6r utveckling av instruktionsvideor, handledning och inneh\u00e5ll f\u00f6r e-learning.<\/li>\n\n\n\n<li class=\"\"><strong>Inneh\u00e5llsskapare och influencers<\/strong>: F\u00f6r att producera h\u00f6gkvalitativa YouTube-videor, vloggar och annat inneh\u00e5ll f\u00f6r sociala medier.<\/li>\n\n\n\n<li class=\"\"><strong>F\u00f6retag<\/strong>: F\u00f6r f\u00f6retagskommunikation, produktdemonstrationer och interna utbildningsvideor.<\/li>\n\n\n\n<li class=\"\"><strong>Film- och medieproduktion<\/strong>: F\u00f6r att effektivisera postproduktionsprocessen och skapa specialeffekter eller animerade sekvenser.<\/li>\n<\/ul>\n\n\n\n<h3 class=\"wp-block-heading\">Relaterade verktyg och information<\/h3>\n\n\n\n<p class=\"\">Nedan finns en tabell som sammanfattar 10 relaterade AI-verktyg f\u00f6r videogenerering och ger en kort \u00f6versikt \u00f6ver var och en av dem tillsammans med f\u00f6rdelar, nackdelar, utmaningar och rekommendationer.<\/p>\n\n\n\n<figure class=\"wp-block-table\"><table class=\"has-fixed-layout\"><thead><tr><th>Verktygets namn<\/th><th>URL<\/th><th>Sammanfattning<\/th><th>Proffs<\/th><th>Nackdelar<\/th><th>F\u00f6rdelar<\/th><th>Utmaningar<\/th><th>Rekommendationer<\/th><\/tr><\/thead><tbody><tr><td><strong>Pictory<\/strong><\/td><td><a href=\"https:\/\/pictory.ai\" target=\"_blank\" rel=\"noopener\">Pictory<\/a><\/td><td>AI-driven videoskapande fr\u00e5n text<\/td><td>Anv\u00e4ndarv\u00e4nlig, snabb<\/td><td>Begr\u00e4nsad anpassning<\/td><td>Snabb generering av video<\/td><td>Inl\u00e4rningskurva<\/td><td>B\u00e4st f\u00f6r nyb\u00f6rjare<\/td><\/tr><tr><td><strong>Animoto<\/strong><\/td><td><a href=\"https:\/\/animoto.com\" target=\"_blank\" rel=\"noopener\">Animoto<\/a><\/td><td>Enkel dra-och-sl\u00e4pp-videoproducent<\/td><td>L\u00e4tt att anv\u00e4nda, mallar<\/td><td>Mindre kontroll \u00f6ver detaljer<\/td><td>Tidsbesparande mallar<\/td><td>Grundl\u00e4ggande funktioner<\/td><td>Perfekt f\u00f6r enkla projekt<\/td><\/tr><tr><td><strong>Synthesia<\/strong><\/td><td><a href=\"https:\/\/synthesia.io\" target=\"_blank\" rel=\"noopener\">Synthesia<\/a><\/td><td>AI-skapande av video med avatarer<\/td><td>Realistiska avatarer, Flerspr\u00e5kig<\/td><td>H\u00f6gre kostnad<\/td><td>Anpassningsbara avatarer<\/td><td>Kr\u00e4ver skript<\/td><td>Idealisk f\u00f6r f\u00f6retagsvideor<\/td><\/tr><tr><td><strong>Lumen5<\/strong><\/td><td><a href=\"https:\/\/lumen5.com\" target=\"_blank\" rel=\"noopener\">Lumen5<\/a><\/td><td>AI-driven videoskapande fr\u00e5n artiklar<\/td><td>Integreras med bloggar, Snabbt<\/td><td>Vattenst\u00e4mpel p\u00e5 gratisversionen<\/td><td>Automatiserat skapande av inneh\u00e5ll<\/td><td>Begr\u00e4nsade fria valm\u00f6jligheter<\/td><td>B\u00e4st f\u00f6r bloggare<\/td><\/tr><tr><td><strong>Magisto<\/strong><\/td><td><a href=\"https:\/\/magisto.com\" target=\"_blank\" rel=\"noopener\">Magisto<\/a><\/td><td>Smart videoredigerare med AI<\/td><td>Smart redigering, Musikbibliotek<\/td><td>Prenumeration kr\u00e4vs<\/td><td>Automatiserad redigering<\/td><td>Begr\u00e4nsad manuell styrning<\/td><td>Perfekt f\u00f6r sociala medier<\/td><\/tr><tr><td><strong>Wibbitz<\/strong><\/td><td><a href=\"https:\/\/wibbitz.com\" target=\"_blank\" rel=\"noopener\">Wibbitz<\/a><\/td><td>Plattform f\u00f6r att skapa video f\u00f6r team<\/td><td>Samarbete, snabbt<\/td><td>Dyrt<\/td><td>Samarbete i team<\/td><td>Brant inl\u00e4rningskurva<\/td><td>B\u00e4st f\u00f6r marknadsf\u00f6ringsteam<\/td><\/tr><tr><td><strong>FlexClip<\/strong><\/td><td><a href=\"https:\/\/flexclip.com\" target=\"_blank\" rel=\"noopener\">FlexClip<\/a><\/td><td>Online videotillverkare med mallar<\/td><td>L\u00e4tt att anv\u00e4nda, mallar<\/td><td>Begr\u00e4nsade avancerade funktioner<\/td><td>Anv\u00e4ndarv\u00e4nlig<\/td><td>Grundl\u00e4ggande funktioner<\/td><td>Bra f\u00f6r snabba redigeringar<\/td><\/tr><tr><td><strong>InVideo<\/strong><\/td><td><a href=\"https:\/\/invideo.io\" target=\"_blank\" rel=\"noopener\">InVideo<\/a><\/td><td>Onlinevideoredigerare med AI<\/td><td>Omfattande mediebibliotek, mallar<\/td><td>Vattenst\u00e4mpel p\u00e5 gratisversionen<\/td><td>Alternativ f\u00f6r rik media<\/td><td>Kostnader f\u00f6r prenumeration<\/td><td>B\u00e4st f\u00f6r marknadsf\u00f6rare<\/td><\/tr><tr><td><strong>Design.ai<\/strong><\/td><td><a href=\"https:\/\/designs.ai\" target=\"_blank\" rel=\"noopener\">Design.ai<\/a><\/td><td>AI-drivna kreativa verktyg<\/td><td>M\u00e5ngsidig, snabb<\/td><td>Prenumeration kr\u00e4vs<\/td><td>Flera kreativa verktyg<\/td><td>Kr\u00e4ver internet<\/td><td>Perfekt f\u00f6r inneh\u00e5llsskapare<\/td><\/tr><tr><td><strong>DeepBrain<\/strong><\/td><td><a href=\"https:\/\/deepbrain.io\" target=\"_blank\" rel=\"noopener\">DeepBrain<\/a><\/td><td>AI-videogenerator med djupinl\u00e4rning<\/td><td>H\u00f6g kvalitet, anpassningsbar<\/td><td>Komplexa gr\u00e4nssnitt<\/td><td>H\u00f6gkvalitativ produktion<\/td><td>Kr\u00e4ver utbildning<\/td><td>B\u00e4st f\u00f6r avancerade anv\u00e4ndare<\/td><\/tr><\/tbody><\/table><\/figure>\n\n\n\n<h3 class=\"wp-block-heading\">Vanliga fr\u00e5gor och svar (FAQ)<\/h3>\n\n\n\n<ol class=\"wp-block-list\">\n<li class=\"\"><strong>Vad \u00e4r en AI-videogenerator?<\/strong>\n<ul class=\"wp-block-list\">\n<li class=\"\">En AI-videogenerator \u00e4r ett verktyg som anv\u00e4nder artificiell intelligens f\u00f6r att skapa videor automatiskt fr\u00e5n olika inmatningar som text, bilder eller r\u00e5material.<\/li>\n<\/ul>\n<\/li>\n\n\n\n<li class=\"\"><strong>Hur fungerar en AI-videogenerator?<\/strong>\n<ul class=\"wp-block-list\">\n<li class=\"\">Den anv\u00e4nder AI-teknik som naturlig spr\u00e5kbehandling och datorseende f\u00f6r att tolka indata och generera videoinneh\u00e5ll.<\/li>\n<\/ul>\n<\/li>\n\n\n\n<li class=\"\"><strong>Vilka \u00e4r f\u00f6rdelarna med att anv\u00e4nda en AI-videogenerator?<\/strong>\n<ul class=\"wp-block-list\">\n<li class=\"\">F\u00f6rdelarna \u00e4r bland annat \u00f6kad effektivitet, kostnadsbesparingar, j\u00e4mn kvalitet, tillg\u00e4nglighet och enkel anpassning.<\/li>\n<\/ul>\n<\/li>\n\n\n\n<li class=\"\"><strong>Vem kan dra nytta av AI-videogeneratorer?<\/strong>\n<ul class=\"wp-block-list\">\n<li class=\"\">Marknadsf\u00f6rare, utbildare, inneh\u00e5llsskapare, f\u00f6retag och medieproduktionsteam kan alla dra nytta av detta.<\/li>\n<\/ul>\n<\/li>\n\n\n\n<li class=\"\"><strong>\u00c4r AI-videogeneratorer dyra?<\/strong>\n<ul class=\"wp-block-list\">\n<li class=\"\">Priserna varierar, men m\u00e5nga verktyg erbjuder kostnadseffektiva alternativ som \u00e4r billigare \u00e4n traditionella videoproduktionsmetoder.<\/li>\n<\/ul>\n<\/li>\n\n\n\n<li class=\"\"><strong>Kan nyb\u00f6rjare anv\u00e4nda AI-videogeneratorer?<\/strong>\n<ul class=\"wp-block-list\">\n<li class=\"\">Ja, m\u00e5nga AI-videogeneratorer \u00e4r utformade f\u00f6r att vara anv\u00e4ndarv\u00e4nliga, vilket g\u00f6r dem tillg\u00e4ngliga f\u00f6r nyb\u00f6rjare.<\/li>\n<\/ul>\n<\/li>\n\n\n\n<li class=\"\"><strong>Vad \u00e4r den b\u00e4sta AI-videogeneratorn?<\/strong>\n<ul class=\"wp-block-list\">\n<li class=\"\">Vilket verktyg som \u00e4r b\u00e4st kan variera beroende p\u00e5 behov, men <a href=\"https:\/\/aiartfree.online\/sv\/ai-video-generator\/\">AI Konst Fri<\/a> rekommenderas varmt f\u00f6r sina funktioner och sin anv\u00e4ndarv\u00e4nlighet.<\/li>\n<\/ul>\n<\/li>\n\n\n\n<li class=\"\"><strong>Kr\u00e4ver AI-videogeneratorer n\u00e5gra speciella f\u00e4rdigheter?<\/strong>\n<ul class=\"wp-block-list\">\n<li class=\"\">De flesta kr\u00e4ver inga specialkunskaper och \u00e4r utformade f\u00f6r att vara intuitiva, \u00e4ven om det kan vara bra att k\u00e4nna till videoredigering.<\/li>\n<\/ul>\n<\/li>\n\n\n\n<li class=\"\"><strong>Hur v\u00e4ljer jag r\u00e4tt AI-videogenerator?<\/strong>\n<ul class=\"wp-block-list\">\n<li class=\"\">T\u00e4nk p\u00e5 faktorer som anv\u00e4ndarv\u00e4nlighet, anpassningsm\u00f6jligheter, kostnad och de specifika behoven i ditt projekt.<\/li>\n<\/ul>\n<\/li>\n\n\n\n<li class=\"\"><strong>Kan AI-videogeneratorer skapa videor av h\u00f6g kvalitet?<\/strong>\n<ul class=\"wp-block-list\">\n<li class=\"\">Ja, m\u00e5nga AI-videogeneratorer producerar professionella videor som \u00e4r l\u00e4mpliga f\u00f6r olika applikationer, fr\u00e5n marknadsf\u00f6ring till utbildning.<\/li>\n<\/ul>\n<\/li>\n<\/ol>\n\n\n\n<p class=\"\">Sammanfattningsvis f\u00f6r\u00e4ndrar AI-videogeneratorer s\u00e4ttet att skapa videor, erbjuder m\u00e5nga f\u00f6rdelar och g\u00f6r videoproduktion mer tillg\u00e4nglig f\u00f6r alla. F\u00f6r dem som vill utforska dessa verktyg, <a href=\"https:\/\/aiartfree.online\/sv\/ai-video-generator\/\">AI Konst Fri<\/a> framst\u00e5r som ett f\u00f6rstahandsval, med en robust upps\u00e4ttning funktioner och anv\u00e4ndarv\u00e4nlighet.<\/p>","protected":false},"excerpt":{"rendered":"<p>What other users made with AI Video Generator Prompt: 1 girl, off-shoulder, light smile, shiny skin best quality, masterpiece, photorealistic, turn around 3 Steps to Use AI Video Generator *&nbsp;Depending on your internet speed, loading the model may take up to 10 seconds \u2193 Introduction of AI Video Generator In the modern digital landscape, AI &#8230; <a title=\"AI-videogenerator\" class=\"read-more\" href=\"https:\/\/aiartfree.online\/sv\/ai-video-generator\/\" aria-label=\"L\u00e4s mer om AI Video Generator\">L\u00e4s mer<\/a><\/p>","protected":false},"author":1,"featured_media":3463,"parent":0,"menu_order":0,"comment_status":"open","ping_status":"closed","template":"","meta":{"nf_dc_page":"","footnotes":""},"class_list":["post-2993","page","type-page","status-publish","has-post-thumbnail"],"jetpack_sharing_enabled":true,"_links":{"self":[{"href":"https:\/\/aiartfree.online\/sv\/wp-json\/wp\/v2\/pages\/2993","targetHints":{"allow":["GET"]}}],"collection":[{"href":"https:\/\/aiartfree.online\/sv\/wp-json\/wp\/v2\/pages"}],"about":[{"href":"https:\/\/aiartfree.online\/sv\/wp-json\/wp\/v2\/types\/page"}],"author":[{"embeddable":true,"href":"https:\/\/aiartfree.online\/sv\/wp-json\/wp\/v2\/users\/1"}],"replies":[{"embeddable":true,"href":"https:\/\/aiartfree.online\/sv\/wp-json\/wp\/v2\/comments?post=2993"}],"version-history":[{"count":1,"href":"https:\/\/aiartfree.online\/sv\/wp-json\/wp\/v2\/pages\/2993\/revisions"}],"predecessor-version":[{"id":3601,"href":"https:\/\/aiartfree.online\/sv\/wp-json\/wp\/v2\/pages\/2993\/revisions\/3601"}],"wp:featuredmedia":[{"embeddable":true,"href":"https:\/\/aiartfree.online\/sv\/wp-json\/wp\/v2\/media\/3463"}],"wp:attachment":[{"href":"https:\/\/aiartfree.online\/sv\/wp-json\/wp\/v2\/media?parent=2993"}],"curies":[{"name":"wp","href":"https:\/\/api.w.org\/{rel}","templated":true}]}}